{"id":309211,"date":"2026-05-11T14:25:08","date_gmt":"2026-05-11T12:25:08","guid":{"rendered":"https:\/\/najnaj.eu\/?post_type=product&#038;p=309211"},"modified":"2026-05-11T14:37:37","modified_gmt":"2026-05-11T12:37:37","slug":"nahrbtnik-lassig-gre-rolltop-up-olivna-kopiraj-kopiraj-kopiraj","status":"publish","type":"product","link":"https:\/\/najnaj.eu\/sl\/izdelek\/nahrbtnik-lassig-gre-rolltop-up-olivna-kopiraj-kopiraj-kopiraj\/","title":{"rendered":"Velika torba za vikend Yula"},"content":{"rendered":"<p>Torba L\u00c4SSIG Yula je popoln spremljevalec za dru\u017eine, ki se na poti ne \u017eelijo odpovedati dizajnu ali funkcionalnosti. Ne glede na to, ali jo uporabljate kot bolni\u0161ni\u010dno torbo, torbo za plenice, dvojno torbo ali torbo za vikend, navdu\u0161uje s svojo vsestransko uporabo, dobro organiziranim prostorom za shranjevanje in prakti\u010dnimi dodatki. <\/p>\n<p>Posebne lastnosti:<br \/>\n&#8211; Vsestranska uporaba: idealna kot torba za vikend, torba za plenice, torba za bolni\u0161nico ali dvojna torba<br \/>\n &#8211; vodoodbojen, mehak zunanji material z nagubanim videzom<br \/>\n &#8211; pregledna postavitev zaradi \u0161iroke odprtine in lahke podloge<br \/>\n &#8211; dodatni predali za shranjevanje v notranjosti in zunaj &#8211; vklju\u010dno z oblazinjenim predalom za prenosni ra\u010dunalnik (16 palcev)<br \/>\n &#8211; stranski zunanji \u017eepi za steklenico, de\u017enik itd.<br \/>\n&#8211; vodoodporen predal za mokre stvari<br \/>\n&#8211; visoko udobje no\u0161enja zaradi oblazinjenega hrbti\u0161\u010da in naramnic<br \/>\n&#8211; zanka na hrbtni strani za pritrditev vozi\u010dka<br \/>\n&#8211; enostavna pritrditev na vozi\u010dek<br \/>\n&#8211; integriran iskalnik klju\u010dev z elastiko<br \/>\n&#8211; elegantni detajli: snemljiv obesek iz traku in tkana etiketa v notranjosti<br \/>\n&#8211; vklju\u010duje prakti\u010dne dodatke za preobla\u010denje<\/p>\n<p>Dodatki:<br \/>\n &#8211; vodoodbojna podloga za previjanje<br \/>\n &#8211; dodatek za vozi\u010dek<br \/>\n &#8211; torba za orodje<br \/>\n &#8211; naramni trak<br \/>\n &#8211; obesek za vrvico<\/p>\n<p>Vikend torba Yula je vsestranski spremljevalec za vsakdanje dru\u017einsko \u017eivljenje in potovanja. Ponuja veliko prostora za shranjevanje in se odli\u010dno ujema s previjalnim kompletom L\u00c4SSIG. <\/p>\n","protected":false},"excerpt":{"rendered":"<p>Torba L\u00c4SSIG Yula navdu\u0161uje kot elegantna in vsestranska torba \u2013 ne glede na to, ali jo uporabljate kot bolni\u0161ni\u010dno torbo, torbo za plenice ali torbo za vikend. S prakti\u010dnimi dodatki, dobro organiziranim prostorom za shranjevanje in premi\u0161ljenimi detajli je idealen spremljevalec za dru\u017einsko \u017eivljenje. <\/p>\n","protected":false},"featured_media":309218,"comment_status":"closed","ping_status":"closed","template":"","meta":{"_acf_changed":false,"footnotes":""},"product_brand":[],"product_cat":[552,676,677,562],"product_tag":[],"class_list":{"0":"post-309211","1":"product","2":"type-product","3":"status-publish","4":"has-post-thumbnail","6":"product_cat-dodaci-za-kolica","7":"product_cat-moda","8":"product_cat-torbe-moda","9":"product_cat-za-mamu","10":"pa_boja-crna","11":"pa_brand-lassig","13":"first","14":"instock","15":"shipping-taxable","16":"purchasable","17":"product-type-simple"},"bundled_by":[],"bundle_stock_status":"instock","bundle_stock_quantity":9,"bundle_virtual":false,"bundle_layout":"","bundle_add_to_cart_form_location":"","bundle_editable_in_cart":false,"bundle_sold_individually_context":"","bundle_item_grouping":"","bundle_min_size":"","bundle_max_size":"","bundle_price":[],"bundled_items":[],"bundle_sell_ids":[],"acf":[],"yoast_head":"<!-- This site is optimized with the Yoast SEO Premium plugin v21.5 (Yoast SEO v27.5) - https:\/\/yoast.com\/product\/yoast-seo-premium-wordpress\/ -->\n<title>Velika torba za vikend Yula - NajNaj.eu<\/title>\n<meta name=\"robots\" content=\"index, follow, max-snippet:-1, max-image-preview:large, max-video-preview:-1\" \/>\n<link rel=\"canonical\" href=\"https:\/\/najnaj.eu\/sl\/izdelek\/nahrbtnik-lassig-gre-rolltop-up-olivna-kopiraj-kopiraj-kopiraj\/\" \/>\n<meta property=\"og:locale\" content=\"sl_SI\" \/>\n<meta property=\"og:type\" content=\"article\" \/>\n<meta property=\"og:title\" content=\"Velika torba za vikend Yula\" \/>\n<meta property=\"og:description\" content=\"Torba L\u00c4SSIG Yula navdu\u0161uje kot elegantna in vsestranska torba \u2013 ne glede na to, ali jo uporabljate kot bolni\u0161ni\u010dno torbo, torbo za plenice ali torbo za vikend. S prakti\u010dnimi dodatki, dobro organiziranim prostorom za shranjevanje in premi\u0161ljenimi detajli je idealen spremljevalec za dru\u017einsko \u017eivljenje.\" \/>\n<meta property=\"og:url\" content=\"https:\/\/najnaj.eu\/sl\/izdelek\/nahrbtnik-lassig-gre-rolltop-up-olivna-kopiraj-kopiraj-kopiraj\/\" \/>\n<meta property=\"og:site_name\" content=\"NajNaj.eu\" \/>\n<meta property=\"article:publisher\" content=\"https:\/\/web.facebook.com\/najnaj.eu\/\" \/>\n<meta property=\"article:modified_time\" content=\"2026-05-11T12:37:37+00:00\" \/>\n<meta property=\"og:image\" content=\"https:\/\/najnaj.eu\/wp-content\/uploads\/2026\/05\/GRE_J25_11010510000_P_1-scaled.jpg\" \/>\n\t<meta property=\"og:image:width\" content=\"2560\" \/>\n\t<meta property=\"og:image:height\" content=\"2560\" \/>\n\t<meta property=\"og:image:type\" content=\"image\/jpeg\" \/>\n<meta name=\"twitter:card\" content=\"summary_large_image\" \/>\n<meta name=\"twitter:label1\" content=\"Price\" \/>\n\t<meta name=\"twitter:data1\" content=\"139,95&nbsp;&euro;\" \/>\n\t<meta name=\"twitter:label2\" content=\"Availability\" \/>\n\t<meta name=\"twitter:data2\" content=\"In stock\" \/>\n<script type=\"application\/ld+json\" class=\"yoast-schema-graph\">{\"@context\":\"https:\\\/\\\/schema.org\",\"@graph\":[{\"@type\":\"WebPage\",\"@id\":\"https:\\\/\\\/najnaj.eu\\\/sl\\\/izdelek\\\/nahrbtnik-lassig-gre-rolltop-up-olivna-kopiraj-kopiraj-kopiraj\\\/\",\"url\":\"https:\\\/\\\/najnaj.eu\\\/sl\\\/izdelek\\\/nahrbtnik-lassig-gre-rolltop-up-olivna-kopiraj-kopiraj-kopiraj\\\/\",\"name\":\"Velika torba za vikend Yula - NajNaj.eu\",\"isPartOf\":{\"@id\":\"https:\\\/\\\/najnaj.eu\\\/sl\\\/#website\"},\"primaryImageOfPage\":{\"@id\":\"https:\\\/\\\/najnaj.eu\\\/sl\\\/izdelek\\\/nahrbtnik-lassig-gre-rolltop-up-olivna-kopiraj-kopiraj-kopiraj\\\/#primaryimage\"},\"image\":{\"@id\":\"https:\\\/\\\/najnaj.eu\\\/sl\\\/izdelek\\\/nahrbtnik-lassig-gre-rolltop-up-olivna-kopiraj-kopiraj-kopiraj\\\/#primaryimage\"},\"thumbnailUrl\":\"https:\\\/\\\/najnaj.eu\\\/wp-content\\\/uploads\\\/2026\\\/05\\\/GRE_J25_11010510000_P_1-scaled.jpg\",\"datePublished\":\"2026-05-11T12:25:08+00:00\",\"dateModified\":\"2026-05-11T12:37:37+00:00\",\"breadcrumb\":{\"@id\":\"https:\\\/\\\/najnaj.eu\\\/sl\\\/izdelek\\\/nahrbtnik-lassig-gre-rolltop-up-olivna-kopiraj-kopiraj-kopiraj\\\/#breadcrumb\"},\"inLanguage\":\"sl-SI\",\"potentialAction\":[{\"@type\":\"ReadAction\",\"target\":[\"https:\\\/\\\/najnaj.eu\\\/sl\\\/izdelek\\\/nahrbtnik-lassig-gre-rolltop-up-olivna-kopiraj-kopiraj-kopiraj\\\/\"]}]},{\"@type\":\"ImageObject\",\"inLanguage\":\"sl-SI\",\"@id\":\"https:\\\/\\\/najnaj.eu\\\/sl\\\/izdelek\\\/nahrbtnik-lassig-gre-rolltop-up-olivna-kopiraj-kopiraj-kopiraj\\\/#primaryimage\",\"url\":\"https:\\\/\\\/najnaj.eu\\\/wp-content\\\/uploads\\\/2026\\\/05\\\/GRE_J25_11010510000_P_1-scaled.jpg\",\"contentUrl\":\"https:\\\/\\\/najnaj.eu\\\/wp-content\\\/uploads\\\/2026\\\/05\\\/GRE_J25_11010510000_P_1-scaled.jpg\",\"width\":2560,\"height\":2560},{\"@type\":\"BreadcrumbList\",\"@id\":\"https:\\\/\\\/najnaj.eu\\\/sl\\\/izdelek\\\/nahrbtnik-lassig-gre-rolltop-up-olivna-kopiraj-kopiraj-kopiraj\\\/#breadcrumb\",\"itemListElement\":[{\"@type\":\"ListItem\",\"position\":1,\"name\":\"Po\u010detna stranica\",\"item\":\"https:\\\/\\\/najnaj.eu\\\/sl\\\/prednja-stran\\\/\"},{\"@type\":\"ListItem\",\"position\":2,\"name\":\"Shop\",\"item\":\"https:\\\/\\\/najnaj.eu\\\/sl\\\/shop\\\/\"},{\"@type\":\"ListItem\",\"position\":3,\"name\":\"Privatno: Velika torba za vikend Yula\"}]},{\"@type\":\"WebSite\",\"@id\":\"https:\\\/\\\/najnaj.eu\\\/sl\\\/#website\",\"url\":\"https:\\\/\\\/najnaj.eu\\\/sl\\\/\",\"name\":\"NajNaj.eu\",\"description\":\"Za najva\u017enije!\",\"publisher\":{\"@id\":\"https:\\\/\\\/najnaj.eu\\\/sl\\\/#organization\"},\"potentialAction\":[{\"@type\":\"SearchAction\",\"target\":{\"@type\":\"EntryPoint\",\"urlTemplate\":\"https:\\\/\\\/najnaj.eu\\\/sl\\\/?s={search_term_string}\"},\"query-input\":{\"@type\":\"PropertyValueSpecification\",\"valueRequired\":true,\"valueName\":\"search_term_string\"}}],\"inLanguage\":\"sl-SI\"},{\"@type\":\"Organization\",\"@id\":\"https:\\\/\\\/najnaj.eu\\\/sl\\\/#organization\",\"name\":\"NajNaj.eu\",\"url\":\"https:\\\/\\\/najnaj.eu\\\/sl\\\/\",\"logo\":{\"@type\":\"ImageObject\",\"inLanguage\":\"sl-SI\",\"@id\":\"https:\\\/\\\/najnaj.eu\\\/sl\\\/#\\\/schema\\\/logo\\\/image\\\/\",\"url\":\"https:\\\/\\\/najnaj.eu\\\/wp-content\\\/uploads\\\/2023\\\/09\\\/logo_Najnaj_2023.svg\",\"contentUrl\":\"https:\\\/\\\/najnaj.eu\\\/wp-content\\\/uploads\\\/2023\\\/09\\\/logo_Najnaj_2023.svg\",\"width\":501,\"height\":278,\"caption\":\"NajNaj.eu\"},\"image\":{\"@id\":\"https:\\\/\\\/najnaj.eu\\\/sl\\\/#\\\/schema\\\/logo\\\/image\\\/\"},\"sameAs\":[\"https:\\\/\\\/web.facebook.com\\\/najnaj.eu\\\/\",\"https:\\\/\\\/www.instagram.com\\\/najnaj.eu\\\/\",\"https:\\\/\\\/www.tiktok.com\\\/@najnaj.eu\"]}]}<\/script>\n<meta property=\"product:brand\" content=\"L\u00e4ssig\" \/>\n<meta property=\"product:price:amount\" content=\"139.95\" \/>\n<meta property=\"product:price:currency\" content=\"EUR\" \/>\n<meta property=\"og:availability\" content=\"instock\" \/>\n<meta property=\"product:availability\" content=\"instock\" \/>\n<meta property=\"product:retailer_item_id\" content=\"11010510000\" \/>\n<meta property=\"product:condition\" content=\"new\" \/>\n<!-- \/ Yoast SEO Premium plugin. -->","yoast_head_json":{"title":"Velika torba za vikend Yula - NajNaj.eu","robots":{"index":"index","follow":"follow","max-snippet":"max-snippet:-1","max-image-preview":"max-image-preview:large","max-video-preview":"max-video-preview:-1"},"canonical":"https:\/\/najnaj.eu\/sl\/izdelek\/nahrbtnik-lassig-gre-rolltop-up-olivna-kopiraj-kopiraj-kopiraj\/","og_locale":"sl_SI","og_type":"article","og_title":"Velika torba za vikend Yula","og_description":"Torba L\u00c4SSIG Yula navdu\u0161uje kot elegantna in vsestranska torba \u2013 ne glede na to, ali jo uporabljate kot bolni\u0161ni\u010dno torbo, torbo za plenice ali torbo za vikend. S prakti\u010dnimi dodatki, dobro organiziranim prostorom za shranjevanje in premi\u0161ljenimi detajli je idealen spremljevalec za dru\u017einsko \u017eivljenje.","og_url":"https:\/\/najnaj.eu\/sl\/izdelek\/nahrbtnik-lassig-gre-rolltop-up-olivna-kopiraj-kopiraj-kopiraj\/","og_site_name":"NajNaj.eu","article_publisher":"https:\/\/web.facebook.com\/najnaj.eu\/","article_modified_time":"2026-05-11T12:37:37+00:00","og_image":[{"width":2560,"height":2560,"url":"https:\/\/najnaj.eu\/wp-content\/uploads\/2026\/05\/GRE_J25_11010510000_P_1-scaled.jpg","type":"image\/jpeg"}],"twitter_card":"summary_large_image","twitter_misc":{"Price":"139,95&nbsp;&euro;","Availability":"In stock"},"schema":{"@context":"https:\/\/schema.org","@graph":[{"@type":"WebPage","@id":"https:\/\/najnaj.eu\/sl\/izdelek\/nahrbtnik-lassig-gre-rolltop-up-olivna-kopiraj-kopiraj-kopiraj\/","url":"https:\/\/najnaj.eu\/sl\/izdelek\/nahrbtnik-lassig-gre-rolltop-up-olivna-kopiraj-kopiraj-kopiraj\/","name":"Velika torba za vikend Yula - NajNaj.eu","isPartOf":{"@id":"https:\/\/najnaj.eu\/sl\/#website"},"primaryImageOfPage":{"@id":"https:\/\/najnaj.eu\/sl\/izdelek\/nahrbtnik-lassig-gre-rolltop-up-olivna-kopiraj-kopiraj-kopiraj\/#primaryimage"},"image":{"@id":"https:\/\/najnaj.eu\/sl\/izdelek\/nahrbtnik-lassig-gre-rolltop-up-olivna-kopiraj-kopiraj-kopiraj\/#primaryimage"},"thumbnailUrl":"https:\/\/najnaj.eu\/wp-content\/uploads\/2026\/05\/GRE_J25_11010510000_P_1-scaled.jpg","datePublished":"2026-05-11T12:25:08+00:00","dateModified":"2026-05-11T12:37:37+00:00","breadcrumb":{"@id":"https:\/\/najnaj.eu\/sl\/izdelek\/nahrbtnik-lassig-gre-rolltop-up-olivna-kopiraj-kopiraj-kopiraj\/#breadcrumb"},"inLanguage":"sl-SI","potentialAction":[{"@type":"ReadAction","target":["https:\/\/najnaj.eu\/sl\/izdelek\/nahrbtnik-lassig-gre-rolltop-up-olivna-kopiraj-kopiraj-kopiraj\/"]}]},{"@type":"ImageObject","inLanguage":"sl-SI","@id":"https:\/\/najnaj.eu\/sl\/izdelek\/nahrbtnik-lassig-gre-rolltop-up-olivna-kopiraj-kopiraj-kopiraj\/#primaryimage","url":"https:\/\/najnaj.eu\/wp-content\/uploads\/2026\/05\/GRE_J25_11010510000_P_1-scaled.jpg","contentUrl":"https:\/\/najnaj.eu\/wp-content\/uploads\/2026\/05\/GRE_J25_11010510000_P_1-scaled.jpg","width":2560,"height":2560},{"@type":"BreadcrumbList","@id":"https:\/\/najnaj.eu\/sl\/izdelek\/nahrbtnik-lassig-gre-rolltop-up-olivna-kopiraj-kopiraj-kopiraj\/#breadcrumb","itemListElement":[{"@type":"ListItem","position":1,"name":"Po\u010detna stranica","item":"https:\/\/najnaj.eu\/sl\/prednja-stran\/"},{"@type":"ListItem","position":2,"name":"Shop","item":"https:\/\/najnaj.eu\/sl\/shop\/"},{"@type":"ListItem","position":3,"name":"Privatno: Velika torba za vikend Yula"}]},{"@type":"WebSite","@id":"https:\/\/najnaj.eu\/sl\/#website","url":"https:\/\/najnaj.eu\/sl\/","name":"NajNaj.eu","description":"Za najva\u017enije!","publisher":{"@id":"https:\/\/najnaj.eu\/sl\/#organization"},"potentialAction":[{"@type":"SearchAction","target":{"@type":"EntryPoint","urlTemplate":"https:\/\/najnaj.eu\/sl\/?s={search_term_string}"},"query-input":{"@type":"PropertyValueSpecification","valueRequired":true,"valueName":"search_term_string"}}],"inLanguage":"sl-SI"},{"@type":"Organization","@id":"https:\/\/najnaj.eu\/sl\/#organization","name":"NajNaj.eu","url":"https:\/\/najnaj.eu\/sl\/","logo":{"@type":"ImageObject","inLanguage":"sl-SI","@id":"https:\/\/najnaj.eu\/sl\/#\/schema\/logo\/image\/","url":"https:\/\/najnaj.eu\/wp-content\/uploads\/2023\/09\/logo_Najnaj_2023.svg","contentUrl":"https:\/\/najnaj.eu\/wp-content\/uploads\/2023\/09\/logo_Najnaj_2023.svg","width":501,"height":278,"caption":"NajNaj.eu"},"image":{"@id":"https:\/\/najnaj.eu\/sl\/#\/schema\/logo\/image\/"},"sameAs":["https:\/\/web.facebook.com\/najnaj.eu\/","https:\/\/www.instagram.com\/najnaj.eu\/","https:\/\/www.tiktok.com\/@najnaj.eu"]}]},"product_brand":"L\u00e4ssig","product_price_amount":"139.95","product_price_currency":"EUR","og_availability":"instock","product_availability":"instock","product_retailer_item_id":"11010510000","product_condition":"new"},"_links":{"self":[{"href":"https:\/\/najnaj.eu\/sl\/wp-json\/wp\/v2\/product\/309211","targetHints":{"allow":["GET"]}}],"collection":[{"href":"https:\/\/najnaj.eu\/sl\/wp-json\/wp\/v2\/product"}],"about":[{"href":"https:\/\/najnaj.eu\/sl\/wp-json\/wp\/v2\/types\/product"}],"replies":[{"embeddable":true,"href":"https:\/\/najnaj.eu\/sl\/wp-json\/wp\/v2\/comments?post=309211"}],"version-history":[{"count":0,"href":"https:\/\/najnaj.eu\/sl\/wp-json\/wp\/v2\/product\/309211\/revisions"}],"wp:featuredmedia":[{"embeddable":true,"href":"https:\/\/najnaj.eu\/sl\/wp-json\/wp\/v2\/media\/309218"}],"wp:attachment":[{"href":"https:\/\/najnaj.eu\/sl\/wp-json\/wp\/v2\/media?parent=309211"}],"wp:term":[{"taxonomy":"product_brand","embeddable":true,"href":"https:\/\/najnaj.eu\/sl\/wp-json\/wp\/v2\/product_brand?post=309211"},{"taxonomy":"product_cat","embeddable":true,"href":"https:\/\/najnaj.eu\/sl\/wp-json\/wp\/v2\/product_cat?post=309211"},{"taxonomy":"product_tag","embeddable":true,"href":"https:\/\/najnaj.eu\/sl\/wp-json\/wp\/v2\/product_tag?post=309211"}],"curies":[{"name":"wp","href":"https:\/\/api.w.org\/{rel}","templated":true}]}}