{"id":309019,"date":"2026-05-11T13:31:22","date_gmt":"2026-05-11T11:31:22","guid":{"rendered":"https:\/\/najnaj.eu\/?post_type=product&#038;p=309019"},"modified":"2026-05-11T14:37:36","modified_gmt":"2026-05-11T12:37:36","slug":"lassig-cas-etui-za-dokumente-floral-mint-kopiraj-kopiraj-2","status":"publish","type":"product","link":"https:\/\/najnaj.eu\/sl\/izdelek\/lassig-cas-etui-za-dokumente-floral-mint-kopiraj-kopiraj-2\/","title":{"rendered":"L\u00e4ssig CAS Torba za dokumente Camel be\u017e"},"content":{"rendered":"<p>Etui za dokumente L\u00c4SSIG zagotavlja prostor za vse pomembne dokumente \u2013 med nose\u010dnostjo in po njej. Torba ima dovolj predelkov, tako da imate vse pri roki &#8211; nose\u010dni\u0161ko knji\u017eico, ultrazvo\u010dne slike, zdravstveno izkaznico, kontrolno izkaznico in izkaznico o cepljenju. Idealen je tudi kot potovalni dodatek, saj imate vse pri roki \u2013 potni list, vozovnice in kupone.<\/p>\n<p>Prakti\u010dna torbica za dokumente ima zadrgo na vseh straneh, tako da lahko vse dokumente varno shranite. Ve\u010d \u017eepov na obeh notranjih straneh (vklju\u010dno s 7 \u017eepi za kartice na eni strani in 3 \u017eepi za zvezke na drugi), kot tudi prozoren predal in dr\u017ealo za pisala, poskrbijo, da je vse jasno organizirano. Predal z zadrgo na zadnji strani dopolnjuje ta prefinjen vsakodnevni pripomo\u010dek, ki se lahko uporablja tudi kot torbica\/denarnica.<\/p>\n","protected":false},"excerpt":{"rendered":"<p>Ta torba za dokumente je odli\u010den organizator za mesece med nose\u010dnostjo in po njej. Zadrga na vseh straneh zagotavlja, da so va\u0161i nose\u010dni\u0161ki dokumenti in pregledi ter vsi drugi pomembni dokumenti varni in za\u0161\u010diteni. <\/p>\n","protected":false},"featured_media":309028,"comment_status":"open","ping_status":"closed","template":"","meta":{"_acf_changed":false,"footnotes":""},"product_brand":[],"product_cat":[676,753,562],"product_tag":[],"class_list":{"0":"post-309019","1":"product","2":"type-product","3":"status-publish","4":"has-post-thumbnail","6":"product_cat-moda","7":"product_cat-organizatori-za-dokumente","8":"product_cat-za-mamu","9":"pa_boja-bez","10":"pa_boja-smeda","11":"pa_brand-lassig","12":"pa_torbe-za-dokumente","14":"first","15":"instock","16":"purchasable","17":"product-type-simple"},"bundled_by":[],"bundle_stock_status":"instock","bundle_stock_quantity":15,"bundle_virtual":false,"bundle_layout":"","bundle_add_to_cart_form_location":"","bundle_editable_in_cart":false,"bundle_sold_individually_context":"","bundle_item_grouping":"","bundle_min_size":"","bundle_max_size":"","bundle_price":[],"bundled_items":[],"bundle_sell_ids":[],"acf":[],"yoast_head":"<!-- This site is optimized with the Yoast SEO Premium plugin v21.5 (Yoast SEO v27.5) - https:\/\/yoast.com\/product\/yoast-seo-premium-wordpress\/ -->\n<title>L\u00e4ssig CAS Torba za dokumente Camel be\u017e - NajNaj.eu<\/title>\n<meta name=\"robots\" content=\"index, follow, max-snippet:-1, max-image-preview:large, max-video-preview:-1\" \/>\n<link rel=\"canonical\" href=\"https:\/\/najnaj.eu\/sl\/izdelek\/lassig-cas-etui-za-dokumente-floral-mint-kopiraj-kopiraj-2\/\" \/>\n<meta property=\"og:locale\" content=\"sl_SI\" \/>\n<meta property=\"og:type\" content=\"article\" \/>\n<meta property=\"og:title\" content=\"L\u00e4ssig CAS Torba za dokumente Camel be\u017e\" \/>\n<meta property=\"og:description\" content=\"Ta torba za dokumente je odli\u010den organizator za mesece med nose\u010dnostjo in po njej. Zadrga na vseh straneh zagotavlja, da so va\u0161i nose\u010dni\u0161ki dokumenti in pregledi ter vsi drugi pomembni dokumenti varni in za\u0161\u010diteni.\" \/>\n<meta property=\"og:url\" content=\"https:\/\/najnaj.eu\/sl\/izdelek\/lassig-cas-etui-za-dokumente-floral-mint-kopiraj-kopiraj-2\/\" \/>\n<meta property=\"og:site_name\" content=\"NajNaj.eu\" \/>\n<meta property=\"article:publisher\" content=\"https:\/\/web.facebook.com\/najnaj.eu\/\" \/>\n<meta property=\"article:modified_time\" content=\"2026-05-11T12:37:36+00:00\" \/>\n<meta property=\"og:image\" content=\"https:\/\/najnaj.eu\/wp-content\/uploads\/2026\/05\/CAS_F23_1106010391_P_1.jpg\" \/>\n\t<meta property=\"og:image:width\" content=\"2000\" \/>\n\t<meta property=\"og:image:height\" content=\"2000\" \/>\n\t<meta property=\"og:image:type\" content=\"image\/jpeg\" \/>\n<meta name=\"twitter:card\" content=\"summary_large_image\" \/>\n<meta name=\"twitter:label1\" content=\"Price\" \/>\n\t<meta name=\"twitter:data1\" content=\"29,95&nbsp;&euro;\" \/>\n\t<meta name=\"twitter:label2\" content=\"Availability\" \/>\n\t<meta name=\"twitter:data2\" content=\"In stock\" \/>\n<script type=\"application\/ld+json\" class=\"yoast-schema-graph\">{\"@context\":\"https:\\\/\\\/schema.org\",\"@graph\":[{\"@type\":\"WebPage\",\"@id\":\"https:\\\/\\\/najnaj.eu\\\/sl\\\/izdelek\\\/lassig-cas-etui-za-dokumente-floral-mint-kopiraj-kopiraj-2\\\/\",\"url\":\"https:\\\/\\\/najnaj.eu\\\/sl\\\/izdelek\\\/lassig-cas-etui-za-dokumente-floral-mint-kopiraj-kopiraj-2\\\/\",\"name\":\"L\u00e4ssig CAS Torba za dokumente Camel be\u017e - NajNaj.eu\",\"isPartOf\":{\"@id\":\"https:\\\/\\\/najnaj.eu\\\/sl\\\/#website\"},\"primaryImageOfPage\":{\"@id\":\"https:\\\/\\\/najnaj.eu\\\/sl\\\/izdelek\\\/lassig-cas-etui-za-dokumente-floral-mint-kopiraj-kopiraj-2\\\/#primaryimage\"},\"image\":{\"@id\":\"https:\\\/\\\/najnaj.eu\\\/sl\\\/izdelek\\\/lassig-cas-etui-za-dokumente-floral-mint-kopiraj-kopiraj-2\\\/#primaryimage\"},\"thumbnailUrl\":\"https:\\\/\\\/najnaj.eu\\\/wp-content\\\/uploads\\\/2026\\\/05\\\/CAS_F23_1106010391_P_1.jpg\",\"datePublished\":\"2026-05-11T11:31:22+00:00\",\"dateModified\":\"2026-05-11T12:37:36+00:00\",\"breadcrumb\":{\"@id\":\"https:\\\/\\\/najnaj.eu\\\/sl\\\/izdelek\\\/lassig-cas-etui-za-dokumente-floral-mint-kopiraj-kopiraj-2\\\/#breadcrumb\"},\"inLanguage\":\"sl-SI\",\"potentialAction\":[{\"@type\":\"ReadAction\",\"target\":[\"https:\\\/\\\/najnaj.eu\\\/sl\\\/izdelek\\\/lassig-cas-etui-za-dokumente-floral-mint-kopiraj-kopiraj-2\\\/\"]}]},{\"@type\":\"ImageObject\",\"inLanguage\":\"sl-SI\",\"@id\":\"https:\\\/\\\/najnaj.eu\\\/sl\\\/izdelek\\\/lassig-cas-etui-za-dokumente-floral-mint-kopiraj-kopiraj-2\\\/#primaryimage\",\"url\":\"https:\\\/\\\/najnaj.eu\\\/wp-content\\\/uploads\\\/2026\\\/05\\\/CAS_F23_1106010391_P_1.jpg\",\"contentUrl\":\"https:\\\/\\\/najnaj.eu\\\/wp-content\\\/uploads\\\/2026\\\/05\\\/CAS_F23_1106010391_P_1.jpg\",\"width\":2000,\"height\":2000},{\"@type\":\"BreadcrumbList\",\"@id\":\"https:\\\/\\\/najnaj.eu\\\/sl\\\/izdelek\\\/lassig-cas-etui-za-dokumente-floral-mint-kopiraj-kopiraj-2\\\/#breadcrumb\",\"itemListElement\":[{\"@type\":\"ListItem\",\"position\":1,\"name\":\"Po\u010detna stranica\",\"item\":\"https:\\\/\\\/najnaj.eu\\\/sl\\\/prednja-stran\\\/\"},{\"@type\":\"ListItem\",\"position\":2,\"name\":\"Shop\",\"item\":\"https:\\\/\\\/najnaj.eu\\\/sl\\\/shop\\\/\"},{\"@type\":\"ListItem\",\"position\":3,\"name\":\"Privatno: L\u00e4ssig CAS Torba za dokumente Camel be\u017e\"}]},{\"@type\":\"WebSite\",\"@id\":\"https:\\\/\\\/najnaj.eu\\\/sl\\\/#website\",\"url\":\"https:\\\/\\\/najnaj.eu\\\/sl\\\/\",\"name\":\"NajNaj.eu\",\"description\":\"Za najva\u017enije!\",\"publisher\":{\"@id\":\"https:\\\/\\\/najnaj.eu\\\/sl\\\/#organization\"},\"potentialAction\":[{\"@type\":\"SearchAction\",\"target\":{\"@type\":\"EntryPoint\",\"urlTemplate\":\"https:\\\/\\\/najnaj.eu\\\/sl\\\/?s={search_term_string}\"},\"query-input\":{\"@type\":\"PropertyValueSpecification\",\"valueRequired\":true,\"valueName\":\"search_term_string\"}}],\"inLanguage\":\"sl-SI\"},{\"@type\":\"Organization\",\"@id\":\"https:\\\/\\\/najnaj.eu\\\/sl\\\/#organization\",\"name\":\"NajNaj.eu\",\"url\":\"https:\\\/\\\/najnaj.eu\\\/sl\\\/\",\"logo\":{\"@type\":\"ImageObject\",\"inLanguage\":\"sl-SI\",\"@id\":\"https:\\\/\\\/najnaj.eu\\\/sl\\\/#\\\/schema\\\/logo\\\/image\\\/\",\"url\":\"https:\\\/\\\/najnaj.eu\\\/wp-content\\\/uploads\\\/2023\\\/09\\\/logo_Najnaj_2023.svg\",\"contentUrl\":\"https:\\\/\\\/najnaj.eu\\\/wp-content\\\/uploads\\\/2023\\\/09\\\/logo_Najnaj_2023.svg\",\"width\":501,\"height\":278,\"caption\":\"NajNaj.eu\"},\"image\":{\"@id\":\"https:\\\/\\\/najnaj.eu\\\/sl\\\/#\\\/schema\\\/logo\\\/image\\\/\"},\"sameAs\":[\"https:\\\/\\\/web.facebook.com\\\/najnaj.eu\\\/\",\"https:\\\/\\\/www.instagram.com\\\/najnaj.eu\\\/\",\"https:\\\/\\\/www.tiktok.com\\\/@najnaj.eu\"]}]}<\/script>\n<meta property=\"product:brand\" content=\"L\u00e4ssig\" \/>\n<meta property=\"product:price:amount\" content=\"29.95\" \/>\n<meta property=\"product:price:currency\" content=\"EUR\" \/>\n<meta property=\"og:availability\" content=\"instock\" \/>\n<meta property=\"product:availability\" content=\"instock\" \/>\n<meta property=\"product:retailer_item_id\" content=\"1106010391\" \/>\n<meta property=\"product:condition\" content=\"new\" \/>\n<!-- \/ Yoast SEO Premium plugin. -->","yoast_head_json":{"title":"L\u00e4ssig CAS Torba za dokumente Camel be\u017e - NajNaj.eu","robots":{"index":"index","follow":"follow","max-snippet":"max-snippet:-1","max-image-preview":"max-image-preview:large","max-video-preview":"max-video-preview:-1"},"canonical":"https:\/\/najnaj.eu\/sl\/izdelek\/lassig-cas-etui-za-dokumente-floral-mint-kopiraj-kopiraj-2\/","og_locale":"sl_SI","og_type":"article","og_title":"L\u00e4ssig CAS Torba za dokumente Camel be\u017e","og_description":"Ta torba za dokumente je odli\u010den organizator za mesece med nose\u010dnostjo in po njej. Zadrga na vseh straneh zagotavlja, da so va\u0161i nose\u010dni\u0161ki dokumenti in pregledi ter vsi drugi pomembni dokumenti varni in za\u0161\u010diteni.","og_url":"https:\/\/najnaj.eu\/sl\/izdelek\/lassig-cas-etui-za-dokumente-floral-mint-kopiraj-kopiraj-2\/","og_site_name":"NajNaj.eu","article_publisher":"https:\/\/web.facebook.com\/najnaj.eu\/","article_modified_time":"2026-05-11T12:37:36+00:00","og_image":[{"width":2000,"height":2000,"url":"https:\/\/najnaj.eu\/wp-content\/uploads\/2026\/05\/CAS_F23_1106010391_P_1.jpg","type":"image\/jpeg"}],"twitter_card":"summary_large_image","twitter_misc":{"Price":"29,95&nbsp;&euro;","Availability":"In stock"},"schema":{"@context":"https:\/\/schema.org","@graph":[{"@type":"WebPage","@id":"https:\/\/najnaj.eu\/sl\/izdelek\/lassig-cas-etui-za-dokumente-floral-mint-kopiraj-kopiraj-2\/","url":"https:\/\/najnaj.eu\/sl\/izdelek\/lassig-cas-etui-za-dokumente-floral-mint-kopiraj-kopiraj-2\/","name":"L\u00e4ssig CAS Torba za dokumente Camel be\u017e - NajNaj.eu","isPartOf":{"@id":"https:\/\/najnaj.eu\/sl\/#website"},"primaryImageOfPage":{"@id":"https:\/\/najnaj.eu\/sl\/izdelek\/lassig-cas-etui-za-dokumente-floral-mint-kopiraj-kopiraj-2\/#primaryimage"},"image":{"@id":"https:\/\/najnaj.eu\/sl\/izdelek\/lassig-cas-etui-za-dokumente-floral-mint-kopiraj-kopiraj-2\/#primaryimage"},"thumbnailUrl":"https:\/\/najnaj.eu\/wp-content\/uploads\/2026\/05\/CAS_F23_1106010391_P_1.jpg","datePublished":"2026-05-11T11:31:22+00:00","dateModified":"2026-05-11T12:37:36+00:00","breadcrumb":{"@id":"https:\/\/najnaj.eu\/sl\/izdelek\/lassig-cas-etui-za-dokumente-floral-mint-kopiraj-kopiraj-2\/#breadcrumb"},"inLanguage":"sl-SI","potentialAction":[{"@type":"ReadAction","target":["https:\/\/najnaj.eu\/sl\/izdelek\/lassig-cas-etui-za-dokumente-floral-mint-kopiraj-kopiraj-2\/"]}]},{"@type":"ImageObject","inLanguage":"sl-SI","@id":"https:\/\/najnaj.eu\/sl\/izdelek\/lassig-cas-etui-za-dokumente-floral-mint-kopiraj-kopiraj-2\/#primaryimage","url":"https:\/\/najnaj.eu\/wp-content\/uploads\/2026\/05\/CAS_F23_1106010391_P_1.jpg","contentUrl":"https:\/\/najnaj.eu\/wp-content\/uploads\/2026\/05\/CAS_F23_1106010391_P_1.jpg","width":2000,"height":2000},{"@type":"BreadcrumbList","@id":"https:\/\/najnaj.eu\/sl\/izdelek\/lassig-cas-etui-za-dokumente-floral-mint-kopiraj-kopiraj-2\/#breadcrumb","itemListElement":[{"@type":"ListItem","position":1,"name":"Po\u010detna stranica","item":"https:\/\/najnaj.eu\/sl\/prednja-stran\/"},{"@type":"ListItem","position":2,"name":"Shop","item":"https:\/\/najnaj.eu\/sl\/shop\/"},{"@type":"ListItem","position":3,"name":"Privatno: L\u00e4ssig CAS Torba za dokumente Camel be\u017e"}]},{"@type":"WebSite","@id":"https:\/\/najnaj.eu\/sl\/#website","url":"https:\/\/najnaj.eu\/sl\/","name":"NajNaj.eu","description":"Za najva\u017enije!","publisher":{"@id":"https:\/\/najnaj.eu\/sl\/#organization"},"potentialAction":[{"@type":"SearchAction","target":{"@type":"EntryPoint","urlTemplate":"https:\/\/najnaj.eu\/sl\/?s={search_term_string}"},"query-input":{"@type":"PropertyValueSpecification","valueRequired":true,"valueName":"search_term_string"}}],"inLanguage":"sl-SI"},{"@type":"Organization","@id":"https:\/\/najnaj.eu\/sl\/#organization","name":"NajNaj.eu","url":"https:\/\/najnaj.eu\/sl\/","logo":{"@type":"ImageObject","inLanguage":"sl-SI","@id":"https:\/\/najnaj.eu\/sl\/#\/schema\/logo\/image\/","url":"https:\/\/najnaj.eu\/wp-content\/uploads\/2023\/09\/logo_Najnaj_2023.svg","contentUrl":"https:\/\/najnaj.eu\/wp-content\/uploads\/2023\/09\/logo_Najnaj_2023.svg","width":501,"height":278,"caption":"NajNaj.eu"},"image":{"@id":"https:\/\/najnaj.eu\/sl\/#\/schema\/logo\/image\/"},"sameAs":["https:\/\/web.facebook.com\/najnaj.eu\/","https:\/\/www.instagram.com\/najnaj.eu\/","https:\/\/www.tiktok.com\/@najnaj.eu"]}]},"product_brand":"L\u00e4ssig","product_price_amount":"29.95","product_price_currency":"EUR","og_availability":"instock","product_availability":"instock","product_retailer_item_id":"1106010391","product_condition":"new"},"_links":{"self":[{"href":"https:\/\/najnaj.eu\/sl\/wp-json\/wp\/v2\/product\/309019","targetHints":{"allow":["GET"]}}],"collection":[{"href":"https:\/\/najnaj.eu\/sl\/wp-json\/wp\/v2\/product"}],"about":[{"href":"https:\/\/najnaj.eu\/sl\/wp-json\/wp\/v2\/types\/product"}],"replies":[{"embeddable":true,"href":"https:\/\/najnaj.eu\/sl\/wp-json\/wp\/v2\/comments?post=309019"}],"version-history":[{"count":0,"href":"https:\/\/najnaj.eu\/sl\/wp-json\/wp\/v2\/product\/309019\/revisions"}],"wp:featuredmedia":[{"embeddable":true,"href":"https:\/\/najnaj.eu\/sl\/wp-json\/wp\/v2\/media\/309028"}],"wp:attachment":[{"href":"https:\/\/najnaj.eu\/sl\/wp-json\/wp\/v2\/media?parent=309019"}],"wp:term":[{"taxonomy":"product_brand","embeddable":true,"href":"https:\/\/najnaj.eu\/sl\/wp-json\/wp\/v2\/product_brand?post=309019"},{"taxonomy":"product_cat","embeddable":true,"href":"https:\/\/najnaj.eu\/sl\/wp-json\/wp\/v2\/product_cat?post=309019"},{"taxonomy":"product_tag","embeddable":true,"href":"https:\/\/najnaj.eu\/sl\/wp-json\/wp\/v2\/product_tag?post=309019"}],"curies":[{"name":"wp","href":"https:\/\/api.w.org\/{rel}","templated":true}]}}