{"id":308516,"date":"2026-03-04T11:25:01","date_gmt":"2026-03-04T10:25:01","guid":{"rendered":"https:\/\/najnaj.eu\/proizvod\/otroski-vozicek-ergobaby-metro-3-2v1\/"},"modified":"2026-03-04T11:25:01","modified_gmt":"2026-03-04T10:25:01","slug":"otroski-vozicek-ergobaby-metro-3-2v1","status":"publish","type":"product","link":"https:\/\/najnaj.eu\/sl\/izdelek\/otroski-vozicek-ergobaby-metro-3-2v1\/","title":{"rendered":"Otro\u0161ki vozi\u010dek Ergobaby Metro 3 2v1"},"content":{"rendered":"<p data-path-to-node=\"4\">Sistem Ergobaby Metro 3 2v1 je zasnovan za star\u0161e, ki si \u017eelijo polne funkcionalnosti klasi\u010dnega vozi\u010dka 2v1, vendar v kompaktni in lahki razli\u010dici, ki bo va\u0161emu otroku zagotavljala maksimalno udobje od prvega dne do vrt\u010devske starosti.<\/p>\n<h3 data-path-to-node=\"5\"><b data-path-to-node=\"5\" data-index-in-node=\"0\">Udobje \u017ee od prvega dne z nosilko Metro 3<\/b><\/h3>\n<p data-path-to-node=\"6\">Z novorojen\u010dkovo ko\u0161aro Metro 3 bo va\u0161 dojen\u010dek u\u017eival v popolnoma ravni postelji in mehki, oblazinjeni notranjosti. Namenjena je uporabi od rojstva do 6 mesecev (do 9 kg) in je zasnovana s poudarkom na prakti\u010dnosti: <\/p>\n<ul data-path-to-node=\"7\">\n<li>\n<p data-path-to-node=\"7,0,0\"><b data-path-to-node=\"7,0,0\" data-index-in-node=\"0\">Zlo\u017eljiva zasnova:<\/b> Ko ko\u0161ara ni v uporabi, se zlo\u017ei na minimalno debelino, kar prihrani prostor v va\u0161em stanovanju ali avtomobilu.<\/p>\n<\/li>\n<li>\n<p data-path-to-node=\"7,1,0\"><b data-path-to-node=\"7,1,0\" data-index-in-node=\"0\">Enostavna in prilagodljiva namestitev:<\/b> Ko\u0161ara se s pomo\u010djo adapterja preprosto pritrdi na ogrodje vozi\u010dka, obrnjena proti star\u0161em. Lahko se namesti \u010dez sede\u017e, za bolj eleganten videz pa jo je mogo\u010de tudi popolnoma odstraniti. <\/p>\n<\/li>\n<li>\n<p data-path-to-node=\"7,2,0\"><b data-path-to-node=\"7,2,0\" data-index-in-node=\"0\">Enostavno prena\u0161anje:<\/b> Tehta le <b data-path-to-node=\"7,2,0\" data-index-in-node=\"30\">2,85 kg<\/b> , kar omogo\u010da enostavno prena\u0161anje, ne da bi zbudili otroka.<\/p>\n<\/li>\n<\/ul>\n<h3 data-path-to-node=\"8\"><b data-path-to-node=\"8\" data-index-in-node=\"0\">Vrhunska ergonomija za zdravo rast<\/b><\/h3>\n<p data-path-to-node=\"9\">Metro 3 je prejel <b data-path-to-node=\"9\" data-index-in-node=\"59\">certifikat AGR<\/b> (Aktion Gesunder R\u00fccken) za zdravje hrbta. \u0160portni sede\u017e ima ve\u010dconsko oblazinjenje, ki zagotavlja oporo tam, kjer je najbolj potrebna, nastavljiv naslon za noge pa zagotavlja udoben polo\u017eaj tudi med dolgimi sprehodi. Nagib sede\u017ea je popolnoma nastavljiv z zategovanjem pod poljubnim kotom, v le\u017ee\u010dem polo\u017eaju in z integriranimi skritimi paneli pa ustvari udobno spalno gnezdo.  <\/p>\n<h3 data-path-to-node=\"13\"><b data-path-to-node=\"13\" data-index-in-node=\"0\">Neprimerljiva prakti\u010dnost<\/b><\/h3>\n<ul>\n<li>\n<p data-path-to-node=\"11,0,0\"><b data-path-to-node=\"11,0,0\" data-index-in-node=\"0\">Samodejno zlaganje z eno roko:<\/b> Medtem ko otroka dr\u017eite v eni roki, lahko vozi\u010dek z drugo roko zlo\u017eite v nekaj sekundah.<\/p>\n<\/li>\n<li>\n<p data-path-to-node=\"11,1,0\"><b data-path-to-node=\"11,1,0\" data-index-in-node=\"0\">Kompakten za potovanja:<\/b> Zlo\u017een vozi\u010dek ustreza dimenzijam ro\u010dne prtljage ve\u010dine letalskih dru\u017eb, zaradi \u010desar je idealen za potovanja.<\/p>\n<\/li>\n<li>\n<p data-path-to-node=\"11,2,0\"><b data-path-to-node=\"11,2,0\" data-index-in-node=\"0\">Napredno vzmetenje:<\/b> \u0160tirikolesno vzmetenje z gumijastimi pnevmatikami, odpornimi proti predrtju, zagotavlja gladko vo\u017enjo \u010dez robnike in neravne povr\u0161ine.<\/p>\n<\/li>\n<li>\n<p data-path-to-node=\"11,3,0\"><b data-path-to-node=\"11,3,0\" data-index-in-node=\"0\">Vrhunska za\u0161\u010dita in zra\u010dnost:<\/b> Velika streha z za\u0161\u010ditnim faktorjem UPF 50+ \u0161\u010diti va\u0161ega otroka pred soncem, mre\u017easta okna pa zagotavljajo optimalno zra\u010dnost v poletnih dneh.<\/p>\n<\/li>\n<li>\n<p data-path-to-node=\"11,4,0\"><b data-path-to-node=\"11,4,0\" data-index-in-node=\"0\">Nastavljiv ro\u010daj:<\/b> Teleskopski ro\u010daj (101\u2013108 cm) omogo\u010da udobno potiskanje star\u0161em vseh vi\u0161in.<\/p>\n<\/li>\n<li>\n<p data-path-to-node=\"11,5,0\"><b data-path-to-node=\"11,5,0\" data-index-in-node=\"0\">Prostoren prostor za shranjevanje:<\/b> Velika ko\u0161ara pod sede\u017eem z nosilnostjo do 10 kg vam omogo\u010da, da s seboj vzamete vse potrebne stvari brez dodatne te\u017ee.<\/p>\n<\/li>\n<\/ul>\n<h3 data-path-to-node=\"10\"><b data-path-to-node=\"10\" data-index-in-node=\"0\">Potovalni sistem, pripravljen na vse izzive<\/b><\/h3>\n<p data-path-to-node=\"11\">Prilo\u017eeni adapterji Metro 3 spremenijo va\u0161 vozi\u010dek v vsestranski potovalni sistem. Poleg pritrditve ko\u0161are vam ti adapterji omogo\u010dajo tudi pritrditev sprednjih avtosede\u017eev (tj. &#8220;jajc&#8221;) neposredno na ogrodje. <\/p>\n<p data-path-to-node=\"11\">Zdru\u017eljivi modeli avtosede\u017eev: <strong><a href=\"https:\/\/najnaj.eu\/sl\/kategorije-izdelkov\/avto-sedezi\/?brand=besafe&#038;Model=izi-go-modular\" target=\"_blank\" rel=\"noopener\">BeSafe iZi Go Modular X2 i-size<\/a><\/strong> , Cybex Aton Q, Cybex Cloud Q, Cybex Aton S2 i-size, Cybex Cloud T i-size, Britax Baby-Safe 5z, Avionaut Pixel Pro 2 C, Nuna Arra Next, Nuna Pipa Next, Maxi Cosi Rock, Maxi Cosi Pebble Pro, Maxi Cosi CabrioFix i-size<\/p>\n<h3 data-path-to-node=\"15\"><b data-path-to-node=\"15\" data-index-in-node=\"0\">Varnost in vzdr\u017eljivost<\/b><\/h3>\n<p data-path-to-node=\"16\">Ergobaby stoji za svojo kakovostjo, zato ima Metro 3 <b data-path-to-node=\"16\" data-index-in-node=\"59\">10-letno garancijo ErgoPromise.<\/b><\/p>\n","protected":false},"excerpt":{"rendered":"<p data-path-to-node=\"4\">U\u017eivajte v polni funkcionalnosti sistema 2 v 1 od rojstva do 22 kg, ne da bi pri tem ogromni konstrukciji in pomanjkanju prostora v va\u0161em domu ali prtlja\u017eniku. Ergobaby Metro 3 ponuja vrhunsko udobje klasi\u010dnega vozi\u010dka 2 v 1 v elegantni, ultra kompaktni embala\u017ei, ki se prilagodi va\u0161emu \u017eivljenjskemu slogu. <\/p>\n<ul>\n<li data-path-to-node=\"5,0,0\"><b data-path-to-node=\"5,0,0\" data-index-in-node=\"0\">Vrhunska ergonomija:<\/b> Presti\u017eni certifikat AGR za zdravje hrbta otroka in star\u0161ev.<\/li>\n<li data-path-to-node=\"5,1,0\"><b data-path-to-node=\"5,1,0\" data-index-in-node=\"0\">Gladka vo\u017enja:<\/b> Napredni amortizerji na vseh \u0161tirih kolesih zagotavljajo udobje na vseh mestnih povr\u0161inah.<\/li>\n<li data-path-to-node=\"5,2,0\"><b data-path-to-node=\"5,2,0\" data-index-in-node=\"0\">Maksimalno udobje:<\/b> Enostavno upravljanje in samodejno zlaganje z eno roko.<\/li>\n<li data-path-to-node=\"5,3,0\"><b data-path-to-node=\"5,3,0\" data-index-in-node=\"0\">Ultralahka in kompaktna:<\/b> tehta le 7,6 kg in se v zlo\u017eenem stanju prilega dimenzijam ro\u010dne prtljage na letalu.<\/li>\n<li data-path-to-node=\"5,3,0\"><b data-path-to-node=\"14,3,0\" data-index-in-node=\"0\">Vrhunska za\u0161\u010dita:<\/b> Raztegljiva streha UPF 50+ z mre\u017eico za pretok zraka in magnetnim oknom.<\/li>\n<li data-path-to-node=\"5,4,0\"><b data-path-to-node=\"5,4,0\" data-index-in-node=\"0\">Prilagodljiva ko\u0161ara za novorojen\u010dke:<\/b> Zlo\u017eljivo ko\u0161aro za novorojen\u010dke lahko namestite na vozi\u010dek s sede\u017eem ali brez njega.<\/li>\n<li data-path-to-node=\"5,5,0\"><b data-path-to-node=\"5,5,0\" data-index-in-node=\"0\">Potovalni sistem:<\/b> Prilo\u017eeni adapterji so zdru\u017eljivi z vodilnimi avtosede\u017ei (BeSafe, Cybex, Maxi-Cosi, Avionaut, Britax).<\/li>\n<li data-path-to-node=\"5,6,0\"><b data-path-to-node=\"5,6,0\" data-index-in-node=\"0\">Dolga \u017eivljenjska doba:<\/b> Brezskrbna uporaba z 10-letno garancijo ErgoPromise.<\/li>\n<\/ul>\n<p>Paket vklju\u010duje vozi\u010dek s \u0161portnim sede\u017eem, ko\u0161aro za novorojen\u010dka, adapterje in de\u017eno prevleko.<\/p>\n<p><strong>Izberite barvo \u0161portne prevleke sede\u017ea:<\/strong><\/p>\n","protected":false},"featured_media":297463,"comment_status":"closed","ping_status":"closed","template":"","meta":{"_acf_changed":false,"footnotes":""},"product_brand":[],"product_cat":[1129,1128,1359],"product_tag":[],"class_list":{"0":"post-308516","1":"product","2":"type-product","3":"status-publish","4":"has-post-thumbnail","6":"product_cat-kompaktna-kolica-sl","7":"product_cat-otroski-vozicki","8":"product_cat-vozicek-2-v-1","9":"pa_boja-graphite-grey-sl","10":"pa_boja-natural-beige-sl","11":"pa_boja-onyx-black-sl","12":"pa_boja-soft-olive-sl","13":"pa_brand-ergobaby-sl","14":"pa_vrsta-kolica-2v1","15":"pa_vrsta-kolica-kompakten-vozicek","17":"first","18":"instock","19":"shipping-taxable","20":"purchasable","21":"product-type-variable"},"bundled_by":[],"bundle_stock_status":"instock","bundle_stock_quantity":null,"bundle_virtual":false,"bundle_layout":"","bundle_add_to_cart_form_location":"","bundle_editable_in_cart":false,"bundle_sold_individually_context":"","bundle_item_grouping":"","bundle_min_size":"","bundle_max_size":"","bundle_price":[],"bundled_items":[],"bundle_sell_ids":[],"acf":[],"yoast_head":"<!-- This site is optimized with the Yoast SEO Premium plugin v21.5 (Yoast SEO v27.5) - https:\/\/yoast.com\/product\/yoast-seo-premium-wordpress\/ -->\n<title>Otro\u0161ki vozi\u010dek Ergobaby Metro 3 2v1 - NajNaj.eu<\/title>\n<meta name=\"description\" content=\"Vozi\u010dek Metro 3 2v1: od rojstva do 22 kg v kompaktni razli\u010dici. Lahek, ergonomski in primeren za letala. Za vse dru\u017einske dogodiv\u0161\u010dine!\" \/>\n<meta name=\"robots\" content=\"index, follow, max-snippet:-1, max-image-preview:large, max-video-preview:-1\" \/>\n<link rel=\"canonical\" href=\"https:\/\/najnaj.eu\/sl\/izdelek\/otroski-vozicek-ergobaby-metro-3-2v1\/\" \/>\n<meta property=\"og:locale\" content=\"sl_SI\" \/>\n<meta property=\"og:type\" content=\"article\" \/>\n<meta property=\"og:title\" content=\"Otro\u0161ki vozi\u010dek Ergobaby Metro 3 2v1\" \/>\n<meta property=\"og:description\" content=\"Vozi\u010dek Metro 3 2v1: od rojstva do 22 kg v kompaktni razli\u010dici. Lahek, ergonomski in primeren za letala. Za vse dru\u017einske dogodiv\u0161\u010dine!\" \/>\n<meta property=\"og:url\" content=\"https:\/\/najnaj.eu\/sl\/izdelek\/otroski-vozicek-ergobaby-metro-3-2v1\/\" \/>\n<meta property=\"og:site_name\" content=\"NajNaj.eu\" \/>\n<meta property=\"article:publisher\" content=\"https:\/\/web.facebook.com\/najnaj.eu\/\" \/>\n<meta property=\"og:image\" content=\"https:\/\/najnaj.eu\/wp-content\/uploads\/2026\/03\/metro-3-2u1-prod.png\" \/>\n\t<meta property=\"og:image:width\" content=\"1200\" \/>\n\t<meta property=\"og:image:height\" content=\"1200\" \/>\n\t<meta property=\"og:image:type\" content=\"image\/png\" \/>\n<meta name=\"twitter:card\" content=\"summary_large_image\" \/>\n<meta name=\"twitter:label1\" content=\"Availability\" \/>\n\t<meta name=\"twitter:data1\" content=\"In stock\" \/>\n<script type=\"application\/ld+json\" class=\"yoast-schema-graph\">{\"@context\":\"https:\\\/\\\/schema.org\",\"@graph\":[{\"@type\":\"WebPage\",\"@id\":\"https:\\\/\\\/najnaj.eu\\\/sl\\\/izdelek\\\/otroski-vozicek-ergobaby-metro-3-2v1\\\/\",\"url\":\"https:\\\/\\\/najnaj.eu\\\/sl\\\/izdelek\\\/otroski-vozicek-ergobaby-metro-3-2v1\\\/\",\"name\":\"Otro\u0161ki vozi\u010dek Ergobaby Metro 3 2v1 - NajNaj.eu\",\"isPartOf\":{\"@id\":\"https:\\\/\\\/najnaj.eu\\\/sl\\\/#website\"},\"primaryImageOfPage\":{\"@id\":\"https:\\\/\\\/najnaj.eu\\\/sl\\\/izdelek\\\/otroski-vozicek-ergobaby-metro-3-2v1\\\/#primaryimage\"},\"image\":{\"@id\":\"https:\\\/\\\/najnaj.eu\\\/sl\\\/izdelek\\\/otroski-vozicek-ergobaby-metro-3-2v1\\\/#primaryimage\"},\"thumbnailUrl\":\"https:\\\/\\\/najnaj.eu\\\/wp-content\\\/uploads\\\/2026\\\/03\\\/metro-3-2u1-prod.png\",\"datePublished\":\"2026-03-04T10:25:01+00:00\",\"description\":\"Vozi\u010dek Metro 3 2v1: od rojstva do 22 kg v kompaktni razli\u010dici. Lahek, ergonomski in primeren za letala. Za vse dru\u017einske dogodiv\u0161\u010dine!\",\"breadcrumb\":{\"@id\":\"https:\\\/\\\/najnaj.eu\\\/sl\\\/izdelek\\\/otroski-vozicek-ergobaby-metro-3-2v1\\\/#breadcrumb\"},\"inLanguage\":\"sl-SI\",\"potentialAction\":[{\"@type\":\"ReadAction\",\"target\":[\"https:\\\/\\\/najnaj.eu\\\/sl\\\/izdelek\\\/otroski-vozicek-ergobaby-metro-3-2v1\\\/\"]}]},{\"@type\":\"ImageObject\",\"inLanguage\":\"sl-SI\",\"@id\":\"https:\\\/\\\/najnaj.eu\\\/sl\\\/izdelek\\\/otroski-vozicek-ergobaby-metro-3-2v1\\\/#primaryimage\",\"url\":\"https:\\\/\\\/najnaj.eu\\\/wp-content\\\/uploads\\\/2026\\\/03\\\/metro-3-2u1-prod.png\",\"contentUrl\":\"https:\\\/\\\/najnaj.eu\\\/wp-content\\\/uploads\\\/2026\\\/03\\\/metro-3-2u1-prod.png\",\"width\":1200,\"height\":1200},{\"@type\":\"BreadcrumbList\",\"@id\":\"https:\\\/\\\/najnaj.eu\\\/sl\\\/izdelek\\\/otroski-vozicek-ergobaby-metro-3-2v1\\\/#breadcrumb\",\"itemListElement\":[{\"@type\":\"ListItem\",\"position\":1,\"name\":\"Po\u010detna stranica\",\"item\":\"https:\\\/\\\/najnaj.eu\\\/sl\\\/prednja-stran\\\/\"},{\"@type\":\"ListItem\",\"position\":2,\"name\":\"Shop\",\"item\":\"https:\\\/\\\/najnaj.eu\\\/sl\\\/shop\\\/\"},{\"@type\":\"ListItem\",\"position\":3,\"name\":\"Otro\u0161ki vozi\u010dek Ergobaby Metro 3 2v1\"}]},{\"@type\":\"WebSite\",\"@id\":\"https:\\\/\\\/najnaj.eu\\\/sl\\\/#website\",\"url\":\"https:\\\/\\\/najnaj.eu\\\/sl\\\/\",\"name\":\"NajNaj.eu\",\"description\":\"Za najva\u017enije!\",\"publisher\":{\"@id\":\"https:\\\/\\\/najnaj.eu\\\/sl\\\/#organization\"},\"potentialAction\":[{\"@type\":\"SearchAction\",\"target\":{\"@type\":\"EntryPoint\",\"urlTemplate\":\"https:\\\/\\\/najnaj.eu\\\/sl\\\/?s={search_term_string}\"},\"query-input\":{\"@type\":\"PropertyValueSpecification\",\"valueRequired\":true,\"valueName\":\"search_term_string\"}}],\"inLanguage\":\"sl-SI\"},{\"@type\":\"Organization\",\"@id\":\"https:\\\/\\\/najnaj.eu\\\/sl\\\/#organization\",\"name\":\"NajNaj.eu\",\"url\":\"https:\\\/\\\/najnaj.eu\\\/sl\\\/\",\"logo\":{\"@type\":\"ImageObject\",\"inLanguage\":\"sl-SI\",\"@id\":\"https:\\\/\\\/najnaj.eu\\\/sl\\\/#\\\/schema\\\/logo\\\/image\\\/\",\"url\":\"https:\\\/\\\/najnaj.eu\\\/wp-content\\\/uploads\\\/2023\\\/09\\\/logo_Najnaj_2023.svg\",\"contentUrl\":\"https:\\\/\\\/najnaj.eu\\\/wp-content\\\/uploads\\\/2023\\\/09\\\/logo_Najnaj_2023.svg\",\"width\":501,\"height\":278,\"caption\":\"NajNaj.eu\"},\"image\":{\"@id\":\"https:\\\/\\\/najnaj.eu\\\/sl\\\/#\\\/schema\\\/logo\\\/image\\\/\"},\"sameAs\":[\"https:\\\/\\\/web.facebook.com\\\/najnaj.eu\\\/\",\"https:\\\/\\\/www.instagram.com\\\/najnaj.eu\\\/\",\"https:\\\/\\\/www.tiktok.com\\\/@najnaj.eu\"]}]}<\/script>\n<meta property=\"product:brand\" content=\"Ergobaby\" \/>\n<meta property=\"og:availability\" content=\"instock\" \/>\n<meta property=\"product:availability\" content=\"instock\" \/>\n<meta property=\"product:retailer_item_id\" content=\"METRO3_2u1\" \/>\n<meta property=\"product:condition\" content=\"new\" \/>\n<!-- \/ Yoast SEO Premium plugin. -->","yoast_head_json":{"title":"Otro\u0161ki vozi\u010dek Ergobaby Metro 3 2v1 - NajNaj.eu","description":"Vozi\u010dek Metro 3 2v1: od rojstva do 22 kg v kompaktni razli\u010dici. Lahek, ergonomski in primeren za letala. Za vse dru\u017einske dogodiv\u0161\u010dine!","robots":{"index":"index","follow":"follow","max-snippet":"max-snippet:-1","max-image-preview":"max-image-preview:large","max-video-preview":"max-video-preview:-1"},"canonical":"https:\/\/najnaj.eu\/sl\/izdelek\/otroski-vozicek-ergobaby-metro-3-2v1\/","og_locale":"sl_SI","og_type":"article","og_title":"Otro\u0161ki vozi\u010dek Ergobaby Metro 3 2v1","og_description":"Vozi\u010dek Metro 3 2v1: od rojstva do 22 kg v kompaktni razli\u010dici. Lahek, ergonomski in primeren za letala. Za vse dru\u017einske dogodiv\u0161\u010dine!","og_url":"https:\/\/najnaj.eu\/sl\/izdelek\/otroski-vozicek-ergobaby-metro-3-2v1\/","og_site_name":"NajNaj.eu","article_publisher":"https:\/\/web.facebook.com\/najnaj.eu\/","og_image":[{"width":1200,"height":1200,"url":"https:\/\/najnaj.eu\/wp-content\/uploads\/2026\/03\/metro-3-2u1-prod.png","type":"image\/png"}],"twitter_card":"summary_large_image","twitter_misc":{"Availability":"In stock"},"schema":{"@context":"https:\/\/schema.org","@graph":[{"@type":"WebPage","@id":"https:\/\/najnaj.eu\/sl\/izdelek\/otroski-vozicek-ergobaby-metro-3-2v1\/","url":"https:\/\/najnaj.eu\/sl\/izdelek\/otroski-vozicek-ergobaby-metro-3-2v1\/","name":"Otro\u0161ki vozi\u010dek Ergobaby Metro 3 2v1 - NajNaj.eu","isPartOf":{"@id":"https:\/\/najnaj.eu\/sl\/#website"},"primaryImageOfPage":{"@id":"https:\/\/najnaj.eu\/sl\/izdelek\/otroski-vozicek-ergobaby-metro-3-2v1\/#primaryimage"},"image":{"@id":"https:\/\/najnaj.eu\/sl\/izdelek\/otroski-vozicek-ergobaby-metro-3-2v1\/#primaryimage"},"thumbnailUrl":"https:\/\/najnaj.eu\/wp-content\/uploads\/2026\/03\/metro-3-2u1-prod.png","datePublished":"2026-03-04T10:25:01+00:00","description":"Vozi\u010dek Metro 3 2v1: od rojstva do 22 kg v kompaktni razli\u010dici. Lahek, ergonomski in primeren za letala. Za vse dru\u017einske dogodiv\u0161\u010dine!","breadcrumb":{"@id":"https:\/\/najnaj.eu\/sl\/izdelek\/otroski-vozicek-ergobaby-metro-3-2v1\/#breadcrumb"},"inLanguage":"sl-SI","potentialAction":[{"@type":"ReadAction","target":["https:\/\/najnaj.eu\/sl\/izdelek\/otroski-vozicek-ergobaby-metro-3-2v1\/"]}]},{"@type":"ImageObject","inLanguage":"sl-SI","@id":"https:\/\/najnaj.eu\/sl\/izdelek\/otroski-vozicek-ergobaby-metro-3-2v1\/#primaryimage","url":"https:\/\/najnaj.eu\/wp-content\/uploads\/2026\/03\/metro-3-2u1-prod.png","contentUrl":"https:\/\/najnaj.eu\/wp-content\/uploads\/2026\/03\/metro-3-2u1-prod.png","width":1200,"height":1200},{"@type":"BreadcrumbList","@id":"https:\/\/najnaj.eu\/sl\/izdelek\/otroski-vozicek-ergobaby-metro-3-2v1\/#breadcrumb","itemListElement":[{"@type":"ListItem","position":1,"name":"Po\u010detna stranica","item":"https:\/\/najnaj.eu\/sl\/prednja-stran\/"},{"@type":"ListItem","position":2,"name":"Shop","item":"https:\/\/najnaj.eu\/sl\/shop\/"},{"@type":"ListItem","position":3,"name":"Otro\u0161ki vozi\u010dek Ergobaby Metro 3 2v1"}]},{"@type":"WebSite","@id":"https:\/\/najnaj.eu\/sl\/#website","url":"https:\/\/najnaj.eu\/sl\/","name":"NajNaj.eu","description":"Za najva\u017enije!","publisher":{"@id":"https:\/\/najnaj.eu\/sl\/#organization"},"potentialAction":[{"@type":"SearchAction","target":{"@type":"EntryPoint","urlTemplate":"https:\/\/najnaj.eu\/sl\/?s={search_term_string}"},"query-input":{"@type":"PropertyValueSpecification","valueRequired":true,"valueName":"search_term_string"}}],"inLanguage":"sl-SI"},{"@type":"Organization","@id":"https:\/\/najnaj.eu\/sl\/#organization","name":"NajNaj.eu","url":"https:\/\/najnaj.eu\/sl\/","logo":{"@type":"ImageObject","inLanguage":"sl-SI","@id":"https:\/\/najnaj.eu\/sl\/#\/schema\/logo\/image\/","url":"https:\/\/najnaj.eu\/wp-content\/uploads\/2023\/09\/logo_Najnaj_2023.svg","contentUrl":"https:\/\/najnaj.eu\/wp-content\/uploads\/2023\/09\/logo_Najnaj_2023.svg","width":501,"height":278,"caption":"NajNaj.eu"},"image":{"@id":"https:\/\/najnaj.eu\/sl\/#\/schema\/logo\/image\/"},"sameAs":["https:\/\/web.facebook.com\/najnaj.eu\/","https:\/\/www.instagram.com\/najnaj.eu\/","https:\/\/www.tiktok.com\/@najnaj.eu"]}]},"product_brand":"Ergobaby","og_availability":"instock","product_availability":"instock","product_retailer_item_id":"METRO3_2u1","product_condition":"new"},"_links":{"self":[{"href":"https:\/\/najnaj.eu\/sl\/wp-json\/wp\/v2\/product\/308516","targetHints":{"allow":["GET"]}}],"collection":[{"href":"https:\/\/najnaj.eu\/sl\/wp-json\/wp\/v2\/product"}],"about":[{"href":"https:\/\/najnaj.eu\/sl\/wp-json\/wp\/v2\/types\/product"}],"replies":[{"embeddable":true,"href":"https:\/\/najnaj.eu\/sl\/wp-json\/wp\/v2\/comments?post=308516"}],"version-history":[{"count":0,"href":"https:\/\/najnaj.eu\/sl\/wp-json\/wp\/v2\/product\/308516\/revisions"}],"wp:featuredmedia":[{"embeddable":true,"href":"https:\/\/najnaj.eu\/sl\/wp-json\/wp\/v2\/media\/297463"}],"wp:attachment":[{"href":"https:\/\/najnaj.eu\/sl\/wp-json\/wp\/v2\/media?parent=308516"}],"wp:term":[{"taxonomy":"product_brand","embeddable":true,"href":"https:\/\/najnaj.eu\/sl\/wp-json\/wp\/v2\/product_brand?post=308516"},{"taxonomy":"product_cat","embeddable":true,"href":"https:\/\/najnaj.eu\/sl\/wp-json\/wp\/v2\/product_cat?post=308516"},{"taxonomy":"product_tag","embeddable":true,"href":"https:\/\/najnaj.eu\/sl\/wp-json\/wp\/v2\/product_tag?post=308516"}],"curies":[{"name":"wp","href":"https:\/\/api.w.org\/{rel}","templated":true}]}}