{"id":308514,"date":"2026-02-25T09:39:50","date_gmt":"2026-02-25T08:39:50","guid":{"rendered":"https:\/\/najnaj.eu\/proizvod\/voksi-mehki-otroski-cevlji-crni\/"},"modified":"2026-02-25T09:39:50","modified_gmt":"2026-02-25T08:39:50","slug":"voksi-mehki-otroski-cevlji-crni","status":"publish","type":"product","link":"https:\/\/najnaj.eu\/sl\/izdelek\/voksi-mehki-otroski-cevlji-crni\/","title":{"rendered":"Voksi mehki otro\u0161ki \u010devlji, \u010drni"},"content":{"rendered":"<p><span style=\"font-weight: 400;\">Mehki otro\u0161ki \u010devlji so primerni za uporabo \u017ee od zelo majhnega otro\u0161tva. Idealni so za otroke, ki \u0161e ne hodijo, in zagotavljajo dodatno za\u0161\u010dito in toploto za stopala v vozi\u010dkih, nosilkah in avtosede\u017eih. <\/span><\/p>\n<p><span style=\"font-weight: 400;\">Izdelane so iz naravnih in preverjenih, visokokakovostnih materialov. Polnjene so z volno, ki zagotavlja udobno temperaturo in pomaga ohranjati otro\u0161ke noge suhe. Volna naravno uravnava temperaturo in ohranja otro\u0161ke noge tople.  <\/span><\/p>\n<p><span style=\"font-weight: 400;\">Zunanji material je odporen proti vetru, z minimalno vodoodpornostjo 8000 mm, in je prevle\u010den s tehnologijo BIONIC-FINISH\u00ae ECO, kar pomeni, da odbija vodo. Vsi uporabljeni materiali so certificirani po standardu OEKO-TEX\u00ae, kar potrjuje, da izdelek ne vsebuje \u0161kodljivih snovi in \u200b\u200bje varen za najmlaj\u0161e. <\/span><\/p>\n<p><span style=\"font-weight: 400;\">\u010cevlji se tesno prilegajo stopalom in zagotavljajo, da ves \u010das ostanejo na mestu. Prakti\u010dno zapiranje z je\u017ekom omogo\u010da hitro in enostavno obuvanje in sezuvanje.   <\/span><span style=\"font-weight: 400;\"><br \/>\n<\/span><span style=\"font-weight: 400;\">\u010cevlje lahko kombinirate z <a href=\"https:\/\/najnaj.eu\/sl\/attribut\/brand\/voksi-sl\/?kategorija=zimske-vrece,zimske-vrece-za-kolica\">zimskimi torbami<\/a> Voksi in <a href=\"https:\/\/najnaj.eu\/sl\/attribut\/brand\/voksi-sl\/?kategorija=ostalo\">rokavicami za vozi\u010dek<\/a> za popolnoma usklajen videz.<\/span><\/p>\n","protected":false},"excerpt":{"rendered":"<ul>\n<li aria-level=\"1\"><span style=\"font-weight: 400;\">Velikost<\/span> <b>0\u20131 leto.<\/b><\/li>\n<li aria-level=\"1\"><span style=\"font-weight: 400;\">Topla in mehka z volnenim polnilom<\/span><\/li>\n<li aria-level=\"1\"><span style=\"font-weight: 400;\">Vodoodporno in odporno proti vetru<\/span><\/li>\n<li aria-level=\"1\"><span style=\"font-weight: 400;\">Enostavno obla\u010denje in sla\u010denje<\/span><\/li>\n<li aria-level=\"1\"><b>100% volneno<\/b> <span style=\"font-weight: 400;\">polnilo<\/span><\/li>\n<li aria-level=\"1\"><span style=\"font-weight: 400;\">Materiali s<\/span> <b>standardom OEKO-TEX 100, razred 1<\/b><\/li>\n<\/ul>\n","protected":false},"featured_media":290695,"comment_status":"closed","ping_status":"closed","template":"","meta":{"_acf_changed":false,"footnotes":""},"product_brand":[],"product_cat":[1341,1152,1334,1388,1224],"product_tag":[],"class_list":{"0":"post-308514","1":"product","2":"type-product","3":"status-publish","4":"has-post-thumbnail","6":"product_cat-dodatki-za-avtosedeze","7":"product_cat-dodaci-za-kolica-sl","8":"product_cat-dodatna-oprema-sl","9":"product_cat-model","10":"product_cat-ostalo-sl","11":"pa_boja-crna-sl","12":"pa_brand-voksi-sl","14":"first","15":"instock","16":"shipping-taxable","17":"purchasable","18":"product-type-simple"},"bundled_by":[],"bundle_stock_status":"instock","bundle_stock_quantity":2,"bundle_virtual":false,"bundle_layout":"","bundle_add_to_cart_form_location":"","bundle_editable_in_cart":false,"bundle_sold_individually_context":"","bundle_item_grouping":"","bundle_min_size":"","bundle_max_size":"","bundle_price":[],"bundled_items":[],"bundle_sell_ids":[],"acf":[],"yoast_head":"<!-- This site is optimized with the Yoast SEO Premium plugin v21.5 (Yoast SEO v27.5) - https:\/\/yoast.com\/product\/yoast-seo-premium-wordpress\/ -->\n<title>Voksi mehki otro\u0161ki \u010devlji, \u010drni - NajNaj.eu<\/title>\n<meta name=\"robots\" content=\"index, follow, max-snippet:-1, max-image-preview:large, max-video-preview:-1\" \/>\n<link rel=\"canonical\" href=\"https:\/\/najnaj.eu\/sl\/izdelek\/voksi-mehki-otroski-cevlji-crni\/\" \/>\n<meta property=\"og:locale\" content=\"sl_SI\" \/>\n<meta property=\"og:type\" content=\"article\" \/>\n<meta property=\"og:title\" content=\"Voksi mehki otro\u0161ki \u010devlji, \u010drni\" \/>\n<meta property=\"og:description\" content=\"Velikost 0\u20131 leto.  Topla in mehka z volnenim polnilom  Vodoodporno in odporno proti vetru  Enostavno obla\u010denje in sla\u010denje  100% volneno polnilo  Materiali s standardom OEKO-TEX 100, razred 1\" \/>\n<meta property=\"og:url\" content=\"https:\/\/najnaj.eu\/sl\/izdelek\/voksi-mehki-otroski-cevlji-crni\/\" \/>\n<meta property=\"og:site_name\" content=\"NajNaj.eu\" \/>\n<meta property=\"article:publisher\" content=\"https:\/\/web.facebook.com\/najnaj.eu\/\" \/>\n<meta property=\"og:image\" content=\"https:\/\/najnaj.eu\/wp-content\/uploads\/2026\/02\/11037717_voksi_baby-booties_black-01.webp\" \/>\n\t<meta property=\"og:image:width\" content=\"1024\" \/>\n\t<meta property=\"og:image:height\" content=\"1024\" \/>\n\t<meta property=\"og:image:type\" content=\"image\/webp\" \/>\n<meta name=\"twitter:card\" content=\"summary_large_image\" \/>\n<meta name=\"twitter:label1\" content=\"Price\" \/>\n\t<meta name=\"twitter:data1\" content=\"29,90&nbsp;&euro;\" \/>\n\t<meta name=\"twitter:label2\" content=\"Availability\" \/>\n\t<meta name=\"twitter:data2\" content=\"In stock\" \/>\n<script type=\"application\/ld+json\" class=\"yoast-schema-graph\">{\"@context\":\"https:\\\/\\\/schema.org\",\"@graph\":[{\"@type\":\"WebPage\",\"@id\":\"https:\\\/\\\/najnaj.eu\\\/sl\\\/izdelek\\\/voksi-mehki-otroski-cevlji-crni\\\/\",\"url\":\"https:\\\/\\\/najnaj.eu\\\/sl\\\/izdelek\\\/voksi-mehki-otroski-cevlji-crni\\\/\",\"name\":\"Voksi mehki otro\u0161ki \u010devlji, \u010drni - NajNaj.eu\",\"isPartOf\":{\"@id\":\"https:\\\/\\\/najnaj.eu\\\/sl\\\/#website\"},\"primaryImageOfPage\":{\"@id\":\"https:\\\/\\\/najnaj.eu\\\/sl\\\/izdelek\\\/voksi-mehki-otroski-cevlji-crni\\\/#primaryimage\"},\"image\":{\"@id\":\"https:\\\/\\\/najnaj.eu\\\/sl\\\/izdelek\\\/voksi-mehki-otroski-cevlji-crni\\\/#primaryimage\"},\"thumbnailUrl\":\"https:\\\/\\\/najnaj.eu\\\/wp-content\\\/uploads\\\/2026\\\/02\\\/11037717_voksi_baby-booties_black-01.webp\",\"datePublished\":\"2026-02-25T08:39:50+00:00\",\"breadcrumb\":{\"@id\":\"https:\\\/\\\/najnaj.eu\\\/sl\\\/izdelek\\\/voksi-mehki-otroski-cevlji-crni\\\/#breadcrumb\"},\"inLanguage\":\"sl-SI\",\"potentialAction\":[{\"@type\":\"ReadAction\",\"target\":[\"https:\\\/\\\/najnaj.eu\\\/sl\\\/izdelek\\\/voksi-mehki-otroski-cevlji-crni\\\/\"]}]},{\"@type\":\"ImageObject\",\"inLanguage\":\"sl-SI\",\"@id\":\"https:\\\/\\\/najnaj.eu\\\/sl\\\/izdelek\\\/voksi-mehki-otroski-cevlji-crni\\\/#primaryimage\",\"url\":\"https:\\\/\\\/najnaj.eu\\\/wp-content\\\/uploads\\\/2026\\\/02\\\/11037717_voksi_baby-booties_black-01.webp\",\"contentUrl\":\"https:\\\/\\\/najnaj.eu\\\/wp-content\\\/uploads\\\/2026\\\/02\\\/11037717_voksi_baby-booties_black-01.webp\",\"width\":1024,\"height\":1024},{\"@type\":\"BreadcrumbList\",\"@id\":\"https:\\\/\\\/najnaj.eu\\\/sl\\\/izdelek\\\/voksi-mehki-otroski-cevlji-crni\\\/#breadcrumb\",\"itemListElement\":[{\"@type\":\"ListItem\",\"position\":1,\"name\":\"Po\u010detna stranica\",\"item\":\"https:\\\/\\\/najnaj.eu\\\/sl\\\/prednja-stran\\\/\"},{\"@type\":\"ListItem\",\"position\":2,\"name\":\"Shop\",\"item\":\"https:\\\/\\\/najnaj.eu\\\/sl\\\/shop\\\/\"},{\"@type\":\"ListItem\",\"position\":3,\"name\":\"Voksi mehki otro\u0161ki \u010devlji, \u010drni\"}]},{\"@type\":\"WebSite\",\"@id\":\"https:\\\/\\\/najnaj.eu\\\/sl\\\/#website\",\"url\":\"https:\\\/\\\/najnaj.eu\\\/sl\\\/\",\"name\":\"NajNaj.eu\",\"description\":\"Za najva\u017enije!\",\"publisher\":{\"@id\":\"https:\\\/\\\/najnaj.eu\\\/sl\\\/#organization\"},\"potentialAction\":[{\"@type\":\"SearchAction\",\"target\":{\"@type\":\"EntryPoint\",\"urlTemplate\":\"https:\\\/\\\/najnaj.eu\\\/sl\\\/?s={search_term_string}\"},\"query-input\":{\"@type\":\"PropertyValueSpecification\",\"valueRequired\":true,\"valueName\":\"search_term_string\"}}],\"inLanguage\":\"sl-SI\"},{\"@type\":\"Organization\",\"@id\":\"https:\\\/\\\/najnaj.eu\\\/sl\\\/#organization\",\"name\":\"NajNaj.eu\",\"url\":\"https:\\\/\\\/najnaj.eu\\\/sl\\\/\",\"logo\":{\"@type\":\"ImageObject\",\"inLanguage\":\"sl-SI\",\"@id\":\"https:\\\/\\\/najnaj.eu\\\/sl\\\/#\\\/schema\\\/logo\\\/image\\\/\",\"url\":\"https:\\\/\\\/najnaj.eu\\\/wp-content\\\/uploads\\\/2023\\\/09\\\/logo_Najnaj_2023.svg\",\"contentUrl\":\"https:\\\/\\\/najnaj.eu\\\/wp-content\\\/uploads\\\/2023\\\/09\\\/logo_Najnaj_2023.svg\",\"width\":501,\"height\":278,\"caption\":\"NajNaj.eu\"},\"image\":{\"@id\":\"https:\\\/\\\/najnaj.eu\\\/sl\\\/#\\\/schema\\\/logo\\\/image\\\/\"},\"sameAs\":[\"https:\\\/\\\/web.facebook.com\\\/najnaj.eu\\\/\",\"https:\\\/\\\/www.instagram.com\\\/najnaj.eu\\\/\",\"https:\\\/\\\/www.tiktok.com\\\/@najnaj.eu\"]}]}<\/script>\n<meta property=\"product:brand\" content=\"Voksi\" \/>\n<meta property=\"product:price:amount\" content=\"29.90\" \/>\n<meta property=\"product:price:currency\" content=\"EUR\" \/>\n<meta property=\"og:availability\" content=\"instock\" \/>\n<meta property=\"product:availability\" content=\"instock\" \/>\n<meta property=\"product:retailer_item_id\" content=\"11037717-Black-0-1Y-LightGrey\" \/>\n<meta property=\"product:condition\" content=\"new\" \/>\n<!-- \/ Yoast SEO Premium plugin. -->","yoast_head_json":{"title":"Voksi mehki otro\u0161ki \u010devlji, \u010drni - NajNaj.eu","robots":{"index":"index","follow":"follow","max-snippet":"max-snippet:-1","max-image-preview":"max-image-preview:large","max-video-preview":"max-video-preview:-1"},"canonical":"https:\/\/najnaj.eu\/sl\/izdelek\/voksi-mehki-otroski-cevlji-crni\/","og_locale":"sl_SI","og_type":"article","og_title":"Voksi mehki otro\u0161ki \u010devlji, \u010drni","og_description":"Velikost 0\u20131 leto.  Topla in mehka z volnenim polnilom  Vodoodporno in odporno proti vetru  Enostavno obla\u010denje in sla\u010denje  100% volneno polnilo  Materiali s standardom OEKO-TEX 100, razred 1","og_url":"https:\/\/najnaj.eu\/sl\/izdelek\/voksi-mehki-otroski-cevlji-crni\/","og_site_name":"NajNaj.eu","article_publisher":"https:\/\/web.facebook.com\/najnaj.eu\/","og_image":[{"width":1024,"height":1024,"url":"https:\/\/najnaj.eu\/wp-content\/uploads\/2026\/02\/11037717_voksi_baby-booties_black-01.webp","type":"image\/webp"}],"twitter_card":"summary_large_image","twitter_misc":{"Price":"29,90&nbsp;&euro;","Availability":"In stock"},"schema":{"@context":"https:\/\/schema.org","@graph":[{"@type":"WebPage","@id":"https:\/\/najnaj.eu\/sl\/izdelek\/voksi-mehki-otroski-cevlji-crni\/","url":"https:\/\/najnaj.eu\/sl\/izdelek\/voksi-mehki-otroski-cevlji-crni\/","name":"Voksi mehki otro\u0161ki \u010devlji, \u010drni - NajNaj.eu","isPartOf":{"@id":"https:\/\/najnaj.eu\/sl\/#website"},"primaryImageOfPage":{"@id":"https:\/\/najnaj.eu\/sl\/izdelek\/voksi-mehki-otroski-cevlji-crni\/#primaryimage"},"image":{"@id":"https:\/\/najnaj.eu\/sl\/izdelek\/voksi-mehki-otroski-cevlji-crni\/#primaryimage"},"thumbnailUrl":"https:\/\/najnaj.eu\/wp-content\/uploads\/2026\/02\/11037717_voksi_baby-booties_black-01.webp","datePublished":"2026-02-25T08:39:50+00:00","breadcrumb":{"@id":"https:\/\/najnaj.eu\/sl\/izdelek\/voksi-mehki-otroski-cevlji-crni\/#breadcrumb"},"inLanguage":"sl-SI","potentialAction":[{"@type":"ReadAction","target":["https:\/\/najnaj.eu\/sl\/izdelek\/voksi-mehki-otroski-cevlji-crni\/"]}]},{"@type":"ImageObject","inLanguage":"sl-SI","@id":"https:\/\/najnaj.eu\/sl\/izdelek\/voksi-mehki-otroski-cevlji-crni\/#primaryimage","url":"https:\/\/najnaj.eu\/wp-content\/uploads\/2026\/02\/11037717_voksi_baby-booties_black-01.webp","contentUrl":"https:\/\/najnaj.eu\/wp-content\/uploads\/2026\/02\/11037717_voksi_baby-booties_black-01.webp","width":1024,"height":1024},{"@type":"BreadcrumbList","@id":"https:\/\/najnaj.eu\/sl\/izdelek\/voksi-mehki-otroski-cevlji-crni\/#breadcrumb","itemListElement":[{"@type":"ListItem","position":1,"name":"Po\u010detna stranica","item":"https:\/\/najnaj.eu\/sl\/prednja-stran\/"},{"@type":"ListItem","position":2,"name":"Shop","item":"https:\/\/najnaj.eu\/sl\/shop\/"},{"@type":"ListItem","position":3,"name":"Voksi mehki otro\u0161ki \u010devlji, \u010drni"}]},{"@type":"WebSite","@id":"https:\/\/najnaj.eu\/sl\/#website","url":"https:\/\/najnaj.eu\/sl\/","name":"NajNaj.eu","description":"Za najva\u017enije!","publisher":{"@id":"https:\/\/najnaj.eu\/sl\/#organization"},"potentialAction":[{"@type":"SearchAction","target":{"@type":"EntryPoint","urlTemplate":"https:\/\/najnaj.eu\/sl\/?s={search_term_string}"},"query-input":{"@type":"PropertyValueSpecification","valueRequired":true,"valueName":"search_term_string"}}],"inLanguage":"sl-SI"},{"@type":"Organization","@id":"https:\/\/najnaj.eu\/sl\/#organization","name":"NajNaj.eu","url":"https:\/\/najnaj.eu\/sl\/","logo":{"@type":"ImageObject","inLanguage":"sl-SI","@id":"https:\/\/najnaj.eu\/sl\/#\/schema\/logo\/image\/","url":"https:\/\/najnaj.eu\/wp-content\/uploads\/2023\/09\/logo_Najnaj_2023.svg","contentUrl":"https:\/\/najnaj.eu\/wp-content\/uploads\/2023\/09\/logo_Najnaj_2023.svg","width":501,"height":278,"caption":"NajNaj.eu"},"image":{"@id":"https:\/\/najnaj.eu\/sl\/#\/schema\/logo\/image\/"},"sameAs":["https:\/\/web.facebook.com\/najnaj.eu\/","https:\/\/www.instagram.com\/najnaj.eu\/","https:\/\/www.tiktok.com\/@najnaj.eu"]}]},"product_brand":"Voksi","product_price_amount":"29.90","product_price_currency":"EUR","og_availability":"instock","product_availability":"instock","product_retailer_item_id":"11037717-Black-0-1Y-LightGrey","product_condition":"new"},"_links":{"self":[{"href":"https:\/\/najnaj.eu\/sl\/wp-json\/wp\/v2\/product\/308514","targetHints":{"allow":["GET"]}}],"collection":[{"href":"https:\/\/najnaj.eu\/sl\/wp-json\/wp\/v2\/product"}],"about":[{"href":"https:\/\/najnaj.eu\/sl\/wp-json\/wp\/v2\/types\/product"}],"replies":[{"embeddable":true,"href":"https:\/\/najnaj.eu\/sl\/wp-json\/wp\/v2\/comments?post=308514"}],"version-history":[{"count":0,"href":"https:\/\/najnaj.eu\/sl\/wp-json\/wp\/v2\/product\/308514\/revisions"}],"wp:featuredmedia":[{"embeddable":true,"href":"https:\/\/najnaj.eu\/sl\/wp-json\/wp\/v2\/media\/290695"}],"wp:attachment":[{"href":"https:\/\/najnaj.eu\/sl\/wp-json\/wp\/v2\/media?parent=308514"}],"wp:term":[{"taxonomy":"product_brand","embeddable":true,"href":"https:\/\/najnaj.eu\/sl\/wp-json\/wp\/v2\/product_brand?post=308514"},{"taxonomy":"product_cat","embeddable":true,"href":"https:\/\/najnaj.eu\/sl\/wp-json\/wp\/v2\/product_cat?post=308514"},{"taxonomy":"product_tag","embeddable":true,"href":"https:\/\/najnaj.eu\/sl\/wp-json\/wp\/v2\/product_tag?post=308514"}],"curies":[{"name":"wp","href":"https:\/\/api.w.org\/{rel}","templated":true}]}}