{"id":307847,"date":"2026-04-30T10:25:28","date_gmt":"2026-04-30T08:25:28","guid":{"rendered":"https:\/\/najnaj.eu\/?post_type=product&#038;p=307847"},"modified":"2026-04-30T11:27:50","modified_gmt":"2026-04-30T09:27:50","slug":"besafe-beyond%c2%b2-360-temno-siva-melanz-kopiraj-kopiraj","status":"publish","type":"product","link":"https:\/\/najnaj.eu\/sl\/izdelek\/besafe-beyond%c2%b2-360-temno-siva-melanz-kopiraj-kopiraj\/","title":{"rendered":"BeSafe Beyond, sve\u017e \u010drni taksi"},"content":{"rendered":"<p><strong>1. Upravljanje z eno roko<\/strong><br \/>\n Za udobno namestitev otroka lahko sede\u017e zavrtite in prilagodite nagib samo z eno roko. Omogo\u010da vrtenje proti vratom avtomobila za la\u017eji dostop do otroka. <\/p>\n<p><strong>2. Ve\u010d prostora za noge<\/strong><br \/>\n Z enim preprostim klikom je mogo\u010de prostor za noge nastaviti do 16 cm. Prostor za noge se prilagodi s spreminjanjem kota sprednje opore na podstavku. <\/p>\n<p><strong>3. Namestitev na podstavek ISOfix<\/strong><br \/>\n Izjemno hitra in enostavna namestitev s priklju\u010dki ISOfix. Podstavek pritisnite na pritrdilne to\u010dke ISOfix v avtomobilu, ga potisnite proti sede\u017eu in nastavite podporno nogo \u2013 in pripravljeni ste. <\/p>\n<p><strong>4. Prostoren avtosede\u017e<\/strong><br \/>\n Notranjost sede\u017ea je zasnovana tako, da je \u0161e bolj prostorna, kar omogo\u010da udobno vo\u017enjo va\u0161ega otroka do 6. leta starosti. Enostavna nastavitev vzglavnika v 11 polo\u017eajev do 125 cm. <\/p>\n<p><strong>5. Dodatna za\u0161\u010dita<\/strong><br \/>\n Dodatna stranska za\u0161\u010dita absorbira energijo in zmanj\u0161a obremenitev za do dodatnih 20 % v primeru bo\u010dnega trka. Vzglavnik je inovativen in za\u0161\u010ditni, izdelan iz posebnih materialov, ki optimalno absorbirajo sile morebitnega udarca. <\/p>\n<p><strong>Vrhunska varnost<\/strong><br \/>\n \u2013 Odobreno do 125 cm in 22 kg<br \/>\n \u2013 Dodaten za\u0161\u010ditni vzglavnik z Dynamic Force Absorber\u2122<br \/>\n \u2013 Materiali, ki absorbirajo udarce, in \u0161koljkasta konstrukcija avtosede\u017ea<br \/>\n \u2013 Dodatna stranska za\u0161\u010dita pred trki (SIP+), ki se enostavno pritrdi na avtosede\u017e<br \/>\n \u2013 Opravil najte\u017eji test tr\u010denja na svetu \u2013 Plus test<br \/>\n \u2013 Omogo\u010da vo\u017enjo v obrnjenem nazaj vozi\u010dku do 6. leta starosti<br \/>\n &#8211; zmagovalec testa ADAC 2024<\/p>\n<p><strong>Edinstvene lastnosti za vsakodnevno prilagodljivost<\/strong><br \/>\n \u2013 Enostavna in hitra namestitev ISOfixa<br \/>\n \u2013 Prakti\u010dno za prena\u0161anje in premikanje med avtomobili, saj je sede\u017e mogo\u010de enostavno lo\u010diti od podno\u017eja<br \/>\n \u2013 Enostavno vrtenje za 180\u00b0 za la\u017eji dostop do otroka<br \/>\n \u2013 Upravljanje z eno roko za vrtenje in nastavitev nagiba sede\u017ea<br \/>\n \u2013 Magneti za pas za enostavno namestitev in odstranitev otroka iz avtomobila<\/p>\n<p><strong>Udobje<\/strong><br \/>\n \u2013 Universal Level Technology\u2122 za optimalen kot sedenja v vsakem avtomobilu<br \/>\n \u2013 Prostor za noge se lahko podalj\u0161a do 16 cm pri uporabi v nasprotni smeri vo\u017enje<br \/>\n \u2013 Nastavljiv polo\u017eaj naslonjala za dodatno udobje<br \/>\n \u2013 Za\u0161\u010ditne blazinice zagotavljajo dodatno udobje in stabilnost za manj\u0161e otroke<br \/>\n \u2013 11-stopinjsko nastavljiv vzglavnik raste z va\u0161im otrokom do 125 cm<\/p>\n<p><strong>Narava in spreminjajo\u010da se mobilnost v mislih<\/strong><br \/>\n Koncept BeSafe Beyond je zasnovan za dolgo \u017eivljenjsko dobo. Njegovi trpe\u017eni materiali v kombinaciji s konstrukcijo, ki omogo\u010da enostavno popravilo, podalj\u0161ujejo \u017eivljenjsko dobo vseh izdelkov koncepta Beyond na 15 let. Z uporabo istega podno\u017eja za otro\u0161ki avtosede\u017e in avtosede\u017e za mal\u010dke od 0 do 6 let zmanj\u0161ujemo koli\u010dino materialov, uporabljenih med proizvodnjo.<br \/>\n Poleg tega je modularna in lahka zasnova koncepta idealna za dru\u017eine, ki \u017eelijo svoj sede\u017e uporabljati v ve\u010d avtomobilih \u2013 ne glede na to, ali imajo v lasti dva avtomobila ali uporabljajo storitve souporabe avtomobilov.  <\/p>\n<p><strong>\u010cas uporabe<\/strong><br \/>\n Izjava o omejitvi odgovornosti glede starosti: Upo\u0161tevajte, da je navedena starostna skupina le smernica, ki temelji na povpre\u010djih, in ne omejuje ali zagotavlja \u010dasa uporabe.<\/p>\n","protected":false},"excerpt":{"rendered":"<ul>\n<li>odobreno za uporabo od 61 do 125 cm in 22 kg \u2013 pribli\u017eno od 6 mesecev do 6 let<\/li>\n<li>uporabljajte <strong>samo v nasprotni smeri vo\u017enje<\/strong> , z vrtenjem proti vratom avtomobila<\/li>\n<li><strong>opravil Plus test \u2013 najte\u017eji test tr\u010denja na svetu<\/strong><\/li>\n<li>Za namestitev v avto je potrebna <a href=\"https:\/\/najnaj.eu\/izdelek\/besafe-beyond-isofix-baza\/\">baza Beyond ISOfix<\/a><\/li>\n<\/ul>\n","protected":false},"featured_media":307858,"comment_status":"closed","ping_status":"closed","template":"","meta":{"_acf_changed":false,"footnotes":""},"product_brand":[],"product_cat":[1204,2293,1180],"product_tag":[],"class_list":{"0":"post-307847","1":"product","2":"type-product","3":"status-publish","4":"has-post-thumbnail","6":"product_cat-avto-sedezi","7":"product_cat-majhni-otroci-6-mesecev-6-let","8":"product_cat-proizvodi-sl","9":"pa_boja-crna-sl","10":"pa_brand-besafe-sl","11":"pa_nacin-postavljanja-isofix-sl","12":"pa_visina-djeteta-od-61-do-125-cm-sl","14":"first","15":"instock","16":"shipping-taxable","17":"purchasable","18":"product-type-simple"},"bundled_by":[],"bundle_stock_status":"instock","bundle_stock_quantity":4,"bundle_virtual":false,"bundle_layout":"","bundle_add_to_cart_form_location":"","bundle_editable_in_cart":false,"bundle_sold_individually_context":"","bundle_item_grouping":"","bundle_min_size":"","bundle_max_size":"","bundle_price":[],"bundled_items":[],"bundle_sell_ids":[],"acf":[],"yoast_head":"<!-- This site is optimized with the Yoast SEO Premium plugin v21.5 (Yoast SEO v27.4) - https:\/\/yoast.com\/product\/yoast-seo-premium-wordpress\/ -->\n<title>BeSafe Beyond, sve\u017e \u010drni taksi - NajNaj.eu<\/title>\n<meta name=\"description\" content=\"BeSafe Beyond \u2013 za uporabo do pribli\u017eno 6. leta starosti (125 cm \/ 22 kg), samo v nasprotni smeri vo\u017enje, z vrtenjem proti vratom avtomobila.\" \/>\n<meta name=\"robots\" content=\"index, follow, max-snippet:-1, max-image-preview:large, max-video-preview:-1\" \/>\n<link rel=\"canonical\" href=\"https:\/\/najnaj.eu\/sl\/izdelek\/besafe-beyond%c2%b2-360-temno-siva-melanz-kopiraj-kopiraj\/\" \/>\n<meta property=\"og:locale\" content=\"sl_SI\" \/>\n<meta property=\"og:type\" content=\"article\" \/>\n<meta property=\"og:title\" content=\"BeSafe Beyond, sve\u017e \u010drni taksi\" \/>\n<meta property=\"og:description\" content=\"BeSafe Beyond \u2013 za uporabo do pribli\u017eno 6. leta starosti (125 cm \/ 22 kg), samo v nasprotni smeri vo\u017enje, z vrtenjem proti vratom avtomobila.\" \/>\n<meta property=\"og:url\" content=\"https:\/\/najnaj.eu\/sl\/izdelek\/besafe-beyond%c2%b2-360-temno-siva-melanz-kopiraj-kopiraj\/\" \/>\n<meta property=\"og:site_name\" content=\"NajNaj.eu\" \/>\n<meta property=\"article:publisher\" content=\"https:\/\/web.facebook.com\/najnaj.eu\/\" \/>\n<meta property=\"article:modified_time\" content=\"2026-04-30T09:27:50+00:00\" \/>\n<meta property=\"og:image\" content=\"https:\/\/najnaj.eu\/wp-content\/uploads\/2026\/04\/Untitled-design-3.png\" \/>\n\t<meta property=\"og:image:width\" content=\"2000\" \/>\n\t<meta property=\"og:image:height\" content=\"2000\" \/>\n\t<meta property=\"og:image:type\" content=\"image\/png\" \/>\n<meta name=\"twitter:card\" content=\"summary_large_image\" \/>\n<meta name=\"twitter:label1\" content=\"Price\" \/>\n\t<meta name=\"twitter:data1\" content=\"509,00&nbsp;&euro;\" \/>\n\t<meta name=\"twitter:label2\" content=\"Availability\" \/>\n\t<meta name=\"twitter:data2\" content=\"In stock\" \/>\n<script type=\"application\/ld+json\" class=\"yoast-schema-graph\">{\"@context\":\"https:\\\/\\\/schema.org\",\"@graph\":[{\"@type\":\"WebPage\",\"@id\":\"https:\\\/\\\/najnaj.eu\\\/sl\\\/izdelek\\\/besafe-beyond%c2%b2-360-temno-siva-melanz-kopiraj-kopiraj\\\/\",\"url\":\"https:\\\/\\\/najnaj.eu\\\/sl\\\/izdelek\\\/besafe-beyond%c2%b2-360-temno-siva-melanz-kopiraj-kopiraj\\\/\",\"name\":\"BeSafe Beyond, sve\u017e \u010drni taksi - NajNaj.eu\",\"isPartOf\":{\"@id\":\"https:\\\/\\\/najnaj.eu\\\/sl\\\/#website\"},\"primaryImageOfPage\":{\"@id\":\"https:\\\/\\\/najnaj.eu\\\/sl\\\/izdelek\\\/besafe-beyond%c2%b2-360-temno-siva-melanz-kopiraj-kopiraj\\\/#primaryimage\"},\"image\":{\"@id\":\"https:\\\/\\\/najnaj.eu\\\/sl\\\/izdelek\\\/besafe-beyond%c2%b2-360-temno-siva-melanz-kopiraj-kopiraj\\\/#primaryimage\"},\"thumbnailUrl\":\"https:\\\/\\\/najnaj.eu\\\/wp-content\\\/uploads\\\/2026\\\/04\\\/Untitled-design-3.png\",\"datePublished\":\"2026-04-30T08:25:28+00:00\",\"dateModified\":\"2026-04-30T09:27:50+00:00\",\"description\":\"BeSafe Beyond \u2013 za uporabo do pribli\u017eno 6. leta starosti (125 cm \\\/ 22 kg), samo v nasprotni smeri vo\u017enje, z vrtenjem proti vratom avtomobila.\",\"breadcrumb\":{\"@id\":\"https:\\\/\\\/najnaj.eu\\\/sl\\\/izdelek\\\/besafe-beyond%c2%b2-360-temno-siva-melanz-kopiraj-kopiraj\\\/#breadcrumb\"},\"inLanguage\":\"sl-SI\",\"potentialAction\":[{\"@type\":\"ReadAction\",\"target\":[\"https:\\\/\\\/najnaj.eu\\\/sl\\\/izdelek\\\/besafe-beyond%c2%b2-360-temno-siva-melanz-kopiraj-kopiraj\\\/\"]}]},{\"@type\":\"ImageObject\",\"inLanguage\":\"sl-SI\",\"@id\":\"https:\\\/\\\/najnaj.eu\\\/sl\\\/izdelek\\\/besafe-beyond%c2%b2-360-temno-siva-melanz-kopiraj-kopiraj\\\/#primaryimage\",\"url\":\"https:\\\/\\\/najnaj.eu\\\/wp-content\\\/uploads\\\/2026\\\/04\\\/Untitled-design-3.png\",\"contentUrl\":\"https:\\\/\\\/najnaj.eu\\\/wp-content\\\/uploads\\\/2026\\\/04\\\/Untitled-design-3.png\",\"width\":2000,\"height\":2000},{\"@type\":\"BreadcrumbList\",\"@id\":\"https:\\\/\\\/najnaj.eu\\\/sl\\\/izdelek\\\/besafe-beyond%c2%b2-360-temno-siva-melanz-kopiraj-kopiraj\\\/#breadcrumb\",\"itemListElement\":[{\"@type\":\"ListItem\",\"position\":1,\"name\":\"Po\u010detna stranica\",\"item\":\"https:\\\/\\\/najnaj.eu\\\/sl\\\/prednja-stran\\\/\"},{\"@type\":\"ListItem\",\"position\":2,\"name\":\"Shop\",\"item\":\"https:\\\/\\\/najnaj.eu\\\/sl\\\/shop\\\/\"},{\"@type\":\"ListItem\",\"position\":3,\"name\":\"Privatno: BeSafe Beyond, sve\u017e \u010drni taksi\"}]},{\"@type\":\"WebSite\",\"@id\":\"https:\\\/\\\/najnaj.eu\\\/sl\\\/#website\",\"url\":\"https:\\\/\\\/najnaj.eu\\\/sl\\\/\",\"name\":\"NajNaj.eu\",\"description\":\"Za najva\u017enije!\",\"publisher\":{\"@id\":\"https:\\\/\\\/najnaj.eu\\\/sl\\\/#organization\"},\"potentialAction\":[{\"@type\":\"SearchAction\",\"target\":{\"@type\":\"EntryPoint\",\"urlTemplate\":\"https:\\\/\\\/najnaj.eu\\\/sl\\\/?s={search_term_string}\"},\"query-input\":{\"@type\":\"PropertyValueSpecification\",\"valueRequired\":true,\"valueName\":\"search_term_string\"}}],\"inLanguage\":\"sl-SI\"},{\"@type\":\"Organization\",\"@id\":\"https:\\\/\\\/najnaj.eu\\\/sl\\\/#organization\",\"name\":\"NajNaj.eu\",\"url\":\"https:\\\/\\\/najnaj.eu\\\/sl\\\/\",\"logo\":{\"@type\":\"ImageObject\",\"inLanguage\":\"sl-SI\",\"@id\":\"https:\\\/\\\/najnaj.eu\\\/sl\\\/#\\\/schema\\\/logo\\\/image\\\/\",\"url\":\"https:\\\/\\\/najnaj.eu\\\/wp-content\\\/uploads\\\/2023\\\/09\\\/logo_Najnaj_2023.svg\",\"contentUrl\":\"https:\\\/\\\/najnaj.eu\\\/wp-content\\\/uploads\\\/2023\\\/09\\\/logo_Najnaj_2023.svg\",\"width\":501,\"height\":278,\"caption\":\"NajNaj.eu\"},\"image\":{\"@id\":\"https:\\\/\\\/najnaj.eu\\\/sl\\\/#\\\/schema\\\/logo\\\/image\\\/\"},\"sameAs\":[\"https:\\\/\\\/web.facebook.com\\\/najnaj.eu\\\/\",\"https:\\\/\\\/www.instagram.com\\\/najnaj.eu\\\/\",\"https:\\\/\\\/www.tiktok.com\\\/@najnaj.eu\"]}]}<\/script>\n<meta property=\"product:brand\" content=\"BeSafe\" \/>\n<meta property=\"product:price:amount\" content=\"509.00\" \/>\n<meta property=\"product:price:currency\" content=\"EUR\" \/>\n<meta property=\"og:availability\" content=\"instock\" \/>\n<meta property=\"product:availability\" content=\"instock\" \/>\n<meta property=\"product:retailer_item_id\" content=\"11036240-BlackCabF\" \/>\n<meta property=\"product:condition\" content=\"new\" \/>\n<!-- \/ Yoast SEO Premium plugin. -->","yoast_head_json":{"title":"BeSafe Beyond, sve\u017e \u010drni taksi - NajNaj.eu","description":"BeSafe Beyond \u2013 za uporabo do pribli\u017eno 6. leta starosti (125 cm \/ 22 kg), samo v nasprotni smeri vo\u017enje, z vrtenjem proti vratom avtomobila.","robots":{"index":"index","follow":"follow","max-snippet":"max-snippet:-1","max-image-preview":"max-image-preview:large","max-video-preview":"max-video-preview:-1"},"canonical":"https:\/\/najnaj.eu\/sl\/izdelek\/besafe-beyond%c2%b2-360-temno-siva-melanz-kopiraj-kopiraj\/","og_locale":"sl_SI","og_type":"article","og_title":"BeSafe Beyond, sve\u017e \u010drni taksi","og_description":"BeSafe Beyond \u2013 za uporabo do pribli\u017eno 6. leta starosti (125 cm \/ 22 kg), samo v nasprotni smeri vo\u017enje, z vrtenjem proti vratom avtomobila.","og_url":"https:\/\/najnaj.eu\/sl\/izdelek\/besafe-beyond%c2%b2-360-temno-siva-melanz-kopiraj-kopiraj\/","og_site_name":"NajNaj.eu","article_publisher":"https:\/\/web.facebook.com\/najnaj.eu\/","article_modified_time":"2026-04-30T09:27:50+00:00","og_image":[{"width":2000,"height":2000,"url":"https:\/\/najnaj.eu\/wp-content\/uploads\/2026\/04\/Untitled-design-3.png","type":"image\/png"}],"twitter_card":"summary_large_image","twitter_misc":{"Price":"509,00&nbsp;&euro;","Availability":"In stock"},"schema":{"@context":"https:\/\/schema.org","@graph":[{"@type":"WebPage","@id":"https:\/\/najnaj.eu\/sl\/izdelek\/besafe-beyond%c2%b2-360-temno-siva-melanz-kopiraj-kopiraj\/","url":"https:\/\/najnaj.eu\/sl\/izdelek\/besafe-beyond%c2%b2-360-temno-siva-melanz-kopiraj-kopiraj\/","name":"BeSafe Beyond, sve\u017e \u010drni taksi - NajNaj.eu","isPartOf":{"@id":"https:\/\/najnaj.eu\/sl\/#website"},"primaryImageOfPage":{"@id":"https:\/\/najnaj.eu\/sl\/izdelek\/besafe-beyond%c2%b2-360-temno-siva-melanz-kopiraj-kopiraj\/#primaryimage"},"image":{"@id":"https:\/\/najnaj.eu\/sl\/izdelek\/besafe-beyond%c2%b2-360-temno-siva-melanz-kopiraj-kopiraj\/#primaryimage"},"thumbnailUrl":"https:\/\/najnaj.eu\/wp-content\/uploads\/2026\/04\/Untitled-design-3.png","datePublished":"2026-04-30T08:25:28+00:00","dateModified":"2026-04-30T09:27:50+00:00","description":"BeSafe Beyond \u2013 za uporabo do pribli\u017eno 6. leta starosti (125 cm \/ 22 kg), samo v nasprotni smeri vo\u017enje, z vrtenjem proti vratom avtomobila.","breadcrumb":{"@id":"https:\/\/najnaj.eu\/sl\/izdelek\/besafe-beyond%c2%b2-360-temno-siva-melanz-kopiraj-kopiraj\/#breadcrumb"},"inLanguage":"sl-SI","potentialAction":[{"@type":"ReadAction","target":["https:\/\/najnaj.eu\/sl\/izdelek\/besafe-beyond%c2%b2-360-temno-siva-melanz-kopiraj-kopiraj\/"]}]},{"@type":"ImageObject","inLanguage":"sl-SI","@id":"https:\/\/najnaj.eu\/sl\/izdelek\/besafe-beyond%c2%b2-360-temno-siva-melanz-kopiraj-kopiraj\/#primaryimage","url":"https:\/\/najnaj.eu\/wp-content\/uploads\/2026\/04\/Untitled-design-3.png","contentUrl":"https:\/\/najnaj.eu\/wp-content\/uploads\/2026\/04\/Untitled-design-3.png","width":2000,"height":2000},{"@type":"BreadcrumbList","@id":"https:\/\/najnaj.eu\/sl\/izdelek\/besafe-beyond%c2%b2-360-temno-siva-melanz-kopiraj-kopiraj\/#breadcrumb","itemListElement":[{"@type":"ListItem","position":1,"name":"Po\u010detna stranica","item":"https:\/\/najnaj.eu\/sl\/prednja-stran\/"},{"@type":"ListItem","position":2,"name":"Shop","item":"https:\/\/najnaj.eu\/sl\/shop\/"},{"@type":"ListItem","position":3,"name":"Privatno: BeSafe Beyond, sve\u017e \u010drni taksi"}]},{"@type":"WebSite","@id":"https:\/\/najnaj.eu\/sl\/#website","url":"https:\/\/najnaj.eu\/sl\/","name":"NajNaj.eu","description":"Za najva\u017enije!","publisher":{"@id":"https:\/\/najnaj.eu\/sl\/#organization"},"potentialAction":[{"@type":"SearchAction","target":{"@type":"EntryPoint","urlTemplate":"https:\/\/najnaj.eu\/sl\/?s={search_term_string}"},"query-input":{"@type":"PropertyValueSpecification","valueRequired":true,"valueName":"search_term_string"}}],"inLanguage":"sl-SI"},{"@type":"Organization","@id":"https:\/\/najnaj.eu\/sl\/#organization","name":"NajNaj.eu","url":"https:\/\/najnaj.eu\/sl\/","logo":{"@type":"ImageObject","inLanguage":"sl-SI","@id":"https:\/\/najnaj.eu\/sl\/#\/schema\/logo\/image\/","url":"https:\/\/najnaj.eu\/wp-content\/uploads\/2023\/09\/logo_Najnaj_2023.svg","contentUrl":"https:\/\/najnaj.eu\/wp-content\/uploads\/2023\/09\/logo_Najnaj_2023.svg","width":501,"height":278,"caption":"NajNaj.eu"},"image":{"@id":"https:\/\/najnaj.eu\/sl\/#\/schema\/logo\/image\/"},"sameAs":["https:\/\/web.facebook.com\/najnaj.eu\/","https:\/\/www.instagram.com\/najnaj.eu\/","https:\/\/www.tiktok.com\/@najnaj.eu"]}]},"product_brand":"BeSafe","product_price_amount":"509.00","product_price_currency":"EUR","og_availability":"instock","product_availability":"instock","product_retailer_item_id":"11036240-BlackCabF","product_condition":"new"},"_links":{"self":[{"href":"https:\/\/najnaj.eu\/sl\/wp-json\/wp\/v2\/product\/307847","targetHints":{"allow":["GET"]}}],"collection":[{"href":"https:\/\/najnaj.eu\/sl\/wp-json\/wp\/v2\/product"}],"about":[{"href":"https:\/\/najnaj.eu\/sl\/wp-json\/wp\/v2\/types\/product"}],"replies":[{"embeddable":true,"href":"https:\/\/najnaj.eu\/sl\/wp-json\/wp\/v2\/comments?post=307847"}],"version-history":[{"count":0,"href":"https:\/\/najnaj.eu\/sl\/wp-json\/wp\/v2\/product\/307847\/revisions"}],"wp:featuredmedia":[{"embeddable":true,"href":"https:\/\/najnaj.eu\/sl\/wp-json\/wp\/v2\/media\/307858"}],"wp:attachment":[{"href":"https:\/\/najnaj.eu\/sl\/wp-json\/wp\/v2\/media?parent=307847"}],"wp:term":[{"taxonomy":"product_brand","embeddable":true,"href":"https:\/\/najnaj.eu\/sl\/wp-json\/wp\/v2\/product_brand?post=307847"},{"taxonomy":"product_cat","embeddable":true,"href":"https:\/\/najnaj.eu\/sl\/wp-json\/wp\/v2\/product_cat?post=307847"},{"taxonomy":"product_tag","embeddable":true,"href":"https:\/\/najnaj.eu\/sl\/wp-json\/wp\/v2\/product_tag?post=307847"}],"curies":[{"name":"wp","href":"https:\/\/api.w.org\/{rel}","templated":true}]}}