{"id":307525,"date":"2026-04-27T12:46:20","date_gmt":"2026-04-27T10:46:20","guid":{"rendered":"https:\/\/najnaj.eu\/?post_type=product&#038;p=307525"},"modified":"2026-04-28T17:00:06","modified_gmt":"2026-04-28T15:00:06","slug":"paket-radionica-fizioloski-porodaj-9-6-dojenje-11-6-baby-handling-16-6-u-18-sati","status":"publish","type":"product","link":"https:\/\/najnaj.eu\/sl\/izdelek\/paket-radionica-fizioloski-porodaj-9-6-dojenje-11-6-baby-handling-16-6-u-18-sati\/","title":{"rendered":"PAKET RADIONICA: Fiziolo\u0161ki poro\u0111aj (9.6.) + Dojenje (11.6.) + Baby handling (16.6.) u 18 sati (Zagreb)"},"content":{"rendered":"<h3>PREDAVANJE I PRI\u010cAONICA O FIZIOLO\u0160KOM PORO\u0110AJU<\/h3>\n<p>Teme pri\u010daonice o fiziolo\u0161kom poro\u0111aju:<\/p>\n<ol>\n<li><strong>Kako zapo\u010dinje poro\u0111aj (kako razlikovati prave od la\u017enih trudova)<\/strong><\/li>\n<li><strong>Postupak prilikom dolaska u rodili\u0161te<\/strong><\/li>\n<li><strong>\u0160to ponijeti sa sobom u rodili\u0161te<\/strong><\/li>\n<li><strong>Kako komunicirati s osobljem u rodili\u0161tu (kako ostvariti vlastite \u017eelje u hrvatskom rodili\u0161tu)<\/strong><\/li>\n<li><strong>Fiziolo\u0161ki poro\u0111aj<\/strong><\/li>\n<li><strong>Kako se nositi sa trudovima<\/strong><\/li>\n<li><strong>Trenutci neposredno nakon poro\u0111aja<\/strong><\/li>\n<\/ol>\n<p>Radionica je osmi\u0161ljena kao pri\u010daonica na kojoj su pitanja polaznika fokus predavanja.<\/p>\n<p>Radionicu vodi: Erika Spiri\u0107 &#8211; primalja s preko 40 godina iskustva, jedna od osniva\u010dica Hrvatske komore primalja<\/p>\n<p><em>Odr\u017eava se 9. lipnja u 18 sati<\/em><\/p>\n<p>&nbsp;<\/p>\n<h3>DOJENJE BEZ PROBLEMA<\/h3>\n<p>Teme radionice dojenja:<\/p>\n<ol>\n<li><strong>Za\u0161to dojiti?<\/strong><\/li>\n<li><strong>Izazovi prvih dana dojenja<\/strong><\/li>\n<li><strong>Kako izbje\u0107i i rije\u0161iti probleme kod dojenja<\/strong><\/li>\n<li><strong>Kako procijeniti trebate li stru\u010dnu pomo\u0107 oko dojenja i kome se obratiti kad vam je pomo\u0107 potrebna<\/strong><\/li>\n<li><strong>Mitovi o dojenju i kako se nositi s okolinom<\/strong><\/li>\n<li><strong>Polo\u017eaji za dojenje i pravilno stavljanje djeteta na dojku<\/strong><\/li>\n<li><strong>Tehnike za uspje\u0161no dojenje<\/strong><\/li>\n<\/ol>\n<p>Radionicu vodi: Branka Mrzi\u0107 Jagati\u0107 &#8211; savjetnica za dojenje s 20 godina iskustva<\/p>\n<p><em>Odr\u017eava se 11. lipnja u 18 sati<\/em><\/p>\n<p>&nbsp;<\/p>\n<h3>BABY HANDLING<\/h3>\n<p>Teme prakti\u010dne radionice baby handlinga::<\/p>\n<ol>\n<li><strong>Na koji na\u010din pravilno podizati i nositi bebu<\/strong><\/li>\n<li><strong>Kako prematati i obavljati osobnu njegu<\/strong><\/li>\n<li><strong>Kako hraniti bebu poti\u010du\u0107i pravilan motori\u010dki razvoj od ro\u0111enja<\/strong><\/li>\n<li><strong>\u0160to o\u010dekivati u motori\u010dkom razvoju bebe u odnosu na dob<\/strong><\/li>\n<li><strong>Na koji na\u010din primjenjivati babyhandling kako beba raste<\/strong><\/li>\n<\/ol>\n<p>Radionicu vodi: Lea Zglavnik &#8211;\u00a0 radna terapeutkinja, certificirana za provedbu terapije senzorne integracije s 10 godina iskustva rada s djecom i roditeljima. Kroz formalno i neformalno obrazovanje dodatno educirana za rani razvoj djece.<\/p>\n<p><em>Odr\u017eava se 16. lipnja u 18 sati<\/em><\/p>\n<p>&nbsp;<\/p>\n<p><strong style=\"font-size: 1.41575em;\">Mjesto odr\u017eavanja:<\/strong><\/p>\n<p>NajNaj studio \u2013 Ulica Ivana Kukuljevi\u0107a 20, Zagreb.<\/p>\n<p><strong style=\"font-size: 1.41575em;\">Trajanje radionica:<\/strong><\/p>\n<p>Predvi\u0111eno vrijeme trajanja radionice je dva sata. Trajanje ovisi o pitanjima polaznika.<\/p>\n<h4><strong>Povrati i zamjene<\/strong><\/h4>\n<p>Sukladno \u010dl. 86 st. 1 t. 12. Zakona o za\u0161titi potro\u0161a\u010da, Kupac nema pravo na jednostrani raskid Ugovora na daljinu (povrata novca) s obzirom da je predmet ugovora pru\u017eanje usluga vezanih uz slobodno vrijeme, koje se doga\u0111aju u to\u010dno odre\u0111eno vrijeme odnosno u odre\u0111enom razdoblju.<\/p>\n<p data-start=\"136\" data-end=\"171\"><strong data-start=\"136\" data-end=\"171\">Napomena o odr\u017eavanju radionice<\/strong><\/p>\n<p data-start=\"173\" data-end=\"341\">Zadr\u017eavamo pravo otkazivanja radionice u slu\u010daju nedovoljnog broja prijavljenih sudionika. U tom slu\u010daju, svim kupcima bit \u0107e izvr\u0161en puni povrat upla\u0107enih sredstava.<\/p>\n","protected":false},"excerpt":{"rendered":"<p>Pripremite se za dolazak bebe uz radionice fiziolo\u0161kog poro\u0111aja, dojenja i baby handlinga.<\/p>\n<p>Sve \u0161to vam je va\u017eno za sigurniji i mirniji po\u010detak roditeljstva objedinjeno je u jednom paketu, po povoljnijoj cijeni.<\/p>\n","protected":false},"featured_media":307582,"comment_status":"closed","ping_status":"closed","template":"","meta":{"_acf_changed":false,"footnotes":""},"product_brand":[],"product_cat":[681,1709,562,675],"product_tag":[2118],"class_list":{"0":"post-307525","1":"product","2":"type-product","3":"status-publish","4":"has-post-thumbnail","6":"product_cat-ostalo-za-trudnice","7":"product_cat-pokloni","8":"product_cat-za-mamu","9":"product_cat-za-trudnice","10":"product_tag-predavanja-i-radionice","12":"first","13":"instock","14":"shipping-taxable","15":"purchasable","16":"product-type-variable"},"bundled_by":[],"bundle_stock_status":"instock","bundle_stock_quantity":14,"bundle_virtual":false,"bundle_layout":"","bundle_add_to_cart_form_location":"","bundle_editable_in_cart":false,"bundle_sold_individually_context":"","bundle_item_grouping":"","bundle_min_size":"","bundle_max_size":"","bundle_price":[],"bundled_items":[],"bundle_sell_ids":[],"acf":[],"yoast_head":"<!-- This site is optimized with the Yoast SEO Premium plugin v21.5 (Yoast SEO v27.4) - https:\/\/yoast.com\/product\/yoast-seo-premium-wordpress\/ -->\n<title>PAKET RADIONICA: Fiziolo\u0161ki poro\u0111aj (9.6.) + Dojenje (11.6.) + Baby handling (16.6.) u 18 sati (Zagreb) - NajNaj.eu<\/title>\n<meta name=\"robots\" content=\"index, follow, max-snippet:-1, max-image-preview:large, max-video-preview:-1\" \/>\n<link rel=\"canonical\" href=\"https:\/\/najnaj.eu\/sl\/izdelek\/paket-radionica-fizioloski-porodaj-9-6-dojenje-11-6-baby-handling-16-6-u-18-sati\/\" \/>\n<meta property=\"og:locale\" content=\"sl_SI\" \/>\n<meta property=\"og:type\" content=\"article\" \/>\n<meta property=\"og:title\" content=\"PAKET RADIONICA: Fiziolo\u0161ki poro\u0111aj (9.6.) + Dojenje (11.6.) + Baby handling (16.6.) u 18 sati (Zagreb)\" \/>\n<meta property=\"og:description\" content=\"Pripremite se za dolazak bebe uz radionice fiziolo\u0161kog poro\u0111aja, dojenja i baby handlinga.  Sve \u0161to vam je va\u017eno za sigurniji i mirniji po\u010detak roditeljstva objedinjeno je u jednom paketu, po povoljnijoj cijeni.\" \/>\n<meta property=\"og:url\" content=\"https:\/\/najnaj.eu\/sl\/izdelek\/paket-radionica-fizioloski-porodaj-9-6-dojenje-11-6-baby-handling-16-6-u-18-sati\/\" \/>\n<meta property=\"og:site_name\" content=\"NajNaj.eu\" \/>\n<meta property=\"article:publisher\" content=\"https:\/\/web.facebook.com\/najnaj.eu\/\" \/>\n<meta property=\"article:modified_time\" content=\"2026-04-28T15:00:06+00:00\" \/>\n<meta property=\"og:image\" content=\"https:\/\/najnaj.eu\/wp-content\/uploads\/2026\/04\/paket-radionica.png\" \/>\n\t<meta property=\"og:image:width\" content=\"1000\" \/>\n\t<meta property=\"og:image:height\" content=\"1000\" \/>\n\t<meta property=\"og:image:type\" content=\"image\/png\" \/>\n<meta name=\"twitter:card\" content=\"summary_large_image\" \/>\n<meta name=\"twitter:label1\" content=\"Availability\" \/>\n\t<meta name=\"twitter:data1\" content=\"In stock\" \/>\n<script type=\"application\/ld+json\" class=\"yoast-schema-graph\">{\"@context\":\"https:\\\/\\\/schema.org\",\"@graph\":[{\"@type\":\"WebPage\",\"@id\":\"https:\\\/\\\/najnaj.eu\\\/sl\\\/izdelek\\\/paket-radionica-fizioloski-porodaj-9-6-dojenje-11-6-baby-handling-16-6-u-18-sati\\\/\",\"url\":\"https:\\\/\\\/najnaj.eu\\\/sl\\\/izdelek\\\/paket-radionica-fizioloski-porodaj-9-6-dojenje-11-6-baby-handling-16-6-u-18-sati\\\/\",\"name\":\"PAKET RADIONICA: Fiziolo\u0161ki poro\u0111aj (9.6.) + Dojenje (11.6.) + Baby handling (16.6.) u 18 sati (Zagreb) - NajNaj.eu\",\"isPartOf\":{\"@id\":\"https:\\\/\\\/najnaj.eu\\\/sl\\\/#website\"},\"primaryImageOfPage\":{\"@id\":\"https:\\\/\\\/najnaj.eu\\\/sl\\\/izdelek\\\/paket-radionica-fizioloski-porodaj-9-6-dojenje-11-6-baby-handling-16-6-u-18-sati\\\/#primaryimage\"},\"image\":{\"@id\":\"https:\\\/\\\/najnaj.eu\\\/sl\\\/izdelek\\\/paket-radionica-fizioloski-porodaj-9-6-dojenje-11-6-baby-handling-16-6-u-18-sati\\\/#primaryimage\"},\"thumbnailUrl\":\"https:\\\/\\\/najnaj.eu\\\/wp-content\\\/uploads\\\/2026\\\/04\\\/paket-radionica.png\",\"datePublished\":\"2026-04-27T10:46:20+00:00\",\"dateModified\":\"2026-04-28T15:00:06+00:00\",\"breadcrumb\":{\"@id\":\"https:\\\/\\\/najnaj.eu\\\/sl\\\/izdelek\\\/paket-radionica-fizioloski-porodaj-9-6-dojenje-11-6-baby-handling-16-6-u-18-sati\\\/#breadcrumb\"},\"inLanguage\":\"sl-SI\",\"potentialAction\":[{\"@type\":\"ReadAction\",\"target\":[\"https:\\\/\\\/najnaj.eu\\\/sl\\\/izdelek\\\/paket-radionica-fizioloski-porodaj-9-6-dojenje-11-6-baby-handling-16-6-u-18-sati\\\/\"]}]},{\"@type\":\"ImageObject\",\"inLanguage\":\"sl-SI\",\"@id\":\"https:\\\/\\\/najnaj.eu\\\/sl\\\/izdelek\\\/paket-radionica-fizioloski-porodaj-9-6-dojenje-11-6-baby-handling-16-6-u-18-sati\\\/#primaryimage\",\"url\":\"https:\\\/\\\/najnaj.eu\\\/wp-content\\\/uploads\\\/2026\\\/04\\\/paket-radionica.png\",\"contentUrl\":\"https:\\\/\\\/najnaj.eu\\\/wp-content\\\/uploads\\\/2026\\\/04\\\/paket-radionica.png\",\"width\":1000,\"height\":1000},{\"@type\":\"BreadcrumbList\",\"@id\":\"https:\\\/\\\/najnaj.eu\\\/sl\\\/izdelek\\\/paket-radionica-fizioloski-porodaj-9-6-dojenje-11-6-baby-handling-16-6-u-18-sati\\\/#breadcrumb\",\"itemListElement\":[{\"@type\":\"ListItem\",\"position\":1,\"name\":\"Po\u010detna stranica\",\"item\":\"https:\\\/\\\/najnaj.eu\\\/sl\\\/prednja-stran\\\/\"},{\"@type\":\"ListItem\",\"position\":2,\"name\":\"Shop\",\"item\":\"https:\\\/\\\/najnaj.eu\\\/sl\\\/shop\\\/\"},{\"@type\":\"ListItem\",\"position\":3,\"name\":\"PAKET RADIONICA: Fiziolo\u0161ki poro\u0111aj (9.6.) + Dojenje (11.6.) + Baby handling (16.6.) u 18 sati (Zagreb)\"}]},{\"@type\":\"WebSite\",\"@id\":\"https:\\\/\\\/najnaj.eu\\\/sl\\\/#website\",\"url\":\"https:\\\/\\\/najnaj.eu\\\/sl\\\/\",\"name\":\"NajNaj.eu\",\"description\":\"Za najva\u017enije!\",\"publisher\":{\"@id\":\"https:\\\/\\\/najnaj.eu\\\/sl\\\/#organization\"},\"potentialAction\":[{\"@type\":\"SearchAction\",\"target\":{\"@type\":\"EntryPoint\",\"urlTemplate\":\"https:\\\/\\\/najnaj.eu\\\/sl\\\/?s={search_term_string}\"},\"query-input\":{\"@type\":\"PropertyValueSpecification\",\"valueRequired\":true,\"valueName\":\"search_term_string\"}}],\"inLanguage\":\"sl-SI\"},{\"@type\":\"Organization\",\"@id\":\"https:\\\/\\\/najnaj.eu\\\/sl\\\/#organization\",\"name\":\"NajNaj.eu\",\"url\":\"https:\\\/\\\/najnaj.eu\\\/sl\\\/\",\"logo\":{\"@type\":\"ImageObject\",\"inLanguage\":\"sl-SI\",\"@id\":\"https:\\\/\\\/najnaj.eu\\\/sl\\\/#\\\/schema\\\/logo\\\/image\\\/\",\"url\":\"https:\\\/\\\/najnaj.eu\\\/wp-content\\\/uploads\\\/2023\\\/09\\\/logo_Najnaj_2023.svg\",\"contentUrl\":\"https:\\\/\\\/najnaj.eu\\\/wp-content\\\/uploads\\\/2023\\\/09\\\/logo_Najnaj_2023.svg\",\"width\":501,\"height\":278,\"caption\":\"NajNaj.eu\"},\"image\":{\"@id\":\"https:\\\/\\\/najnaj.eu\\\/sl\\\/#\\\/schema\\\/logo\\\/image\\\/\"},\"sameAs\":[\"https:\\\/\\\/web.facebook.com\\\/najnaj.eu\\\/\",\"https:\\\/\\\/www.instagram.com\\\/najnaj.eu\\\/\",\"https:\\\/\\\/www.tiktok.com\\\/@najnaj.eu\"]}]}<\/script>\n<meta property=\"og:availability\" content=\"instock\" \/>\n<meta property=\"product:availability\" content=\"instock\" \/>\n<meta property=\"product:retailer_item_id\" content=\"PAKET0626\" \/>\n<meta property=\"product:condition\" content=\"new\" \/>\n<!-- \/ Yoast SEO Premium plugin. -->","yoast_head_json":{"title":"PAKET RADIONICA: Fiziolo\u0161ki poro\u0111aj (9.6.) + Dojenje (11.6.) + Baby handling (16.6.) u 18 sati (Zagreb) - NajNaj.eu","robots":{"index":"index","follow":"follow","max-snippet":"max-snippet:-1","max-image-preview":"max-image-preview:large","max-video-preview":"max-video-preview:-1"},"canonical":"https:\/\/najnaj.eu\/sl\/izdelek\/paket-radionica-fizioloski-porodaj-9-6-dojenje-11-6-baby-handling-16-6-u-18-sati\/","og_locale":"sl_SI","og_type":"article","og_title":"PAKET RADIONICA: Fiziolo\u0161ki poro\u0111aj (9.6.) + Dojenje (11.6.) + Baby handling (16.6.) u 18 sati (Zagreb)","og_description":"Pripremite se za dolazak bebe uz radionice fiziolo\u0161kog poro\u0111aja, dojenja i baby handlinga.  Sve \u0161to vam je va\u017eno za sigurniji i mirniji po\u010detak roditeljstva objedinjeno je u jednom paketu, po povoljnijoj cijeni.","og_url":"https:\/\/najnaj.eu\/sl\/izdelek\/paket-radionica-fizioloski-porodaj-9-6-dojenje-11-6-baby-handling-16-6-u-18-sati\/","og_site_name":"NajNaj.eu","article_publisher":"https:\/\/web.facebook.com\/najnaj.eu\/","article_modified_time":"2026-04-28T15:00:06+00:00","og_image":[{"width":1000,"height":1000,"url":"https:\/\/najnaj.eu\/wp-content\/uploads\/2026\/04\/paket-radionica.png","type":"image\/png"}],"twitter_card":"summary_large_image","twitter_misc":{"Availability":"In stock"},"schema":{"@context":"https:\/\/schema.org","@graph":[{"@type":"WebPage","@id":"https:\/\/najnaj.eu\/sl\/izdelek\/paket-radionica-fizioloski-porodaj-9-6-dojenje-11-6-baby-handling-16-6-u-18-sati\/","url":"https:\/\/najnaj.eu\/sl\/izdelek\/paket-radionica-fizioloski-porodaj-9-6-dojenje-11-6-baby-handling-16-6-u-18-sati\/","name":"PAKET RADIONICA: Fiziolo\u0161ki poro\u0111aj (9.6.) + Dojenje (11.6.) + Baby handling (16.6.) u 18 sati (Zagreb) - NajNaj.eu","isPartOf":{"@id":"https:\/\/najnaj.eu\/sl\/#website"},"primaryImageOfPage":{"@id":"https:\/\/najnaj.eu\/sl\/izdelek\/paket-radionica-fizioloski-porodaj-9-6-dojenje-11-6-baby-handling-16-6-u-18-sati\/#primaryimage"},"image":{"@id":"https:\/\/najnaj.eu\/sl\/izdelek\/paket-radionica-fizioloski-porodaj-9-6-dojenje-11-6-baby-handling-16-6-u-18-sati\/#primaryimage"},"thumbnailUrl":"https:\/\/najnaj.eu\/wp-content\/uploads\/2026\/04\/paket-radionica.png","datePublished":"2026-04-27T10:46:20+00:00","dateModified":"2026-04-28T15:00:06+00:00","breadcrumb":{"@id":"https:\/\/najnaj.eu\/sl\/izdelek\/paket-radionica-fizioloski-porodaj-9-6-dojenje-11-6-baby-handling-16-6-u-18-sati\/#breadcrumb"},"inLanguage":"sl-SI","potentialAction":[{"@type":"ReadAction","target":["https:\/\/najnaj.eu\/sl\/izdelek\/paket-radionica-fizioloski-porodaj-9-6-dojenje-11-6-baby-handling-16-6-u-18-sati\/"]}]},{"@type":"ImageObject","inLanguage":"sl-SI","@id":"https:\/\/najnaj.eu\/sl\/izdelek\/paket-radionica-fizioloski-porodaj-9-6-dojenje-11-6-baby-handling-16-6-u-18-sati\/#primaryimage","url":"https:\/\/najnaj.eu\/wp-content\/uploads\/2026\/04\/paket-radionica.png","contentUrl":"https:\/\/najnaj.eu\/wp-content\/uploads\/2026\/04\/paket-radionica.png","width":1000,"height":1000},{"@type":"BreadcrumbList","@id":"https:\/\/najnaj.eu\/sl\/izdelek\/paket-radionica-fizioloski-porodaj-9-6-dojenje-11-6-baby-handling-16-6-u-18-sati\/#breadcrumb","itemListElement":[{"@type":"ListItem","position":1,"name":"Po\u010detna stranica","item":"https:\/\/najnaj.eu\/sl\/prednja-stran\/"},{"@type":"ListItem","position":2,"name":"Shop","item":"https:\/\/najnaj.eu\/sl\/shop\/"},{"@type":"ListItem","position":3,"name":"PAKET RADIONICA: Fiziolo\u0161ki poro\u0111aj (9.6.) + Dojenje (11.6.) + Baby handling (16.6.) u 18 sati (Zagreb)"}]},{"@type":"WebSite","@id":"https:\/\/najnaj.eu\/sl\/#website","url":"https:\/\/najnaj.eu\/sl\/","name":"NajNaj.eu","description":"Za najva\u017enije!","publisher":{"@id":"https:\/\/najnaj.eu\/sl\/#organization"},"potentialAction":[{"@type":"SearchAction","target":{"@type":"EntryPoint","urlTemplate":"https:\/\/najnaj.eu\/sl\/?s={search_term_string}"},"query-input":{"@type":"PropertyValueSpecification","valueRequired":true,"valueName":"search_term_string"}}],"inLanguage":"sl-SI"},{"@type":"Organization","@id":"https:\/\/najnaj.eu\/sl\/#organization","name":"NajNaj.eu","url":"https:\/\/najnaj.eu\/sl\/","logo":{"@type":"ImageObject","inLanguage":"sl-SI","@id":"https:\/\/najnaj.eu\/sl\/#\/schema\/logo\/image\/","url":"https:\/\/najnaj.eu\/wp-content\/uploads\/2023\/09\/logo_Najnaj_2023.svg","contentUrl":"https:\/\/najnaj.eu\/wp-content\/uploads\/2023\/09\/logo_Najnaj_2023.svg","width":501,"height":278,"caption":"NajNaj.eu"},"image":{"@id":"https:\/\/najnaj.eu\/sl\/#\/schema\/logo\/image\/"},"sameAs":["https:\/\/web.facebook.com\/najnaj.eu\/","https:\/\/www.instagram.com\/najnaj.eu\/","https:\/\/www.tiktok.com\/@najnaj.eu"]}]},"og_availability":"instock","product_availability":"instock","product_retailer_item_id":"PAKET0626","product_condition":"new"},"_links":{"self":[{"href":"https:\/\/najnaj.eu\/sl\/wp-json\/wp\/v2\/product\/307525","targetHints":{"allow":["GET"]}}],"collection":[{"href":"https:\/\/najnaj.eu\/sl\/wp-json\/wp\/v2\/product"}],"about":[{"href":"https:\/\/najnaj.eu\/sl\/wp-json\/wp\/v2\/types\/product"}],"replies":[{"embeddable":true,"href":"https:\/\/najnaj.eu\/sl\/wp-json\/wp\/v2\/comments?post=307525"}],"version-history":[{"count":0,"href":"https:\/\/najnaj.eu\/sl\/wp-json\/wp\/v2\/product\/307525\/revisions"}],"wp:featuredmedia":[{"embeddable":true,"href":"https:\/\/najnaj.eu\/sl\/wp-json\/wp\/v2\/media\/307582"}],"wp:attachment":[{"href":"https:\/\/najnaj.eu\/sl\/wp-json\/wp\/v2\/media?parent=307525"}],"wp:term":[{"taxonomy":"product_brand","embeddable":true,"href":"https:\/\/najnaj.eu\/sl\/wp-json\/wp\/v2\/product_brand?post=307525"},{"taxonomy":"product_cat","embeddable":true,"href":"https:\/\/najnaj.eu\/sl\/wp-json\/wp\/v2\/product_cat?post=307525"},{"taxonomy":"product_tag","embeddable":true,"href":"https:\/\/najnaj.eu\/sl\/wp-json\/wp\/v2\/product_tag?post=307525"}],"curies":[{"name":"wp","href":"https:\/\/api.w.org\/{rel}","templated":true}]}}