{"id":307085,"date":"2026-04-22T14:24:34","date_gmt":"2026-04-22T12:24:34","guid":{"rendered":"https:\/\/najnaj.eu\/proizvod\/b-box-termo-steklenica-z-zapiranjem-na-odpiranje-690-ml-superman\/"},"modified":"2026-05-05T11:22:25","modified_gmt":"2026-05-05T09:22:25","slug":"b-box-termo-steklenica-z-zapiranjem-na-odpiranje-690-ml-superman","status":"publish","type":"product","link":"https:\/\/najnaj.eu\/sl\/izdelek\/b-box-termo-steklenica-z-zapiranjem-na-odpiranje-690-ml-superman\/","title":{"rendered":"b.box termo steklenica z zapiranjem na odpiranje, 690 ml &#8211; Superman"},"content":{"rendered":"<p>Pritisnite osve\u017eitev! Ohladite se in osve\u017eite kadarkoli in kjerkoli. <\/p>\n<p>Izolirana steklenica z zapiranjem na preklop s prostornino 690 ml je popoln spremljevalec na potovanjih, saj se priro\u010dno prilega v standardna dr\u017eala za skodelice v avtomobilu. Ravno prav\u0161nja velikost, da jo vzamete s seboj in opravite svoja opravila.<br \/>\n Troslojna izolacija ohranja teko\u010dine hladne do 44 ur, tako da lahko ostanete hidrirani ne glede na to, kaj vam prinese dan! <\/p>\n<p>Zama\u0161ka za steklenice s preklopnim pokrov\u010dkom s prostornino 1 l in 690 ml sta enaka \u2013 zdru\u017eite ju za osve\u017eitev svojega sloga.<\/p>\n<p>Pranje in vzdr\u017eevanje<br \/>\n&gt;  Primerno za pomivanje v pomivalnem stroju, samo zgornja re\u0161etka<br \/>\n&gt;  Iz nerjave\u010dega jekla, PP in silikona<br \/>\n&gt;  Brez BPA, PVC-ja in ftalatov<br \/>\n&gt;  Te\u017ea: 0,41 kg, Prostornina: 690 ml\/23 fl oz<br \/>\n&gt;  Ne uporabljajte z gaziranimi in\/ali vro\u010dimi teko\u010dinami. \u010ce uporabljate z vro\u010dimi teko\u010dinami, bodite previdni pri odpiranju pokrova, saj se lahko pove\u010da tlak in povzro\u010di brizganje teko\u010dine.<br \/>\n&gt;  Steklenice ne dajajte v zamrzovalnik.<\/p>\n","protected":false},"excerpt":{"rendered":"<p>Leti, leti, vzdigni se! SUPREME je tu, da re\u0161i dan. Naj bo vsako kosilo super z na\u0161o drzno in pisano kolekcijo SUPERMAN. Zasnovana je tako, da malim junakom daje energijo za vsako pustolov\u0161\u010dino, ki je pred njimi.   <\/p>\n<ul>\n<li>Prilega se standardnim dr\u017ealom za skodelice<\/li>\n<li>Troslojna izolacija ima supermo\u010di &#8211; ohranja teko\u010dine hladne do 44 ur!<\/li>\n<li>Pokrov\u010dek za prosto pitje s slamico iz nerjave\u010dega jekla v notranjosti<\/li>\n<li>Neprepustno, ko je pokrov zaprt<\/li>\n<li>Zasnova za enostavno \u010di\u0161\u010denje in vzdr\u017eevanje<\/li>\n<li>Premer podno\u017eja: 78 mm<\/li>\n<\/ul>\n","protected":false},"featured_media":306753,"comment_status":"closed","ping_status":"closed","template":"","meta":{"_acf_changed":false,"footnotes":""},"product_brand":[],"product_cat":[1709,577,622,654],"product_tag":[2141,2272],"class_list":{"0":"post-307085","1":"product","2":"type-product","3":"status-publish","4":"has-post-thumbnail","6":"product_cat-pokloni","7":"product_cat-hranjenje","8":"product_cat-posude","9":"product_cat-boce-za-vodu","10":"product_tag-personalizirani-proizvodi","11":"product_tag-ljeto","12":"pa_boja-crvena","13":"pa_boja-tamno-plava","14":"pa_brand-b-box","15":"pa_vrsta-posuda-bocice-za-vodu","16":"pa_vrsta-posuda-termo-bocice","18":"first","19":"instock","20":"shipping-taxable","21":"purchasable","22":"product-type-simple"},"bundled_by":[],"bundle_stock_status":"instock","bundle_stock_quantity":15,"bundle_virtual":false,"bundle_layout":"","bundle_add_to_cart_form_location":"","bundle_editable_in_cart":false,"bundle_sold_individually_context":"","bundle_item_grouping":"","bundle_min_size":"","bundle_max_size":"","bundle_price":[],"bundled_items":[],"bundle_sell_ids":[],"acf":[],"yoast_head":"<!-- This site is optimized with the Yoast SEO Premium plugin v21.5 (Yoast SEO v27.5) - https:\/\/yoast.com\/product\/yoast-seo-premium-wordpress\/ -->\n<title>b.box termo steklenica z zapiranjem na odpiranje, 690 ml - Superman - NajNaj.eu<\/title>\n<meta name=\"robots\" content=\"index, follow, max-snippet:-1, max-image-preview:large, max-video-preview:-1\" \/>\n<link rel=\"canonical\" href=\"https:\/\/najnaj.eu\/sl\/izdelek\/b-box-termo-steklenica-z-zapiranjem-na-odpiranje-690-ml-superman\/\" \/>\n<meta property=\"og:locale\" content=\"sl_SI\" \/>\n<meta property=\"og:type\" content=\"article\" \/>\n<meta property=\"og:title\" content=\"b.box termo steklenica z zapiranjem na odpiranje, 690 ml - Superman\" \/>\n<meta property=\"og:description\" content=\"Leti, leti, vzdigni se! SUPREME je tu, da re\u0161i dan. Naj bo vsako kosilo super z na\u0161o drzno in pisano kolekcijo SUPERMAN. Zasnovana je tako, da malim junakom daje energijo za vsako pustolov\u0161\u010dino, ki je pred njimi.    Prilega se standardnim dr\u017ealom za skodelice  Troslojna izolacija ima supermo\u010di - ohranja teko\u010dine hladne do 44 ur!  Pokrov\u010dek za prosto pitje s slamico iz nerjave\u010dega jekla v notranjosti  Neprepustno, ko je pokrov zaprt  Zasnova za enostavno \u010di\u0161\u010denje in vzdr\u017eevanje  Premer podno\u017eja: 78 mm\" \/>\n<meta property=\"og:url\" content=\"https:\/\/najnaj.eu\/sl\/izdelek\/b-box-termo-steklenica-z-zapiranjem-na-odpiranje-690-ml-superman\/\" \/>\n<meta property=\"og:site_name\" content=\"NajNaj.eu\" \/>\n<meta property=\"article:publisher\" content=\"https:\/\/web.facebook.com\/najnaj.eu\/\" \/>\n<meta property=\"article:modified_time\" content=\"2026-05-05T09:22:25+00:00\" \/>\n<meta property=\"og:image\" content=\"https:\/\/najnaj.eu\/wp-content\/uploads\/2026\/04\/BX0928.jpg\" \/>\n\t<meta property=\"og:image:width\" content=\"2000\" \/>\n\t<meta property=\"og:image:height\" content=\"2000\" \/>\n\t<meta property=\"og:image:type\" content=\"image\/jpeg\" \/>\n<meta name=\"twitter:card\" content=\"summary_large_image\" \/>\n<meta name=\"twitter:label1\" content=\"Price\" \/>\n\t<meta name=\"twitter:data1\" content=\"37,99&nbsp;&euro;\" \/>\n\t<meta name=\"twitter:label2\" content=\"Availability\" \/>\n\t<meta name=\"twitter:data2\" content=\"In stock\" \/>\n<script type=\"application\/ld+json\" class=\"yoast-schema-graph\">{\"@context\":\"https:\\\/\\\/schema.org\",\"@graph\":[{\"@type\":\"WebPage\",\"@id\":\"https:\\\/\\\/najnaj.eu\\\/sl\\\/izdelek\\\/b-box-termo-steklenica-z-zapiranjem-na-odpiranje-690-ml-superman\\\/\",\"url\":\"https:\\\/\\\/najnaj.eu\\\/sl\\\/izdelek\\\/b-box-termo-steklenica-z-zapiranjem-na-odpiranje-690-ml-superman\\\/\",\"name\":\"b.box termo steklenica z zapiranjem na odpiranje, 690 ml - Superman - NajNaj.eu\",\"isPartOf\":{\"@id\":\"https:\\\/\\\/najnaj.eu\\\/sl\\\/#website\"},\"primaryImageOfPage\":{\"@id\":\"https:\\\/\\\/najnaj.eu\\\/sl\\\/izdelek\\\/b-box-termo-steklenica-z-zapiranjem-na-odpiranje-690-ml-superman\\\/#primaryimage\"},\"image\":{\"@id\":\"https:\\\/\\\/najnaj.eu\\\/sl\\\/izdelek\\\/b-box-termo-steklenica-z-zapiranjem-na-odpiranje-690-ml-superman\\\/#primaryimage\"},\"thumbnailUrl\":\"https:\\\/\\\/najnaj.eu\\\/wp-content\\\/uploads\\\/2026\\\/04\\\/BX0928.jpg\",\"datePublished\":\"2026-04-22T12:24:34+00:00\",\"dateModified\":\"2026-05-05T09:22:25+00:00\",\"breadcrumb\":{\"@id\":\"https:\\\/\\\/najnaj.eu\\\/sl\\\/izdelek\\\/b-box-termo-steklenica-z-zapiranjem-na-odpiranje-690-ml-superman\\\/#breadcrumb\"},\"inLanguage\":\"sl-SI\",\"potentialAction\":[{\"@type\":\"ReadAction\",\"target\":[\"https:\\\/\\\/najnaj.eu\\\/sl\\\/izdelek\\\/b-box-termo-steklenica-z-zapiranjem-na-odpiranje-690-ml-superman\\\/\"]}]},{\"@type\":\"ImageObject\",\"inLanguage\":\"sl-SI\",\"@id\":\"https:\\\/\\\/najnaj.eu\\\/sl\\\/izdelek\\\/b-box-termo-steklenica-z-zapiranjem-na-odpiranje-690-ml-superman\\\/#primaryimage\",\"url\":\"https:\\\/\\\/najnaj.eu\\\/wp-content\\\/uploads\\\/2026\\\/04\\\/BX0928.jpg\",\"contentUrl\":\"https:\\\/\\\/najnaj.eu\\\/wp-content\\\/uploads\\\/2026\\\/04\\\/BX0928.jpg\",\"width\":2000,\"height\":2000},{\"@type\":\"BreadcrumbList\",\"@id\":\"https:\\\/\\\/najnaj.eu\\\/sl\\\/izdelek\\\/b-box-termo-steklenica-z-zapiranjem-na-odpiranje-690-ml-superman\\\/#breadcrumb\",\"itemListElement\":[{\"@type\":\"ListItem\",\"position\":1,\"name\":\"Po\u010detna stranica\",\"item\":\"https:\\\/\\\/najnaj.eu\\\/sl\\\/prednja-stran\\\/\"},{\"@type\":\"ListItem\",\"position\":2,\"name\":\"Shop\",\"item\":\"https:\\\/\\\/najnaj.eu\\\/sl\\\/shop\\\/\"},{\"@type\":\"ListItem\",\"position\":3,\"name\":\"b.box termo steklenica z zapiranjem na odpiranje, 690 ml &#8211; Superman\"}]},{\"@type\":\"WebSite\",\"@id\":\"https:\\\/\\\/najnaj.eu\\\/sl\\\/#website\",\"url\":\"https:\\\/\\\/najnaj.eu\\\/sl\\\/\",\"name\":\"NajNaj.eu\",\"description\":\"Za najva\u017enije!\",\"publisher\":{\"@id\":\"https:\\\/\\\/najnaj.eu\\\/sl\\\/#organization\"},\"potentialAction\":[{\"@type\":\"SearchAction\",\"target\":{\"@type\":\"EntryPoint\",\"urlTemplate\":\"https:\\\/\\\/najnaj.eu\\\/sl\\\/?s={search_term_string}\"},\"query-input\":{\"@type\":\"PropertyValueSpecification\",\"valueRequired\":true,\"valueName\":\"search_term_string\"}}],\"inLanguage\":\"sl-SI\"},{\"@type\":\"Organization\",\"@id\":\"https:\\\/\\\/najnaj.eu\\\/sl\\\/#organization\",\"name\":\"NajNaj.eu\",\"url\":\"https:\\\/\\\/najnaj.eu\\\/sl\\\/\",\"logo\":{\"@type\":\"ImageObject\",\"inLanguage\":\"sl-SI\",\"@id\":\"https:\\\/\\\/najnaj.eu\\\/sl\\\/#\\\/schema\\\/logo\\\/image\\\/\",\"url\":\"https:\\\/\\\/najnaj.eu\\\/wp-content\\\/uploads\\\/2023\\\/09\\\/logo_Najnaj_2023.svg\",\"contentUrl\":\"https:\\\/\\\/najnaj.eu\\\/wp-content\\\/uploads\\\/2023\\\/09\\\/logo_Najnaj_2023.svg\",\"width\":501,\"height\":278,\"caption\":\"NajNaj.eu\"},\"image\":{\"@id\":\"https:\\\/\\\/najnaj.eu\\\/sl\\\/#\\\/schema\\\/logo\\\/image\\\/\"},\"sameAs\":[\"https:\\\/\\\/web.facebook.com\\\/najnaj.eu\\\/\",\"https:\\\/\\\/www.instagram.com\\\/najnaj.eu\\\/\",\"https:\\\/\\\/www.tiktok.com\\\/@najnaj.eu\"]}]}<\/script>\n<meta property=\"product:brand\" content=\"b.box\" \/>\n<meta property=\"product:price:amount\" content=\"37.99\" \/>\n<meta property=\"product:price:currency\" content=\"EUR\" \/>\n<meta property=\"og:availability\" content=\"instock\" \/>\n<meta property=\"product:availability\" content=\"instock\" \/>\n<meta property=\"product:retailer_item_id\" content=\"BX1445\" \/>\n<meta property=\"product:condition\" content=\"new\" \/>\n<!-- \/ Yoast SEO Premium plugin. -->","yoast_head_json":{"title":"b.box termo steklenica z zapiranjem na odpiranje, 690 ml - Superman - NajNaj.eu","robots":{"index":"index","follow":"follow","max-snippet":"max-snippet:-1","max-image-preview":"max-image-preview:large","max-video-preview":"max-video-preview:-1"},"canonical":"https:\/\/najnaj.eu\/sl\/izdelek\/b-box-termo-steklenica-z-zapiranjem-na-odpiranje-690-ml-superman\/","og_locale":"sl_SI","og_type":"article","og_title":"b.box termo steklenica z zapiranjem na odpiranje, 690 ml - Superman","og_description":"Leti, leti, vzdigni se! SUPREME je tu, da re\u0161i dan. Naj bo vsako kosilo super z na\u0161o drzno in pisano kolekcijo SUPERMAN. Zasnovana je tako, da malim junakom daje energijo za vsako pustolov\u0161\u010dino, ki je pred njimi.    Prilega se standardnim dr\u017ealom za skodelice  Troslojna izolacija ima supermo\u010di - ohranja teko\u010dine hladne do 44 ur!  Pokrov\u010dek za prosto pitje s slamico iz nerjave\u010dega jekla v notranjosti  Neprepustno, ko je pokrov zaprt  Zasnova za enostavno \u010di\u0161\u010denje in vzdr\u017eevanje  Premer podno\u017eja: 78 mm","og_url":"https:\/\/najnaj.eu\/sl\/izdelek\/b-box-termo-steklenica-z-zapiranjem-na-odpiranje-690-ml-superman\/","og_site_name":"NajNaj.eu","article_publisher":"https:\/\/web.facebook.com\/najnaj.eu\/","article_modified_time":"2026-05-05T09:22:25+00:00","og_image":[{"width":2000,"height":2000,"url":"https:\/\/najnaj.eu\/wp-content\/uploads\/2026\/04\/BX0928.jpg","type":"image\/jpeg"}],"twitter_card":"summary_large_image","twitter_misc":{"Price":"37,99&nbsp;&euro;","Availability":"In stock"},"schema":{"@context":"https:\/\/schema.org","@graph":[{"@type":"WebPage","@id":"https:\/\/najnaj.eu\/sl\/izdelek\/b-box-termo-steklenica-z-zapiranjem-na-odpiranje-690-ml-superman\/","url":"https:\/\/najnaj.eu\/sl\/izdelek\/b-box-termo-steklenica-z-zapiranjem-na-odpiranje-690-ml-superman\/","name":"b.box termo steklenica z zapiranjem na odpiranje, 690 ml - Superman - NajNaj.eu","isPartOf":{"@id":"https:\/\/najnaj.eu\/sl\/#website"},"primaryImageOfPage":{"@id":"https:\/\/najnaj.eu\/sl\/izdelek\/b-box-termo-steklenica-z-zapiranjem-na-odpiranje-690-ml-superman\/#primaryimage"},"image":{"@id":"https:\/\/najnaj.eu\/sl\/izdelek\/b-box-termo-steklenica-z-zapiranjem-na-odpiranje-690-ml-superman\/#primaryimage"},"thumbnailUrl":"https:\/\/najnaj.eu\/wp-content\/uploads\/2026\/04\/BX0928.jpg","datePublished":"2026-04-22T12:24:34+00:00","dateModified":"2026-05-05T09:22:25+00:00","breadcrumb":{"@id":"https:\/\/najnaj.eu\/sl\/izdelek\/b-box-termo-steklenica-z-zapiranjem-na-odpiranje-690-ml-superman\/#breadcrumb"},"inLanguage":"sl-SI","potentialAction":[{"@type":"ReadAction","target":["https:\/\/najnaj.eu\/sl\/izdelek\/b-box-termo-steklenica-z-zapiranjem-na-odpiranje-690-ml-superman\/"]}]},{"@type":"ImageObject","inLanguage":"sl-SI","@id":"https:\/\/najnaj.eu\/sl\/izdelek\/b-box-termo-steklenica-z-zapiranjem-na-odpiranje-690-ml-superman\/#primaryimage","url":"https:\/\/najnaj.eu\/wp-content\/uploads\/2026\/04\/BX0928.jpg","contentUrl":"https:\/\/najnaj.eu\/wp-content\/uploads\/2026\/04\/BX0928.jpg","width":2000,"height":2000},{"@type":"BreadcrumbList","@id":"https:\/\/najnaj.eu\/sl\/izdelek\/b-box-termo-steklenica-z-zapiranjem-na-odpiranje-690-ml-superman\/#breadcrumb","itemListElement":[{"@type":"ListItem","position":1,"name":"Po\u010detna stranica","item":"https:\/\/najnaj.eu\/sl\/prednja-stran\/"},{"@type":"ListItem","position":2,"name":"Shop","item":"https:\/\/najnaj.eu\/sl\/shop\/"},{"@type":"ListItem","position":3,"name":"b.box termo steklenica z zapiranjem na odpiranje, 690 ml &#8211; Superman"}]},{"@type":"WebSite","@id":"https:\/\/najnaj.eu\/sl\/#website","url":"https:\/\/najnaj.eu\/sl\/","name":"NajNaj.eu","description":"Za najva\u017enije!","publisher":{"@id":"https:\/\/najnaj.eu\/sl\/#organization"},"potentialAction":[{"@type":"SearchAction","target":{"@type":"EntryPoint","urlTemplate":"https:\/\/najnaj.eu\/sl\/?s={search_term_string}"},"query-input":{"@type":"PropertyValueSpecification","valueRequired":true,"valueName":"search_term_string"}}],"inLanguage":"sl-SI"},{"@type":"Organization","@id":"https:\/\/najnaj.eu\/sl\/#organization","name":"NajNaj.eu","url":"https:\/\/najnaj.eu\/sl\/","logo":{"@type":"ImageObject","inLanguage":"sl-SI","@id":"https:\/\/najnaj.eu\/sl\/#\/schema\/logo\/image\/","url":"https:\/\/najnaj.eu\/wp-content\/uploads\/2023\/09\/logo_Najnaj_2023.svg","contentUrl":"https:\/\/najnaj.eu\/wp-content\/uploads\/2023\/09\/logo_Najnaj_2023.svg","width":501,"height":278,"caption":"NajNaj.eu"},"image":{"@id":"https:\/\/najnaj.eu\/sl\/#\/schema\/logo\/image\/"},"sameAs":["https:\/\/web.facebook.com\/najnaj.eu\/","https:\/\/www.instagram.com\/najnaj.eu\/","https:\/\/www.tiktok.com\/@najnaj.eu"]}]},"product_brand":"b.box","product_price_amount":"37.99","product_price_currency":"EUR","og_availability":"instock","product_availability":"instock","product_retailer_item_id":"BX1445","product_condition":"new"},"_links":{"self":[{"href":"https:\/\/najnaj.eu\/sl\/wp-json\/wp\/v2\/product\/307085","targetHints":{"allow":["GET"]}}],"collection":[{"href":"https:\/\/najnaj.eu\/sl\/wp-json\/wp\/v2\/product"}],"about":[{"href":"https:\/\/najnaj.eu\/sl\/wp-json\/wp\/v2\/types\/product"}],"replies":[{"embeddable":true,"href":"https:\/\/najnaj.eu\/sl\/wp-json\/wp\/v2\/comments?post=307085"}],"version-history":[{"count":0,"href":"https:\/\/najnaj.eu\/sl\/wp-json\/wp\/v2\/product\/307085\/revisions"}],"wp:featuredmedia":[{"embeddable":true,"href":"https:\/\/najnaj.eu\/sl\/wp-json\/wp\/v2\/media\/306753"}],"wp:attachment":[{"href":"https:\/\/najnaj.eu\/sl\/wp-json\/wp\/v2\/media?parent=307085"}],"wp:term":[{"taxonomy":"product_brand","embeddable":true,"href":"https:\/\/najnaj.eu\/sl\/wp-json\/wp\/v2\/product_brand?post=307085"},{"taxonomy":"product_cat","embeddable":true,"href":"https:\/\/najnaj.eu\/sl\/wp-json\/wp\/v2\/product_cat?post=307085"},{"taxonomy":"product_tag","embeddable":true,"href":"https:\/\/najnaj.eu\/sl\/wp-json\/wp\/v2\/product_tag?post=307085"}],"curies":[{"name":"wp","href":"https:\/\/api.w.org\/{rel}","templated":true}]}}