{"id":307083,"date":"2026-04-23T10:16:49","date_gmt":"2026-04-23T08:16:49","guid":{"rendered":"https:\/\/najnaj.eu\/proizvod\/b-box-mini-skatla-za-prigrizke-superman\/"},"modified":"2026-05-05T11:22:04","modified_gmt":"2026-05-05T09:22:04","slug":"b-box-mini-skatla-za-prigrizke-superman","status":"publish","type":"product","link":"https:\/\/najnaj.eu\/sl\/izdelek\/b-box-mini-skatla-za-prigrizke-superman\/","title":{"rendered":"b.box Mini \u0161katla za prigrizke &#8211; Superman"},"content":{"rendered":"<p>Mini \u0161katla za malico b.box je morda kompaktna, vendar ima veliko prostora za zdrav obrok.<br \/>\n Fleksibilen pokrov za sadje se raztegne, tako da je sadje za\u0161\u010diteno v notranjosti posode. Dva lo\u010dena nepredu\u0161no zaprta predelka se zapirata lo\u010deno, zato pakiranje suhe in teko\u010de hrane v isto posodo ni ve\u010d problem.<br \/>\n Premi\u010dni delilnik je mogo\u010de prilagoditi glede na vrsto in velikost obrokov, ki jih va\u0161 otrok nosi s seboj na dolo\u010den dan.  Integriran ro\u010daj omogo\u010da enostavno jemanje iz torbe, velika zaponka pa olaj\u0161a odpiranje majhnih prstkov in jih spodbuja k samostojnosti. Vse dele je mogo\u010de odstraniti in oprati.<\/p>\n","protected":false},"excerpt":{"rendered":"<p>Leti, leti, vzdigni se! SUPREME je tu, da re\u0161i dan. Naj bo vsako kosilo super z na\u0161o drzno in pisano kolekcijo SUPERMAN. Zasnovana je tako, da malim junakom daje energijo za vsako pustolov\u0161\u010dino, ki je pred njimi.   <\/p>\n<ul>\n<li>Odstranljiva pregrada omogo\u010da prilagajanje velikosti predalov po potrebi<\/li>\n<li>Dva zaprta, neprepustna predala varno shranita mokro hrano, kot so pireji, jogurt ali omake<\/li>\n<li>Tesnila je mogo\u010de popolnoma odstraniti za la\u017eje \u010di\u0161\u010denje in prepre\u010devanje nabiranja plesni<\/li>\n<li>Z edinstvenim predalom za sadje z raztegljivim tesnilom ni treba rezati sadja na ko\u0161\u010dke.<\/li>\n<li>Priporo\u010dljivo je samo ro\u010dno pranje<\/li>\n<li>Ne vsebuje BPA, ftalatov in PVC-ja<\/li>\n<li>Dimenzije: 18,5 x 17 x 6,7 cm<\/li>\n<li>Prostornina: 1l<\/li>\n<\/ul>\n","protected":false},"featured_media":306959,"comment_status":"open","ping_status":"closed","template":"","meta":{"_acf_changed":false,"footnotes":""},"product_brand":[],"product_cat":[1275,1310],"product_tag":[],"class_list":{"0":"post-307083","1":"product","2":"type-product","3":"status-publish","4":"has-post-thumbnail","6":"product_cat-posoda","7":"product_cat-skatle-za-prigrizke","8":"pa_boja-rdeca","9":"pa_boja-temno-modra","10":"pa_brand-b-box-sl","11":"pa_vrsta-posuda-skatle-za-kosilo","13":"first","14":"instock","15":"purchasable","16":"product-type-simple"},"bundled_by":[],"bundle_stock_status":"instock","bundle_stock_quantity":15,"bundle_virtual":false,"bundle_layout":"","bundle_add_to_cart_form_location":"","bundle_editable_in_cart":false,"bundle_sold_individually_context":"","bundle_item_grouping":"","bundle_min_size":"","bundle_max_size":"","bundle_price":[],"bundled_items":[],"bundle_sell_ids":[],"acf":[],"yoast_head":"<!-- This site is optimized with the Yoast SEO Premium plugin v21.5 (Yoast SEO v27.5) - https:\/\/yoast.com\/product\/yoast-seo-premium-wordpress\/ -->\n<title>b.box Mini \u0161katla za prigrizke - Superman - NajNaj.eu<\/title>\n<meta name=\"robots\" content=\"index, follow, max-snippet:-1, max-image-preview:large, max-video-preview:-1\" \/>\n<link rel=\"canonical\" href=\"https:\/\/najnaj.eu\/sl\/izdelek\/b-box-mini-skatla-za-prigrizke-superman\/\" \/>\n<meta property=\"og:locale\" content=\"sl_SI\" \/>\n<meta property=\"og:type\" content=\"article\" \/>\n<meta property=\"og:title\" content=\"b.box Mini \u0161katla za prigrizke - Superman\" \/>\n<meta property=\"og:description\" content=\"Leti, leti, vzdigni se! SUPREME je tu, da re\u0161i dan. Naj bo vsako kosilo super z na\u0161o drzno in pisano kolekcijo SUPERMAN. Zasnovana je tako, da malim junakom daje energijo za vsako pustolov\u0161\u010dino, ki je pred njimi.    Odstranljiva pregrada omogo\u010da prilagajanje velikosti predalov po potrebi  Dva zaprta, neprepustna predala varno shranita mokro hrano, kot so pireji, jogurt ali omake  Tesnila je mogo\u010de popolnoma odstraniti za la\u017eje \u010di\u0161\u010denje in prepre\u010devanje nabiranja plesni  Z edinstvenim predalom za sadje z raztegljivim tesnilom ni treba rezati sadja na ko\u0161\u010dke.  Priporo\u010dljivo je samo ro\u010dno pranje  Ne vsebuje BPA, ftalatov in PVC-ja  Dimenzije: 18,5 x 17 x 6,7 cm  Prostornina: 1l\" \/>\n<meta property=\"og:url\" content=\"https:\/\/najnaj.eu\/sl\/izdelek\/b-box-mini-skatla-za-prigrizke-superman\/\" \/>\n<meta property=\"og:site_name\" content=\"NajNaj.eu\" \/>\n<meta property=\"article:publisher\" content=\"https:\/\/web.facebook.com\/najnaj.eu\/\" \/>\n<meta property=\"article:modified_time\" content=\"2026-05-05T09:22:04+00:00\" \/>\n<meta property=\"og:image\" content=\"https:\/\/najnaj.eu\/wp-content\/uploads\/2026\/04\/Superman_Mini-Lunchbox_2-copy.jpg\" \/>\n\t<meta property=\"og:image:width\" content=\"1200\" \/>\n\t<meta property=\"og:image:height\" content=\"1200\" \/>\n\t<meta property=\"og:image:type\" content=\"image\/jpeg\" \/>\n<meta name=\"twitter:card\" content=\"summary_large_image\" \/>\n<meta name=\"twitter:label1\" content=\"Price\" \/>\n\t<meta name=\"twitter:data1\" content=\"20,99&nbsp;&euro;\" \/>\n\t<meta name=\"twitter:label2\" content=\"Availability\" \/>\n\t<meta name=\"twitter:data2\" content=\"In stock\" \/>\n<script type=\"application\/ld+json\" class=\"yoast-schema-graph\">{\"@context\":\"https:\\\/\\\/schema.org\",\"@graph\":[{\"@type\":\"WebPage\",\"@id\":\"https:\\\/\\\/najnaj.eu\\\/sl\\\/izdelek\\\/b-box-mini-skatla-za-prigrizke-superman\\\/\",\"url\":\"https:\\\/\\\/najnaj.eu\\\/sl\\\/izdelek\\\/b-box-mini-skatla-za-prigrizke-superman\\\/\",\"name\":\"b.box Mini \u0161katla za prigrizke - Superman - NajNaj.eu\",\"isPartOf\":{\"@id\":\"https:\\\/\\\/najnaj.eu\\\/sl\\\/#website\"},\"primaryImageOfPage\":{\"@id\":\"https:\\\/\\\/najnaj.eu\\\/sl\\\/izdelek\\\/b-box-mini-skatla-za-prigrizke-superman\\\/#primaryimage\"},\"image\":{\"@id\":\"https:\\\/\\\/najnaj.eu\\\/sl\\\/izdelek\\\/b-box-mini-skatla-za-prigrizke-superman\\\/#primaryimage\"},\"thumbnailUrl\":\"https:\\\/\\\/najnaj.eu\\\/wp-content\\\/uploads\\\/2026\\\/04\\\/Superman_Mini-Lunchbox_2-copy.jpg\",\"datePublished\":\"2026-04-23T08:16:49+00:00\",\"dateModified\":\"2026-05-05T09:22:04+00:00\",\"breadcrumb\":{\"@id\":\"https:\\\/\\\/najnaj.eu\\\/sl\\\/izdelek\\\/b-box-mini-skatla-za-prigrizke-superman\\\/#breadcrumb\"},\"inLanguage\":\"sl-SI\",\"potentialAction\":[{\"@type\":\"ReadAction\",\"target\":[\"https:\\\/\\\/najnaj.eu\\\/sl\\\/izdelek\\\/b-box-mini-skatla-za-prigrizke-superman\\\/\"]}]},{\"@type\":\"ImageObject\",\"inLanguage\":\"sl-SI\",\"@id\":\"https:\\\/\\\/najnaj.eu\\\/sl\\\/izdelek\\\/b-box-mini-skatla-za-prigrizke-superman\\\/#primaryimage\",\"url\":\"https:\\\/\\\/najnaj.eu\\\/wp-content\\\/uploads\\\/2026\\\/04\\\/Superman_Mini-Lunchbox_2-copy.jpg\",\"contentUrl\":\"https:\\\/\\\/najnaj.eu\\\/wp-content\\\/uploads\\\/2026\\\/04\\\/Superman_Mini-Lunchbox_2-copy.jpg\",\"width\":1200,\"height\":1200},{\"@type\":\"BreadcrumbList\",\"@id\":\"https:\\\/\\\/najnaj.eu\\\/sl\\\/izdelek\\\/b-box-mini-skatla-za-prigrizke-superman\\\/#breadcrumb\",\"itemListElement\":[{\"@type\":\"ListItem\",\"position\":1,\"name\":\"Po\u010detna stranica\",\"item\":\"https:\\\/\\\/najnaj.eu\\\/sl\\\/prednja-stran\\\/\"},{\"@type\":\"ListItem\",\"position\":2,\"name\":\"Shop\",\"item\":\"https:\\\/\\\/najnaj.eu\\\/sl\\\/shop\\\/\"},{\"@type\":\"ListItem\",\"position\":3,\"name\":\"b.box Mini \u0161katla za prigrizke &#8211; Superman\"}]},{\"@type\":\"WebSite\",\"@id\":\"https:\\\/\\\/najnaj.eu\\\/sl\\\/#website\",\"url\":\"https:\\\/\\\/najnaj.eu\\\/sl\\\/\",\"name\":\"NajNaj.eu\",\"description\":\"Za najva\u017enije!\",\"publisher\":{\"@id\":\"https:\\\/\\\/najnaj.eu\\\/sl\\\/#organization\"},\"potentialAction\":[{\"@type\":\"SearchAction\",\"target\":{\"@type\":\"EntryPoint\",\"urlTemplate\":\"https:\\\/\\\/najnaj.eu\\\/sl\\\/?s={search_term_string}\"},\"query-input\":{\"@type\":\"PropertyValueSpecification\",\"valueRequired\":true,\"valueName\":\"search_term_string\"}}],\"inLanguage\":\"sl-SI\"},{\"@type\":\"Organization\",\"@id\":\"https:\\\/\\\/najnaj.eu\\\/sl\\\/#organization\",\"name\":\"NajNaj.eu\",\"url\":\"https:\\\/\\\/najnaj.eu\\\/sl\\\/\",\"logo\":{\"@type\":\"ImageObject\",\"inLanguage\":\"sl-SI\",\"@id\":\"https:\\\/\\\/najnaj.eu\\\/sl\\\/#\\\/schema\\\/logo\\\/image\\\/\",\"url\":\"https:\\\/\\\/najnaj.eu\\\/wp-content\\\/uploads\\\/2023\\\/09\\\/logo_Najnaj_2023.svg\",\"contentUrl\":\"https:\\\/\\\/najnaj.eu\\\/wp-content\\\/uploads\\\/2023\\\/09\\\/logo_Najnaj_2023.svg\",\"width\":501,\"height\":278,\"caption\":\"NajNaj.eu\"},\"image\":{\"@id\":\"https:\\\/\\\/najnaj.eu\\\/sl\\\/#\\\/schema\\\/logo\\\/image\\\/\"},\"sameAs\":[\"https:\\\/\\\/web.facebook.com\\\/najnaj.eu\\\/\",\"https:\\\/\\\/www.instagram.com\\\/najnaj.eu\\\/\",\"https:\\\/\\\/www.tiktok.com\\\/@najnaj.eu\"]}]}<\/script>\n<meta property=\"product:brand\" content=\"b.box\" \/>\n<meta property=\"product:price:amount\" content=\"20.99\" \/>\n<meta property=\"product:price:currency\" content=\"EUR\" \/>\n<meta property=\"og:availability\" content=\"instock\" \/>\n<meta property=\"product:availability\" content=\"instock\" \/>\n<meta property=\"product:retailer_item_id\" content=\"BX1441\" \/>\n<meta property=\"product:condition\" content=\"new\" \/>\n<!-- \/ Yoast SEO Premium plugin. -->","yoast_head_json":{"title":"b.box Mini \u0161katla za prigrizke - Superman - NajNaj.eu","robots":{"index":"index","follow":"follow","max-snippet":"max-snippet:-1","max-image-preview":"max-image-preview:large","max-video-preview":"max-video-preview:-1"},"canonical":"https:\/\/najnaj.eu\/sl\/izdelek\/b-box-mini-skatla-za-prigrizke-superman\/","og_locale":"sl_SI","og_type":"article","og_title":"b.box Mini \u0161katla za prigrizke - Superman","og_description":"Leti, leti, vzdigni se! SUPREME je tu, da re\u0161i dan. Naj bo vsako kosilo super z na\u0161o drzno in pisano kolekcijo SUPERMAN. Zasnovana je tako, da malim junakom daje energijo za vsako pustolov\u0161\u010dino, ki je pred njimi.    Odstranljiva pregrada omogo\u010da prilagajanje velikosti predalov po potrebi  Dva zaprta, neprepustna predala varno shranita mokro hrano, kot so pireji, jogurt ali omake  Tesnila je mogo\u010de popolnoma odstraniti za la\u017eje \u010di\u0161\u010denje in prepre\u010devanje nabiranja plesni  Z edinstvenim predalom za sadje z raztegljivim tesnilom ni treba rezati sadja na ko\u0161\u010dke.  Priporo\u010dljivo je samo ro\u010dno pranje  Ne vsebuje BPA, ftalatov in PVC-ja  Dimenzije: 18,5 x 17 x 6,7 cm  Prostornina: 1l","og_url":"https:\/\/najnaj.eu\/sl\/izdelek\/b-box-mini-skatla-za-prigrizke-superman\/","og_site_name":"NajNaj.eu","article_publisher":"https:\/\/web.facebook.com\/najnaj.eu\/","article_modified_time":"2026-05-05T09:22:04+00:00","og_image":[{"width":1200,"height":1200,"url":"https:\/\/najnaj.eu\/wp-content\/uploads\/2026\/04\/Superman_Mini-Lunchbox_2-copy.jpg","type":"image\/jpeg"}],"twitter_card":"summary_large_image","twitter_misc":{"Price":"20,99&nbsp;&euro;","Availability":"In stock"},"schema":{"@context":"https:\/\/schema.org","@graph":[{"@type":"WebPage","@id":"https:\/\/najnaj.eu\/sl\/izdelek\/b-box-mini-skatla-za-prigrizke-superman\/","url":"https:\/\/najnaj.eu\/sl\/izdelek\/b-box-mini-skatla-za-prigrizke-superman\/","name":"b.box Mini \u0161katla za prigrizke - Superman - NajNaj.eu","isPartOf":{"@id":"https:\/\/najnaj.eu\/sl\/#website"},"primaryImageOfPage":{"@id":"https:\/\/najnaj.eu\/sl\/izdelek\/b-box-mini-skatla-za-prigrizke-superman\/#primaryimage"},"image":{"@id":"https:\/\/najnaj.eu\/sl\/izdelek\/b-box-mini-skatla-za-prigrizke-superman\/#primaryimage"},"thumbnailUrl":"https:\/\/najnaj.eu\/wp-content\/uploads\/2026\/04\/Superman_Mini-Lunchbox_2-copy.jpg","datePublished":"2026-04-23T08:16:49+00:00","dateModified":"2026-05-05T09:22:04+00:00","breadcrumb":{"@id":"https:\/\/najnaj.eu\/sl\/izdelek\/b-box-mini-skatla-za-prigrizke-superman\/#breadcrumb"},"inLanguage":"sl-SI","potentialAction":[{"@type":"ReadAction","target":["https:\/\/najnaj.eu\/sl\/izdelek\/b-box-mini-skatla-za-prigrizke-superman\/"]}]},{"@type":"ImageObject","inLanguage":"sl-SI","@id":"https:\/\/najnaj.eu\/sl\/izdelek\/b-box-mini-skatla-za-prigrizke-superman\/#primaryimage","url":"https:\/\/najnaj.eu\/wp-content\/uploads\/2026\/04\/Superman_Mini-Lunchbox_2-copy.jpg","contentUrl":"https:\/\/najnaj.eu\/wp-content\/uploads\/2026\/04\/Superman_Mini-Lunchbox_2-copy.jpg","width":1200,"height":1200},{"@type":"BreadcrumbList","@id":"https:\/\/najnaj.eu\/sl\/izdelek\/b-box-mini-skatla-za-prigrizke-superman\/#breadcrumb","itemListElement":[{"@type":"ListItem","position":1,"name":"Po\u010detna stranica","item":"https:\/\/najnaj.eu\/sl\/prednja-stran\/"},{"@type":"ListItem","position":2,"name":"Shop","item":"https:\/\/najnaj.eu\/sl\/shop\/"},{"@type":"ListItem","position":3,"name":"b.box Mini \u0161katla za prigrizke &#8211; Superman"}]},{"@type":"WebSite","@id":"https:\/\/najnaj.eu\/sl\/#website","url":"https:\/\/najnaj.eu\/sl\/","name":"NajNaj.eu","description":"Za najva\u017enije!","publisher":{"@id":"https:\/\/najnaj.eu\/sl\/#organization"},"potentialAction":[{"@type":"SearchAction","target":{"@type":"EntryPoint","urlTemplate":"https:\/\/najnaj.eu\/sl\/?s={search_term_string}"},"query-input":{"@type":"PropertyValueSpecification","valueRequired":true,"valueName":"search_term_string"}}],"inLanguage":"sl-SI"},{"@type":"Organization","@id":"https:\/\/najnaj.eu\/sl\/#organization","name":"NajNaj.eu","url":"https:\/\/najnaj.eu\/sl\/","logo":{"@type":"ImageObject","inLanguage":"sl-SI","@id":"https:\/\/najnaj.eu\/sl\/#\/schema\/logo\/image\/","url":"https:\/\/najnaj.eu\/wp-content\/uploads\/2023\/09\/logo_Najnaj_2023.svg","contentUrl":"https:\/\/najnaj.eu\/wp-content\/uploads\/2023\/09\/logo_Najnaj_2023.svg","width":501,"height":278,"caption":"NajNaj.eu"},"image":{"@id":"https:\/\/najnaj.eu\/sl\/#\/schema\/logo\/image\/"},"sameAs":["https:\/\/web.facebook.com\/najnaj.eu\/","https:\/\/www.instagram.com\/najnaj.eu\/","https:\/\/www.tiktok.com\/@najnaj.eu"]}]},"product_brand":"b.box","product_price_amount":"20.99","product_price_currency":"EUR","og_availability":"instock","product_availability":"instock","product_retailer_item_id":"BX1441","product_condition":"new"},"_links":{"self":[{"href":"https:\/\/najnaj.eu\/sl\/wp-json\/wp\/v2\/product\/307083","targetHints":{"allow":["GET"]}}],"collection":[{"href":"https:\/\/najnaj.eu\/sl\/wp-json\/wp\/v2\/product"}],"about":[{"href":"https:\/\/najnaj.eu\/sl\/wp-json\/wp\/v2\/types\/product"}],"replies":[{"embeddable":true,"href":"https:\/\/najnaj.eu\/sl\/wp-json\/wp\/v2\/comments?post=307083"}],"version-history":[{"count":0,"href":"https:\/\/najnaj.eu\/sl\/wp-json\/wp\/v2\/product\/307083\/revisions"}],"wp:featuredmedia":[{"embeddable":true,"href":"https:\/\/najnaj.eu\/sl\/wp-json\/wp\/v2\/media\/306959"}],"wp:attachment":[{"href":"https:\/\/najnaj.eu\/sl\/wp-json\/wp\/v2\/media?parent=307083"}],"wp:term":[{"taxonomy":"product_brand","embeddable":true,"href":"https:\/\/najnaj.eu\/sl\/wp-json\/wp\/v2\/product_brand?post=307083"},{"taxonomy":"product_cat","embeddable":true,"href":"https:\/\/najnaj.eu\/sl\/wp-json\/wp\/v2\/product_cat?post=307083"},{"taxonomy":"product_tag","embeddable":true,"href":"https:\/\/najnaj.eu\/sl\/wp-json\/wp\/v2\/product_tag?post=307083"}],"curies":[{"name":"wp","href":"https:\/\/api.w.org\/{rel}","templated":true}]}}