{"id":307082,"date":"2026-04-22T14:09:12","date_gmt":"2026-04-22T12:09:12","guid":{"rendered":"https:\/\/najnaj.eu\/proizvod\/b-box-termo-steklenica-s-slamico-350-ml-superman\/"},"modified":"2026-05-05T11:22:34","modified_gmt":"2026-05-05T09:22:34","slug":"b-box-termo-steklenica-s-slamico-350-ml-superman","status":"publish","type":"product","link":"https:\/\/najnaj.eu\/sl\/izdelek\/b-box-termo-steklenica-s-slamico-350-ml-superman\/","title":{"rendered":"b.box Termo steklenica s slamico, 350 ml &#8211; Superman"},"content":{"rendered":"<p>Na\u0161a termo steklenica daje hladnosti nov pomen. Ta stekleni\u010dka ima supermo\u010d pri ohranjanju temperature teko\u010dine!<br \/>\nDvojne stene iz nerjave\u010dega jekla ohranjajo teko\u010dino hladno do 8 ali vro\u010do do 6 ur, tako da otroci ostanejo hidrirani ne glede na vremenske razmere. Odpiranje s pritiskom na gumb in prakti\u010den ro\u010daj sta idealna za majhne otroke za enostavno rokovanje. Sodoben dizajn in estetski videz sta primerna tudi za starej\u0161e otroke. Stekleni\u010dke so na voljo v razli\u010dnih b.box barvah. Otroci obo\u017eujejo na\u0161o silikonsko slamico. Star\u0161em je v\u0161e\u010d, da ni pu\u0161\u010danja, ko je steklenica zaprta.     <\/p>\n","protected":false},"excerpt":{"rendered":"<p>Leti, leti, vzdigni se! SUPREME je tu, da re\u0161i dan. Naj bo vsako kosilo super z na\u0161o drzno in pisano kolekcijo SUPERMAN. Zasnovana je tako, da malim junakom daje energijo za vsako pustolov\u0161\u010dino, ki je pred njimi.   <\/p>\n<ul>\n<li>Dvostenska termos steklenica iz nerjave\u010dega jekla<\/li>\n<li>Primerno za pomivalni stroj, samo zgornja polica<\/li>\n<li>Silikonska slamica omogo\u010da enostavno pitje<\/li>\n<li>Teko\u010dine ostanejo hladne do 8 ur in vro\u010de do 6 ur<\/li>\n<li>Integriran ro\u010daj za no\u0161enje<\/li>\n<li>Iz nerjave\u010dega jekla, silikona in polipropilena<\/li>\n<li>Ne vsebuje BPA, ftalatov in PVC-ja<\/li>\n<li>350 ml<\/li>\n<li>Dimenzije 7 x 7,5 x 20 cm<\/li>\n<\/ul>\n","protected":false},"featured_media":306693,"comment_status":"open","ping_status":"closed","template":"","meta":{"_acf_changed":false,"footnotes":""},"product_brand":[],"product_cat":[622,654],"product_tag":[],"class_list":{"0":"post-307082","1":"product","2":"type-product","3":"status-publish","4":"has-post-thumbnail","6":"product_cat-posude","7":"product_cat-boce-za-vodu","8":"pa_boja-crvena","9":"pa_boja-tamno-plava","10":"pa_brand-b-box","11":"pa_vrsta-posuda-bocice-za-vodu","12":"pa_vrsta-posuda-termo-bocice","14":"first","15":"instock","16":"purchasable","17":"product-type-simple"},"bundled_by":[],"bundle_stock_status":"instock","bundle_stock_quantity":15,"bundle_virtual":false,"bundle_layout":"","bundle_add_to_cart_form_location":"","bundle_editable_in_cart":false,"bundle_sold_individually_context":"","bundle_item_grouping":"","bundle_min_size":"","bundle_max_size":"","bundle_price":[],"bundled_items":[],"bundle_sell_ids":[],"acf":[],"yoast_head":"<!-- This site is optimized with the Yoast SEO Premium plugin v21.5 (Yoast SEO v27.5) - https:\/\/yoast.com\/product\/yoast-seo-premium-wordpress\/ -->\n<title>b.box Termo steklenica s slamico, 350 ml - Superman - NajNaj.eu<\/title>\n<meta name=\"robots\" content=\"index, follow, max-snippet:-1, max-image-preview:large, max-video-preview:-1\" \/>\n<link rel=\"canonical\" href=\"https:\/\/najnaj.eu\/sl\/izdelek\/b-box-termo-steklenica-s-slamico-350-ml-superman\/\" \/>\n<meta property=\"og:locale\" content=\"sl_SI\" \/>\n<meta property=\"og:type\" content=\"article\" \/>\n<meta property=\"og:title\" content=\"b.box Termo steklenica s slamico, 350 ml - Superman\" \/>\n<meta property=\"og:description\" content=\"Leti, leti, vzdigni se! SUPREME je tu, da re\u0161i dan. Naj bo vsako kosilo super z na\u0161o drzno in pisano kolekcijo SUPERMAN. Zasnovana je tako, da malim junakom daje energijo za vsako pustolov\u0161\u010dino, ki je pred njimi.    Dvostenska termos steklenica iz nerjave\u010dega jekla  Primerno za pomivalni stroj, samo zgornja polica  Silikonska slamica omogo\u010da enostavno pitje  Teko\u010dine ostanejo hladne do 8 ur in vro\u010de do 6 ur  Integriran ro\u010daj za no\u0161enje  Iz nerjave\u010dega jekla, silikona in polipropilena  Ne vsebuje BPA, ftalatov in PVC-ja  350 ml  Dimenzije 7 x 7,5 x 20 cm\" \/>\n<meta property=\"og:url\" content=\"https:\/\/najnaj.eu\/sl\/izdelek\/b-box-termo-steklenica-s-slamico-350-ml-superman\/\" \/>\n<meta property=\"og:site_name\" content=\"NajNaj.eu\" \/>\n<meta property=\"article:publisher\" content=\"https:\/\/web.facebook.com\/najnaj.eu\/\" \/>\n<meta property=\"article:modified_time\" content=\"2026-05-05T09:22:34+00:00\" \/>\n<meta property=\"og:image\" content=\"https:\/\/najnaj.eu\/wp-content\/uploads\/2026\/04\/Superman_Insulation-Drink-Bottle-350ml_1_1-copy.jpg\" \/>\n\t<meta property=\"og:image:width\" content=\"1200\" \/>\n\t<meta property=\"og:image:height\" content=\"1200\" \/>\n\t<meta property=\"og:image:type\" content=\"image\/jpeg\" \/>\n<meta name=\"twitter:card\" content=\"summary_large_image\" \/>\n<meta name=\"twitter:label1\" content=\"Price\" \/>\n\t<meta name=\"twitter:data1\" content=\"29,99&nbsp;&euro;\" \/>\n\t<meta name=\"twitter:label2\" content=\"Availability\" \/>\n\t<meta name=\"twitter:data2\" content=\"In stock\" \/>\n<script type=\"application\/ld+json\" class=\"yoast-schema-graph\">{\"@context\":\"https:\\\/\\\/schema.org\",\"@graph\":[{\"@type\":\"WebPage\",\"@id\":\"https:\\\/\\\/najnaj.eu\\\/sl\\\/izdelek\\\/b-box-termo-steklenica-s-slamico-350-ml-superman\\\/\",\"url\":\"https:\\\/\\\/najnaj.eu\\\/sl\\\/izdelek\\\/b-box-termo-steklenica-s-slamico-350-ml-superman\\\/\",\"name\":\"b.box Termo steklenica s slamico, 350 ml - Superman - NajNaj.eu\",\"isPartOf\":{\"@id\":\"https:\\\/\\\/najnaj.eu\\\/sl\\\/#website\"},\"primaryImageOfPage\":{\"@id\":\"https:\\\/\\\/najnaj.eu\\\/sl\\\/izdelek\\\/b-box-termo-steklenica-s-slamico-350-ml-superman\\\/#primaryimage\"},\"image\":{\"@id\":\"https:\\\/\\\/najnaj.eu\\\/sl\\\/izdelek\\\/b-box-termo-steklenica-s-slamico-350-ml-superman\\\/#primaryimage\"},\"thumbnailUrl\":\"https:\\\/\\\/najnaj.eu\\\/wp-content\\\/uploads\\\/2026\\\/04\\\/Superman_Insulation-Drink-Bottle-350ml_1_1-copy.jpg\",\"datePublished\":\"2026-04-22T12:09:12+00:00\",\"dateModified\":\"2026-05-05T09:22:34+00:00\",\"breadcrumb\":{\"@id\":\"https:\\\/\\\/najnaj.eu\\\/sl\\\/izdelek\\\/b-box-termo-steklenica-s-slamico-350-ml-superman\\\/#breadcrumb\"},\"inLanguage\":\"sl-SI\",\"potentialAction\":[{\"@type\":\"ReadAction\",\"target\":[\"https:\\\/\\\/najnaj.eu\\\/sl\\\/izdelek\\\/b-box-termo-steklenica-s-slamico-350-ml-superman\\\/\"]}]},{\"@type\":\"ImageObject\",\"inLanguage\":\"sl-SI\",\"@id\":\"https:\\\/\\\/najnaj.eu\\\/sl\\\/izdelek\\\/b-box-termo-steklenica-s-slamico-350-ml-superman\\\/#primaryimage\",\"url\":\"https:\\\/\\\/najnaj.eu\\\/wp-content\\\/uploads\\\/2026\\\/04\\\/Superman_Insulation-Drink-Bottle-350ml_1_1-copy.jpg\",\"contentUrl\":\"https:\\\/\\\/najnaj.eu\\\/wp-content\\\/uploads\\\/2026\\\/04\\\/Superman_Insulation-Drink-Bottle-350ml_1_1-copy.jpg\",\"width\":1200,\"height\":1200},{\"@type\":\"BreadcrumbList\",\"@id\":\"https:\\\/\\\/najnaj.eu\\\/sl\\\/izdelek\\\/b-box-termo-steklenica-s-slamico-350-ml-superman\\\/#breadcrumb\",\"itemListElement\":[{\"@type\":\"ListItem\",\"position\":1,\"name\":\"Po\u010detna stranica\",\"item\":\"https:\\\/\\\/najnaj.eu\\\/sl\\\/prednja-stran\\\/\"},{\"@type\":\"ListItem\",\"position\":2,\"name\":\"Shop\",\"item\":\"https:\\\/\\\/najnaj.eu\\\/sl\\\/shop\\\/\"},{\"@type\":\"ListItem\",\"position\":3,\"name\":\"b.box Termo steklenica s slamico, 350 ml &#8211; Superman\"}]},{\"@type\":\"WebSite\",\"@id\":\"https:\\\/\\\/najnaj.eu\\\/sl\\\/#website\",\"url\":\"https:\\\/\\\/najnaj.eu\\\/sl\\\/\",\"name\":\"NajNaj.eu\",\"description\":\"Za najva\u017enije!\",\"publisher\":{\"@id\":\"https:\\\/\\\/najnaj.eu\\\/sl\\\/#organization\"},\"potentialAction\":[{\"@type\":\"SearchAction\",\"target\":{\"@type\":\"EntryPoint\",\"urlTemplate\":\"https:\\\/\\\/najnaj.eu\\\/sl\\\/?s={search_term_string}\"},\"query-input\":{\"@type\":\"PropertyValueSpecification\",\"valueRequired\":true,\"valueName\":\"search_term_string\"}}],\"inLanguage\":\"sl-SI\"},{\"@type\":\"Organization\",\"@id\":\"https:\\\/\\\/najnaj.eu\\\/sl\\\/#organization\",\"name\":\"NajNaj.eu\",\"url\":\"https:\\\/\\\/najnaj.eu\\\/sl\\\/\",\"logo\":{\"@type\":\"ImageObject\",\"inLanguage\":\"sl-SI\",\"@id\":\"https:\\\/\\\/najnaj.eu\\\/sl\\\/#\\\/schema\\\/logo\\\/image\\\/\",\"url\":\"https:\\\/\\\/najnaj.eu\\\/wp-content\\\/uploads\\\/2023\\\/09\\\/logo_Najnaj_2023.svg\",\"contentUrl\":\"https:\\\/\\\/najnaj.eu\\\/wp-content\\\/uploads\\\/2023\\\/09\\\/logo_Najnaj_2023.svg\",\"width\":501,\"height\":278,\"caption\":\"NajNaj.eu\"},\"image\":{\"@id\":\"https:\\\/\\\/najnaj.eu\\\/sl\\\/#\\\/schema\\\/logo\\\/image\\\/\"},\"sameAs\":[\"https:\\\/\\\/web.facebook.com\\\/najnaj.eu\\\/\",\"https:\\\/\\\/www.instagram.com\\\/najnaj.eu\\\/\",\"https:\\\/\\\/www.tiktok.com\\\/@najnaj.eu\"]}]}<\/script>\n<meta property=\"product:brand\" content=\"b.box\" \/>\n<meta property=\"product:price:amount\" content=\"29.99\" \/>\n<meta property=\"product:price:currency\" content=\"EUR\" \/>\n<meta property=\"og:availability\" content=\"instock\" \/>\n<meta property=\"product:availability\" content=\"instock\" \/>\n<meta property=\"product:retailer_item_id\" content=\"BX1439\" \/>\n<meta property=\"product:condition\" content=\"new\" \/>\n<!-- \/ Yoast SEO Premium plugin. -->","yoast_head_json":{"title":"b.box Termo steklenica s slamico, 350 ml - Superman - NajNaj.eu","robots":{"index":"index","follow":"follow","max-snippet":"max-snippet:-1","max-image-preview":"max-image-preview:large","max-video-preview":"max-video-preview:-1"},"canonical":"https:\/\/najnaj.eu\/sl\/izdelek\/b-box-termo-steklenica-s-slamico-350-ml-superman\/","og_locale":"sl_SI","og_type":"article","og_title":"b.box Termo steklenica s slamico, 350 ml - Superman","og_description":"Leti, leti, vzdigni se! SUPREME je tu, da re\u0161i dan. Naj bo vsako kosilo super z na\u0161o drzno in pisano kolekcijo SUPERMAN. Zasnovana je tako, da malim junakom daje energijo za vsako pustolov\u0161\u010dino, ki je pred njimi.    Dvostenska termos steklenica iz nerjave\u010dega jekla  Primerno za pomivalni stroj, samo zgornja polica  Silikonska slamica omogo\u010da enostavno pitje  Teko\u010dine ostanejo hladne do 8 ur in vro\u010de do 6 ur  Integriran ro\u010daj za no\u0161enje  Iz nerjave\u010dega jekla, silikona in polipropilena  Ne vsebuje BPA, ftalatov in PVC-ja  350 ml  Dimenzije 7 x 7,5 x 20 cm","og_url":"https:\/\/najnaj.eu\/sl\/izdelek\/b-box-termo-steklenica-s-slamico-350-ml-superman\/","og_site_name":"NajNaj.eu","article_publisher":"https:\/\/web.facebook.com\/najnaj.eu\/","article_modified_time":"2026-05-05T09:22:34+00:00","og_image":[{"width":1200,"height":1200,"url":"https:\/\/najnaj.eu\/wp-content\/uploads\/2026\/04\/Superman_Insulation-Drink-Bottle-350ml_1_1-copy.jpg","type":"image\/jpeg"}],"twitter_card":"summary_large_image","twitter_misc":{"Price":"29,99&nbsp;&euro;","Availability":"In stock"},"schema":{"@context":"https:\/\/schema.org","@graph":[{"@type":"WebPage","@id":"https:\/\/najnaj.eu\/sl\/izdelek\/b-box-termo-steklenica-s-slamico-350-ml-superman\/","url":"https:\/\/najnaj.eu\/sl\/izdelek\/b-box-termo-steklenica-s-slamico-350-ml-superman\/","name":"b.box Termo steklenica s slamico, 350 ml - Superman - NajNaj.eu","isPartOf":{"@id":"https:\/\/najnaj.eu\/sl\/#website"},"primaryImageOfPage":{"@id":"https:\/\/najnaj.eu\/sl\/izdelek\/b-box-termo-steklenica-s-slamico-350-ml-superman\/#primaryimage"},"image":{"@id":"https:\/\/najnaj.eu\/sl\/izdelek\/b-box-termo-steklenica-s-slamico-350-ml-superman\/#primaryimage"},"thumbnailUrl":"https:\/\/najnaj.eu\/wp-content\/uploads\/2026\/04\/Superman_Insulation-Drink-Bottle-350ml_1_1-copy.jpg","datePublished":"2026-04-22T12:09:12+00:00","dateModified":"2026-05-05T09:22:34+00:00","breadcrumb":{"@id":"https:\/\/najnaj.eu\/sl\/izdelek\/b-box-termo-steklenica-s-slamico-350-ml-superman\/#breadcrumb"},"inLanguage":"sl-SI","potentialAction":[{"@type":"ReadAction","target":["https:\/\/najnaj.eu\/sl\/izdelek\/b-box-termo-steklenica-s-slamico-350-ml-superman\/"]}]},{"@type":"ImageObject","inLanguage":"sl-SI","@id":"https:\/\/najnaj.eu\/sl\/izdelek\/b-box-termo-steklenica-s-slamico-350-ml-superman\/#primaryimage","url":"https:\/\/najnaj.eu\/wp-content\/uploads\/2026\/04\/Superman_Insulation-Drink-Bottle-350ml_1_1-copy.jpg","contentUrl":"https:\/\/najnaj.eu\/wp-content\/uploads\/2026\/04\/Superman_Insulation-Drink-Bottle-350ml_1_1-copy.jpg","width":1200,"height":1200},{"@type":"BreadcrumbList","@id":"https:\/\/najnaj.eu\/sl\/izdelek\/b-box-termo-steklenica-s-slamico-350-ml-superman\/#breadcrumb","itemListElement":[{"@type":"ListItem","position":1,"name":"Po\u010detna stranica","item":"https:\/\/najnaj.eu\/sl\/prednja-stran\/"},{"@type":"ListItem","position":2,"name":"Shop","item":"https:\/\/najnaj.eu\/sl\/shop\/"},{"@type":"ListItem","position":3,"name":"b.box Termo steklenica s slamico, 350 ml &#8211; Superman"}]},{"@type":"WebSite","@id":"https:\/\/najnaj.eu\/sl\/#website","url":"https:\/\/najnaj.eu\/sl\/","name":"NajNaj.eu","description":"Za najva\u017enije!","publisher":{"@id":"https:\/\/najnaj.eu\/sl\/#organization"},"potentialAction":[{"@type":"SearchAction","target":{"@type":"EntryPoint","urlTemplate":"https:\/\/najnaj.eu\/sl\/?s={search_term_string}"},"query-input":{"@type":"PropertyValueSpecification","valueRequired":true,"valueName":"search_term_string"}}],"inLanguage":"sl-SI"},{"@type":"Organization","@id":"https:\/\/najnaj.eu\/sl\/#organization","name":"NajNaj.eu","url":"https:\/\/najnaj.eu\/sl\/","logo":{"@type":"ImageObject","inLanguage":"sl-SI","@id":"https:\/\/najnaj.eu\/sl\/#\/schema\/logo\/image\/","url":"https:\/\/najnaj.eu\/wp-content\/uploads\/2023\/09\/logo_Najnaj_2023.svg","contentUrl":"https:\/\/najnaj.eu\/wp-content\/uploads\/2023\/09\/logo_Najnaj_2023.svg","width":501,"height":278,"caption":"NajNaj.eu"},"image":{"@id":"https:\/\/najnaj.eu\/sl\/#\/schema\/logo\/image\/"},"sameAs":["https:\/\/web.facebook.com\/najnaj.eu\/","https:\/\/www.instagram.com\/najnaj.eu\/","https:\/\/www.tiktok.com\/@najnaj.eu"]}]},"product_brand":"b.box","product_price_amount":"29.99","product_price_currency":"EUR","og_availability":"instock","product_availability":"instock","product_retailer_item_id":"BX1439","product_condition":"new"},"_links":{"self":[{"href":"https:\/\/najnaj.eu\/sl\/wp-json\/wp\/v2\/product\/307082","targetHints":{"allow":["GET"]}}],"collection":[{"href":"https:\/\/najnaj.eu\/sl\/wp-json\/wp\/v2\/product"}],"about":[{"href":"https:\/\/najnaj.eu\/sl\/wp-json\/wp\/v2\/types\/product"}],"replies":[{"embeddable":true,"href":"https:\/\/najnaj.eu\/sl\/wp-json\/wp\/v2\/comments?post=307082"}],"version-history":[{"count":0,"href":"https:\/\/najnaj.eu\/sl\/wp-json\/wp\/v2\/product\/307082\/revisions"}],"wp:featuredmedia":[{"embeddable":true,"href":"https:\/\/najnaj.eu\/sl\/wp-json\/wp\/v2\/media\/306693"}],"wp:attachment":[{"href":"https:\/\/najnaj.eu\/sl\/wp-json\/wp\/v2\/media?parent=307082"}],"wp:term":[{"taxonomy":"product_brand","embeddable":true,"href":"https:\/\/najnaj.eu\/sl\/wp-json\/wp\/v2\/product_brand?post=307082"},{"taxonomy":"product_cat","embeddable":true,"href":"https:\/\/najnaj.eu\/sl\/wp-json\/wp\/v2\/product_cat?post=307082"},{"taxonomy":"product_tag","embeddable":true,"href":"https:\/\/najnaj.eu\/sl\/wp-json\/wp\/v2\/product_tag?post=307082"}],"curies":[{"name":"wp","href":"https:\/\/api.w.org\/{rel}","templated":true}]}}