{"id":307081,"date":"2026-04-23T09:46:08","date_gmt":"2026-04-23T07:46:08","guid":{"rendered":"https:\/\/najnaj.eu\/proizvod\/b-box-tritan-steklenica-s-slamico-600-ml-superman\/"},"modified":"2026-05-05T11:22:17","modified_gmt":"2026-05-05T09:22:17","slug":"b-box-tritan-steklenica-s-slamico-600-ml-superman","status":"publish","type":"product","link":"https:\/\/najnaj.eu\/sl\/izdelek\/b-box-tritan-steklenica-s-slamico-600-ml-superman\/","title":{"rendered":"b.box Tritan\u2122 steklenica s slamico, 600 ml &#8211; Superman"},"content":{"rendered":"<p>Na\u0161a edinstvena velika otro\u0161ka stekleni\u010dka za pitje s prostornino 600 ml je idealna za \u0161olske otroke. Njena edinstvena trikotna oblika je zasnovana posebej za majhne roke, zaradi \u010desar jo otroci la\u017eje dr\u017eijo. Bolj\u0161a za \u0161olske otroke \u2013 ta ve\u010dja stekleni\u010dka s prostornino 600 ml je nekoliko te\u017eja od na\u0161e stekleni\u010dke s prostornino 450 ml, ko je polna teko\u010dine.  <\/p>\n<p>Preprost pritisk na gumb odpre pokrov, s \u010dimer ostanejo konice slamic higienske, ko so zaprte, in nikoli ne izgubijo teko\u010dine. Konica slamice z ventilom proti razlitju prepre\u010duje nenamerno razlitje. Robustni ro\u010daj za no\u0161enje otrokom olaj\u0161a prena\u0161anje in jemanje iz \u0161olskih torb.  <\/p>\n<p>Njegova prostornina 600 ml in nagnjena silikonska slamica omogo\u010data otrokom, da spijejo vsako kapljico in ostanejo hidrirani ves dan. Minimalno \u0161tevilo delov in zelo enostavna monta\u017ea\/razstavitev ter \u010di\u0161\u010denje.  Lahko se pere v pomivalnem stroju (samo zgornja polica).<\/p>\n","protected":false},"excerpt":{"rendered":"<p>Leti, leti, vzdigni se! SUPREME je tu, da re\u0161i dan. Naj bo vsako kosilo super z na\u0161o drzno in pisano kolekcijo SUPERMAN. Zasnovana je tako, da malim junakom daje energijo za vsako pustolov\u0161\u010dino, ki je pred njimi.   <\/p>\n<ul>\n<li>od 9+ mesecev<\/li>\n<li>Edinstvena ergonomska trikotna oblika omogo\u010da la\u017eje dr\u017eanje z dvema ro\u010dajema<\/li>\n<li>Pokrov je zasnovan za enostavno odpiranje in zapiranje, odpre se s pritiskom na gumb in ostane zaklenjen, da se otrok ne bi udaril v obraz, ko se nagne.<\/li>\n<li>Slamka z ventilom proti razlitju prepre\u010duje nenamerno razlitje<\/li>\n<li>Velik ro\u010daj za enostavno odstranjevanje iz torbe in prena\u0161anje v roki<\/li>\n<li>Velika odprtina za enostavno polnjenje in dajanje ledenih kock<\/li>\n<li>Malo delov za la\u017eje \u010di\u0161\u010denje in sestavljanje<\/li>\n<li>Prostornina: 600 ml<\/li>\n<li>Dimenzije: 8,6 x 7,9 x 26,8 cm<\/li>\n<\/ul>\n","protected":false},"featured_media":306861,"comment_status":"open","ping_status":"closed","template":"","meta":{"_acf_changed":false,"footnotes":""},"product_brand":[],"product_cat":[1167,1275,1312],"product_tag":[],"class_list":{"0":"post-307081","1":"product","2":"type-product","3":"status-publish","4":"has-post-thumbnail","6":"product_cat-hranjenje-sl","7":"product_cat-posoda","8":"product_cat-steklenice-za-vodo","9":"pa_boja-rdeca","10":"pa_boja-temno-modra","11":"pa_brand-b-box-sl","12":"pa_vrsta-posuda-steklenice-za-vodo","14":"first","15":"instock","16":"purchasable","17":"product-type-simple"},"bundled_by":[],"bundle_stock_status":"instock","bundle_stock_quantity":14,"bundle_virtual":false,"bundle_layout":"","bundle_add_to_cart_form_location":"","bundle_editable_in_cart":false,"bundle_sold_individually_context":"","bundle_item_grouping":"","bundle_min_size":"","bundle_max_size":"","bundle_price":[],"bundled_items":[],"bundle_sell_ids":[],"acf":[],"yoast_head":"<!-- This site is optimized with the Yoast SEO Premium plugin v21.5 (Yoast SEO v27.5) - https:\/\/yoast.com\/product\/yoast-seo-premium-wordpress\/ -->\n<title>b.box Tritan\u2122 steklenica s slamico, 600 ml - Superman - NajNaj.eu<\/title>\n<meta name=\"robots\" content=\"index, follow, max-snippet:-1, max-image-preview:large, max-video-preview:-1\" \/>\n<link rel=\"canonical\" href=\"https:\/\/najnaj.eu\/sl\/izdelek\/b-box-tritan-steklenica-s-slamico-600-ml-superman\/\" \/>\n<meta property=\"og:locale\" content=\"sl_SI\" \/>\n<meta property=\"og:type\" content=\"article\" \/>\n<meta property=\"og:title\" content=\"b.box Tritan\u2122 steklenica s slamico, 600 ml - Superman\" \/>\n<meta property=\"og:description\" content=\"Leti, leti, vzdigni se! SUPREME je tu, da re\u0161i dan. Naj bo vsako kosilo super z na\u0161o drzno in pisano kolekcijo SUPERMAN. Zasnovana je tako, da malim junakom daje energijo za vsako pustolov\u0161\u010dino, ki je pred njimi.    od 9+ mesecev  Edinstvena ergonomska trikotna oblika omogo\u010da la\u017eje dr\u017eanje z dvema ro\u010dajema  Pokrov je zasnovan za enostavno odpiranje in zapiranje, odpre se s pritiskom na gumb in ostane zaklenjen, da se otrok ne bi udaril v obraz, ko se nagne.  Slamka z ventilom proti razlitju prepre\u010duje nenamerno razlitje  Velik ro\u010daj za enostavno odstranjevanje iz torbe in prena\u0161anje v roki  Velika odprtina za enostavno polnjenje in dajanje ledenih kock  Malo delov za la\u017eje \u010di\u0161\u010denje in sestavljanje  Prostornina: 600 ml  Dimenzije: 8,6 x 7,9 x 26,8 cm\" \/>\n<meta property=\"og:url\" content=\"https:\/\/najnaj.eu\/sl\/izdelek\/b-box-tritan-steklenica-s-slamico-600-ml-superman\/\" \/>\n<meta property=\"og:site_name\" content=\"NajNaj.eu\" \/>\n<meta property=\"article:publisher\" content=\"https:\/\/web.facebook.com\/najnaj.eu\/\" \/>\n<meta property=\"article:modified_time\" content=\"2026-05-05T09:22:17+00:00\" \/>\n<meta property=\"og:image\" content=\"https:\/\/najnaj.eu\/wp-content\/uploads\/2026\/04\/Superman-600-Tritan-Drink-Bottle_1-copy.jpg\" \/>\n\t<meta property=\"og:image:width\" content=\"1200\" \/>\n\t<meta property=\"og:image:height\" content=\"1200\" \/>\n\t<meta property=\"og:image:type\" content=\"image\/jpeg\" \/>\n<meta name=\"twitter:card\" content=\"summary_large_image\" \/>\n<meta name=\"twitter:label1\" content=\"Price\" \/>\n\t<meta name=\"twitter:data1\" content=\"23,99&nbsp;&euro;\" \/>\n\t<meta name=\"twitter:label2\" content=\"Availability\" \/>\n\t<meta name=\"twitter:data2\" content=\"In stock\" \/>\n<script type=\"application\/ld+json\" class=\"yoast-schema-graph\">{\"@context\":\"https:\\\/\\\/schema.org\",\"@graph\":[{\"@type\":\"WebPage\",\"@id\":\"https:\\\/\\\/najnaj.eu\\\/sl\\\/izdelek\\\/b-box-tritan-steklenica-s-slamico-600-ml-superman\\\/\",\"url\":\"https:\\\/\\\/najnaj.eu\\\/sl\\\/izdelek\\\/b-box-tritan-steklenica-s-slamico-600-ml-superman\\\/\",\"name\":\"b.box Tritan\u2122 steklenica s slamico, 600 ml - Superman - NajNaj.eu\",\"isPartOf\":{\"@id\":\"https:\\\/\\\/najnaj.eu\\\/sl\\\/#website\"},\"primaryImageOfPage\":{\"@id\":\"https:\\\/\\\/najnaj.eu\\\/sl\\\/izdelek\\\/b-box-tritan-steklenica-s-slamico-600-ml-superman\\\/#primaryimage\"},\"image\":{\"@id\":\"https:\\\/\\\/najnaj.eu\\\/sl\\\/izdelek\\\/b-box-tritan-steklenica-s-slamico-600-ml-superman\\\/#primaryimage\"},\"thumbnailUrl\":\"https:\\\/\\\/najnaj.eu\\\/wp-content\\\/uploads\\\/2026\\\/04\\\/Superman-600-Tritan-Drink-Bottle_1-copy.jpg\",\"datePublished\":\"2026-04-23T07:46:08+00:00\",\"dateModified\":\"2026-05-05T09:22:17+00:00\",\"breadcrumb\":{\"@id\":\"https:\\\/\\\/najnaj.eu\\\/sl\\\/izdelek\\\/b-box-tritan-steklenica-s-slamico-600-ml-superman\\\/#breadcrumb\"},\"inLanguage\":\"sl-SI\",\"potentialAction\":[{\"@type\":\"ReadAction\",\"target\":[\"https:\\\/\\\/najnaj.eu\\\/sl\\\/izdelek\\\/b-box-tritan-steklenica-s-slamico-600-ml-superman\\\/\"]}]},{\"@type\":\"ImageObject\",\"inLanguage\":\"sl-SI\",\"@id\":\"https:\\\/\\\/najnaj.eu\\\/sl\\\/izdelek\\\/b-box-tritan-steklenica-s-slamico-600-ml-superman\\\/#primaryimage\",\"url\":\"https:\\\/\\\/najnaj.eu\\\/wp-content\\\/uploads\\\/2026\\\/04\\\/Superman-600-Tritan-Drink-Bottle_1-copy.jpg\",\"contentUrl\":\"https:\\\/\\\/najnaj.eu\\\/wp-content\\\/uploads\\\/2026\\\/04\\\/Superman-600-Tritan-Drink-Bottle_1-copy.jpg\",\"width\":1200,\"height\":1200},{\"@type\":\"BreadcrumbList\",\"@id\":\"https:\\\/\\\/najnaj.eu\\\/sl\\\/izdelek\\\/b-box-tritan-steklenica-s-slamico-600-ml-superman\\\/#breadcrumb\",\"itemListElement\":[{\"@type\":\"ListItem\",\"position\":1,\"name\":\"Po\u010detna stranica\",\"item\":\"https:\\\/\\\/najnaj.eu\\\/sl\\\/prednja-stran\\\/\"},{\"@type\":\"ListItem\",\"position\":2,\"name\":\"Shop\",\"item\":\"https:\\\/\\\/najnaj.eu\\\/sl\\\/shop\\\/\"},{\"@type\":\"ListItem\",\"position\":3,\"name\":\"b.box Tritan\u2122 steklenica s slamico, 600 ml &#8211; Superman\"}]},{\"@type\":\"WebSite\",\"@id\":\"https:\\\/\\\/najnaj.eu\\\/sl\\\/#website\",\"url\":\"https:\\\/\\\/najnaj.eu\\\/sl\\\/\",\"name\":\"NajNaj.eu\",\"description\":\"Za najva\u017enije!\",\"publisher\":{\"@id\":\"https:\\\/\\\/najnaj.eu\\\/sl\\\/#organization\"},\"potentialAction\":[{\"@type\":\"SearchAction\",\"target\":{\"@type\":\"EntryPoint\",\"urlTemplate\":\"https:\\\/\\\/najnaj.eu\\\/sl\\\/?s={search_term_string}\"},\"query-input\":{\"@type\":\"PropertyValueSpecification\",\"valueRequired\":true,\"valueName\":\"search_term_string\"}}],\"inLanguage\":\"sl-SI\"},{\"@type\":\"Organization\",\"@id\":\"https:\\\/\\\/najnaj.eu\\\/sl\\\/#organization\",\"name\":\"NajNaj.eu\",\"url\":\"https:\\\/\\\/najnaj.eu\\\/sl\\\/\",\"logo\":{\"@type\":\"ImageObject\",\"inLanguage\":\"sl-SI\",\"@id\":\"https:\\\/\\\/najnaj.eu\\\/sl\\\/#\\\/schema\\\/logo\\\/image\\\/\",\"url\":\"https:\\\/\\\/najnaj.eu\\\/wp-content\\\/uploads\\\/2023\\\/09\\\/logo_Najnaj_2023.svg\",\"contentUrl\":\"https:\\\/\\\/najnaj.eu\\\/wp-content\\\/uploads\\\/2023\\\/09\\\/logo_Najnaj_2023.svg\",\"width\":501,\"height\":278,\"caption\":\"NajNaj.eu\"},\"image\":{\"@id\":\"https:\\\/\\\/najnaj.eu\\\/sl\\\/#\\\/schema\\\/logo\\\/image\\\/\"},\"sameAs\":[\"https:\\\/\\\/web.facebook.com\\\/najnaj.eu\\\/\",\"https:\\\/\\\/www.instagram.com\\\/najnaj.eu\\\/\",\"https:\\\/\\\/www.tiktok.com\\\/@najnaj.eu\"]}]}<\/script>\n<meta property=\"product:brand\" content=\"b.box\" \/>\n<meta property=\"product:price:amount\" content=\"23.99\" \/>\n<meta property=\"product:price:currency\" content=\"EUR\" \/>\n<meta property=\"og:availability\" content=\"instock\" \/>\n<meta property=\"product:availability\" content=\"instock\" \/>\n<meta property=\"product:retailer_item_id\" content=\"BX1444\" \/>\n<meta property=\"product:condition\" content=\"new\" \/>\n<!-- \/ Yoast SEO Premium plugin. -->","yoast_head_json":{"title":"b.box Tritan\u2122 steklenica s slamico, 600 ml - Superman - NajNaj.eu","robots":{"index":"index","follow":"follow","max-snippet":"max-snippet:-1","max-image-preview":"max-image-preview:large","max-video-preview":"max-video-preview:-1"},"canonical":"https:\/\/najnaj.eu\/sl\/izdelek\/b-box-tritan-steklenica-s-slamico-600-ml-superman\/","og_locale":"sl_SI","og_type":"article","og_title":"b.box Tritan\u2122 steklenica s slamico, 600 ml - Superman","og_description":"Leti, leti, vzdigni se! SUPREME je tu, da re\u0161i dan. Naj bo vsako kosilo super z na\u0161o drzno in pisano kolekcijo SUPERMAN. Zasnovana je tako, da malim junakom daje energijo za vsako pustolov\u0161\u010dino, ki je pred njimi.    od 9+ mesecev  Edinstvena ergonomska trikotna oblika omogo\u010da la\u017eje dr\u017eanje z dvema ro\u010dajema  Pokrov je zasnovan za enostavno odpiranje in zapiranje, odpre se s pritiskom na gumb in ostane zaklenjen, da se otrok ne bi udaril v obraz, ko se nagne.  Slamka z ventilom proti razlitju prepre\u010duje nenamerno razlitje  Velik ro\u010daj za enostavno odstranjevanje iz torbe in prena\u0161anje v roki  Velika odprtina za enostavno polnjenje in dajanje ledenih kock  Malo delov za la\u017eje \u010di\u0161\u010denje in sestavljanje  Prostornina: 600 ml  Dimenzije: 8,6 x 7,9 x 26,8 cm","og_url":"https:\/\/najnaj.eu\/sl\/izdelek\/b-box-tritan-steklenica-s-slamico-600-ml-superman\/","og_site_name":"NajNaj.eu","article_publisher":"https:\/\/web.facebook.com\/najnaj.eu\/","article_modified_time":"2026-05-05T09:22:17+00:00","og_image":[{"width":1200,"height":1200,"url":"https:\/\/najnaj.eu\/wp-content\/uploads\/2026\/04\/Superman-600-Tritan-Drink-Bottle_1-copy.jpg","type":"image\/jpeg"}],"twitter_card":"summary_large_image","twitter_misc":{"Price":"23,99&nbsp;&euro;","Availability":"In stock"},"schema":{"@context":"https:\/\/schema.org","@graph":[{"@type":"WebPage","@id":"https:\/\/najnaj.eu\/sl\/izdelek\/b-box-tritan-steklenica-s-slamico-600-ml-superman\/","url":"https:\/\/najnaj.eu\/sl\/izdelek\/b-box-tritan-steklenica-s-slamico-600-ml-superman\/","name":"b.box Tritan\u2122 steklenica s slamico, 600 ml - Superman - NajNaj.eu","isPartOf":{"@id":"https:\/\/najnaj.eu\/sl\/#website"},"primaryImageOfPage":{"@id":"https:\/\/najnaj.eu\/sl\/izdelek\/b-box-tritan-steklenica-s-slamico-600-ml-superman\/#primaryimage"},"image":{"@id":"https:\/\/najnaj.eu\/sl\/izdelek\/b-box-tritan-steklenica-s-slamico-600-ml-superman\/#primaryimage"},"thumbnailUrl":"https:\/\/najnaj.eu\/wp-content\/uploads\/2026\/04\/Superman-600-Tritan-Drink-Bottle_1-copy.jpg","datePublished":"2026-04-23T07:46:08+00:00","dateModified":"2026-05-05T09:22:17+00:00","breadcrumb":{"@id":"https:\/\/najnaj.eu\/sl\/izdelek\/b-box-tritan-steklenica-s-slamico-600-ml-superman\/#breadcrumb"},"inLanguage":"sl-SI","potentialAction":[{"@type":"ReadAction","target":["https:\/\/najnaj.eu\/sl\/izdelek\/b-box-tritan-steklenica-s-slamico-600-ml-superman\/"]}]},{"@type":"ImageObject","inLanguage":"sl-SI","@id":"https:\/\/najnaj.eu\/sl\/izdelek\/b-box-tritan-steklenica-s-slamico-600-ml-superman\/#primaryimage","url":"https:\/\/najnaj.eu\/wp-content\/uploads\/2026\/04\/Superman-600-Tritan-Drink-Bottle_1-copy.jpg","contentUrl":"https:\/\/najnaj.eu\/wp-content\/uploads\/2026\/04\/Superman-600-Tritan-Drink-Bottle_1-copy.jpg","width":1200,"height":1200},{"@type":"BreadcrumbList","@id":"https:\/\/najnaj.eu\/sl\/izdelek\/b-box-tritan-steklenica-s-slamico-600-ml-superman\/#breadcrumb","itemListElement":[{"@type":"ListItem","position":1,"name":"Po\u010detna stranica","item":"https:\/\/najnaj.eu\/sl\/prednja-stran\/"},{"@type":"ListItem","position":2,"name":"Shop","item":"https:\/\/najnaj.eu\/sl\/shop\/"},{"@type":"ListItem","position":3,"name":"b.box Tritan\u2122 steklenica s slamico, 600 ml &#8211; Superman"}]},{"@type":"WebSite","@id":"https:\/\/najnaj.eu\/sl\/#website","url":"https:\/\/najnaj.eu\/sl\/","name":"NajNaj.eu","description":"Za najva\u017enije!","publisher":{"@id":"https:\/\/najnaj.eu\/sl\/#organization"},"potentialAction":[{"@type":"SearchAction","target":{"@type":"EntryPoint","urlTemplate":"https:\/\/najnaj.eu\/sl\/?s={search_term_string}"},"query-input":{"@type":"PropertyValueSpecification","valueRequired":true,"valueName":"search_term_string"}}],"inLanguage":"sl-SI"},{"@type":"Organization","@id":"https:\/\/najnaj.eu\/sl\/#organization","name":"NajNaj.eu","url":"https:\/\/najnaj.eu\/sl\/","logo":{"@type":"ImageObject","inLanguage":"sl-SI","@id":"https:\/\/najnaj.eu\/sl\/#\/schema\/logo\/image\/","url":"https:\/\/najnaj.eu\/wp-content\/uploads\/2023\/09\/logo_Najnaj_2023.svg","contentUrl":"https:\/\/najnaj.eu\/wp-content\/uploads\/2023\/09\/logo_Najnaj_2023.svg","width":501,"height":278,"caption":"NajNaj.eu"},"image":{"@id":"https:\/\/najnaj.eu\/sl\/#\/schema\/logo\/image\/"},"sameAs":["https:\/\/web.facebook.com\/najnaj.eu\/","https:\/\/www.instagram.com\/najnaj.eu\/","https:\/\/www.tiktok.com\/@najnaj.eu"]}]},"product_brand":"b.box","product_price_amount":"23.99","product_price_currency":"EUR","og_availability":"instock","product_availability":"instock","product_retailer_item_id":"BX1444","product_condition":"new"},"_links":{"self":[{"href":"https:\/\/najnaj.eu\/sl\/wp-json\/wp\/v2\/product\/307081","targetHints":{"allow":["GET"]}}],"collection":[{"href":"https:\/\/najnaj.eu\/sl\/wp-json\/wp\/v2\/product"}],"about":[{"href":"https:\/\/najnaj.eu\/sl\/wp-json\/wp\/v2\/types\/product"}],"replies":[{"embeddable":true,"href":"https:\/\/najnaj.eu\/sl\/wp-json\/wp\/v2\/comments?post=307081"}],"version-history":[{"count":0,"href":"https:\/\/najnaj.eu\/sl\/wp-json\/wp\/v2\/product\/307081\/revisions"}],"wp:featuredmedia":[{"embeddable":true,"href":"https:\/\/najnaj.eu\/sl\/wp-json\/wp\/v2\/media\/306861"}],"wp:attachment":[{"href":"https:\/\/najnaj.eu\/sl\/wp-json\/wp\/v2\/media?parent=307081"}],"wp:term":[{"taxonomy":"product_brand","embeddable":true,"href":"https:\/\/najnaj.eu\/sl\/wp-json\/wp\/v2\/product_brand?post=307081"},{"taxonomy":"product_cat","embeddable":true,"href":"https:\/\/najnaj.eu\/sl\/wp-json\/wp\/v2\/product_cat?post=307081"},{"taxonomy":"product_tag","embeddable":true,"href":"https:\/\/najnaj.eu\/sl\/wp-json\/wp\/v2\/product_tag?post=307081"}],"curies":[{"name":"wp","href":"https:\/\/api.w.org\/{rel}","templated":true}]}}