{"id":305802,"date":"2026-04-13T14:23:41","date_gmt":"2026-04-13T12:23:41","guid":{"rendered":"https:\/\/najnaj.eu\/?post_type=product&#038;p=305802"},"modified":"2026-04-13T15:32:50","modified_gmt":"2026-04-13T13:32:50","slug":"spalna-vreca-ergobaby-swaddler-ovca-kopiraj","status":"publish","type":"product","link":"https:\/\/najnaj.eu\/sl\/izdelek\/spalna-vreca-ergobaby-swaddler-ovca-kopiraj\/","title":{"rendered":"Spalna vre\u010da Ergobaby Swaddler, Starry Mint"},"content":{"rendered":"<h1 class=\"alt-font\"><span data-text-color=\"secondary\">Inovativen izdelek za miren in dolg spanec<\/span><\/h1>\n<p>&nbsp;<\/p>\n<p>Novope\u010deni star\u0161i obo\u017eujejo na\u0161o spalno vre\u010do Swaddler. Uporaba spalne vre\u010de Ergobaby Swaddler je varen, preprost in u\u010dinkovit na\u010din, da zagotovite dalj\u0161i in mirnej\u0161i spanec va\u0161ega dojen\u010dka, z inovativnimi funkcijami, ki prepre\u010dujejo, da bi se zbudil ali da bi ga kdo potegnil iz vre\u010de. Priporo\u010dajo jo mame in zdravstveni strokovnjaki.<br \/>\n Na\u0161a patentirana ergonomska zasnova omogo\u010da naravno gibanje otrokovih bokov in nog, kar priporo\u010da Mednarodni in\u0161titut za displazijo kolkov, snemljiva vre\u010dka za noge pa omogo\u010da menjavo plenice brez odvijanja ali zbujanja otroka.<br \/>\n Spalna vre\u010da Ergobaby Swaddler je edina spalna vre\u010da na trgu, ki vsebuje patentiran sistem &#8220;Healthy Hip Positioner&#8221;, ki zagotavlja ergonomsko pravilen in priporo\u010den tako imenovani &#8220;\u017eabji&#8221; polo\u017eaj nog za zdrav razvoj kolkov.   <\/p>\n<p>&nbsp;<\/p>\n<p>Zna\u010dilnosti:<\/p>\n<ul>\n<li>Ergonomska oblika &#8211; ameri\u0161ki patent, vlo\u017eek Healthy Hip Positioner ohranja otrokove nogice in boke v pravilnem ergonomskem polo\u017eaju, ki omogo\u010da zdrav razvoj kolkov. Spalna vre\u010da Swaddler je zasnovana tudi tako, da dr\u017ei roke v naravnem &#8220;sr\u010dnem&#8221; polo\u017eaju (kar tudi prepre\u010duje, da bi si dojen\u010dek pomotoma opraskal obraz). <\/li>\n<li>Enostavna uporaba &#8211; zagotavlja udobje in varnost za va\u0161ega dojen\u010dka v le nekaj preprostih korakih.<\/li>\n<li>Za\u0161\u010dita pred odvijanjem &#8211; posebej zasnovani \u017eepi za roke in noge dr\u017eijo spalno vre\u010do Ergobaby Swaddler v fiksnem polo\u017eaju in prepre\u010dujejo njeno premikanje ali odvijanje.<\/li>\n<li>Edinstvena prakti\u010dnost &#8211; spalna vre\u010da Swaddler vsebuje originalen &#8220;premi\u010dni \u017eep za nogo&#8221;, ki omogo\u010da hiter dostop do plenice in enostavno povijanje dojen\u010dka.<\/li>\n<li>Ovijanje in varno pozicijo bokov zagotavlja kakovosten sistem je\u017ekov.<\/li>\n<\/ul>\n","protected":false},"excerpt":{"rendered":"<p>&nbsp;<\/p>\n<ul>\n<li>omogo\u010da dalj\u0161i in mirnej\u0161i spanec dojen\u010dka<\/li>\n<li>ergonomsko oblikovan<\/li>\n<li>enostavno rokovanje in povijanje dojen\u010dka<\/li>\n<\/ul>\n<p>Za dojen\u010dke 48\u201361 cm \/ 2,7\u20136,8 kg<\/p>\n<p>&nbsp;<\/p>\n<p><a href=\"https:\/\/ergobaby.hr\/wp-content\/uploads\/2018\/10\/Easy-To-Use.png\"><img loading=\"lazy\" decoding=\"async\" class=\"wp-image-6926 alignnone\" src=\"https:\/\/ergobaby.hr\/wp-content\/uploads\/2018\/10\/Easy-To-Use.png\" alt=\"\" width=\"23\" height=\"23\"><\/a> Jednostavna upotreba<\/p>\n<p><a href=\"https:\/\/ergobaby.hr\/wp-content\/uploads\/2018\/10\/Easy-Diaper-Change.png\"><img loading=\"lazy\" decoding=\"async\" class=\" wp-image-6930 alignnone\" src=\"https:\/\/ergobaby.hr\/wp-content\/uploads\/2018\/10\/Easy-Diaper-Change.png\" alt=\"\" width=\"28\" height=\"28\"><\/a> Jednostavna promjena pelena<\/p>\n<p><a href=\"https:\/\/ergobaby.hr\/wp-content\/uploads\/2018\/10\/Healthy-Hip-position.png\"><img loading=\"lazy\" decoding=\"async\" class=\" wp-image-6934 alignnone\" src=\"https:\/\/ergobaby.hr\/wp-content\/uploads\/2018\/10\/Healthy-Hip-position.png\" alt=\"\" width=\"28\" height=\"28\"><\/a>  Zdrav polo\u017eaj kolkov<\/p>\n<p><a href=\"https:\/\/ergobaby.hr\/wp-content\/uploads\/2018\/10\/Escape-Proof.png\"><img loading=\"lazy\" decoding=\"async\" class=\" wp-image-6938 alignnone\" src=\"https:\/\/ergobaby.hr\/wp-content\/uploads\/2018\/10\/Escape-Proof.png\" alt=\"\" width=\"28\" height=\"28\"><\/a>  Za\u0161\u010dita pred izvle\u010denjem \u2013 \u017eepi za roke<\/p>\n<p><a href=\"https:\/\/ergobaby.hr\/wp-content\/uploads\/2019\/04\/Breathable-Cotton.png\"><img loading=\"lazy\" decoding=\"async\" class=\" wp-image-6998 alignnone\" src=\"https:\/\/ergobaby.hr\/wp-content\/uploads\/2019\/04\/Breathable-Cotton.png\" alt=\"\" width=\"27\" height=\"27\"><\/a> Prozra\u010dan pamuk<\/p>\n<p><a href=\"https:\/\/ergobaby.hr\/wp-content\/uploads\/2019\/04\/100_-Cotton.png\"><img loading=\"lazy\" decoding=\"async\" class=\" wp-image-7002 alignnone\" src=\"https:\/\/ergobaby.hr\/wp-content\/uploads\/2019\/04\/100_-Cotton.png\" alt=\"\" width=\"27\" height=\"27\"><\/a> 100 % bomba\u017e<\/p>\n","protected":false},"featured_media":305810,"comment_status":"open","ping_status":"closed","template":"","meta":{"_acf_changed":false,"footnotes":""},"product_brand":[],"product_cat":[1302,1313],"product_tag":[],"class_list":{"0":"post-305802","1":"product","2":"type-product","3":"status-publish","4":"has-post-thumbnail","6":"product_cat-spalne-vrece","7":"product_cat-swaddlers","8":"pa_boja-zelena-sl","9":"pa_brand-ergobaby-sl","11":"first","12":"instock","13":"purchasable","14":"product-type-simple"},"bundled_by":[],"bundle_stock_status":"instock","bundle_stock_quantity":15,"bundle_virtual":false,"bundle_layout":"","bundle_add_to_cart_form_location":"","bundle_editable_in_cart":false,"bundle_sold_individually_context":"","bundle_item_grouping":"","bundle_min_size":"","bundle_max_size":"","bundle_price":[],"bundled_items":[],"bundle_sell_ids":[],"acf":[],"yoast_head":"<!-- This site is optimized with the Yoast SEO Premium plugin v21.5 (Yoast SEO v27.4) - https:\/\/yoast.com\/product\/yoast-seo-premium-wordpress\/ -->\n<title>Spalna vre\u010da Ergobaby Swaddler, Starry Mint - NajNaj.eu<\/title>\n<meta name=\"robots\" content=\"index, follow, max-snippet:-1, max-image-preview:large, max-video-preview:-1\" \/>\n<link rel=\"canonical\" href=\"https:\/\/najnaj.eu\/sl\/izdelek\/spalna-vreca-ergobaby-swaddler-ovca-kopiraj\/\" \/>\n<meta property=\"og:locale\" content=\"sl_SI\" \/>\n<meta property=\"og:type\" content=\"article\" \/>\n<meta property=\"og:title\" content=\"Spalna vre\u010da Ergobaby Swaddler, Starry Mint\" \/>\n<meta property=\"og:description\" content=\"&nbsp;  omogo\u010da dalj\u0161i in mirnej\u0161i spanec dojen\u010dka  ergonomsko oblikovan  enostavno rokovanje in povijanje dojen\u010dka Za dojen\u010dke 48\u201361 cm \/ 2,7\u20136,8 kg &nbsp;  Jednostavna upotreba  Jednostavna promjena pelena  Zdrav polo\u017eaj kolkov  Za\u0161\u010dita pred izvle\u010denjem \u2013 \u017eepi za roke  Prozra\u010dan pamuk  100 % bomba\u017e\" \/>\n<meta property=\"og:url\" content=\"https:\/\/najnaj.eu\/sl\/izdelek\/spalna-vreca-ergobaby-swaddler-ovca-kopiraj\/\" \/>\n<meta property=\"og:site_name\" content=\"NajNaj.eu\" \/>\n<meta property=\"article:publisher\" content=\"https:\/\/web.facebook.com\/najnaj.eu\/\" \/>\n<meta property=\"article:modified_time\" content=\"2026-04-13T13:32:50+00:00\" \/>\n<meta property=\"og:image\" content=\"https:\/\/najnaj.eu\/wp-content\/uploads\/2026\/04\/swaddler-starry-mint-01-4159x4159-6062fa9-scaled.jpg\" \/>\n\t<meta property=\"og:image:width\" content=\"2560\" \/>\n\t<meta property=\"og:image:height\" content=\"2560\" \/>\n\t<meta property=\"og:image:type\" content=\"image\/jpeg\" \/>\n<meta name=\"twitter:card\" content=\"summary_large_image\" \/>\n<meta name=\"twitter:label1\" content=\"Price\" \/>\n\t<meta name=\"twitter:data1\" content=\"24,90&nbsp;&euro;\" \/>\n\t<meta name=\"twitter:label2\" content=\"Availability\" \/>\n\t<meta name=\"twitter:data2\" content=\"In stock\" \/>\n<script type=\"application\/ld+json\" class=\"yoast-schema-graph\">{\"@context\":\"https:\\\/\\\/schema.org\",\"@graph\":[{\"@type\":\"WebPage\",\"@id\":\"https:\\\/\\\/najnaj.eu\\\/sl\\\/izdelek\\\/spalna-vreca-ergobaby-swaddler-ovca-kopiraj\\\/\",\"url\":\"https:\\\/\\\/najnaj.eu\\\/sl\\\/izdelek\\\/spalna-vreca-ergobaby-swaddler-ovca-kopiraj\\\/\",\"name\":\"Spalna vre\u010da Ergobaby Swaddler, Starry Mint - NajNaj.eu\",\"isPartOf\":{\"@id\":\"https:\\\/\\\/najnaj.eu\\\/sl\\\/#website\"},\"primaryImageOfPage\":{\"@id\":\"https:\\\/\\\/najnaj.eu\\\/sl\\\/izdelek\\\/spalna-vreca-ergobaby-swaddler-ovca-kopiraj\\\/#primaryimage\"},\"image\":{\"@id\":\"https:\\\/\\\/najnaj.eu\\\/sl\\\/izdelek\\\/spalna-vreca-ergobaby-swaddler-ovca-kopiraj\\\/#primaryimage\"},\"thumbnailUrl\":\"https:\\\/\\\/najnaj.eu\\\/wp-content\\\/uploads\\\/2026\\\/04\\\/swaddler-starry-mint-01-4159x4159-6062fa9-scaled.jpg\",\"datePublished\":\"2026-04-13T12:23:41+00:00\",\"dateModified\":\"2026-04-13T13:32:50+00:00\",\"breadcrumb\":{\"@id\":\"https:\\\/\\\/najnaj.eu\\\/sl\\\/izdelek\\\/spalna-vreca-ergobaby-swaddler-ovca-kopiraj\\\/#breadcrumb\"},\"inLanguage\":\"sl-SI\",\"potentialAction\":[{\"@type\":\"ReadAction\",\"target\":[\"https:\\\/\\\/najnaj.eu\\\/sl\\\/izdelek\\\/spalna-vreca-ergobaby-swaddler-ovca-kopiraj\\\/\"]}]},{\"@type\":\"ImageObject\",\"inLanguage\":\"sl-SI\",\"@id\":\"https:\\\/\\\/najnaj.eu\\\/sl\\\/izdelek\\\/spalna-vreca-ergobaby-swaddler-ovca-kopiraj\\\/#primaryimage\",\"url\":\"https:\\\/\\\/najnaj.eu\\\/wp-content\\\/uploads\\\/2026\\\/04\\\/swaddler-starry-mint-01-4159x4159-6062fa9-scaled.jpg\",\"contentUrl\":\"https:\\\/\\\/najnaj.eu\\\/wp-content\\\/uploads\\\/2026\\\/04\\\/swaddler-starry-mint-01-4159x4159-6062fa9-scaled.jpg\",\"width\":2560,\"height\":2560},{\"@type\":\"BreadcrumbList\",\"@id\":\"https:\\\/\\\/najnaj.eu\\\/sl\\\/izdelek\\\/spalna-vreca-ergobaby-swaddler-ovca-kopiraj\\\/#breadcrumb\",\"itemListElement\":[{\"@type\":\"ListItem\",\"position\":1,\"name\":\"Po\u010detna stranica\",\"item\":\"https:\\\/\\\/najnaj.eu\\\/sl\\\/prednja-stran\\\/\"},{\"@type\":\"ListItem\",\"position\":2,\"name\":\"Shop\",\"item\":\"https:\\\/\\\/najnaj.eu\\\/sl\\\/shop\\\/\"},{\"@type\":\"ListItem\",\"position\":3,\"name\":\"Spalna vre\u010da Ergobaby Swaddler, Starry Mint\"}]},{\"@type\":\"WebSite\",\"@id\":\"https:\\\/\\\/najnaj.eu\\\/sl\\\/#website\",\"url\":\"https:\\\/\\\/najnaj.eu\\\/sl\\\/\",\"name\":\"NajNaj.eu\",\"description\":\"Za najva\u017enije!\",\"publisher\":{\"@id\":\"https:\\\/\\\/najnaj.eu\\\/sl\\\/#organization\"},\"potentialAction\":[{\"@type\":\"SearchAction\",\"target\":{\"@type\":\"EntryPoint\",\"urlTemplate\":\"https:\\\/\\\/najnaj.eu\\\/sl\\\/?s={search_term_string}\"},\"query-input\":{\"@type\":\"PropertyValueSpecification\",\"valueRequired\":true,\"valueName\":\"search_term_string\"}}],\"inLanguage\":\"sl-SI\"},{\"@type\":\"Organization\",\"@id\":\"https:\\\/\\\/najnaj.eu\\\/sl\\\/#organization\",\"name\":\"NajNaj.eu\",\"url\":\"https:\\\/\\\/najnaj.eu\\\/sl\\\/\",\"logo\":{\"@type\":\"ImageObject\",\"inLanguage\":\"sl-SI\",\"@id\":\"https:\\\/\\\/najnaj.eu\\\/sl\\\/#\\\/schema\\\/logo\\\/image\\\/\",\"url\":\"https:\\\/\\\/najnaj.eu\\\/wp-content\\\/uploads\\\/2023\\\/09\\\/logo_Najnaj_2023.svg\",\"contentUrl\":\"https:\\\/\\\/najnaj.eu\\\/wp-content\\\/uploads\\\/2023\\\/09\\\/logo_Najnaj_2023.svg\",\"width\":501,\"height\":278,\"caption\":\"NajNaj.eu\"},\"image\":{\"@id\":\"https:\\\/\\\/najnaj.eu\\\/sl\\\/#\\\/schema\\\/logo\\\/image\\\/\"},\"sameAs\":[\"https:\\\/\\\/web.facebook.com\\\/najnaj.eu\\\/\",\"https:\\\/\\\/www.instagram.com\\\/najnaj.eu\\\/\",\"https:\\\/\\\/www.tiktok.com\\\/@najnaj.eu\"]}]}<\/script>\n<meta property=\"product:brand\" content=\"Ergobaby\" \/>\n<meta property=\"product:price:amount\" content=\"24.90\" \/>\n<meta property=\"product:price:currency\" content=\"EUR\" \/>\n<meta property=\"og:availability\" content=\"instock\" \/>\n<meta property=\"product:availability\" content=\"instock\" \/>\n<meta property=\"product:retailer_item_id\" content=\"SWASTRMNT\" \/>\n<meta property=\"product:condition\" content=\"new\" \/>\n<!-- \/ Yoast SEO Premium plugin. -->","yoast_head_json":{"title":"Spalna vre\u010da Ergobaby Swaddler, Starry Mint - NajNaj.eu","robots":{"index":"index","follow":"follow","max-snippet":"max-snippet:-1","max-image-preview":"max-image-preview:large","max-video-preview":"max-video-preview:-1"},"canonical":"https:\/\/najnaj.eu\/sl\/izdelek\/spalna-vreca-ergobaby-swaddler-ovca-kopiraj\/","og_locale":"sl_SI","og_type":"article","og_title":"Spalna vre\u010da Ergobaby Swaddler, Starry Mint","og_description":"&nbsp;  omogo\u010da dalj\u0161i in mirnej\u0161i spanec dojen\u010dka  ergonomsko oblikovan  enostavno rokovanje in povijanje dojen\u010dka Za dojen\u010dke 48\u201361 cm \/ 2,7\u20136,8 kg &nbsp;  Jednostavna upotreba  Jednostavna promjena pelena  Zdrav polo\u017eaj kolkov  Za\u0161\u010dita pred izvle\u010denjem \u2013 \u017eepi za roke  Prozra\u010dan pamuk  100 % bomba\u017e","og_url":"https:\/\/najnaj.eu\/sl\/izdelek\/spalna-vreca-ergobaby-swaddler-ovca-kopiraj\/","og_site_name":"NajNaj.eu","article_publisher":"https:\/\/web.facebook.com\/najnaj.eu\/","article_modified_time":"2026-04-13T13:32:50+00:00","og_image":[{"width":2560,"height":2560,"url":"https:\/\/najnaj.eu\/wp-content\/uploads\/2026\/04\/swaddler-starry-mint-01-4159x4159-6062fa9-scaled.jpg","type":"image\/jpeg"}],"twitter_card":"summary_large_image","twitter_misc":{"Price":"24,90&nbsp;&euro;","Availability":"In stock"},"schema":{"@context":"https:\/\/schema.org","@graph":[{"@type":"WebPage","@id":"https:\/\/najnaj.eu\/sl\/izdelek\/spalna-vreca-ergobaby-swaddler-ovca-kopiraj\/","url":"https:\/\/najnaj.eu\/sl\/izdelek\/spalna-vreca-ergobaby-swaddler-ovca-kopiraj\/","name":"Spalna vre\u010da Ergobaby Swaddler, Starry Mint - NajNaj.eu","isPartOf":{"@id":"https:\/\/najnaj.eu\/sl\/#website"},"primaryImageOfPage":{"@id":"https:\/\/najnaj.eu\/sl\/izdelek\/spalna-vreca-ergobaby-swaddler-ovca-kopiraj\/#primaryimage"},"image":{"@id":"https:\/\/najnaj.eu\/sl\/izdelek\/spalna-vreca-ergobaby-swaddler-ovca-kopiraj\/#primaryimage"},"thumbnailUrl":"https:\/\/najnaj.eu\/wp-content\/uploads\/2026\/04\/swaddler-starry-mint-01-4159x4159-6062fa9-scaled.jpg","datePublished":"2026-04-13T12:23:41+00:00","dateModified":"2026-04-13T13:32:50+00:00","breadcrumb":{"@id":"https:\/\/najnaj.eu\/sl\/izdelek\/spalna-vreca-ergobaby-swaddler-ovca-kopiraj\/#breadcrumb"},"inLanguage":"sl-SI","potentialAction":[{"@type":"ReadAction","target":["https:\/\/najnaj.eu\/sl\/izdelek\/spalna-vreca-ergobaby-swaddler-ovca-kopiraj\/"]}]},{"@type":"ImageObject","inLanguage":"sl-SI","@id":"https:\/\/najnaj.eu\/sl\/izdelek\/spalna-vreca-ergobaby-swaddler-ovca-kopiraj\/#primaryimage","url":"https:\/\/najnaj.eu\/wp-content\/uploads\/2026\/04\/swaddler-starry-mint-01-4159x4159-6062fa9-scaled.jpg","contentUrl":"https:\/\/najnaj.eu\/wp-content\/uploads\/2026\/04\/swaddler-starry-mint-01-4159x4159-6062fa9-scaled.jpg","width":2560,"height":2560},{"@type":"BreadcrumbList","@id":"https:\/\/najnaj.eu\/sl\/izdelek\/spalna-vreca-ergobaby-swaddler-ovca-kopiraj\/#breadcrumb","itemListElement":[{"@type":"ListItem","position":1,"name":"Po\u010detna stranica","item":"https:\/\/najnaj.eu\/sl\/prednja-stran\/"},{"@type":"ListItem","position":2,"name":"Shop","item":"https:\/\/najnaj.eu\/sl\/shop\/"},{"@type":"ListItem","position":3,"name":"Spalna vre\u010da Ergobaby Swaddler, Starry Mint"}]},{"@type":"WebSite","@id":"https:\/\/najnaj.eu\/sl\/#website","url":"https:\/\/najnaj.eu\/sl\/","name":"NajNaj.eu","description":"Za najva\u017enije!","publisher":{"@id":"https:\/\/najnaj.eu\/sl\/#organization"},"potentialAction":[{"@type":"SearchAction","target":{"@type":"EntryPoint","urlTemplate":"https:\/\/najnaj.eu\/sl\/?s={search_term_string}"},"query-input":{"@type":"PropertyValueSpecification","valueRequired":true,"valueName":"search_term_string"}}],"inLanguage":"sl-SI"},{"@type":"Organization","@id":"https:\/\/najnaj.eu\/sl\/#organization","name":"NajNaj.eu","url":"https:\/\/najnaj.eu\/sl\/","logo":{"@type":"ImageObject","inLanguage":"sl-SI","@id":"https:\/\/najnaj.eu\/sl\/#\/schema\/logo\/image\/","url":"https:\/\/najnaj.eu\/wp-content\/uploads\/2023\/09\/logo_Najnaj_2023.svg","contentUrl":"https:\/\/najnaj.eu\/wp-content\/uploads\/2023\/09\/logo_Najnaj_2023.svg","width":501,"height":278,"caption":"NajNaj.eu"},"image":{"@id":"https:\/\/najnaj.eu\/sl\/#\/schema\/logo\/image\/"},"sameAs":["https:\/\/web.facebook.com\/najnaj.eu\/","https:\/\/www.instagram.com\/najnaj.eu\/","https:\/\/www.tiktok.com\/@najnaj.eu"]}]},"product_brand":"Ergobaby","product_price_amount":"24.90","product_price_currency":"EUR","og_availability":"instock","product_availability":"instock","product_retailer_item_id":"SWASTRMNT","product_condition":"new"},"_links":{"self":[{"href":"https:\/\/najnaj.eu\/sl\/wp-json\/wp\/v2\/product\/305802","targetHints":{"allow":["GET"]}}],"collection":[{"href":"https:\/\/najnaj.eu\/sl\/wp-json\/wp\/v2\/product"}],"about":[{"href":"https:\/\/najnaj.eu\/sl\/wp-json\/wp\/v2\/types\/product"}],"replies":[{"embeddable":true,"href":"https:\/\/najnaj.eu\/sl\/wp-json\/wp\/v2\/comments?post=305802"}],"version-history":[{"count":0,"href":"https:\/\/najnaj.eu\/sl\/wp-json\/wp\/v2\/product\/305802\/revisions"}],"wp:featuredmedia":[{"embeddable":true,"href":"https:\/\/najnaj.eu\/sl\/wp-json\/wp\/v2\/media\/305810"}],"wp:attachment":[{"href":"https:\/\/najnaj.eu\/sl\/wp-json\/wp\/v2\/media?parent=305802"}],"wp:term":[{"taxonomy":"product_brand","embeddable":true,"href":"https:\/\/najnaj.eu\/sl\/wp-json\/wp\/v2\/product_brand?post=305802"},{"taxonomy":"product_cat","embeddable":true,"href":"https:\/\/najnaj.eu\/sl\/wp-json\/wp\/v2\/product_cat?post=305802"},{"taxonomy":"product_tag","embeddable":true,"href":"https:\/\/najnaj.eu\/sl\/wp-json\/wp\/v2\/product_tag?post=305802"}],"curies":[{"name":"wp","href":"https:\/\/api.w.org\/{rel}","templated":true}]}}