{"id":305196,"date":"2026-04-07T12:02:14","date_gmt":"2026-04-07T10:02:14","guid":{"rendered":"https:\/\/najnaj.eu\/?post_type=product&#038;p=305196"},"modified":"2026-04-07T15:34:52","modified_gmt":"2026-04-07T13:34:52","slug":"zracna-blazina-aeromoov-za-avtosedez-skupine-1-cherries","status":"publish","type":"product","link":"https:\/\/najnaj.eu\/sl\/izdelek\/zracna-blazina-aeromoov-za-avtosedez-skupine-1-cherries\/","title":{"rendered":"Zra\u010dna blazina AeroMoov za avtosede\u017e skupine 1, \u010de\u0161nje"},"content":{"rendered":"<p>AeroMoov je poskrbel, da so poletni sprehodi in izleti prijetni in brezskrbni.<br \/>\nZra\u010dna blazina AeroMoov je posebej zasnovana tako, da se otroci v avtosede\u017eih ali vozi\u010dkih manj potijo \u200b\u200bin se ne pregrevajo. Posebna 3D-tehnologija zagotavlja kro\u017eenje zraka pod otrokom, zaradi \u010desar je otrok v poletnih mesecih in pri visokih temperaturah sve\u017e in suh.<\/p>\n<p>\uf0b7 Zagotavlja stalno kro\u017eenje zraka okoli otrokovega hrbta, nog in glave<br \/>\n\uf0b7 Vpija vlago in znoj<br \/>\n\uf0b7 Zmanj\u0161a tveganje pregrevanja<br \/>\n\uf0b7 Mehko, udobno in pralno v pralnem stroju pri 40 \u00b0C<\/p>\n<p>Zna\u010dilnosti<br \/>\nEdinstvena 3D tehnologija<br \/>\nEdinstvena tehnologija 3D zra\u010dnih blazinic odvaja odve\u010dno toploto in dovaja sve\u017e zrak. Ker 3D zra\u010dne plasti ni mogo\u010de stisniti, zagotavlja stalno kro\u017eenje zraka. To ohranja hrbet in lase va\u0161ega otroka suha, vo\u017enja v avtosede\u017eih in vozi\u010dkih pa je prijetna in sve\u017ea.<\/p>\n<p>Mehka, vpojna plast organskega bomba\u017ea<br \/>\nOtrok sedi na mehki plasti organskega bomba\u017ea, ki vpije ves odve\u010dni znoj. Zra\u010dna blazinica je izjemno udobna, z uporabo blazinic pa za\u0161\u010ditimo originalno oblazinjenje avtosede\u017eev in vozi\u010dkov, zato bodo dlje \u010dasa videti kot novi in \u200b\u200blepi.<\/p>\n","protected":false},"excerpt":{"rendered":"<p>Zra\u010dna blazina Aeromoov je zasnovana za otroke, ki jim je v avtosede\u017eih ali vozi\u010dkih vro\u010de.<br \/>\n&#8211; omogo\u010da optimalno kro\u017eenje zraka<br \/>\n&#8211; udobna in mehka podloga iz organskega bomba\u017ea<br \/>\n&#8211; ustreza razli\u010dnim modelom avtosede\u017eev skupine 1<br \/>\n&#8211; \u0161iroka paleta barv<\/p>\n","protected":false},"featured_media":305203,"comment_status":"open","ping_status":"closed","template":"","meta":{"_acf_changed":false,"footnotes":""},"product_brand":[],"product_cat":[829,855],"product_tag":[2272],"class_list":{"0":"post-305196","1":"product","2":"type-product","3":"status-publish","4":"has-post-thumbnail","6":"product_cat-dodaci-za-autosjedalice","7":"product_cat-zracne-podloge-sjedalice","8":"product_tag-ljeto","9":"pa_boja-roza","10":"pa_brand-aeromoov","12":"first","13":"instock","14":"purchasable","15":"product-type-simple"},"bundled_by":[],"bundle_stock_status":"instock","bundle_stock_quantity":14,"bundle_virtual":false,"bundle_layout":"","bundle_add_to_cart_form_location":"","bundle_editable_in_cart":false,"bundle_sold_individually_context":"","bundle_item_grouping":"","bundle_min_size":"","bundle_max_size":"","bundle_price":[],"bundled_items":[],"bundle_sell_ids":[],"acf":[],"yoast_head":"<!-- This site is optimized with the Yoast SEO Premium plugin v21.5 (Yoast SEO v27.3) - https:\/\/yoast.com\/product\/yoast-seo-premium-wordpress\/ -->\n<title>Zra\u010dna blazina AeroMoov za avtosede\u017e skupine 1, \u010de\u0161nje - NajNaj.eu<\/title>\n<meta name=\"robots\" content=\"index, follow, max-snippet:-1, max-image-preview:large, max-video-preview:-1\" \/>\n<link rel=\"canonical\" href=\"https:\/\/najnaj.eu\/sl\/izdelek\/zracna-blazina-aeromoov-za-avtosedez-skupine-1-cherries\/\" \/>\n<meta property=\"og:locale\" content=\"sl_SI\" \/>\n<meta property=\"og:type\" content=\"article\" \/>\n<meta property=\"og:title\" content=\"Zra\u010dna blazina AeroMoov za avtosede\u017e skupine 1, \u010de\u0161nje\" \/>\n<meta property=\"og:description\" content=\"Zra\u010dna blazina Aeromoov je zasnovana za otroke, ki jim je v avtosede\u017eih ali vozi\u010dkih vro\u010de. - omogo\u010da optimalno kro\u017eenje zraka - udobna in mehka podloga iz organskega bomba\u017ea - ustreza razli\u010dnim modelom avtosede\u017eev skupine 1 - \u0161iroka paleta barv\" \/>\n<meta property=\"og:url\" content=\"https:\/\/najnaj.eu\/sl\/izdelek\/zracna-blazina-aeromoov-za-avtosedez-skupine-1-cherries\/\" \/>\n<meta property=\"og:site_name\" content=\"NajNaj.eu\" \/>\n<meta property=\"article:publisher\" content=\"https:\/\/web.facebook.com\/najnaj.eu\/\" \/>\n<meta property=\"article:modified_time\" content=\"2026-04-07T13:34:52+00:00\" \/>\n<meta property=\"og:image\" content=\"https:\/\/najnaj.eu\/wp-content\/uploads\/2026\/04\/ALltd-1-CHS-Front-390x1024.png\" \/>\n\t<meta property=\"og:image:width\" content=\"390\" \/>\n\t<meta property=\"og:image:height\" content=\"1024\" \/>\n\t<meta property=\"og:image:type\" content=\"image\/png\" \/>\n<meta name=\"twitter:card\" content=\"summary_large_image\" \/>\n<meta name=\"twitter:label1\" content=\"Price\" \/>\n\t<meta name=\"twitter:data1\" content=\"36,95&nbsp;&euro;\" \/>\n\t<meta name=\"twitter:label2\" content=\"Availability\" \/>\n\t<meta name=\"twitter:data2\" content=\"In stock\" \/>\n<script type=\"application\/ld+json\" class=\"yoast-schema-graph\">{\"@context\":\"https:\\\/\\\/schema.org\",\"@graph\":[{\"@type\":\"WebPage\",\"@id\":\"https:\\\/\\\/najnaj.eu\\\/sl\\\/izdelek\\\/zracna-blazina-aeromoov-za-avtosedez-skupine-1-cherries\\\/\",\"url\":\"https:\\\/\\\/najnaj.eu\\\/sl\\\/izdelek\\\/zracna-blazina-aeromoov-za-avtosedez-skupine-1-cherries\\\/\",\"name\":\"Zra\u010dna blazina AeroMoov za avtosede\u017e skupine 1, \u010de\u0161nje - NajNaj.eu\",\"isPartOf\":{\"@id\":\"https:\\\/\\\/najnaj.eu\\\/sl\\\/#website\"},\"primaryImageOfPage\":{\"@id\":\"https:\\\/\\\/najnaj.eu\\\/sl\\\/izdelek\\\/zracna-blazina-aeromoov-za-avtosedez-skupine-1-cherries\\\/#primaryimage\"},\"image\":{\"@id\":\"https:\\\/\\\/najnaj.eu\\\/sl\\\/izdelek\\\/zracna-blazina-aeromoov-za-avtosedez-skupine-1-cherries\\\/#primaryimage\"},\"thumbnailUrl\":\"https:\\\/\\\/najnaj.eu\\\/wp-content\\\/uploads\\\/2026\\\/04\\\/ALltd-1-CHS-Front-scaled.png\",\"datePublished\":\"2026-04-07T10:02:14+00:00\",\"dateModified\":\"2026-04-07T13:34:52+00:00\",\"breadcrumb\":{\"@id\":\"https:\\\/\\\/najnaj.eu\\\/sl\\\/izdelek\\\/zracna-blazina-aeromoov-za-avtosedez-skupine-1-cherries\\\/#breadcrumb\"},\"inLanguage\":\"sl-SI\",\"potentialAction\":[{\"@type\":\"ReadAction\",\"target\":[\"https:\\\/\\\/najnaj.eu\\\/sl\\\/izdelek\\\/zracna-blazina-aeromoov-za-avtosedez-skupine-1-cherries\\\/\"]}]},{\"@type\":\"ImageObject\",\"inLanguage\":\"sl-SI\",\"@id\":\"https:\\\/\\\/najnaj.eu\\\/sl\\\/izdelek\\\/zracna-blazina-aeromoov-za-avtosedez-skupine-1-cherries\\\/#primaryimage\",\"url\":\"https:\\\/\\\/najnaj.eu\\\/wp-content\\\/uploads\\\/2026\\\/04\\\/ALltd-1-CHS-Front-scaled.png\",\"contentUrl\":\"https:\\\/\\\/najnaj.eu\\\/wp-content\\\/uploads\\\/2026\\\/04\\\/ALltd-1-CHS-Front-scaled.png\",\"width\":974,\"height\":2560},{\"@type\":\"BreadcrumbList\",\"@id\":\"https:\\\/\\\/najnaj.eu\\\/sl\\\/izdelek\\\/zracna-blazina-aeromoov-za-avtosedez-skupine-1-cherries\\\/#breadcrumb\",\"itemListElement\":[{\"@type\":\"ListItem\",\"position\":1,\"name\":\"Po\u010detna stranica\",\"item\":\"https:\\\/\\\/najnaj.eu\\\/sl\\\/prednja-stran\\\/\"},{\"@type\":\"ListItem\",\"position\":2,\"name\":\"Shop\",\"item\":\"https:\\\/\\\/najnaj.eu\\\/sl\\\/shop\\\/\"},{\"@type\":\"ListItem\",\"position\":3,\"name\":\"Zra\u010dna blazina AeroMoov za avtosede\u017e skupine 1, \u010de\u0161nje\"}]},{\"@type\":\"WebSite\",\"@id\":\"https:\\\/\\\/najnaj.eu\\\/sl\\\/#website\",\"url\":\"https:\\\/\\\/najnaj.eu\\\/sl\\\/\",\"name\":\"NajNaj.eu\",\"description\":\"Za najva\u017enije!\",\"publisher\":{\"@id\":\"https:\\\/\\\/najnaj.eu\\\/sl\\\/#organization\"},\"potentialAction\":[{\"@type\":\"SearchAction\",\"target\":{\"@type\":\"EntryPoint\",\"urlTemplate\":\"https:\\\/\\\/najnaj.eu\\\/sl\\\/?s={search_term_string}\"},\"query-input\":{\"@type\":\"PropertyValueSpecification\",\"valueRequired\":true,\"valueName\":\"search_term_string\"}}],\"inLanguage\":\"sl-SI\"},{\"@type\":\"Organization\",\"@id\":\"https:\\\/\\\/najnaj.eu\\\/sl\\\/#organization\",\"name\":\"NajNaj.eu\",\"url\":\"https:\\\/\\\/najnaj.eu\\\/sl\\\/\",\"logo\":{\"@type\":\"ImageObject\",\"inLanguage\":\"sl-SI\",\"@id\":\"https:\\\/\\\/najnaj.eu\\\/sl\\\/#\\\/schema\\\/logo\\\/image\\\/\",\"url\":\"https:\\\/\\\/najnaj.eu\\\/wp-content\\\/uploads\\\/2023\\\/09\\\/logo_Najnaj_2023.svg\",\"contentUrl\":\"https:\\\/\\\/najnaj.eu\\\/wp-content\\\/uploads\\\/2023\\\/09\\\/logo_Najnaj_2023.svg\",\"width\":501,\"height\":278,\"caption\":\"NajNaj.eu\"},\"image\":{\"@id\":\"https:\\\/\\\/najnaj.eu\\\/sl\\\/#\\\/schema\\\/logo\\\/image\\\/\"},\"sameAs\":[\"https:\\\/\\\/web.facebook.com\\\/najnaj.eu\\\/\",\"https:\\\/\\\/www.instagram.com\\\/najnaj.eu\\\/\",\"https:\\\/\\\/www.tiktok.com\\\/@najnaj.eu\"]}]}<\/script>\n<meta property=\"product:brand\" content=\"AeroMoov\" \/>\n<meta property=\"product:price:amount\" content=\"36.95\" \/>\n<meta property=\"product:price:currency\" content=\"EUR\" \/>\n<meta property=\"og:availability\" content=\"instock\" \/>\n<meta property=\"product:availability\" content=\"instock\" \/>\n<meta property=\"product:retailer_item_id\" content=\"AL-1-CHS\" \/>\n<meta property=\"product:condition\" content=\"new\" \/>\n<!-- \/ Yoast SEO Premium plugin. -->","yoast_head_json":{"title":"Zra\u010dna blazina AeroMoov za avtosede\u017e skupine 1, \u010de\u0161nje - NajNaj.eu","robots":{"index":"index","follow":"follow","max-snippet":"max-snippet:-1","max-image-preview":"max-image-preview:large","max-video-preview":"max-video-preview:-1"},"canonical":"https:\/\/najnaj.eu\/sl\/izdelek\/zracna-blazina-aeromoov-za-avtosedez-skupine-1-cherries\/","og_locale":"sl_SI","og_type":"article","og_title":"Zra\u010dna blazina AeroMoov za avtosede\u017e skupine 1, \u010de\u0161nje","og_description":"Zra\u010dna blazina Aeromoov je zasnovana za otroke, ki jim je v avtosede\u017eih ali vozi\u010dkih vro\u010de. - omogo\u010da optimalno kro\u017eenje zraka - udobna in mehka podloga iz organskega bomba\u017ea - ustreza razli\u010dnim modelom avtosede\u017eev skupine 1 - \u0161iroka paleta barv","og_url":"https:\/\/najnaj.eu\/sl\/izdelek\/zracna-blazina-aeromoov-za-avtosedez-skupine-1-cherries\/","og_site_name":"NajNaj.eu","article_publisher":"https:\/\/web.facebook.com\/najnaj.eu\/","article_modified_time":"2026-04-07T13:34:52+00:00","og_image":[{"width":390,"height":1024,"url":"https:\/\/najnaj.eu\/wp-content\/uploads\/2026\/04\/ALltd-1-CHS-Front-390x1024.png","type":"image\/png"}],"twitter_card":"summary_large_image","twitter_misc":{"Price":"36,95&nbsp;&euro;","Availability":"In stock"},"schema":{"@context":"https:\/\/schema.org","@graph":[{"@type":"WebPage","@id":"https:\/\/najnaj.eu\/sl\/izdelek\/zracna-blazina-aeromoov-za-avtosedez-skupine-1-cherries\/","url":"https:\/\/najnaj.eu\/sl\/izdelek\/zracna-blazina-aeromoov-za-avtosedez-skupine-1-cherries\/","name":"Zra\u010dna blazina AeroMoov za avtosede\u017e skupine 1, \u010de\u0161nje - NajNaj.eu","isPartOf":{"@id":"https:\/\/najnaj.eu\/sl\/#website"},"primaryImageOfPage":{"@id":"https:\/\/najnaj.eu\/sl\/izdelek\/zracna-blazina-aeromoov-za-avtosedez-skupine-1-cherries\/#primaryimage"},"image":{"@id":"https:\/\/najnaj.eu\/sl\/izdelek\/zracna-blazina-aeromoov-za-avtosedez-skupine-1-cherries\/#primaryimage"},"thumbnailUrl":"https:\/\/najnaj.eu\/wp-content\/uploads\/2026\/04\/ALltd-1-CHS-Front-scaled.png","datePublished":"2026-04-07T10:02:14+00:00","dateModified":"2026-04-07T13:34:52+00:00","breadcrumb":{"@id":"https:\/\/najnaj.eu\/sl\/izdelek\/zracna-blazina-aeromoov-za-avtosedez-skupine-1-cherries\/#breadcrumb"},"inLanguage":"sl-SI","potentialAction":[{"@type":"ReadAction","target":["https:\/\/najnaj.eu\/sl\/izdelek\/zracna-blazina-aeromoov-za-avtosedez-skupine-1-cherries\/"]}]},{"@type":"ImageObject","inLanguage":"sl-SI","@id":"https:\/\/najnaj.eu\/sl\/izdelek\/zracna-blazina-aeromoov-za-avtosedez-skupine-1-cherries\/#primaryimage","url":"https:\/\/najnaj.eu\/wp-content\/uploads\/2026\/04\/ALltd-1-CHS-Front-scaled.png","contentUrl":"https:\/\/najnaj.eu\/wp-content\/uploads\/2026\/04\/ALltd-1-CHS-Front-scaled.png","width":974,"height":2560},{"@type":"BreadcrumbList","@id":"https:\/\/najnaj.eu\/sl\/izdelek\/zracna-blazina-aeromoov-za-avtosedez-skupine-1-cherries\/#breadcrumb","itemListElement":[{"@type":"ListItem","position":1,"name":"Po\u010detna stranica","item":"https:\/\/najnaj.eu\/sl\/prednja-stran\/"},{"@type":"ListItem","position":2,"name":"Shop","item":"https:\/\/najnaj.eu\/sl\/shop\/"},{"@type":"ListItem","position":3,"name":"Zra\u010dna blazina AeroMoov za avtosede\u017e skupine 1, \u010de\u0161nje"}]},{"@type":"WebSite","@id":"https:\/\/najnaj.eu\/sl\/#website","url":"https:\/\/najnaj.eu\/sl\/","name":"NajNaj.eu","description":"Za najva\u017enije!","publisher":{"@id":"https:\/\/najnaj.eu\/sl\/#organization"},"potentialAction":[{"@type":"SearchAction","target":{"@type":"EntryPoint","urlTemplate":"https:\/\/najnaj.eu\/sl\/?s={search_term_string}"},"query-input":{"@type":"PropertyValueSpecification","valueRequired":true,"valueName":"search_term_string"}}],"inLanguage":"sl-SI"},{"@type":"Organization","@id":"https:\/\/najnaj.eu\/sl\/#organization","name":"NajNaj.eu","url":"https:\/\/najnaj.eu\/sl\/","logo":{"@type":"ImageObject","inLanguage":"sl-SI","@id":"https:\/\/najnaj.eu\/sl\/#\/schema\/logo\/image\/","url":"https:\/\/najnaj.eu\/wp-content\/uploads\/2023\/09\/logo_Najnaj_2023.svg","contentUrl":"https:\/\/najnaj.eu\/wp-content\/uploads\/2023\/09\/logo_Najnaj_2023.svg","width":501,"height":278,"caption":"NajNaj.eu"},"image":{"@id":"https:\/\/najnaj.eu\/sl\/#\/schema\/logo\/image\/"},"sameAs":["https:\/\/web.facebook.com\/najnaj.eu\/","https:\/\/www.instagram.com\/najnaj.eu\/","https:\/\/www.tiktok.com\/@najnaj.eu"]}]},"product_brand":"AeroMoov","product_price_amount":"36.95","product_price_currency":"EUR","og_availability":"instock","product_availability":"instock","product_retailer_item_id":"AL-1-CHS","product_condition":"new"},"_links":{"self":[{"href":"https:\/\/najnaj.eu\/sl\/wp-json\/wp\/v2\/product\/305196","targetHints":{"allow":["GET"]}}],"collection":[{"href":"https:\/\/najnaj.eu\/sl\/wp-json\/wp\/v2\/product"}],"about":[{"href":"https:\/\/najnaj.eu\/sl\/wp-json\/wp\/v2\/types\/product"}],"replies":[{"embeddable":true,"href":"https:\/\/najnaj.eu\/sl\/wp-json\/wp\/v2\/comments?post=305196"}],"version-history":[{"count":0,"href":"https:\/\/najnaj.eu\/sl\/wp-json\/wp\/v2\/product\/305196\/revisions"}],"wp:featuredmedia":[{"embeddable":true,"href":"https:\/\/najnaj.eu\/sl\/wp-json\/wp\/v2\/media\/305203"}],"wp:attachment":[{"href":"https:\/\/najnaj.eu\/sl\/wp-json\/wp\/v2\/media?parent=305196"}],"wp:term":[{"taxonomy":"product_brand","embeddable":true,"href":"https:\/\/najnaj.eu\/sl\/wp-json\/wp\/v2\/product_brand?post=305196"},{"taxonomy":"product_cat","embeddable":true,"href":"https:\/\/najnaj.eu\/sl\/wp-json\/wp\/v2\/product_cat?post=305196"},{"taxonomy":"product_tag","embeddable":true,"href":"https:\/\/najnaj.eu\/sl\/wp-json\/wp\/v2\/product_tag?post=305196"}],"curies":[{"name":"wp","href":"https:\/\/api.w.org\/{rel}","templated":true}]}}