{"id":304638,"date":"2026-04-01T15:30:57","date_gmt":"2026-04-01T13:30:57","guid":{"rendered":"https:\/\/najnaj.eu\/?post_type=product&#038;p=304638"},"modified":"2026-04-01T15:54:36","modified_gmt":"2026-04-01T13:54:36","slug":"vedro-za-plenice-magic-majestic-blossom","status":"publish","type":"product","link":"https:\/\/najnaj.eu\/sl\/izdelek\/vedro-za-plenice-magic-majestic-blossom\/","title":{"rendered":"Vedro za plenice Magic Majestic &#8211; Blossom"},"content":{"rendered":"<p>Vedro za plenice Magic Majestic 100% zadr\u017ei vonj in ohranja otro\u0161ko sobo di\u0161e\u010do in sve\u017eo.<\/p>\n<p>Za uporabo se lahko uporabljajo navadne vre\u010dke za smeti, kar omogo\u010da prihranek in enostavno uporabo.<\/p>\n<p>To vedro je modernega dizajna in majhnih dimenzij, zato se prilega v prav vsak prostor. Je preprosta in ekonomi\u010dna za uporabo, da pa je vonj popolnoma neprebojen, je treba vedro uporabljati pravilno.<\/p>\n<p>Vedro za plenice Magic Majestic lahko uporabljate vsak dan kot navadno vedro za odpadke po obdobju, ko ga potrebujete za plenice.<br \/>\nNa voljo v 6 \u010dudovitih barvah.<\/p>\n","protected":false},"excerpt":{"rendered":"<p>\u2022 Sistem za zaustavitev neprijetnih vonjav<br \/>\n\u2022 100% brez vonja<br \/>\n\u2022 Enostaven za uporabo<br \/>\n\u2022 Uporabljajte z obi\u010dajnimi plasti\u010dnimi vre\u010dkami<br \/>\n\u2022 Kapaciteta: 25 plenic za novorojen\u010dka<br \/>\n\u2022 Primerno za vre\u010de za odpadke s prostornino 30 l ali ve\u010d<br \/>\n\u2022 Varno in enostavno upravljanje z eno roko<br \/>\n\u2022 Izdelku je prilo\u017een paket 15 vre\u010dk Magic<\/p>\n","protected":false},"featured_media":304646,"comment_status":"open","ping_status":"closed","template":"","meta":{"_acf_changed":false,"footnotes":""},"product_brand":[],"product_cat":[1365,1289],"product_tag":[],"class_list":{"0":"post-304638","1":"product","2":"type-product","3":"status-publish","4":"has-post-thumbnail","6":"product_cat-kosi-za-plenice","7":"product_cat-otroska-soba-sl","8":"pa_boja-roza-sl","9":"pa_brand-magic-sl","11":"first","12":"outofstock","13":"purchasable","14":"product-type-simple"},"bundled_by":[],"bundle_stock_status":"outofstock","bundle_stock_quantity":0,"bundle_virtual":false,"bundle_layout":"","bundle_add_to_cart_form_location":"","bundle_editable_in_cart":false,"bundle_sold_individually_context":"","bundle_item_grouping":"","bundle_min_size":"","bundle_max_size":"","bundle_price":[],"bundled_items":[],"bundle_sell_ids":[],"acf":[],"yoast_head":"<!-- This site is optimized with the Yoast SEO Premium plugin v21.5 (Yoast SEO v27.3) - https:\/\/yoast.com\/product\/yoast-seo-premium-wordpress\/ -->\n<title>Vedro za plenice Magic Majestic - Blossom - NajNaj.eu<\/title>\n<meta name=\"robots\" content=\"index, follow, max-snippet:-1, max-image-preview:large, max-video-preview:-1\" \/>\n<link rel=\"canonical\" href=\"https:\/\/najnaj.eu\/sl\/izdelek\/vedro-za-plenice-magic-majestic-blossom\/\" \/>\n<meta property=\"og:locale\" content=\"sl_SI\" \/>\n<meta property=\"og:type\" content=\"article\" \/>\n<meta property=\"og:title\" content=\"Vedro za plenice Magic Majestic - Blossom\" \/>\n<meta property=\"og:description\" content=\"\u2022 Sistem za zaustavitev neprijetnih vonjav \u2022 100% brez vonja \u2022 Enostaven za uporabo \u2022 Uporabljajte z obi\u010dajnimi plasti\u010dnimi vre\u010dkami \u2022 Kapaciteta: 25 plenic za novorojen\u010dka \u2022 Primerno za vre\u010de za odpadke s prostornino 30 l ali ve\u010d \u2022 Varno in enostavno upravljanje z eno roko \u2022 Izdelku je prilo\u017een paket 15 vre\u010dk Magic\" \/>\n<meta property=\"og:url\" content=\"https:\/\/najnaj.eu\/sl\/izdelek\/vedro-za-plenice-magic-majestic-blossom\/\" \/>\n<meta property=\"og:site_name\" content=\"NajNaj.eu\" \/>\n<meta property=\"article:publisher\" content=\"https:\/\/web.facebook.com\/najnaj.eu\/\" \/>\n<meta property=\"article:modified_time\" content=\"2026-04-01T13:54:36+00:00\" \/>\n<meta property=\"og:image\" content=\"https:\/\/najnaj.eu\/wp-content\/uploads\/2026\/04\/MAJESTIC_Blossom_2_800x.webp\" \/>\n\t<meta property=\"og:image:width\" content=\"800\" \/>\n\t<meta property=\"og:image:height\" content=\"800\" \/>\n\t<meta property=\"og:image:type\" content=\"image\/webp\" \/>\n<meta name=\"twitter:card\" content=\"summary_large_image\" \/>\n<meta name=\"twitter:label1\" content=\"Price\" \/>\n\t<meta name=\"twitter:data1\" content=\"64,95&nbsp;&euro;\" \/>\n\t<meta name=\"twitter:label2\" content=\"Availability\" \/>\n\t<meta name=\"twitter:data2\" content=\"Out of stock\" \/>\n<script type=\"application\/ld+json\" class=\"yoast-schema-graph\">{\"@context\":\"https:\\\/\\\/schema.org\",\"@graph\":[{\"@type\":\"WebPage\",\"@id\":\"https:\\\/\\\/najnaj.eu\\\/sl\\\/izdelek\\\/vedro-za-plenice-magic-majestic-blossom\\\/\",\"url\":\"https:\\\/\\\/najnaj.eu\\\/sl\\\/izdelek\\\/vedro-za-plenice-magic-majestic-blossom\\\/\",\"name\":\"Vedro za plenice Magic Majestic - Blossom - NajNaj.eu\",\"isPartOf\":{\"@id\":\"https:\\\/\\\/najnaj.eu\\\/sl\\\/#website\"},\"primaryImageOfPage\":{\"@id\":\"https:\\\/\\\/najnaj.eu\\\/sl\\\/izdelek\\\/vedro-za-plenice-magic-majestic-blossom\\\/#primaryimage\"},\"image\":{\"@id\":\"https:\\\/\\\/najnaj.eu\\\/sl\\\/izdelek\\\/vedro-za-plenice-magic-majestic-blossom\\\/#primaryimage\"},\"thumbnailUrl\":\"https:\\\/\\\/najnaj.eu\\\/wp-content\\\/uploads\\\/2026\\\/04\\\/MAJESTIC_Blossom_2_800x.webp\",\"datePublished\":\"2026-04-01T13:30:57+00:00\",\"dateModified\":\"2026-04-01T13:54:36+00:00\",\"breadcrumb\":{\"@id\":\"https:\\\/\\\/najnaj.eu\\\/sl\\\/izdelek\\\/vedro-za-plenice-magic-majestic-blossom\\\/#breadcrumb\"},\"inLanguage\":\"sl-SI\",\"potentialAction\":[{\"@type\":\"ReadAction\",\"target\":[\"https:\\\/\\\/najnaj.eu\\\/sl\\\/izdelek\\\/vedro-za-plenice-magic-majestic-blossom\\\/\"]}]},{\"@type\":\"ImageObject\",\"inLanguage\":\"sl-SI\",\"@id\":\"https:\\\/\\\/najnaj.eu\\\/sl\\\/izdelek\\\/vedro-za-plenice-magic-majestic-blossom\\\/#primaryimage\",\"url\":\"https:\\\/\\\/najnaj.eu\\\/wp-content\\\/uploads\\\/2026\\\/04\\\/MAJESTIC_Blossom_2_800x.webp\",\"contentUrl\":\"https:\\\/\\\/najnaj.eu\\\/wp-content\\\/uploads\\\/2026\\\/04\\\/MAJESTIC_Blossom_2_800x.webp\",\"width\":800,\"height\":800},{\"@type\":\"BreadcrumbList\",\"@id\":\"https:\\\/\\\/najnaj.eu\\\/sl\\\/izdelek\\\/vedro-za-plenice-magic-majestic-blossom\\\/#breadcrumb\",\"itemListElement\":[{\"@type\":\"ListItem\",\"position\":1,\"name\":\"Po\u010detna stranica\",\"item\":\"https:\\\/\\\/najnaj.eu\\\/sl\\\/prednja-stran\\\/\"},{\"@type\":\"ListItem\",\"position\":2,\"name\":\"Shop\",\"item\":\"https:\\\/\\\/najnaj.eu\\\/sl\\\/shop\\\/\"},{\"@type\":\"ListItem\",\"position\":3,\"name\":\"Vedro za plenice Magic Majestic &#8211; Blossom\"}]},{\"@type\":\"WebSite\",\"@id\":\"https:\\\/\\\/najnaj.eu\\\/sl\\\/#website\",\"url\":\"https:\\\/\\\/najnaj.eu\\\/sl\\\/\",\"name\":\"NajNaj.eu\",\"description\":\"Za najva\u017enije!\",\"publisher\":{\"@id\":\"https:\\\/\\\/najnaj.eu\\\/sl\\\/#organization\"},\"potentialAction\":[{\"@type\":\"SearchAction\",\"target\":{\"@type\":\"EntryPoint\",\"urlTemplate\":\"https:\\\/\\\/najnaj.eu\\\/sl\\\/?s={search_term_string}\"},\"query-input\":{\"@type\":\"PropertyValueSpecification\",\"valueRequired\":true,\"valueName\":\"search_term_string\"}}],\"inLanguage\":\"sl-SI\"},{\"@type\":\"Organization\",\"@id\":\"https:\\\/\\\/najnaj.eu\\\/sl\\\/#organization\",\"name\":\"NajNaj.eu\",\"url\":\"https:\\\/\\\/najnaj.eu\\\/sl\\\/\",\"logo\":{\"@type\":\"ImageObject\",\"inLanguage\":\"sl-SI\",\"@id\":\"https:\\\/\\\/najnaj.eu\\\/sl\\\/#\\\/schema\\\/logo\\\/image\\\/\",\"url\":\"https:\\\/\\\/najnaj.eu\\\/wp-content\\\/uploads\\\/2023\\\/09\\\/logo_Najnaj_2023.svg\",\"contentUrl\":\"https:\\\/\\\/najnaj.eu\\\/wp-content\\\/uploads\\\/2023\\\/09\\\/logo_Najnaj_2023.svg\",\"width\":501,\"height\":278,\"caption\":\"NajNaj.eu\"},\"image\":{\"@id\":\"https:\\\/\\\/najnaj.eu\\\/sl\\\/#\\\/schema\\\/logo\\\/image\\\/\"},\"sameAs\":[\"https:\\\/\\\/web.facebook.com\\\/najnaj.eu\\\/\",\"https:\\\/\\\/www.instagram.com\\\/najnaj.eu\\\/\",\"https:\\\/\\\/www.tiktok.com\\\/@najnaj.eu\"]}]}<\/script>\n<meta property=\"product:brand\" content=\"Magic\" \/>\n<meta property=\"product:price:amount\" content=\"64.95\" \/>\n<meta property=\"product:price:currency\" content=\"EUR\" \/>\n<meta property=\"og:availability\" content=\"out of stock\" \/>\n<meta property=\"product:availability\" content=\"out of stock\" \/>\n<meta property=\"product:retailer_item_id\" content=\"10110451221\" \/>\n<meta property=\"product:condition\" content=\"new\" \/>\n<!-- \/ Yoast SEO Premium plugin. -->","yoast_head_json":{"title":"Vedro za plenice Magic Majestic - Blossom - NajNaj.eu","robots":{"index":"index","follow":"follow","max-snippet":"max-snippet:-1","max-image-preview":"max-image-preview:large","max-video-preview":"max-video-preview:-1"},"canonical":"https:\/\/najnaj.eu\/sl\/izdelek\/vedro-za-plenice-magic-majestic-blossom\/","og_locale":"sl_SI","og_type":"article","og_title":"Vedro za plenice Magic Majestic - Blossom","og_description":"\u2022 Sistem za zaustavitev neprijetnih vonjav \u2022 100% brez vonja \u2022 Enostaven za uporabo \u2022 Uporabljajte z obi\u010dajnimi plasti\u010dnimi vre\u010dkami \u2022 Kapaciteta: 25 plenic za novorojen\u010dka \u2022 Primerno za vre\u010de za odpadke s prostornino 30 l ali ve\u010d \u2022 Varno in enostavno upravljanje z eno roko \u2022 Izdelku je prilo\u017een paket 15 vre\u010dk Magic","og_url":"https:\/\/najnaj.eu\/sl\/izdelek\/vedro-za-plenice-magic-majestic-blossom\/","og_site_name":"NajNaj.eu","article_publisher":"https:\/\/web.facebook.com\/najnaj.eu\/","article_modified_time":"2026-04-01T13:54:36+00:00","og_image":[{"width":800,"height":800,"url":"https:\/\/najnaj.eu\/wp-content\/uploads\/2026\/04\/MAJESTIC_Blossom_2_800x.webp","type":"image\/webp"}],"twitter_card":"summary_large_image","twitter_misc":{"Price":"64,95&nbsp;&euro;","Availability":"Out of stock"},"schema":{"@context":"https:\/\/schema.org","@graph":[{"@type":"WebPage","@id":"https:\/\/najnaj.eu\/sl\/izdelek\/vedro-za-plenice-magic-majestic-blossom\/","url":"https:\/\/najnaj.eu\/sl\/izdelek\/vedro-za-plenice-magic-majestic-blossom\/","name":"Vedro za plenice Magic Majestic - Blossom - NajNaj.eu","isPartOf":{"@id":"https:\/\/najnaj.eu\/sl\/#website"},"primaryImageOfPage":{"@id":"https:\/\/najnaj.eu\/sl\/izdelek\/vedro-za-plenice-magic-majestic-blossom\/#primaryimage"},"image":{"@id":"https:\/\/najnaj.eu\/sl\/izdelek\/vedro-za-plenice-magic-majestic-blossom\/#primaryimage"},"thumbnailUrl":"https:\/\/najnaj.eu\/wp-content\/uploads\/2026\/04\/MAJESTIC_Blossom_2_800x.webp","datePublished":"2026-04-01T13:30:57+00:00","dateModified":"2026-04-01T13:54:36+00:00","breadcrumb":{"@id":"https:\/\/najnaj.eu\/sl\/izdelek\/vedro-za-plenice-magic-majestic-blossom\/#breadcrumb"},"inLanguage":"sl-SI","potentialAction":[{"@type":"ReadAction","target":["https:\/\/najnaj.eu\/sl\/izdelek\/vedro-za-plenice-magic-majestic-blossom\/"]}]},{"@type":"ImageObject","inLanguage":"sl-SI","@id":"https:\/\/najnaj.eu\/sl\/izdelek\/vedro-za-plenice-magic-majestic-blossom\/#primaryimage","url":"https:\/\/najnaj.eu\/wp-content\/uploads\/2026\/04\/MAJESTIC_Blossom_2_800x.webp","contentUrl":"https:\/\/najnaj.eu\/wp-content\/uploads\/2026\/04\/MAJESTIC_Blossom_2_800x.webp","width":800,"height":800},{"@type":"BreadcrumbList","@id":"https:\/\/najnaj.eu\/sl\/izdelek\/vedro-za-plenice-magic-majestic-blossom\/#breadcrumb","itemListElement":[{"@type":"ListItem","position":1,"name":"Po\u010detna stranica","item":"https:\/\/najnaj.eu\/sl\/prednja-stran\/"},{"@type":"ListItem","position":2,"name":"Shop","item":"https:\/\/najnaj.eu\/sl\/shop\/"},{"@type":"ListItem","position":3,"name":"Vedro za plenice Magic Majestic &#8211; Blossom"}]},{"@type":"WebSite","@id":"https:\/\/najnaj.eu\/sl\/#website","url":"https:\/\/najnaj.eu\/sl\/","name":"NajNaj.eu","description":"Za najva\u017enije!","publisher":{"@id":"https:\/\/najnaj.eu\/sl\/#organization"},"potentialAction":[{"@type":"SearchAction","target":{"@type":"EntryPoint","urlTemplate":"https:\/\/najnaj.eu\/sl\/?s={search_term_string}"},"query-input":{"@type":"PropertyValueSpecification","valueRequired":true,"valueName":"search_term_string"}}],"inLanguage":"sl-SI"},{"@type":"Organization","@id":"https:\/\/najnaj.eu\/sl\/#organization","name":"NajNaj.eu","url":"https:\/\/najnaj.eu\/sl\/","logo":{"@type":"ImageObject","inLanguage":"sl-SI","@id":"https:\/\/najnaj.eu\/sl\/#\/schema\/logo\/image\/","url":"https:\/\/najnaj.eu\/wp-content\/uploads\/2023\/09\/logo_Najnaj_2023.svg","contentUrl":"https:\/\/najnaj.eu\/wp-content\/uploads\/2023\/09\/logo_Najnaj_2023.svg","width":501,"height":278,"caption":"NajNaj.eu"},"image":{"@id":"https:\/\/najnaj.eu\/sl\/#\/schema\/logo\/image\/"},"sameAs":["https:\/\/web.facebook.com\/najnaj.eu\/","https:\/\/www.instagram.com\/najnaj.eu\/","https:\/\/www.tiktok.com\/@najnaj.eu"]}]},"product_brand":"Magic","product_price_amount":"64.95","product_price_currency":"EUR","og_availability":"out of stock","product_availability":"out of stock","product_retailer_item_id":"10110451221","product_condition":"new"},"_links":{"self":[{"href":"https:\/\/najnaj.eu\/sl\/wp-json\/wp\/v2\/product\/304638","targetHints":{"allow":["GET"]}}],"collection":[{"href":"https:\/\/najnaj.eu\/sl\/wp-json\/wp\/v2\/product"}],"about":[{"href":"https:\/\/najnaj.eu\/sl\/wp-json\/wp\/v2\/types\/product"}],"replies":[{"embeddable":true,"href":"https:\/\/najnaj.eu\/sl\/wp-json\/wp\/v2\/comments?post=304638"}],"version-history":[{"count":0,"href":"https:\/\/najnaj.eu\/sl\/wp-json\/wp\/v2\/product\/304638\/revisions"}],"wp:featuredmedia":[{"embeddable":true,"href":"https:\/\/najnaj.eu\/sl\/wp-json\/wp\/v2\/media\/304646"}],"wp:attachment":[{"href":"https:\/\/najnaj.eu\/sl\/wp-json\/wp\/v2\/media?parent=304638"}],"wp:term":[{"taxonomy":"product_brand","embeddable":true,"href":"https:\/\/najnaj.eu\/sl\/wp-json\/wp\/v2\/product_brand?post=304638"},{"taxonomy":"product_cat","embeddable":true,"href":"https:\/\/najnaj.eu\/sl\/wp-json\/wp\/v2\/product_cat?post=304638"},{"taxonomy":"product_tag","embeddable":true,"href":"https:\/\/najnaj.eu\/sl\/wp-json\/wp\/v2\/product_tag?post=304638"}],"curies":[{"name":"wp","href":"https:\/\/api.w.org\/{rel}","templated":true}]}}