{"id":304139,"date":"2026-03-30T14:55:08","date_gmt":"2026-03-30T12:55:08","guid":{"rendered":"https:\/\/najnaj.eu\/?post_type=product&#038;p=304139"},"modified":"2026-03-31T16:04:14","modified_gmt":"2026-03-31T14:04:14","slug":"besafe-stretch%c2%b2-anthracite-mesh","status":"publish","type":"product","link":"https:\/\/najnaj.eu\/sl\/izdelek\/besafe-stretch%c2%b2-anthracite-mesh\/","title":{"rendered":"BeSafe Stretch\u00b2, Anthracite Mesh"},"content":{"rendered":"<p><span style=\"font-weight: 400;\">Vo\u017enja v nasprotni smeri do 7. leta<\/span><\/p>\n<p><span style=\"font-weight: 400;\">Avtosede\u017e inovativnega dizajna, ki zagotavlja vrhunsko varnost in udobje za otroke do pribli\u017eno 7 let. Z modelom BeSafe Stretch\u00b2 lahko otrok potuje v nasprotni smeri vo\u017enje od 6 mesecev pa vse do pribli\u017eno 7 let (125 cm in 36 kg).<\/span><\/p>\n<p>&nbsp;<\/p>\n<p><span style=\"font-weight: 400;\">Izjemen prostor za noge<\/span><\/p>\n<p><span style=\"font-weight: 400;\">Prostor za noge pri Stretch\u00b2 je mogo\u010de enostavno prilagoditi s pomo\u010djo sprednje opore in ga nastaviti glede na rast otroka do 26 cm. Dovolj prostora in udobja tudi za sedemletnike.<\/span><\/p>\n<p>&nbsp;<\/p>\n<p><span style=\"font-weight: 400;\">Enostavno prilagajanje naklona<\/span><\/p>\n<p><span style=\"font-weight: 400;\">Avtosede\u017e ponuja pet stopenj naklona za maksimalno udobje, ki jih je mogo\u010de prilagajati tudi po namestitvi sede\u017ea v vozilo.<\/span><\/p>\n<p>&nbsp;<\/p>\n<p><span style=\"font-weight: 400;\">Enostavna in prilagodljiva namestitev<\/span><\/p>\n<p><span style=\"font-weight: 400;\">Avtosede\u017e se enostavno namesti z varnostnim pasom vozila in ni omejen na ISOfix priklju\u010dke, kar omogo\u010da namestitev na katerikoli sede\u017e v avtomobilu, tudi na sovoznikov sede\u017e. Zaradi pametnih re\u0161itev je namestitev s pasom zelo intuitivna in enostavna za vsakogar.<\/span><\/p>\n<p>&nbsp;<\/p>\n<p><span style=\"font-weight: 400;\">Edinstvena konstrukcija za maksimalno varnost<\/span><\/p>\n<p><span style=\"font-weight: 400;\">Posebej zasnovan okvir avtosede\u017ea absorbira energijo ob \u010delnem trku, medtem ko dodatno oja\u010dana zadnja konstrukcija zagotavlja stabilnost in za\u0161\u010dito otroka.<\/span><\/p>\n<p>&nbsp;<\/p>\n<p><span style=\"font-weight: 400;\">Ergo Cushion\u2122<\/span><\/p>\n<p><span style=\"font-weight: 400;\">Ergo Cushion\u2122 zagotavlja dodatno udobje starej\u0161im otrokom z dodatnimi blazinicami, ki se namestijo na naslon za hrbet in podpirajo naravno krivino ledvene hrbtenice. To je \u0161e posebej pomembno za otroke pribli\u017eno od 3\/4 do 7 let, saj se v tem obdobju razvoja hrbtenice pove\u010da ukrivljenost v spodnjem delu hrbta (ledvena lordoza).<\/span><\/p>\n<p>&nbsp;<\/p>\n<p><span style=\"font-weight: 400;\">Neprimerljiva varnost<\/span><\/p>\n<p><span style=\"font-weight: 400;\">\u00a0&#8211; Odobreno do vi\u0161ine 125 cm v skladu z regulativo UN R129 z razli\u010dnimi velikostmi lutk<\/span><\/p>\n<p><span style=\"font-weight: 400;\">\u00a0&#8211; Dodatni crash testi z ve\u010djo lutko ali dodatno te\u017eo<\/span><\/p>\n<p><span style=\"font-weight: 400;\">\u00a0&#8211; Opravljen zahtevni test trka \u2013 \u0161vedski Plus Test<\/span><\/p>\n<p><span style=\"font-weight: 400;\">\u00a0&#8211; Materiali, ki u\u010dinkovito absorbirajo udarce, in \u010dvrsta konstrukcija \u0161koljke sede\u017ea<\/span><\/p>\n<p><span style=\"font-weight: 400;\">\u00a0&#8211; Dodatna za\u0161\u010dita pri bo\u010dnem trku (SIP+), ki se enostavno pritrdi na sede\u017e<\/span><\/p>\n<p><span style=\"font-weight: 400;\">\u00a0&#8211; Inovativen za\u0161\u010ditni, a mehak naslon za glavo (Dynamic Force Absorber\u2122)<\/span><\/p>\n<p><span style=\"font-weight: 400;\">\u00a0\u00a0&#8211; Omogo\u010da vo\u017enjo v nasprotni smeri, ki je do 5-krat varnej\u0161a, do pribli\u017eno 7. leta<\/span><\/p>\n<p>&nbsp;<\/p>\n<p><span style=\"font-weight: 400;\">Funkcionalnost za la\u017ejo vsakodnevno uporabo<\/span><\/p>\n<p><span style=\"font-weight: 400;\">\u00a0&#8211; Namestitev s pasom omogo\u010da postavitev kjerkoli v vozilu<\/span><\/p>\n<p><span style=\"font-weight: 400;\">\u00a0&#8211; Pasovi, pritrjeni na spodnjo sidrno to\u010dko, se samodejno zategnejo, kar olaj\u0161a pravilno namestitev<\/span><\/p>\n<p><span style=\"font-weight: 400;\">\u00a0&#8211; Enostaven mehanizem zaklepanja in zategovanja zagotavlja varno namestitev<\/span><\/p>\n<p><span style=\"font-weight: 400;\">\u00a0&#8211; Magnetic Belt Assistants\u2122 \u2013 prakti\u010dni sistem magnetov na sede\u017eu in pasovih olaj\u0161ajo name\u0161\u010danje otroka\u00a0<\/span><\/p>\n<p><span style=\"font-weight: 400;\">\u00a0&#8211; Polo\u017eaje naklona je mogo\u010de prilagajati tudi po namestitvi<\/span><\/p>\n<p><span style=\"font-weight: 400;\">\u00a0&#8211; Enostavno prilagajanje naslona za glavo, pasov in prostora za noge<\/span><\/p>\n<p>&nbsp;<\/p>\n<p><span style=\"font-weight: 400;\">Vrhunsko udobje<\/span><\/p>\n<p><span style=\"font-weight: 400;\">\u00a0&#8211; Pet stopenj naklona za optimalno udobje<\/span><\/p>\n<p><span style=\"font-weight: 400;\">\u00a0&#8211; Naslon za glavo z 10 stopnjami nastavitve, ki raste z otrokom<\/span><\/p>\n<p><span style=\"font-weight: 400;\">\u00a0&#8211; Prostor za noge do 26 cm<\/span><\/p>\n<p><span style=\"font-weight: 400;\">\u00a0&#8211; Certificirano kot izdelek, ki varuje zdravje hrbta (AGR)<\/span><\/p>\n<p><span style=\"font-weight: 400;\">\u00a0&#8211; Ergo Cushion\u2122: dodatno udobje za starej\u0161e otroke z blazinicami za dodatno oporo ledvene krivine hrbtenice<\/span><\/p>\n<p><span style=\"font-weight: 400;\">\u00a0&#8211; Velika \u0161koljka sede\u017ea omogo\u010da svobodo gibanja, medtem ko je otrok varno pripet<\/span><\/p>\n<p><span style=\"font-weight: 400;\">\u00a0&#8211; Kakovostni materiali<\/span><\/p>\n<p>&nbsp;<\/p>\n<p><span style=\"font-weight: 400;\">Zakaj je bil razvit BeSafe Stretch?<\/span><\/p>\n<p><span style=\"font-weight: 400;\">Preve\u010d star\u0161ev obrne otroke v smer vo\u017enje, ko so stari pribli\u017eno 3\u20134 leta. Vendar je najvarnej\u0161a mo\u017enost, da otroci ostanejo obrnjeni v nasprotni smeri vo\u017enje \u0161e dlje.<\/span><\/p>\n<p><span style=\"font-weight: 400;\">Pri razvoju avtosede\u017ea BeSafe Stretch\u00b2 <\/span><span style=\"font-weight: 400;\">je bilo vlo\u017eenega najve\u010d truda za zagotavljanje izjemnih rezultatov na crash testih, tudi za otroke do 7 let. Raziskave med uporabniki ka\u017eejo, da je ena glavnih te\u017eav pri sede\u017eih, obrnjenih v nasprotni smeri vo\u017enje, ta, da jih otroci zaradi te\u017ee prerastejo, \u0161e preden dose\u017eejo 125 cm vi\u0161ine. Zato je bil zastavljen ambiciozen cilj, da Stretch\u00b2 prenese te\u017eo do 36 kg, hkrati pa \u0161e vedno zagotavlja dovolj prostora za noge starej\u0161im otrokom. Noben drug proizvajalec avtosede\u017eev tega do zdaj ni dosegel. BeSafe izdeluje avtosede\u017ee \u017ee od leta 1963, pri razvoju modela Stretch\u00b2 pa so bile uporabljene dolgoletne izku\u0161nje in strokovno znanje.<\/span><\/p>\n<p>&nbsp;<\/p>\n","protected":false},"excerpt":{"rendered":"<p><span style=\"font-weight: 400;\">Vo\u017enja v nasprotni smeri od 6 mesecev do 7 let. Neprimerljiva varnost in udobje za otroka.<\/span><\/p>\n<p><span style=\"font-weight: 400;\">Vi\u0161ina: 61\u2013125 cm<\/span><\/p>\n<p><span style=\"font-weight: 400;\">Maks. te\u017ea: 36 kg<\/span><\/p>\n<p><span style=\"font-weight: 400;\">Starost: pribli\u017eno 6 mesecev \u2013 7 let<\/span><\/p>\n<p><span style=\"font-weight: 400;\">Homologacija: UN R129<\/span><\/p>\n<p><span style=\"font-weight: 400;\">Namestitev: avtomobilski varnostni pas\u00a0<\/span><\/p>\n<p><span style=\"font-weight: 400;\">Smer: nasprotno od smeri vo\u017enje<\/span><\/p>\n<p><span style=\"font-weight: 400;\">Opravljen Plus test \u2013 najzahtevnej\u0161i test trka na svetu<\/span><\/p>\n<p><span style=\"font-weight: 400;\">Vo\u017enja v nasprotni smeri do 36 kg<\/span><\/p>\n<p><span style=\"font-weight: 400;\">Enostavno prilagajanje naklona in izjemen prostor za noge<\/span><\/p>\n<p><span style=\"font-weight: 400;\">Ergo Cushion\u2122 za optimalno oporo<\/span><\/p>\n<p><span style=\"font-weight: 400;\">Certificirano kot izdelek, ki varuje zdravje hrbta (AGR)<\/span><\/p>\n<p><span style=\"font-weight: 400;\">Magnetic Belt Assistants\u2122 za la\u017eje name\u0161\u010danje otroka v avtosede\u017e<\/span><\/p>\n","protected":false},"featured_media":304147,"comment_status":"open","ping_status":"closed","template":"","meta":{"_acf_changed":false,"footnotes":""},"product_brand":[],"product_cat":[574,832],"product_tag":[],"class_list":{"0":"post-304139","1":"product","2":"type-product","3":"status-publish","4":"has-post-thumbnail","6":"product_cat-autosjedalice","7":"product_cat-veca-djeca-od-4-god","8":"pa_boja-tamno-siva","9":"pa_brand-besafe","10":"pa_nacin-postavljanja-automobilski-pojas","11":"pa_visina-djeteta-od-61-do-105-cm","12":"pa_visina-djeteta-od-61-do-125-cm","14":"first","15":"outofstock","16":"purchasable","17":"product-type-simple"},"bundled_by":[],"bundle_stock_status":"outofstock","bundle_stock_quantity":0,"bundle_virtual":false,"bundle_layout":"","bundle_add_to_cart_form_location":"","bundle_editable_in_cart":false,"bundle_sold_individually_context":"","bundle_item_grouping":"","bundle_min_size":"","bundle_max_size":"","bundle_price":[],"bundled_items":[],"bundle_sell_ids":[],"acf":[],"yoast_head":"<!-- This site is optimized with the Yoast SEO Premium plugin v21.5 (Yoast SEO v27.3) - https:\/\/yoast.com\/product\/yoast-seo-premium-wordpress\/ -->\n<title>BeSafe Stretch\u00b2, Anthracite Mesh - NajNaj.eu<\/title>\n<meta name=\"robots\" content=\"index, follow, max-snippet:-1, max-image-preview:large, max-video-preview:-1\" \/>\n<link rel=\"canonical\" href=\"https:\/\/najnaj.eu\/sl\/izdelek\/besafe-stretch%c2%b2-anthracite-mesh\/\" \/>\n<meta property=\"og:locale\" content=\"sl_SI\" \/>\n<meta property=\"og:type\" content=\"article\" \/>\n<meta property=\"og:title\" content=\"BeSafe Stretch\u00b2, Anthracite Mesh\" \/>\n<meta property=\"og:description\" content=\"Vo\u017enja v nasprotni smeri od 6 mesecev do 7 let. Neprimerljiva varnost in udobje za otroka.  Vi\u0161ina: 61\u2013125 cm  Maks. te\u017ea: 36 kg  Starost: pribli\u017eno 6 mesecev \u2013 7 let  Homologacija: UN R129  Namestitev: avtomobilski varnostni pas\u00a0  Smer: nasprotno od smeri vo\u017enje  Opravljen Plus test \u2013 najzahtevnej\u0161i test trka na svetu  Vo\u017enja v nasprotni smeri do 36 kg  Enostavno prilagajanje naklona in izjemen prostor za noge  Ergo Cushion\u2122 za optimalno oporo  Certificirano kot izdelek, ki varuje zdravje hrbta (AGR)  Magnetic Belt Assistants\u2122 za la\u017eje name\u0161\u010danje otroka v avtosede\u017e\" \/>\n<meta property=\"og:url\" content=\"https:\/\/najnaj.eu\/sl\/izdelek\/besafe-stretch%c2%b2-anthracite-mesh\/\" \/>\n<meta property=\"og:site_name\" content=\"NajNaj.eu\" \/>\n<meta property=\"article:publisher\" content=\"https:\/\/web.facebook.com\/najnaj.eu\/\" \/>\n<meta property=\"article:modified_time\" content=\"2026-03-31T14:04:14+00:00\" \/>\n<meta property=\"og:image\" content=\"https:\/\/najnaj.eu\/wp-content\/uploads\/2026\/03\/11048209_BeSafe_Stretch2_Anthracite-Mesh_Right_Shadow.jpg\" \/>\n\t<meta property=\"og:image:width\" content=\"1000\" \/>\n\t<meta property=\"og:image:height\" content=\"1000\" \/>\n\t<meta property=\"og:image:type\" content=\"image\/jpeg\" \/>\n<meta name=\"twitter:card\" content=\"summary_large_image\" \/>\n<meta name=\"twitter:label1\" content=\"Price\" \/>\n\t<meta name=\"twitter:data1\" content=\"709,00&nbsp;&euro;\" \/>\n\t<meta name=\"twitter:label2\" content=\"Availability\" \/>\n\t<meta name=\"twitter:data2\" content=\"Out of stock\" \/>\n<script type=\"application\/ld+json\" class=\"yoast-schema-graph\">{\"@context\":\"https:\\\/\\\/schema.org\",\"@graph\":[{\"@type\":\"WebPage\",\"@id\":\"https:\\\/\\\/najnaj.eu\\\/sl\\\/izdelek\\\/besafe-stretch%c2%b2-anthracite-mesh\\\/\",\"url\":\"https:\\\/\\\/najnaj.eu\\\/sl\\\/izdelek\\\/besafe-stretch%c2%b2-anthracite-mesh\\\/\",\"name\":\"BeSafe Stretch\u00b2, Anthracite Mesh - NajNaj.eu\",\"isPartOf\":{\"@id\":\"https:\\\/\\\/najnaj.eu\\\/sl\\\/#website\"},\"primaryImageOfPage\":{\"@id\":\"https:\\\/\\\/najnaj.eu\\\/sl\\\/izdelek\\\/besafe-stretch%c2%b2-anthracite-mesh\\\/#primaryimage\"},\"image\":{\"@id\":\"https:\\\/\\\/najnaj.eu\\\/sl\\\/izdelek\\\/besafe-stretch%c2%b2-anthracite-mesh\\\/#primaryimage\"},\"thumbnailUrl\":\"https:\\\/\\\/najnaj.eu\\\/wp-content\\\/uploads\\\/2026\\\/03\\\/11048209_BeSafe_Stretch2_Anthracite-Mesh_Right_Shadow.jpg\",\"datePublished\":\"2026-03-30T12:55:08+00:00\",\"dateModified\":\"2026-03-31T14:04:14+00:00\",\"breadcrumb\":{\"@id\":\"https:\\\/\\\/najnaj.eu\\\/sl\\\/izdelek\\\/besafe-stretch%c2%b2-anthracite-mesh\\\/#breadcrumb\"},\"inLanguage\":\"sl-SI\",\"potentialAction\":[{\"@type\":\"ReadAction\",\"target\":[\"https:\\\/\\\/najnaj.eu\\\/sl\\\/izdelek\\\/besafe-stretch%c2%b2-anthracite-mesh\\\/\"]}]},{\"@type\":\"ImageObject\",\"inLanguage\":\"sl-SI\",\"@id\":\"https:\\\/\\\/najnaj.eu\\\/sl\\\/izdelek\\\/besafe-stretch%c2%b2-anthracite-mesh\\\/#primaryimage\",\"url\":\"https:\\\/\\\/najnaj.eu\\\/wp-content\\\/uploads\\\/2026\\\/03\\\/11048209_BeSafe_Stretch2_Anthracite-Mesh_Right_Shadow.jpg\",\"contentUrl\":\"https:\\\/\\\/najnaj.eu\\\/wp-content\\\/uploads\\\/2026\\\/03\\\/11048209_BeSafe_Stretch2_Anthracite-Mesh_Right_Shadow.jpg\",\"width\":1000,\"height\":1000},{\"@type\":\"BreadcrumbList\",\"@id\":\"https:\\\/\\\/najnaj.eu\\\/sl\\\/izdelek\\\/besafe-stretch%c2%b2-anthracite-mesh\\\/#breadcrumb\",\"itemListElement\":[{\"@type\":\"ListItem\",\"position\":1,\"name\":\"Po\u010detna stranica\",\"item\":\"https:\\\/\\\/najnaj.eu\\\/sl\\\/prednja-stran\\\/\"},{\"@type\":\"ListItem\",\"position\":2,\"name\":\"Shop\",\"item\":\"https:\\\/\\\/najnaj.eu\\\/sl\\\/shop\\\/\"},{\"@type\":\"ListItem\",\"position\":3,\"name\":\"BeSafe Stretch\u00b2, Anthracite Mesh\"}]},{\"@type\":\"WebSite\",\"@id\":\"https:\\\/\\\/najnaj.eu\\\/sl\\\/#website\",\"url\":\"https:\\\/\\\/najnaj.eu\\\/sl\\\/\",\"name\":\"NajNaj.eu\",\"description\":\"Za najva\u017enije!\",\"publisher\":{\"@id\":\"https:\\\/\\\/najnaj.eu\\\/sl\\\/#organization\"},\"potentialAction\":[{\"@type\":\"SearchAction\",\"target\":{\"@type\":\"EntryPoint\",\"urlTemplate\":\"https:\\\/\\\/najnaj.eu\\\/sl\\\/?s={search_term_string}\"},\"query-input\":{\"@type\":\"PropertyValueSpecification\",\"valueRequired\":true,\"valueName\":\"search_term_string\"}}],\"inLanguage\":\"sl-SI\"},{\"@type\":\"Organization\",\"@id\":\"https:\\\/\\\/najnaj.eu\\\/sl\\\/#organization\",\"name\":\"NajNaj.eu\",\"url\":\"https:\\\/\\\/najnaj.eu\\\/sl\\\/\",\"logo\":{\"@type\":\"ImageObject\",\"inLanguage\":\"sl-SI\",\"@id\":\"https:\\\/\\\/najnaj.eu\\\/sl\\\/#\\\/schema\\\/logo\\\/image\\\/\",\"url\":\"https:\\\/\\\/najnaj.eu\\\/wp-content\\\/uploads\\\/2023\\\/09\\\/logo_Najnaj_2023.svg\",\"contentUrl\":\"https:\\\/\\\/najnaj.eu\\\/wp-content\\\/uploads\\\/2023\\\/09\\\/logo_Najnaj_2023.svg\",\"width\":501,\"height\":278,\"caption\":\"NajNaj.eu\"},\"image\":{\"@id\":\"https:\\\/\\\/najnaj.eu\\\/sl\\\/#\\\/schema\\\/logo\\\/image\\\/\"},\"sameAs\":[\"https:\\\/\\\/web.facebook.com\\\/najnaj.eu\\\/\",\"https:\\\/\\\/www.instagram.com\\\/najnaj.eu\\\/\",\"https:\\\/\\\/www.tiktok.com\\\/@najnaj.eu\"]}]}<\/script>\n<meta property=\"product:brand\" content=\"BeSafe\" \/>\n<meta property=\"product:price:amount\" content=\"709.00\" \/>\n<meta property=\"product:price:currency\" content=\"EUR\" \/>\n<meta property=\"og:availability\" content=\"out of stock\" \/>\n<meta property=\"product:availability\" content=\"out of stock\" \/>\n<meta property=\"product:retailer_item_id\" content=\"11048209-AnthraMesh-Std\" \/>\n<meta property=\"product:condition\" content=\"new\" \/>\n<!-- \/ Yoast SEO Premium plugin. -->","yoast_head_json":{"title":"BeSafe Stretch\u00b2, Anthracite Mesh - NajNaj.eu","robots":{"index":"index","follow":"follow","max-snippet":"max-snippet:-1","max-image-preview":"max-image-preview:large","max-video-preview":"max-video-preview:-1"},"canonical":"https:\/\/najnaj.eu\/sl\/izdelek\/besafe-stretch%c2%b2-anthracite-mesh\/","og_locale":"sl_SI","og_type":"article","og_title":"BeSafe Stretch\u00b2, Anthracite Mesh","og_description":"Vo\u017enja v nasprotni smeri od 6 mesecev do 7 let. Neprimerljiva varnost in udobje za otroka.  Vi\u0161ina: 61\u2013125 cm  Maks. te\u017ea: 36 kg  Starost: pribli\u017eno 6 mesecev \u2013 7 let  Homologacija: UN R129  Namestitev: avtomobilski varnostni pas\u00a0  Smer: nasprotno od smeri vo\u017enje  Opravljen Plus test \u2013 najzahtevnej\u0161i test trka na svetu  Vo\u017enja v nasprotni smeri do 36 kg  Enostavno prilagajanje naklona in izjemen prostor za noge  Ergo Cushion\u2122 za optimalno oporo  Certificirano kot izdelek, ki varuje zdravje hrbta (AGR)  Magnetic Belt Assistants\u2122 za la\u017eje name\u0161\u010danje otroka v avtosede\u017e","og_url":"https:\/\/najnaj.eu\/sl\/izdelek\/besafe-stretch%c2%b2-anthracite-mesh\/","og_site_name":"NajNaj.eu","article_publisher":"https:\/\/web.facebook.com\/najnaj.eu\/","article_modified_time":"2026-03-31T14:04:14+00:00","og_image":[{"width":1000,"height":1000,"url":"https:\/\/najnaj.eu\/wp-content\/uploads\/2026\/03\/11048209_BeSafe_Stretch2_Anthracite-Mesh_Right_Shadow.jpg","type":"image\/jpeg"}],"twitter_card":"summary_large_image","twitter_misc":{"Price":"709,00&nbsp;&euro;","Availability":"Out of stock"},"schema":{"@context":"https:\/\/schema.org","@graph":[{"@type":"WebPage","@id":"https:\/\/najnaj.eu\/sl\/izdelek\/besafe-stretch%c2%b2-anthracite-mesh\/","url":"https:\/\/najnaj.eu\/sl\/izdelek\/besafe-stretch%c2%b2-anthracite-mesh\/","name":"BeSafe Stretch\u00b2, Anthracite Mesh - NajNaj.eu","isPartOf":{"@id":"https:\/\/najnaj.eu\/sl\/#website"},"primaryImageOfPage":{"@id":"https:\/\/najnaj.eu\/sl\/izdelek\/besafe-stretch%c2%b2-anthracite-mesh\/#primaryimage"},"image":{"@id":"https:\/\/najnaj.eu\/sl\/izdelek\/besafe-stretch%c2%b2-anthracite-mesh\/#primaryimage"},"thumbnailUrl":"https:\/\/najnaj.eu\/wp-content\/uploads\/2026\/03\/11048209_BeSafe_Stretch2_Anthracite-Mesh_Right_Shadow.jpg","datePublished":"2026-03-30T12:55:08+00:00","dateModified":"2026-03-31T14:04:14+00:00","breadcrumb":{"@id":"https:\/\/najnaj.eu\/sl\/izdelek\/besafe-stretch%c2%b2-anthracite-mesh\/#breadcrumb"},"inLanguage":"sl-SI","potentialAction":[{"@type":"ReadAction","target":["https:\/\/najnaj.eu\/sl\/izdelek\/besafe-stretch%c2%b2-anthracite-mesh\/"]}]},{"@type":"ImageObject","inLanguage":"sl-SI","@id":"https:\/\/najnaj.eu\/sl\/izdelek\/besafe-stretch%c2%b2-anthracite-mesh\/#primaryimage","url":"https:\/\/najnaj.eu\/wp-content\/uploads\/2026\/03\/11048209_BeSafe_Stretch2_Anthracite-Mesh_Right_Shadow.jpg","contentUrl":"https:\/\/najnaj.eu\/wp-content\/uploads\/2026\/03\/11048209_BeSafe_Stretch2_Anthracite-Mesh_Right_Shadow.jpg","width":1000,"height":1000},{"@type":"BreadcrumbList","@id":"https:\/\/najnaj.eu\/sl\/izdelek\/besafe-stretch%c2%b2-anthracite-mesh\/#breadcrumb","itemListElement":[{"@type":"ListItem","position":1,"name":"Po\u010detna stranica","item":"https:\/\/najnaj.eu\/sl\/prednja-stran\/"},{"@type":"ListItem","position":2,"name":"Shop","item":"https:\/\/najnaj.eu\/sl\/shop\/"},{"@type":"ListItem","position":3,"name":"BeSafe Stretch\u00b2, Anthracite Mesh"}]},{"@type":"WebSite","@id":"https:\/\/najnaj.eu\/sl\/#website","url":"https:\/\/najnaj.eu\/sl\/","name":"NajNaj.eu","description":"Za najva\u017enije!","publisher":{"@id":"https:\/\/najnaj.eu\/sl\/#organization"},"potentialAction":[{"@type":"SearchAction","target":{"@type":"EntryPoint","urlTemplate":"https:\/\/najnaj.eu\/sl\/?s={search_term_string}"},"query-input":{"@type":"PropertyValueSpecification","valueRequired":true,"valueName":"search_term_string"}}],"inLanguage":"sl-SI"},{"@type":"Organization","@id":"https:\/\/najnaj.eu\/sl\/#organization","name":"NajNaj.eu","url":"https:\/\/najnaj.eu\/sl\/","logo":{"@type":"ImageObject","inLanguage":"sl-SI","@id":"https:\/\/najnaj.eu\/sl\/#\/schema\/logo\/image\/","url":"https:\/\/najnaj.eu\/wp-content\/uploads\/2023\/09\/logo_Najnaj_2023.svg","contentUrl":"https:\/\/najnaj.eu\/wp-content\/uploads\/2023\/09\/logo_Najnaj_2023.svg","width":501,"height":278,"caption":"NajNaj.eu"},"image":{"@id":"https:\/\/najnaj.eu\/sl\/#\/schema\/logo\/image\/"},"sameAs":["https:\/\/web.facebook.com\/najnaj.eu\/","https:\/\/www.instagram.com\/najnaj.eu\/","https:\/\/www.tiktok.com\/@najnaj.eu"]}]},"product_brand":"BeSafe","product_price_amount":"709.00","product_price_currency":"EUR","og_availability":"out of stock","product_availability":"out of stock","product_retailer_item_id":"11048209-AnthraMesh-Std","product_condition":"new"},"_links":{"self":[{"href":"https:\/\/najnaj.eu\/sl\/wp-json\/wp\/v2\/product\/304139","targetHints":{"allow":["GET"]}}],"collection":[{"href":"https:\/\/najnaj.eu\/sl\/wp-json\/wp\/v2\/product"}],"about":[{"href":"https:\/\/najnaj.eu\/sl\/wp-json\/wp\/v2\/types\/product"}],"replies":[{"embeddable":true,"href":"https:\/\/najnaj.eu\/sl\/wp-json\/wp\/v2\/comments?post=304139"}],"version-history":[{"count":0,"href":"https:\/\/najnaj.eu\/sl\/wp-json\/wp\/v2\/product\/304139\/revisions"}],"wp:featuredmedia":[{"embeddable":true,"href":"https:\/\/najnaj.eu\/sl\/wp-json\/wp\/v2\/media\/304147"}],"wp:attachment":[{"href":"https:\/\/najnaj.eu\/sl\/wp-json\/wp\/v2\/media?parent=304139"}],"wp:term":[{"taxonomy":"product_brand","embeddable":true,"href":"https:\/\/najnaj.eu\/sl\/wp-json\/wp\/v2\/product_brand?post=304139"},{"taxonomy":"product_cat","embeddable":true,"href":"https:\/\/najnaj.eu\/sl\/wp-json\/wp\/v2\/product_cat?post=304139"},{"taxonomy":"product_tag","embeddable":true,"href":"https:\/\/najnaj.eu\/sl\/wp-json\/wp\/v2\/product_tag?post=304139"}],"curies":[{"name":"wp","href":"https:\/\/api.w.org\/{rel}","templated":true}]}}