{"id":302234,"date":"2026-03-23T15:54:57","date_gmt":"2026-03-23T14:54:57","guid":{"rendered":"https:\/\/najnaj.eu\/proizvod\/mini-family-kuhinjski-set-zeleni\/"},"modified":"2026-03-30T14:20:53","modified_gmt":"2026-03-30T12:20:53","slug":"mini-family-kitchenset-zelena","status":"publish","type":"product","link":"https:\/\/najnaj.eu\/sl\/izdelek\/mini-family-kitchenset-zelena\/","title":{"rendered":"MINI Family Kitchenset, zelena"},"content":{"rendered":"<p>MINI Family kuhinjski set je razvit in izdelan na Danskem, s posebno pozornostjo na kakovosti, varnosti in funkcionalnosti. Ta set ni le obi\u010dajno kuhinjsko orodje, temve\u010d nalo\u017eba v razvoj in samostojnost va\u0161ega otroka. Namenjen je otrokom, starej\u0161im od 3 let.<\/p>\n<p>Varnost, kakovost, \u010dustvena povezanost in spodbujanje otro\u0161kega razvoja so temeljne vrednote izdelkov MINI Family. Seti za rezanje hrane so zasnovani tako, da skozi igro, pod nadzorom star\u0161ev, spodbujajo razvoj fine motorike, koordinacijo oko\u2013roka in natan\u010dnost gibov, kar je \u0161e posebej pomembno v zgodnjem obdobju. Z dr\u017eanjem no\u017ea in izvajanjem rezalnih gibov otrok aktivno uporablja dlan, prste in zapestje ter tako krepi nadzor in spretnost rok.<\/p>\n<p>Poleg motori\u010dnega razvoja set spodbuja tudi kognitivne sposobnosti. Otroci skozi prakti\u010dne izku\u0161nje spoznavajo vzro\u010dno-posledi\u010dne zveze, prepoznavajo oblike in barve ter razvijajo logi\u010dno razmi\u0161ljanje. Simboli\u010dna igra kuhanja dodatno spodbuja govor, domi\u0161ljijo in socialne ve\u0161\u010dine. MINI Family tako postane ve\u010d kot igra \u2013 postane orodje za rast, u\u010denje in povezovanje v dru\u017einskem okolju.<\/p>\n<p>Set je izdelan iz bambusa, oja\u010dane plastike in nerjave\u010dega jekla. V paketu so 3 otro\u0161ki no\u017ei razli\u010dnih velikosti, lupilnik, sekljalnik in deska za rezanje. Orodja so zasnovana tako, da omogo\u010dajo rezanje zelenjave z zmanj\u0161anim tveganjem po\u0161kodb. Trajnostni materiali, trdna in vzdr\u017eljiva konstrukcija za vsakodnevno uporabo ter enostavno vzdr\u017eevanje naredijo ta set prakti\u010dno in trajno izbiro.<\/p>\n<p>Na izdelek se nana\u0161a 2-letna garancija.<\/p>\n","protected":false},"excerpt":{"rendered":"<p>MINI Family kuhinjski set je varen in zabaven izbor za otroke, starej\u0161e od 3 let, in je idealen za male pomo\u010dnike, ki radi sodelujejo v kuhinji. Skrbno je zasnovan z poudarkom na varnosti, kakovosti in igrivosti, kar otrokom omogo\u010da aktivno sodelovanje pri pripravi hrane. S skupnim kuhanjem z dru\u017eino razvijajo motori\u010dne sposobnosti, ob\u010dutek odgovornosti in pozitiven odnos do hrane.<\/p>\n","protected":false},"featured_media":302165,"comment_status":"closed","ping_status":"closed","template":"","meta":{"_acf_changed":false,"footnotes":""},"product_brand":[],"product_cat":[1709,2354,742,622,2356],"product_tag":[],"class_list":{"0":"post-302234","1":"product","2":"type-product","3":"status-publish","4":"has-post-thumbnail","6":"product_cat-pokloni","7":"product_cat-edukativne-igracke","8":"product_cat-igracke","9":"product_cat-posude","10":"product_cat-set-za-ucenje","11":"pa_boja-zelena","12":"pa_brand-mini-family","13":"pa_vrsta-posuda-nozevi","15":"first","16":"instock","17":"shipping-taxable","18":"purchasable","19":"product-type-simple"},"bundled_by":[],"bundle_stock_status":"instock","bundle_stock_quantity":3,"bundle_virtual":false,"bundle_layout":"","bundle_add_to_cart_form_location":"","bundle_editable_in_cart":false,"bundle_sold_individually_context":"","bundle_item_grouping":"","bundle_min_size":"","bundle_max_size":"","bundle_price":[],"bundled_items":[],"bundle_sell_ids":[],"acf":[],"yoast_head":"<!-- This site is optimized with the Yoast SEO Premium plugin v21.5 (Yoast SEO v27.4) - https:\/\/yoast.com\/product\/yoast-seo-premium-wordpress\/ -->\n<title>MINI Family Kitchenset, zelena - NajNaj.eu<\/title>\n<meta name=\"robots\" content=\"index, follow, max-snippet:-1, max-image-preview:large, max-video-preview:-1\" \/>\n<link rel=\"canonical\" href=\"https:\/\/najnaj.eu\/sl\/izdelek\/mini-family-kitchenset-zelena\/\" \/>\n<meta property=\"og:locale\" content=\"sl_SI\" \/>\n<meta property=\"og:type\" content=\"article\" \/>\n<meta property=\"og:title\" content=\"MINI Family Kitchenset, zelena\" \/>\n<meta property=\"og:description\" content=\"MINI Family kuhinjski set je varen in zabaven izbor za otroke, starej\u0161e od 3 let, in je idealen za male pomo\u010dnike, ki radi sodelujejo v kuhinji. Skrbno je zasnovan z poudarkom na varnosti, kakovosti in igrivosti, kar otrokom omogo\u010da aktivno sodelovanje pri pripravi hrane. S skupnim kuhanjem z dru\u017eino razvijajo motori\u010dne sposobnosti, ob\u010dutek odgovornosti in pozitiven odnos do hrane.\" \/>\n<meta property=\"og:url\" content=\"https:\/\/najnaj.eu\/sl\/izdelek\/mini-family-kitchenset-zelena\/\" \/>\n<meta property=\"og:site_name\" content=\"NajNaj.eu\" \/>\n<meta property=\"article:publisher\" content=\"https:\/\/web.facebook.com\/najnaj.eu\/\" \/>\n<meta property=\"article:modified_time\" content=\"2026-03-30T12:20:53+00:00\" \/>\n<meta property=\"og:image\" content=\"https:\/\/najnaj.eu\/wp-content\/uploads\/2026\/03\/MINI_Kuchenset_Grun.png\" \/>\n\t<meta property=\"og:image:width\" content=\"1375\" \/>\n\t<meta property=\"og:image:height\" content=\"1375\" \/>\n\t<meta property=\"og:image:type\" content=\"image\/png\" \/>\n<meta name=\"twitter:card\" content=\"summary_large_image\" \/>\n<meta name=\"twitter:label1\" content=\"Price\" \/>\n\t<meta name=\"twitter:data1\" content=\"49,99&nbsp;&euro;\" \/>\n\t<meta name=\"twitter:label2\" content=\"Availability\" \/>\n\t<meta name=\"twitter:data2\" content=\"In stock\" \/>\n<script type=\"application\/ld+json\" class=\"yoast-schema-graph\">{\"@context\":\"https:\\\/\\\/schema.org\",\"@graph\":[{\"@type\":\"WebPage\",\"@id\":\"https:\\\/\\\/najnaj.eu\\\/sl\\\/izdelek\\\/mini-family-kitchenset-zelena\\\/\",\"url\":\"https:\\\/\\\/najnaj.eu\\\/sl\\\/izdelek\\\/mini-family-kitchenset-zelena\\\/\",\"name\":\"MINI Family Kitchenset, zelena - NajNaj.eu\",\"isPartOf\":{\"@id\":\"https:\\\/\\\/najnaj.eu\\\/sl\\\/#website\"},\"primaryImageOfPage\":{\"@id\":\"https:\\\/\\\/najnaj.eu\\\/sl\\\/izdelek\\\/mini-family-kitchenset-zelena\\\/#primaryimage\"},\"image\":{\"@id\":\"https:\\\/\\\/najnaj.eu\\\/sl\\\/izdelek\\\/mini-family-kitchenset-zelena\\\/#primaryimage\"},\"thumbnailUrl\":\"https:\\\/\\\/najnaj.eu\\\/wp-content\\\/uploads\\\/2026\\\/03\\\/MINI_Kuchenset_Grun.png\",\"datePublished\":\"2026-03-23T14:54:57+00:00\",\"dateModified\":\"2026-03-30T12:20:53+00:00\",\"breadcrumb\":{\"@id\":\"https:\\\/\\\/najnaj.eu\\\/sl\\\/izdelek\\\/mini-family-kitchenset-zelena\\\/#breadcrumb\"},\"inLanguage\":\"sl-SI\",\"potentialAction\":[{\"@type\":\"ReadAction\",\"target\":[\"https:\\\/\\\/najnaj.eu\\\/sl\\\/izdelek\\\/mini-family-kitchenset-zelena\\\/\"]}]},{\"@type\":\"ImageObject\",\"inLanguage\":\"sl-SI\",\"@id\":\"https:\\\/\\\/najnaj.eu\\\/sl\\\/izdelek\\\/mini-family-kitchenset-zelena\\\/#primaryimage\",\"url\":\"https:\\\/\\\/najnaj.eu\\\/wp-content\\\/uploads\\\/2026\\\/03\\\/MINI_Kuchenset_Grun.png\",\"contentUrl\":\"https:\\\/\\\/najnaj.eu\\\/wp-content\\\/uploads\\\/2026\\\/03\\\/MINI_Kuchenset_Grun.png\",\"width\":1375,\"height\":1375},{\"@type\":\"BreadcrumbList\",\"@id\":\"https:\\\/\\\/najnaj.eu\\\/sl\\\/izdelek\\\/mini-family-kitchenset-zelena\\\/#breadcrumb\",\"itemListElement\":[{\"@type\":\"ListItem\",\"position\":1,\"name\":\"Po\u010detna stranica\",\"item\":\"https:\\\/\\\/najnaj.eu\\\/sl\\\/prednja-stran\\\/\"},{\"@type\":\"ListItem\",\"position\":2,\"name\":\"Shop\",\"item\":\"https:\\\/\\\/najnaj.eu\\\/sl\\\/shop\\\/\"},{\"@type\":\"ListItem\",\"position\":3,\"name\":\"MINI Family Kitchenset, zelena\"}]},{\"@type\":\"WebSite\",\"@id\":\"https:\\\/\\\/najnaj.eu\\\/sl\\\/#website\",\"url\":\"https:\\\/\\\/najnaj.eu\\\/sl\\\/\",\"name\":\"NajNaj.eu\",\"description\":\"Za najva\u017enije!\",\"publisher\":{\"@id\":\"https:\\\/\\\/najnaj.eu\\\/sl\\\/#organization\"},\"potentialAction\":[{\"@type\":\"SearchAction\",\"target\":{\"@type\":\"EntryPoint\",\"urlTemplate\":\"https:\\\/\\\/najnaj.eu\\\/sl\\\/?s={search_term_string}\"},\"query-input\":{\"@type\":\"PropertyValueSpecification\",\"valueRequired\":true,\"valueName\":\"search_term_string\"}}],\"inLanguage\":\"sl-SI\"},{\"@type\":\"Organization\",\"@id\":\"https:\\\/\\\/najnaj.eu\\\/sl\\\/#organization\",\"name\":\"NajNaj.eu\",\"url\":\"https:\\\/\\\/najnaj.eu\\\/sl\\\/\",\"logo\":{\"@type\":\"ImageObject\",\"inLanguage\":\"sl-SI\",\"@id\":\"https:\\\/\\\/najnaj.eu\\\/sl\\\/#\\\/schema\\\/logo\\\/image\\\/\",\"url\":\"https:\\\/\\\/najnaj.eu\\\/wp-content\\\/uploads\\\/2023\\\/09\\\/logo_Najnaj_2023.svg\",\"contentUrl\":\"https:\\\/\\\/najnaj.eu\\\/wp-content\\\/uploads\\\/2023\\\/09\\\/logo_Najnaj_2023.svg\",\"width\":501,\"height\":278,\"caption\":\"NajNaj.eu\"},\"image\":{\"@id\":\"https:\\\/\\\/najnaj.eu\\\/sl\\\/#\\\/schema\\\/logo\\\/image\\\/\"},\"sameAs\":[\"https:\\\/\\\/web.facebook.com\\\/najnaj.eu\\\/\",\"https:\\\/\\\/www.instagram.com\\\/najnaj.eu\\\/\",\"https:\\\/\\\/www.tiktok.com\\\/@najnaj.eu\"]}]}<\/script>\n<meta property=\"product:brand\" content=\"MINI Family\" \/>\n<meta property=\"product:price:amount\" content=\"49.99\" \/>\n<meta property=\"product:price:currency\" content=\"EUR\" \/>\n<meta property=\"og:availability\" content=\"instock\" \/>\n<meta property=\"product:availability\" content=\"instock\" \/>\n<meta property=\"product:retailer_item_id\" content=\"KKS-SS-GR\" \/>\n<meta property=\"product:condition\" content=\"new\" \/>\n<!-- \/ Yoast SEO Premium plugin. -->","yoast_head_json":{"title":"MINI Family Kitchenset, zelena - NajNaj.eu","robots":{"index":"index","follow":"follow","max-snippet":"max-snippet:-1","max-image-preview":"max-image-preview:large","max-video-preview":"max-video-preview:-1"},"canonical":"https:\/\/najnaj.eu\/sl\/izdelek\/mini-family-kitchenset-zelena\/","og_locale":"sl_SI","og_type":"article","og_title":"MINI Family Kitchenset, zelena","og_description":"MINI Family kuhinjski set je varen in zabaven izbor za otroke, starej\u0161e od 3 let, in je idealen za male pomo\u010dnike, ki radi sodelujejo v kuhinji. Skrbno je zasnovan z poudarkom na varnosti, kakovosti in igrivosti, kar otrokom omogo\u010da aktivno sodelovanje pri pripravi hrane. S skupnim kuhanjem z dru\u017eino razvijajo motori\u010dne sposobnosti, ob\u010dutek odgovornosti in pozitiven odnos do hrane.","og_url":"https:\/\/najnaj.eu\/sl\/izdelek\/mini-family-kitchenset-zelena\/","og_site_name":"NajNaj.eu","article_publisher":"https:\/\/web.facebook.com\/najnaj.eu\/","article_modified_time":"2026-03-30T12:20:53+00:00","og_image":[{"width":1375,"height":1375,"url":"https:\/\/najnaj.eu\/wp-content\/uploads\/2026\/03\/MINI_Kuchenset_Grun.png","type":"image\/png"}],"twitter_card":"summary_large_image","twitter_misc":{"Price":"49,99&nbsp;&euro;","Availability":"In stock"},"schema":{"@context":"https:\/\/schema.org","@graph":[{"@type":"WebPage","@id":"https:\/\/najnaj.eu\/sl\/izdelek\/mini-family-kitchenset-zelena\/","url":"https:\/\/najnaj.eu\/sl\/izdelek\/mini-family-kitchenset-zelena\/","name":"MINI Family Kitchenset, zelena - NajNaj.eu","isPartOf":{"@id":"https:\/\/najnaj.eu\/sl\/#website"},"primaryImageOfPage":{"@id":"https:\/\/najnaj.eu\/sl\/izdelek\/mini-family-kitchenset-zelena\/#primaryimage"},"image":{"@id":"https:\/\/najnaj.eu\/sl\/izdelek\/mini-family-kitchenset-zelena\/#primaryimage"},"thumbnailUrl":"https:\/\/najnaj.eu\/wp-content\/uploads\/2026\/03\/MINI_Kuchenset_Grun.png","datePublished":"2026-03-23T14:54:57+00:00","dateModified":"2026-03-30T12:20:53+00:00","breadcrumb":{"@id":"https:\/\/najnaj.eu\/sl\/izdelek\/mini-family-kitchenset-zelena\/#breadcrumb"},"inLanguage":"sl-SI","potentialAction":[{"@type":"ReadAction","target":["https:\/\/najnaj.eu\/sl\/izdelek\/mini-family-kitchenset-zelena\/"]}]},{"@type":"ImageObject","inLanguage":"sl-SI","@id":"https:\/\/najnaj.eu\/sl\/izdelek\/mini-family-kitchenset-zelena\/#primaryimage","url":"https:\/\/najnaj.eu\/wp-content\/uploads\/2026\/03\/MINI_Kuchenset_Grun.png","contentUrl":"https:\/\/najnaj.eu\/wp-content\/uploads\/2026\/03\/MINI_Kuchenset_Grun.png","width":1375,"height":1375},{"@type":"BreadcrumbList","@id":"https:\/\/najnaj.eu\/sl\/izdelek\/mini-family-kitchenset-zelena\/#breadcrumb","itemListElement":[{"@type":"ListItem","position":1,"name":"Po\u010detna stranica","item":"https:\/\/najnaj.eu\/sl\/prednja-stran\/"},{"@type":"ListItem","position":2,"name":"Shop","item":"https:\/\/najnaj.eu\/sl\/shop\/"},{"@type":"ListItem","position":3,"name":"MINI Family Kitchenset, zelena"}]},{"@type":"WebSite","@id":"https:\/\/najnaj.eu\/sl\/#website","url":"https:\/\/najnaj.eu\/sl\/","name":"NajNaj.eu","description":"Za najva\u017enije!","publisher":{"@id":"https:\/\/najnaj.eu\/sl\/#organization"},"potentialAction":[{"@type":"SearchAction","target":{"@type":"EntryPoint","urlTemplate":"https:\/\/najnaj.eu\/sl\/?s={search_term_string}"},"query-input":{"@type":"PropertyValueSpecification","valueRequired":true,"valueName":"search_term_string"}}],"inLanguage":"sl-SI"},{"@type":"Organization","@id":"https:\/\/najnaj.eu\/sl\/#organization","name":"NajNaj.eu","url":"https:\/\/najnaj.eu\/sl\/","logo":{"@type":"ImageObject","inLanguage":"sl-SI","@id":"https:\/\/najnaj.eu\/sl\/#\/schema\/logo\/image\/","url":"https:\/\/najnaj.eu\/wp-content\/uploads\/2023\/09\/logo_Najnaj_2023.svg","contentUrl":"https:\/\/najnaj.eu\/wp-content\/uploads\/2023\/09\/logo_Najnaj_2023.svg","width":501,"height":278,"caption":"NajNaj.eu"},"image":{"@id":"https:\/\/najnaj.eu\/sl\/#\/schema\/logo\/image\/"},"sameAs":["https:\/\/web.facebook.com\/najnaj.eu\/","https:\/\/www.instagram.com\/najnaj.eu\/","https:\/\/www.tiktok.com\/@najnaj.eu"]}]},"product_brand":"MINI Family","product_price_amount":"49.99","product_price_currency":"EUR","og_availability":"instock","product_availability":"instock","product_retailer_item_id":"KKS-SS-GR","product_condition":"new"},"_links":{"self":[{"href":"https:\/\/najnaj.eu\/sl\/wp-json\/wp\/v2\/product\/302234","targetHints":{"allow":["GET"]}}],"collection":[{"href":"https:\/\/najnaj.eu\/sl\/wp-json\/wp\/v2\/product"}],"about":[{"href":"https:\/\/najnaj.eu\/sl\/wp-json\/wp\/v2\/types\/product"}],"replies":[{"embeddable":true,"href":"https:\/\/najnaj.eu\/sl\/wp-json\/wp\/v2\/comments?post=302234"}],"version-history":[{"count":0,"href":"https:\/\/najnaj.eu\/sl\/wp-json\/wp\/v2\/product\/302234\/revisions"}],"wp:featuredmedia":[{"embeddable":true,"href":"https:\/\/najnaj.eu\/sl\/wp-json\/wp\/v2\/media\/302165"}],"wp:attachment":[{"href":"https:\/\/najnaj.eu\/sl\/wp-json\/wp\/v2\/media?parent=302234"}],"wp:term":[{"taxonomy":"product_brand","embeddable":true,"href":"https:\/\/najnaj.eu\/sl\/wp-json\/wp\/v2\/product_brand?post=302234"},{"taxonomy":"product_cat","embeddable":true,"href":"https:\/\/najnaj.eu\/sl\/wp-json\/wp\/v2\/product_cat?post=302234"},{"taxonomy":"product_tag","embeddable":true,"href":"https:\/\/najnaj.eu\/sl\/wp-json\/wp\/v2\/product_tag?post=302234"}],"curies":[{"name":"wp","href":"https:\/\/api.w.org\/{rel}","templated":true}]}}