{"id":302094,"date":"2026-02-07T14:03:53","date_gmt":"2026-02-07T13:03:53","guid":{"rendered":"https:\/\/najnaj.eu\/?post_type=product&#038;p=302094"},"modified":"2026-03-23T14:28:38","modified_gmt":"2026-03-23T13:28:38","slug":"carriwell-modrcek-za-nosecnice-in-dojenje-podlozen-bel-kopiraj","status":"publish","type":"product","link":"https:\/\/najnaj.eu\/sl\/izdelek\/carriwell-modrcek-za-nosecnice-in-dojenje-podlozen-bel-kopiraj\/","title":{"rendered":"Zni\u017eana: Carriwell modr\u010dek za nose\u010dnice in dojenje podlo\u017een bel &#8211; po\u0161kodovana embala\u017ea"},"content":{"rendered":"<p>Najbolj\u0161i nedr\u010dek za oblikovanje, kar smo jih kdaj ustvarili<\/p>\n<p>Enostavno odpiranje ko\u0161arice z eno roko vam omogo\u010da, da med dojenjem razkrijete celotno dojko in tako pove\u010date stik ko\u017ea na ko\u017eo med vami in otrokom.<\/p>\n<p><strong>Oblikovanje<\/strong><\/p>\n<p>Mehke blazinice, ki jih je enostavno odstraniti, dajejo prsi odli\u010dno obliko in podporo. Tanke oblikovalne blazinice so zelo mehke in jih je enostavno odstraniti iz tega neverjetno mehkega in zra\u010dnega nedr\u010dka iz mikrovlaken.<\/p>\n<p><strong>Podpora<\/strong><\/p>\n<p>Oblikovalne blazinice zmanj\u0161ajo \u0161irjenje tkanine na ko\u0161aricah, kar pove\u010da podporo materam s polnej\u0161imi prsmi.<\/p>\n<p><strong>Zasebnost<\/strong><\/p>\n<p>Mehke blazinice imajo dvojno funkcijo, hkrati skrijejo bradavi\u010dke in vpijejo mleko, ki bi slu\u010dajno u\u0161lo iz dojke.<\/p>\n","protected":false},"excerpt":{"rendered":"<p>Podlo\u017eeni nedr\u010dek Carriwell za nose\u010dnice in doje\u010de matere je mehak in udoben nedr\u010dek, ki se prilagaja spremembam na va\u0161em telesu.<\/p>\n","protected":false},"featured_media":300003,"comment_status":"open","ping_status":"closed","template":"","meta":{"_acf_changed":false,"footnotes":""},"product_brand":[],"product_cat":[1140,1340,1413,1401],"product_tag":[2146,2224],"class_list":{"0":"post-302094","1":"product","2":"type-product","3":"status-publish","4":"has-post-thumbnail","6":"product_cat-dojenje-sl","7":"product_cat-nedrcki-za-dojenje","8":"product_cat-nosecniski-nedrcki","9":"product_cat-za-mamo","10":"product_tag-novopecena-mama","11":"product_tag-popust-odprite-embalazo","12":"pa_boja-bela","13":"pa_brand-carriwell-sl","15":"first","16":"instock","17":"sale","18":"purchasable","19":"product-type-simple"},"bundled_by":[],"bundle_stock_status":"instock","bundle_stock_quantity":1,"bundle_virtual":false,"bundle_layout":"","bundle_add_to_cart_form_location":"","bundle_editable_in_cart":false,"bundle_sold_individually_context":"","bundle_item_grouping":"","bundle_min_size":"","bundle_max_size":"","bundle_price":[],"bundled_items":[],"bundle_sell_ids":[],"acf":[],"yoast_head":"<!-- This site is optimized with the Yoast SEO Premium plugin v21.5 (Yoast SEO v27.4) - https:\/\/yoast.com\/product\/yoast-seo-premium-wordpress\/ -->\n<title>Zni\u017eana: Carriwell modr\u010dek za nose\u010dnice in dojenje podlo\u017een bel - po\u0161kodovana embala\u017ea - NajNaj.eu<\/title>\n<meta name=\"robots\" content=\"index, follow, max-snippet:-1, max-image-preview:large, max-video-preview:-1\" \/>\n<link rel=\"canonical\" href=\"https:\/\/najnaj.eu\/sl\/izdelek\/carriwell-modrcek-za-nosecnice-in-dojenje-podlozen-bel-kopiraj\/\" \/>\n<meta property=\"og:locale\" content=\"sl_SI\" \/>\n<meta property=\"og:type\" content=\"article\" \/>\n<meta property=\"og:title\" content=\"Zni\u017eana: Carriwell modr\u010dek za nose\u010dnice in dojenje podlo\u017een bel - po\u0161kodovana embala\u017ea\" \/>\n<meta property=\"og:description\" content=\"Podlo\u017eeni nedr\u010dek Carriwell za nose\u010dnice in doje\u010de matere je mehak in udoben nedr\u010dek, ki se prilagaja spremembam na va\u0161em telesu.\" \/>\n<meta property=\"og:url\" content=\"https:\/\/najnaj.eu\/sl\/izdelek\/carriwell-modrcek-za-nosecnice-in-dojenje-podlozen-bel-kopiraj\/\" \/>\n<meta property=\"og:site_name\" content=\"NajNaj.eu\" \/>\n<meta property=\"article:publisher\" content=\"https:\/\/web.facebook.com\/najnaj.eu\/\" \/>\n<meta property=\"article:modified_time\" content=\"2026-03-23T13:28:38+00:00\" \/>\n<meta property=\"og:image\" content=\"https:\/\/najnaj.eu\/wp-content\/uploads\/2020\/04\/3300_Seamless-Padded-Maternity-Nursing-Bra_White_Web_v00.jpg\" \/>\n\t<meta property=\"og:image:width\" content=\"1000\" \/>\n\t<meta property=\"og:image:height\" content=\"1250\" \/>\n\t<meta property=\"og:image:type\" content=\"image\/jpeg\" \/>\n<meta name=\"twitter:card\" content=\"summary_large_image\" \/>\n<meta name=\"twitter:label1\" content=\"Price\" \/>\n\t<meta name=\"twitter:data1\" content=\"37,82&nbsp;&euro;\" \/>\n\t<meta name=\"twitter:label2\" content=\"Availability\" \/>\n\t<meta name=\"twitter:data2\" content=\"In stock\" \/>\n<script type=\"application\/ld+json\" class=\"yoast-schema-graph\">{\"@context\":\"https:\\\/\\\/schema.org\",\"@graph\":[{\"@type\":\"WebPage\",\"@id\":\"https:\\\/\\\/najnaj.eu\\\/sl\\\/izdelek\\\/carriwell-modrcek-za-nosecnice-in-dojenje-podlozen-bel-kopiraj\\\/\",\"url\":\"https:\\\/\\\/najnaj.eu\\\/sl\\\/izdelek\\\/carriwell-modrcek-za-nosecnice-in-dojenje-podlozen-bel-kopiraj\\\/\",\"name\":\"Zni\u017eana: Carriwell modr\u010dek za nose\u010dnice in dojenje podlo\u017een bel - po\u0161kodovana embala\u017ea - NajNaj.eu\",\"isPartOf\":{\"@id\":\"https:\\\/\\\/najnaj.eu\\\/sl\\\/#website\"},\"primaryImageOfPage\":{\"@id\":\"https:\\\/\\\/najnaj.eu\\\/sl\\\/izdelek\\\/carriwell-modrcek-za-nosecnice-in-dojenje-podlozen-bel-kopiraj\\\/#primaryimage\"},\"image\":{\"@id\":\"https:\\\/\\\/najnaj.eu\\\/sl\\\/izdelek\\\/carriwell-modrcek-za-nosecnice-in-dojenje-podlozen-bel-kopiraj\\\/#primaryimage\"},\"thumbnailUrl\":\"https:\\\/\\\/najnaj.eu\\\/wp-content\\\/uploads\\\/2020\\\/04\\\/3300_Seamless-Padded-Maternity-Nursing-Bra_White_Web_v00.jpg\",\"datePublished\":\"2026-02-07T13:03:53+00:00\",\"dateModified\":\"2026-03-23T13:28:38+00:00\",\"breadcrumb\":{\"@id\":\"https:\\\/\\\/najnaj.eu\\\/sl\\\/izdelek\\\/carriwell-modrcek-za-nosecnice-in-dojenje-podlozen-bel-kopiraj\\\/#breadcrumb\"},\"inLanguage\":\"sl-SI\",\"potentialAction\":[{\"@type\":\"ReadAction\",\"target\":[\"https:\\\/\\\/najnaj.eu\\\/sl\\\/izdelek\\\/carriwell-modrcek-za-nosecnice-in-dojenje-podlozen-bel-kopiraj\\\/\"]}]},{\"@type\":\"ImageObject\",\"inLanguage\":\"sl-SI\",\"@id\":\"https:\\\/\\\/najnaj.eu\\\/sl\\\/izdelek\\\/carriwell-modrcek-za-nosecnice-in-dojenje-podlozen-bel-kopiraj\\\/#primaryimage\",\"url\":\"https:\\\/\\\/najnaj.eu\\\/wp-content\\\/uploads\\\/2020\\\/04\\\/3300_Seamless-Padded-Maternity-Nursing-Bra_White_Web_v00.jpg\",\"contentUrl\":\"https:\\\/\\\/najnaj.eu\\\/wp-content\\\/uploads\\\/2020\\\/04\\\/3300_Seamless-Padded-Maternity-Nursing-Bra_White_Web_v00.jpg\",\"width\":1000,\"height\":1250},{\"@type\":\"BreadcrumbList\",\"@id\":\"https:\\\/\\\/najnaj.eu\\\/sl\\\/izdelek\\\/carriwell-modrcek-za-nosecnice-in-dojenje-podlozen-bel-kopiraj\\\/#breadcrumb\",\"itemListElement\":[{\"@type\":\"ListItem\",\"position\":1,\"name\":\"Po\u010detna stranica\",\"item\":\"https:\\\/\\\/najnaj.eu\\\/sl\\\/prednja-stran\\\/\"},{\"@type\":\"ListItem\",\"position\":2,\"name\":\"Shop\",\"item\":\"https:\\\/\\\/najnaj.eu\\\/sl\\\/shop\\\/\"},{\"@type\":\"ListItem\",\"position\":3,\"name\":\"Zni\u017eana: Carriwell modr\u010dek za nose\u010dnice in dojenje podlo\u017een bel &#8211; po\u0161kodovana embala\u017ea\"}]},{\"@type\":\"WebSite\",\"@id\":\"https:\\\/\\\/najnaj.eu\\\/sl\\\/#website\",\"url\":\"https:\\\/\\\/najnaj.eu\\\/sl\\\/\",\"name\":\"NajNaj.eu\",\"description\":\"Za najva\u017enije!\",\"publisher\":{\"@id\":\"https:\\\/\\\/najnaj.eu\\\/sl\\\/#organization\"},\"potentialAction\":[{\"@type\":\"SearchAction\",\"target\":{\"@type\":\"EntryPoint\",\"urlTemplate\":\"https:\\\/\\\/najnaj.eu\\\/sl\\\/?s={search_term_string}\"},\"query-input\":{\"@type\":\"PropertyValueSpecification\",\"valueRequired\":true,\"valueName\":\"search_term_string\"}}],\"inLanguage\":\"sl-SI\"},{\"@type\":\"Organization\",\"@id\":\"https:\\\/\\\/najnaj.eu\\\/sl\\\/#organization\",\"name\":\"NajNaj.eu\",\"url\":\"https:\\\/\\\/najnaj.eu\\\/sl\\\/\",\"logo\":{\"@type\":\"ImageObject\",\"inLanguage\":\"sl-SI\",\"@id\":\"https:\\\/\\\/najnaj.eu\\\/sl\\\/#\\\/schema\\\/logo\\\/image\\\/\",\"url\":\"https:\\\/\\\/najnaj.eu\\\/wp-content\\\/uploads\\\/2023\\\/09\\\/logo_Najnaj_2023.svg\",\"contentUrl\":\"https:\\\/\\\/najnaj.eu\\\/wp-content\\\/uploads\\\/2023\\\/09\\\/logo_Najnaj_2023.svg\",\"width\":501,\"height\":278,\"caption\":\"NajNaj.eu\"},\"image\":{\"@id\":\"https:\\\/\\\/najnaj.eu\\\/sl\\\/#\\\/schema\\\/logo\\\/image\\\/\"},\"sameAs\":[\"https:\\\/\\\/web.facebook.com\\\/najnaj.eu\\\/\",\"https:\\\/\\\/www.instagram.com\\\/najnaj.eu\\\/\",\"https:\\\/\\\/www.tiktok.com\\\/@najnaj.eu\"]}]}<\/script>\n<meta property=\"product:brand\" content=\"Carriwell\" \/>\n<meta property=\"product:price:amount\" content=\"37.82\" \/>\n<meta property=\"product:price:currency\" content=\"EUR\" \/>\n<meta property=\"og:availability\" content=\"instock\" \/>\n<meta property=\"product:availability\" content=\"instock\" \/>\n<meta property=\"product:retailer_item_id\" content=\"CW3301-ostecena\" \/>\n<meta property=\"product:condition\" content=\"new\" \/>\n<!-- \/ Yoast SEO Premium plugin. -->","yoast_head_json":{"title":"Zni\u017eana: Carriwell modr\u010dek za nose\u010dnice in dojenje podlo\u017een bel - po\u0161kodovana embala\u017ea - NajNaj.eu","robots":{"index":"index","follow":"follow","max-snippet":"max-snippet:-1","max-image-preview":"max-image-preview:large","max-video-preview":"max-video-preview:-1"},"canonical":"https:\/\/najnaj.eu\/sl\/izdelek\/carriwell-modrcek-za-nosecnice-in-dojenje-podlozen-bel-kopiraj\/","og_locale":"sl_SI","og_type":"article","og_title":"Zni\u017eana: Carriwell modr\u010dek za nose\u010dnice in dojenje podlo\u017een bel - po\u0161kodovana embala\u017ea","og_description":"Podlo\u017eeni nedr\u010dek Carriwell za nose\u010dnice in doje\u010de matere je mehak in udoben nedr\u010dek, ki se prilagaja spremembam na va\u0161em telesu.","og_url":"https:\/\/najnaj.eu\/sl\/izdelek\/carriwell-modrcek-za-nosecnice-in-dojenje-podlozen-bel-kopiraj\/","og_site_name":"NajNaj.eu","article_publisher":"https:\/\/web.facebook.com\/najnaj.eu\/","article_modified_time":"2026-03-23T13:28:38+00:00","og_image":[{"width":1000,"height":1250,"url":"https:\/\/najnaj.eu\/wp-content\/uploads\/2020\/04\/3300_Seamless-Padded-Maternity-Nursing-Bra_White_Web_v00.jpg","type":"image\/jpeg"}],"twitter_card":"summary_large_image","twitter_misc":{"Price":"37,82&nbsp;&euro;","Availability":"In stock"},"schema":{"@context":"https:\/\/schema.org","@graph":[{"@type":"WebPage","@id":"https:\/\/najnaj.eu\/sl\/izdelek\/carriwell-modrcek-za-nosecnice-in-dojenje-podlozen-bel-kopiraj\/","url":"https:\/\/najnaj.eu\/sl\/izdelek\/carriwell-modrcek-za-nosecnice-in-dojenje-podlozen-bel-kopiraj\/","name":"Zni\u017eana: Carriwell modr\u010dek za nose\u010dnice in dojenje podlo\u017een bel - po\u0161kodovana embala\u017ea - NajNaj.eu","isPartOf":{"@id":"https:\/\/najnaj.eu\/sl\/#website"},"primaryImageOfPage":{"@id":"https:\/\/najnaj.eu\/sl\/izdelek\/carriwell-modrcek-za-nosecnice-in-dojenje-podlozen-bel-kopiraj\/#primaryimage"},"image":{"@id":"https:\/\/najnaj.eu\/sl\/izdelek\/carriwell-modrcek-za-nosecnice-in-dojenje-podlozen-bel-kopiraj\/#primaryimage"},"thumbnailUrl":"https:\/\/najnaj.eu\/wp-content\/uploads\/2020\/04\/3300_Seamless-Padded-Maternity-Nursing-Bra_White_Web_v00.jpg","datePublished":"2026-02-07T13:03:53+00:00","dateModified":"2026-03-23T13:28:38+00:00","breadcrumb":{"@id":"https:\/\/najnaj.eu\/sl\/izdelek\/carriwell-modrcek-za-nosecnice-in-dojenje-podlozen-bel-kopiraj\/#breadcrumb"},"inLanguage":"sl-SI","potentialAction":[{"@type":"ReadAction","target":["https:\/\/najnaj.eu\/sl\/izdelek\/carriwell-modrcek-za-nosecnice-in-dojenje-podlozen-bel-kopiraj\/"]}]},{"@type":"ImageObject","inLanguage":"sl-SI","@id":"https:\/\/najnaj.eu\/sl\/izdelek\/carriwell-modrcek-za-nosecnice-in-dojenje-podlozen-bel-kopiraj\/#primaryimage","url":"https:\/\/najnaj.eu\/wp-content\/uploads\/2020\/04\/3300_Seamless-Padded-Maternity-Nursing-Bra_White_Web_v00.jpg","contentUrl":"https:\/\/najnaj.eu\/wp-content\/uploads\/2020\/04\/3300_Seamless-Padded-Maternity-Nursing-Bra_White_Web_v00.jpg","width":1000,"height":1250},{"@type":"BreadcrumbList","@id":"https:\/\/najnaj.eu\/sl\/izdelek\/carriwell-modrcek-za-nosecnice-in-dojenje-podlozen-bel-kopiraj\/#breadcrumb","itemListElement":[{"@type":"ListItem","position":1,"name":"Po\u010detna stranica","item":"https:\/\/najnaj.eu\/sl\/prednja-stran\/"},{"@type":"ListItem","position":2,"name":"Shop","item":"https:\/\/najnaj.eu\/sl\/shop\/"},{"@type":"ListItem","position":3,"name":"Zni\u017eana: Carriwell modr\u010dek za nose\u010dnice in dojenje podlo\u017een bel &#8211; po\u0161kodovana embala\u017ea"}]},{"@type":"WebSite","@id":"https:\/\/najnaj.eu\/sl\/#website","url":"https:\/\/najnaj.eu\/sl\/","name":"NajNaj.eu","description":"Za najva\u017enije!","publisher":{"@id":"https:\/\/najnaj.eu\/sl\/#organization"},"potentialAction":[{"@type":"SearchAction","target":{"@type":"EntryPoint","urlTemplate":"https:\/\/najnaj.eu\/sl\/?s={search_term_string}"},"query-input":{"@type":"PropertyValueSpecification","valueRequired":true,"valueName":"search_term_string"}}],"inLanguage":"sl-SI"},{"@type":"Organization","@id":"https:\/\/najnaj.eu\/sl\/#organization","name":"NajNaj.eu","url":"https:\/\/najnaj.eu\/sl\/","logo":{"@type":"ImageObject","inLanguage":"sl-SI","@id":"https:\/\/najnaj.eu\/sl\/#\/schema\/logo\/image\/","url":"https:\/\/najnaj.eu\/wp-content\/uploads\/2023\/09\/logo_Najnaj_2023.svg","contentUrl":"https:\/\/najnaj.eu\/wp-content\/uploads\/2023\/09\/logo_Najnaj_2023.svg","width":501,"height":278,"caption":"NajNaj.eu"},"image":{"@id":"https:\/\/najnaj.eu\/sl\/#\/schema\/logo\/image\/"},"sameAs":["https:\/\/web.facebook.com\/najnaj.eu\/","https:\/\/www.instagram.com\/najnaj.eu\/","https:\/\/www.tiktok.com\/@najnaj.eu"]}]},"product_brand":"Carriwell","product_price_amount":"37.82","product_price_currency":"EUR","og_availability":"instock","product_availability":"instock","product_retailer_item_id":"CW3301-ostecena","product_condition":"new"},"_links":{"self":[{"href":"https:\/\/najnaj.eu\/sl\/wp-json\/wp\/v2\/product\/302094","targetHints":{"allow":["GET"]}}],"collection":[{"href":"https:\/\/najnaj.eu\/sl\/wp-json\/wp\/v2\/product"}],"about":[{"href":"https:\/\/najnaj.eu\/sl\/wp-json\/wp\/v2\/types\/product"}],"replies":[{"embeddable":true,"href":"https:\/\/najnaj.eu\/sl\/wp-json\/wp\/v2\/comments?post=302094"}],"version-history":[{"count":0,"href":"https:\/\/najnaj.eu\/sl\/wp-json\/wp\/v2\/product\/302094\/revisions"}],"wp:featuredmedia":[{"embeddable":true,"href":"https:\/\/najnaj.eu\/sl\/wp-json\/wp\/v2\/media\/300003"}],"wp:attachment":[{"href":"https:\/\/najnaj.eu\/sl\/wp-json\/wp\/v2\/media?parent=302094"}],"wp:term":[{"taxonomy":"product_brand","embeddable":true,"href":"https:\/\/najnaj.eu\/sl\/wp-json\/wp\/v2\/product_brand?post=302094"},{"taxonomy":"product_cat","embeddable":true,"href":"https:\/\/najnaj.eu\/sl\/wp-json\/wp\/v2\/product_cat?post=302094"},{"taxonomy":"product_tag","embeddable":true,"href":"https:\/\/najnaj.eu\/sl\/wp-json\/wp\/v2\/product_tag?post=302094"}],"curies":[{"name":"wp","href":"https:\/\/api.w.org\/{rel}","templated":true}]}}