{"id":301547,"date":"2026-03-18T09:04:47","date_gmt":"2026-03-18T08:04:47","guid":{"rendered":"https:\/\/najnaj.eu\/?post_type=product&#038;p=301547"},"modified":"2026-03-18T10:59:52","modified_gmt":"2026-03-18T09:59:52","slug":"steklenica-za-vodo-citron-500ml-glow-up-purple-blue","status":"publish","type":"product","link":"https:\/\/najnaj.eu\/sl\/izdelek\/steklenica-za-vodo-citron-500ml-glow-up-purple-blue\/","title":{"rendered":"Steklenica za vodo Citron 500ml Glow Up Purple Blue"},"content":{"rendered":"<ul>\n<li>Vakuumsko izolirana s trojno steno za ohranjanje temperature pija\u010de<\/li>\n<li>Vodo ohranja hladno do 24 ur in toplo do 12 ur<\/li>\n<li>Izdelano iz nerjave\u010dega jekla 304, odobreno za stik z \u017eivili<\/li>\n<li>Zasnovano iz trajnostnih materialov<\/li>\n<li>Izdelano brez strupenih materialov (brez BPA, ftalatov in svinca)<\/li>\n<li>Zaradi neprepustnega pokrova bo va\u0161a torba za kosilo ostala suha in \u010dista<\/li>\n<li>Ostane suh in hladen na zunanji strani, ne glede na to, kako vro\u010da ali hladna je vsebina<\/li>\n<li>Vklju\u010duje 1 pokrov\u010dek, 2 slamici, 1 \u010distilno krta\u010dko, 1 nedrse\u010d silikonski odbija\u010d<\/li>\n<li>Primerno za otroke, starej\u0161e od 12 mesecev<\/li>\n<li>Dimenzije: D6,1 x V23,9 cm<\/li>\n<li>Prostornina: 500 ml teko\u010dine<\/li>\n<li>Najvi\u0161ja temperaturna zmogljivost: 55 \u00b0C<\/li>\n<\/ul>\n<p><img loading=\"lazy\" decoding=\"async\" class=\"alignnone wp-image-271548 size-full\" src=\"https:\/\/najnaj.eu\/wp-content\/uploads\/2025\/09\/Z1069-Stormy-Unicorn-Extra-8-scaled.jpg\" alt=\"\" width=\"2560\" height=\"2560\" srcset=\"https:\/\/najnaj.eu\/wp-content\/uploads\/2025\/09\/Z1069-Stormy-Unicorn-Extra-8-scaled.jpg 2560w, https:\/\/najnaj.eu\/wp-content\/uploads\/2025\/09\/Z1069-Stormy-Unicorn-Extra-8-scaled-324x324.jpg 324w, https:\/\/najnaj.eu\/wp-content\/uploads\/2025\/09\/Z1069-Stormy-Unicorn-Extra-8-100x100.jpg 100w, https:\/\/najnaj.eu\/wp-content\/uploads\/2025\/09\/Z1069-Stormy-Unicorn-Extra-8-scaled-1200x1200.jpg 1200w, https:\/\/najnaj.eu\/wp-content\/uploads\/2025\/09\/Z1069-Stormy-Unicorn-Extra-8-300x300.jpg 300w, https:\/\/najnaj.eu\/wp-content\/uploads\/2025\/09\/Z1069-Stormy-Unicorn-Extra-8-1024x1024.jpg 1024w, https:\/\/najnaj.eu\/wp-content\/uploads\/2025\/09\/Z1069-Stormy-Unicorn-Extra-8-150x150.jpg 150w, https:\/\/najnaj.eu\/wp-content\/uploads\/2025\/09\/Z1069-Stormy-Unicorn-Extra-8-768x768.jpg 768w, https:\/\/najnaj.eu\/wp-content\/uploads\/2025\/09\/Z1069-Stormy-Unicorn-Extra-8-1536x1536.jpg 1536w, https:\/\/najnaj.eu\/wp-content\/uploads\/2025\/09\/Z1069-Stormy-Unicorn-Extra-8-2048x2048.jpg 2048w, https:\/\/najnaj.eu\/wp-content\/uploads\/2025\/09\/Z1069-Stormy-Unicorn-Extra-8-1440x1440.jpg 1440w, https:\/\/najnaj.eu\/wp-content\/uploads\/2025\/09\/Z1069-Stormy-Unicorn-Extra-8-420x420.jpg 420w, https:\/\/najnaj.eu\/wp-content\/uploads\/2025\/09\/Z1069-Stormy-Unicorn-Extra-8-50x50.jpg 50w\" sizes=\"auto, (max-width: 2560px) 100vw, 2560px\" \/><\/p>\n","protected":false},"excerpt":{"rendered":"<p>Veliki otroci, najstniki in odrasli bodo navdu\u0161eni nad lastnostmi na\u0161e 500 ml izolirane steklenice za vodo. Od \u0161iroke odprtine za enostavno pitje do oprijema brez znoja, odpornosti na udarce zaradi silikonske konice in trojno izolirane termi\u010dne tehnologije, ki ohranja teko\u010dine tople do 12 ur in hladne do 24 ur \u2013 ne glede na to, kam jo postavite!<\/p>\n","protected":false},"featured_media":301553,"comment_status":"closed","ping_status":"closed","template":"","meta":{"_acf_changed":false,"footnotes":""},"product_brand":[],"product_cat":[2228,1275,1312],"product_tag":[2349,2282],"class_list":{"0":"post-301547","1":"product","2":"type-product","3":"status-publish","4":"has-post-thumbnail","6":"product_cat-darila","7":"product_cat-posoda","8":"product_cat-steklenice-za-vodo","9":"product_tag-personalizirani-proizvodi","10":"product_tag-zima-sl","11":"pa_boja-plava-sl","12":"pa_boja-roza-sl","13":"pa_brand-citron-sl","14":"pa_vrsta-posuda-termo-bucke","16":"first","17":"instock","18":"shipping-taxable","19":"purchasable","20":"product-type-simple"},"bundled_by":[],"bundle_stock_status":"instock","bundle_stock_quantity":15,"bundle_virtual":false,"bundle_layout":"","bundle_add_to_cart_form_location":"","bundle_editable_in_cart":false,"bundle_sold_individually_context":"","bundle_item_grouping":"","bundle_min_size":"","bundle_max_size":"","bundle_price":[],"bundled_items":[],"bundle_sell_ids":[],"acf":[],"yoast_head":"<!-- This site is optimized with the Yoast SEO Premium plugin v21.5 (Yoast SEO v27.3) - https:\/\/yoast.com\/product\/yoast-seo-premium-wordpress\/ -->\n<title>Steklenica za vodo Citron 500ml Glow Up Purple Blue - NajNaj.eu<\/title>\n<meta name=\"robots\" content=\"index, follow, max-snippet:-1, max-image-preview:large, max-video-preview:-1\" \/>\n<link rel=\"canonical\" href=\"https:\/\/najnaj.eu\/sl\/izdelek\/steklenica-za-vodo-citron-500ml-glow-up-purple-blue\/\" \/>\n<meta property=\"og:locale\" content=\"sl_SI\" \/>\n<meta property=\"og:type\" content=\"article\" \/>\n<meta property=\"og:title\" content=\"Steklenica za vodo Citron 500ml Glow Up Purple Blue\" \/>\n<meta property=\"og:description\" content=\"Veliki otroci, najstniki in odrasli bodo navdu\u0161eni nad lastnostmi na\u0161e 500 ml izolirane steklenice za vodo. Od \u0161iroke odprtine za enostavno pitje do oprijema brez znoja, odpornosti na udarce zaradi silikonske konice in trojno izolirane termi\u010dne tehnologije, ki ohranja teko\u010dine tople do 12 ur in hladne do 24 ur \u2013 ne glede na to, kam jo postavite!\" \/>\n<meta property=\"og:url\" content=\"https:\/\/najnaj.eu\/sl\/izdelek\/steklenica-za-vodo-citron-500ml-glow-up-purple-blue\/\" \/>\n<meta property=\"og:site_name\" content=\"NajNaj.eu\" \/>\n<meta property=\"article:publisher\" content=\"https:\/\/web.facebook.com\/najnaj.eu\/\" \/>\n<meta property=\"article:modified_time\" content=\"2026-03-18T09:59:52+00:00\" \/>\n<meta property=\"og:image\" content=\"https:\/\/najnaj.eu\/wp-content\/uploads\/2026\/03\/prod-photo-glowup-purple-blue.jpg\" \/>\n\t<meta property=\"og:image:width\" content=\"2000\" \/>\n\t<meta property=\"og:image:height\" content=\"2000\" \/>\n\t<meta property=\"og:image:type\" content=\"image\/jpeg\" \/>\n<meta name=\"twitter:card\" content=\"summary_large_image\" \/>\n<meta name=\"twitter:label1\" content=\"Price\" \/>\n\t<meta name=\"twitter:data1\" content=\"36,99&nbsp;&euro;\" \/>\n\t<meta name=\"twitter:label2\" content=\"Availability\" \/>\n\t<meta name=\"twitter:data2\" content=\"In stock\" \/>\n<script type=\"application\/ld+json\" class=\"yoast-schema-graph\">{\"@context\":\"https:\\\/\\\/schema.org\",\"@graph\":[{\"@type\":\"WebPage\",\"@id\":\"https:\\\/\\\/najnaj.eu\\\/sl\\\/izdelek\\\/steklenica-za-vodo-citron-500ml-glow-up-purple-blue\\\/\",\"url\":\"https:\\\/\\\/najnaj.eu\\\/sl\\\/izdelek\\\/steklenica-za-vodo-citron-500ml-glow-up-purple-blue\\\/\",\"name\":\"Steklenica za vodo Citron 500ml Glow Up Purple Blue - NajNaj.eu\",\"isPartOf\":{\"@id\":\"https:\\\/\\\/najnaj.eu\\\/sl\\\/#website\"},\"primaryImageOfPage\":{\"@id\":\"https:\\\/\\\/najnaj.eu\\\/sl\\\/izdelek\\\/steklenica-za-vodo-citron-500ml-glow-up-purple-blue\\\/#primaryimage\"},\"image\":{\"@id\":\"https:\\\/\\\/najnaj.eu\\\/sl\\\/izdelek\\\/steklenica-za-vodo-citron-500ml-glow-up-purple-blue\\\/#primaryimage\"},\"thumbnailUrl\":\"https:\\\/\\\/najnaj.eu\\\/wp-content\\\/uploads\\\/2026\\\/03\\\/prod-photo-glowup-purple-blue.jpg\",\"datePublished\":\"2026-03-18T08:04:47+00:00\",\"dateModified\":\"2026-03-18T09:59:52+00:00\",\"breadcrumb\":{\"@id\":\"https:\\\/\\\/najnaj.eu\\\/sl\\\/izdelek\\\/steklenica-za-vodo-citron-500ml-glow-up-purple-blue\\\/#breadcrumb\"},\"inLanguage\":\"sl-SI\",\"potentialAction\":[{\"@type\":\"ReadAction\",\"target\":[\"https:\\\/\\\/najnaj.eu\\\/sl\\\/izdelek\\\/steklenica-za-vodo-citron-500ml-glow-up-purple-blue\\\/\"]}]},{\"@type\":\"ImageObject\",\"inLanguage\":\"sl-SI\",\"@id\":\"https:\\\/\\\/najnaj.eu\\\/sl\\\/izdelek\\\/steklenica-za-vodo-citron-500ml-glow-up-purple-blue\\\/#primaryimage\",\"url\":\"https:\\\/\\\/najnaj.eu\\\/wp-content\\\/uploads\\\/2026\\\/03\\\/prod-photo-glowup-purple-blue.jpg\",\"contentUrl\":\"https:\\\/\\\/najnaj.eu\\\/wp-content\\\/uploads\\\/2026\\\/03\\\/prod-photo-glowup-purple-blue.jpg\",\"width\":2000,\"height\":2000},{\"@type\":\"BreadcrumbList\",\"@id\":\"https:\\\/\\\/najnaj.eu\\\/sl\\\/izdelek\\\/steklenica-za-vodo-citron-500ml-glow-up-purple-blue\\\/#breadcrumb\",\"itemListElement\":[{\"@type\":\"ListItem\",\"position\":1,\"name\":\"Po\u010detna stranica\",\"item\":\"https:\\\/\\\/najnaj.eu\\\/sl\\\/prednja-stran\\\/\"},{\"@type\":\"ListItem\",\"position\":2,\"name\":\"Shop\",\"item\":\"https:\\\/\\\/najnaj.eu\\\/sl\\\/shop\\\/\"},{\"@type\":\"ListItem\",\"position\":3,\"name\":\"Steklenica za vodo Citron 500ml Glow Up Purple Blue\"}]},{\"@type\":\"WebSite\",\"@id\":\"https:\\\/\\\/najnaj.eu\\\/sl\\\/#website\",\"url\":\"https:\\\/\\\/najnaj.eu\\\/sl\\\/\",\"name\":\"NajNaj.eu\",\"description\":\"Za najva\u017enije!\",\"publisher\":{\"@id\":\"https:\\\/\\\/najnaj.eu\\\/sl\\\/#organization\"},\"potentialAction\":[{\"@type\":\"SearchAction\",\"target\":{\"@type\":\"EntryPoint\",\"urlTemplate\":\"https:\\\/\\\/najnaj.eu\\\/sl\\\/?s={search_term_string}\"},\"query-input\":{\"@type\":\"PropertyValueSpecification\",\"valueRequired\":true,\"valueName\":\"search_term_string\"}}],\"inLanguage\":\"sl-SI\"},{\"@type\":\"Organization\",\"@id\":\"https:\\\/\\\/najnaj.eu\\\/sl\\\/#organization\",\"name\":\"NajNaj.eu\",\"url\":\"https:\\\/\\\/najnaj.eu\\\/sl\\\/\",\"logo\":{\"@type\":\"ImageObject\",\"inLanguage\":\"sl-SI\",\"@id\":\"https:\\\/\\\/najnaj.eu\\\/sl\\\/#\\\/schema\\\/logo\\\/image\\\/\",\"url\":\"https:\\\/\\\/najnaj.eu\\\/wp-content\\\/uploads\\\/2023\\\/09\\\/logo_Najnaj_2023.svg\",\"contentUrl\":\"https:\\\/\\\/najnaj.eu\\\/wp-content\\\/uploads\\\/2023\\\/09\\\/logo_Najnaj_2023.svg\",\"width\":501,\"height\":278,\"caption\":\"NajNaj.eu\"},\"image\":{\"@id\":\"https:\\\/\\\/najnaj.eu\\\/sl\\\/#\\\/schema\\\/logo\\\/image\\\/\"},\"sameAs\":[\"https:\\\/\\\/web.facebook.com\\\/najnaj.eu\\\/\",\"https:\\\/\\\/www.instagram.com\\\/najnaj.eu\\\/\",\"https:\\\/\\\/www.tiktok.com\\\/@najnaj.eu\"]}]}<\/script>\n<meta property=\"product:brand\" content=\"Citron\" \/>\n<meta property=\"product:price:amount\" content=\"36.99\" \/>\n<meta property=\"product:price:currency\" content=\"EUR\" \/>\n<meta property=\"og:availability\" content=\"instock\" \/>\n<meta property=\"product:availability\" content=\"instock\" \/>\n<meta property=\"product:retailer_item_id\" content=\"WB_500_Purple_Blue_Glowup\" \/>\n<meta property=\"product:condition\" content=\"new\" \/>\n<!-- \/ Yoast SEO Premium plugin. -->","yoast_head_json":{"title":"Steklenica za vodo Citron 500ml Glow Up Purple Blue - NajNaj.eu","robots":{"index":"index","follow":"follow","max-snippet":"max-snippet:-1","max-image-preview":"max-image-preview:large","max-video-preview":"max-video-preview:-1"},"canonical":"https:\/\/najnaj.eu\/sl\/izdelek\/steklenica-za-vodo-citron-500ml-glow-up-purple-blue\/","og_locale":"sl_SI","og_type":"article","og_title":"Steklenica za vodo Citron 500ml Glow Up Purple Blue","og_description":"Veliki otroci, najstniki in odrasli bodo navdu\u0161eni nad lastnostmi na\u0161e 500 ml izolirane steklenice za vodo. Od \u0161iroke odprtine za enostavno pitje do oprijema brez znoja, odpornosti na udarce zaradi silikonske konice in trojno izolirane termi\u010dne tehnologije, ki ohranja teko\u010dine tople do 12 ur in hladne do 24 ur \u2013 ne glede na to, kam jo postavite!","og_url":"https:\/\/najnaj.eu\/sl\/izdelek\/steklenica-za-vodo-citron-500ml-glow-up-purple-blue\/","og_site_name":"NajNaj.eu","article_publisher":"https:\/\/web.facebook.com\/najnaj.eu\/","article_modified_time":"2026-03-18T09:59:52+00:00","og_image":[{"width":2000,"height":2000,"url":"https:\/\/najnaj.eu\/wp-content\/uploads\/2026\/03\/prod-photo-glowup-purple-blue.jpg","type":"image\/jpeg"}],"twitter_card":"summary_large_image","twitter_misc":{"Price":"36,99&nbsp;&euro;","Availability":"In stock"},"schema":{"@context":"https:\/\/schema.org","@graph":[{"@type":"WebPage","@id":"https:\/\/najnaj.eu\/sl\/izdelek\/steklenica-za-vodo-citron-500ml-glow-up-purple-blue\/","url":"https:\/\/najnaj.eu\/sl\/izdelek\/steklenica-za-vodo-citron-500ml-glow-up-purple-blue\/","name":"Steklenica za vodo Citron 500ml Glow Up Purple Blue - NajNaj.eu","isPartOf":{"@id":"https:\/\/najnaj.eu\/sl\/#website"},"primaryImageOfPage":{"@id":"https:\/\/najnaj.eu\/sl\/izdelek\/steklenica-za-vodo-citron-500ml-glow-up-purple-blue\/#primaryimage"},"image":{"@id":"https:\/\/najnaj.eu\/sl\/izdelek\/steklenica-za-vodo-citron-500ml-glow-up-purple-blue\/#primaryimage"},"thumbnailUrl":"https:\/\/najnaj.eu\/wp-content\/uploads\/2026\/03\/prod-photo-glowup-purple-blue.jpg","datePublished":"2026-03-18T08:04:47+00:00","dateModified":"2026-03-18T09:59:52+00:00","breadcrumb":{"@id":"https:\/\/najnaj.eu\/sl\/izdelek\/steklenica-za-vodo-citron-500ml-glow-up-purple-blue\/#breadcrumb"},"inLanguage":"sl-SI","potentialAction":[{"@type":"ReadAction","target":["https:\/\/najnaj.eu\/sl\/izdelek\/steklenica-za-vodo-citron-500ml-glow-up-purple-blue\/"]}]},{"@type":"ImageObject","inLanguage":"sl-SI","@id":"https:\/\/najnaj.eu\/sl\/izdelek\/steklenica-za-vodo-citron-500ml-glow-up-purple-blue\/#primaryimage","url":"https:\/\/najnaj.eu\/wp-content\/uploads\/2026\/03\/prod-photo-glowup-purple-blue.jpg","contentUrl":"https:\/\/najnaj.eu\/wp-content\/uploads\/2026\/03\/prod-photo-glowup-purple-blue.jpg","width":2000,"height":2000},{"@type":"BreadcrumbList","@id":"https:\/\/najnaj.eu\/sl\/izdelek\/steklenica-za-vodo-citron-500ml-glow-up-purple-blue\/#breadcrumb","itemListElement":[{"@type":"ListItem","position":1,"name":"Po\u010detna stranica","item":"https:\/\/najnaj.eu\/sl\/prednja-stran\/"},{"@type":"ListItem","position":2,"name":"Shop","item":"https:\/\/najnaj.eu\/sl\/shop\/"},{"@type":"ListItem","position":3,"name":"Steklenica za vodo Citron 500ml Glow Up Purple Blue"}]},{"@type":"WebSite","@id":"https:\/\/najnaj.eu\/sl\/#website","url":"https:\/\/najnaj.eu\/sl\/","name":"NajNaj.eu","description":"Za najva\u017enije!","publisher":{"@id":"https:\/\/najnaj.eu\/sl\/#organization"},"potentialAction":[{"@type":"SearchAction","target":{"@type":"EntryPoint","urlTemplate":"https:\/\/najnaj.eu\/sl\/?s={search_term_string}"},"query-input":{"@type":"PropertyValueSpecification","valueRequired":true,"valueName":"search_term_string"}}],"inLanguage":"sl-SI"},{"@type":"Organization","@id":"https:\/\/najnaj.eu\/sl\/#organization","name":"NajNaj.eu","url":"https:\/\/najnaj.eu\/sl\/","logo":{"@type":"ImageObject","inLanguage":"sl-SI","@id":"https:\/\/najnaj.eu\/sl\/#\/schema\/logo\/image\/","url":"https:\/\/najnaj.eu\/wp-content\/uploads\/2023\/09\/logo_Najnaj_2023.svg","contentUrl":"https:\/\/najnaj.eu\/wp-content\/uploads\/2023\/09\/logo_Najnaj_2023.svg","width":501,"height":278,"caption":"NajNaj.eu"},"image":{"@id":"https:\/\/najnaj.eu\/sl\/#\/schema\/logo\/image\/"},"sameAs":["https:\/\/web.facebook.com\/najnaj.eu\/","https:\/\/www.instagram.com\/najnaj.eu\/","https:\/\/www.tiktok.com\/@najnaj.eu"]}]},"product_brand":"Citron","product_price_amount":"36.99","product_price_currency":"EUR","og_availability":"instock","product_availability":"instock","product_retailer_item_id":"WB_500_Purple_Blue_Glowup","product_condition":"new"},"_links":{"self":[{"href":"https:\/\/najnaj.eu\/sl\/wp-json\/wp\/v2\/product\/301547","targetHints":{"allow":["GET"]}}],"collection":[{"href":"https:\/\/najnaj.eu\/sl\/wp-json\/wp\/v2\/product"}],"about":[{"href":"https:\/\/najnaj.eu\/sl\/wp-json\/wp\/v2\/types\/product"}],"replies":[{"embeddable":true,"href":"https:\/\/najnaj.eu\/sl\/wp-json\/wp\/v2\/comments?post=301547"}],"version-history":[{"count":0,"href":"https:\/\/najnaj.eu\/sl\/wp-json\/wp\/v2\/product\/301547\/revisions"}],"wp:featuredmedia":[{"embeddable":true,"href":"https:\/\/najnaj.eu\/sl\/wp-json\/wp\/v2\/media\/301553"}],"wp:attachment":[{"href":"https:\/\/najnaj.eu\/sl\/wp-json\/wp\/v2\/media?parent=301547"}],"wp:term":[{"taxonomy":"product_brand","embeddable":true,"href":"https:\/\/najnaj.eu\/sl\/wp-json\/wp\/v2\/product_brand?post=301547"},{"taxonomy":"product_cat","embeddable":true,"href":"https:\/\/najnaj.eu\/sl\/wp-json\/wp\/v2\/product_cat?post=301547"},{"taxonomy":"product_tag","embeddable":true,"href":"https:\/\/najnaj.eu\/sl\/wp-json\/wp\/v2\/product_tag?post=301547"}],"curies":[{"name":"wp","href":"https:\/\/api.w.org\/{rel}","templated":true}]}}