{"id":301137,"date":"2026-03-17T09:13:12","date_gmt":"2026-03-17T08:13:12","guid":{"rendered":"https:\/\/najnaj.eu\/?post_type=product&#038;p=301137"},"modified":"2026-03-18T10:37:24","modified_gmt":"2026-03-18T09:37:24","slug":"icandy-pip-kompaktni-vozicek-muddy-puddle","status":"publish","type":"product","link":"https:\/\/najnaj.eu\/sl\/izdelek\/icandy-pip-kompaktni-vozicek-muddy-puddle\/","title":{"rendered":"iCandy PIP kompaktni vozi\u010dek, Muddy Puddle"},"content":{"rendered":"<h4><b>iCandy PIP \u2013 Minimalna te\u017ea, maksimalna svoboda<\/b><\/h4>\n<p><span style=\"font-weight: 400;\">Biti star\u0161 ne pomeni, da se morate odpovedati svobodi \u2013 ravno nasprotno! Dana\u0161nji star\u0161i vse bolj i\u0161\u010dejo izdelke, ki jim omogo\u010dajo mobilnost, funkcionalnost in stil brez kompromisov. Vozi\u010dek iCandy PIP je zasnovan prav s to filozofijo v mislih \u2013 da bi bile vsakodnevne dogodiv\u0161\u010dine z va\u0161im otrokom la\u017eje, hitrej\u0161e in z nasmehom. <\/span><\/p>\n<h4><b>Lahek vozi\u010dek, velike mo\u017enosti<\/b><\/h4>\n<p><span style=\"font-weight: 400;\">Zaradi ultra lahke konstrukcije in te\u017ee le 7 kilogramov je vozi\u010dek iCandy PIP enostaven za dvigovanje, prena\u0161anje, zlaganje in shranjevanje. Brez sunkov, brez napora. Ne glede na to, ali ga vzamete s seboj na tramvaj, v avto, na letalo ali ga nesete po stopnicah, njegova te\u017ea ni breme, prena\u0161anje pa je la\u017eje zaradi prakti\u010dnega ro\u010daja in prilo\u017eene torbe za vozi\u010dek. <\/span><span style=\"font-weight: 400;\"><br \/>\n<\/span><\/p>\n<ul>\n<li><span style=\"font-weight: 400;\">tehta le 7 kg<\/span><\/li>\n<li><span style=\"font-weight: 400;\">Enostavno zlaganje z eno roko \u2013 brez zapletov<\/span><\/li>\n<li><span style=\"font-weight: 400;\">kompaktne dimenzije \u2013 primerne za prtlja\u017enik, omaro ali kot ro\u010dna prtljaga na letalu<\/span><\/li>\n<li><span style=\"font-weight: 400;\">odobreno za ro\u010dno prtljago na letalu v skladu s standardi IATA (priporo\u010dljivo je, da se pred potovanjem posvetujete z letalsko dru\u017ebo) \u2013 idealno za dru\u017eine, ki potujejo!<\/span><\/li>\n<\/ul>\n<h4><b>Od prvega dne do zadnje vo\u017enje<\/b><\/h4>\n<p><span style=\"font-weight: 400;\">Z udobjem od rojstva do 25 kg je iCandy PIP idealen spremljevalec na vseh potovanjih, v katerih bo va\u0161 otrok u\u017eival, zaradi naslednjega:<\/span><\/p>\n<ul>\n<li style=\"font-weight: 400;\" aria-level=\"1\"><span style=\"font-weight: 400;\">Nagibno naslonjalo \u2013 idealno od rojstva<\/span><\/li>\n<li style=\"font-weight: 400;\" aria-level=\"1\"><span style=\"font-weight: 400;\">neomejeno \u0161tevilo tihih nagibov naslonjala<\/span><\/li>\n<li style=\"font-weight: 400;\" aria-level=\"1\"><span style=\"font-weight: 400;\">nastavljiv naslon za noge<\/span><\/li>\n<li style=\"font-weight: 400;\" aria-level=\"1\"><span style=\"font-weight: 400;\">nosilnost do 25 kg \u2013 primerno za starej\u0161e otroke, ki se \u0161e vedno radi vozijo<\/span><\/li>\n<li style=\"font-weight: 400;\" aria-level=\"1\"><span style=\"font-weight: 400;\">prostoren sede\u017e z izjemno udobno tkanino in petto\u010dkovnim varnostnim pasom<\/span><\/li>\n<\/ul>\n<p><span style=\"font-weight: 400;\">Nastavljivo naslonjalo ima neomejeno \u0161tevilo polo\u017eajev nagiba, ki so tihi, brez hrupa, ki bi zbudil va\u0161ega otroka, ko ga boste spustili, ker je med vo\u017enjo zaspal \u2013 saj vemo, kako dragoceni so lahko trenutki po\u010ditka.<\/span><\/p>\n<h4><b>Elegantno oblikovano. Brez primere v smislu prakti\u010dnosti. <\/b><\/h4>\n<p><span style=\"font-weight: 400;\">Vozi\u010dek ni le prevozno sredstvo za otroka \u2013 je spremljevalec na vsakodnevnih dru\u017einskih dogodiv\u0161\u010dinah. iCandy razume to filozofijo, zato je vozi\u010dek iCandy PIP predvsem prakti\u010den za uporabo: <\/span><\/p>\n<ul>\n<li style=\"font-weight: 400;\" aria-level=\"1\"><span style=\"font-weight: 400;\">Zlaganje z eno roko \u2013 druga roka prosta za otroka ali kavo<\/span><\/li>\n<li style=\"font-weight: 400;\" aria-level=\"1\"><span style=\"font-weight: 400;\">nastavitev naslonjala z eno roko<\/span><\/li>\n<li style=\"font-weight: 400;\" aria-level=\"1\"><span style=\"font-weight: 400;\">stabilnost zlo\u017eenega vozi\u010dka s prakti\u010dnim integriranim ro\u010dajem za no\u0161enje<\/span><\/li>\n<li style=\"font-weight: 400;\" aria-level=\"1\"><span style=\"font-weight: 400;\">prakti\u010den \u017eep za mobilni telefon ali denarnico na hrbtni strani sede\u017ea<\/span><\/li>\n<li style=\"font-weight: 400;\" aria-level=\"1\"><span style=\"font-weight: 400;\">Dvostranska sede\u017ena blazinica &#8211; za spremembo videza in la\u017eje \u010di\u0161\u010denje<\/span><\/li>\n<li style=\"font-weight: 400;\" aria-level=\"1\"><span style=\"font-weight: 400;\">prostorna spodnja nakupovalna ko\u0161ara z nosilnostjo do 10 kg<\/span><\/li>\n<\/ul>\n<p><span style=\"font-weight: 400;\">Zahvaljujo\u010d aluminijastemu okvirju je vozi\u010dek mo\u010dan in lahek, tkanine pa so udobne in mehke na dotik, trpe\u017ene in enostavne za vzdr\u017eevanje. Vse klju\u010dne dele \u2013 kot sta podno\u017eje in varnostna palica \u2013 je mogo\u010de prati ali preprosto obrisati. <\/span><\/p>\n<h4><b>Pripravljeni na vse vremenske (in \u017eivljenjske) razmere<\/b><\/h4>\n<p><span style=\"font-weight: 400;\">\u010cas je neizpodbiten \u2013 toda z iCandy PIP ste pripravljeni na vse. Kadarkoli. <\/span><\/p>\n<p><b>De\u017ena prevleka \u2013 suha in varna v vsaki kapljici.<\/b><\/p>\n<p><span style=\"font-weight: 400;\">Ne dovolite, da vam vreme narekuje na\u010drte! Prozorna de\u017ena prevleka \u0161\u010diti va\u0161ega otroka pred de\u017ejem, vetrom in snegom ter mu hkrati omogo\u010da jasen pogled na svet. Hitro se namesti in prav tako enostavno sname, zato je idealna za nenadne nalive in sprehode brez stresa. Kompaktno se zlo\u017ei \u2013 vedno je pripravljena, ko jo potrebujete. <\/span><\/p>\n<p><b>Raztegljiva streha z za\u0161\u010dito UPF 50+ \u2013 varna senca na vsakem koraku.<\/b><\/p>\n<p><span style=\"font-weight: 400;\">U\u017eivajte na soncu brez skrbi \u2013 raztegljiva streha z za\u0161\u010dito UPF 50+ zagotavlja izjemno za\u0161\u010dito pred \u0161kodljivimi UV-\u017earki in \u0161\u010diti ob\u010dutljivo otro\u0161ko ko\u017eo. Elegantna oblika z dodatnim preklopom zagotavlja ve\u010djo pokritost in zasebnost. Idealno za tople, son\u010dne dni \u2013 bodisi v mestu, na pla\u017ei ali v parku. <\/span><\/p>\n<p><b>Mre\u017easta odprtina v strehi \u2013 sve\u017eina na poti.<\/b><\/p>\n<p><span style=\"font-weight: 400;\">Pametno zasnovana mre\u017easta odprtina v streho omogo\u010da optimalno kro\u017eenje zraka, zaradi \u010desar so sprehodi udobnej\u0161i \u2013 \u0161e posebej v toplej\u0161ih mesecih. Omogo\u010da vam tudi diskreten pregled dojen\u010dka, ne da bi pri tem prekinili njegov spanec. Sve\u017eina in nadzor \u2013 vse v eni prakti\u010dni podrobnosti. <\/span><\/p>\n<p><b>Torba za no\u0161enje vozi\u010dka \u2013 enostavna, pospravljena, vedno pripravljena.<\/b><\/p>\n<p><span style=\"font-weight: 400;\">Potujte brez zapletov! Prakti\u010dna torba za no\u0161enje vozi\u010dka omogo\u010da enostavno shranjevanje in prevoz zlo\u017eenega vozi\u010dka \u2013 idealna za potovanja, prtljago ali shranjevanje doma. Izdelana je iz trpe\u017enega in odpornega materiala, ki \u0161\u010diti va\u0161 vozi\u010dek pred praskami in umazanijo \u2013 saj gresta stil in \u010disto\u010da z roko v roki. <\/span><\/p>\n<p><b>Vzmetenje koles \u2013 Gladka in stabilna vo\u017enja na vsakem terenu<\/b><\/p>\n<p><span style=\"font-weight: 400;\">Od mestnega asfalta do neravnega terena, sistem vzmetenja na vseh kolesih zagotavlja tiho, gladko in udobno vo\u017enjo \u2013 tako za otroka kot za star\u0161e. Kolesa iz PU pene, odporna proti predrtju, zagotavljajo izjemen oprijem in vzdr\u017eljivost \u2013 u\u017eivajte v brezskrbni vo\u017enji, kjer koli \u017ee ste. Sprednja in zadnja kolesa je mogo\u010de blokirati, kar zagotavlja ve\u010djo stabilnost na neravnem terenu ali pri vo\u017enji po klasi\u010dni ravni povr\u0161ini \u2013 idealno za dalj\u0161e sprehode ali vo\u017enje navkreber. <\/span><\/p>\n<p><span style=\"font-weight: 400;\">Lahko aluminijasto ogrodje zagotavlja trdno in varno konstrukcijo, hkrati pa ohranja mobilnost in eleganco. Za popolno udobje star\u0161ev, <\/span>Zavora je zasnovana tako, da jo je enostavno uporabljati tudi v poletnih \u010devljih (primerna za natika\u010de).<\/p>\n<h4><b>Vse, kar potrebujete, pripravljeno za uporabo \u2013 v eni \u0161katli<\/b><\/h4>\n<p><span style=\"font-weight: 400;\">Vozi\u010dek iCandy PIP je pripravljen za uporabo, sestavljanje ni potrebno. V \u0161katli boste na\u0161li: <\/span><\/p>\n<ul>\n<li style=\"font-weight: 400;\" aria-level=\"1\"><span style=\"font-weight: 400;\">vozi\u010dek<\/span><\/li>\n<li style=\"font-weight: 400;\" aria-level=\"1\"><span style=\"font-weight: 400;\">za\u0161\u010ditni sprednji ro\u010daj<\/span><\/li>\n<li style=\"font-weight: 400;\" aria-level=\"1\"><span style=\"font-weight: 400;\">de\u017ena prevleka<\/span><\/li>\n<li style=\"font-weight: 400;\" aria-level=\"1\"><span style=\"font-weight: 400;\">torba za prena\u0161anje in shranjevanje vozi\u010dka<\/span><\/li>\n<\/ul>\n<h4><b>Dodatki za vse letne \u010dase<\/b><\/h4>\n<p><span style=\"font-weight: 400;\">Raz\u0161irite funkcionalnost svojega vozi\u010dka iCandy PIP z originalno <a href=\"https:\/\/najnaj.eu\/sl\/kategorije-izdelkov\/otroski-vozicki\/dodaci-za-kolica-sl\/?brand=icandy&#038;Model=icandy-pip\" target=\"_blank\" rel=\"noopener\"><strong>dodatno opremo<\/strong><\/a> , ki jo je mogo\u010de kupiti lo\u010deno, kot so prakti\u010dna<\/span> <a href=\"https:\/\/najnaj.eu\/sl\/izdelek\/icandy-pip-sponka-za-deznik-drzalo-za-steklenice\/\" target=\"_blank\" rel=\"noopener\"><span style=\"font-weight: 400;\">sponka za sen\u010dnik\/dr\u017ealo za stekleni\u010dko<\/span><\/a> <span style=\"font-weight: 400;\">,<\/span> <a href=\"https:\/\/najnaj.eu\/sl\/izdelek\/icandy-pip-2v1-sencnik-in-mreza-proti-komarjem\/\" target=\"_blank\" rel=\"noopener\"><span style=\"font-weight: 400;\">sen\u010dnik\/mre\u017ea proti komarjem<\/span><\/a> <span style=\"font-weight: 400;\">in<\/span> <a href=\"https:\/\/najnaj.eu\/izdelek\/icandy-pip-adapteri-za-autosjedalicu\/\" target=\"_blank\" rel=\"noopener\"><span style=\"font-weight: 400;\">adapter za avtosede\u017e<\/span><\/a> <span style=\"font-weight: 400;\">.<\/span><\/p>\n<h4><strong>iCandy Pip je vozi\u010dek za star\u0161e, ki si \u017eelijo ve\u010d \u2013 ve\u010d udobja, ve\u010d stila, ve\u010d prilagodljivosti, ve\u010d mo\u017enosti. Popoln za mesto, popoln za potovanja, popoln za \u017eivljenje. <\/strong><\/h4>\n","protected":false},"excerpt":{"rendered":"<p><b>Elegantno. Prakti\u010dno. Funkcionalno. Pripravljeno na vsako pustolov\u0161\u010dino! <\/b><\/p>\n<p>iCandy PIP je ultra kompakten, izjemno lahek vozi\u010dek, ki tehta le 7 kg, zasnovan za mestni \u017eivljenjski slog in potovanja brez stresa. Idealen je od rojstva do 25 kg, ponuja izjemno gladko vo\u017enjo in ima 5-letno garancijo!<\/p>\n<p><b>Z enostavnim zlaganjem z eno roko, samodejnim zaklepanjem in izjemno prostornim sede\u017eem so opremljeni z odli\u010dnim naborom dodatkov:<\/b><\/p>\n<ul>\n<li style=\"font-weight: 400;\" aria-level=\"1\"><span style=\"font-weight: 400;\">Sprednji za\u0161\u010ditni ro\u010daj<\/span><\/li>\n<li style=\"font-weight: 400;\" aria-level=\"1\"><span style=\"font-weight: 400;\">Torba za no\u0161enje in potovanje<\/span><\/li>\n<li style=\"font-weight: 400;\" aria-level=\"1\"><span style=\"font-weight: 400;\">Dvostranska sede\u017ena blazina<\/span><\/li>\n<li style=\"font-weight: 400;\" aria-level=\"1\"><span style=\"font-weight: 400;\">De\u017ena prevleka<\/span><\/li>\n<\/ul>\n<p><span style=\"font-weight: 400;\">iCandy PIP lahko nadgradite s sen\u010dnikom, dr\u017ealom za steklenice in drugo razpolo\u017eljivo<\/span> <a href=\"https:\/\/najnaj.eu\/sl\/kategorije-izdelkov\/otroski-vozicki\/dodaci-za-kolica-sl\/?brand=icandy&#038;Model=icandy-pip\" target=\"_blank\" rel=\"noopener\"><span style=\"font-weight: 400;\">dodatno opremo<\/span><\/a> <span style=\"font-weight: 400;\">.<\/span><\/p>\n<p><i><span style=\"font-weight: 400;\">Preberite ve\u010d podrobnosti v opisu in odkrijte, zakaj je vozi\u010dek iCandy PIP popolna izbira za va\u0161o dru\u017eino!<\/span><\/i><\/p>\n","protected":false},"featured_media":301143,"comment_status":"closed","ping_status":"closed","template":"","meta":{"_acf_changed":false,"footnotes":""},"product_brand":[],"product_cat":[1129,1128],"product_tag":[],"class_list":{"0":"post-301137","1":"product","2":"type-product","3":"status-publish","4":"has-post-thumbnail","6":"product_cat-kompaktna-kolica-sl","7":"product_cat-otroski-vozicki","8":"pa_boja-smeda-sl","9":"pa_brand-icandy-sl","11":"first","12":"instock","13":"shipping-taxable","14":"purchasable","15":"product-type-simple"},"bundled_by":[],"bundle_stock_status":"instock","bundle_stock_quantity":15,"bundle_virtual":false,"bundle_layout":"","bundle_add_to_cart_form_location":"","bundle_editable_in_cart":false,"bundle_sold_individually_context":"","bundle_item_grouping":"","bundle_min_size":"","bundle_max_size":"","bundle_price":[],"bundled_items":[],"bundle_sell_ids":[],"acf":[],"yoast_head":"<!-- This site is optimized with the Yoast SEO Premium plugin v21.5 (Yoast SEO v27.3) - https:\/\/yoast.com\/product\/yoast-seo-premium-wordpress\/ -->\n<title>iCandy PIP kompaktni vozi\u010dek, Muddy Puddle - NajNaj.eu<\/title>\n<meta name=\"robots\" content=\"index, follow, max-snippet:-1, max-image-preview:large, max-video-preview:-1\" \/>\n<link rel=\"canonical\" href=\"https:\/\/najnaj.eu\/sl\/izdelek\/icandy-pip-kompaktni-vozicek-muddy-puddle\/\" \/>\n<meta property=\"og:locale\" content=\"sl_SI\" \/>\n<meta property=\"og:type\" content=\"article\" \/>\n<meta property=\"og:title\" content=\"iCandy PIP kompaktni vozi\u010dek, Muddy Puddle\" \/>\n<meta property=\"og:description\" content=\"Elegantno. Prakti\u010dno. Funkcionalno. Pripravljeno na vsako pustolov\u0161\u010dino!   iCandy PIP je ultra kompakten, izjemno lahek vozi\u010dek, ki tehta le 7 kg, zasnovan za mestni \u017eivljenjski slog in potovanja brez stresa. Idealen je od rojstva do 25 kg, ponuja izjemno gladko vo\u017enjo in ima 5-letno garancijo!  Z enostavnim zlaganjem z eno roko, samodejnim zaklepanjem in izjemno prostornim sede\u017eem so opremljeni z odli\u010dnim naborom dodatkov:   Sprednji za\u0161\u010ditni ro\u010daj  Torba za no\u0161enje in potovanje  Dvostranska sede\u017ena blazina  De\u017ena prevleka  iCandy PIP lahko nadgradite s sen\u010dnikom, dr\u017ealom za steklenice in drugo razpolo\u017eljivo dodatno opremo .  Preberite ve\u010d podrobnosti v opisu in odkrijte, zakaj je vozi\u010dek iCandy PIP popolna izbira za va\u0161o dru\u017eino!\" \/>\n<meta property=\"og:url\" content=\"https:\/\/najnaj.eu\/sl\/izdelek\/icandy-pip-kompaktni-vozicek-muddy-puddle\/\" \/>\n<meta property=\"og:site_name\" content=\"NajNaj.eu\" \/>\n<meta property=\"article:publisher\" content=\"https:\/\/web.facebook.com\/najnaj.eu\/\" \/>\n<meta property=\"article:modified_time\" content=\"2026-03-18T09:37:24+00:00\" \/>\n<meta property=\"og:image\" content=\"https:\/\/najnaj.eu\/wp-content\/uploads\/2026\/03\/iCandy_Pip_Drop_In_Image_1-910x1024.png\" \/>\n\t<meta property=\"og:image:width\" content=\"910\" \/>\n\t<meta property=\"og:image:height\" content=\"1024\" \/>\n\t<meta property=\"og:image:type\" content=\"image\/png\" \/>\n<meta name=\"twitter:card\" content=\"summary_large_image\" \/>\n<meta name=\"twitter:label1\" content=\"Price\" \/>\n\t<meta name=\"twitter:data1\" content=\"499,00&nbsp;&euro;\" \/>\n\t<meta name=\"twitter:label2\" content=\"Availability\" \/>\n\t<meta name=\"twitter:data2\" content=\"In stock\" \/>\n<script type=\"application\/ld+json\" class=\"yoast-schema-graph\">{\"@context\":\"https:\\\/\\\/schema.org\",\"@graph\":[{\"@type\":\"WebPage\",\"@id\":\"https:\\\/\\\/najnaj.eu\\\/sl\\\/izdelek\\\/icandy-pip-kompaktni-vozicek-muddy-puddle\\\/\",\"url\":\"https:\\\/\\\/najnaj.eu\\\/sl\\\/izdelek\\\/icandy-pip-kompaktni-vozicek-muddy-puddle\\\/\",\"name\":\"iCandy PIP kompaktni vozi\u010dek, Muddy Puddle - NajNaj.eu\",\"isPartOf\":{\"@id\":\"https:\\\/\\\/najnaj.eu\\\/sl\\\/#website\"},\"primaryImageOfPage\":{\"@id\":\"https:\\\/\\\/najnaj.eu\\\/sl\\\/izdelek\\\/icandy-pip-kompaktni-vozicek-muddy-puddle\\\/#primaryimage\"},\"image\":{\"@id\":\"https:\\\/\\\/najnaj.eu\\\/sl\\\/izdelek\\\/icandy-pip-kompaktni-vozicek-muddy-puddle\\\/#primaryimage\"},\"thumbnailUrl\":\"https:\\\/\\\/najnaj.eu\\\/wp-content\\\/uploads\\\/2026\\\/03\\\/iCandy_Pip_Drop_In_Image_1-scaled.png\",\"datePublished\":\"2026-03-17T08:13:12+00:00\",\"dateModified\":\"2026-03-18T09:37:24+00:00\",\"breadcrumb\":{\"@id\":\"https:\\\/\\\/najnaj.eu\\\/sl\\\/izdelek\\\/icandy-pip-kompaktni-vozicek-muddy-puddle\\\/#breadcrumb\"},\"inLanguage\":\"sl-SI\",\"potentialAction\":[{\"@type\":\"ReadAction\",\"target\":[\"https:\\\/\\\/najnaj.eu\\\/sl\\\/izdelek\\\/icandy-pip-kompaktni-vozicek-muddy-puddle\\\/\"]}]},{\"@type\":\"ImageObject\",\"inLanguage\":\"sl-SI\",\"@id\":\"https:\\\/\\\/najnaj.eu\\\/sl\\\/izdelek\\\/icandy-pip-kompaktni-vozicek-muddy-puddle\\\/#primaryimage\",\"url\":\"https:\\\/\\\/najnaj.eu\\\/wp-content\\\/uploads\\\/2026\\\/03\\\/iCandy_Pip_Drop_In_Image_1-scaled.png\",\"contentUrl\":\"https:\\\/\\\/najnaj.eu\\\/wp-content\\\/uploads\\\/2026\\\/03\\\/iCandy_Pip_Drop_In_Image_1-scaled.png\",\"width\":2275,\"height\":2560},{\"@type\":\"BreadcrumbList\",\"@id\":\"https:\\\/\\\/najnaj.eu\\\/sl\\\/izdelek\\\/icandy-pip-kompaktni-vozicek-muddy-puddle\\\/#breadcrumb\",\"itemListElement\":[{\"@type\":\"ListItem\",\"position\":1,\"name\":\"Po\u010detna stranica\",\"item\":\"https:\\\/\\\/najnaj.eu\\\/sl\\\/prednja-stran\\\/\"},{\"@type\":\"ListItem\",\"position\":2,\"name\":\"Shop\",\"item\":\"https:\\\/\\\/najnaj.eu\\\/sl\\\/shop\\\/\"},{\"@type\":\"ListItem\",\"position\":3,\"name\":\"iCandy PIP kompaktni vozi\u010dek, Muddy Puddle\"}]},{\"@type\":\"WebSite\",\"@id\":\"https:\\\/\\\/najnaj.eu\\\/sl\\\/#website\",\"url\":\"https:\\\/\\\/najnaj.eu\\\/sl\\\/\",\"name\":\"NajNaj.eu\",\"description\":\"Za najva\u017enije!\",\"publisher\":{\"@id\":\"https:\\\/\\\/najnaj.eu\\\/sl\\\/#organization\"},\"potentialAction\":[{\"@type\":\"SearchAction\",\"target\":{\"@type\":\"EntryPoint\",\"urlTemplate\":\"https:\\\/\\\/najnaj.eu\\\/sl\\\/?s={search_term_string}\"},\"query-input\":{\"@type\":\"PropertyValueSpecification\",\"valueRequired\":true,\"valueName\":\"search_term_string\"}}],\"inLanguage\":\"sl-SI\"},{\"@type\":\"Organization\",\"@id\":\"https:\\\/\\\/najnaj.eu\\\/sl\\\/#organization\",\"name\":\"NajNaj.eu\",\"url\":\"https:\\\/\\\/najnaj.eu\\\/sl\\\/\",\"logo\":{\"@type\":\"ImageObject\",\"inLanguage\":\"sl-SI\",\"@id\":\"https:\\\/\\\/najnaj.eu\\\/sl\\\/#\\\/schema\\\/logo\\\/image\\\/\",\"url\":\"https:\\\/\\\/najnaj.eu\\\/wp-content\\\/uploads\\\/2023\\\/09\\\/logo_Najnaj_2023.svg\",\"contentUrl\":\"https:\\\/\\\/najnaj.eu\\\/wp-content\\\/uploads\\\/2023\\\/09\\\/logo_Najnaj_2023.svg\",\"width\":501,\"height\":278,\"caption\":\"NajNaj.eu\"},\"image\":{\"@id\":\"https:\\\/\\\/najnaj.eu\\\/sl\\\/#\\\/schema\\\/logo\\\/image\\\/\"},\"sameAs\":[\"https:\\\/\\\/web.facebook.com\\\/najnaj.eu\\\/\",\"https:\\\/\\\/www.instagram.com\\\/najnaj.eu\\\/\",\"https:\\\/\\\/www.tiktok.com\\\/@najnaj.eu\"]}]}<\/script>\n<meta property=\"product:brand\" content=\"iCandy\" \/>\n<meta property=\"product:price:amount\" content=\"499.00\" \/>\n<meta property=\"product:price:currency\" content=\"EUR\" \/>\n<meta property=\"og:availability\" content=\"instock\" \/>\n<meta property=\"product:availability\" content=\"instock\" \/>\n<meta property=\"product:retailer_item_id\" content=\"IC3363\" \/>\n<meta property=\"product:condition\" content=\"new\" \/>\n<!-- \/ Yoast SEO Premium plugin. -->","yoast_head_json":{"title":"iCandy PIP kompaktni vozi\u010dek, Muddy Puddle - NajNaj.eu","robots":{"index":"index","follow":"follow","max-snippet":"max-snippet:-1","max-image-preview":"max-image-preview:large","max-video-preview":"max-video-preview:-1"},"canonical":"https:\/\/najnaj.eu\/sl\/izdelek\/icandy-pip-kompaktni-vozicek-muddy-puddle\/","og_locale":"sl_SI","og_type":"article","og_title":"iCandy PIP kompaktni vozi\u010dek, Muddy Puddle","og_description":"Elegantno. Prakti\u010dno. Funkcionalno. Pripravljeno na vsako pustolov\u0161\u010dino!   iCandy PIP je ultra kompakten, izjemno lahek vozi\u010dek, ki tehta le 7 kg, zasnovan za mestni \u017eivljenjski slog in potovanja brez stresa. Idealen je od rojstva do 25 kg, ponuja izjemno gladko vo\u017enjo in ima 5-letno garancijo!  Z enostavnim zlaganjem z eno roko, samodejnim zaklepanjem in izjemno prostornim sede\u017eem so opremljeni z odli\u010dnim naborom dodatkov:   Sprednji za\u0161\u010ditni ro\u010daj  Torba za no\u0161enje in potovanje  Dvostranska sede\u017ena blazina  De\u017ena prevleka  iCandy PIP lahko nadgradite s sen\u010dnikom, dr\u017ealom za steklenice in drugo razpolo\u017eljivo dodatno opremo .  Preberite ve\u010d podrobnosti v opisu in odkrijte, zakaj je vozi\u010dek iCandy PIP popolna izbira za va\u0161o dru\u017eino!","og_url":"https:\/\/najnaj.eu\/sl\/izdelek\/icandy-pip-kompaktni-vozicek-muddy-puddle\/","og_site_name":"NajNaj.eu","article_publisher":"https:\/\/web.facebook.com\/najnaj.eu\/","article_modified_time":"2026-03-18T09:37:24+00:00","og_image":[{"width":910,"height":1024,"url":"https:\/\/najnaj.eu\/wp-content\/uploads\/2026\/03\/iCandy_Pip_Drop_In_Image_1-910x1024.png","type":"image\/png"}],"twitter_card":"summary_large_image","twitter_misc":{"Price":"499,00&nbsp;&euro;","Availability":"In stock"},"schema":{"@context":"https:\/\/schema.org","@graph":[{"@type":"WebPage","@id":"https:\/\/najnaj.eu\/sl\/izdelek\/icandy-pip-kompaktni-vozicek-muddy-puddle\/","url":"https:\/\/najnaj.eu\/sl\/izdelek\/icandy-pip-kompaktni-vozicek-muddy-puddle\/","name":"iCandy PIP kompaktni vozi\u010dek, Muddy Puddle - NajNaj.eu","isPartOf":{"@id":"https:\/\/najnaj.eu\/sl\/#website"},"primaryImageOfPage":{"@id":"https:\/\/najnaj.eu\/sl\/izdelek\/icandy-pip-kompaktni-vozicek-muddy-puddle\/#primaryimage"},"image":{"@id":"https:\/\/najnaj.eu\/sl\/izdelek\/icandy-pip-kompaktni-vozicek-muddy-puddle\/#primaryimage"},"thumbnailUrl":"https:\/\/najnaj.eu\/wp-content\/uploads\/2026\/03\/iCandy_Pip_Drop_In_Image_1-scaled.png","datePublished":"2026-03-17T08:13:12+00:00","dateModified":"2026-03-18T09:37:24+00:00","breadcrumb":{"@id":"https:\/\/najnaj.eu\/sl\/izdelek\/icandy-pip-kompaktni-vozicek-muddy-puddle\/#breadcrumb"},"inLanguage":"sl-SI","potentialAction":[{"@type":"ReadAction","target":["https:\/\/najnaj.eu\/sl\/izdelek\/icandy-pip-kompaktni-vozicek-muddy-puddle\/"]}]},{"@type":"ImageObject","inLanguage":"sl-SI","@id":"https:\/\/najnaj.eu\/sl\/izdelek\/icandy-pip-kompaktni-vozicek-muddy-puddle\/#primaryimage","url":"https:\/\/najnaj.eu\/wp-content\/uploads\/2026\/03\/iCandy_Pip_Drop_In_Image_1-scaled.png","contentUrl":"https:\/\/najnaj.eu\/wp-content\/uploads\/2026\/03\/iCandy_Pip_Drop_In_Image_1-scaled.png","width":2275,"height":2560},{"@type":"BreadcrumbList","@id":"https:\/\/najnaj.eu\/sl\/izdelek\/icandy-pip-kompaktni-vozicek-muddy-puddle\/#breadcrumb","itemListElement":[{"@type":"ListItem","position":1,"name":"Po\u010detna stranica","item":"https:\/\/najnaj.eu\/sl\/prednja-stran\/"},{"@type":"ListItem","position":2,"name":"Shop","item":"https:\/\/najnaj.eu\/sl\/shop\/"},{"@type":"ListItem","position":3,"name":"iCandy PIP kompaktni vozi\u010dek, Muddy Puddle"}]},{"@type":"WebSite","@id":"https:\/\/najnaj.eu\/sl\/#website","url":"https:\/\/najnaj.eu\/sl\/","name":"NajNaj.eu","description":"Za najva\u017enije!","publisher":{"@id":"https:\/\/najnaj.eu\/sl\/#organization"},"potentialAction":[{"@type":"SearchAction","target":{"@type":"EntryPoint","urlTemplate":"https:\/\/najnaj.eu\/sl\/?s={search_term_string}"},"query-input":{"@type":"PropertyValueSpecification","valueRequired":true,"valueName":"search_term_string"}}],"inLanguage":"sl-SI"},{"@type":"Organization","@id":"https:\/\/najnaj.eu\/sl\/#organization","name":"NajNaj.eu","url":"https:\/\/najnaj.eu\/sl\/","logo":{"@type":"ImageObject","inLanguage":"sl-SI","@id":"https:\/\/najnaj.eu\/sl\/#\/schema\/logo\/image\/","url":"https:\/\/najnaj.eu\/wp-content\/uploads\/2023\/09\/logo_Najnaj_2023.svg","contentUrl":"https:\/\/najnaj.eu\/wp-content\/uploads\/2023\/09\/logo_Najnaj_2023.svg","width":501,"height":278,"caption":"NajNaj.eu"},"image":{"@id":"https:\/\/najnaj.eu\/sl\/#\/schema\/logo\/image\/"},"sameAs":["https:\/\/web.facebook.com\/najnaj.eu\/","https:\/\/www.instagram.com\/najnaj.eu\/","https:\/\/www.tiktok.com\/@najnaj.eu"]}]},"product_brand":"iCandy","product_price_amount":"499.00","product_price_currency":"EUR","og_availability":"instock","product_availability":"instock","product_retailer_item_id":"IC3363","product_condition":"new"},"_links":{"self":[{"href":"https:\/\/najnaj.eu\/sl\/wp-json\/wp\/v2\/product\/301137","targetHints":{"allow":["GET"]}}],"collection":[{"href":"https:\/\/najnaj.eu\/sl\/wp-json\/wp\/v2\/product"}],"about":[{"href":"https:\/\/najnaj.eu\/sl\/wp-json\/wp\/v2\/types\/product"}],"replies":[{"embeddable":true,"href":"https:\/\/najnaj.eu\/sl\/wp-json\/wp\/v2\/comments?post=301137"}],"version-history":[{"count":0,"href":"https:\/\/najnaj.eu\/sl\/wp-json\/wp\/v2\/product\/301137\/revisions"}],"wp:featuredmedia":[{"embeddable":true,"href":"https:\/\/najnaj.eu\/sl\/wp-json\/wp\/v2\/media\/301143"}],"wp:attachment":[{"href":"https:\/\/najnaj.eu\/sl\/wp-json\/wp\/v2\/media?parent=301137"}],"wp:term":[{"taxonomy":"product_brand","embeddable":true,"href":"https:\/\/najnaj.eu\/sl\/wp-json\/wp\/v2\/product_brand?post=301137"},{"taxonomy":"product_cat","embeddable":true,"href":"https:\/\/najnaj.eu\/sl\/wp-json\/wp\/v2\/product_cat?post=301137"},{"taxonomy":"product_tag","embeddable":true,"href":"https:\/\/najnaj.eu\/sl\/wp-json\/wp\/v2\/product_tag?post=301137"}],"curies":[{"name":"wp","href":"https:\/\/api.w.org\/{rel}","templated":true}]}}