{"id":301115,"date":"2026-03-16T15:43:11","date_gmt":"2026-03-16T14:43:11","guid":{"rendered":"https:\/\/najnaj.eu\/proizvod\/carriwell-ulosci-nakon-poroda-10kom\/"},"modified":"2026-03-17T10:52:36","modified_gmt":"2026-03-17T09:52:36","slug":"carriwell-poporodni-vlozki-10-kos","status":"publish","type":"product","link":"https:\/\/najnaj.eu\/sl\/izdelek\/carriwell-poporodni-vlozki-10-kos\/","title":{"rendered":"Carriwell Poporodni vlo\u017eki, 10 kos"},"content":{"rendered":"<p><span data-sheets-root=\"1\">Po porodu telo do\u017eivlja velike spremembe in obdobje prilagajanja, zato sta potrebni dodatna za\u0161\u010dita, udobje in varnost. Ti poporodni vlo\u017eki so posebej namenjeni prvim, najbolj ob\u010dutljivim dnem okrevanja.<\/p>\n<p>Imajo visoko vpojnost ter zagotavljajo maksimalno za\u0161\u010dito pred poporodno krvavitvijo, hkrati pa nudijo ob\u010dutek mehkobe in udobja. Zaradi u\u010dinkovite absorpcije in zadr\u017eevanja teko\u010dine vam pomagajo, da se po\u010dutite suho in za\u0161\u010diteno ves dan in no\u010d.<\/p>\n<p>Njihova mehka in zra\u010dna struktura je ne\u017ena do ob\u010dutljive ko\u017ee ter zmanj\u0161uje tveganje za dra\u017eenje in nelagodje. Povr\u0161ina iz organskega bomba\u017ea je dermatolo\u0161ko testirana in varna za vsakodnevno uporabo.<\/p>\n<p>Anatomsko oblikovana zasnova omogo\u010da varno prileganje in udobno celodnevno no\u0161enje. Vsak vlo\u017eek je posami\u010dno pakiran, kar zagotavlja dodatno higiensko za\u0161\u010dito.<\/span><\/p>\n","protected":false},"excerpt":{"rendered":"<p><span data-sheets-root=\"1\">Carriwell poporodni vlo\u017eki so ne\u017ena in zanesljiva re\u0161itev za nove mamice v ob\u010dutljivem poporodnem obdobju. Zagotavljajo maksimalno za\u0161\u010dito, udobje in varnost prav takrat, ko jih najbolj potrebujete.<\/p>\n<p>Vlo\u017eki so izjemno mehki in zra\u010dni, posebej zasnovani za u\u010dinkovito vpijanje in dolgotrajen ob\u010dutek suhosti. So ne\u017eni do ko\u017ee ter idealni za prve dni okrevanja, ko sta potrebni dodatna podpora in brezskrbnost.<\/span><\/p>\n","protected":false},"featured_media":301082,"comment_status":"closed","ping_status":"closed","template":"","meta":{"_acf_changed":false,"footnotes":""},"product_brand":[],"product_cat":[1414,1401],"product_tag":[],"class_list":{"0":"post-301115","1":"product","2":"type-product","3":"status-publish","4":"has-post-thumbnail","6":"product_cat-ostalo-sl-5","7":"product_cat-za-mamo","8":"pa_brand-carriwell-sl","10":"first","11":"instock","12":"shipping-taxable","13":"purchasable","14":"product-type-simple"},"bundled_by":[],"bundle_stock_status":"instock","bundle_stock_quantity":15,"bundle_virtual":false,"bundle_layout":"","bundle_add_to_cart_form_location":"","bundle_editable_in_cart":false,"bundle_sold_individually_context":"","bundle_item_grouping":"","bundle_min_size":"","bundle_max_size":"","bundle_price":[],"bundled_items":[],"bundle_sell_ids":[],"acf":[],"yoast_head":"<!-- This site is optimized with the Yoast SEO Premium plugin v21.5 (Yoast SEO v27.3) - https:\/\/yoast.com\/product\/yoast-seo-premium-wordpress\/ -->\n<title>Carriwell Poporodni vlo\u017eki, 10 kos - NajNaj.eu<\/title>\n<meta name=\"robots\" content=\"index, follow, max-snippet:-1, max-image-preview:large, max-video-preview:-1\" \/>\n<link rel=\"canonical\" href=\"https:\/\/najnaj.eu\/sl\/izdelek\/carriwell-poporodni-vlozki-10-kos\/\" \/>\n<meta property=\"og:locale\" content=\"sl_SI\" \/>\n<meta property=\"og:type\" content=\"article\" \/>\n<meta property=\"og:title\" content=\"Carriwell Poporodni vlo\u017eki, 10 kos\" \/>\n<meta property=\"og:description\" content=\"Carriwell poporodni vlo\u017eki so ne\u017ena in zanesljiva re\u0161itev za nove mamice v ob\u010dutljivem poporodnem obdobju. Zagotavljajo maksimalno za\u0161\u010dito, udobje in varnost prav takrat, ko jih najbolj potrebujete.  Vlo\u017eki so izjemno mehki in zra\u010dni, posebej zasnovani za u\u010dinkovito vpijanje in dolgotrajen ob\u010dutek suhosti. So ne\u017eni do ko\u017ee ter idealni za prve dni okrevanja, ko sta potrebni dodatna podpora in brezskrbnost.\" \/>\n<meta property=\"og:url\" content=\"https:\/\/najnaj.eu\/sl\/izdelek\/carriwell-poporodni-vlozki-10-kos\/\" \/>\n<meta property=\"og:site_name\" content=\"NajNaj.eu\" \/>\n<meta property=\"article:publisher\" content=\"https:\/\/web.facebook.com\/najnaj.eu\/\" \/>\n<meta property=\"article:modified_time\" content=\"2026-03-17T09:52:36+00:00\" \/>\n<meta property=\"og:image\" content=\"https:\/\/najnaj.eu\/wp-content\/uploads\/2026\/03\/1200_Disposable-10x-Maternity-Post-Birth-Care-Pads_Web_v08-819x1024.jpg\" \/>\n\t<meta property=\"og:image:width\" content=\"819\" \/>\n\t<meta property=\"og:image:height\" content=\"1024\" \/>\n\t<meta property=\"og:image:type\" content=\"image\/jpeg\" \/>\n<meta name=\"twitter:card\" content=\"summary_large_image\" \/>\n<meta name=\"twitter:label1\" content=\"Price\" \/>\n\t<meta name=\"twitter:data1\" content=\"9,99&nbsp;&euro;\" \/>\n\t<meta name=\"twitter:label2\" content=\"Availability\" \/>\n\t<meta name=\"twitter:data2\" content=\"In stock\" \/>\n<script type=\"application\/ld+json\" class=\"yoast-schema-graph\">{\"@context\":\"https:\\\/\\\/schema.org\",\"@graph\":[{\"@type\":\"WebPage\",\"@id\":\"https:\\\/\\\/najnaj.eu\\\/sl\\\/izdelek\\\/carriwell-poporodni-vlozki-10-kos\\\/\",\"url\":\"https:\\\/\\\/najnaj.eu\\\/sl\\\/izdelek\\\/carriwell-poporodni-vlozki-10-kos\\\/\",\"name\":\"Carriwell Poporodni vlo\u017eki, 10 kos - NajNaj.eu\",\"isPartOf\":{\"@id\":\"https:\\\/\\\/najnaj.eu\\\/sl\\\/#website\"},\"primaryImageOfPage\":{\"@id\":\"https:\\\/\\\/najnaj.eu\\\/sl\\\/izdelek\\\/carriwell-poporodni-vlozki-10-kos\\\/#primaryimage\"},\"image\":{\"@id\":\"https:\\\/\\\/najnaj.eu\\\/sl\\\/izdelek\\\/carriwell-poporodni-vlozki-10-kos\\\/#primaryimage\"},\"thumbnailUrl\":\"https:\\\/\\\/najnaj.eu\\\/wp-content\\\/uploads\\\/2026\\\/03\\\/1200_Disposable-10x-Maternity-Post-Birth-Care-Pads_Web_v08.jpg\",\"datePublished\":\"2026-03-16T14:43:11+00:00\",\"dateModified\":\"2026-03-17T09:52:36+00:00\",\"breadcrumb\":{\"@id\":\"https:\\\/\\\/najnaj.eu\\\/sl\\\/izdelek\\\/carriwell-poporodni-vlozki-10-kos\\\/#breadcrumb\"},\"inLanguage\":\"sl-SI\",\"potentialAction\":[{\"@type\":\"ReadAction\",\"target\":[\"https:\\\/\\\/najnaj.eu\\\/sl\\\/izdelek\\\/carriwell-poporodni-vlozki-10-kos\\\/\"]}]},{\"@type\":\"ImageObject\",\"inLanguage\":\"sl-SI\",\"@id\":\"https:\\\/\\\/najnaj.eu\\\/sl\\\/izdelek\\\/carriwell-poporodni-vlozki-10-kos\\\/#primaryimage\",\"url\":\"https:\\\/\\\/najnaj.eu\\\/wp-content\\\/uploads\\\/2026\\\/03\\\/1200_Disposable-10x-Maternity-Post-Birth-Care-Pads_Web_v08.jpg\",\"contentUrl\":\"https:\\\/\\\/najnaj.eu\\\/wp-content\\\/uploads\\\/2026\\\/03\\\/1200_Disposable-10x-Maternity-Post-Birth-Care-Pads_Web_v08.jpg\",\"width\":2048,\"height\":2560},{\"@type\":\"BreadcrumbList\",\"@id\":\"https:\\\/\\\/najnaj.eu\\\/sl\\\/izdelek\\\/carriwell-poporodni-vlozki-10-kos\\\/#breadcrumb\",\"itemListElement\":[{\"@type\":\"ListItem\",\"position\":1,\"name\":\"Po\u010detna stranica\",\"item\":\"https:\\\/\\\/najnaj.eu\\\/sl\\\/prednja-stran\\\/\"},{\"@type\":\"ListItem\",\"position\":2,\"name\":\"Shop\",\"item\":\"https:\\\/\\\/najnaj.eu\\\/sl\\\/shop\\\/\"},{\"@type\":\"ListItem\",\"position\":3,\"name\":\"Carriwell Poporodni vlo\u017eki, 10 kos\"}]},{\"@type\":\"WebSite\",\"@id\":\"https:\\\/\\\/najnaj.eu\\\/sl\\\/#website\",\"url\":\"https:\\\/\\\/najnaj.eu\\\/sl\\\/\",\"name\":\"NajNaj.eu\",\"description\":\"Za najva\u017enije!\",\"publisher\":{\"@id\":\"https:\\\/\\\/najnaj.eu\\\/sl\\\/#organization\"},\"potentialAction\":[{\"@type\":\"SearchAction\",\"target\":{\"@type\":\"EntryPoint\",\"urlTemplate\":\"https:\\\/\\\/najnaj.eu\\\/sl\\\/?s={search_term_string}\"},\"query-input\":{\"@type\":\"PropertyValueSpecification\",\"valueRequired\":true,\"valueName\":\"search_term_string\"}}],\"inLanguage\":\"sl-SI\"},{\"@type\":\"Organization\",\"@id\":\"https:\\\/\\\/najnaj.eu\\\/sl\\\/#organization\",\"name\":\"NajNaj.eu\",\"url\":\"https:\\\/\\\/najnaj.eu\\\/sl\\\/\",\"logo\":{\"@type\":\"ImageObject\",\"inLanguage\":\"sl-SI\",\"@id\":\"https:\\\/\\\/najnaj.eu\\\/sl\\\/#\\\/schema\\\/logo\\\/image\\\/\",\"url\":\"https:\\\/\\\/najnaj.eu\\\/wp-content\\\/uploads\\\/2023\\\/09\\\/logo_Najnaj_2023.svg\",\"contentUrl\":\"https:\\\/\\\/najnaj.eu\\\/wp-content\\\/uploads\\\/2023\\\/09\\\/logo_Najnaj_2023.svg\",\"width\":501,\"height\":278,\"caption\":\"NajNaj.eu\"},\"image\":{\"@id\":\"https:\\\/\\\/najnaj.eu\\\/sl\\\/#\\\/schema\\\/logo\\\/image\\\/\"},\"sameAs\":[\"https:\\\/\\\/web.facebook.com\\\/najnaj.eu\\\/\",\"https:\\\/\\\/www.instagram.com\\\/najnaj.eu\\\/\",\"https:\\\/\\\/www.tiktok.com\\\/@najnaj.eu\"]}]}<\/script>\n<meta property=\"product:brand\" content=\"Carriwell\" \/>\n<meta property=\"product:price:amount\" content=\"9.99\" \/>\n<meta property=\"product:price:currency\" content=\"EUR\" \/>\n<meta property=\"og:availability\" content=\"instock\" \/>\n<meta property=\"product:availability\" content=\"instock\" \/>\n<meta property=\"product:retailer_item_id\" content=\"CW920700\" \/>\n<meta property=\"product:condition\" content=\"new\" \/>\n<!-- \/ Yoast SEO Premium plugin. -->","yoast_head_json":{"title":"Carriwell Poporodni vlo\u017eki, 10 kos - NajNaj.eu","robots":{"index":"index","follow":"follow","max-snippet":"max-snippet:-1","max-image-preview":"max-image-preview:large","max-video-preview":"max-video-preview:-1"},"canonical":"https:\/\/najnaj.eu\/sl\/izdelek\/carriwell-poporodni-vlozki-10-kos\/","og_locale":"sl_SI","og_type":"article","og_title":"Carriwell Poporodni vlo\u017eki, 10 kos","og_description":"Carriwell poporodni vlo\u017eki so ne\u017ena in zanesljiva re\u0161itev za nove mamice v ob\u010dutljivem poporodnem obdobju. Zagotavljajo maksimalno za\u0161\u010dito, udobje in varnost prav takrat, ko jih najbolj potrebujete.  Vlo\u017eki so izjemno mehki in zra\u010dni, posebej zasnovani za u\u010dinkovito vpijanje in dolgotrajen ob\u010dutek suhosti. So ne\u017eni do ko\u017ee ter idealni za prve dni okrevanja, ko sta potrebni dodatna podpora in brezskrbnost.","og_url":"https:\/\/najnaj.eu\/sl\/izdelek\/carriwell-poporodni-vlozki-10-kos\/","og_site_name":"NajNaj.eu","article_publisher":"https:\/\/web.facebook.com\/najnaj.eu\/","article_modified_time":"2026-03-17T09:52:36+00:00","og_image":[{"width":819,"height":1024,"url":"https:\/\/najnaj.eu\/wp-content\/uploads\/2026\/03\/1200_Disposable-10x-Maternity-Post-Birth-Care-Pads_Web_v08-819x1024.jpg","type":"image\/jpeg"}],"twitter_card":"summary_large_image","twitter_misc":{"Price":"9,99&nbsp;&euro;","Availability":"In stock"},"schema":{"@context":"https:\/\/schema.org","@graph":[{"@type":"WebPage","@id":"https:\/\/najnaj.eu\/sl\/izdelek\/carriwell-poporodni-vlozki-10-kos\/","url":"https:\/\/najnaj.eu\/sl\/izdelek\/carriwell-poporodni-vlozki-10-kos\/","name":"Carriwell Poporodni vlo\u017eki, 10 kos - NajNaj.eu","isPartOf":{"@id":"https:\/\/najnaj.eu\/sl\/#website"},"primaryImageOfPage":{"@id":"https:\/\/najnaj.eu\/sl\/izdelek\/carriwell-poporodni-vlozki-10-kos\/#primaryimage"},"image":{"@id":"https:\/\/najnaj.eu\/sl\/izdelek\/carriwell-poporodni-vlozki-10-kos\/#primaryimage"},"thumbnailUrl":"https:\/\/najnaj.eu\/wp-content\/uploads\/2026\/03\/1200_Disposable-10x-Maternity-Post-Birth-Care-Pads_Web_v08.jpg","datePublished":"2026-03-16T14:43:11+00:00","dateModified":"2026-03-17T09:52:36+00:00","breadcrumb":{"@id":"https:\/\/najnaj.eu\/sl\/izdelek\/carriwell-poporodni-vlozki-10-kos\/#breadcrumb"},"inLanguage":"sl-SI","potentialAction":[{"@type":"ReadAction","target":["https:\/\/najnaj.eu\/sl\/izdelek\/carriwell-poporodni-vlozki-10-kos\/"]}]},{"@type":"ImageObject","inLanguage":"sl-SI","@id":"https:\/\/najnaj.eu\/sl\/izdelek\/carriwell-poporodni-vlozki-10-kos\/#primaryimage","url":"https:\/\/najnaj.eu\/wp-content\/uploads\/2026\/03\/1200_Disposable-10x-Maternity-Post-Birth-Care-Pads_Web_v08.jpg","contentUrl":"https:\/\/najnaj.eu\/wp-content\/uploads\/2026\/03\/1200_Disposable-10x-Maternity-Post-Birth-Care-Pads_Web_v08.jpg","width":2048,"height":2560},{"@type":"BreadcrumbList","@id":"https:\/\/najnaj.eu\/sl\/izdelek\/carriwell-poporodni-vlozki-10-kos\/#breadcrumb","itemListElement":[{"@type":"ListItem","position":1,"name":"Po\u010detna stranica","item":"https:\/\/najnaj.eu\/sl\/prednja-stran\/"},{"@type":"ListItem","position":2,"name":"Shop","item":"https:\/\/najnaj.eu\/sl\/shop\/"},{"@type":"ListItem","position":3,"name":"Carriwell Poporodni vlo\u017eki, 10 kos"}]},{"@type":"WebSite","@id":"https:\/\/najnaj.eu\/sl\/#website","url":"https:\/\/najnaj.eu\/sl\/","name":"NajNaj.eu","description":"Za najva\u017enije!","publisher":{"@id":"https:\/\/najnaj.eu\/sl\/#organization"},"potentialAction":[{"@type":"SearchAction","target":{"@type":"EntryPoint","urlTemplate":"https:\/\/najnaj.eu\/sl\/?s={search_term_string}"},"query-input":{"@type":"PropertyValueSpecification","valueRequired":true,"valueName":"search_term_string"}}],"inLanguage":"sl-SI"},{"@type":"Organization","@id":"https:\/\/najnaj.eu\/sl\/#organization","name":"NajNaj.eu","url":"https:\/\/najnaj.eu\/sl\/","logo":{"@type":"ImageObject","inLanguage":"sl-SI","@id":"https:\/\/najnaj.eu\/sl\/#\/schema\/logo\/image\/","url":"https:\/\/najnaj.eu\/wp-content\/uploads\/2023\/09\/logo_Najnaj_2023.svg","contentUrl":"https:\/\/najnaj.eu\/wp-content\/uploads\/2023\/09\/logo_Najnaj_2023.svg","width":501,"height":278,"caption":"NajNaj.eu"},"image":{"@id":"https:\/\/najnaj.eu\/sl\/#\/schema\/logo\/image\/"},"sameAs":["https:\/\/web.facebook.com\/najnaj.eu\/","https:\/\/www.instagram.com\/najnaj.eu\/","https:\/\/www.tiktok.com\/@najnaj.eu"]}]},"product_brand":"Carriwell","product_price_amount":"9.99","product_price_currency":"EUR","og_availability":"instock","product_availability":"instock","product_retailer_item_id":"CW920700","product_condition":"new"},"_links":{"self":[{"href":"https:\/\/najnaj.eu\/sl\/wp-json\/wp\/v2\/product\/301115","targetHints":{"allow":["GET"]}}],"collection":[{"href":"https:\/\/najnaj.eu\/sl\/wp-json\/wp\/v2\/product"}],"about":[{"href":"https:\/\/najnaj.eu\/sl\/wp-json\/wp\/v2\/types\/product"}],"replies":[{"embeddable":true,"href":"https:\/\/najnaj.eu\/sl\/wp-json\/wp\/v2\/comments?post=301115"}],"version-history":[{"count":0,"href":"https:\/\/najnaj.eu\/sl\/wp-json\/wp\/v2\/product\/301115\/revisions"}],"wp:featuredmedia":[{"embeddable":true,"href":"https:\/\/najnaj.eu\/sl\/wp-json\/wp\/v2\/media\/301082"}],"wp:attachment":[{"href":"https:\/\/najnaj.eu\/sl\/wp-json\/wp\/v2\/media?parent=301115"}],"wp:term":[{"taxonomy":"product_brand","embeddable":true,"href":"https:\/\/najnaj.eu\/sl\/wp-json\/wp\/v2\/product_brand?post=301115"},{"taxonomy":"product_cat","embeddable":true,"href":"https:\/\/najnaj.eu\/sl\/wp-json\/wp\/v2\/product_cat?post=301115"},{"taxonomy":"product_tag","embeddable":true,"href":"https:\/\/najnaj.eu\/sl\/wp-json\/wp\/v2\/product_tag?post=301115"}],"curies":[{"name":"wp","href":"https:\/\/api.w.org\/{rel}","templated":true}]}}