{"id":300988,"date":"2026-03-16T13:39:01","date_gmt":"2026-03-16T12:39:01","guid":{"rendered":"https:\/\/najnaj.eu\/?post_type=product&#038;p=300988"},"modified":"2026-03-24T10:38:43","modified_gmt":"2026-03-24T09:38:43","slug":"ergobaby-aerloom-slate-grey-razstavni-izdelek","status":"publish","type":"product","link":"https:\/\/najnaj.eu\/sl\/izdelek\/ergobaby-aerloom-slate-grey-razstavni-izdelek\/","title":{"rendered":"Ergobaby Aerloom Slate Grey &#8211; RAZSTAVNI IZDELEK"},"content":{"rendered":"<h2><strong>Kaj je posebnega pri Aerloomu?<\/strong><\/h2>\n<p>Zahvaljujo\u010d inovativni tkanini FormaKnit in brez\u0161ivni zasnovi je Aerloom lahka, zra\u010dna nosilka, ki se prilagaja edinstvenim obrisom va\u0161ega telesa in nudi popolno podporo vam in va\u0161emu otroku. Za star\u0161e, ki ljubijo pustolov\u0161\u010dine in potovanja, je to idealna nosilka, s katero lahko izkusite svobodo gibanja med povezovanjem z dojen\u010dkom. Ergobaby je prvi, ki je to revolucionarno zasnovo uporabil pri nosilkah.<\/p>\n<h4><strong>OKOLJU PRIJAZNO<\/strong><\/h4>\n<p>Skrb za va\u0161e otroke in skrb za na\u0161 planet sta povezani.<br \/>\nZato je Aerloom izdelan iz recikliranih poliestrskih niti (odobrenih v skladu s standardom Global Recycled).<br \/>\nNosilci se proizvajajo v manj\u0161ih koli\u010dinah, da se izognemo kopi\u010denju zalog, vsak nosilec pa je pakiran v reciklirani \u0161katli \u2013 za nosilec ni potrebna dodatna embala\u017ea.<\/p>\n<h4><strong>PRIMERNO ZA VSAKO SITUACIJO<\/strong><\/h4>\n<p>Aerloom se lahko zelo hitro prilagodi razli\u010dnim polo\u017eajem no\u0161enja med vsako pustolov\u0161\u010dino in se hkrati prilagodi otrokovim potrebam.<br \/>\nVsaka podrobnost je zasnovana z mislijo na maksimalno udobje.<\/p>\n<h4><strong>BREZ DODATNE TE\u017dE<\/strong><\/h4>\n<p>Struktura in vzdr\u017eljivost, ki vas ne bosta obremenili. Aerloom je eden najla\u017ejih nosilcev na trgu, saj tehta le 0,66 kg.<\/p>\n<h4><strong>CELODNEVNA ZRA\u010cNOST<\/strong><\/h4>\n<p>Integrirana pletena mre\u017easta plo\u0161\u010da omogo\u010da pretok zraka za maksimalno zra\u010dnost.<\/p>\n<h4><strong>KRIJEMO VAS<\/strong><\/h4>\n<p>Da bi prepre\u010dili bole\u010dine v hrbtu in hkrati skrb, kje ste pozabili klju\u010de, smo dodali ledveni oporni pas z diskretnim \u017eepom za nujne stvari.<\/p>\n","protected":false},"excerpt":{"rendered":"<p>Prva nosilka za dojen\u010dke, izdelana s strojnim tkanjem, na novo opredeljuje udobje, zdru\u017euje svobodo gibanja in elasti\u010dnost ter se popolnoma prilega va\u0161emu \u017eivljenju.<br \/>\nUltralahka in zra\u010dna nosilka je izdelana iz tkanine FormaKnit\u2122, ki zagotavlja popolno prileganje tako dojen\u010dku kot star\u0161em.<\/p>\n<p>Ta nosilka je idealna za otroke od 0 do 3 let, saj ima nosilnost od 3,2 kg do 15,9 kg, Ergobaby Promise pa ponuja izjemno 10-letno garancijo, ki zagotavlja dolgotrajno kakovost.<\/p>\n<p><strong>Klju\u010dne lastnosti, zaradi katerih je nosilka Aerloom posebna:<\/strong><\/p>\n<p><strong>1. Nova tehnologija:<\/strong> Aerloom je prva strojno pletena nosilka za dojen\u010dke, ki uporablja edinstveno tehnologijo FormaKnit 3D. Hkratna raztegljivost in trdnost tkanja zagotavljata prilagodljivost in popolno oporo.<br \/>\n<strong>2. Okolju prijazno:<\/strong> 87 % nosilke je izdelane iz recikliranega poliestra, zaradi \u010desar je prav tako dobra za na\u0161 planet kot za va\u0161e vsakodnevne dogodiv\u0161\u010dine.<br \/>\n<strong>3. Omejene modele<\/strong> : ko je vzorec razprodan, ga ne bo ve\u010d mogo\u010de kupiti (razen barve Charcoal-Black).<br \/>\n<strong>4. Udobno:<\/strong> brez\u0161ivno, raztegljivo in popolnoma nastavljivo, hkrati pa zagotavlja odli\u010dno oporo otroku.<br \/>\n<strong>5. Izjemno lahka:<\/strong> 0,66 kg<br \/>\n<strong>6. Nagrajeno:<\/strong> nagrade za udobje in oblikovanje: nagrada IF za oblikovanje za leto 2021. leto in nagrado Green Good za revolucionaren dizajn otro\u0161ke nosilke<\/p>\n<div class=\"woocommerce-product-details__short-description\">\n<p><span style=\"color: #cc0808;\"><strong>POMEMBNO: Ta nosilka Aerloom je razstavni izdelek, kar pomeni, da je bila uporabljena za demonstracijske namene in se prodaja brez originalne embala\u017ee!<\/strong><\/span><\/p>\n<\/div>\n","protected":false},"featured_media":162093,"comment_status":"closed","ping_status":"closed","template":"","meta":{"_acf_changed":false,"footnotes":""},"product_brand":[],"product_cat":[734,544,738,740],"product_tag":[2220],"class_list":{"0":"post-300988","1":"product","2":"type-product","3":"status-publish","4":"has-post-thumbnail","6":"product_cat-3-polozaja-nosenja","7":"product_cat-nosiljke","8":"product_cat-od-rodenja-do-3-godine","9":"product_cat-super-prilika","10":"product_tag-popust-otvorena-ambalaza","11":"pa_boja-crna","12":"pa_brand-ergobaby","14":"first","15":"instock","16":"sale","17":"shipping-taxable","18":"purchasable","19":"product-type-simple"},"bundled_by":[],"bundle_stock_status":"instock","bundle_stock_quantity":2,"bundle_virtual":false,"bundle_layout":"","bundle_add_to_cart_form_location":"","bundle_editable_in_cart":false,"bundle_sold_individually_context":"","bundle_item_grouping":"","bundle_min_size":"","bundle_max_size":"","bundle_price":[],"bundled_items":[],"bundle_sell_ids":[],"acf":[],"yoast_head":"<!-- This site is optimized with the Yoast SEO Premium plugin v21.5 (Yoast SEO v27.3) - https:\/\/yoast.com\/product\/yoast-seo-premium-wordpress\/ -->\n<title>Ergobaby Aerloom Slate Grey - RAZSTAVNI IZDELEK - NajNaj.eu<\/title>\n<meta name=\"robots\" content=\"index, follow, max-snippet:-1, max-image-preview:large, max-video-preview:-1\" \/>\n<link rel=\"canonical\" href=\"https:\/\/najnaj.eu\/sl\/izdelek\/ergobaby-aerloom-slate-grey-razstavni-izdelek\/\" \/>\n<meta property=\"og:locale\" content=\"sl_SI\" \/>\n<meta property=\"og:type\" content=\"article\" \/>\n<meta property=\"og:title\" content=\"Ergobaby Aerloom Slate Grey - RAZSTAVNI IZDELEK\" \/>\n<meta property=\"og:description\" content=\"Prva nosilka za dojen\u010dke, izdelana s strojnim tkanjem, na novo opredeljuje udobje, zdru\u017euje svobodo gibanja in elasti\u010dnost ter se popolnoma prilega va\u0161emu \u017eivljenju. Ultralahka in zra\u010dna nosilka je izdelana iz tkanine FormaKnit\u2122, ki zagotavlja popolno prileganje tako dojen\u010dku kot star\u0161em.  Ta nosilka je idealna za otroke od 0 do 3 let, saj ima nosilnost od 3,2 kg do 15,9 kg, Ergobaby Promise pa ponuja izjemno 10-letno garancijo, ki zagotavlja dolgotrajno kakovost.  Klju\u010dne lastnosti, zaradi katerih je nosilka Aerloom posebna:  1. Nova tehnologija: Aerloom je prva strojno pletena nosilka za dojen\u010dke, ki uporablja edinstveno tehnologijo FormaKnit 3D. Hkratna raztegljivost in trdnost tkanja zagotavljata prilagodljivost in popolno oporo. 2. Okolju prijazno: 87 % nosilke je izdelane iz recikliranega poliestra, zaradi \u010desar je prav tako dobra za na\u0161 planet kot za va\u0161e vsakodnevne dogodiv\u0161\u010dine. 3. Omejene modele : ko je vzorec razprodan, ga ne bo ve\u010d mogo\u010de kupiti (razen barve Charcoal-Black). 4. Udobno: brez\u0161ivno, raztegljivo in popolnoma nastavljivo, hkrati pa zagotavlja odli\u010dno oporo otroku. 5. Izjemno lahka: 0,66 kg 6. Nagrajeno: nagrade za udobje in oblikovanje: nagrada IF za oblikovanje za leto 2021. leto in nagrado Green Good za revolucionaren dizajn otro\u0161ke nosilke   POMEMBNO: Ta nosilka Aerloom je razstavni izdelek, kar pomeni, da je bila uporabljena za demonstracijske namene in se prodaja brez originalne embala\u017ee!\" \/>\n<meta property=\"og:url\" content=\"https:\/\/najnaj.eu\/sl\/izdelek\/ergobaby-aerloom-slate-grey-razstavni-izdelek\/\" \/>\n<meta property=\"og:site_name\" content=\"NajNaj.eu\" \/>\n<meta property=\"article:publisher\" content=\"https:\/\/web.facebook.com\/najnaj.eu\/\" \/>\n<meta property=\"article:modified_time\" content=\"2026-03-24T09:38:43+00:00\" \/>\n<meta property=\"og:image\" content=\"https:\/\/najnaj.eu\/wp-content\/uploads\/2023\/08\/aerloom-baby-carrier-slate-grey-nf_v1-3000x3000-2567b33-1.jpg\" \/>\n\t<meta property=\"og:image:width\" content=\"1000\" \/>\n\t<meta property=\"og:image:height\" content=\"1000\" \/>\n\t<meta property=\"og:image:type\" content=\"image\/jpeg\" \/>\n<meta name=\"twitter:card\" content=\"summary_large_image\" \/>\n<meta name=\"twitter:label1\" content=\"Price\" \/>\n\t<meta name=\"twitter:data1\" content=\"249,90&nbsp;&euro;\" \/>\n\t<meta name=\"twitter:label2\" content=\"Availability\" \/>\n\t<meta name=\"twitter:data2\" content=\"In stock\" \/>\n<script type=\"application\/ld+json\" class=\"yoast-schema-graph\">{\"@context\":\"https:\\\/\\\/schema.org\",\"@graph\":[{\"@type\":\"WebPage\",\"@id\":\"https:\\\/\\\/najnaj.eu\\\/sl\\\/izdelek\\\/ergobaby-aerloom-slate-grey-razstavni-izdelek\\\/\",\"url\":\"https:\\\/\\\/najnaj.eu\\\/sl\\\/izdelek\\\/ergobaby-aerloom-slate-grey-razstavni-izdelek\\\/\",\"name\":\"Ergobaby Aerloom Slate Grey - RAZSTAVNI IZDELEK - NajNaj.eu\",\"isPartOf\":{\"@id\":\"https:\\\/\\\/najnaj.eu\\\/sl\\\/#website\"},\"primaryImageOfPage\":{\"@id\":\"https:\\\/\\\/najnaj.eu\\\/sl\\\/izdelek\\\/ergobaby-aerloom-slate-grey-razstavni-izdelek\\\/#primaryimage\"},\"image\":{\"@id\":\"https:\\\/\\\/najnaj.eu\\\/sl\\\/izdelek\\\/ergobaby-aerloom-slate-grey-razstavni-izdelek\\\/#primaryimage\"},\"thumbnailUrl\":\"https:\\\/\\\/najnaj.eu\\\/wp-content\\\/uploads\\\/2023\\\/08\\\/aerloom-baby-carrier-slate-grey-nf_v1-3000x3000-2567b33-1.jpg\",\"datePublished\":\"2026-03-16T12:39:01+00:00\",\"dateModified\":\"2026-03-24T09:38:43+00:00\",\"breadcrumb\":{\"@id\":\"https:\\\/\\\/najnaj.eu\\\/sl\\\/izdelek\\\/ergobaby-aerloom-slate-grey-razstavni-izdelek\\\/#breadcrumb\"},\"inLanguage\":\"sl-SI\",\"potentialAction\":[{\"@type\":\"ReadAction\",\"target\":[\"https:\\\/\\\/najnaj.eu\\\/sl\\\/izdelek\\\/ergobaby-aerloom-slate-grey-razstavni-izdelek\\\/\"]}]},{\"@type\":\"ImageObject\",\"inLanguage\":\"sl-SI\",\"@id\":\"https:\\\/\\\/najnaj.eu\\\/sl\\\/izdelek\\\/ergobaby-aerloom-slate-grey-razstavni-izdelek\\\/#primaryimage\",\"url\":\"https:\\\/\\\/najnaj.eu\\\/wp-content\\\/uploads\\\/2023\\\/08\\\/aerloom-baby-carrier-slate-grey-nf_v1-3000x3000-2567b33-1.jpg\",\"contentUrl\":\"https:\\\/\\\/najnaj.eu\\\/wp-content\\\/uploads\\\/2023\\\/08\\\/aerloom-baby-carrier-slate-grey-nf_v1-3000x3000-2567b33-1.jpg\",\"width\":1000,\"height\":1000},{\"@type\":\"BreadcrumbList\",\"@id\":\"https:\\\/\\\/najnaj.eu\\\/sl\\\/izdelek\\\/ergobaby-aerloom-slate-grey-razstavni-izdelek\\\/#breadcrumb\",\"itemListElement\":[{\"@type\":\"ListItem\",\"position\":1,\"name\":\"Po\u010detna stranica\",\"item\":\"https:\\\/\\\/najnaj.eu\\\/sl\\\/prednja-stran\\\/\"},{\"@type\":\"ListItem\",\"position\":2,\"name\":\"Shop\",\"item\":\"https:\\\/\\\/najnaj.eu\\\/sl\\\/shop\\\/\"},{\"@type\":\"ListItem\",\"position\":3,\"name\":\"Ergobaby Aerloom Slate Grey &#8211; RAZSTAVNI IZDELEK\"}]},{\"@type\":\"WebSite\",\"@id\":\"https:\\\/\\\/najnaj.eu\\\/sl\\\/#website\",\"url\":\"https:\\\/\\\/najnaj.eu\\\/sl\\\/\",\"name\":\"NajNaj.eu\",\"description\":\"Za najva\u017enije!\",\"publisher\":{\"@id\":\"https:\\\/\\\/najnaj.eu\\\/sl\\\/#organization\"},\"potentialAction\":[{\"@type\":\"SearchAction\",\"target\":{\"@type\":\"EntryPoint\",\"urlTemplate\":\"https:\\\/\\\/najnaj.eu\\\/sl\\\/?s={search_term_string}\"},\"query-input\":{\"@type\":\"PropertyValueSpecification\",\"valueRequired\":true,\"valueName\":\"search_term_string\"}}],\"inLanguage\":\"sl-SI\"},{\"@type\":\"Organization\",\"@id\":\"https:\\\/\\\/najnaj.eu\\\/sl\\\/#organization\",\"name\":\"NajNaj.eu\",\"url\":\"https:\\\/\\\/najnaj.eu\\\/sl\\\/\",\"logo\":{\"@type\":\"ImageObject\",\"inLanguage\":\"sl-SI\",\"@id\":\"https:\\\/\\\/najnaj.eu\\\/sl\\\/#\\\/schema\\\/logo\\\/image\\\/\",\"url\":\"https:\\\/\\\/najnaj.eu\\\/wp-content\\\/uploads\\\/2023\\\/09\\\/logo_Najnaj_2023.svg\",\"contentUrl\":\"https:\\\/\\\/najnaj.eu\\\/wp-content\\\/uploads\\\/2023\\\/09\\\/logo_Najnaj_2023.svg\",\"width\":501,\"height\":278,\"caption\":\"NajNaj.eu\"},\"image\":{\"@id\":\"https:\\\/\\\/najnaj.eu\\\/sl\\\/#\\\/schema\\\/logo\\\/image\\\/\"},\"sameAs\":[\"https:\\\/\\\/web.facebook.com\\\/najnaj.eu\\\/\",\"https:\\\/\\\/www.instagram.com\\\/najnaj.eu\\\/\",\"https:\\\/\\\/www.tiktok.com\\\/@najnaj.eu\"]}]}<\/script>\n<meta property=\"product:brand\" content=\"Ergobaby\" \/>\n<meta property=\"product:price:amount\" content=\"249.90\" \/>\n<meta property=\"product:price:currency\" content=\"EUR\" \/>\n<meta property=\"og:availability\" content=\"instock\" \/>\n<meta property=\"product:availability\" content=\"instock\" \/>\n<meta property=\"product:retailer_item_id\" content=\"BCAERSLTGRY-izlozbeni\" \/>\n<meta property=\"product:condition\" content=\"new\" \/>\n<!-- \/ Yoast SEO Premium plugin. -->","yoast_head_json":{"title":"Ergobaby Aerloom Slate Grey - RAZSTAVNI IZDELEK - NajNaj.eu","robots":{"index":"index","follow":"follow","max-snippet":"max-snippet:-1","max-image-preview":"max-image-preview:large","max-video-preview":"max-video-preview:-1"},"canonical":"https:\/\/najnaj.eu\/sl\/izdelek\/ergobaby-aerloom-slate-grey-razstavni-izdelek\/","og_locale":"sl_SI","og_type":"article","og_title":"Ergobaby Aerloom Slate Grey - RAZSTAVNI IZDELEK","og_description":"Prva nosilka za dojen\u010dke, izdelana s strojnim tkanjem, na novo opredeljuje udobje, zdru\u017euje svobodo gibanja in elasti\u010dnost ter se popolnoma prilega va\u0161emu \u017eivljenju. Ultralahka in zra\u010dna nosilka je izdelana iz tkanine FormaKnit\u2122, ki zagotavlja popolno prileganje tako dojen\u010dku kot star\u0161em.  Ta nosilka je idealna za otroke od 0 do 3 let, saj ima nosilnost od 3,2 kg do 15,9 kg, Ergobaby Promise pa ponuja izjemno 10-letno garancijo, ki zagotavlja dolgotrajno kakovost.  Klju\u010dne lastnosti, zaradi katerih je nosilka Aerloom posebna:  1. Nova tehnologija: Aerloom je prva strojno pletena nosilka za dojen\u010dke, ki uporablja edinstveno tehnologijo FormaKnit 3D. Hkratna raztegljivost in trdnost tkanja zagotavljata prilagodljivost in popolno oporo. 2. Okolju prijazno: 87 % nosilke je izdelane iz recikliranega poliestra, zaradi \u010desar je prav tako dobra za na\u0161 planet kot za va\u0161e vsakodnevne dogodiv\u0161\u010dine. 3. Omejene modele : ko je vzorec razprodan, ga ne bo ve\u010d mogo\u010de kupiti (razen barve Charcoal-Black). 4. Udobno: brez\u0161ivno, raztegljivo in popolnoma nastavljivo, hkrati pa zagotavlja odli\u010dno oporo otroku. 5. Izjemno lahka: 0,66 kg 6. Nagrajeno: nagrade za udobje in oblikovanje: nagrada IF za oblikovanje za leto 2021. leto in nagrado Green Good za revolucionaren dizajn otro\u0161ke nosilke   POMEMBNO: Ta nosilka Aerloom je razstavni izdelek, kar pomeni, da je bila uporabljena za demonstracijske namene in se prodaja brez originalne embala\u017ee!","og_url":"https:\/\/najnaj.eu\/sl\/izdelek\/ergobaby-aerloom-slate-grey-razstavni-izdelek\/","og_site_name":"NajNaj.eu","article_publisher":"https:\/\/web.facebook.com\/najnaj.eu\/","article_modified_time":"2026-03-24T09:38:43+00:00","og_image":[{"width":1000,"height":1000,"url":"https:\/\/najnaj.eu\/wp-content\/uploads\/2023\/08\/aerloom-baby-carrier-slate-grey-nf_v1-3000x3000-2567b33-1.jpg","type":"image\/jpeg"}],"twitter_card":"summary_large_image","twitter_misc":{"Price":"249,90&nbsp;&euro;","Availability":"In stock"},"schema":{"@context":"https:\/\/schema.org","@graph":[{"@type":"WebPage","@id":"https:\/\/najnaj.eu\/sl\/izdelek\/ergobaby-aerloom-slate-grey-razstavni-izdelek\/","url":"https:\/\/najnaj.eu\/sl\/izdelek\/ergobaby-aerloom-slate-grey-razstavni-izdelek\/","name":"Ergobaby Aerloom Slate Grey - RAZSTAVNI IZDELEK - NajNaj.eu","isPartOf":{"@id":"https:\/\/najnaj.eu\/sl\/#website"},"primaryImageOfPage":{"@id":"https:\/\/najnaj.eu\/sl\/izdelek\/ergobaby-aerloom-slate-grey-razstavni-izdelek\/#primaryimage"},"image":{"@id":"https:\/\/najnaj.eu\/sl\/izdelek\/ergobaby-aerloom-slate-grey-razstavni-izdelek\/#primaryimage"},"thumbnailUrl":"https:\/\/najnaj.eu\/wp-content\/uploads\/2023\/08\/aerloom-baby-carrier-slate-grey-nf_v1-3000x3000-2567b33-1.jpg","datePublished":"2026-03-16T12:39:01+00:00","dateModified":"2026-03-24T09:38:43+00:00","breadcrumb":{"@id":"https:\/\/najnaj.eu\/sl\/izdelek\/ergobaby-aerloom-slate-grey-razstavni-izdelek\/#breadcrumb"},"inLanguage":"sl-SI","potentialAction":[{"@type":"ReadAction","target":["https:\/\/najnaj.eu\/sl\/izdelek\/ergobaby-aerloom-slate-grey-razstavni-izdelek\/"]}]},{"@type":"ImageObject","inLanguage":"sl-SI","@id":"https:\/\/najnaj.eu\/sl\/izdelek\/ergobaby-aerloom-slate-grey-razstavni-izdelek\/#primaryimage","url":"https:\/\/najnaj.eu\/wp-content\/uploads\/2023\/08\/aerloom-baby-carrier-slate-grey-nf_v1-3000x3000-2567b33-1.jpg","contentUrl":"https:\/\/najnaj.eu\/wp-content\/uploads\/2023\/08\/aerloom-baby-carrier-slate-grey-nf_v1-3000x3000-2567b33-1.jpg","width":1000,"height":1000},{"@type":"BreadcrumbList","@id":"https:\/\/najnaj.eu\/sl\/izdelek\/ergobaby-aerloom-slate-grey-razstavni-izdelek\/#breadcrumb","itemListElement":[{"@type":"ListItem","position":1,"name":"Po\u010detna stranica","item":"https:\/\/najnaj.eu\/sl\/prednja-stran\/"},{"@type":"ListItem","position":2,"name":"Shop","item":"https:\/\/najnaj.eu\/sl\/shop\/"},{"@type":"ListItem","position":3,"name":"Ergobaby Aerloom Slate Grey &#8211; RAZSTAVNI IZDELEK"}]},{"@type":"WebSite","@id":"https:\/\/najnaj.eu\/sl\/#website","url":"https:\/\/najnaj.eu\/sl\/","name":"NajNaj.eu","description":"Za najva\u017enije!","publisher":{"@id":"https:\/\/najnaj.eu\/sl\/#organization"},"potentialAction":[{"@type":"SearchAction","target":{"@type":"EntryPoint","urlTemplate":"https:\/\/najnaj.eu\/sl\/?s={search_term_string}"},"query-input":{"@type":"PropertyValueSpecification","valueRequired":true,"valueName":"search_term_string"}}],"inLanguage":"sl-SI"},{"@type":"Organization","@id":"https:\/\/najnaj.eu\/sl\/#organization","name":"NajNaj.eu","url":"https:\/\/najnaj.eu\/sl\/","logo":{"@type":"ImageObject","inLanguage":"sl-SI","@id":"https:\/\/najnaj.eu\/sl\/#\/schema\/logo\/image\/","url":"https:\/\/najnaj.eu\/wp-content\/uploads\/2023\/09\/logo_Najnaj_2023.svg","contentUrl":"https:\/\/najnaj.eu\/wp-content\/uploads\/2023\/09\/logo_Najnaj_2023.svg","width":501,"height":278,"caption":"NajNaj.eu"},"image":{"@id":"https:\/\/najnaj.eu\/sl\/#\/schema\/logo\/image\/"},"sameAs":["https:\/\/web.facebook.com\/najnaj.eu\/","https:\/\/www.instagram.com\/najnaj.eu\/","https:\/\/www.tiktok.com\/@najnaj.eu"]}]},"product_brand":"Ergobaby","product_price_amount":"249.90","product_price_currency":"EUR","og_availability":"instock","product_availability":"instock","product_retailer_item_id":"BCAERSLTGRY-izlozbeni","product_condition":"new"},"_links":{"self":[{"href":"https:\/\/najnaj.eu\/sl\/wp-json\/wp\/v2\/product\/300988","targetHints":{"allow":["GET"]}}],"collection":[{"href":"https:\/\/najnaj.eu\/sl\/wp-json\/wp\/v2\/product"}],"about":[{"href":"https:\/\/najnaj.eu\/sl\/wp-json\/wp\/v2\/types\/product"}],"replies":[{"embeddable":true,"href":"https:\/\/najnaj.eu\/sl\/wp-json\/wp\/v2\/comments?post=300988"}],"version-history":[{"count":0,"href":"https:\/\/najnaj.eu\/sl\/wp-json\/wp\/v2\/product\/300988\/revisions"}],"wp:featuredmedia":[{"embeddable":true,"href":"https:\/\/najnaj.eu\/sl\/wp-json\/wp\/v2\/media\/162093"}],"wp:attachment":[{"href":"https:\/\/najnaj.eu\/sl\/wp-json\/wp\/v2\/media?parent=300988"}],"wp:term":[{"taxonomy":"product_brand","embeddable":true,"href":"https:\/\/najnaj.eu\/sl\/wp-json\/wp\/v2\/product_brand?post=300988"},{"taxonomy":"product_cat","embeddable":true,"href":"https:\/\/najnaj.eu\/sl\/wp-json\/wp\/v2\/product_cat?post=300988"},{"taxonomy":"product_tag","embeddable":true,"href":"https:\/\/najnaj.eu\/sl\/wp-json\/wp\/v2\/product_tag?post=300988"}],"curies":[{"name":"wp","href":"https:\/\/api.w.org\/{rel}","templated":true}]}}