{"id":298759,"date":"2025-11-11T11:08:51","date_gmt":"2025-11-11T10:08:51","guid":{"rendered":"https:\/\/najnaj.eu\/?post_type=product&#038;p=298759"},"modified":"2026-03-24T10:39:02","modified_gmt":"2026-03-24T09:39:02","slug":"kaos-klapp-komplet-otroskega-stolcka-z-varnostno-ograjo-in-pladnjem-reciklirana-plastika-charcoal-black","status":"publish","type":"product","link":"https:\/\/najnaj.eu\/sl\/izdelek\/kaos-klapp-komplet-otroskega-stolcka-z-varnostno-ograjo-in-pladnjem-reciklirana-plastika-charcoal-black\/","title":{"rendered":"KAOS Klapp komplet otro\u0161kega stol\u010dka z varnostno ograjo in pladnjem, reciklirana plastika, Charcoal Black"},"content":{"rendered":"<p class=\"first:mt-1.5!\"><strong>KAOS KLAPP\u00ae je moderna klasika \u2013 otro\u0161ki stol\u010dek, ki raste z va\u0161im otrokom od novorojen\u010dka do odrasle osebe (0\u2013110 kg)<\/strong> <strong>.<\/strong><\/p>\n<p class=\"first:mt-1.5!\">Navdihnjen s stopnicami, KAOS KLAPP\u00ae naravno zagotavlja ergonomski in aktiven polo\u017eaj sedenja brez potrebe po prilagajanju. Je zlo\u017eljiv in dobavljen v celoti sestavljen, ro\u010dno sestavljen do popolnosti, pripravljen za uporabo takoj po razpakiranju. Stol, ki zdru\u017euje brez\u010dasen dizajn s pametno funkcionalnostjo. Izdelano iz 100 % reciklirane plastike, pome\u0161ane s \u010disto lesno celulozo.<\/p>\n<p class=\"first:mt-1.5!\">Ta stol\u010dek je izdelan iz visokokakovostne reciklirane plastike, zaradi \u010desar je trajnostna re\u0161itev za okoljsko ozave\u0161\u010dene star\u0161e. Stol\u010dek Kaos, zasnovan za najmlaj\u0161e, zagotavlja stabilnost in udobje med obroki ali igro ter je zelo enostaven za vzdr\u017eevanje.<\/p>\n<p class=\"first:mt-1.5!\">Minimalisti\u010dna in moderna oblika otro\u0161kega stol\u010dka Kaos bo zagotovila, da se bo prilegal v vsako notranjost. Poleg tega je stol\u010dek zelo lahek, prenosen in enostaven za nastavitev.<\/p>\n<p class=\"first:mt-1.5!\">Stol\u010dek za hranjenje Kaos je odli\u010dna izbira za star\u0161e, ki si \u017eelijo kombinacije stila, kakovosti in varnosti.<\/p>\n<p class=\"first:mt-1.5!\"><strong>Zna\u010dilnosti:<\/strong><br \/>\n\u2013 Stol\u010dek za hranjenje za celotno otro\u0161tvo<br \/>\n\u2013 Z <a href=\"https:\/\/najnaj.eu\/sl\/izdelek\/kaos-klapp-komplet-za-novorojencka-v-slonokosceni-barvi-kopiraj\/\">novorojen\u010dkovim kompletom<\/a> se lahko uporablja od rojstva do 6 mesecev oziroma do najve\u010dje te\u017ee 9 kg<br \/>\n\u2013 \u010ce se izdelek uporablja kot otro\u0161ki stol\u010dek v kombinaciji z varnostno ograjo KAOS KLAPP, je namenjen otrokom, ki lahko sedijo samostojno, do 3. leta starosti oziroma do najve\u010dje te\u017ee 15 kg.<br \/>\n\u2013 Brez dodatkov se lahko \u0161e naprej uporablja kot stol z nosilnostjo do 110 kg<br \/>\n\u2013 Prilo\u017eeno popolnoma sestavljeno<br \/>\n\u2013 Izdelano iz reciklirane plastike, okolju prijazno, dolgo obstojno<br \/>\n\u2013 Ergonomska oblika, ki zagotavlja udobje za va\u0161ega otroka med obroki ali igro<br \/>\n\u2013 Enostavno vzdr\u017eevanje in \u010di\u0161\u010denje, idealno za dru\u017einske prostore<br \/>\n\u2013 Varna, stabilna in odporna na udarce, kar zagotavlja dolgo \u017eivljenjsko dobo<br \/>\n\u2013 Na voljo v modernih barvah, ki se podajo v vsako notranjost<br \/>\n\u2013 Nastavljiva zasnova, ki raste z va\u0161im otrokom<\/p>\n<p class=\"first:mt-1.5!\">Otro\u0161ki stol Kaos iz reciklirane plastike &#8211; popolna me\u0161anica trajnosti, funkcionalnosti in stila, hkrati pa prispeva k ohranjanju okolja. Idealen za dru\u017eine, ki \u017eelijo svojemu otroku zagotoviti najbolj\u0161e, ne da bi pri tem ogrozile naravo.<\/p>\n<p class=\"first:mt-1.5!\">Varen, prakti\u010den in eleganten, otro\u0161ki stol Kaos bo popoln dodatek va\u0161emu domu.<\/p>\n<p class=\"first:mt-1.5!\">KAOS KLAPP\u00ae je moderna klasika oblikovanja, razvita za zagotavljanje naravnega in aktivnega sede\u010dega polo\u017eaja otrokom vseh starosti. Navdihnjen s stopnicami, KLAPP\u00ae otrokom omogo\u010da, da samodejno najdejo ergonomski polo\u017eaj s stabilno oporo za stopala \u2013 brez potrebe po prilagajanju.<br \/>\nOd novorojen\u010dka s <a href=\"https:\/\/najnaj.eu\/sl\/izdelek\/kaos-klapp-komplet-za-novorojencka-v-slonokosceni-barvi-kopiraj\/\">kompletom za novorojen\u010dke KLAPP\u00ae<\/a> , do dojen\u010dka in skozi otro\u0161tvo do 110 kg.<\/p>\n<p class=\"first:mt-1.5!\"><strong>Zlo\u017eljivo<\/strong><br \/>\nHranilnica KAOS KLAPP\u00ae se enostavno zlo\u017ei in jo lahko shranite, ko je ne uporabljate \u2013 ali pa jo vzamete s seboj na potovanja.<\/p>\n<p class=\"first:mt-1.5!\"><strong>Pripravljeno za uporabo takoj po razpakiranju<\/strong><br \/>\nHranilnica KAOS KLAPP\u00ae je dobavljena v celoti sestavljena. Preprosto razgrnite noge, sede\u017e zasko\u010dite v zaklenjen polo\u017eaj in stol je pripravljen za uporabo. Ni potrebno nastavljati in je enostaven za \u010di\u0161\u010denje.<\/p>\n<p class=\"first:mt-1.5!\"><strong>Nagrajeno<\/strong><br \/>\nKAOS KLAPP\u00ae, znan po svojem brez\u010dasnem dizajnu in inovativni funkcionalnosti, je zasnoval nagrajeni norve\u0161ki oblikovalec izdelkov Ole Petter Wullum. Otro\u0161ki stol, ki zdru\u017euje skandinavsko estetiko, trajnost in pametno in\u017eenirstvo \u2013 izdelan za ve\u010d generacij.<\/p>\n<p class=\"first:mt-1.5!\"><strong>Za\u0161\u010ditni pokrov in pladenj KAOS Klapp<\/strong> \u2013 Idealna kombinacija za obroke.<br \/>\nZasnovano za otroke od 6 do 36 mesecev. Varnostna ograja zagotavlja varnost in udobje, pladenj pa ustvarja svoj majhen prostor za hrano, prigrizke in igro. Skupaj spremenijo otro\u0161ki stol\u010dek KAOS Klapp v varen, prakti\u010den in otroku prijazen prostor, ki spodbuja neodvisnost in razvoj.<\/p>\n<p class=\"first:mt-1.5!\"><strong>Kaj je v \u0161katli?<\/strong><br \/>\n\u2013 Otro\u0161ki stol\u010dek KAOS Klapp iz reciklirane plastike, barva Pu\u0161\u010davski pesek<br \/>\n\u2013 KAOS Klapp komplet varnostne ograje in pladnja, Pu\u0161\u010davski pesek<\/p>\n<p>&nbsp;<\/p>\n<p><img loading=\"lazy\" decoding=\"async\" class=\"aligncenter wp-image-257757 size-large\" src=\"https:\/\/najnaj.eu\/wp-content\/uploads\/2025\/03\/KLA-OAK-BLA-7-1024x1024.jpg\" alt=\"\" width=\"980\" height=\"980\" srcset=\"https:\/\/najnaj.eu\/wp-content\/uploads\/2025\/03\/KLA-OAK-BLA-7-1024x1024.jpg 1024w, https:\/\/najnaj.eu\/wp-content\/uploads\/2025\/03\/KLA-OAK-BLA-7-324x324.jpg 324w, https:\/\/najnaj.eu\/wp-content\/uploads\/2025\/03\/KLA-OAK-BLA-7-100x100.jpg 100w, https:\/\/najnaj.eu\/wp-content\/uploads\/2025\/03\/KLA-OAK-BLA-7-1200x1200.jpg 1200w, https:\/\/najnaj.eu\/wp-content\/uploads\/2025\/03\/KLA-OAK-BLA-7-300x300.jpg 300w, https:\/\/najnaj.eu\/wp-content\/uploads\/2025\/03\/KLA-OAK-BLA-7-150x150.jpg 150w, https:\/\/najnaj.eu\/wp-content\/uploads\/2025\/03\/KLA-OAK-BLA-7-768x768.jpg 768w, https:\/\/najnaj.eu\/wp-content\/uploads\/2025\/03\/KLA-OAK-BLA-7-1536x1536.jpg 1536w, https:\/\/najnaj.eu\/wp-content\/uploads\/2025\/03\/KLA-OAK-BLA-7-1440x1440.jpg 1440w, https:\/\/najnaj.eu\/wp-content\/uploads\/2025\/03\/KLA-OAK-BLA-7-420x420.jpg 420w, https:\/\/najnaj.eu\/wp-content\/uploads\/2025\/03\/KLA-OAK-BLA-7-50x50.jpg 50w, https:\/\/najnaj.eu\/wp-content\/uploads\/2025\/03\/KLA-OAK-BLA-7.jpg 2048w\" sizes=\"auto, (max-width: 980px) 100vw, 980px\" \/><\/p>\n<p>&nbsp;<\/p>\n","protected":false},"excerpt":{"rendered":"<p>Ta komplet vsebuje vse, kar potrebujete za varne in prakti\u010dne prve obroke. Zlo\u017eljivi stol\u010dek za hranjenje KAOS KLAPP\u00ae iz 100 % reciklirane plastike (0\u2013110 kg) je dobavljen v celoti sestavljen in ne potrebuje nastavitev, z varnostno ograjo in pladnjem pa se spremeni v stabilen, otrokom prijazen prostor za hranjenje in igro od 6. do 36. meseca starosti. Aktivno sedenje, skandinavski dizajn, trajnostni materiali in la\u017eja vsakodnevna nega \u2013 v popolnoma usklajeni razli\u010dici Desert Sand.<\/p>\n<p>\u010ce \u017eelite svojega dojen\u010dka vklju\u010diti v skupne trenutke za mizo \u017ee od prvega dne, dodajte v ko\u0161arico komplet za novorojen\u010dka.<\/p>\n","protected":false},"featured_media":298772,"comment_status":"closed","ping_status":"closed","template":"","meta":{"_acf_changed":false,"footnotes":""},"product_brand":[],"product_cat":[577,652,578],"product_tag":[],"class_list":{"0":"post-298759","1":"product","2":"type-product","3":"status-publish","4":"has-post-thumbnail","6":"product_cat-hranjenje","7":"product_cat-stolice-za-hranjenje","8":"product_cat-hranilice","9":"pa_boja-crna","10":"pa_brand-kaos","12":"first","13":"instock","14":"shipping-taxable","15":"purchasable","16":"product-type-bundle"},"bundled_by":[],"bundle_stock_status":"instock","bundle_stock_quantity":15,"bundle_virtual":false,"bundle_layout":"grid","bundle_add_to_cart_form_location":"default","bundle_editable_in_cart":false,"bundle_sold_individually_context":"product","bundle_item_grouping":"parent","bundle_min_size":"","bundle_max_size":"","bundle_price":{"price":{"min":{"incl_tax":"348.00","excl_tax":"348.00"},"max":{"incl_tax":"477","excl_tax":"477"}},"regular_price":{"min":{"incl_tax":"348.00","excl_tax":"348.00"},"max":{"incl_tax":"477","excl_tax":"477"}}},"bundled_items":[{"bundled_item_id":473,"product_id":255704,"menu_order":0,"quantity_min":1,"quantity_max":1,"quantity_default":1,"priced_individually":false,"shipped_individually":false,"override_title":true,"title":"","override_description":true,"description":"","optional":false,"hide_thumbnail":false,"discount":"","override_variations":false,"allowed_variations":[""],"override_default_variation_attributes":false,"default_variation_attributes":[],"single_product_visibility":"visible","cart_visibility":"visible","order_visibility":"visible","single_product_price_visibility":"visible","cart_price_visibility":"visible","order_price_visibility":"visible","stock_status":"in_stock"},{"bundled_item_id":462,"product_id":298202,"menu_order":1,"quantity_min":1,"quantity_max":1,"quantity_default":1,"priced_individually":false,"shipped_individually":false,"override_title":false,"title":"KAOS Klapp komplet varnostne ograje in pladnja, Charcoal Black","override_description":false,"description":null,"optional":false,"hide_thumbnail":false,"discount":"","override_variations":false,"allowed_variations":[""],"override_default_variation_attributes":false,"default_variation_attributes":[],"single_product_visibility":"visible","cart_visibility":"visible","order_visibility":"visible","single_product_price_visibility":"visible","cart_price_visibility":"visible","order_price_visibility":"visible","stock_status":"in_stock"},{"bundled_item_id":468,"product_id":298202,"menu_order":1,"quantity_min":1,"quantity_max":1,"quantity_default":1,"priced_individually":false,"shipped_individually":false,"override_title":false,"title":null,"override_description":false,"description":null,"optional":false,"hide_thumbnail":false,"discount":"","override_variations":false,"allowed_variations":[""],"override_default_variation_attributes":false,"default_variation_attributes":[],"single_product_visibility":"visible","cart_visibility":"visible","order_visibility":"visible","single_product_price_visibility":"visible","cart_price_visibility":"visible","order_price_visibility":"visible","stock_status":"in_stock"},{"bundled_item_id":474,"product_id":298202,"menu_order":1,"quantity_min":1,"quantity_max":1,"quantity_default":1,"priced_individually":false,"shipped_individually":false,"override_title":false,"title":null,"override_description":false,"description":null,"optional":false,"hide_thumbnail":false,"discount":"","override_variations":false,"allowed_variations":[""],"override_default_variation_attributes":false,"default_variation_attributes":[],"single_product_visibility":"visible","cart_visibility":"visible","order_visibility":"visible","single_product_price_visibility":"visible","cart_price_visibility":"visible","order_price_visibility":"visible","stock_status":"in_stock"},{"bundled_item_id":475,"product_id":298470,"menu_order":2,"quantity_min":1,"quantity_max":1,"quantity_default":1,"priced_individually":true,"shipped_individually":false,"override_title":true,"title":"","override_description":true,"description":"","optional":true,"hide_thumbnail":false,"discount":"","override_variations":false,"allowed_variations":[""],"override_default_variation_attributes":false,"default_variation_attributes":[],"single_product_visibility":"visible","cart_visibility":"visible","order_visibility":"visible","single_product_price_visibility":"visible","cart_price_visibility":"visible","order_price_visibility":"visible","stock_status":"in_stock"}],"bundle_sell_ids":[],"acf":[],"yoast_head":"<!-- This site is optimized with the Yoast SEO Premium plugin v21.5 (Yoast SEO v27.4) - https:\/\/yoast.com\/product\/yoast-seo-premium-wordpress\/ -->\n<title>KAOS Klapp komplet otro\u0161kega stol\u010dka z varnostno ograjo in pladnjem, reciklirana plastika, Charcoal Black - NajNaj.eu<\/title>\n<meta name=\"description\" content=\"Stol KAOS Klapp + otro\u0161ka igrala in pladenj: zlo\u017eljiva, varna in elegantna re\u0161itev. 100 % reciklirana plastika, aktivno sedenje, enostavno \u010di\u0161\u010denje.\" \/>\n<meta name=\"robots\" content=\"index, follow, max-snippet:-1, max-image-preview:large, max-video-preview:-1\" \/>\n<link rel=\"canonical\" href=\"https:\/\/najnaj.eu\/sl\/izdelek\/kaos-klapp-komplet-otroskega-stolcka-z-varnostno-ograjo-in-pladnjem-reciklirana-plastika-charcoal-black\/\" \/>\n<meta property=\"og:locale\" content=\"sl_SI\" \/>\n<meta property=\"og:type\" content=\"article\" \/>\n<meta property=\"og:title\" content=\"KAOS Klapp komplet otro\u0161kega stol\u010dka z varnostno ograjo in pladnjem, reciklirana plastika, Charcoal Black\" \/>\n<meta property=\"og:description\" content=\"Stol KAOS Klapp + otro\u0161ka igrala in pladenj: zlo\u017eljiva, varna in elegantna re\u0161itev. 100 % reciklirana plastika, aktivno sedenje, enostavno \u010di\u0161\u010denje.\" \/>\n<meta property=\"og:url\" content=\"https:\/\/najnaj.eu\/sl\/izdelek\/kaos-klapp-komplet-otroskega-stolcka-z-varnostno-ograjo-in-pladnjem-reciklirana-plastika-charcoal-black\/\" \/>\n<meta property=\"og:site_name\" content=\"NajNaj.eu\" \/>\n<meta property=\"article:publisher\" content=\"https:\/\/web.facebook.com\/najnaj.eu\/\" \/>\n<meta property=\"article:modified_time\" content=\"2026-03-24T09:39:02+00:00\" \/>\n<meta property=\"og:image\" content=\"https:\/\/najnaj.eu\/wp-content\/uploads\/2026\/03\/BPP-SAF-TRA-DES-SAN-bundle-1.jpg\" \/>\n\t<meta property=\"og:image:width\" content=\"2048\" \/>\n\t<meta property=\"og:image:height\" content=\"2048\" \/>\n\t<meta property=\"og:image:type\" content=\"image\/jpeg\" \/>\n<meta name=\"twitter:card\" content=\"summary_large_image\" \/>\n<meta name=\"twitter:label1\" content=\"Price\" \/>\n\t<meta name=\"twitter:data1\" content=\"348,00&nbsp;&euro;\" \/>\n\t<meta name=\"twitter:label2\" content=\"Availability\" \/>\n\t<meta name=\"twitter:data2\" content=\"In stock\" \/>\n<script type=\"application\/ld+json\" class=\"yoast-schema-graph\">{\"@context\":\"https:\\\/\\\/schema.org\",\"@graph\":[{\"@type\":\"WebPage\",\"@id\":\"https:\\\/\\\/najnaj.eu\\\/sl\\\/izdelek\\\/kaos-klapp-komplet-otroskega-stolcka-z-varnostno-ograjo-in-pladnjem-reciklirana-plastika-charcoal-black\\\/\",\"url\":\"https:\\\/\\\/najnaj.eu\\\/sl\\\/izdelek\\\/kaos-klapp-komplet-otroskega-stolcka-z-varnostno-ograjo-in-pladnjem-reciklirana-plastika-charcoal-black\\\/\",\"name\":\"KAOS Klapp komplet otro\u0161kega stol\u010dka z varnostno ograjo in pladnjem, reciklirana plastika, Charcoal Black - NajNaj.eu\",\"isPartOf\":{\"@id\":\"https:\\\/\\\/najnaj.eu\\\/sl\\\/#website\"},\"primaryImageOfPage\":{\"@id\":\"https:\\\/\\\/najnaj.eu\\\/sl\\\/izdelek\\\/kaos-klapp-komplet-otroskega-stolcka-z-varnostno-ograjo-in-pladnjem-reciklirana-plastika-charcoal-black\\\/#primaryimage\"},\"image\":{\"@id\":\"https:\\\/\\\/najnaj.eu\\\/sl\\\/izdelek\\\/kaos-klapp-komplet-otroskega-stolcka-z-varnostno-ograjo-in-pladnjem-reciklirana-plastika-charcoal-black\\\/#primaryimage\"},\"thumbnailUrl\":\"https:\\\/\\\/najnaj.eu\\\/wp-content\\\/uploads\\\/2026\\\/03\\\/BPP-SAF-TRA-DES-SAN-bundle-1.jpg\",\"datePublished\":\"2025-11-11T10:08:51+00:00\",\"dateModified\":\"2026-03-24T09:39:02+00:00\",\"description\":\"Stol KAOS Klapp + otro\u0161ka igrala in pladenj: zlo\u017eljiva, varna in elegantna re\u0161itev. 100 % reciklirana plastika, aktivno sedenje, enostavno \u010di\u0161\u010denje.\",\"breadcrumb\":{\"@id\":\"https:\\\/\\\/najnaj.eu\\\/sl\\\/izdelek\\\/kaos-klapp-komplet-otroskega-stolcka-z-varnostno-ograjo-in-pladnjem-reciklirana-plastika-charcoal-black\\\/#breadcrumb\"},\"inLanguage\":\"sl-SI\",\"potentialAction\":[{\"@type\":\"ReadAction\",\"target\":[\"https:\\\/\\\/najnaj.eu\\\/sl\\\/izdelek\\\/kaos-klapp-komplet-otroskega-stolcka-z-varnostno-ograjo-in-pladnjem-reciklirana-plastika-charcoal-black\\\/\"]}]},{\"@type\":\"ImageObject\",\"inLanguage\":\"sl-SI\",\"@id\":\"https:\\\/\\\/najnaj.eu\\\/sl\\\/izdelek\\\/kaos-klapp-komplet-otroskega-stolcka-z-varnostno-ograjo-in-pladnjem-reciklirana-plastika-charcoal-black\\\/#primaryimage\",\"url\":\"https:\\\/\\\/najnaj.eu\\\/wp-content\\\/uploads\\\/2026\\\/03\\\/BPP-SAF-TRA-DES-SAN-bundle-1.jpg\",\"contentUrl\":\"https:\\\/\\\/najnaj.eu\\\/wp-content\\\/uploads\\\/2026\\\/03\\\/BPP-SAF-TRA-DES-SAN-bundle-1.jpg\",\"width\":2048,\"height\":2048},{\"@type\":\"BreadcrumbList\",\"@id\":\"https:\\\/\\\/najnaj.eu\\\/sl\\\/izdelek\\\/kaos-klapp-komplet-otroskega-stolcka-z-varnostno-ograjo-in-pladnjem-reciklirana-plastika-charcoal-black\\\/#breadcrumb\",\"itemListElement\":[{\"@type\":\"ListItem\",\"position\":1,\"name\":\"Po\u010detna stranica\",\"item\":\"https:\\\/\\\/najnaj.eu\\\/sl\\\/prednja-stran\\\/\"},{\"@type\":\"ListItem\",\"position\":2,\"name\":\"Shop\",\"item\":\"https:\\\/\\\/najnaj.eu\\\/sl\\\/shop\\\/\"},{\"@type\":\"ListItem\",\"position\":3,\"name\":\"KAOS Klapp komplet otro\u0161kega stol\u010dka z varnostno ograjo in pladnjem, reciklirana plastika, Charcoal Black\"}]},{\"@type\":\"WebSite\",\"@id\":\"https:\\\/\\\/najnaj.eu\\\/sl\\\/#website\",\"url\":\"https:\\\/\\\/najnaj.eu\\\/sl\\\/\",\"name\":\"NajNaj.eu\",\"description\":\"Za najva\u017enije!\",\"publisher\":{\"@id\":\"https:\\\/\\\/najnaj.eu\\\/sl\\\/#organization\"},\"potentialAction\":[{\"@type\":\"SearchAction\",\"target\":{\"@type\":\"EntryPoint\",\"urlTemplate\":\"https:\\\/\\\/najnaj.eu\\\/sl\\\/?s={search_term_string}\"},\"query-input\":{\"@type\":\"PropertyValueSpecification\",\"valueRequired\":true,\"valueName\":\"search_term_string\"}}],\"inLanguage\":\"sl-SI\"},{\"@type\":\"Organization\",\"@id\":\"https:\\\/\\\/najnaj.eu\\\/sl\\\/#organization\",\"name\":\"NajNaj.eu\",\"url\":\"https:\\\/\\\/najnaj.eu\\\/sl\\\/\",\"logo\":{\"@type\":\"ImageObject\",\"inLanguage\":\"sl-SI\",\"@id\":\"https:\\\/\\\/najnaj.eu\\\/sl\\\/#\\\/schema\\\/logo\\\/image\\\/\",\"url\":\"https:\\\/\\\/najnaj.eu\\\/wp-content\\\/uploads\\\/2023\\\/09\\\/logo_Najnaj_2023.svg\",\"contentUrl\":\"https:\\\/\\\/najnaj.eu\\\/wp-content\\\/uploads\\\/2023\\\/09\\\/logo_Najnaj_2023.svg\",\"width\":501,\"height\":278,\"caption\":\"NajNaj.eu\"},\"image\":{\"@id\":\"https:\\\/\\\/najnaj.eu\\\/sl\\\/#\\\/schema\\\/logo\\\/image\\\/\"},\"sameAs\":[\"https:\\\/\\\/web.facebook.com\\\/najnaj.eu\\\/\",\"https:\\\/\\\/www.instagram.com\\\/najnaj.eu\\\/\",\"https:\\\/\\\/www.tiktok.com\\\/@najnaj.eu\"]}]}<\/script>\n<meta property=\"product:brand\" content=\"KAOS\" \/>\n<meta property=\"product:price:amount\" content=\"348.00\" \/>\n<meta property=\"product:price:currency\" content=\"EUR\" \/>\n<meta property=\"og:availability\" content=\"instock\" \/>\n<meta property=\"product:availability\" content=\"instock\" \/>\n<meta property=\"product:retailer_item_id\" content=\"KAOS_bundle_Charcoal_Black\" \/>\n<meta property=\"product:condition\" content=\"new\" \/>\n<!-- \/ Yoast SEO Premium plugin. -->","yoast_head_json":{"title":"KAOS Klapp komplet otro\u0161kega stol\u010dka z varnostno ograjo in pladnjem, reciklirana plastika, Charcoal Black - NajNaj.eu","description":"Stol KAOS Klapp + otro\u0161ka igrala in pladenj: zlo\u017eljiva, varna in elegantna re\u0161itev. 100 % reciklirana plastika, aktivno sedenje, enostavno \u010di\u0161\u010denje.","robots":{"index":"index","follow":"follow","max-snippet":"max-snippet:-1","max-image-preview":"max-image-preview:large","max-video-preview":"max-video-preview:-1"},"canonical":"https:\/\/najnaj.eu\/sl\/izdelek\/kaos-klapp-komplet-otroskega-stolcka-z-varnostno-ograjo-in-pladnjem-reciklirana-plastika-charcoal-black\/","og_locale":"sl_SI","og_type":"article","og_title":"KAOS Klapp komplet otro\u0161kega stol\u010dka z varnostno ograjo in pladnjem, reciklirana plastika, Charcoal Black","og_description":"Stol KAOS Klapp + otro\u0161ka igrala in pladenj: zlo\u017eljiva, varna in elegantna re\u0161itev. 100 % reciklirana plastika, aktivno sedenje, enostavno \u010di\u0161\u010denje.","og_url":"https:\/\/najnaj.eu\/sl\/izdelek\/kaos-klapp-komplet-otroskega-stolcka-z-varnostno-ograjo-in-pladnjem-reciklirana-plastika-charcoal-black\/","og_site_name":"NajNaj.eu","article_publisher":"https:\/\/web.facebook.com\/najnaj.eu\/","article_modified_time":"2026-03-24T09:39:02+00:00","og_image":[{"width":2048,"height":2048,"url":"https:\/\/najnaj.eu\/wp-content\/uploads\/2026\/03\/BPP-SAF-TRA-DES-SAN-bundle-1.jpg","type":"image\/jpeg"}],"twitter_card":"summary_large_image","twitter_misc":{"Price":"348,00&nbsp;&euro;","Availability":"In stock"},"schema":{"@context":"https:\/\/schema.org","@graph":[{"@type":"WebPage","@id":"https:\/\/najnaj.eu\/sl\/izdelek\/kaos-klapp-komplet-otroskega-stolcka-z-varnostno-ograjo-in-pladnjem-reciklirana-plastika-charcoal-black\/","url":"https:\/\/najnaj.eu\/sl\/izdelek\/kaos-klapp-komplet-otroskega-stolcka-z-varnostno-ograjo-in-pladnjem-reciklirana-plastika-charcoal-black\/","name":"KAOS Klapp komplet otro\u0161kega stol\u010dka z varnostno ograjo in pladnjem, reciklirana plastika, Charcoal Black - NajNaj.eu","isPartOf":{"@id":"https:\/\/najnaj.eu\/sl\/#website"},"primaryImageOfPage":{"@id":"https:\/\/najnaj.eu\/sl\/izdelek\/kaos-klapp-komplet-otroskega-stolcka-z-varnostno-ograjo-in-pladnjem-reciklirana-plastika-charcoal-black\/#primaryimage"},"image":{"@id":"https:\/\/najnaj.eu\/sl\/izdelek\/kaos-klapp-komplet-otroskega-stolcka-z-varnostno-ograjo-in-pladnjem-reciklirana-plastika-charcoal-black\/#primaryimage"},"thumbnailUrl":"https:\/\/najnaj.eu\/wp-content\/uploads\/2026\/03\/BPP-SAF-TRA-DES-SAN-bundle-1.jpg","datePublished":"2025-11-11T10:08:51+00:00","dateModified":"2026-03-24T09:39:02+00:00","description":"Stol KAOS Klapp + otro\u0161ka igrala in pladenj: zlo\u017eljiva, varna in elegantna re\u0161itev. 100 % reciklirana plastika, aktivno sedenje, enostavno \u010di\u0161\u010denje.","breadcrumb":{"@id":"https:\/\/najnaj.eu\/sl\/izdelek\/kaos-klapp-komplet-otroskega-stolcka-z-varnostno-ograjo-in-pladnjem-reciklirana-plastika-charcoal-black\/#breadcrumb"},"inLanguage":"sl-SI","potentialAction":[{"@type":"ReadAction","target":["https:\/\/najnaj.eu\/sl\/izdelek\/kaos-klapp-komplet-otroskega-stolcka-z-varnostno-ograjo-in-pladnjem-reciklirana-plastika-charcoal-black\/"]}]},{"@type":"ImageObject","inLanguage":"sl-SI","@id":"https:\/\/najnaj.eu\/sl\/izdelek\/kaos-klapp-komplet-otroskega-stolcka-z-varnostno-ograjo-in-pladnjem-reciklirana-plastika-charcoal-black\/#primaryimage","url":"https:\/\/najnaj.eu\/wp-content\/uploads\/2026\/03\/BPP-SAF-TRA-DES-SAN-bundle-1.jpg","contentUrl":"https:\/\/najnaj.eu\/wp-content\/uploads\/2026\/03\/BPP-SAF-TRA-DES-SAN-bundle-1.jpg","width":2048,"height":2048},{"@type":"BreadcrumbList","@id":"https:\/\/najnaj.eu\/sl\/izdelek\/kaos-klapp-komplet-otroskega-stolcka-z-varnostno-ograjo-in-pladnjem-reciklirana-plastika-charcoal-black\/#breadcrumb","itemListElement":[{"@type":"ListItem","position":1,"name":"Po\u010detna stranica","item":"https:\/\/najnaj.eu\/sl\/prednja-stran\/"},{"@type":"ListItem","position":2,"name":"Shop","item":"https:\/\/najnaj.eu\/sl\/shop\/"},{"@type":"ListItem","position":3,"name":"KAOS Klapp komplet otro\u0161kega stol\u010dka z varnostno ograjo in pladnjem, reciklirana plastika, Charcoal Black"}]},{"@type":"WebSite","@id":"https:\/\/najnaj.eu\/sl\/#website","url":"https:\/\/najnaj.eu\/sl\/","name":"NajNaj.eu","description":"Za najva\u017enije!","publisher":{"@id":"https:\/\/najnaj.eu\/sl\/#organization"},"potentialAction":[{"@type":"SearchAction","target":{"@type":"EntryPoint","urlTemplate":"https:\/\/najnaj.eu\/sl\/?s={search_term_string}"},"query-input":{"@type":"PropertyValueSpecification","valueRequired":true,"valueName":"search_term_string"}}],"inLanguage":"sl-SI"},{"@type":"Organization","@id":"https:\/\/najnaj.eu\/sl\/#organization","name":"NajNaj.eu","url":"https:\/\/najnaj.eu\/sl\/","logo":{"@type":"ImageObject","inLanguage":"sl-SI","@id":"https:\/\/najnaj.eu\/sl\/#\/schema\/logo\/image\/","url":"https:\/\/najnaj.eu\/wp-content\/uploads\/2023\/09\/logo_Najnaj_2023.svg","contentUrl":"https:\/\/najnaj.eu\/wp-content\/uploads\/2023\/09\/logo_Najnaj_2023.svg","width":501,"height":278,"caption":"NajNaj.eu"},"image":{"@id":"https:\/\/najnaj.eu\/sl\/#\/schema\/logo\/image\/"},"sameAs":["https:\/\/web.facebook.com\/najnaj.eu\/","https:\/\/www.instagram.com\/najnaj.eu\/","https:\/\/www.tiktok.com\/@najnaj.eu"]}]},"product_brand":"KAOS","product_price_amount":"348.00","product_price_currency":"EUR","og_availability":"instock","product_availability":"instock","product_retailer_item_id":"KAOS_bundle_Charcoal_Black","product_condition":"new"},"_links":{"self":[{"href":"https:\/\/najnaj.eu\/sl\/wp-json\/wp\/v2\/product\/298759","targetHints":{"allow":["GET"]}}],"collection":[{"href":"https:\/\/najnaj.eu\/sl\/wp-json\/wp\/v2\/product"}],"about":[{"href":"https:\/\/najnaj.eu\/sl\/wp-json\/wp\/v2\/types\/product"}],"replies":[{"embeddable":true,"href":"https:\/\/najnaj.eu\/sl\/wp-json\/wp\/v2\/comments?post=298759"}],"version-history":[{"count":0,"href":"https:\/\/najnaj.eu\/sl\/wp-json\/wp\/v2\/product\/298759\/revisions"}],"wp:featuredmedia":[{"embeddable":true,"href":"https:\/\/najnaj.eu\/sl\/wp-json\/wp\/v2\/media\/298772"}],"wp:attachment":[{"href":"https:\/\/najnaj.eu\/sl\/wp-json\/wp\/v2\/media?parent=298759"}],"wp:term":[{"taxonomy":"product_brand","embeddable":true,"href":"https:\/\/najnaj.eu\/sl\/wp-json\/wp\/v2\/product_brand?post=298759"},{"taxonomy":"product_cat","embeddable":true,"href":"https:\/\/najnaj.eu\/sl\/wp-json\/wp\/v2\/product_cat?post=298759"},{"taxonomy":"product_tag","embeddable":true,"href":"https:\/\/najnaj.eu\/sl\/wp-json\/wp\/v2\/product_tag?post=298759"}],"curies":[{"name":"wp","href":"https:\/\/api.w.org\/{rel}","templated":true}]}}