{"id":298552,"date":"2026-03-10T15:24:05","date_gmt":"2026-03-10T14:24:05","guid":{"rendered":"https:\/\/najnaj.eu\/proizvod\/kaos-klapp-set-jastucici-i-sigurnosni-pojas-charcoal-black\/"},"modified":"2026-03-11T16:05:28","modified_gmt":"2026-03-11T15:05:28","slug":"kaos-klapp-set-blazin-in-varnostnega-pasu-charcoal-black","status":"publish","type":"product","link":"https:\/\/najnaj.eu\/sl\/izdelek\/kaos-klapp-set-blazin-in-varnostnega-pasu-charcoal-black\/","title":{"rendered":"KAOS Klapp Set blazin in varnostnega pasu, Charcoal Black"},"content":{"rendered":"<p data-path-to-node=\"20\">Set blazin in varnostnega pasu KAOS Klapp je zasnovan tako, da bo va\u0161 otro\u0161ki stol KAOS Klapp varnej\u0161i in udobnej\u0161i za otroke od 6 do 36 mesecev.<\/p>\n<p data-path-to-node=\"21\">Nastavljiv in podlo\u017een 5-to\u010dkovni varnostni pas varno dr\u017ei otroka na mestu, hkrati pa omogo\u010da naravno gibanje. Mehki blazini za sedi\u0161\u010de in naslonjalo zagotavljata dodatno udobje in oporo pri vsakodnevni uporabi.<\/p>\n<p data-path-to-node=\"22\">Set se lahko uporablja skupaj ali lo\u010deno in je zdru\u017eljiv z vsemi otro\u0161kimi stoli KAOS Klapp. Set blazin in varnostnega pasu se lahko uporablja z ali brez seta z varovalno ograjico in pladnjem KAOS Klapp, kar vam omogo\u010da prilagodljivost, ko otrok raste in se njegove potrebe spreminjajo.<\/p>\n<p data-path-to-node=\"23\"><b data-path-to-node=\"23\" data-index-in-node=\"0\">Zna\u010dilnosti:<\/b><\/p>\n<ul data-path-to-node=\"24\">\n<li>\n<p data-path-to-node=\"24,0,0\">Nastavljiv 5-to\u010dkovni varnostni pas<\/p>\n<\/li>\n<li>\n<p data-path-to-node=\"24,1,0\">Mehki blazini za sedi\u0161\u010de in naslonjalo<\/p>\n<\/li>\n<li>\n<p data-path-to-node=\"24,2,0\">Pralno v pralnem stroju pri 30 \u00b0C<\/p>\n<\/li>\n<\/ul>\n<p data-path-to-node=\"25\"><b data-path-to-node=\"25\" data-index-in-node=\"0\">Starost:<\/b><\/p>\n<ul data-path-to-node=\"26\">\n<li>\n<p data-path-to-node=\"26,0,0\"><b data-path-to-node=\"26,0,0\" data-index-in-node=\"0\">Varnostni pas:<\/b> 6\u201336 mesecev<\/p>\n<\/li>\n<li>\n<p data-path-to-node=\"26,1,0\"><b data-path-to-node=\"26,1,0\" data-index-in-node=\"0\">Set blazin:<\/b> od 6 mesecev naprej<\/p>\n<\/li>\n<\/ul>\n","protected":false},"excerpt":{"rendered":"<p data-path-to-node=\"17\"><b data-path-to-node=\"17\" data-index-in-node=\"0\">Set blazin in varnostnega pasu KAOS Klapp<\/b> zagotavlja dodatno varnost in udobje va\u0161emu otro\u0161kemu stolu KAOS Klapp. Set vklju\u010duje 5-to\u010dkovni varnostni pas, ki otroka varno dr\u017ei, ne da bi omejeval njegovo gibanje, ter mehke blazine za dodatno udobje in oporo.<\/p>\n<p data-path-to-node=\"18\">Primerno za otroke od 6 do 36 mesecev.<\/p>\n","protected":false},"featured_media":298525,"comment_status":"closed","ping_status":"closed","template":"","meta":{"_acf_changed":false,"footnotes":""},"product_brand":[],"product_cat":[579],"product_tag":[],"class_list":{"0":"post-298552","1":"product","2":"type-product","3":"status-publish","4":"has-post-thumbnail","6":"product_cat-dodaci-za-hranilice","7":"pa_boja-crna","8":"pa_brand-kaos","10":"first","11":"instock","12":"shipping-taxable","13":"purchasable","14":"product-type-simple"},"bundled_by":[],"bundle_stock_status":"instock","bundle_stock_quantity":15,"bundle_virtual":false,"bundle_layout":"","bundle_add_to_cart_form_location":"","bundle_editable_in_cart":false,"bundle_sold_individually_context":"","bundle_item_grouping":"","bundle_min_size":"","bundle_max_size":"","bundle_price":[],"bundled_items":[],"bundle_sell_ids":[],"acf":[],"yoast_head":"<!-- This site is optimized with the Yoast SEO Premium plugin v21.5 (Yoast SEO v27.4) - https:\/\/yoast.com\/product\/yoast-seo-premium-wordpress\/ -->\n<title>KAOS Klapp Set blazin in varnostnega pasu, Charcoal Black - NajNaj.eu<\/title>\n<meta name=\"robots\" content=\"index, follow, max-snippet:-1, max-image-preview:large, max-video-preview:-1\" \/>\n<link rel=\"canonical\" href=\"https:\/\/najnaj.eu\/sl\/izdelek\/kaos-klapp-set-blazin-in-varnostnega-pasu-charcoal-black\/\" \/>\n<meta property=\"og:locale\" content=\"sl_SI\" \/>\n<meta property=\"og:type\" content=\"article\" \/>\n<meta property=\"og:title\" content=\"KAOS Klapp Set blazin in varnostnega pasu, Charcoal Black\" \/>\n<meta property=\"og:description\" content=\"Set blazin in varnostnega pasu KAOS Klapp zagotavlja dodatno varnost in udobje va\u0161emu otro\u0161kemu stolu KAOS Klapp. Set vklju\u010duje 5-to\u010dkovni varnostni pas, ki otroka varno dr\u017ei, ne da bi omejeval njegovo gibanje, ter mehke blazine za dodatno udobje in oporo. Primerno za otroke od 6 do 36 mesecev.\" \/>\n<meta property=\"og:url\" content=\"https:\/\/najnaj.eu\/sl\/izdelek\/kaos-klapp-set-blazin-in-varnostnega-pasu-charcoal-black\/\" \/>\n<meta property=\"og:site_name\" content=\"NajNaj.eu\" \/>\n<meta property=\"article:publisher\" content=\"https:\/\/web.facebook.com\/najnaj.eu\/\" \/>\n<meta property=\"article:modified_time\" content=\"2026-03-11T15:05:28+00:00\" \/>\n<meta property=\"og:image\" content=\"https:\/\/najnaj.eu\/wp-content\/uploads\/2026\/03\/1_KLAPP_JrHarness_Cushion_CharcoalBlack.jpg\" \/>\n\t<meta property=\"og:image:width\" content=\"2048\" \/>\n\t<meta property=\"og:image:height\" content=\"2048\" \/>\n\t<meta property=\"og:image:type\" content=\"image\/jpeg\" \/>\n<meta name=\"twitter:card\" content=\"summary_large_image\" \/>\n<meta name=\"twitter:label1\" content=\"Price\" \/>\n\t<meta name=\"twitter:data1\" content=\"79,00&nbsp;&euro;\" \/>\n\t<meta name=\"twitter:label2\" content=\"Availability\" \/>\n\t<meta name=\"twitter:data2\" content=\"In stock\" \/>\n<script type=\"application\/ld+json\" class=\"yoast-schema-graph\">{\"@context\":\"https:\\\/\\\/schema.org\",\"@graph\":[{\"@type\":\"WebPage\",\"@id\":\"https:\\\/\\\/najnaj.eu\\\/sl\\\/izdelek\\\/kaos-klapp-set-blazin-in-varnostnega-pasu-charcoal-black\\\/\",\"url\":\"https:\\\/\\\/najnaj.eu\\\/sl\\\/izdelek\\\/kaos-klapp-set-blazin-in-varnostnega-pasu-charcoal-black\\\/\",\"name\":\"KAOS Klapp Set blazin in varnostnega pasu, Charcoal Black - NajNaj.eu\",\"isPartOf\":{\"@id\":\"https:\\\/\\\/najnaj.eu\\\/sl\\\/#website\"},\"primaryImageOfPage\":{\"@id\":\"https:\\\/\\\/najnaj.eu\\\/sl\\\/izdelek\\\/kaos-klapp-set-blazin-in-varnostnega-pasu-charcoal-black\\\/#primaryimage\"},\"image\":{\"@id\":\"https:\\\/\\\/najnaj.eu\\\/sl\\\/izdelek\\\/kaos-klapp-set-blazin-in-varnostnega-pasu-charcoal-black\\\/#primaryimage\"},\"thumbnailUrl\":\"https:\\\/\\\/najnaj.eu\\\/wp-content\\\/uploads\\\/2026\\\/03\\\/1_KLAPP_JrHarness_Cushion_CharcoalBlack.jpg\",\"datePublished\":\"2026-03-10T14:24:05+00:00\",\"dateModified\":\"2026-03-11T15:05:28+00:00\",\"breadcrumb\":{\"@id\":\"https:\\\/\\\/najnaj.eu\\\/sl\\\/izdelek\\\/kaos-klapp-set-blazin-in-varnostnega-pasu-charcoal-black\\\/#breadcrumb\"},\"inLanguage\":\"sl-SI\",\"potentialAction\":[{\"@type\":\"ReadAction\",\"target\":[\"https:\\\/\\\/najnaj.eu\\\/sl\\\/izdelek\\\/kaos-klapp-set-blazin-in-varnostnega-pasu-charcoal-black\\\/\"]}]},{\"@type\":\"ImageObject\",\"inLanguage\":\"sl-SI\",\"@id\":\"https:\\\/\\\/najnaj.eu\\\/sl\\\/izdelek\\\/kaos-klapp-set-blazin-in-varnostnega-pasu-charcoal-black\\\/#primaryimage\",\"url\":\"https:\\\/\\\/najnaj.eu\\\/wp-content\\\/uploads\\\/2026\\\/03\\\/1_KLAPP_JrHarness_Cushion_CharcoalBlack.jpg\",\"contentUrl\":\"https:\\\/\\\/najnaj.eu\\\/wp-content\\\/uploads\\\/2026\\\/03\\\/1_KLAPP_JrHarness_Cushion_CharcoalBlack.jpg\",\"width\":2048,\"height\":2048},{\"@type\":\"BreadcrumbList\",\"@id\":\"https:\\\/\\\/najnaj.eu\\\/sl\\\/izdelek\\\/kaos-klapp-set-blazin-in-varnostnega-pasu-charcoal-black\\\/#breadcrumb\",\"itemListElement\":[{\"@type\":\"ListItem\",\"position\":1,\"name\":\"Po\u010detna stranica\",\"item\":\"https:\\\/\\\/najnaj.eu\\\/sl\\\/prednja-stran\\\/\"},{\"@type\":\"ListItem\",\"position\":2,\"name\":\"Shop\",\"item\":\"https:\\\/\\\/najnaj.eu\\\/sl\\\/shop\\\/\"},{\"@type\":\"ListItem\",\"position\":3,\"name\":\"KAOS Klapp Set blazin in varnostnega pasu, Charcoal Black\"}]},{\"@type\":\"WebSite\",\"@id\":\"https:\\\/\\\/najnaj.eu\\\/sl\\\/#website\",\"url\":\"https:\\\/\\\/najnaj.eu\\\/sl\\\/\",\"name\":\"NajNaj.eu\",\"description\":\"Za najva\u017enije!\",\"publisher\":{\"@id\":\"https:\\\/\\\/najnaj.eu\\\/sl\\\/#organization\"},\"potentialAction\":[{\"@type\":\"SearchAction\",\"target\":{\"@type\":\"EntryPoint\",\"urlTemplate\":\"https:\\\/\\\/najnaj.eu\\\/sl\\\/?s={search_term_string}\"},\"query-input\":{\"@type\":\"PropertyValueSpecification\",\"valueRequired\":true,\"valueName\":\"search_term_string\"}}],\"inLanguage\":\"sl-SI\"},{\"@type\":\"Organization\",\"@id\":\"https:\\\/\\\/najnaj.eu\\\/sl\\\/#organization\",\"name\":\"NajNaj.eu\",\"url\":\"https:\\\/\\\/najnaj.eu\\\/sl\\\/\",\"logo\":{\"@type\":\"ImageObject\",\"inLanguage\":\"sl-SI\",\"@id\":\"https:\\\/\\\/najnaj.eu\\\/sl\\\/#\\\/schema\\\/logo\\\/image\\\/\",\"url\":\"https:\\\/\\\/najnaj.eu\\\/wp-content\\\/uploads\\\/2023\\\/09\\\/logo_Najnaj_2023.svg\",\"contentUrl\":\"https:\\\/\\\/najnaj.eu\\\/wp-content\\\/uploads\\\/2023\\\/09\\\/logo_Najnaj_2023.svg\",\"width\":501,\"height\":278,\"caption\":\"NajNaj.eu\"},\"image\":{\"@id\":\"https:\\\/\\\/najnaj.eu\\\/sl\\\/#\\\/schema\\\/logo\\\/image\\\/\"},\"sameAs\":[\"https:\\\/\\\/web.facebook.com\\\/najnaj.eu\\\/\",\"https:\\\/\\\/www.instagram.com\\\/najnaj.eu\\\/\",\"https:\\\/\\\/www.tiktok.com\\\/@najnaj.eu\"]}]}<\/script>\n<meta property=\"product:brand\" content=\"KAOS\" \/>\n<meta property=\"product:price:amount\" content=\"79.00\" \/>\n<meta property=\"product:price:currency\" content=\"EUR\" \/>\n<meta property=\"og:availability\" content=\"instock\" \/>\n<meta property=\"product:availability\" content=\"instock\" \/>\n<meta property=\"product:retailer_item_id\" content=\"BPP-HAR-CUS-CHA-BLA\" \/>\n<meta property=\"product:condition\" content=\"new\" \/>\n<!-- \/ Yoast SEO Premium plugin. -->","yoast_head_json":{"title":"KAOS Klapp Set blazin in varnostnega pasu, Charcoal Black - NajNaj.eu","robots":{"index":"index","follow":"follow","max-snippet":"max-snippet:-1","max-image-preview":"max-image-preview:large","max-video-preview":"max-video-preview:-1"},"canonical":"https:\/\/najnaj.eu\/sl\/izdelek\/kaos-klapp-set-blazin-in-varnostnega-pasu-charcoal-black\/","og_locale":"sl_SI","og_type":"article","og_title":"KAOS Klapp Set blazin in varnostnega pasu, Charcoal Black","og_description":"Set blazin in varnostnega pasu KAOS Klapp zagotavlja dodatno varnost in udobje va\u0161emu otro\u0161kemu stolu KAOS Klapp. Set vklju\u010duje 5-to\u010dkovni varnostni pas, ki otroka varno dr\u017ei, ne da bi omejeval njegovo gibanje, ter mehke blazine za dodatno udobje in oporo. Primerno za otroke od 6 do 36 mesecev.","og_url":"https:\/\/najnaj.eu\/sl\/izdelek\/kaos-klapp-set-blazin-in-varnostnega-pasu-charcoal-black\/","og_site_name":"NajNaj.eu","article_publisher":"https:\/\/web.facebook.com\/najnaj.eu\/","article_modified_time":"2026-03-11T15:05:28+00:00","og_image":[{"width":2048,"height":2048,"url":"https:\/\/najnaj.eu\/wp-content\/uploads\/2026\/03\/1_KLAPP_JrHarness_Cushion_CharcoalBlack.jpg","type":"image\/jpeg"}],"twitter_card":"summary_large_image","twitter_misc":{"Price":"79,00&nbsp;&euro;","Availability":"In stock"},"schema":{"@context":"https:\/\/schema.org","@graph":[{"@type":"WebPage","@id":"https:\/\/najnaj.eu\/sl\/izdelek\/kaos-klapp-set-blazin-in-varnostnega-pasu-charcoal-black\/","url":"https:\/\/najnaj.eu\/sl\/izdelek\/kaos-klapp-set-blazin-in-varnostnega-pasu-charcoal-black\/","name":"KAOS Klapp Set blazin in varnostnega pasu, Charcoal Black - NajNaj.eu","isPartOf":{"@id":"https:\/\/najnaj.eu\/sl\/#website"},"primaryImageOfPage":{"@id":"https:\/\/najnaj.eu\/sl\/izdelek\/kaos-klapp-set-blazin-in-varnostnega-pasu-charcoal-black\/#primaryimage"},"image":{"@id":"https:\/\/najnaj.eu\/sl\/izdelek\/kaos-klapp-set-blazin-in-varnostnega-pasu-charcoal-black\/#primaryimage"},"thumbnailUrl":"https:\/\/najnaj.eu\/wp-content\/uploads\/2026\/03\/1_KLAPP_JrHarness_Cushion_CharcoalBlack.jpg","datePublished":"2026-03-10T14:24:05+00:00","dateModified":"2026-03-11T15:05:28+00:00","breadcrumb":{"@id":"https:\/\/najnaj.eu\/sl\/izdelek\/kaos-klapp-set-blazin-in-varnostnega-pasu-charcoal-black\/#breadcrumb"},"inLanguage":"sl-SI","potentialAction":[{"@type":"ReadAction","target":["https:\/\/najnaj.eu\/sl\/izdelek\/kaos-klapp-set-blazin-in-varnostnega-pasu-charcoal-black\/"]}]},{"@type":"ImageObject","inLanguage":"sl-SI","@id":"https:\/\/najnaj.eu\/sl\/izdelek\/kaos-klapp-set-blazin-in-varnostnega-pasu-charcoal-black\/#primaryimage","url":"https:\/\/najnaj.eu\/wp-content\/uploads\/2026\/03\/1_KLAPP_JrHarness_Cushion_CharcoalBlack.jpg","contentUrl":"https:\/\/najnaj.eu\/wp-content\/uploads\/2026\/03\/1_KLAPP_JrHarness_Cushion_CharcoalBlack.jpg","width":2048,"height":2048},{"@type":"BreadcrumbList","@id":"https:\/\/najnaj.eu\/sl\/izdelek\/kaos-klapp-set-blazin-in-varnostnega-pasu-charcoal-black\/#breadcrumb","itemListElement":[{"@type":"ListItem","position":1,"name":"Po\u010detna stranica","item":"https:\/\/najnaj.eu\/sl\/prednja-stran\/"},{"@type":"ListItem","position":2,"name":"Shop","item":"https:\/\/najnaj.eu\/sl\/shop\/"},{"@type":"ListItem","position":3,"name":"KAOS Klapp Set blazin in varnostnega pasu, Charcoal Black"}]},{"@type":"WebSite","@id":"https:\/\/najnaj.eu\/sl\/#website","url":"https:\/\/najnaj.eu\/sl\/","name":"NajNaj.eu","description":"Za najva\u017enije!","publisher":{"@id":"https:\/\/najnaj.eu\/sl\/#organization"},"potentialAction":[{"@type":"SearchAction","target":{"@type":"EntryPoint","urlTemplate":"https:\/\/najnaj.eu\/sl\/?s={search_term_string}"},"query-input":{"@type":"PropertyValueSpecification","valueRequired":true,"valueName":"search_term_string"}}],"inLanguage":"sl-SI"},{"@type":"Organization","@id":"https:\/\/najnaj.eu\/sl\/#organization","name":"NajNaj.eu","url":"https:\/\/najnaj.eu\/sl\/","logo":{"@type":"ImageObject","inLanguage":"sl-SI","@id":"https:\/\/najnaj.eu\/sl\/#\/schema\/logo\/image\/","url":"https:\/\/najnaj.eu\/wp-content\/uploads\/2023\/09\/logo_Najnaj_2023.svg","contentUrl":"https:\/\/najnaj.eu\/wp-content\/uploads\/2023\/09\/logo_Najnaj_2023.svg","width":501,"height":278,"caption":"NajNaj.eu"},"image":{"@id":"https:\/\/najnaj.eu\/sl\/#\/schema\/logo\/image\/"},"sameAs":["https:\/\/web.facebook.com\/najnaj.eu\/","https:\/\/www.instagram.com\/najnaj.eu\/","https:\/\/www.tiktok.com\/@najnaj.eu"]}]},"product_brand":"KAOS","product_price_amount":"79.00","product_price_currency":"EUR","og_availability":"instock","product_availability":"instock","product_retailer_item_id":"BPP-HAR-CUS-CHA-BLA","product_condition":"new"},"_links":{"self":[{"href":"https:\/\/najnaj.eu\/sl\/wp-json\/wp\/v2\/product\/298552","targetHints":{"allow":["GET"]}}],"collection":[{"href":"https:\/\/najnaj.eu\/sl\/wp-json\/wp\/v2\/product"}],"about":[{"href":"https:\/\/najnaj.eu\/sl\/wp-json\/wp\/v2\/types\/product"}],"replies":[{"embeddable":true,"href":"https:\/\/najnaj.eu\/sl\/wp-json\/wp\/v2\/comments?post=298552"}],"version-history":[{"count":0,"href":"https:\/\/najnaj.eu\/sl\/wp-json\/wp\/v2\/product\/298552\/revisions"}],"wp:featuredmedia":[{"embeddable":true,"href":"https:\/\/najnaj.eu\/sl\/wp-json\/wp\/v2\/media\/298525"}],"wp:attachment":[{"href":"https:\/\/najnaj.eu\/sl\/wp-json\/wp\/v2\/media?parent=298552"}],"wp:term":[{"taxonomy":"product_brand","embeddable":true,"href":"https:\/\/najnaj.eu\/sl\/wp-json\/wp\/v2\/product_brand?post=298552"},{"taxonomy":"product_cat","embeddable":true,"href":"https:\/\/najnaj.eu\/sl\/wp-json\/wp\/v2\/product_cat?post=298552"},{"taxonomy":"product_tag","embeddable":true,"href":"https:\/\/najnaj.eu\/sl\/wp-json\/wp\/v2\/product_tag?post=298552"}],"curies":[{"name":"wp","href":"https:\/\/api.w.org\/{rel}","templated":true}]}}