{"id":297999,"date":"2026-03-09T15:00:37","date_gmt":"2026-03-09T14:00:37","guid":{"rendered":"https:\/\/najnaj.eu\/proizvod\/ergobaby-metro-3-drzac-za-casu-bocicu\/"},"modified":"2026-03-09T15:25:13","modified_gmt":"2026-03-09T14:25:13","slug":"ergobaby-metro-3-drzalo-za-skodelico-steklenicko","status":"publish","type":"product","link":"https:\/\/najnaj.eu\/sl\/izdelek\/ergobaby-metro-3-drzalo-za-skodelico-steklenicko\/","title":{"rendered":"Ergobaby Metro 3 dr\u017ealo za skodelico\/stekleni\u010dko"},"content":{"rendered":"","protected":false},"excerpt":{"rendered":"<p class=\"first:mt-1.5!\">Dr\u017ealo za skodelico\/stekleni\u010dko, ki se prilagaja vam in potrebam va\u0161ega dojen\u010dka.<br \/>\nEnostavno pritrdite na vi\u0161ino, ki vam ustreza, tako da je vedno blizu vas ali va\u0161ega mal\u010dka.<\/p>\n<p class=\"first:mt-1.5!\">\u2022 Vedno pri roki<br \/>\n\u2022 Ustreza razli\u010dnim dimenzijam skodelic\/stekleni\u010dk<br \/>\n\u2022 Zlo\u017eljivo z vozi\u010dkom<br \/>\n\u2022 Primerno za pomivalni stroj<br \/>\n\u2022 Zdru\u017eljivo z vozi\u010dki Metro 3 in Metro 3 Deluxe<\/p>\n","protected":false},"featured_media":297960,"comment_status":"closed","ping_status":"closed","template":"","meta":{"_acf_changed":false,"footnotes":""},"product_brand":[],"product_cat":[552,649],"product_tag":[],"class_list":{"0":"post-297999","1":"product","2":"type-product","3":"status-publish","4":"has-post-thumbnail","6":"product_cat-dodaci-za-kolica","7":"product_cat-ostalo","9":"first","10":"instock","11":"shipping-taxable","12":"purchasable","13":"product-type-simple"},"bundled_by":[],"bundle_stock_status":"instock","bundle_stock_quantity":15,"bundle_virtual":false,"bundle_layout":"","bundle_add_to_cart_form_location":"","bundle_editable_in_cart":false,"bundle_sold_individually_context":"","bundle_item_grouping":"","bundle_min_size":"","bundle_max_size":"","bundle_price":[],"bundled_items":[],"bundle_sell_ids":[],"acf":[],"yoast_head":"<!-- This site is optimized with the Yoast SEO Premium plugin v21.5 (Yoast SEO v27.4) - https:\/\/yoast.com\/product\/yoast-seo-premium-wordpress\/ -->\n<title>Ergobaby Metro 3 dr\u017ealo za skodelico\/stekleni\u010dko - NajNaj.eu<\/title>\n<meta name=\"robots\" content=\"index, follow, max-snippet:-1, max-image-preview:large, max-video-preview:-1\" \/>\n<link rel=\"canonical\" href=\"https:\/\/najnaj.eu\/sl\/izdelek\/ergobaby-metro-3-drzalo-za-skodelico-steklenicko\/\" \/>\n<meta property=\"og:locale\" content=\"sl_SI\" \/>\n<meta property=\"og:type\" content=\"article\" \/>\n<meta property=\"og:title\" content=\"Ergobaby Metro 3 dr\u017ealo za skodelico\/stekleni\u010dko\" \/>\n<meta property=\"og:description\" content=\"Dr\u017ealo za skodelico\/stekleni\u010dko, ki se prilagaja vam in potrebam va\u0161ega dojen\u010dka. Enostavno pritrdite na vi\u0161ino, ki vam ustreza, tako da je vedno blizu vas ali va\u0161ega mal\u010dka. \u2022 Vedno pri roki \u2022 Ustreza razli\u010dnim dimenzijam skodelic\/stekleni\u010dk \u2022 Zlo\u017eljivo z vozi\u010dkom \u2022 Primerno za pomivalni stroj \u2022 Zdru\u017eljivo z vozi\u010dki Metro 3 in Metro 3 Deluxe\" \/>\n<meta property=\"og:url\" content=\"https:\/\/najnaj.eu\/sl\/izdelek\/ergobaby-metro-3-drzalo-za-skodelico-steklenicko\/\" \/>\n<meta property=\"og:site_name\" content=\"NajNaj.eu\" \/>\n<meta property=\"article:publisher\" content=\"https:\/\/web.facebook.com\/najnaj.eu\/\" \/>\n<meta property=\"article:modified_time\" content=\"2026-03-09T14:25:13+00:00\" \/>\n<meta property=\"og:image\" content=\"https:\/\/najnaj.eu\/wp-content\/uploads\/2026\/03\/ergobaby-stroller-accessories-metro-3-cupholder-1-2.jpg\" \/>\n\t<meta property=\"og:image:width\" content=\"2128\" \/>\n\t<meta property=\"og:image:height\" content=\"2128\" \/>\n\t<meta property=\"og:image:type\" content=\"image\/jpeg\" \/>\n<meta name=\"twitter:card\" content=\"summary_large_image\" \/>\n<meta name=\"twitter:label1\" content=\"Price\" \/>\n\t<meta name=\"twitter:data1\" content=\"29,90&nbsp;&euro;\" \/>\n\t<meta name=\"twitter:label2\" content=\"Availability\" \/>\n\t<meta name=\"twitter:data2\" content=\"In stock\" \/>\n<script type=\"application\/ld+json\" class=\"yoast-schema-graph\">{\"@context\":\"https:\\\/\\\/schema.org\",\"@graph\":[{\"@type\":\"WebPage\",\"@id\":\"https:\\\/\\\/najnaj.eu\\\/sl\\\/izdelek\\\/ergobaby-metro-3-drzalo-za-skodelico-steklenicko\\\/\",\"url\":\"https:\\\/\\\/najnaj.eu\\\/sl\\\/izdelek\\\/ergobaby-metro-3-drzalo-za-skodelico-steklenicko\\\/\",\"name\":\"Ergobaby Metro 3 dr\u017ealo za skodelico\\\/stekleni\u010dko - NajNaj.eu\",\"isPartOf\":{\"@id\":\"https:\\\/\\\/najnaj.eu\\\/sl\\\/#website\"},\"primaryImageOfPage\":{\"@id\":\"https:\\\/\\\/najnaj.eu\\\/sl\\\/izdelek\\\/ergobaby-metro-3-drzalo-za-skodelico-steklenicko\\\/#primaryimage\"},\"image\":{\"@id\":\"https:\\\/\\\/najnaj.eu\\\/sl\\\/izdelek\\\/ergobaby-metro-3-drzalo-za-skodelico-steklenicko\\\/#primaryimage\"},\"thumbnailUrl\":\"https:\\\/\\\/najnaj.eu\\\/wp-content\\\/uploads\\\/2026\\\/03\\\/ergobaby-stroller-accessories-metro-3-cupholder-1-2.jpg\",\"datePublished\":\"2026-03-09T14:00:37+00:00\",\"dateModified\":\"2026-03-09T14:25:13+00:00\",\"breadcrumb\":{\"@id\":\"https:\\\/\\\/najnaj.eu\\\/sl\\\/izdelek\\\/ergobaby-metro-3-drzalo-za-skodelico-steklenicko\\\/#breadcrumb\"},\"inLanguage\":\"sl-SI\",\"potentialAction\":[{\"@type\":\"ReadAction\",\"target\":[\"https:\\\/\\\/najnaj.eu\\\/sl\\\/izdelek\\\/ergobaby-metro-3-drzalo-za-skodelico-steklenicko\\\/\"]}]},{\"@type\":\"ImageObject\",\"inLanguage\":\"sl-SI\",\"@id\":\"https:\\\/\\\/najnaj.eu\\\/sl\\\/izdelek\\\/ergobaby-metro-3-drzalo-za-skodelico-steklenicko\\\/#primaryimage\",\"url\":\"https:\\\/\\\/najnaj.eu\\\/wp-content\\\/uploads\\\/2026\\\/03\\\/ergobaby-stroller-accessories-metro-3-cupholder-1-2.jpg\",\"contentUrl\":\"https:\\\/\\\/najnaj.eu\\\/wp-content\\\/uploads\\\/2026\\\/03\\\/ergobaby-stroller-accessories-metro-3-cupholder-1-2.jpg\",\"width\":2128,\"height\":2128},{\"@type\":\"BreadcrumbList\",\"@id\":\"https:\\\/\\\/najnaj.eu\\\/sl\\\/izdelek\\\/ergobaby-metro-3-drzalo-za-skodelico-steklenicko\\\/#breadcrumb\",\"itemListElement\":[{\"@type\":\"ListItem\",\"position\":1,\"name\":\"Po\u010detna stranica\",\"item\":\"https:\\\/\\\/najnaj.eu\\\/sl\\\/prednja-stran\\\/\"},{\"@type\":\"ListItem\",\"position\":2,\"name\":\"Shop\",\"item\":\"https:\\\/\\\/najnaj.eu\\\/sl\\\/shop\\\/\"},{\"@type\":\"ListItem\",\"position\":3,\"name\":\"Ergobaby Metro 3 dr\u017ealo za skodelico\\\/stekleni\u010dko\"}]},{\"@type\":\"WebSite\",\"@id\":\"https:\\\/\\\/najnaj.eu\\\/sl\\\/#website\",\"url\":\"https:\\\/\\\/najnaj.eu\\\/sl\\\/\",\"name\":\"NajNaj.eu\",\"description\":\"Za najva\u017enije!\",\"publisher\":{\"@id\":\"https:\\\/\\\/najnaj.eu\\\/sl\\\/#organization\"},\"potentialAction\":[{\"@type\":\"SearchAction\",\"target\":{\"@type\":\"EntryPoint\",\"urlTemplate\":\"https:\\\/\\\/najnaj.eu\\\/sl\\\/?s={search_term_string}\"},\"query-input\":{\"@type\":\"PropertyValueSpecification\",\"valueRequired\":true,\"valueName\":\"search_term_string\"}}],\"inLanguage\":\"sl-SI\"},{\"@type\":\"Organization\",\"@id\":\"https:\\\/\\\/najnaj.eu\\\/sl\\\/#organization\",\"name\":\"NajNaj.eu\",\"url\":\"https:\\\/\\\/najnaj.eu\\\/sl\\\/\",\"logo\":{\"@type\":\"ImageObject\",\"inLanguage\":\"sl-SI\",\"@id\":\"https:\\\/\\\/najnaj.eu\\\/sl\\\/#\\\/schema\\\/logo\\\/image\\\/\",\"url\":\"https:\\\/\\\/najnaj.eu\\\/wp-content\\\/uploads\\\/2023\\\/09\\\/logo_Najnaj_2023.svg\",\"contentUrl\":\"https:\\\/\\\/najnaj.eu\\\/wp-content\\\/uploads\\\/2023\\\/09\\\/logo_Najnaj_2023.svg\",\"width\":501,\"height\":278,\"caption\":\"NajNaj.eu\"},\"image\":{\"@id\":\"https:\\\/\\\/najnaj.eu\\\/sl\\\/#\\\/schema\\\/logo\\\/image\\\/\"},\"sameAs\":[\"https:\\\/\\\/web.facebook.com\\\/najnaj.eu\\\/\",\"https:\\\/\\\/www.instagram.com\\\/najnaj.eu\\\/\",\"https:\\\/\\\/www.tiktok.com\\\/@najnaj.eu\"]}]}<\/script>\n<meta property=\"product:price:amount\" content=\"29.90\" \/>\n<meta property=\"product:price:currency\" content=\"EUR\" \/>\n<meta property=\"og:availability\" content=\"instock\" \/>\n<meta property=\"product:availability\" content=\"instock\" \/>\n<meta property=\"product:retailer_item_id\" content=\"METRO3CUPHLDR\" \/>\n<meta property=\"product:condition\" content=\"new\" \/>\n<!-- \/ Yoast SEO Premium plugin. -->","yoast_head_json":{"title":"Ergobaby Metro 3 dr\u017ealo za skodelico\/stekleni\u010dko - NajNaj.eu","robots":{"index":"index","follow":"follow","max-snippet":"max-snippet:-1","max-image-preview":"max-image-preview:large","max-video-preview":"max-video-preview:-1"},"canonical":"https:\/\/najnaj.eu\/sl\/izdelek\/ergobaby-metro-3-drzalo-za-skodelico-steklenicko\/","og_locale":"sl_SI","og_type":"article","og_title":"Ergobaby Metro 3 dr\u017ealo za skodelico\/stekleni\u010dko","og_description":"Dr\u017ealo za skodelico\/stekleni\u010dko, ki se prilagaja vam in potrebam va\u0161ega dojen\u010dka. Enostavno pritrdite na vi\u0161ino, ki vam ustreza, tako da je vedno blizu vas ali va\u0161ega mal\u010dka. \u2022 Vedno pri roki \u2022 Ustreza razli\u010dnim dimenzijam skodelic\/stekleni\u010dk \u2022 Zlo\u017eljivo z vozi\u010dkom \u2022 Primerno za pomivalni stroj \u2022 Zdru\u017eljivo z vozi\u010dki Metro 3 in Metro 3 Deluxe","og_url":"https:\/\/najnaj.eu\/sl\/izdelek\/ergobaby-metro-3-drzalo-za-skodelico-steklenicko\/","og_site_name":"NajNaj.eu","article_publisher":"https:\/\/web.facebook.com\/najnaj.eu\/","article_modified_time":"2026-03-09T14:25:13+00:00","og_image":[{"width":2128,"height":2128,"url":"https:\/\/najnaj.eu\/wp-content\/uploads\/2026\/03\/ergobaby-stroller-accessories-metro-3-cupholder-1-2.jpg","type":"image\/jpeg"}],"twitter_card":"summary_large_image","twitter_misc":{"Price":"29,90&nbsp;&euro;","Availability":"In stock"},"schema":{"@context":"https:\/\/schema.org","@graph":[{"@type":"WebPage","@id":"https:\/\/najnaj.eu\/sl\/izdelek\/ergobaby-metro-3-drzalo-za-skodelico-steklenicko\/","url":"https:\/\/najnaj.eu\/sl\/izdelek\/ergobaby-metro-3-drzalo-za-skodelico-steklenicko\/","name":"Ergobaby Metro 3 dr\u017ealo za skodelico\/stekleni\u010dko - NajNaj.eu","isPartOf":{"@id":"https:\/\/najnaj.eu\/sl\/#website"},"primaryImageOfPage":{"@id":"https:\/\/najnaj.eu\/sl\/izdelek\/ergobaby-metro-3-drzalo-za-skodelico-steklenicko\/#primaryimage"},"image":{"@id":"https:\/\/najnaj.eu\/sl\/izdelek\/ergobaby-metro-3-drzalo-za-skodelico-steklenicko\/#primaryimage"},"thumbnailUrl":"https:\/\/najnaj.eu\/wp-content\/uploads\/2026\/03\/ergobaby-stroller-accessories-metro-3-cupholder-1-2.jpg","datePublished":"2026-03-09T14:00:37+00:00","dateModified":"2026-03-09T14:25:13+00:00","breadcrumb":{"@id":"https:\/\/najnaj.eu\/sl\/izdelek\/ergobaby-metro-3-drzalo-za-skodelico-steklenicko\/#breadcrumb"},"inLanguage":"sl-SI","potentialAction":[{"@type":"ReadAction","target":["https:\/\/najnaj.eu\/sl\/izdelek\/ergobaby-metro-3-drzalo-za-skodelico-steklenicko\/"]}]},{"@type":"ImageObject","inLanguage":"sl-SI","@id":"https:\/\/najnaj.eu\/sl\/izdelek\/ergobaby-metro-3-drzalo-za-skodelico-steklenicko\/#primaryimage","url":"https:\/\/najnaj.eu\/wp-content\/uploads\/2026\/03\/ergobaby-stroller-accessories-metro-3-cupholder-1-2.jpg","contentUrl":"https:\/\/najnaj.eu\/wp-content\/uploads\/2026\/03\/ergobaby-stroller-accessories-metro-3-cupholder-1-2.jpg","width":2128,"height":2128},{"@type":"BreadcrumbList","@id":"https:\/\/najnaj.eu\/sl\/izdelek\/ergobaby-metro-3-drzalo-za-skodelico-steklenicko\/#breadcrumb","itemListElement":[{"@type":"ListItem","position":1,"name":"Po\u010detna stranica","item":"https:\/\/najnaj.eu\/sl\/prednja-stran\/"},{"@type":"ListItem","position":2,"name":"Shop","item":"https:\/\/najnaj.eu\/sl\/shop\/"},{"@type":"ListItem","position":3,"name":"Ergobaby Metro 3 dr\u017ealo za skodelico\/stekleni\u010dko"}]},{"@type":"WebSite","@id":"https:\/\/najnaj.eu\/sl\/#website","url":"https:\/\/najnaj.eu\/sl\/","name":"NajNaj.eu","description":"Za najva\u017enije!","publisher":{"@id":"https:\/\/najnaj.eu\/sl\/#organization"},"potentialAction":[{"@type":"SearchAction","target":{"@type":"EntryPoint","urlTemplate":"https:\/\/najnaj.eu\/sl\/?s={search_term_string}"},"query-input":{"@type":"PropertyValueSpecification","valueRequired":true,"valueName":"search_term_string"}}],"inLanguage":"sl-SI"},{"@type":"Organization","@id":"https:\/\/najnaj.eu\/sl\/#organization","name":"NajNaj.eu","url":"https:\/\/najnaj.eu\/sl\/","logo":{"@type":"ImageObject","inLanguage":"sl-SI","@id":"https:\/\/najnaj.eu\/sl\/#\/schema\/logo\/image\/","url":"https:\/\/najnaj.eu\/wp-content\/uploads\/2023\/09\/logo_Najnaj_2023.svg","contentUrl":"https:\/\/najnaj.eu\/wp-content\/uploads\/2023\/09\/logo_Najnaj_2023.svg","width":501,"height":278,"caption":"NajNaj.eu"},"image":{"@id":"https:\/\/najnaj.eu\/sl\/#\/schema\/logo\/image\/"},"sameAs":["https:\/\/web.facebook.com\/najnaj.eu\/","https:\/\/www.instagram.com\/najnaj.eu\/","https:\/\/www.tiktok.com\/@najnaj.eu"]}]},"product_price_amount":"29.90","product_price_currency":"EUR","og_availability":"instock","product_availability":"instock","product_retailer_item_id":"METRO3CUPHLDR","product_condition":"new"},"_links":{"self":[{"href":"https:\/\/najnaj.eu\/sl\/wp-json\/wp\/v2\/product\/297999","targetHints":{"allow":["GET"]}}],"collection":[{"href":"https:\/\/najnaj.eu\/sl\/wp-json\/wp\/v2\/product"}],"about":[{"href":"https:\/\/najnaj.eu\/sl\/wp-json\/wp\/v2\/types\/product"}],"replies":[{"embeddable":true,"href":"https:\/\/najnaj.eu\/sl\/wp-json\/wp\/v2\/comments?post=297999"}],"version-history":[{"count":0,"href":"https:\/\/najnaj.eu\/sl\/wp-json\/wp\/v2\/product\/297999\/revisions"}],"wp:featuredmedia":[{"embeddable":true,"href":"https:\/\/najnaj.eu\/sl\/wp-json\/wp\/v2\/media\/297960"}],"wp:attachment":[{"href":"https:\/\/najnaj.eu\/sl\/wp-json\/wp\/v2\/media?parent=297999"}],"wp:term":[{"taxonomy":"product_brand","embeddable":true,"href":"https:\/\/najnaj.eu\/sl\/wp-json\/wp\/v2\/product_brand?post=297999"},{"taxonomy":"product_cat","embeddable":true,"href":"https:\/\/najnaj.eu\/sl\/wp-json\/wp\/v2\/product_cat?post=297999"},{"taxonomy":"product_tag","embeddable":true,"href":"https:\/\/najnaj.eu\/sl\/wp-json\/wp\/v2\/product_tag?post=297999"}],"curies":[{"name":"wp","href":"https:\/\/api.w.org\/{rel}","templated":true}]}}