{"id":297815,"date":"2026-03-06T10:30:27","date_gmt":"2026-03-06T09:30:27","guid":{"rendered":"https:\/\/najnaj.eu\/proizvod\/voksi-carry-me-mekana-prijenosna-kosara-misty-blue-leaf\/"},"modified":"2026-03-06T13:46:39","modified_gmt":"2026-03-06T12:46:39","slug":"voksi-carry-me-mehka-prenosna-kosara-misty-blue-leaf","status":"publish","type":"product","link":"https:\/\/najnaj.eu\/sl\/izdelek\/voksi-carry-me-mehka-prenosna-kosara-misty-blue-leaf\/","title":{"rendered":"Voksi Carry Me, mehka prenosna ko\u0161ara Misty Blue Leaf"},"content":{"rendered":"<p>Voksi Carry Me je za otroka poznano in udobno okolje &#8211; kar olaj\u0161a spanje, po\u010ditek in igro. Ko\u0161ara se lepo prilega v vsak vozi\u010dek. Vsestransko uporabna tako za notranjo kot zunanjo uporabo, Voksi Carry Me omogo\u010da va\u0161emu dojen\u010dku maksimalno udobje. Otroka lahko z Voksi Carry Me enostavno prestavimo iz zunanjih v notranje prostore brez, da ga dvigamo ali prebudimo. Izdelek je primeren za dojen\u010dka, ki se ne more samostojno usesti, obrniti ali podpreti na rokah in kolenih. Vsi materiali v Voksi Carry Me so certificirani po standardu OEKO-TEX Standard 100, razred 1, kar je oznaka kakovosti, ki ka\u017ee, da noben material v izdelku ne vsebuje \u0161kodljivih kemikalij. Pred uporabo ni potrebno prati izdelka.<\/p>\n<p>Voksi Carry Me ko\u0161ara je v celoti oblo\u017eena s 3D mre\u017eo na notranji strani, kar zagotavlja zra\u010dno, udobno in varno mesto za va\u0161ega otroka. Prilo\u017eena je enostavno pralna vzmetnica iz organskega bomba\u017ea in 3D mre\u017ee, kar ustvari mehko le\u017ei\u0161\u010de za va\u0161ega otroka. Notranja plo\u0161\u010da iz poliestrskih vlaken poskrbi, da je izdelek trden. Ker imajo drugi podobni izdelki na trgu v notranjosti peno, se je Voksi zavestno odlo\u010dil, da se izogne uporabi pene in s tem prispeva k ekolo\u0161ki ozave\u0161\u010denosti.<br \/>\nZunanja tkanina je recikliran poliester, na dnu pa ima ravno povr\u0161ino, ki jo enostavno obri\u0161emo s krpo. Zgornja prevleka je odporna na veter in vodo ter nudi dodatno za\u0161\u010dito, pri tem pa jo enostavno odpremo\/zapremo z zadrgo.<br \/>\nInovativna funkcija Voksi Soft ReleaseTM omogo\u010da, da so ro\u010daji dostopni le, ko so vogali zaklenjeni in zlo\u017eeni navzgor. Ta funkcija omogo\u010da varnej\u0161e no\u0161enje, saj dvignete vogale, ko uporabljate ro\u010daje. Ko spustite vogale, da dobite ve\u010d prostora za otroka, je tukaj funkcija mehkega spro\u0161\u010danja brez zvoka, tako da ne boste motili otroka, \u010de spi. V Voksi Carry Me je enostavno sprostiti vsak vogal posebej, z odpiranjem na stran ali na delu pri nogah, da ustvarite udoben prostor za otroka. Vedno poskrbite, da bo Carry Me postavljena na ravno varno povr\u0161ino, da se otrok ne odkotali ven.<br \/>\nTa izdelek ustreza posodobljeni razli\u010dici varnostnih zahtev evropskega standarda EN 1466:2023.<br \/>\nNikoli ne pu\u0161\u010dajte otroka brez nadzora. Tega izdelka ni priporo\u010dljivo uporabljati za skupno spanje v postelji. Vedno preberite in upo\u0161tevajte navodila za pravilno uporabo ter opozorila na izdelku.<\/p>\n","protected":false},"excerpt":{"rendered":"<p>Voksi\u00ae Carry Me je zra\u010dna in mehka prenosna ko\u0161ara, ki otroku nudi varno zavetje in olaj\u0161a vsakodnevno \u017eivljenje z va\u0161im dojen\u010dkom.<br \/>\nVoksi Carry Me je primerna od rojstva do 6 mesecev starosti (najve\u010d 9 kg) in se lahko zlo\u017ei popolnoma ravno. Varno nosite svojega dojen\u010dka in mu nudite za\u0161\u010dito in toplino. Popolna tako doma, kot tudi na poti.<\/p>\n","protected":false},"featured_media":297702,"comment_status":"open","ping_status":"closed","template":"","meta":{"_acf_changed":false,"footnotes":""},"product_brand":[],"product_cat":[1152,2115,1180],"product_tag":[],"class_list":{"0":"post-297815","1":"product","2":"type-product","3":"status-publish","4":"has-post-thumbnail","6":"product_cat-dodaci-za-kolica-sl","7":"product_cat-prenosna-kosara","8":"product_cat-proizvodi-sl","9":"pa_boja-modra","10":"pa_brand-voksi-sl","12":"first","13":"instock","14":"shipping-taxable","15":"purchasable","16":"product-type-simple"},"bundled_by":[],"bundle_stock_status":"instock","bundle_stock_quantity":9,"bundle_virtual":false,"bundle_layout":"","bundle_add_to_cart_form_location":"","bundle_editable_in_cart":false,"bundle_sold_individually_context":"","bundle_item_grouping":"","bundle_min_size":"","bundle_max_size":"","bundle_price":[],"bundled_items":[],"bundle_sell_ids":[],"acf":[],"yoast_head":"<!-- This site is optimized with the Yoast SEO Premium plugin v21.5 (Yoast SEO v27.4) - https:\/\/yoast.com\/product\/yoast-seo-premium-wordpress\/ -->\n<title>Voksi Carry Me, mehka prenosna ko\u0161ara Misty Blue Leaf - NajNaj.eu<\/title>\n<meta name=\"robots\" content=\"index, follow, max-snippet:-1, max-image-preview:large, max-video-preview:-1\" \/>\n<link rel=\"canonical\" href=\"https:\/\/najnaj.eu\/sl\/izdelek\/voksi-carry-me-mehka-prenosna-kosara-misty-blue-leaf\/\" \/>\n<meta property=\"og:locale\" content=\"sl_SI\" \/>\n<meta property=\"og:type\" content=\"article\" \/>\n<meta property=\"og:title\" content=\"Voksi Carry Me, mehka prenosna ko\u0161ara Misty Blue Leaf\" \/>\n<meta property=\"og:description\" content=\"Voksi\u00ae Carry Me je zra\u010dna in mehka prenosna ko\u0161ara, ki otroku nudi varno zavetje in olaj\u0161a vsakodnevno \u017eivljenje z va\u0161im dojen\u010dkom. Voksi Carry Me je primerna od rojstva do 6 mesecev starosti (najve\u010d 9 kg) in se lahko zlo\u017ei popolnoma ravno. Varno nosite svojega dojen\u010dka in mu nudite za\u0161\u010dito in toplino. Popolna tako doma, kot tudi na poti.\" \/>\n<meta property=\"og:url\" content=\"https:\/\/najnaj.eu\/sl\/izdelek\/voksi-carry-me-mehka-prenosna-kosara-misty-blue-leaf\/\" \/>\n<meta property=\"og:site_name\" content=\"NajNaj.eu\" \/>\n<meta property=\"article:publisher\" content=\"https:\/\/web.facebook.com\/najnaj.eu\/\" \/>\n<meta property=\"article:modified_time\" content=\"2026-03-06T12:46:39+00:00\" \/>\n<meta property=\"og:image\" content=\"https:\/\/najnaj.eu\/wp-content\/uploads\/2026\/03\/11036251_Voksi_CarryMe_MistyBlue_Top.jpg\" \/>\n\t<meta property=\"og:image:width\" content=\"1000\" \/>\n\t<meta property=\"og:image:height\" content=\"1000\" \/>\n\t<meta property=\"og:image:type\" content=\"image\/jpeg\" \/>\n<meta name=\"twitter:card\" content=\"summary_large_image\" \/>\n<meta name=\"twitter:label1\" content=\"Price\" \/>\n\t<meta name=\"twitter:data1\" content=\"159,90&nbsp;&euro;\" \/>\n\t<meta name=\"twitter:label2\" content=\"Availability\" \/>\n\t<meta name=\"twitter:data2\" content=\"In stock\" \/>\n<script type=\"application\/ld+json\" class=\"yoast-schema-graph\">{\"@context\":\"https:\\\/\\\/schema.org\",\"@graph\":[{\"@type\":\"WebPage\",\"@id\":\"https:\\\/\\\/najnaj.eu\\\/sl\\\/izdelek\\\/voksi-carry-me-mehka-prenosna-kosara-misty-blue-leaf\\\/\",\"url\":\"https:\\\/\\\/najnaj.eu\\\/sl\\\/izdelek\\\/voksi-carry-me-mehka-prenosna-kosara-misty-blue-leaf\\\/\",\"name\":\"Voksi Carry Me, mehka prenosna ko\u0161ara Misty Blue Leaf - NajNaj.eu\",\"isPartOf\":{\"@id\":\"https:\\\/\\\/najnaj.eu\\\/sl\\\/#website\"},\"primaryImageOfPage\":{\"@id\":\"https:\\\/\\\/najnaj.eu\\\/sl\\\/izdelek\\\/voksi-carry-me-mehka-prenosna-kosara-misty-blue-leaf\\\/#primaryimage\"},\"image\":{\"@id\":\"https:\\\/\\\/najnaj.eu\\\/sl\\\/izdelek\\\/voksi-carry-me-mehka-prenosna-kosara-misty-blue-leaf\\\/#primaryimage\"},\"thumbnailUrl\":\"https:\\\/\\\/najnaj.eu\\\/wp-content\\\/uploads\\\/2026\\\/03\\\/11036251_Voksi_CarryMe_MistyBlue_Top.jpg\",\"datePublished\":\"2026-03-06T09:30:27+00:00\",\"dateModified\":\"2026-03-06T12:46:39+00:00\",\"breadcrumb\":{\"@id\":\"https:\\\/\\\/najnaj.eu\\\/sl\\\/izdelek\\\/voksi-carry-me-mehka-prenosna-kosara-misty-blue-leaf\\\/#breadcrumb\"},\"inLanguage\":\"sl-SI\",\"potentialAction\":[{\"@type\":\"ReadAction\",\"target\":[\"https:\\\/\\\/najnaj.eu\\\/sl\\\/izdelek\\\/voksi-carry-me-mehka-prenosna-kosara-misty-blue-leaf\\\/\"]}]},{\"@type\":\"ImageObject\",\"inLanguage\":\"sl-SI\",\"@id\":\"https:\\\/\\\/najnaj.eu\\\/sl\\\/izdelek\\\/voksi-carry-me-mehka-prenosna-kosara-misty-blue-leaf\\\/#primaryimage\",\"url\":\"https:\\\/\\\/najnaj.eu\\\/wp-content\\\/uploads\\\/2026\\\/03\\\/11036251_Voksi_CarryMe_MistyBlue_Top.jpg\",\"contentUrl\":\"https:\\\/\\\/najnaj.eu\\\/wp-content\\\/uploads\\\/2026\\\/03\\\/11036251_Voksi_CarryMe_MistyBlue_Top.jpg\",\"width\":1000,\"height\":1000},{\"@type\":\"BreadcrumbList\",\"@id\":\"https:\\\/\\\/najnaj.eu\\\/sl\\\/izdelek\\\/voksi-carry-me-mehka-prenosna-kosara-misty-blue-leaf\\\/#breadcrumb\",\"itemListElement\":[{\"@type\":\"ListItem\",\"position\":1,\"name\":\"Po\u010detna stranica\",\"item\":\"https:\\\/\\\/najnaj.eu\\\/sl\\\/prednja-stran\\\/\"},{\"@type\":\"ListItem\",\"position\":2,\"name\":\"Shop\",\"item\":\"https:\\\/\\\/najnaj.eu\\\/sl\\\/shop\\\/\"},{\"@type\":\"ListItem\",\"position\":3,\"name\":\"Voksi Carry Me, mehka prenosna ko\u0161ara Misty Blue Leaf\"}]},{\"@type\":\"WebSite\",\"@id\":\"https:\\\/\\\/najnaj.eu\\\/sl\\\/#website\",\"url\":\"https:\\\/\\\/najnaj.eu\\\/sl\\\/\",\"name\":\"NajNaj.eu\",\"description\":\"Za najva\u017enije!\",\"publisher\":{\"@id\":\"https:\\\/\\\/najnaj.eu\\\/sl\\\/#organization\"},\"potentialAction\":[{\"@type\":\"SearchAction\",\"target\":{\"@type\":\"EntryPoint\",\"urlTemplate\":\"https:\\\/\\\/najnaj.eu\\\/sl\\\/?s={search_term_string}\"},\"query-input\":{\"@type\":\"PropertyValueSpecification\",\"valueRequired\":true,\"valueName\":\"search_term_string\"}}],\"inLanguage\":\"sl-SI\"},{\"@type\":\"Organization\",\"@id\":\"https:\\\/\\\/najnaj.eu\\\/sl\\\/#organization\",\"name\":\"NajNaj.eu\",\"url\":\"https:\\\/\\\/najnaj.eu\\\/sl\\\/\",\"logo\":{\"@type\":\"ImageObject\",\"inLanguage\":\"sl-SI\",\"@id\":\"https:\\\/\\\/najnaj.eu\\\/sl\\\/#\\\/schema\\\/logo\\\/image\\\/\",\"url\":\"https:\\\/\\\/najnaj.eu\\\/wp-content\\\/uploads\\\/2023\\\/09\\\/logo_Najnaj_2023.svg\",\"contentUrl\":\"https:\\\/\\\/najnaj.eu\\\/wp-content\\\/uploads\\\/2023\\\/09\\\/logo_Najnaj_2023.svg\",\"width\":501,\"height\":278,\"caption\":\"NajNaj.eu\"},\"image\":{\"@id\":\"https:\\\/\\\/najnaj.eu\\\/sl\\\/#\\\/schema\\\/logo\\\/image\\\/\"},\"sameAs\":[\"https:\\\/\\\/web.facebook.com\\\/najnaj.eu\\\/\",\"https:\\\/\\\/www.instagram.com\\\/najnaj.eu\\\/\",\"https:\\\/\\\/www.tiktok.com\\\/@najnaj.eu\"]}]}<\/script>\n<meta property=\"product:brand\" content=\"Voksi\" \/>\n<meta property=\"product:price:amount\" content=\"159.90\" \/>\n<meta property=\"product:price:currency\" content=\"EUR\" \/>\n<meta property=\"og:availability\" content=\"instock\" \/>\n<meta property=\"product:availability\" content=\"instock\" \/>\n<meta property=\"product:retailer_item_id\" content=\"11036251-mistyblue-Leaf\" \/>\n<meta property=\"product:condition\" content=\"new\" \/>\n<!-- \/ Yoast SEO Premium plugin. -->","yoast_head_json":{"title":"Voksi Carry Me, mehka prenosna ko\u0161ara Misty Blue Leaf - NajNaj.eu","robots":{"index":"index","follow":"follow","max-snippet":"max-snippet:-1","max-image-preview":"max-image-preview:large","max-video-preview":"max-video-preview:-1"},"canonical":"https:\/\/najnaj.eu\/sl\/izdelek\/voksi-carry-me-mehka-prenosna-kosara-misty-blue-leaf\/","og_locale":"sl_SI","og_type":"article","og_title":"Voksi Carry Me, mehka prenosna ko\u0161ara Misty Blue Leaf","og_description":"Voksi\u00ae Carry Me je zra\u010dna in mehka prenosna ko\u0161ara, ki otroku nudi varno zavetje in olaj\u0161a vsakodnevno \u017eivljenje z va\u0161im dojen\u010dkom. Voksi Carry Me je primerna od rojstva do 6 mesecev starosti (najve\u010d 9 kg) in se lahko zlo\u017ei popolnoma ravno. Varno nosite svojega dojen\u010dka in mu nudite za\u0161\u010dito in toplino. Popolna tako doma, kot tudi na poti.","og_url":"https:\/\/najnaj.eu\/sl\/izdelek\/voksi-carry-me-mehka-prenosna-kosara-misty-blue-leaf\/","og_site_name":"NajNaj.eu","article_publisher":"https:\/\/web.facebook.com\/najnaj.eu\/","article_modified_time":"2026-03-06T12:46:39+00:00","og_image":[{"width":1000,"height":1000,"url":"https:\/\/najnaj.eu\/wp-content\/uploads\/2026\/03\/11036251_Voksi_CarryMe_MistyBlue_Top.jpg","type":"image\/jpeg"}],"twitter_card":"summary_large_image","twitter_misc":{"Price":"159,90&nbsp;&euro;","Availability":"In stock"},"schema":{"@context":"https:\/\/schema.org","@graph":[{"@type":"WebPage","@id":"https:\/\/najnaj.eu\/sl\/izdelek\/voksi-carry-me-mehka-prenosna-kosara-misty-blue-leaf\/","url":"https:\/\/najnaj.eu\/sl\/izdelek\/voksi-carry-me-mehka-prenosna-kosara-misty-blue-leaf\/","name":"Voksi Carry Me, mehka prenosna ko\u0161ara Misty Blue Leaf - NajNaj.eu","isPartOf":{"@id":"https:\/\/najnaj.eu\/sl\/#website"},"primaryImageOfPage":{"@id":"https:\/\/najnaj.eu\/sl\/izdelek\/voksi-carry-me-mehka-prenosna-kosara-misty-blue-leaf\/#primaryimage"},"image":{"@id":"https:\/\/najnaj.eu\/sl\/izdelek\/voksi-carry-me-mehka-prenosna-kosara-misty-blue-leaf\/#primaryimage"},"thumbnailUrl":"https:\/\/najnaj.eu\/wp-content\/uploads\/2026\/03\/11036251_Voksi_CarryMe_MistyBlue_Top.jpg","datePublished":"2026-03-06T09:30:27+00:00","dateModified":"2026-03-06T12:46:39+00:00","breadcrumb":{"@id":"https:\/\/najnaj.eu\/sl\/izdelek\/voksi-carry-me-mehka-prenosna-kosara-misty-blue-leaf\/#breadcrumb"},"inLanguage":"sl-SI","potentialAction":[{"@type":"ReadAction","target":["https:\/\/najnaj.eu\/sl\/izdelek\/voksi-carry-me-mehka-prenosna-kosara-misty-blue-leaf\/"]}]},{"@type":"ImageObject","inLanguage":"sl-SI","@id":"https:\/\/najnaj.eu\/sl\/izdelek\/voksi-carry-me-mehka-prenosna-kosara-misty-blue-leaf\/#primaryimage","url":"https:\/\/najnaj.eu\/wp-content\/uploads\/2026\/03\/11036251_Voksi_CarryMe_MistyBlue_Top.jpg","contentUrl":"https:\/\/najnaj.eu\/wp-content\/uploads\/2026\/03\/11036251_Voksi_CarryMe_MistyBlue_Top.jpg","width":1000,"height":1000},{"@type":"BreadcrumbList","@id":"https:\/\/najnaj.eu\/sl\/izdelek\/voksi-carry-me-mehka-prenosna-kosara-misty-blue-leaf\/#breadcrumb","itemListElement":[{"@type":"ListItem","position":1,"name":"Po\u010detna stranica","item":"https:\/\/najnaj.eu\/sl\/prednja-stran\/"},{"@type":"ListItem","position":2,"name":"Shop","item":"https:\/\/najnaj.eu\/sl\/shop\/"},{"@type":"ListItem","position":3,"name":"Voksi Carry Me, mehka prenosna ko\u0161ara Misty Blue Leaf"}]},{"@type":"WebSite","@id":"https:\/\/najnaj.eu\/sl\/#website","url":"https:\/\/najnaj.eu\/sl\/","name":"NajNaj.eu","description":"Za najva\u017enije!","publisher":{"@id":"https:\/\/najnaj.eu\/sl\/#organization"},"potentialAction":[{"@type":"SearchAction","target":{"@type":"EntryPoint","urlTemplate":"https:\/\/najnaj.eu\/sl\/?s={search_term_string}"},"query-input":{"@type":"PropertyValueSpecification","valueRequired":true,"valueName":"search_term_string"}}],"inLanguage":"sl-SI"},{"@type":"Organization","@id":"https:\/\/najnaj.eu\/sl\/#organization","name":"NajNaj.eu","url":"https:\/\/najnaj.eu\/sl\/","logo":{"@type":"ImageObject","inLanguage":"sl-SI","@id":"https:\/\/najnaj.eu\/sl\/#\/schema\/logo\/image\/","url":"https:\/\/najnaj.eu\/wp-content\/uploads\/2023\/09\/logo_Najnaj_2023.svg","contentUrl":"https:\/\/najnaj.eu\/wp-content\/uploads\/2023\/09\/logo_Najnaj_2023.svg","width":501,"height":278,"caption":"NajNaj.eu"},"image":{"@id":"https:\/\/najnaj.eu\/sl\/#\/schema\/logo\/image\/"},"sameAs":["https:\/\/web.facebook.com\/najnaj.eu\/","https:\/\/www.instagram.com\/najnaj.eu\/","https:\/\/www.tiktok.com\/@najnaj.eu"]}]},"product_brand":"Voksi","product_price_amount":"159.90","product_price_currency":"EUR","og_availability":"instock","product_availability":"instock","product_retailer_item_id":"11036251-mistyblue-Leaf","product_condition":"new"},"_links":{"self":[{"href":"https:\/\/najnaj.eu\/sl\/wp-json\/wp\/v2\/product\/297815","targetHints":{"allow":["GET"]}}],"collection":[{"href":"https:\/\/najnaj.eu\/sl\/wp-json\/wp\/v2\/product"}],"about":[{"href":"https:\/\/najnaj.eu\/sl\/wp-json\/wp\/v2\/types\/product"}],"replies":[{"embeddable":true,"href":"https:\/\/najnaj.eu\/sl\/wp-json\/wp\/v2\/comments?post=297815"}],"version-history":[{"count":0,"href":"https:\/\/najnaj.eu\/sl\/wp-json\/wp\/v2\/product\/297815\/revisions"}],"wp:featuredmedia":[{"embeddable":true,"href":"https:\/\/najnaj.eu\/sl\/wp-json\/wp\/v2\/media\/297702"}],"wp:attachment":[{"href":"https:\/\/najnaj.eu\/sl\/wp-json\/wp\/v2\/media?parent=297815"}],"wp:term":[{"taxonomy":"product_brand","embeddable":true,"href":"https:\/\/najnaj.eu\/sl\/wp-json\/wp\/v2\/product_brand?post=297815"},{"taxonomy":"product_cat","embeddable":true,"href":"https:\/\/najnaj.eu\/sl\/wp-json\/wp\/v2\/product_cat?post=297815"},{"taxonomy":"product_tag","embeddable":true,"href":"https:\/\/najnaj.eu\/sl\/wp-json\/wp\/v2\/product_tag?post=297815"}],"curies":[{"name":"wp","href":"https:\/\/api.w.org\/{rel}","templated":true}]}}