{"id":291072,"date":"2026-02-27T10:56:41","date_gmt":"2026-02-27T09:56:41","guid":{"rendered":"https:\/\/najnaj.eu\/?post_type=product&#038;p=291072"},"modified":"2026-03-24T10:38:50","modified_gmt":"2026-03-24T09:38:50","slug":"spalna-vreca-ergobaby-classic-srednje-tezka-tog-1-0-lunina-mena-kopiraj","status":"publish","type":"product","link":"https:\/\/najnaj.eu\/sl\/izdelek\/spalna-vreca-ergobaby-classic-srednje-tezka-tog-1-0-lunina-mena-kopiraj\/","title":{"rendered":"Ergobaby Klasi\u010dna vre\u0107a za spavanje, Mid-weight (TOG 1.0), Starry Mint"},"content":{"rendered":"<h1 class=\"alt-font\">Udobnost i toplina za dijete bez dekice koja stalno pada<\/h1>\n<p>Ergobaby klasi\u010dna vre\u0107a za spavanje izrazito je meka i ugodna. Izra\u0111ena je od ultra mekog i prozra\u010dnog 100%-nog pamuka. Dolazi u tri debljine TOG 0.5 za ljeto, TOG 1.0 za prijelazno razdoblje ili grijane prostore i TOG 2.5 za hladne zimske no\u0107i. Vre\u0107a va\u0161em djetetu omogu\u0107uje dulji i mirniji san, a dvosmjerni patentni zatvara\u010d omogu\u0107uje iznimno brzu promjenu pelena. Vre\u0107a se jednostavno koristi tako da se obla\u010di u tren oka, a ima i prorez za pojaseve koji se koristi kod vezanja u sjedalicu, hranilicu ili kolica.    <\/p>\n<p><img loading=\"lazy\" decoding=\"async\" class=\"alignnone size-full wp-image-91685\" src=\"https:\/\/najnaj.eu\/wp-content\/uploads\/2023\/08\/Ergibaby-vreca-za-spavanje-infografika.jpeg\" alt=\"\" width=\"1052\" height=\"1053\"><\/p>\n","protected":false},"excerpt":{"rendered":"<ul>\n<li>omogo\u010da hitro menjavo plenic<\/li>\n<li>djetetu pru\u017ea dulji i mirniji san<\/li>\n<li>jednostavno rukovanje<\/li>\n<li>Debljina: TOG 1.0<\/li>\n<\/ul>\n<p>Veli\u010dina S: 0 \u2013 6 mjeseci \/ 46 \u2013 68 cm \/ 11,3 kg<\/p>\n<ul>\n<li> Jednostavna upotreba<\/li>\n<li> Jednostavna promjena pelena<\/li>\n<li> Prozra\u010dan pamuk<\/li>\n<li> 100 % bomba\u017e<\/li>\n<\/ul>\n","protected":false},"featured_media":291080,"comment_status":"closed","ping_status":"closed","template":"","meta":{"_acf_changed":false,"footnotes":""},"product_brand":[],"product_cat":[1304,1306,1302],"product_tag":[],"class_list":{"0":"post-291072","1":"product","2":"type-product","3":"status-publish","4":"has-post-thumbnail","6":"product_cat-klasicne-spalne-vrece","7":"product_cat-prehodne-spalne-vrece","8":"product_cat-spalne-vrece","9":"pa_boja-zelena-sl","10":"pa_brand-ergobaby-sl","12":"first","13":"instock","14":"shipping-taxable","15":"purchasable","16":"product-type-simple"},"bundled_by":[],"bundle_stock_status":"instock","bundle_stock_quantity":13,"bundle_virtual":false,"bundle_layout":"","bundle_add_to_cart_form_location":"","bundle_editable_in_cart":false,"bundle_sold_individually_context":"","bundle_item_grouping":"","bundle_min_size":"","bundle_max_size":"","bundle_price":[],"bundled_items":[],"bundle_sell_ids":[],"acf":[],"yoast_head":"<!-- This site is optimized with the Yoast SEO Premium plugin v21.5 (Yoast SEO v27.4) - https:\/\/yoast.com\/product\/yoast-seo-premium-wordpress\/ -->\n<title>Ergobaby Klasi\u010dna vre\u0107a za spavanje, Mid-weight (TOG 1.0), Starry Mint - NajNaj.eu<\/title>\n<meta name=\"robots\" content=\"index, follow, max-snippet:-1, max-image-preview:large, max-video-preview:-1\" \/>\n<link rel=\"canonical\" href=\"https:\/\/najnaj.eu\/sl\/izdelek\/spalna-vreca-ergobaby-classic-srednje-tezka-tog-1-0-lunina-mena-kopiraj\/\" \/>\n<meta property=\"og:locale\" content=\"sl_SI\" \/>\n<meta property=\"og:type\" content=\"article\" \/>\n<meta property=\"og:title\" content=\"Ergobaby Klasi\u010dna vre\u0107a za spavanje, Mid-weight (TOG 1.0), Starry Mint\" \/>\n<meta property=\"og:description\" content=\"omogo\u010da hitro menjavo plenic  djetetu pru\u017ea dulji i mirniji san  jednostavno rukovanje  Debljina: TOG 1.0 Veli\u010dina S: 0 \u2013 6 mjeseci \/ 46 \u2013 68 cm \/ 11,3 kg   Jednostavna upotreba  Jednostavna promjena pelena  Prozra\u010dan pamuk  100 % bomba\u017e\" \/>\n<meta property=\"og:url\" content=\"https:\/\/najnaj.eu\/sl\/izdelek\/spalna-vreca-ergobaby-classic-srednje-tezka-tog-1-0-lunina-mena-kopiraj\/\" \/>\n<meta property=\"og:site_name\" content=\"NajNaj.eu\" \/>\n<meta property=\"article:publisher\" content=\"https:\/\/web.facebook.com\/najnaj.eu\/\" \/>\n<meta property=\"article:modified_time\" content=\"2026-03-24T09:38:50+00:00\" \/>\n<meta property=\"og:image\" content=\"https:\/\/najnaj.eu\/wp-content\/uploads\/2026\/02\/on-the-move-sleep-bag-starry-mint-02-5149x5149-07a76f7-scaled.jpg\" \/>\n\t<meta property=\"og:image:width\" content=\"2560\" \/>\n\t<meta property=\"og:image:height\" content=\"2560\" \/>\n\t<meta property=\"og:image:type\" content=\"image\/jpeg\" \/>\n<meta name=\"twitter:card\" content=\"summary_large_image\" \/>\n<meta name=\"twitter:label1\" content=\"Price\" \/>\n\t<meta name=\"twitter:data1\" content=\"34,90&nbsp;&euro;\" \/>\n\t<meta name=\"twitter:label2\" content=\"Availability\" \/>\n\t<meta name=\"twitter:data2\" content=\"In stock\" \/>\n<script type=\"application\/ld+json\" class=\"yoast-schema-graph\">{\"@context\":\"https:\\\/\\\/schema.org\",\"@graph\":[{\"@type\":\"WebPage\",\"@id\":\"https:\\\/\\\/najnaj.eu\\\/sl\\\/izdelek\\\/spalna-vreca-ergobaby-classic-srednje-tezka-tog-1-0-lunina-mena-kopiraj\\\/\",\"url\":\"https:\\\/\\\/najnaj.eu\\\/sl\\\/izdelek\\\/spalna-vreca-ergobaby-classic-srednje-tezka-tog-1-0-lunina-mena-kopiraj\\\/\",\"name\":\"Ergobaby Klasi\u010dna vre\u0107a za spavanje, Mid-weight (TOG 1.0), Starry Mint - NajNaj.eu\",\"isPartOf\":{\"@id\":\"https:\\\/\\\/najnaj.eu\\\/sl\\\/#website\"},\"primaryImageOfPage\":{\"@id\":\"https:\\\/\\\/najnaj.eu\\\/sl\\\/izdelek\\\/spalna-vreca-ergobaby-classic-srednje-tezka-tog-1-0-lunina-mena-kopiraj\\\/#primaryimage\"},\"image\":{\"@id\":\"https:\\\/\\\/najnaj.eu\\\/sl\\\/izdelek\\\/spalna-vreca-ergobaby-classic-srednje-tezka-tog-1-0-lunina-mena-kopiraj\\\/#primaryimage\"},\"thumbnailUrl\":\"https:\\\/\\\/najnaj.eu\\\/wp-content\\\/uploads\\\/2026\\\/02\\\/on-the-move-sleep-bag-starry-mint-02-5149x5149-07a76f7-scaled.jpg\",\"datePublished\":\"2026-02-27T09:56:41+00:00\",\"dateModified\":\"2026-03-24T09:38:50+00:00\",\"breadcrumb\":{\"@id\":\"https:\\\/\\\/najnaj.eu\\\/sl\\\/izdelek\\\/spalna-vreca-ergobaby-classic-srednje-tezka-tog-1-0-lunina-mena-kopiraj\\\/#breadcrumb\"},\"inLanguage\":\"sl-SI\",\"potentialAction\":[{\"@type\":\"ReadAction\",\"target\":[\"https:\\\/\\\/najnaj.eu\\\/sl\\\/izdelek\\\/spalna-vreca-ergobaby-classic-srednje-tezka-tog-1-0-lunina-mena-kopiraj\\\/\"]}]},{\"@type\":\"ImageObject\",\"inLanguage\":\"sl-SI\",\"@id\":\"https:\\\/\\\/najnaj.eu\\\/sl\\\/izdelek\\\/spalna-vreca-ergobaby-classic-srednje-tezka-tog-1-0-lunina-mena-kopiraj\\\/#primaryimage\",\"url\":\"https:\\\/\\\/najnaj.eu\\\/wp-content\\\/uploads\\\/2026\\\/02\\\/on-the-move-sleep-bag-starry-mint-02-5149x5149-07a76f7-scaled.jpg\",\"contentUrl\":\"https:\\\/\\\/najnaj.eu\\\/wp-content\\\/uploads\\\/2026\\\/02\\\/on-the-move-sleep-bag-starry-mint-02-5149x5149-07a76f7-scaled.jpg\",\"width\":2560,\"height\":2560},{\"@type\":\"BreadcrumbList\",\"@id\":\"https:\\\/\\\/najnaj.eu\\\/sl\\\/izdelek\\\/spalna-vreca-ergobaby-classic-srednje-tezka-tog-1-0-lunina-mena-kopiraj\\\/#breadcrumb\",\"itemListElement\":[{\"@type\":\"ListItem\",\"position\":1,\"name\":\"Po\u010detna stranica\",\"item\":\"https:\\\/\\\/najnaj.eu\\\/sl\\\/prednja-stran\\\/\"},{\"@type\":\"ListItem\",\"position\":2,\"name\":\"Shop\",\"item\":\"https:\\\/\\\/najnaj.eu\\\/sl\\\/shop\\\/\"},{\"@type\":\"ListItem\",\"position\":3,\"name\":\"Privatno: Ergobaby Klasi\u010dna vre\u0107a za spavanje, Mid-weight (TOG 1.0), Starry Mint\"}]},{\"@type\":\"WebSite\",\"@id\":\"https:\\\/\\\/najnaj.eu\\\/sl\\\/#website\",\"url\":\"https:\\\/\\\/najnaj.eu\\\/sl\\\/\",\"name\":\"NajNaj.eu\",\"description\":\"Za najva\u017enije!\",\"publisher\":{\"@id\":\"https:\\\/\\\/najnaj.eu\\\/sl\\\/#organization\"},\"potentialAction\":[{\"@type\":\"SearchAction\",\"target\":{\"@type\":\"EntryPoint\",\"urlTemplate\":\"https:\\\/\\\/najnaj.eu\\\/sl\\\/?s={search_term_string}\"},\"query-input\":{\"@type\":\"PropertyValueSpecification\",\"valueRequired\":true,\"valueName\":\"search_term_string\"}}],\"inLanguage\":\"sl-SI\"},{\"@type\":\"Organization\",\"@id\":\"https:\\\/\\\/najnaj.eu\\\/sl\\\/#organization\",\"name\":\"NajNaj.eu\",\"url\":\"https:\\\/\\\/najnaj.eu\\\/sl\\\/\",\"logo\":{\"@type\":\"ImageObject\",\"inLanguage\":\"sl-SI\",\"@id\":\"https:\\\/\\\/najnaj.eu\\\/sl\\\/#\\\/schema\\\/logo\\\/image\\\/\",\"url\":\"https:\\\/\\\/najnaj.eu\\\/wp-content\\\/uploads\\\/2023\\\/09\\\/logo_Najnaj_2023.svg\",\"contentUrl\":\"https:\\\/\\\/najnaj.eu\\\/wp-content\\\/uploads\\\/2023\\\/09\\\/logo_Najnaj_2023.svg\",\"width\":501,\"height\":278,\"caption\":\"NajNaj.eu\"},\"image\":{\"@id\":\"https:\\\/\\\/najnaj.eu\\\/sl\\\/#\\\/schema\\\/logo\\\/image\\\/\"},\"sameAs\":[\"https:\\\/\\\/web.facebook.com\\\/najnaj.eu\\\/\",\"https:\\\/\\\/www.instagram.com\\\/najnaj.eu\\\/\",\"https:\\\/\\\/www.tiktok.com\\\/@najnaj.eu\"]}]}<\/script>\n<meta property=\"product:brand\" content=\"Ergobaby\" \/>\n<meta property=\"product:price:amount\" content=\"34.90\" \/>\n<meta property=\"product:price:currency\" content=\"EUR\" \/>\n<meta property=\"og:availability\" content=\"instock\" \/>\n<meta property=\"product:availability\" content=\"instock\" \/>\n<meta property=\"product:retailer_item_id\" content=\"SLBSMSTRMNT1\" \/>\n<meta property=\"product:condition\" content=\"new\" \/>\n<!-- \/ Yoast SEO Premium plugin. -->","yoast_head_json":{"title":"Ergobaby Klasi\u010dna vre\u0107a za spavanje, Mid-weight (TOG 1.0), Starry Mint - NajNaj.eu","robots":{"index":"index","follow":"follow","max-snippet":"max-snippet:-1","max-image-preview":"max-image-preview:large","max-video-preview":"max-video-preview:-1"},"canonical":"https:\/\/najnaj.eu\/sl\/izdelek\/spalna-vreca-ergobaby-classic-srednje-tezka-tog-1-0-lunina-mena-kopiraj\/","og_locale":"sl_SI","og_type":"article","og_title":"Ergobaby Klasi\u010dna vre\u0107a za spavanje, Mid-weight (TOG 1.0), Starry Mint","og_description":"omogo\u010da hitro menjavo plenic  djetetu pru\u017ea dulji i mirniji san  jednostavno rukovanje  Debljina: TOG 1.0 Veli\u010dina S: 0 \u2013 6 mjeseci \/ 46 \u2013 68 cm \/ 11,3 kg   Jednostavna upotreba  Jednostavna promjena pelena  Prozra\u010dan pamuk  100 % bomba\u017e","og_url":"https:\/\/najnaj.eu\/sl\/izdelek\/spalna-vreca-ergobaby-classic-srednje-tezka-tog-1-0-lunina-mena-kopiraj\/","og_site_name":"NajNaj.eu","article_publisher":"https:\/\/web.facebook.com\/najnaj.eu\/","article_modified_time":"2026-03-24T09:38:50+00:00","og_image":[{"width":2560,"height":2560,"url":"https:\/\/najnaj.eu\/wp-content\/uploads\/2026\/02\/on-the-move-sleep-bag-starry-mint-02-5149x5149-07a76f7-scaled.jpg","type":"image\/jpeg"}],"twitter_card":"summary_large_image","twitter_misc":{"Price":"34,90&nbsp;&euro;","Availability":"In stock"},"schema":{"@context":"https:\/\/schema.org","@graph":[{"@type":"WebPage","@id":"https:\/\/najnaj.eu\/sl\/izdelek\/spalna-vreca-ergobaby-classic-srednje-tezka-tog-1-0-lunina-mena-kopiraj\/","url":"https:\/\/najnaj.eu\/sl\/izdelek\/spalna-vreca-ergobaby-classic-srednje-tezka-tog-1-0-lunina-mena-kopiraj\/","name":"Ergobaby Klasi\u010dna vre\u0107a za spavanje, Mid-weight (TOG 1.0), Starry Mint - NajNaj.eu","isPartOf":{"@id":"https:\/\/najnaj.eu\/sl\/#website"},"primaryImageOfPage":{"@id":"https:\/\/najnaj.eu\/sl\/izdelek\/spalna-vreca-ergobaby-classic-srednje-tezka-tog-1-0-lunina-mena-kopiraj\/#primaryimage"},"image":{"@id":"https:\/\/najnaj.eu\/sl\/izdelek\/spalna-vreca-ergobaby-classic-srednje-tezka-tog-1-0-lunina-mena-kopiraj\/#primaryimage"},"thumbnailUrl":"https:\/\/najnaj.eu\/wp-content\/uploads\/2026\/02\/on-the-move-sleep-bag-starry-mint-02-5149x5149-07a76f7-scaled.jpg","datePublished":"2026-02-27T09:56:41+00:00","dateModified":"2026-03-24T09:38:50+00:00","breadcrumb":{"@id":"https:\/\/najnaj.eu\/sl\/izdelek\/spalna-vreca-ergobaby-classic-srednje-tezka-tog-1-0-lunina-mena-kopiraj\/#breadcrumb"},"inLanguage":"sl-SI","potentialAction":[{"@type":"ReadAction","target":["https:\/\/najnaj.eu\/sl\/izdelek\/spalna-vreca-ergobaby-classic-srednje-tezka-tog-1-0-lunina-mena-kopiraj\/"]}]},{"@type":"ImageObject","inLanguage":"sl-SI","@id":"https:\/\/najnaj.eu\/sl\/izdelek\/spalna-vreca-ergobaby-classic-srednje-tezka-tog-1-0-lunina-mena-kopiraj\/#primaryimage","url":"https:\/\/najnaj.eu\/wp-content\/uploads\/2026\/02\/on-the-move-sleep-bag-starry-mint-02-5149x5149-07a76f7-scaled.jpg","contentUrl":"https:\/\/najnaj.eu\/wp-content\/uploads\/2026\/02\/on-the-move-sleep-bag-starry-mint-02-5149x5149-07a76f7-scaled.jpg","width":2560,"height":2560},{"@type":"BreadcrumbList","@id":"https:\/\/najnaj.eu\/sl\/izdelek\/spalna-vreca-ergobaby-classic-srednje-tezka-tog-1-0-lunina-mena-kopiraj\/#breadcrumb","itemListElement":[{"@type":"ListItem","position":1,"name":"Po\u010detna stranica","item":"https:\/\/najnaj.eu\/sl\/prednja-stran\/"},{"@type":"ListItem","position":2,"name":"Shop","item":"https:\/\/najnaj.eu\/sl\/shop\/"},{"@type":"ListItem","position":3,"name":"Privatno: Ergobaby Klasi\u010dna vre\u0107a za spavanje, Mid-weight (TOG 1.0), Starry Mint"}]},{"@type":"WebSite","@id":"https:\/\/najnaj.eu\/sl\/#website","url":"https:\/\/najnaj.eu\/sl\/","name":"NajNaj.eu","description":"Za najva\u017enije!","publisher":{"@id":"https:\/\/najnaj.eu\/sl\/#organization"},"potentialAction":[{"@type":"SearchAction","target":{"@type":"EntryPoint","urlTemplate":"https:\/\/najnaj.eu\/sl\/?s={search_term_string}"},"query-input":{"@type":"PropertyValueSpecification","valueRequired":true,"valueName":"search_term_string"}}],"inLanguage":"sl-SI"},{"@type":"Organization","@id":"https:\/\/najnaj.eu\/sl\/#organization","name":"NajNaj.eu","url":"https:\/\/najnaj.eu\/sl\/","logo":{"@type":"ImageObject","inLanguage":"sl-SI","@id":"https:\/\/najnaj.eu\/sl\/#\/schema\/logo\/image\/","url":"https:\/\/najnaj.eu\/wp-content\/uploads\/2023\/09\/logo_Najnaj_2023.svg","contentUrl":"https:\/\/najnaj.eu\/wp-content\/uploads\/2023\/09\/logo_Najnaj_2023.svg","width":501,"height":278,"caption":"NajNaj.eu"},"image":{"@id":"https:\/\/najnaj.eu\/sl\/#\/schema\/logo\/image\/"},"sameAs":["https:\/\/web.facebook.com\/najnaj.eu\/","https:\/\/www.instagram.com\/najnaj.eu\/","https:\/\/www.tiktok.com\/@najnaj.eu"]}]},"product_brand":"Ergobaby","product_price_amount":"34.90","product_price_currency":"EUR","og_availability":"instock","product_availability":"instock","product_retailer_item_id":"SLBSMSTRMNT1","product_condition":"new"},"_links":{"self":[{"href":"https:\/\/najnaj.eu\/sl\/wp-json\/wp\/v2\/product\/291072","targetHints":{"allow":["GET"]}}],"collection":[{"href":"https:\/\/najnaj.eu\/sl\/wp-json\/wp\/v2\/product"}],"about":[{"href":"https:\/\/najnaj.eu\/sl\/wp-json\/wp\/v2\/types\/product"}],"replies":[{"embeddable":true,"href":"https:\/\/najnaj.eu\/sl\/wp-json\/wp\/v2\/comments?post=291072"}],"version-history":[{"count":0,"href":"https:\/\/najnaj.eu\/sl\/wp-json\/wp\/v2\/product\/291072\/revisions"}],"wp:featuredmedia":[{"embeddable":true,"href":"https:\/\/najnaj.eu\/sl\/wp-json\/wp\/v2\/media\/291080"}],"wp:attachment":[{"href":"https:\/\/najnaj.eu\/sl\/wp-json\/wp\/v2\/media?parent=291072"}],"wp:term":[{"taxonomy":"product_brand","embeddable":true,"href":"https:\/\/najnaj.eu\/sl\/wp-json\/wp\/v2\/product_brand?post=291072"},{"taxonomy":"product_cat","embeddable":true,"href":"https:\/\/najnaj.eu\/sl\/wp-json\/wp\/v2\/product_cat?post=291072"},{"taxonomy":"product_tag","embeddable":true,"href":"https:\/\/najnaj.eu\/sl\/wp-json\/wp\/v2\/product_tag?post=291072"}],"curies":[{"name":"wp","href":"https:\/\/api.w.org\/{rel}","templated":true}]}}