{"id":290693,"date":"2026-02-25T09:39:50","date_gmt":"2026-02-25T08:39:50","guid":{"rendered":"https:\/\/najnaj.eu\/?post_type=product&#038;p=290693"},"modified":"2026-02-25T09:46:47","modified_gmt":"2026-02-25T08:46:47","slug":"voksi-mekane-cipelice-za-bebe-black","status":"publish","type":"product","link":"https:\/\/najnaj.eu\/sl\/izdelek\/voksi-mekane-cipelice-za-bebe-black\/","title":{"rendered":"Voksi mekane cipelice za bebe, Black"},"content":{"rendered":"<p><span style=\"font-weight: 400;\">Mekane cipelice za bebe prikladne su za kori\u0161tenje ve\u0107 od najranije dobi djeteta. Idealne su za djecu koja jo\u0161 ne hodaju te pru\u017eaju dodatnu za\u0161titu i toplinu stopalima u kolicima, nosiljkama i autosjedalicama.<\/span><\/p>\n<p><span style=\"font-weight: 400;\">Izra\u0111ene su od prirodnih i provjerenih, visokokvalitetnih materijala. Punjene su vunom koja osigurava ugodnu temperaturu i poma\u017ee odr\u017eati dje\u010dja stopala suhima. Vuna prirodno regulira temperaturu te odr\u017eava stopala va\u0161eg djeteta toplima.<\/span><\/p>\n<p><span style=\"font-weight: 400;\">Vanjski materijal je vjetrootporan, s vodootporno\u0161\u0107u od minimalno 8000 mm vodenog stupca, te je premazan tehnologijom BIONIC-FINISH\u00ae ECO, \u0161to zna\u010di da odbija vodu. Svi kori\u0161teni materijali certificirani su prema OEKO-TEX\u00ae standardu \u0161to potvr\u0111uje da proizvod ne sadr\u017ei \u0161tetne tvari i siguran je za najmla\u0111e.<\/span><\/p>\n<p><span style=\"font-weight: 400;\">Cipelice \u010dvrsto prianjaju uz stopala, osiguravaju\u0107i da ostanu na mjestu cijelo vrijeme. Prakti\u010dno zatvaranje na \u010di\u010dak omogu\u0107uje brzo i jednostavno obuvanje i izuvanje. <\/span><span style=\"font-weight: 400;\"><br \/>\n<\/span><span style=\"font-weight: 400;\">Cipelice mo\u017eete kombinirati s Voksi <a href=\"https:\/\/najnaj.eu\/attribut\/brand\/voksi\/?kategorija=zimske-vrece,zimske-vrece-za-kolica\">zimskim vre\u0107ama<\/a> i <a href=\"https:\/\/najnaj.eu\/attribut\/brand\/voksi\/?kategorija=ostalo\">rukavicama za kolica<\/a> za savr\u0161eno uskla\u0111en izgled.<\/span><\/p>\n","protected":false},"excerpt":{"rendered":"<ul>\n<li aria-level=\"1\"><span style=\"font-weight: 400;\">Veli\u010dina <\/span><b>0\u20131 god.<\/b><\/li>\n<li aria-level=\"1\"><span style=\"font-weight: 400;\">Tople i mekane od vunenog punjenja<\/span><\/li>\n<li aria-level=\"1\"><span style=\"font-weight: 400;\">Vodootporne in vjetrootporne<\/span><\/li>\n<li aria-level=\"1\"><span style=\"font-weight: 400;\">Jednostavno obuvanje i skidanje<\/span><\/li>\n<li aria-level=\"1\"><span style=\"font-weight: 400;\">Punjenje od <\/span><b>100% vune<\/b><\/li>\n<li aria-level=\"1\"><span style=\"font-weight: 400;\">Materijali s <\/span><b>OEKO-TEX Standard 100, klasa 1<\/b><\/li>\n<\/ul>\n","protected":false},"featured_media":290695,"comment_status":"closed","ping_status":"closed","template":"","meta":{"_acf_changed":false,"footnotes":""},"product_brand":[],"product_cat":[829,552,741,646,649],"product_tag":[],"class_list":{"0":"post-290693","1":"product","2":"type-product","3":"status-publish","4":"has-post-thumbnail","6":"product_cat-dodaci-za-autosjedalice","7":"product_cat-dodaci-za-kolica","8":"product_cat-model-cipelice","9":"product_cat-ostali-dodaci","10":"product_cat-ostalo","11":"pa_boja-crna","12":"pa_brand-voksi","14":"first","15":"instock","16":"shipping-taxable","17":"purchasable","18":"product-type-simple"},"bundled_by":[],"bundle_stock_status":"instock","bundle_stock_quantity":2,"bundle_virtual":false,"bundle_layout":"","bundle_add_to_cart_form_location":"","bundle_editable_in_cart":false,"bundle_sold_individually_context":"","bundle_item_grouping":"","bundle_min_size":"","bundle_max_size":"","bundle_price":[],"bundled_items":[],"bundle_sell_ids":[],"acf":[],"yoast_head":"<!-- This site is optimized with the Yoast SEO Premium plugin v21.5 (Yoast SEO v27.3) - https:\/\/yoast.com\/product\/yoast-seo-premium-wordpress\/ -->\n<title>Voksi mekane cipelice za bebe, Black - NajNaj.eu<\/title>\n<meta name=\"robots\" content=\"index, follow, max-snippet:-1, max-image-preview:large, max-video-preview:-1\" \/>\n<link rel=\"canonical\" href=\"https:\/\/najnaj.eu\/sl\/izdelek\/voksi-mekane-cipelice-za-bebe-black\/\" \/>\n<meta property=\"og:locale\" content=\"sl_SI\" \/>\n<meta property=\"og:type\" content=\"article\" \/>\n<meta property=\"og:title\" content=\"Voksi mekane cipelice za bebe, Black\" \/>\n<meta property=\"og:description\" content=\"Veli\u010dina 0\u20131 god.  Tople i mekane od vunenog punjenja  Vodootporne in vjetrootporne  Jednostavno obuvanje i skidanje  Punjenje od 100% vune  Materijali s OEKO-TEX Standard 100, klasa 1\" \/>\n<meta property=\"og:url\" content=\"https:\/\/najnaj.eu\/sl\/izdelek\/voksi-mekane-cipelice-za-bebe-black\/\" \/>\n<meta property=\"og:site_name\" content=\"NajNaj.eu\" \/>\n<meta property=\"article:publisher\" content=\"https:\/\/web.facebook.com\/najnaj.eu\/\" \/>\n<meta property=\"article:modified_time\" content=\"2026-02-25T08:46:47+00:00\" \/>\n<meta property=\"og:image\" content=\"https:\/\/najnaj.eu\/wp-content\/uploads\/2026\/02\/11037717_voksi_baby-booties_black-01.webp\" \/>\n\t<meta property=\"og:image:width\" content=\"1024\" \/>\n\t<meta property=\"og:image:height\" content=\"1024\" \/>\n\t<meta property=\"og:image:type\" content=\"image\/webp\" \/>\n<meta name=\"twitter:card\" content=\"summary_large_image\" \/>\n<meta name=\"twitter:label1\" content=\"Price\" \/>\n\t<meta name=\"twitter:data1\" content=\"29,90&nbsp;&euro;\" \/>\n\t<meta name=\"twitter:label2\" content=\"Availability\" \/>\n\t<meta name=\"twitter:data2\" content=\"In stock\" \/>\n<script type=\"application\/ld+json\" class=\"yoast-schema-graph\">{\"@context\":\"https:\\\/\\\/schema.org\",\"@graph\":[{\"@type\":\"WebPage\",\"@id\":\"https:\\\/\\\/najnaj.eu\\\/sl\\\/izdelek\\\/voksi-mekane-cipelice-za-bebe-black\\\/\",\"url\":\"https:\\\/\\\/najnaj.eu\\\/sl\\\/izdelek\\\/voksi-mekane-cipelice-za-bebe-black\\\/\",\"name\":\"Voksi mekane cipelice za bebe, Black - NajNaj.eu\",\"isPartOf\":{\"@id\":\"https:\\\/\\\/najnaj.eu\\\/sl\\\/#website\"},\"primaryImageOfPage\":{\"@id\":\"https:\\\/\\\/najnaj.eu\\\/sl\\\/izdelek\\\/voksi-mekane-cipelice-za-bebe-black\\\/#primaryimage\"},\"image\":{\"@id\":\"https:\\\/\\\/najnaj.eu\\\/sl\\\/izdelek\\\/voksi-mekane-cipelice-za-bebe-black\\\/#primaryimage\"},\"thumbnailUrl\":\"https:\\\/\\\/najnaj.eu\\\/wp-content\\\/uploads\\\/2026\\\/02\\\/11037717_voksi_baby-booties_black-01.webp\",\"datePublished\":\"2026-02-25T08:39:50+00:00\",\"dateModified\":\"2026-02-25T08:46:47+00:00\",\"breadcrumb\":{\"@id\":\"https:\\\/\\\/najnaj.eu\\\/sl\\\/izdelek\\\/voksi-mekane-cipelice-za-bebe-black\\\/#breadcrumb\"},\"inLanguage\":\"sl-SI\",\"potentialAction\":[{\"@type\":\"ReadAction\",\"target\":[\"https:\\\/\\\/najnaj.eu\\\/sl\\\/izdelek\\\/voksi-mekane-cipelice-za-bebe-black\\\/\"]}]},{\"@type\":\"ImageObject\",\"inLanguage\":\"sl-SI\",\"@id\":\"https:\\\/\\\/najnaj.eu\\\/sl\\\/izdelek\\\/voksi-mekane-cipelice-za-bebe-black\\\/#primaryimage\",\"url\":\"https:\\\/\\\/najnaj.eu\\\/wp-content\\\/uploads\\\/2026\\\/02\\\/11037717_voksi_baby-booties_black-01.webp\",\"contentUrl\":\"https:\\\/\\\/najnaj.eu\\\/wp-content\\\/uploads\\\/2026\\\/02\\\/11037717_voksi_baby-booties_black-01.webp\",\"width\":1024,\"height\":1024},{\"@type\":\"BreadcrumbList\",\"@id\":\"https:\\\/\\\/najnaj.eu\\\/sl\\\/izdelek\\\/voksi-mekane-cipelice-za-bebe-black\\\/#breadcrumb\",\"itemListElement\":[{\"@type\":\"ListItem\",\"position\":1,\"name\":\"Po\u010detna stranica\",\"item\":\"https:\\\/\\\/najnaj.eu\\\/sl\\\/prednja-stran\\\/\"},{\"@type\":\"ListItem\",\"position\":2,\"name\":\"Shop\",\"item\":\"https:\\\/\\\/najnaj.eu\\\/sl\\\/shop\\\/\"},{\"@type\":\"ListItem\",\"position\":3,\"name\":\"Voksi mekane cipelice za bebe, Black\"}]},{\"@type\":\"WebSite\",\"@id\":\"https:\\\/\\\/najnaj.eu\\\/sl\\\/#website\",\"url\":\"https:\\\/\\\/najnaj.eu\\\/sl\\\/\",\"name\":\"NajNaj.eu\",\"description\":\"Za najva\u017enije!\",\"publisher\":{\"@id\":\"https:\\\/\\\/najnaj.eu\\\/sl\\\/#organization\"},\"potentialAction\":[{\"@type\":\"SearchAction\",\"target\":{\"@type\":\"EntryPoint\",\"urlTemplate\":\"https:\\\/\\\/najnaj.eu\\\/sl\\\/?s={search_term_string}\"},\"query-input\":{\"@type\":\"PropertyValueSpecification\",\"valueRequired\":true,\"valueName\":\"search_term_string\"}}],\"inLanguage\":\"sl-SI\"},{\"@type\":\"Organization\",\"@id\":\"https:\\\/\\\/najnaj.eu\\\/sl\\\/#organization\",\"name\":\"NajNaj.eu\",\"url\":\"https:\\\/\\\/najnaj.eu\\\/sl\\\/\",\"logo\":{\"@type\":\"ImageObject\",\"inLanguage\":\"sl-SI\",\"@id\":\"https:\\\/\\\/najnaj.eu\\\/sl\\\/#\\\/schema\\\/logo\\\/image\\\/\",\"url\":\"https:\\\/\\\/najnaj.eu\\\/wp-content\\\/uploads\\\/2023\\\/09\\\/logo_Najnaj_2023.svg\",\"contentUrl\":\"https:\\\/\\\/najnaj.eu\\\/wp-content\\\/uploads\\\/2023\\\/09\\\/logo_Najnaj_2023.svg\",\"width\":501,\"height\":278,\"caption\":\"NajNaj.eu\"},\"image\":{\"@id\":\"https:\\\/\\\/najnaj.eu\\\/sl\\\/#\\\/schema\\\/logo\\\/image\\\/\"},\"sameAs\":[\"https:\\\/\\\/web.facebook.com\\\/najnaj.eu\\\/\",\"https:\\\/\\\/www.instagram.com\\\/najnaj.eu\\\/\",\"https:\\\/\\\/www.tiktok.com\\\/@najnaj.eu\"]}]}<\/script>\n<meta property=\"product:brand\" content=\"Voksi\" \/>\n<meta property=\"product:price:amount\" content=\"29.90\" \/>\n<meta property=\"product:price:currency\" content=\"EUR\" \/>\n<meta property=\"og:availability\" content=\"instock\" \/>\n<meta property=\"product:availability\" content=\"instock\" \/>\n<meta property=\"product:retailer_item_id\" content=\"11037717-Black-0-1Y-LightGrey\" \/>\n<meta property=\"product:condition\" content=\"new\" \/>\n<!-- \/ Yoast SEO Premium plugin. -->","yoast_head_json":{"title":"Voksi mekane cipelice za bebe, Black - NajNaj.eu","robots":{"index":"index","follow":"follow","max-snippet":"max-snippet:-1","max-image-preview":"max-image-preview:large","max-video-preview":"max-video-preview:-1"},"canonical":"https:\/\/najnaj.eu\/sl\/izdelek\/voksi-mekane-cipelice-za-bebe-black\/","og_locale":"sl_SI","og_type":"article","og_title":"Voksi mekane cipelice za bebe, Black","og_description":"Veli\u010dina 0\u20131 god.  Tople i mekane od vunenog punjenja  Vodootporne in vjetrootporne  Jednostavno obuvanje i skidanje  Punjenje od 100% vune  Materijali s OEKO-TEX Standard 100, klasa 1","og_url":"https:\/\/najnaj.eu\/sl\/izdelek\/voksi-mekane-cipelice-za-bebe-black\/","og_site_name":"NajNaj.eu","article_publisher":"https:\/\/web.facebook.com\/najnaj.eu\/","article_modified_time":"2026-02-25T08:46:47+00:00","og_image":[{"width":1024,"height":1024,"url":"https:\/\/najnaj.eu\/wp-content\/uploads\/2026\/02\/11037717_voksi_baby-booties_black-01.webp","type":"image\/webp"}],"twitter_card":"summary_large_image","twitter_misc":{"Price":"29,90&nbsp;&euro;","Availability":"In stock"},"schema":{"@context":"https:\/\/schema.org","@graph":[{"@type":"WebPage","@id":"https:\/\/najnaj.eu\/sl\/izdelek\/voksi-mekane-cipelice-za-bebe-black\/","url":"https:\/\/najnaj.eu\/sl\/izdelek\/voksi-mekane-cipelice-za-bebe-black\/","name":"Voksi mekane cipelice za bebe, Black - NajNaj.eu","isPartOf":{"@id":"https:\/\/najnaj.eu\/sl\/#website"},"primaryImageOfPage":{"@id":"https:\/\/najnaj.eu\/sl\/izdelek\/voksi-mekane-cipelice-za-bebe-black\/#primaryimage"},"image":{"@id":"https:\/\/najnaj.eu\/sl\/izdelek\/voksi-mekane-cipelice-za-bebe-black\/#primaryimage"},"thumbnailUrl":"https:\/\/najnaj.eu\/wp-content\/uploads\/2026\/02\/11037717_voksi_baby-booties_black-01.webp","datePublished":"2026-02-25T08:39:50+00:00","dateModified":"2026-02-25T08:46:47+00:00","breadcrumb":{"@id":"https:\/\/najnaj.eu\/sl\/izdelek\/voksi-mekane-cipelice-za-bebe-black\/#breadcrumb"},"inLanguage":"sl-SI","potentialAction":[{"@type":"ReadAction","target":["https:\/\/najnaj.eu\/sl\/izdelek\/voksi-mekane-cipelice-za-bebe-black\/"]}]},{"@type":"ImageObject","inLanguage":"sl-SI","@id":"https:\/\/najnaj.eu\/sl\/izdelek\/voksi-mekane-cipelice-za-bebe-black\/#primaryimage","url":"https:\/\/najnaj.eu\/wp-content\/uploads\/2026\/02\/11037717_voksi_baby-booties_black-01.webp","contentUrl":"https:\/\/najnaj.eu\/wp-content\/uploads\/2026\/02\/11037717_voksi_baby-booties_black-01.webp","width":1024,"height":1024},{"@type":"BreadcrumbList","@id":"https:\/\/najnaj.eu\/sl\/izdelek\/voksi-mekane-cipelice-za-bebe-black\/#breadcrumb","itemListElement":[{"@type":"ListItem","position":1,"name":"Po\u010detna stranica","item":"https:\/\/najnaj.eu\/sl\/prednja-stran\/"},{"@type":"ListItem","position":2,"name":"Shop","item":"https:\/\/najnaj.eu\/sl\/shop\/"},{"@type":"ListItem","position":3,"name":"Voksi mekane cipelice za bebe, Black"}]},{"@type":"WebSite","@id":"https:\/\/najnaj.eu\/sl\/#website","url":"https:\/\/najnaj.eu\/sl\/","name":"NajNaj.eu","description":"Za najva\u017enije!","publisher":{"@id":"https:\/\/najnaj.eu\/sl\/#organization"},"potentialAction":[{"@type":"SearchAction","target":{"@type":"EntryPoint","urlTemplate":"https:\/\/najnaj.eu\/sl\/?s={search_term_string}"},"query-input":{"@type":"PropertyValueSpecification","valueRequired":true,"valueName":"search_term_string"}}],"inLanguage":"sl-SI"},{"@type":"Organization","@id":"https:\/\/najnaj.eu\/sl\/#organization","name":"NajNaj.eu","url":"https:\/\/najnaj.eu\/sl\/","logo":{"@type":"ImageObject","inLanguage":"sl-SI","@id":"https:\/\/najnaj.eu\/sl\/#\/schema\/logo\/image\/","url":"https:\/\/najnaj.eu\/wp-content\/uploads\/2023\/09\/logo_Najnaj_2023.svg","contentUrl":"https:\/\/najnaj.eu\/wp-content\/uploads\/2023\/09\/logo_Najnaj_2023.svg","width":501,"height":278,"caption":"NajNaj.eu"},"image":{"@id":"https:\/\/najnaj.eu\/sl\/#\/schema\/logo\/image\/"},"sameAs":["https:\/\/web.facebook.com\/najnaj.eu\/","https:\/\/www.instagram.com\/najnaj.eu\/","https:\/\/www.tiktok.com\/@najnaj.eu"]}]},"product_brand":"Voksi","product_price_amount":"29.90","product_price_currency":"EUR","og_availability":"instock","product_availability":"instock","product_retailer_item_id":"11037717-Black-0-1Y-LightGrey","product_condition":"new"},"_links":{"self":[{"href":"https:\/\/najnaj.eu\/sl\/wp-json\/wp\/v2\/product\/290693","targetHints":{"allow":["GET"]}}],"collection":[{"href":"https:\/\/najnaj.eu\/sl\/wp-json\/wp\/v2\/product"}],"about":[{"href":"https:\/\/najnaj.eu\/sl\/wp-json\/wp\/v2\/types\/product"}],"replies":[{"embeddable":true,"href":"https:\/\/najnaj.eu\/sl\/wp-json\/wp\/v2\/comments?post=290693"}],"version-history":[{"count":0,"href":"https:\/\/najnaj.eu\/sl\/wp-json\/wp\/v2\/product\/290693\/revisions"}],"wp:featuredmedia":[{"embeddable":true,"href":"https:\/\/najnaj.eu\/sl\/wp-json\/wp\/v2\/media\/290695"}],"wp:attachment":[{"href":"https:\/\/najnaj.eu\/sl\/wp-json\/wp\/v2\/media?parent=290693"}],"wp:term":[{"taxonomy":"product_brand","embeddable":true,"href":"https:\/\/najnaj.eu\/sl\/wp-json\/wp\/v2\/product_brand?post=290693"},{"taxonomy":"product_cat","embeddable":true,"href":"https:\/\/najnaj.eu\/sl\/wp-json\/wp\/v2\/product_cat?post=290693"},{"taxonomy":"product_tag","embeddable":true,"href":"https:\/\/najnaj.eu\/sl\/wp-json\/wp\/v2\/product_tag?post=290693"}],"curies":[{"name":"wp","href":"https:\/\/api.w.org\/{rel}","templated":true}]}}