{"id":288001,"date":"2026-02-03T14:45:51","date_gmt":"2026-02-03T13:45:51","guid":{"rendered":"https:\/\/najnaj.eu\/?post_type=product&#038;p=288001"},"modified":"2026-02-03T15:59:39","modified_gmt":"2026-02-03T14:59:39","slug":"lassig-komplet-jedilnega-pribora-pp-celuloza-veselo-sadje-limona-kroznik-skleda-skodelica-zlica-kopiraj-kopiraj","status":"publish","type":"product","link":"https:\/\/najnaj.eu\/sl\/izdelek\/lassig-komplet-jedilnega-pribora-pp-celuloza-veselo-sadje-limona-kroznik-skleda-skodelica-zlica-kopiraj-kopiraj\/","title":{"rendered":"L\u00e4ssig komplet jedilnega pribora PP\/celuloza Tiny Team Dog (kro\u017enik, skleda, skodelica, \u017elica)"},"content":{"rendered":"<p>\u0160portna zabava se za\u010dne s Tiny Team! \u0160portne \u017eivali, kot so psi in ma\u010dke, postanejo majhni spremljevalci za mal\u010dke. S prakti\u010dnim 4-delnim kompletom jedilnega pribora L\u00c4SSIG iz kolekcije Tiny Team s funkcionalnimi detajli in \u010dudovitimi potiski bodo va\u0161i otroci zlahka za\u010deli s prvimi samostojnimi poskusi prehranjevanja.  <\/p>\n<p>Informacije o izdelku:<br \/>\n &#8211; 4-delni komplet: kro\u017enik, skleda, skodelica, \u017elica<br \/>\n &#8211; Dimenzije z embala\u017eo: 22,7 x 7,2 x 26 cm \/ 341 g<br \/>\n &#8211; Material: 70 % polipropilen (PP), 30 % celuloza<br \/>\n &#8211; Brez BPA <\/p>\n<p>Posebne lastnosti:<br \/>\n &#8211; dober oprijem na mizi zaradi protizdrsnega obro\u010da na spodnji strani<br \/>\n &#8211; Primerno za pomivanje v pomivalnem stroju in mikrovalovno pe\u010dico (do najve\u010d 400 W)<br \/>\n &#8211; Lahek in neuni\u010dljiv material<\/p>\n<p>Komplet jedilnega pribora je izdelan iz me\u0161anice polipropilena in celuloze, zato uporablja manj dragocene, omejene surovine kot obi\u010dajni polipropilen. Odli\u010dno se dopolnjuje s \u0161tevilnimi drugimi izdelki iz kolekcije Tiny Team. <\/p>\n<p>Opozorila: Vse neuporabljene dele hranite izven dosega otrok., Pred hranjenjem vedno preverite temperaturo hrane., Izogibajte se stiku z ostrimi predmeti, saj lahko to trajno po\u0161koduje povr\u0161ino., Izdelek preverite pred vsako uporabo in ga zavrzite ob prvih znakih po\u0161kodb ali \u0161ibkosti., Neprekinjeno in dolgotrajno sesanje teko\u010din povzro\u010da zobno gnilobo., Na izdelek nikoli ne pritrjujte dodatnih vrvic, trakov ali drugih komponent. Nevarnost zadu\u0161itve!, Kro\u017enik, skleda in \u017elica so preizku\u0161eni v skladu z DIN EN 14372. Skodelica je preizku\u0161ena v skladu z DIN EN 14350:2020-08., Ta izdelek se lahko uporablja samo pod nadzorom odrasle osebe.<\/p>\n","protected":false},"excerpt":{"rendered":"<p>Otro\u0161ki komplet jedilnega pribora L\u00c4SSIG Tiny Team se pona\u0161a z impresivno funkcionalnostjo, ljubkim dizajnom in materiali, ki var\u010dujejo z viri. Kro\u017enik ne vsebuje BPA, je lahek in primeren za mikrovalovno pe\u010dico ter pomivanje v pomivalnem stroju. <\/p>\n","protected":false},"featured_media":288007,"comment_status":"closed","ping_status":"closed","template":"","meta":{"_acf_changed":false,"footnotes":""},"product_brand":[],"product_cat":[2228,1167,2231,1275],"product_tag":[],"class_list":{"0":"post-288001","1":"product","2":"type-product","3":"status-publish","4":"has-post-thumbnail","6":"product_cat-darila","7":"product_cat-hranjenje-sl","8":"product_cat-kompleti","9":"product_cat-posoda","10":"pa_boja-plava-sl","11":"pa_brand-lassig-sl","12":"pa_vrsta-posuda-kozarci-in-skodelice","13":"pa_vrsta-posuda-krozniki-in-sklede","15":"first","16":"instock","17":"shipping-taxable","18":"purchasable","19":"product-type-simple"},"bundled_by":[],"bundle_stock_status":"instock","bundle_stock_quantity":5,"bundle_virtual":false,"bundle_layout":"","bundle_add_to_cart_form_location":"","bundle_editable_in_cart":false,"bundle_sold_individually_context":"","bundle_item_grouping":"","bundle_min_size":"","bundle_max_size":"","bundle_price":[],"bundled_items":[],"bundle_sell_ids":[],"acf":[],"yoast_head":"<!-- This site is optimized with the Yoast SEO Premium plugin v21.5 (Yoast SEO v27.3) - https:\/\/yoast.com\/product\/yoast-seo-premium-wordpress\/ -->\n<title>L\u00e4ssig komplet jedilnega pribora PP\/celuloza Tiny Team Dog (kro\u017enik, skleda, skodelica, \u017elica) - NajNaj.eu<\/title>\n<meta name=\"robots\" content=\"index, follow, max-snippet:-1, max-image-preview:large, max-video-preview:-1\" \/>\n<link rel=\"canonical\" href=\"https:\/\/najnaj.eu\/sl\/izdelek\/lassig-komplet-jedilnega-pribora-pp-celuloza-veselo-sadje-limona-kroznik-skleda-skodelica-zlica-kopiraj-kopiraj\/\" \/>\n<meta property=\"og:locale\" content=\"sl_SI\" \/>\n<meta property=\"og:type\" content=\"article\" \/>\n<meta property=\"og:title\" content=\"L\u00e4ssig komplet jedilnega pribora PP\/celuloza Tiny Team Dog (kro\u017enik, skleda, skodelica, \u017elica)\" \/>\n<meta property=\"og:description\" content=\"Otro\u0161ki komplet jedilnega pribora L\u00c4SSIG Tiny Team se pona\u0161a z impresivno funkcionalnostjo, ljubkim dizajnom in materiali, ki var\u010dujejo z viri. Kro\u017enik ne vsebuje BPA, je lahek in primeren za mikrovalovno pe\u010dico ter pomivanje v pomivalnem stroju.\" \/>\n<meta property=\"og:url\" content=\"https:\/\/najnaj.eu\/sl\/izdelek\/lassig-komplet-jedilnega-pribora-pp-celuloza-veselo-sadje-limona-kroznik-skleda-skodelica-zlica-kopiraj-kopiraj\/\" \/>\n<meta property=\"og:site_name\" content=\"NajNaj.eu\" \/>\n<meta property=\"article:publisher\" content=\"https:\/\/web.facebook.com\/najnaj.eu\/\" \/>\n<meta property=\"article:modified_time\" content=\"2026-02-03T14:59:39+00:00\" \/>\n<meta property=\"og:image\" content=\"https:\/\/najnaj.eu\/wp-content\/uploads\/2026\/02\/KID_J25_13100625025_P_1.jpg\" \/>\n\t<meta property=\"og:image:width\" content=\"2000\" \/>\n\t<meta property=\"og:image:height\" content=\"2001\" \/>\n\t<meta property=\"og:image:type\" content=\"image\/jpeg\" \/>\n<meta name=\"twitter:card\" content=\"summary_large_image\" \/>\n<meta name=\"twitter:label1\" content=\"Price\" \/>\n\t<meta name=\"twitter:data1\" content=\"24,95&nbsp;&euro;\" \/>\n\t<meta name=\"twitter:label2\" content=\"Availability\" \/>\n\t<meta name=\"twitter:data2\" content=\"In stock\" \/>\n<script type=\"application\/ld+json\" class=\"yoast-schema-graph\">{\"@context\":\"https:\\\/\\\/schema.org\",\"@graph\":[{\"@type\":\"WebPage\",\"@id\":\"https:\\\/\\\/najnaj.eu\\\/sl\\\/izdelek\\\/lassig-komplet-jedilnega-pribora-pp-celuloza-veselo-sadje-limona-kroznik-skleda-skodelica-zlica-kopiraj-kopiraj\\\/\",\"url\":\"https:\\\/\\\/najnaj.eu\\\/sl\\\/izdelek\\\/lassig-komplet-jedilnega-pribora-pp-celuloza-veselo-sadje-limona-kroznik-skleda-skodelica-zlica-kopiraj-kopiraj\\\/\",\"name\":\"L\u00e4ssig komplet jedilnega pribora PP\\\/celuloza Tiny Team Dog (kro\u017enik, skleda, skodelica, \u017elica) - NajNaj.eu\",\"isPartOf\":{\"@id\":\"https:\\\/\\\/najnaj.eu\\\/sl\\\/#website\"},\"primaryImageOfPage\":{\"@id\":\"https:\\\/\\\/najnaj.eu\\\/sl\\\/izdelek\\\/lassig-komplet-jedilnega-pribora-pp-celuloza-veselo-sadje-limona-kroznik-skleda-skodelica-zlica-kopiraj-kopiraj\\\/#primaryimage\"},\"image\":{\"@id\":\"https:\\\/\\\/najnaj.eu\\\/sl\\\/izdelek\\\/lassig-komplet-jedilnega-pribora-pp-celuloza-veselo-sadje-limona-kroznik-skleda-skodelica-zlica-kopiraj-kopiraj\\\/#primaryimage\"},\"thumbnailUrl\":\"https:\\\/\\\/najnaj.eu\\\/wp-content\\\/uploads\\\/2026\\\/02\\\/KID_J25_13100625025_P_1.jpg\",\"datePublished\":\"2026-02-03T13:45:51+00:00\",\"dateModified\":\"2026-02-03T14:59:39+00:00\",\"breadcrumb\":{\"@id\":\"https:\\\/\\\/najnaj.eu\\\/sl\\\/izdelek\\\/lassig-komplet-jedilnega-pribora-pp-celuloza-veselo-sadje-limona-kroznik-skleda-skodelica-zlica-kopiraj-kopiraj\\\/#breadcrumb\"},\"inLanguage\":\"sl-SI\",\"potentialAction\":[{\"@type\":\"ReadAction\",\"target\":[\"https:\\\/\\\/najnaj.eu\\\/sl\\\/izdelek\\\/lassig-komplet-jedilnega-pribora-pp-celuloza-veselo-sadje-limona-kroznik-skleda-skodelica-zlica-kopiraj-kopiraj\\\/\"]}]},{\"@type\":\"ImageObject\",\"inLanguage\":\"sl-SI\",\"@id\":\"https:\\\/\\\/najnaj.eu\\\/sl\\\/izdelek\\\/lassig-komplet-jedilnega-pribora-pp-celuloza-veselo-sadje-limona-kroznik-skleda-skodelica-zlica-kopiraj-kopiraj\\\/#primaryimage\",\"url\":\"https:\\\/\\\/najnaj.eu\\\/wp-content\\\/uploads\\\/2026\\\/02\\\/KID_J25_13100625025_P_1.jpg\",\"contentUrl\":\"https:\\\/\\\/najnaj.eu\\\/wp-content\\\/uploads\\\/2026\\\/02\\\/KID_J25_13100625025_P_1.jpg\",\"width\":2000,\"height\":2001},{\"@type\":\"BreadcrumbList\",\"@id\":\"https:\\\/\\\/najnaj.eu\\\/sl\\\/izdelek\\\/lassig-komplet-jedilnega-pribora-pp-celuloza-veselo-sadje-limona-kroznik-skleda-skodelica-zlica-kopiraj-kopiraj\\\/#breadcrumb\",\"itemListElement\":[{\"@type\":\"ListItem\",\"position\":1,\"name\":\"Po\u010detna stranica\",\"item\":\"https:\\\/\\\/najnaj.eu\\\/sl\\\/prednja-stran\\\/\"},{\"@type\":\"ListItem\",\"position\":2,\"name\":\"Shop\",\"item\":\"https:\\\/\\\/najnaj.eu\\\/sl\\\/shop\\\/\"},{\"@type\":\"ListItem\",\"position\":3,\"name\":\"Privatno: L\u00e4ssig komplet jedilnega pribora PP\\\/celuloza Tiny Team Dog (kro\u017enik, skleda, skodelica, \u017elica)\"}]},{\"@type\":\"WebSite\",\"@id\":\"https:\\\/\\\/najnaj.eu\\\/sl\\\/#website\",\"url\":\"https:\\\/\\\/najnaj.eu\\\/sl\\\/\",\"name\":\"NajNaj.eu\",\"description\":\"Za najva\u017enije!\",\"publisher\":{\"@id\":\"https:\\\/\\\/najnaj.eu\\\/sl\\\/#organization\"},\"potentialAction\":[{\"@type\":\"SearchAction\",\"target\":{\"@type\":\"EntryPoint\",\"urlTemplate\":\"https:\\\/\\\/najnaj.eu\\\/sl\\\/?s={search_term_string}\"},\"query-input\":{\"@type\":\"PropertyValueSpecification\",\"valueRequired\":true,\"valueName\":\"search_term_string\"}}],\"inLanguage\":\"sl-SI\"},{\"@type\":\"Organization\",\"@id\":\"https:\\\/\\\/najnaj.eu\\\/sl\\\/#organization\",\"name\":\"NajNaj.eu\",\"url\":\"https:\\\/\\\/najnaj.eu\\\/sl\\\/\",\"logo\":{\"@type\":\"ImageObject\",\"inLanguage\":\"sl-SI\",\"@id\":\"https:\\\/\\\/najnaj.eu\\\/sl\\\/#\\\/schema\\\/logo\\\/image\\\/\",\"url\":\"https:\\\/\\\/najnaj.eu\\\/wp-content\\\/uploads\\\/2023\\\/09\\\/logo_Najnaj_2023.svg\",\"contentUrl\":\"https:\\\/\\\/najnaj.eu\\\/wp-content\\\/uploads\\\/2023\\\/09\\\/logo_Najnaj_2023.svg\",\"width\":501,\"height\":278,\"caption\":\"NajNaj.eu\"},\"image\":{\"@id\":\"https:\\\/\\\/najnaj.eu\\\/sl\\\/#\\\/schema\\\/logo\\\/image\\\/\"},\"sameAs\":[\"https:\\\/\\\/web.facebook.com\\\/najnaj.eu\\\/\",\"https:\\\/\\\/www.instagram.com\\\/najnaj.eu\\\/\",\"https:\\\/\\\/www.tiktok.com\\\/@najnaj.eu\"]}]}<\/script>\n<meta property=\"product:brand\" content=\"L\u00e4ssig\" \/>\n<meta property=\"product:price:amount\" content=\"24.95\" \/>\n<meta property=\"product:price:currency\" content=\"EUR\" \/>\n<meta property=\"og:availability\" content=\"instock\" \/>\n<meta property=\"product:availability\" content=\"instock\" \/>\n<meta property=\"product:retailer_item_id\" content=\"13100625025\" \/>\n<meta property=\"product:condition\" content=\"new\" \/>\n<!-- \/ Yoast SEO Premium plugin. -->","yoast_head_json":{"title":"L\u00e4ssig komplet jedilnega pribora PP\/celuloza Tiny Team Dog (kro\u017enik, skleda, skodelica, \u017elica) - NajNaj.eu","robots":{"index":"index","follow":"follow","max-snippet":"max-snippet:-1","max-image-preview":"max-image-preview:large","max-video-preview":"max-video-preview:-1"},"canonical":"https:\/\/najnaj.eu\/sl\/izdelek\/lassig-komplet-jedilnega-pribora-pp-celuloza-veselo-sadje-limona-kroznik-skleda-skodelica-zlica-kopiraj-kopiraj\/","og_locale":"sl_SI","og_type":"article","og_title":"L\u00e4ssig komplet jedilnega pribora PP\/celuloza Tiny Team Dog (kro\u017enik, skleda, skodelica, \u017elica)","og_description":"Otro\u0161ki komplet jedilnega pribora L\u00c4SSIG Tiny Team se pona\u0161a z impresivno funkcionalnostjo, ljubkim dizajnom in materiali, ki var\u010dujejo z viri. Kro\u017enik ne vsebuje BPA, je lahek in primeren za mikrovalovno pe\u010dico ter pomivanje v pomivalnem stroju.","og_url":"https:\/\/najnaj.eu\/sl\/izdelek\/lassig-komplet-jedilnega-pribora-pp-celuloza-veselo-sadje-limona-kroznik-skleda-skodelica-zlica-kopiraj-kopiraj\/","og_site_name":"NajNaj.eu","article_publisher":"https:\/\/web.facebook.com\/najnaj.eu\/","article_modified_time":"2026-02-03T14:59:39+00:00","og_image":[{"width":2000,"height":2001,"url":"https:\/\/najnaj.eu\/wp-content\/uploads\/2026\/02\/KID_J25_13100625025_P_1.jpg","type":"image\/jpeg"}],"twitter_card":"summary_large_image","twitter_misc":{"Price":"24,95&nbsp;&euro;","Availability":"In stock"},"schema":{"@context":"https:\/\/schema.org","@graph":[{"@type":"WebPage","@id":"https:\/\/najnaj.eu\/sl\/izdelek\/lassig-komplet-jedilnega-pribora-pp-celuloza-veselo-sadje-limona-kroznik-skleda-skodelica-zlica-kopiraj-kopiraj\/","url":"https:\/\/najnaj.eu\/sl\/izdelek\/lassig-komplet-jedilnega-pribora-pp-celuloza-veselo-sadje-limona-kroznik-skleda-skodelica-zlica-kopiraj-kopiraj\/","name":"L\u00e4ssig komplet jedilnega pribora PP\/celuloza Tiny Team Dog (kro\u017enik, skleda, skodelica, \u017elica) - NajNaj.eu","isPartOf":{"@id":"https:\/\/najnaj.eu\/sl\/#website"},"primaryImageOfPage":{"@id":"https:\/\/najnaj.eu\/sl\/izdelek\/lassig-komplet-jedilnega-pribora-pp-celuloza-veselo-sadje-limona-kroznik-skleda-skodelica-zlica-kopiraj-kopiraj\/#primaryimage"},"image":{"@id":"https:\/\/najnaj.eu\/sl\/izdelek\/lassig-komplet-jedilnega-pribora-pp-celuloza-veselo-sadje-limona-kroznik-skleda-skodelica-zlica-kopiraj-kopiraj\/#primaryimage"},"thumbnailUrl":"https:\/\/najnaj.eu\/wp-content\/uploads\/2026\/02\/KID_J25_13100625025_P_1.jpg","datePublished":"2026-02-03T13:45:51+00:00","dateModified":"2026-02-03T14:59:39+00:00","breadcrumb":{"@id":"https:\/\/najnaj.eu\/sl\/izdelek\/lassig-komplet-jedilnega-pribora-pp-celuloza-veselo-sadje-limona-kroznik-skleda-skodelica-zlica-kopiraj-kopiraj\/#breadcrumb"},"inLanguage":"sl-SI","potentialAction":[{"@type":"ReadAction","target":["https:\/\/najnaj.eu\/sl\/izdelek\/lassig-komplet-jedilnega-pribora-pp-celuloza-veselo-sadje-limona-kroznik-skleda-skodelica-zlica-kopiraj-kopiraj\/"]}]},{"@type":"ImageObject","inLanguage":"sl-SI","@id":"https:\/\/najnaj.eu\/sl\/izdelek\/lassig-komplet-jedilnega-pribora-pp-celuloza-veselo-sadje-limona-kroznik-skleda-skodelica-zlica-kopiraj-kopiraj\/#primaryimage","url":"https:\/\/najnaj.eu\/wp-content\/uploads\/2026\/02\/KID_J25_13100625025_P_1.jpg","contentUrl":"https:\/\/najnaj.eu\/wp-content\/uploads\/2026\/02\/KID_J25_13100625025_P_1.jpg","width":2000,"height":2001},{"@type":"BreadcrumbList","@id":"https:\/\/najnaj.eu\/sl\/izdelek\/lassig-komplet-jedilnega-pribora-pp-celuloza-veselo-sadje-limona-kroznik-skleda-skodelica-zlica-kopiraj-kopiraj\/#breadcrumb","itemListElement":[{"@type":"ListItem","position":1,"name":"Po\u010detna stranica","item":"https:\/\/najnaj.eu\/sl\/prednja-stran\/"},{"@type":"ListItem","position":2,"name":"Shop","item":"https:\/\/najnaj.eu\/sl\/shop\/"},{"@type":"ListItem","position":3,"name":"Privatno: L\u00e4ssig komplet jedilnega pribora PP\/celuloza Tiny Team Dog (kro\u017enik, skleda, skodelica, \u017elica)"}]},{"@type":"WebSite","@id":"https:\/\/najnaj.eu\/sl\/#website","url":"https:\/\/najnaj.eu\/sl\/","name":"NajNaj.eu","description":"Za najva\u017enije!","publisher":{"@id":"https:\/\/najnaj.eu\/sl\/#organization"},"potentialAction":[{"@type":"SearchAction","target":{"@type":"EntryPoint","urlTemplate":"https:\/\/najnaj.eu\/sl\/?s={search_term_string}"},"query-input":{"@type":"PropertyValueSpecification","valueRequired":true,"valueName":"search_term_string"}}],"inLanguage":"sl-SI"},{"@type":"Organization","@id":"https:\/\/najnaj.eu\/sl\/#organization","name":"NajNaj.eu","url":"https:\/\/najnaj.eu\/sl\/","logo":{"@type":"ImageObject","inLanguage":"sl-SI","@id":"https:\/\/najnaj.eu\/sl\/#\/schema\/logo\/image\/","url":"https:\/\/najnaj.eu\/wp-content\/uploads\/2023\/09\/logo_Najnaj_2023.svg","contentUrl":"https:\/\/najnaj.eu\/wp-content\/uploads\/2023\/09\/logo_Najnaj_2023.svg","width":501,"height":278,"caption":"NajNaj.eu"},"image":{"@id":"https:\/\/najnaj.eu\/sl\/#\/schema\/logo\/image\/"},"sameAs":["https:\/\/web.facebook.com\/najnaj.eu\/","https:\/\/www.instagram.com\/najnaj.eu\/","https:\/\/www.tiktok.com\/@najnaj.eu"]}]},"product_brand":"L\u00e4ssig","product_price_amount":"24.95","product_price_currency":"EUR","og_availability":"instock","product_availability":"instock","product_retailer_item_id":"13100625025","product_condition":"new"},"_links":{"self":[{"href":"https:\/\/najnaj.eu\/sl\/wp-json\/wp\/v2\/product\/288001","targetHints":{"allow":["GET"]}}],"collection":[{"href":"https:\/\/najnaj.eu\/sl\/wp-json\/wp\/v2\/product"}],"about":[{"href":"https:\/\/najnaj.eu\/sl\/wp-json\/wp\/v2\/types\/product"}],"replies":[{"embeddable":true,"href":"https:\/\/najnaj.eu\/sl\/wp-json\/wp\/v2\/comments?post=288001"}],"version-history":[{"count":0,"href":"https:\/\/najnaj.eu\/sl\/wp-json\/wp\/v2\/product\/288001\/revisions"}],"wp:featuredmedia":[{"embeddable":true,"href":"https:\/\/najnaj.eu\/sl\/wp-json\/wp\/v2\/media\/288007"}],"wp:attachment":[{"href":"https:\/\/najnaj.eu\/sl\/wp-json\/wp\/v2\/media?parent=288001"}],"wp:term":[{"taxonomy":"product_brand","embeddable":true,"href":"https:\/\/najnaj.eu\/sl\/wp-json\/wp\/v2\/product_brand?post=288001"},{"taxonomy":"product_cat","embeddable":true,"href":"https:\/\/najnaj.eu\/sl\/wp-json\/wp\/v2\/product_cat?post=288001"},{"taxonomy":"product_tag","embeddable":true,"href":"https:\/\/najnaj.eu\/sl\/wp-json\/wp\/v2\/product_tag?post=288001"}],"curies":[{"name":"wp","href":"https:\/\/api.w.org\/{rel}","templated":true}]}}