{"id":287214,"date":"2026-01-27T15:11:33","date_gmt":"2026-01-27T14:11:33","guid":{"rendered":"https:\/\/najnaj.eu\/?post_type=product&#038;p=287214"},"modified":"2026-01-27T15:21:51","modified_gmt":"2026-01-27T14:21:51","slug":"komplet-posode-za-biomaterial-citron-vozila-kopiraj-kopiraj","status":"publish","type":"product","link":"https:\/\/najnaj.eu\/sl\/izdelek\/komplet-posode-za-biomaterial-citron-vozila-kopiraj-kopiraj\/","title":{"rendered":"Komplet namizne posode iz biomateriala Citron Blue Dino"},"content":{"rendered":"<p>Na\u0161 novi komplet jedilnega pribora je izdelan iz PLA, rastlinske bioplastike, ki ne uporablja strupenih materialov, zato je va\u0161 izdelek odporen proti razpokam in ima dalj\u0161o \u017eivljenjsko dobo. Ekskluzivni potisk na vsakem izdelku jim pomaga, da so del iste zgodbe izdelka. Tako vas bo vsak obrok spomnil, da pomagate re\u0161evati planet!  <\/p>\n","protected":false},"excerpt":{"rendered":"<ul>\n<li>Komplet 4 biorazgradljivih izdelkov iz nelomljivega jedilnega pribora<\/li>\n<li>Vklju\u010duje kro\u017enik, skledo, kozarec in jedilni pribor (vilice in \u017elico) z ekskluzivnim potiskom<\/li>\n<li>Izdelano iz 100 % PLA brez strupenih snovi<\/li>\n<li>Inovativen kompostabilni material omogo\u010da dalj\u0161o \u017eivljenjsko dobo<\/li>\n<li>Lahka, odporna proti lomljenju<\/li>\n<li>Brez strupenih snovi<\/li>\n<li>  Primerno za ve\u010dino otro\u0161kih stol\u010dkov<\/li>\n<li>Za ve\u010dkratno uporabo, enostavno pranje<\/li>\n<li>Uporablja se lahko z vsemi vrstami hrane ter toplimi in hladnimi teko\u010dinami<\/li>\n<li>Primerno za otroke, stare 6+ mesecev<\/li>\n<li>Dimenzije: Kro\u017enik: (premer 19, globina 2,5 cm), Skleda: (polmer 13, globina 5 cm), Kozarec: (premer 7, globina 7,5 cm)<\/li>\n<\/ul>\n<p>&nbsp;<\/p>\n","protected":false},"featured_media":287220,"comment_status":"closed","ping_status":"closed","template":"","meta":{"_acf_changed":false,"footnotes":""},"product_brand":[],"product_cat":[2228,1167,2231,1379,1275],"product_tag":[],"class_list":{"0":"post-287214","1":"product","2":"type-product","3":"status-publish","4":"has-post-thumbnail","6":"product_cat-darila","7":"product_cat-hranjenje-sl","8":"product_cat-kompleti","9":"product_cat-krozniki-in-sklede","10":"product_cat-posoda","11":"pa_boja-temno-modra","12":"pa_brand-citron-sl","13":"pa_vrsta-posuda-krozniki-in-sklede","15":"first","16":"instock","17":"shipping-taxable","18":"purchasable","19":"product-type-simple"},"bundled_by":[],"bundle_stock_status":"instock","bundle_stock_quantity":6,"bundle_virtual":false,"bundle_layout":"","bundle_add_to_cart_form_location":"","bundle_editable_in_cart":false,"bundle_sold_individually_context":"","bundle_item_grouping":"","bundle_min_size":"","bundle_max_size":"","bundle_price":[],"bundled_items":[],"bundle_sell_ids":[],"acf":[],"yoast_head":"<!-- This site is optimized with the Yoast SEO Premium plugin v21.5 (Yoast SEO v27.4) - https:\/\/yoast.com\/product\/yoast-seo-premium-wordpress\/ -->\n<title>Komplet namizne posode iz biomateriala Citron Blue Dino - NajNaj.eu<\/title>\n<meta name=\"robots\" content=\"index, follow, max-snippet:-1, max-image-preview:large, max-video-preview:-1\" \/>\n<link rel=\"canonical\" href=\"https:\/\/najnaj.eu\/sl\/izdelek\/komplet-posode-za-biomaterial-citron-vozila-kopiraj-kopiraj\/\" \/>\n<meta property=\"og:locale\" content=\"sl_SI\" \/>\n<meta property=\"og:type\" content=\"article\" \/>\n<meta property=\"og:title\" content=\"Komplet namizne posode iz biomateriala Citron Blue Dino\" \/>\n<meta property=\"og:description\" content=\"Komplet 4 biorazgradljivih izdelkov iz nelomljivega jedilnega pribora  Vklju\u010duje kro\u017enik, skledo, kozarec in jedilni pribor (vilice in \u017elico) z ekskluzivnim potiskom  Izdelano iz 100 % PLA brez strupenih snovi  Inovativen kompostabilni material omogo\u010da dalj\u0161o \u017eivljenjsko dobo  Lahka, odporna proti lomljenju  Brez strupenih snovi   Primerno za ve\u010dino otro\u0161kih stol\u010dkov  Za ve\u010dkratno uporabo, enostavno pranje  Uporablja se lahko z vsemi vrstami hrane ter toplimi in hladnimi teko\u010dinami  Primerno za otroke, stare 6+ mesecev  Dimenzije: Kro\u017enik: (premer 19, globina 2,5 cm), Skleda: (polmer 13, globina 5 cm), Kozarec: (premer 7, globina 7,5 cm) &nbsp;\" \/>\n<meta property=\"og:url\" content=\"https:\/\/najnaj.eu\/sl\/izdelek\/komplet-posode-za-biomaterial-citron-vozila-kopiraj-kopiraj\/\" \/>\n<meta property=\"og:site_name\" content=\"NajNaj.eu\" \/>\n<meta property=\"article:publisher\" content=\"https:\/\/web.facebook.com\/najnaj.eu\/\" \/>\n<meta property=\"article:modified_time\" content=\"2026-01-27T14:21:51+00:00\" \/>\n<meta property=\"og:image\" content=\"https:\/\/najnaj.eu\/wp-content\/uploads\/2026\/01\/prod-pic-blue-dino.jpg\" \/>\n\t<meta property=\"og:image:width\" content=\"2000\" \/>\n\t<meta property=\"og:image:height\" content=\"2000\" \/>\n\t<meta property=\"og:image:type\" content=\"image\/jpeg\" \/>\n<meta name=\"twitter:card\" content=\"summary_large_image\" \/>\n<meta name=\"twitter:label1\" content=\"Price\" \/>\n\t<meta name=\"twitter:data1\" content=\"26,99&nbsp;&euro;\" \/>\n\t<meta name=\"twitter:label2\" content=\"Availability\" \/>\n\t<meta name=\"twitter:data2\" content=\"In stock\" \/>\n<script type=\"application\/ld+json\" class=\"yoast-schema-graph\">{\"@context\":\"https:\\\/\\\/schema.org\",\"@graph\":[{\"@type\":\"WebPage\",\"@id\":\"https:\\\/\\\/najnaj.eu\\\/sl\\\/izdelek\\\/komplet-posode-za-biomaterial-citron-vozila-kopiraj-kopiraj\\\/\",\"url\":\"https:\\\/\\\/najnaj.eu\\\/sl\\\/izdelek\\\/komplet-posode-za-biomaterial-citron-vozila-kopiraj-kopiraj\\\/\",\"name\":\"Komplet namizne posode iz biomateriala Citron Blue Dino - NajNaj.eu\",\"isPartOf\":{\"@id\":\"https:\\\/\\\/najnaj.eu\\\/sl\\\/#website\"},\"primaryImageOfPage\":{\"@id\":\"https:\\\/\\\/najnaj.eu\\\/sl\\\/izdelek\\\/komplet-posode-za-biomaterial-citron-vozila-kopiraj-kopiraj\\\/#primaryimage\"},\"image\":{\"@id\":\"https:\\\/\\\/najnaj.eu\\\/sl\\\/izdelek\\\/komplet-posode-za-biomaterial-citron-vozila-kopiraj-kopiraj\\\/#primaryimage\"},\"thumbnailUrl\":\"https:\\\/\\\/najnaj.eu\\\/wp-content\\\/uploads\\\/2026\\\/01\\\/prod-pic-blue-dino.jpg\",\"datePublished\":\"2026-01-27T14:11:33+00:00\",\"dateModified\":\"2026-01-27T14:21:51+00:00\",\"breadcrumb\":{\"@id\":\"https:\\\/\\\/najnaj.eu\\\/sl\\\/izdelek\\\/komplet-posode-za-biomaterial-citron-vozila-kopiraj-kopiraj\\\/#breadcrumb\"},\"inLanguage\":\"sl-SI\",\"potentialAction\":[{\"@type\":\"ReadAction\",\"target\":[\"https:\\\/\\\/najnaj.eu\\\/sl\\\/izdelek\\\/komplet-posode-za-biomaterial-citron-vozila-kopiraj-kopiraj\\\/\"]}]},{\"@type\":\"ImageObject\",\"inLanguage\":\"sl-SI\",\"@id\":\"https:\\\/\\\/najnaj.eu\\\/sl\\\/izdelek\\\/komplet-posode-za-biomaterial-citron-vozila-kopiraj-kopiraj\\\/#primaryimage\",\"url\":\"https:\\\/\\\/najnaj.eu\\\/wp-content\\\/uploads\\\/2026\\\/01\\\/prod-pic-blue-dino.jpg\",\"contentUrl\":\"https:\\\/\\\/najnaj.eu\\\/wp-content\\\/uploads\\\/2026\\\/01\\\/prod-pic-blue-dino.jpg\",\"width\":2000,\"height\":2000},{\"@type\":\"BreadcrumbList\",\"@id\":\"https:\\\/\\\/najnaj.eu\\\/sl\\\/izdelek\\\/komplet-posode-za-biomaterial-citron-vozila-kopiraj-kopiraj\\\/#breadcrumb\",\"itemListElement\":[{\"@type\":\"ListItem\",\"position\":1,\"name\":\"Po\u010detna stranica\",\"item\":\"https:\\\/\\\/najnaj.eu\\\/sl\\\/prednja-stran\\\/\"},{\"@type\":\"ListItem\",\"position\":2,\"name\":\"Shop\",\"item\":\"https:\\\/\\\/najnaj.eu\\\/sl\\\/shop\\\/\"},{\"@type\":\"ListItem\",\"position\":3,\"name\":\"Privatno: Komplet namizne posode iz biomateriala Citron Blue Dino\"}]},{\"@type\":\"WebSite\",\"@id\":\"https:\\\/\\\/najnaj.eu\\\/sl\\\/#website\",\"url\":\"https:\\\/\\\/najnaj.eu\\\/sl\\\/\",\"name\":\"NajNaj.eu\",\"description\":\"Za najva\u017enije!\",\"publisher\":{\"@id\":\"https:\\\/\\\/najnaj.eu\\\/sl\\\/#organization\"},\"potentialAction\":[{\"@type\":\"SearchAction\",\"target\":{\"@type\":\"EntryPoint\",\"urlTemplate\":\"https:\\\/\\\/najnaj.eu\\\/sl\\\/?s={search_term_string}\"},\"query-input\":{\"@type\":\"PropertyValueSpecification\",\"valueRequired\":true,\"valueName\":\"search_term_string\"}}],\"inLanguage\":\"sl-SI\"},{\"@type\":\"Organization\",\"@id\":\"https:\\\/\\\/najnaj.eu\\\/sl\\\/#organization\",\"name\":\"NajNaj.eu\",\"url\":\"https:\\\/\\\/najnaj.eu\\\/sl\\\/\",\"logo\":{\"@type\":\"ImageObject\",\"inLanguage\":\"sl-SI\",\"@id\":\"https:\\\/\\\/najnaj.eu\\\/sl\\\/#\\\/schema\\\/logo\\\/image\\\/\",\"url\":\"https:\\\/\\\/najnaj.eu\\\/wp-content\\\/uploads\\\/2023\\\/09\\\/logo_Najnaj_2023.svg\",\"contentUrl\":\"https:\\\/\\\/najnaj.eu\\\/wp-content\\\/uploads\\\/2023\\\/09\\\/logo_Najnaj_2023.svg\",\"width\":501,\"height\":278,\"caption\":\"NajNaj.eu\"},\"image\":{\"@id\":\"https:\\\/\\\/najnaj.eu\\\/sl\\\/#\\\/schema\\\/logo\\\/image\\\/\"},\"sameAs\":[\"https:\\\/\\\/web.facebook.com\\\/najnaj.eu\\\/\",\"https:\\\/\\\/www.instagram.com\\\/najnaj.eu\\\/\",\"https:\\\/\\\/www.tiktok.com\\\/@najnaj.eu\"]}]}<\/script>\n<meta property=\"product:brand\" content=\"Citron\" \/>\n<meta property=\"product:price:amount\" content=\"26.99\" \/>\n<meta property=\"product:price:currency\" content=\"EUR\" \/>\n<meta property=\"og:availability\" content=\"instock\" \/>\n<meta property=\"product:availability\" content=\"instock\" \/>\n<meta property=\"product:retailer_item_id\" content=\"PLA_TABLEWARE_SET_BLUE_DINO\" \/>\n<meta property=\"product:condition\" content=\"new\" \/>\n<!-- \/ Yoast SEO Premium plugin. -->","yoast_head_json":{"title":"Komplet namizne posode iz biomateriala Citron Blue Dino - NajNaj.eu","robots":{"index":"index","follow":"follow","max-snippet":"max-snippet:-1","max-image-preview":"max-image-preview:large","max-video-preview":"max-video-preview:-1"},"canonical":"https:\/\/najnaj.eu\/sl\/izdelek\/komplet-posode-za-biomaterial-citron-vozila-kopiraj-kopiraj\/","og_locale":"sl_SI","og_type":"article","og_title":"Komplet namizne posode iz biomateriala Citron Blue Dino","og_description":"Komplet 4 biorazgradljivih izdelkov iz nelomljivega jedilnega pribora  Vklju\u010duje kro\u017enik, skledo, kozarec in jedilni pribor (vilice in \u017elico) z ekskluzivnim potiskom  Izdelano iz 100 % PLA brez strupenih snovi  Inovativen kompostabilni material omogo\u010da dalj\u0161o \u017eivljenjsko dobo  Lahka, odporna proti lomljenju  Brez strupenih snovi   Primerno za ve\u010dino otro\u0161kih stol\u010dkov  Za ve\u010dkratno uporabo, enostavno pranje  Uporablja se lahko z vsemi vrstami hrane ter toplimi in hladnimi teko\u010dinami  Primerno za otroke, stare 6+ mesecev  Dimenzije: Kro\u017enik: (premer 19, globina 2,5 cm), Skleda: (polmer 13, globina 5 cm), Kozarec: (premer 7, globina 7,5 cm) &nbsp;","og_url":"https:\/\/najnaj.eu\/sl\/izdelek\/komplet-posode-za-biomaterial-citron-vozila-kopiraj-kopiraj\/","og_site_name":"NajNaj.eu","article_publisher":"https:\/\/web.facebook.com\/najnaj.eu\/","article_modified_time":"2026-01-27T14:21:51+00:00","og_image":[{"width":2000,"height":2000,"url":"https:\/\/najnaj.eu\/wp-content\/uploads\/2026\/01\/prod-pic-blue-dino.jpg","type":"image\/jpeg"}],"twitter_card":"summary_large_image","twitter_misc":{"Price":"26,99&nbsp;&euro;","Availability":"In stock"},"schema":{"@context":"https:\/\/schema.org","@graph":[{"@type":"WebPage","@id":"https:\/\/najnaj.eu\/sl\/izdelek\/komplet-posode-za-biomaterial-citron-vozila-kopiraj-kopiraj\/","url":"https:\/\/najnaj.eu\/sl\/izdelek\/komplet-posode-za-biomaterial-citron-vozila-kopiraj-kopiraj\/","name":"Komplet namizne posode iz biomateriala Citron Blue Dino - NajNaj.eu","isPartOf":{"@id":"https:\/\/najnaj.eu\/sl\/#website"},"primaryImageOfPage":{"@id":"https:\/\/najnaj.eu\/sl\/izdelek\/komplet-posode-za-biomaterial-citron-vozila-kopiraj-kopiraj\/#primaryimage"},"image":{"@id":"https:\/\/najnaj.eu\/sl\/izdelek\/komplet-posode-za-biomaterial-citron-vozila-kopiraj-kopiraj\/#primaryimage"},"thumbnailUrl":"https:\/\/najnaj.eu\/wp-content\/uploads\/2026\/01\/prod-pic-blue-dino.jpg","datePublished":"2026-01-27T14:11:33+00:00","dateModified":"2026-01-27T14:21:51+00:00","breadcrumb":{"@id":"https:\/\/najnaj.eu\/sl\/izdelek\/komplet-posode-za-biomaterial-citron-vozila-kopiraj-kopiraj\/#breadcrumb"},"inLanguage":"sl-SI","potentialAction":[{"@type":"ReadAction","target":["https:\/\/najnaj.eu\/sl\/izdelek\/komplet-posode-za-biomaterial-citron-vozila-kopiraj-kopiraj\/"]}]},{"@type":"ImageObject","inLanguage":"sl-SI","@id":"https:\/\/najnaj.eu\/sl\/izdelek\/komplet-posode-za-biomaterial-citron-vozila-kopiraj-kopiraj\/#primaryimage","url":"https:\/\/najnaj.eu\/wp-content\/uploads\/2026\/01\/prod-pic-blue-dino.jpg","contentUrl":"https:\/\/najnaj.eu\/wp-content\/uploads\/2026\/01\/prod-pic-blue-dino.jpg","width":2000,"height":2000},{"@type":"BreadcrumbList","@id":"https:\/\/najnaj.eu\/sl\/izdelek\/komplet-posode-za-biomaterial-citron-vozila-kopiraj-kopiraj\/#breadcrumb","itemListElement":[{"@type":"ListItem","position":1,"name":"Po\u010detna stranica","item":"https:\/\/najnaj.eu\/sl\/prednja-stran\/"},{"@type":"ListItem","position":2,"name":"Shop","item":"https:\/\/najnaj.eu\/sl\/shop\/"},{"@type":"ListItem","position":3,"name":"Privatno: Komplet namizne posode iz biomateriala Citron Blue Dino"}]},{"@type":"WebSite","@id":"https:\/\/najnaj.eu\/sl\/#website","url":"https:\/\/najnaj.eu\/sl\/","name":"NajNaj.eu","description":"Za najva\u017enije!","publisher":{"@id":"https:\/\/najnaj.eu\/sl\/#organization"},"potentialAction":[{"@type":"SearchAction","target":{"@type":"EntryPoint","urlTemplate":"https:\/\/najnaj.eu\/sl\/?s={search_term_string}"},"query-input":{"@type":"PropertyValueSpecification","valueRequired":true,"valueName":"search_term_string"}}],"inLanguage":"sl-SI"},{"@type":"Organization","@id":"https:\/\/najnaj.eu\/sl\/#organization","name":"NajNaj.eu","url":"https:\/\/najnaj.eu\/sl\/","logo":{"@type":"ImageObject","inLanguage":"sl-SI","@id":"https:\/\/najnaj.eu\/sl\/#\/schema\/logo\/image\/","url":"https:\/\/najnaj.eu\/wp-content\/uploads\/2023\/09\/logo_Najnaj_2023.svg","contentUrl":"https:\/\/najnaj.eu\/wp-content\/uploads\/2023\/09\/logo_Najnaj_2023.svg","width":501,"height":278,"caption":"NajNaj.eu"},"image":{"@id":"https:\/\/najnaj.eu\/sl\/#\/schema\/logo\/image\/"},"sameAs":["https:\/\/web.facebook.com\/najnaj.eu\/","https:\/\/www.instagram.com\/najnaj.eu\/","https:\/\/www.tiktok.com\/@najnaj.eu"]}]},"product_brand":"Citron","product_price_amount":"26.99","product_price_currency":"EUR","og_availability":"instock","product_availability":"instock","product_retailer_item_id":"PLA_TABLEWARE_SET_BLUE_DINO","product_condition":"new"},"_links":{"self":[{"href":"https:\/\/najnaj.eu\/sl\/wp-json\/wp\/v2\/product\/287214","targetHints":{"allow":["GET"]}}],"collection":[{"href":"https:\/\/najnaj.eu\/sl\/wp-json\/wp\/v2\/product"}],"about":[{"href":"https:\/\/najnaj.eu\/sl\/wp-json\/wp\/v2\/types\/product"}],"replies":[{"embeddable":true,"href":"https:\/\/najnaj.eu\/sl\/wp-json\/wp\/v2\/comments?post=287214"}],"version-history":[{"count":0,"href":"https:\/\/najnaj.eu\/sl\/wp-json\/wp\/v2\/product\/287214\/revisions"}],"wp:featuredmedia":[{"embeddable":true,"href":"https:\/\/najnaj.eu\/sl\/wp-json\/wp\/v2\/media\/287220"}],"wp:attachment":[{"href":"https:\/\/najnaj.eu\/sl\/wp-json\/wp\/v2\/media?parent=287214"}],"wp:term":[{"taxonomy":"product_brand","embeddable":true,"href":"https:\/\/najnaj.eu\/sl\/wp-json\/wp\/v2\/product_brand?post=287214"},{"taxonomy":"product_cat","embeddable":true,"href":"https:\/\/najnaj.eu\/sl\/wp-json\/wp\/v2\/product_cat?post=287214"},{"taxonomy":"product_tag","embeddable":true,"href":"https:\/\/najnaj.eu\/sl\/wp-json\/wp\/v2\/product_tag?post=287214"}],"curies":[{"name":"wp","href":"https:\/\/api.w.org\/{rel}","templated":true}]}}