{"id":287140,"date":"2026-01-27T14:57:34","date_gmt":"2026-01-27T13:57:34","guid":{"rendered":"https:\/\/najnaj.eu\/?post_type=product&#038;p=287140"},"modified":"2026-01-27T15:21:26","modified_gmt":"2026-01-27T14:21:26","slug":"termo-posoda-za-hrano-citron-350-ml-nevihtni-samorog-kopiraj-kopiraj","status":"publish","type":"product","link":"https:\/\/najnaj.eu\/sl\/izdelek\/termo-posoda-za-hrano-citron-350-ml-nevihtni-samorog-kopiraj-kopiraj\/","title":{"rendered":"Termo posoda za hrano Citron 350 ml Blue Dino"},"content":{"rendered":"<ul>\n<li>Srednje velika termo posoda za hrano s trojno izolacijo<\/li>\n<li>Ergonomsko oblikovan pokrov<\/li>\n<li>Hrano ohranja toplo do 6 ur in hladno do 7 ur<\/li>\n<li>Varno za \u017eivila, neprepustno in brez BPA<\/li>\n<li>Za starost: 18+ mesecev<\/li>\n<li>Prostornina: 350 ml<\/li>\n<li>Te\u017ea: 310 g<\/li>\n<li>Dimenzije: \u0160 10 x V 10,8 cm<\/li>\n<\/ul>\n","protected":false},"excerpt":{"rendered":"<p>Ta termos posoda za hrano s prostornino 350 ml je popolnoma zasnovana tako, da je ravno prave velikosti, in ima vse klasi\u010dne lastnosti, ki jih imate radi, zdaj pa z izbolj\u0161ano izolacijo in novo obliko! Ta srednje velika posoda za hrano bo va\u0161e okusne obroke ohranjala tople, medtem ko so va\u0161i mal\u010dki na poti ali v \u0161oli. Ima dodatno izolacijo in \u0161ir\u0161o odprtino ter ergonomsko oblikovan pokrov na zasuk, ki je neprepusten in enostaven za dr\u017eanje. Je barvita, prakti\u010dna in okolju prijazna, kar vam omogo\u010da, da zdrave obroke vzamete s seboj kamor koli greste.   <\/p>\n","protected":false},"featured_media":287146,"comment_status":"closed","ping_status":"closed","template":"","meta":{"_acf_changed":false,"footnotes":""},"product_brand":[],"product_cat":[1167,1275,2270],"product_tag":[2282],"class_list":{"0":"post-287140","1":"product","2":"type-product","3":"status-publish","4":"has-post-thumbnail","6":"product_cat-hranjenje-sl","7":"product_cat-posoda","8":"product_cat-termo-posode","9":"product_tag-zima-sl","10":"pa_boja-temno-modra","11":"pa_brand-citron-sl","12":"pa_vrsta-posuda-posode-za-hrano","14":"first","15":"instock","16":"shipping-taxable","17":"purchasable","18":"product-type-simple"},"bundled_by":[],"bundle_stock_status":"instock","bundle_stock_quantity":15,"bundle_virtual":false,"bundle_layout":"","bundle_add_to_cart_form_location":"","bundle_editable_in_cart":false,"bundle_sold_individually_context":"","bundle_item_grouping":"","bundle_min_size":"","bundle_max_size":"","bundle_price":[],"bundled_items":[],"bundle_sell_ids":[],"acf":[],"yoast_head":"<!-- This site is optimized with the Yoast SEO Premium plugin v21.5 (Yoast SEO v27.3) - https:\/\/yoast.com\/product\/yoast-seo-premium-wordpress\/ -->\n<title>Termo posoda za hrano Citron 350 ml Blue Dino - NajNaj.eu<\/title>\n<meta name=\"robots\" content=\"index, follow, max-snippet:-1, max-image-preview:large, max-video-preview:-1\" \/>\n<link rel=\"canonical\" href=\"https:\/\/najnaj.eu\/sl\/izdelek\/termo-posoda-za-hrano-citron-350-ml-nevihtni-samorog-kopiraj-kopiraj\/\" \/>\n<meta property=\"og:locale\" content=\"sl_SI\" \/>\n<meta property=\"og:type\" content=\"article\" \/>\n<meta property=\"og:title\" content=\"Termo posoda za hrano Citron 350 ml Blue Dino\" \/>\n<meta property=\"og:description\" content=\"Ta termos posoda za hrano s prostornino 350 ml je popolnoma zasnovana tako, da je ravno prave velikosti, in ima vse klasi\u010dne lastnosti, ki jih imate radi, zdaj pa z izbolj\u0161ano izolacijo in novo obliko! Ta srednje velika posoda za hrano bo va\u0161e okusne obroke ohranjala tople, medtem ko so va\u0161i mal\u010dki na poti ali v \u0161oli. Ima dodatno izolacijo in \u0161ir\u0161o odprtino ter ergonomsko oblikovan pokrov na zasuk, ki je neprepusten in enostaven za dr\u017eanje. Je barvita, prakti\u010dna in okolju prijazna, kar vam omogo\u010da, da zdrave obroke vzamete s seboj kamor koli greste.\" \/>\n<meta property=\"og:url\" content=\"https:\/\/najnaj.eu\/sl\/izdelek\/termo-posoda-za-hrano-citron-350-ml-nevihtni-samorog-kopiraj-kopiraj\/\" \/>\n<meta property=\"og:site_name\" content=\"NajNaj.eu\" \/>\n<meta property=\"article:publisher\" content=\"https:\/\/web.facebook.com\/najnaj.eu\/\" \/>\n<meta property=\"article:modified_time\" content=\"2026-01-27T14:21:26+00:00\" \/>\n<meta property=\"og:image\" content=\"https:\/\/najnaj.eu\/wp-content\/uploads\/2026\/01\/prod-pic-dino.jpg\" \/>\n\t<meta property=\"og:image:width\" content=\"900\" \/>\n\t<meta property=\"og:image:height\" content=\"900\" \/>\n\t<meta property=\"og:image:type\" content=\"image\/jpeg\" \/>\n<meta name=\"twitter:card\" content=\"summary_large_image\" \/>\n<meta name=\"twitter:label1\" content=\"Price\" \/>\n\t<meta name=\"twitter:data1\" content=\"35,99&nbsp;&euro;\" \/>\n\t<meta name=\"twitter:label2\" content=\"Availability\" \/>\n\t<meta name=\"twitter:data2\" content=\"In stock\" \/>\n<script type=\"application\/ld+json\" class=\"yoast-schema-graph\">{\"@context\":\"https:\\\/\\\/schema.org\",\"@graph\":[{\"@type\":\"WebPage\",\"@id\":\"https:\\\/\\\/najnaj.eu\\\/sl\\\/izdelek\\\/termo-posoda-za-hrano-citron-350-ml-nevihtni-samorog-kopiraj-kopiraj\\\/\",\"url\":\"https:\\\/\\\/najnaj.eu\\\/sl\\\/izdelek\\\/termo-posoda-za-hrano-citron-350-ml-nevihtni-samorog-kopiraj-kopiraj\\\/\",\"name\":\"Termo posoda za hrano Citron 350 ml Blue Dino - NajNaj.eu\",\"isPartOf\":{\"@id\":\"https:\\\/\\\/najnaj.eu\\\/sl\\\/#website\"},\"primaryImageOfPage\":{\"@id\":\"https:\\\/\\\/najnaj.eu\\\/sl\\\/izdelek\\\/termo-posoda-za-hrano-citron-350-ml-nevihtni-samorog-kopiraj-kopiraj\\\/#primaryimage\"},\"image\":{\"@id\":\"https:\\\/\\\/najnaj.eu\\\/sl\\\/izdelek\\\/termo-posoda-za-hrano-citron-350-ml-nevihtni-samorog-kopiraj-kopiraj\\\/#primaryimage\"},\"thumbnailUrl\":\"https:\\\/\\\/najnaj.eu\\\/wp-content\\\/uploads\\\/2026\\\/01\\\/prod-pic-dino.jpg\",\"datePublished\":\"2026-01-27T13:57:34+00:00\",\"dateModified\":\"2026-01-27T14:21:26+00:00\",\"breadcrumb\":{\"@id\":\"https:\\\/\\\/najnaj.eu\\\/sl\\\/izdelek\\\/termo-posoda-za-hrano-citron-350-ml-nevihtni-samorog-kopiraj-kopiraj\\\/#breadcrumb\"},\"inLanguage\":\"sl-SI\",\"potentialAction\":[{\"@type\":\"ReadAction\",\"target\":[\"https:\\\/\\\/najnaj.eu\\\/sl\\\/izdelek\\\/termo-posoda-za-hrano-citron-350-ml-nevihtni-samorog-kopiraj-kopiraj\\\/\"]}]},{\"@type\":\"ImageObject\",\"inLanguage\":\"sl-SI\",\"@id\":\"https:\\\/\\\/najnaj.eu\\\/sl\\\/izdelek\\\/termo-posoda-za-hrano-citron-350-ml-nevihtni-samorog-kopiraj-kopiraj\\\/#primaryimage\",\"url\":\"https:\\\/\\\/najnaj.eu\\\/wp-content\\\/uploads\\\/2026\\\/01\\\/prod-pic-dino.jpg\",\"contentUrl\":\"https:\\\/\\\/najnaj.eu\\\/wp-content\\\/uploads\\\/2026\\\/01\\\/prod-pic-dino.jpg\",\"width\":900,\"height\":900},{\"@type\":\"BreadcrumbList\",\"@id\":\"https:\\\/\\\/najnaj.eu\\\/sl\\\/izdelek\\\/termo-posoda-za-hrano-citron-350-ml-nevihtni-samorog-kopiraj-kopiraj\\\/#breadcrumb\",\"itemListElement\":[{\"@type\":\"ListItem\",\"position\":1,\"name\":\"Po\u010detna stranica\",\"item\":\"https:\\\/\\\/najnaj.eu\\\/sl\\\/prednja-stran\\\/\"},{\"@type\":\"ListItem\",\"position\":2,\"name\":\"Shop\",\"item\":\"https:\\\/\\\/najnaj.eu\\\/sl\\\/shop\\\/\"},{\"@type\":\"ListItem\",\"position\":3,\"name\":\"Privatno: Termo posoda za hrano Citron 350 ml Blue Dino\"}]},{\"@type\":\"WebSite\",\"@id\":\"https:\\\/\\\/najnaj.eu\\\/sl\\\/#website\",\"url\":\"https:\\\/\\\/najnaj.eu\\\/sl\\\/\",\"name\":\"NajNaj.eu\",\"description\":\"Za najva\u017enije!\",\"publisher\":{\"@id\":\"https:\\\/\\\/najnaj.eu\\\/sl\\\/#organization\"},\"potentialAction\":[{\"@type\":\"SearchAction\",\"target\":{\"@type\":\"EntryPoint\",\"urlTemplate\":\"https:\\\/\\\/najnaj.eu\\\/sl\\\/?s={search_term_string}\"},\"query-input\":{\"@type\":\"PropertyValueSpecification\",\"valueRequired\":true,\"valueName\":\"search_term_string\"}}],\"inLanguage\":\"sl-SI\"},{\"@type\":\"Organization\",\"@id\":\"https:\\\/\\\/najnaj.eu\\\/sl\\\/#organization\",\"name\":\"NajNaj.eu\",\"url\":\"https:\\\/\\\/najnaj.eu\\\/sl\\\/\",\"logo\":{\"@type\":\"ImageObject\",\"inLanguage\":\"sl-SI\",\"@id\":\"https:\\\/\\\/najnaj.eu\\\/sl\\\/#\\\/schema\\\/logo\\\/image\\\/\",\"url\":\"https:\\\/\\\/najnaj.eu\\\/wp-content\\\/uploads\\\/2023\\\/09\\\/logo_Najnaj_2023.svg\",\"contentUrl\":\"https:\\\/\\\/najnaj.eu\\\/wp-content\\\/uploads\\\/2023\\\/09\\\/logo_Najnaj_2023.svg\",\"width\":501,\"height\":278,\"caption\":\"NajNaj.eu\"},\"image\":{\"@id\":\"https:\\\/\\\/najnaj.eu\\\/sl\\\/#\\\/schema\\\/logo\\\/image\\\/\"},\"sameAs\":[\"https:\\\/\\\/web.facebook.com\\\/najnaj.eu\\\/\",\"https:\\\/\\\/www.instagram.com\\\/najnaj.eu\\\/\",\"https:\\\/\\\/www.tiktok.com\\\/@najnaj.eu\"]}]}<\/script>\n<meta property=\"product:brand\" content=\"Citron\" \/>\n<meta property=\"product:price:amount\" content=\"35.99\" \/>\n<meta property=\"product:price:currency\" content=\"EUR\" \/>\n<meta property=\"og:availability\" content=\"instock\" \/>\n<meta property=\"product:availability\" content=\"instock\" \/>\n<meta property=\"product:retailer_item_id\" content=\"Classic_Thermal_FJ_350_Blue_Dino\" \/>\n<meta property=\"product:condition\" content=\"new\" \/>\n<!-- \/ Yoast SEO Premium plugin. -->","yoast_head_json":{"title":"Termo posoda za hrano Citron 350 ml Blue Dino - NajNaj.eu","robots":{"index":"index","follow":"follow","max-snippet":"max-snippet:-1","max-image-preview":"max-image-preview:large","max-video-preview":"max-video-preview:-1"},"canonical":"https:\/\/najnaj.eu\/sl\/izdelek\/termo-posoda-za-hrano-citron-350-ml-nevihtni-samorog-kopiraj-kopiraj\/","og_locale":"sl_SI","og_type":"article","og_title":"Termo posoda za hrano Citron 350 ml Blue Dino","og_description":"Ta termos posoda za hrano s prostornino 350 ml je popolnoma zasnovana tako, da je ravno prave velikosti, in ima vse klasi\u010dne lastnosti, ki jih imate radi, zdaj pa z izbolj\u0161ano izolacijo in novo obliko! Ta srednje velika posoda za hrano bo va\u0161e okusne obroke ohranjala tople, medtem ko so va\u0161i mal\u010dki na poti ali v \u0161oli. Ima dodatno izolacijo in \u0161ir\u0161o odprtino ter ergonomsko oblikovan pokrov na zasuk, ki je neprepusten in enostaven za dr\u017eanje. Je barvita, prakti\u010dna in okolju prijazna, kar vam omogo\u010da, da zdrave obroke vzamete s seboj kamor koli greste.","og_url":"https:\/\/najnaj.eu\/sl\/izdelek\/termo-posoda-za-hrano-citron-350-ml-nevihtni-samorog-kopiraj-kopiraj\/","og_site_name":"NajNaj.eu","article_publisher":"https:\/\/web.facebook.com\/najnaj.eu\/","article_modified_time":"2026-01-27T14:21:26+00:00","og_image":[{"width":900,"height":900,"url":"https:\/\/najnaj.eu\/wp-content\/uploads\/2026\/01\/prod-pic-dino.jpg","type":"image\/jpeg"}],"twitter_card":"summary_large_image","twitter_misc":{"Price":"35,99&nbsp;&euro;","Availability":"In stock"},"schema":{"@context":"https:\/\/schema.org","@graph":[{"@type":"WebPage","@id":"https:\/\/najnaj.eu\/sl\/izdelek\/termo-posoda-za-hrano-citron-350-ml-nevihtni-samorog-kopiraj-kopiraj\/","url":"https:\/\/najnaj.eu\/sl\/izdelek\/termo-posoda-za-hrano-citron-350-ml-nevihtni-samorog-kopiraj-kopiraj\/","name":"Termo posoda za hrano Citron 350 ml Blue Dino - NajNaj.eu","isPartOf":{"@id":"https:\/\/najnaj.eu\/sl\/#website"},"primaryImageOfPage":{"@id":"https:\/\/najnaj.eu\/sl\/izdelek\/termo-posoda-za-hrano-citron-350-ml-nevihtni-samorog-kopiraj-kopiraj\/#primaryimage"},"image":{"@id":"https:\/\/najnaj.eu\/sl\/izdelek\/termo-posoda-za-hrano-citron-350-ml-nevihtni-samorog-kopiraj-kopiraj\/#primaryimage"},"thumbnailUrl":"https:\/\/najnaj.eu\/wp-content\/uploads\/2026\/01\/prod-pic-dino.jpg","datePublished":"2026-01-27T13:57:34+00:00","dateModified":"2026-01-27T14:21:26+00:00","breadcrumb":{"@id":"https:\/\/najnaj.eu\/sl\/izdelek\/termo-posoda-za-hrano-citron-350-ml-nevihtni-samorog-kopiraj-kopiraj\/#breadcrumb"},"inLanguage":"sl-SI","potentialAction":[{"@type":"ReadAction","target":["https:\/\/najnaj.eu\/sl\/izdelek\/termo-posoda-za-hrano-citron-350-ml-nevihtni-samorog-kopiraj-kopiraj\/"]}]},{"@type":"ImageObject","inLanguage":"sl-SI","@id":"https:\/\/najnaj.eu\/sl\/izdelek\/termo-posoda-za-hrano-citron-350-ml-nevihtni-samorog-kopiraj-kopiraj\/#primaryimage","url":"https:\/\/najnaj.eu\/wp-content\/uploads\/2026\/01\/prod-pic-dino.jpg","contentUrl":"https:\/\/najnaj.eu\/wp-content\/uploads\/2026\/01\/prod-pic-dino.jpg","width":900,"height":900},{"@type":"BreadcrumbList","@id":"https:\/\/najnaj.eu\/sl\/izdelek\/termo-posoda-za-hrano-citron-350-ml-nevihtni-samorog-kopiraj-kopiraj\/#breadcrumb","itemListElement":[{"@type":"ListItem","position":1,"name":"Po\u010detna stranica","item":"https:\/\/najnaj.eu\/sl\/prednja-stran\/"},{"@type":"ListItem","position":2,"name":"Shop","item":"https:\/\/najnaj.eu\/sl\/shop\/"},{"@type":"ListItem","position":3,"name":"Privatno: Termo posoda za hrano Citron 350 ml Blue Dino"}]},{"@type":"WebSite","@id":"https:\/\/najnaj.eu\/sl\/#website","url":"https:\/\/najnaj.eu\/sl\/","name":"NajNaj.eu","description":"Za najva\u017enije!","publisher":{"@id":"https:\/\/najnaj.eu\/sl\/#organization"},"potentialAction":[{"@type":"SearchAction","target":{"@type":"EntryPoint","urlTemplate":"https:\/\/najnaj.eu\/sl\/?s={search_term_string}"},"query-input":{"@type":"PropertyValueSpecification","valueRequired":true,"valueName":"search_term_string"}}],"inLanguage":"sl-SI"},{"@type":"Organization","@id":"https:\/\/najnaj.eu\/sl\/#organization","name":"NajNaj.eu","url":"https:\/\/najnaj.eu\/sl\/","logo":{"@type":"ImageObject","inLanguage":"sl-SI","@id":"https:\/\/najnaj.eu\/sl\/#\/schema\/logo\/image\/","url":"https:\/\/najnaj.eu\/wp-content\/uploads\/2023\/09\/logo_Najnaj_2023.svg","contentUrl":"https:\/\/najnaj.eu\/wp-content\/uploads\/2023\/09\/logo_Najnaj_2023.svg","width":501,"height":278,"caption":"NajNaj.eu"},"image":{"@id":"https:\/\/najnaj.eu\/sl\/#\/schema\/logo\/image\/"},"sameAs":["https:\/\/web.facebook.com\/najnaj.eu\/","https:\/\/www.instagram.com\/najnaj.eu\/","https:\/\/www.tiktok.com\/@najnaj.eu"]}]},"product_brand":"Citron","product_price_amount":"35.99","product_price_currency":"EUR","og_availability":"instock","product_availability":"instock","product_retailer_item_id":"Classic_Thermal_FJ_350_Blue_Dino","product_condition":"new"},"_links":{"self":[{"href":"https:\/\/najnaj.eu\/sl\/wp-json\/wp\/v2\/product\/287140","targetHints":{"allow":["GET"]}}],"collection":[{"href":"https:\/\/najnaj.eu\/sl\/wp-json\/wp\/v2\/product"}],"about":[{"href":"https:\/\/najnaj.eu\/sl\/wp-json\/wp\/v2\/types\/product"}],"replies":[{"embeddable":true,"href":"https:\/\/najnaj.eu\/sl\/wp-json\/wp\/v2\/comments?post=287140"}],"version-history":[{"count":0,"href":"https:\/\/najnaj.eu\/sl\/wp-json\/wp\/v2\/product\/287140\/revisions"}],"wp:featuredmedia":[{"embeddable":true,"href":"https:\/\/najnaj.eu\/sl\/wp-json\/wp\/v2\/media\/287146"}],"wp:attachment":[{"href":"https:\/\/najnaj.eu\/sl\/wp-json\/wp\/v2\/media?parent=287140"}],"wp:term":[{"taxonomy":"product_brand","embeddable":true,"href":"https:\/\/najnaj.eu\/sl\/wp-json\/wp\/v2\/product_brand?post=287140"},{"taxonomy":"product_cat","embeddable":true,"href":"https:\/\/najnaj.eu\/sl\/wp-json\/wp\/v2\/product_cat?post=287140"},{"taxonomy":"product_tag","embeddable":true,"href":"https:\/\/najnaj.eu\/sl\/wp-json\/wp\/v2\/product_tag?post=287140"}],"curies":[{"name":"wp","href":"https:\/\/api.w.org\/{rel}","templated":true}]}}