{"id":286969,"date":"2026-01-27T13:26:46","date_gmt":"2026-01-27T12:26:46","guid":{"rendered":"https:\/\/najnaj.eu\/?post_type=product&#038;p=286969"},"modified":"2026-01-27T15:21:37","modified_gmt":"2026-01-27T14:21:37","slug":"steklenica-za-vodo-citron-250-ml-za-vozila-kopiraj","status":"publish","type":"product","link":"https:\/\/najnaj.eu\/sl\/izdelek\/steklenica-za-vodo-citron-250-ml-za-vozila-kopiraj\/","title":{"rendered":"Steklenica za vodo Citron 250 ml Morska deklica"},"content":{"rendered":"<p>+ Trojna stenska vakuumska izolacija za ohranjanje \u017eelene temperature pija\u010d<br \/>\n + Teko\u010dine ostanejo tople 12 ur in hladne 24 ur<br \/>\n + Z neprepustno zadrgo ohranja va\u0161o torbo za kosilo suho in \u010disto<br \/>\n + Prilo\u017eena je 1 \u010distilna krta\u010dka, 1 silikonski pokrov\u010dek in 2 dodatni slamici<br \/>\n + QR tehnologija za enostavno iskanje<br \/>\n + Zasnovano iz trajnostnih materialov<br \/>\n + Primerno za otroke, stare 6+ mesecev<br \/>\n + Najvi\u0161ja temperatura 55 \u00b0C<\/p>\n<p>&nbsp;<\/p>\n<p><img loading=\"lazy\" decoding=\"async\" class=\"wp-image-212436 size-full aligncenter\" src=\"https:\/\/najnaj.eu\/wp-content\/uploads\/2024\/08\/250ml-Water-Bottle-Ballerina-6.webp\" alt=\"\" width=\"823\" height=\"823\" srcset=\"https:\/\/najnaj.eu\/wp-content\/uploads\/2024\/08\/250ml-Water-Bottle-Ballerina-6.webp 823w, https:\/\/najnaj.eu\/wp-content\/uploads\/2024\/08\/250ml-Water-Bottle-Ballerina-6-324x324.webp 324w, https:\/\/najnaj.eu\/wp-content\/uploads\/2024\/08\/250ml-Water-Bottle-Ballerina-6-100x100.webp 100w, https:\/\/najnaj.eu\/wp-content\/uploads\/2024\/08\/250ml-Water-Bottle-Ballerina-6-300x300.webp 300w, https:\/\/najnaj.eu\/wp-content\/uploads\/2024\/08\/250ml-Water-Bottle-Ballerina-6-150x150.webp 150w, https:\/\/najnaj.eu\/wp-content\/uploads\/2024\/08\/250ml-Water-Bottle-Ballerina-6-768x768.webp 768w, https:\/\/najnaj.eu\/wp-content\/uploads\/2024\/08\/250ml-Water-Bottle-Ballerina-6-420x420.webp 420w, https:\/\/najnaj.eu\/wp-content\/uploads\/2024\/08\/250ml-Water-Bottle-Ballerina-6-800x800.webp 800w, https:\/\/najnaj.eu\/wp-content\/uploads\/2024\/08\/250ml-Water-Bottle-Ballerina-6-50x50.webp 50w\" sizes=\"auto, (max-width: 823px) 100vw, 823px\" \/><\/p>\n","protected":false},"excerpt":{"rendered":"<p>Na\u0161e stekleni\u010dke za vodo so zasnovane posebej za male roke in bodo pomagale otrokom nau\u010diti pravilno piti! Imajo tudi trojno stensko izolacijo, da ohranjajo teko\u010dine vro\u010de do 12 ur in hladne do 24 ur, s svojo za\u0161\u010dito pa so odporne na udarce, tako da lahko pre\u017eivijo vse! <\/p>\n","protected":false},"featured_media":286977,"comment_status":"open","ping_status":"closed","template":"","meta":{"_acf_changed":false,"footnotes":""},"product_brand":[],"product_cat":[2228,1275,1312],"product_tag":[2349,2282],"class_list":{"0":"post-286969","1":"product","2":"type-product","3":"status-publish","4":"has-post-thumbnail","6":"product_cat-darila","7":"product_cat-posoda","8":"product_cat-steklenice-za-vodo","9":"product_tag-personalizirani-proizvodi","10":"product_tag-zima-sl","11":"pa_boja-roza-sl","12":"pa_brand-citron-sl","13":"pa_vrsta-posuda-steklenice-za-vodo","14":"pa_vrsta-posuda-termo-steklenice","16":"first","17":"instock","18":"shipping-taxable","19":"purchasable","20":"product-type-simple"},"bundled_by":[],"bundle_stock_status":"instock","bundle_stock_quantity":15,"bundle_virtual":false,"bundle_layout":"","bundle_add_to_cart_form_location":"","bundle_editable_in_cart":false,"bundle_sold_individually_context":"","bundle_item_grouping":"","bundle_min_size":"","bundle_max_size":"","bundle_price":[],"bundled_items":[],"bundle_sell_ids":[],"acf":[],"yoast_head":"<!-- This site is optimized with the Yoast SEO Premium plugin v21.5 (Yoast SEO v27.4) - https:\/\/yoast.com\/product\/yoast-seo-premium-wordpress\/ -->\n<title>Steklenica za vodo Citron 250 ml Morska deklica - NajNaj.eu<\/title>\n<meta name=\"description\" content=\"250 ml stekleni\u010dka za vodo Citron je popolna za va\u0161e mal\u010dke!\" \/>\n<meta name=\"robots\" content=\"index, follow, max-snippet:-1, max-image-preview:large, max-video-preview:-1\" \/>\n<link rel=\"canonical\" href=\"https:\/\/najnaj.eu\/sl\/izdelek\/steklenica-za-vodo-citron-250-ml-za-vozila-kopiraj\/\" \/>\n<meta property=\"og:locale\" content=\"sl_SI\" \/>\n<meta property=\"og:type\" content=\"article\" \/>\n<meta property=\"og:title\" content=\"Steklenica za vodo Citron 250 ml Morska deklica\" \/>\n<meta property=\"og:description\" content=\"250 ml stekleni\u010dka za vodo Citron je popolna za va\u0161e mal\u010dke!\" \/>\n<meta property=\"og:url\" content=\"https:\/\/najnaj.eu\/sl\/izdelek\/steklenica-za-vodo-citron-250-ml-za-vozila-kopiraj\/\" \/>\n<meta property=\"og:site_name\" content=\"NajNaj.eu\" \/>\n<meta property=\"article:publisher\" content=\"https:\/\/web.facebook.com\/najnaj.eu\/\" \/>\n<meta property=\"article:modified_time\" content=\"2026-01-27T14:21:37+00:00\" \/>\n<meta property=\"og:image\" content=\"https:\/\/najnaj.eu\/wp-content\/uploads\/2026\/01\/product-pic.jpg\" \/>\n\t<meta property=\"og:image:width\" content=\"2000\" \/>\n\t<meta property=\"og:image:height\" content=\"2000\" \/>\n\t<meta property=\"og:image:type\" content=\"image\/jpeg\" \/>\n<meta name=\"twitter:card\" content=\"summary_large_image\" \/>\n<meta name=\"twitter:label1\" content=\"Price\" \/>\n\t<meta name=\"twitter:data1\" content=\"25,99&nbsp;&euro;\" \/>\n\t<meta name=\"twitter:label2\" content=\"Availability\" \/>\n\t<meta name=\"twitter:data2\" content=\"In stock\" \/>\n<script type=\"application\/ld+json\" class=\"yoast-schema-graph\">{\"@context\":\"https:\\\/\\\/schema.org\",\"@graph\":[{\"@type\":\"WebPage\",\"@id\":\"https:\\\/\\\/najnaj.eu\\\/sl\\\/izdelek\\\/steklenica-za-vodo-citron-250-ml-za-vozila-kopiraj\\\/\",\"url\":\"https:\\\/\\\/najnaj.eu\\\/sl\\\/izdelek\\\/steklenica-za-vodo-citron-250-ml-za-vozila-kopiraj\\\/\",\"name\":\"Steklenica za vodo Citron 250 ml Morska deklica - NajNaj.eu\",\"isPartOf\":{\"@id\":\"https:\\\/\\\/najnaj.eu\\\/sl\\\/#website\"},\"primaryImageOfPage\":{\"@id\":\"https:\\\/\\\/najnaj.eu\\\/sl\\\/izdelek\\\/steklenica-za-vodo-citron-250-ml-za-vozila-kopiraj\\\/#primaryimage\"},\"image\":{\"@id\":\"https:\\\/\\\/najnaj.eu\\\/sl\\\/izdelek\\\/steklenica-za-vodo-citron-250-ml-za-vozila-kopiraj\\\/#primaryimage\"},\"thumbnailUrl\":\"https:\\\/\\\/najnaj.eu\\\/wp-content\\\/uploads\\\/2026\\\/01\\\/product-pic.jpg\",\"datePublished\":\"2026-01-27T12:26:46+00:00\",\"dateModified\":\"2026-01-27T14:21:37+00:00\",\"description\":\"250 ml stekleni\u010dka za vodo Citron je popolna za va\u0161e mal\u010dke!\",\"breadcrumb\":{\"@id\":\"https:\\\/\\\/najnaj.eu\\\/sl\\\/izdelek\\\/steklenica-za-vodo-citron-250-ml-za-vozila-kopiraj\\\/#breadcrumb\"},\"inLanguage\":\"sl-SI\",\"potentialAction\":[{\"@type\":\"ReadAction\",\"target\":[\"https:\\\/\\\/najnaj.eu\\\/sl\\\/izdelek\\\/steklenica-za-vodo-citron-250-ml-za-vozila-kopiraj\\\/\"]}]},{\"@type\":\"ImageObject\",\"inLanguage\":\"sl-SI\",\"@id\":\"https:\\\/\\\/najnaj.eu\\\/sl\\\/izdelek\\\/steklenica-za-vodo-citron-250-ml-za-vozila-kopiraj\\\/#primaryimage\",\"url\":\"https:\\\/\\\/najnaj.eu\\\/wp-content\\\/uploads\\\/2026\\\/01\\\/product-pic.jpg\",\"contentUrl\":\"https:\\\/\\\/najnaj.eu\\\/wp-content\\\/uploads\\\/2026\\\/01\\\/product-pic.jpg\",\"width\":2000,\"height\":2000},{\"@type\":\"BreadcrumbList\",\"@id\":\"https:\\\/\\\/najnaj.eu\\\/sl\\\/izdelek\\\/steklenica-za-vodo-citron-250-ml-za-vozila-kopiraj\\\/#breadcrumb\",\"itemListElement\":[{\"@type\":\"ListItem\",\"position\":1,\"name\":\"Po\u010detna stranica\",\"item\":\"https:\\\/\\\/najnaj.eu\\\/sl\\\/prednja-stran\\\/\"},{\"@type\":\"ListItem\",\"position\":2,\"name\":\"Shop\",\"item\":\"https:\\\/\\\/najnaj.eu\\\/sl\\\/shop\\\/\"},{\"@type\":\"ListItem\",\"position\":3,\"name\":\"Privatno: Steklenica za vodo Citron 250 ml Morska deklica\"}]},{\"@type\":\"WebSite\",\"@id\":\"https:\\\/\\\/najnaj.eu\\\/sl\\\/#website\",\"url\":\"https:\\\/\\\/najnaj.eu\\\/sl\\\/\",\"name\":\"NajNaj.eu\",\"description\":\"Za najva\u017enije!\",\"publisher\":{\"@id\":\"https:\\\/\\\/najnaj.eu\\\/sl\\\/#organization\"},\"potentialAction\":[{\"@type\":\"SearchAction\",\"target\":{\"@type\":\"EntryPoint\",\"urlTemplate\":\"https:\\\/\\\/najnaj.eu\\\/sl\\\/?s={search_term_string}\"},\"query-input\":{\"@type\":\"PropertyValueSpecification\",\"valueRequired\":true,\"valueName\":\"search_term_string\"}}],\"inLanguage\":\"sl-SI\"},{\"@type\":\"Organization\",\"@id\":\"https:\\\/\\\/najnaj.eu\\\/sl\\\/#organization\",\"name\":\"NajNaj.eu\",\"url\":\"https:\\\/\\\/najnaj.eu\\\/sl\\\/\",\"logo\":{\"@type\":\"ImageObject\",\"inLanguage\":\"sl-SI\",\"@id\":\"https:\\\/\\\/najnaj.eu\\\/sl\\\/#\\\/schema\\\/logo\\\/image\\\/\",\"url\":\"https:\\\/\\\/najnaj.eu\\\/wp-content\\\/uploads\\\/2023\\\/09\\\/logo_Najnaj_2023.svg\",\"contentUrl\":\"https:\\\/\\\/najnaj.eu\\\/wp-content\\\/uploads\\\/2023\\\/09\\\/logo_Najnaj_2023.svg\",\"width\":501,\"height\":278,\"caption\":\"NajNaj.eu\"},\"image\":{\"@id\":\"https:\\\/\\\/najnaj.eu\\\/sl\\\/#\\\/schema\\\/logo\\\/image\\\/\"},\"sameAs\":[\"https:\\\/\\\/web.facebook.com\\\/najnaj.eu\\\/\",\"https:\\\/\\\/www.instagram.com\\\/najnaj.eu\\\/\",\"https:\\\/\\\/www.tiktok.com\\\/@najnaj.eu\"]}]}<\/script>\n<meta property=\"product:brand\" content=\"Citron\" \/>\n<meta property=\"product:price:amount\" content=\"25.99\" \/>\n<meta property=\"product:price:currency\" content=\"EUR\" \/>\n<meta property=\"og:availability\" content=\"instock\" \/>\n<meta property=\"product:availability\" content=\"instock\" \/>\n<meta property=\"product:retailer_item_id\" content=\"2025_wb_250_Mermaid\" \/>\n<meta property=\"product:condition\" content=\"new\" \/>\n<!-- \/ Yoast SEO Premium plugin. -->","yoast_head_json":{"title":"Steklenica za vodo Citron 250 ml Morska deklica - NajNaj.eu","description":"250 ml stekleni\u010dka za vodo Citron je popolna za va\u0161e mal\u010dke!","robots":{"index":"index","follow":"follow","max-snippet":"max-snippet:-1","max-image-preview":"max-image-preview:large","max-video-preview":"max-video-preview:-1"},"canonical":"https:\/\/najnaj.eu\/sl\/izdelek\/steklenica-za-vodo-citron-250-ml-za-vozila-kopiraj\/","og_locale":"sl_SI","og_type":"article","og_title":"Steklenica za vodo Citron 250 ml Morska deklica","og_description":"250 ml stekleni\u010dka za vodo Citron je popolna za va\u0161e mal\u010dke!","og_url":"https:\/\/najnaj.eu\/sl\/izdelek\/steklenica-za-vodo-citron-250-ml-za-vozila-kopiraj\/","og_site_name":"NajNaj.eu","article_publisher":"https:\/\/web.facebook.com\/najnaj.eu\/","article_modified_time":"2026-01-27T14:21:37+00:00","og_image":[{"width":2000,"height":2000,"url":"https:\/\/najnaj.eu\/wp-content\/uploads\/2026\/01\/product-pic.jpg","type":"image\/jpeg"}],"twitter_card":"summary_large_image","twitter_misc":{"Price":"25,99&nbsp;&euro;","Availability":"In stock"},"schema":{"@context":"https:\/\/schema.org","@graph":[{"@type":"WebPage","@id":"https:\/\/najnaj.eu\/sl\/izdelek\/steklenica-za-vodo-citron-250-ml-za-vozila-kopiraj\/","url":"https:\/\/najnaj.eu\/sl\/izdelek\/steklenica-za-vodo-citron-250-ml-za-vozila-kopiraj\/","name":"Steklenica za vodo Citron 250 ml Morska deklica - NajNaj.eu","isPartOf":{"@id":"https:\/\/najnaj.eu\/sl\/#website"},"primaryImageOfPage":{"@id":"https:\/\/najnaj.eu\/sl\/izdelek\/steklenica-za-vodo-citron-250-ml-za-vozila-kopiraj\/#primaryimage"},"image":{"@id":"https:\/\/najnaj.eu\/sl\/izdelek\/steklenica-za-vodo-citron-250-ml-za-vozila-kopiraj\/#primaryimage"},"thumbnailUrl":"https:\/\/najnaj.eu\/wp-content\/uploads\/2026\/01\/product-pic.jpg","datePublished":"2026-01-27T12:26:46+00:00","dateModified":"2026-01-27T14:21:37+00:00","description":"250 ml stekleni\u010dka za vodo Citron je popolna za va\u0161e mal\u010dke!","breadcrumb":{"@id":"https:\/\/najnaj.eu\/sl\/izdelek\/steklenica-za-vodo-citron-250-ml-za-vozila-kopiraj\/#breadcrumb"},"inLanguage":"sl-SI","potentialAction":[{"@type":"ReadAction","target":["https:\/\/najnaj.eu\/sl\/izdelek\/steklenica-za-vodo-citron-250-ml-za-vozila-kopiraj\/"]}]},{"@type":"ImageObject","inLanguage":"sl-SI","@id":"https:\/\/najnaj.eu\/sl\/izdelek\/steklenica-za-vodo-citron-250-ml-za-vozila-kopiraj\/#primaryimage","url":"https:\/\/najnaj.eu\/wp-content\/uploads\/2026\/01\/product-pic.jpg","contentUrl":"https:\/\/najnaj.eu\/wp-content\/uploads\/2026\/01\/product-pic.jpg","width":2000,"height":2000},{"@type":"BreadcrumbList","@id":"https:\/\/najnaj.eu\/sl\/izdelek\/steklenica-za-vodo-citron-250-ml-za-vozila-kopiraj\/#breadcrumb","itemListElement":[{"@type":"ListItem","position":1,"name":"Po\u010detna stranica","item":"https:\/\/najnaj.eu\/sl\/prednja-stran\/"},{"@type":"ListItem","position":2,"name":"Shop","item":"https:\/\/najnaj.eu\/sl\/shop\/"},{"@type":"ListItem","position":3,"name":"Privatno: Steklenica za vodo Citron 250 ml Morska deklica"}]},{"@type":"WebSite","@id":"https:\/\/najnaj.eu\/sl\/#website","url":"https:\/\/najnaj.eu\/sl\/","name":"NajNaj.eu","description":"Za najva\u017enije!","publisher":{"@id":"https:\/\/najnaj.eu\/sl\/#organization"},"potentialAction":[{"@type":"SearchAction","target":{"@type":"EntryPoint","urlTemplate":"https:\/\/najnaj.eu\/sl\/?s={search_term_string}"},"query-input":{"@type":"PropertyValueSpecification","valueRequired":true,"valueName":"search_term_string"}}],"inLanguage":"sl-SI"},{"@type":"Organization","@id":"https:\/\/najnaj.eu\/sl\/#organization","name":"NajNaj.eu","url":"https:\/\/najnaj.eu\/sl\/","logo":{"@type":"ImageObject","inLanguage":"sl-SI","@id":"https:\/\/najnaj.eu\/sl\/#\/schema\/logo\/image\/","url":"https:\/\/najnaj.eu\/wp-content\/uploads\/2023\/09\/logo_Najnaj_2023.svg","contentUrl":"https:\/\/najnaj.eu\/wp-content\/uploads\/2023\/09\/logo_Najnaj_2023.svg","width":501,"height":278,"caption":"NajNaj.eu"},"image":{"@id":"https:\/\/najnaj.eu\/sl\/#\/schema\/logo\/image\/"},"sameAs":["https:\/\/web.facebook.com\/najnaj.eu\/","https:\/\/www.instagram.com\/najnaj.eu\/","https:\/\/www.tiktok.com\/@najnaj.eu"]}]},"product_brand":"Citron","product_price_amount":"25.99","product_price_currency":"EUR","og_availability":"instock","product_availability":"instock","product_retailer_item_id":"2025_wb_250_Mermaid","product_condition":"new"},"_links":{"self":[{"href":"https:\/\/najnaj.eu\/sl\/wp-json\/wp\/v2\/product\/286969","targetHints":{"allow":["GET"]}}],"collection":[{"href":"https:\/\/najnaj.eu\/sl\/wp-json\/wp\/v2\/product"}],"about":[{"href":"https:\/\/najnaj.eu\/sl\/wp-json\/wp\/v2\/types\/product"}],"replies":[{"embeddable":true,"href":"https:\/\/najnaj.eu\/sl\/wp-json\/wp\/v2\/comments?post=286969"}],"version-history":[{"count":0,"href":"https:\/\/najnaj.eu\/sl\/wp-json\/wp\/v2\/product\/286969\/revisions"}],"wp:featuredmedia":[{"embeddable":true,"href":"https:\/\/najnaj.eu\/sl\/wp-json\/wp\/v2\/media\/286977"}],"wp:attachment":[{"href":"https:\/\/najnaj.eu\/sl\/wp-json\/wp\/v2\/media?parent=286969"}],"wp:term":[{"taxonomy":"product_brand","embeddable":true,"href":"https:\/\/najnaj.eu\/sl\/wp-json\/wp\/v2\/product_brand?post=286969"},{"taxonomy":"product_cat","embeddable":true,"href":"https:\/\/najnaj.eu\/sl\/wp-json\/wp\/v2\/product_cat?post=286969"},{"taxonomy":"product_tag","embeddable":true,"href":"https:\/\/najnaj.eu\/sl\/wp-json\/wp\/v2\/product_tag?post=286969"}],"curies":[{"name":"wp","href":"https:\/\/api.w.org\/{rel}","templated":true}]}}