{"id":286693,"date":"2026-01-22T15:29:31","date_gmt":"2026-01-22T14:29:31","guid":{"rendered":"https:\/\/najnaj.eu\/?post_type=product&p=286693"},"modified":"2026-01-22T15:29:31","modified_gmt":"2026-01-22T14:29:31","slug":"besafe-go-beyond%c2%b2-crna-mehka-vetric","status":"publish","type":"product","link":"https:\/\/najnaj.eu\/sl\/izdelek\/besafe-go-beyond%c2%b2-crna-mehka-vetric\/","title":{"rendered":"BeSafe Go Beyond\u00b2 \u010crna mehka vetri\u010d"},"content":{"rendered":"<p><span style=\"font-weight: 400;\">Go Beyond\u00b2 je nadgrajena razli\u010dica nagrajenega avtosede\u017ea BeSafe Go Beyond.<\/span><\/p>\n<p><strong>1. Varno spanje v le\u017ee\u010dem polo\u017eaju<\/strong><br \/>\n Inovacija Active Lay Flat\u2122 zagotavlja varno potovanje va\u0161ega dojen\u010dka, tudi v le\u017ee\u010dem polo\u017eaju. V primeru nesre\u010de se sede\u017e samodejno premakne v sede\u010di polo\u017eaj in tako zagotovi pravilen kot, ki ga potrebuje otrok. <\/p>\n<p><strong>2. Ro\u010daj za no\u0161enje<\/strong><br \/>\n Za enostaven transport avtosede\u017ea zunaj avtomobila. Ro\u010daj za no\u0161enje je enostavno upravljati z eno roko. Ima tudi varnostno funkcijo, saj \u0161\u010diti va\u0161ega dojen\u010dka pred udarci v notranjost avtomobila v primeru tr\u010denja.  <\/p>\n<p><strong>3. Raste z otrokom<\/strong><br \/>\n Sede\u017e je zasnovan tako, da nudi dovolj prostora za va\u0161ega otroka do 87 cm, pribli\u017eno 18 mesecev. Avtosede\u017e se enostavno prilagodi z odstranitvijo dodatnih blazin in dvigom vzglavnika, ko otrok raste. <\/p>\n<p><strong>4. Vrtenje za la\u017eji dostop<\/strong><br \/>\n Avtosede\u017e je mogo\u010de vrteti levo in desno, ko je name\u0161\u010den na podstavek ISOfix. Ta funkcija omogo\u010da enostaven dostop in vrtenje sede\u017ea proti vratom avtomobila za la\u017ejo namestitev otroka, hkrati pa \u0161\u010diti va\u0161 hrbet. <\/p>\n<p><strong>5. Nadstre\u0161ek &#8220;Peekaboo&#8221;<\/strong><br \/>\n Izjemno dolga strehica je zasnovana tako, da \u0161\u010diti va\u0161ega dojen\u010dka pred soncem in vremenskimi vplivi. Z lahkoto jo lahko prilagodite na katero koli stran, odvisno od smeri son\u010dnih \u017earkov. Funkcija &#8220;Peekaboo&#8221; je odli\u010dna za hiter pregled dojen\u010dka, ne da bi pri tem motili njegov spanec.  <\/p>\n<p><strong>6. Namestitev na podstavek ISOfix ali z varnostnim pasom<\/strong><br \/>\n Za maksimalno prilagodljivost lahko avtosede\u017e namestite na priklju\u010dke ISOfix s pomo\u010djo podstavka ali z varnostnim pasom avtomobila skozi predvidene re\u017ee za pas.<\/p>\n<p><strong>7. Certificirano za uporabo na letalih<br \/>\n<\/strong><span style=\"font-weight: 400;\">Sede\u017e je odobren s strani T\u00dcV Rheinland za uporabo na letalih. Preizku\u0161en je bil v skladu z mednarodno priznanimi protokoli \u2013 z 2-to\u010dkovnimi varnostnimi pasovi pri \u010delnem trku s hitrostjo 50 km\/h \u2013 in ostane nedotaknjen, da je va\u0161 otrok med potovanjem varen. <\/span><\/p>\n<p><strong>8. Vrhunska zasnova<br \/>\n<\/strong> <span style=\"font-weight: 400;\">Elegantna mat povr\u0161ina in temen okvir sede\u017ea se popolnoma ujemata s temnimi okvirji vozi\u010dka, kar ustvarja prefinjen in usklajen videz.<\/span><\/p>\n<p>&nbsp;<\/p>\n<p><strong>Vrhunska varnost<\/strong><br \/>\n \u2013 Vi\u0161ina: od 40 do 87 cm<br \/>\n \u2013 Revolucionarna funkcija Active Lay Flat\u2122 omogo\u010da samodejno pokon\u010danje v pokon\u010den polo\u017eaj v primeru tr\u010denja<br \/>\n \u2013 Napetost varnostnih pasov ostane nespremenjena ne glede na spremembo kota sede\u017ea<br \/>\n \u2013 Notranji petto\u010dkovni varnostni pas za ve\u010djo stabilnost v primeru bo\u010dnega trka<br \/>\n \u2013 Napredna za\u0161\u010dita glave (Dynamic Force Absorber\u2122)<br \/>\n \u2013 Blazinice za bolj\u0161o oporo<br \/>\n \u2013 Dodatna stranska za\u0161\u010dita (SIP+), ki se enostavno pritrdi na otro\u0161ki avtosede\u017e<\/p>\n<p><strong>Edinstvene lastnosti za vsakodnevno prilagodljivost<\/strong><br \/>\n \u2013 Enostavna namestitev na podstavek Beyond ali z uporabo varnostnih pasov<br \/>\n \u2013 Vrtenje za enostaven dostop in prilagodljivo potovanje<br \/>\n \u2013 Enostavno upravljanje z eno roko z ro\u010dajem za prena\u0161anje in vrtenje<br \/>\n \u2013 Prilagodljiva streha \u00bbPeekaboo\u00ab nudi za\u0161\u010dito pred soncem in enostavno prilagajanje otrokovim potrebam<br \/>\n \u2013 Magneti na strani sede\u017ea prepre\u010dujejo, da bi varnostni pasovi ovirali pri name\u0161\u010danju in izstopanju otroka (Magnetic Belt Assistant\u2122)<br \/>\n \u2013 Enostavno se pritrdi na ogrodje <a href=\"https:\/\/najnaj.eu\/wp-content\/uploads\/2025\/05\/besafe_go_beyond-strollerlist.pdf\" target=\"_blank\" rel=\"noopener\"><strong>ve\u010dine vodilnih modelov vozi\u010dkov<\/strong><\/a> in ustvari potovalni sistem<br \/>\n \u2013 Avtosede\u017e odobren za uporabo na letalu<\/p>\n<p><strong>Udobje<\/strong><br \/>\n \u2013 Universal Level Technology\u2122 za optimalen kot sedenja v vsakem avtomobilu<br \/>\n \u2013 Funkcija le\u017eanja za udobno spanje na vozi\u010dku in v avtomobilu (\u010de je name\u0161\u010den z Beyond bazo)<br \/>\n \u2013 Naslon za glavo je nastavljiv v 10 stopinjah, da raste z otrokom do 87 cm<br \/>\n \u2013 Dobra prepustnost zraka z odprto strukturo pod tekstilno prevleko<br \/>\n \u2013 Certificirano kot posebej primerno za hrbet s strani nem\u0161ke organizacije AGR (nem\u0161ka organizacija AGR)<\/p>\n<p><strong>Narava in spreminjajo\u010da se mobilnost v mislih<\/strong><br \/>\n Koncept BeSafe Beyond je zasnovan za dolgo \u017eivljenjsko dobo. Njegovi trpe\u017eni materiali v kombinaciji s konstrukcijo, ki omogo\u010da enostavno popravilo, podalj\u0161ujejo \u017eivljenjsko dobo vseh izdelkov koncepta Beyond na 15 let. Z uporabo istega podno\u017eja za otro\u0161ki avtosede\u017e in avtosede\u017e za mal\u010dke od 0 do 6 let zmanj\u0161ujemo koli\u010dino materialov, uporabljenih med proizvodnjo.<br \/>\n Poleg tega je modularna in lahka zasnova koncepta idealna za dru\u017eine, ki \u017eelijo svoj sede\u017e uporabljati v ve\u010d avtomobilih \u2013 ne glede na to, ali imajo v lasti dva avtomobila ali uporabljajo storitve souporabe avtomobilov.  <\/p>\n<p><strong>\u010cas uporabe<\/strong><br \/>\n Izjava o omejitvi odgovornosti glede starostne skupine: Upo\u0161tevajte, da je navedena starostna skupina le smernica, ki temelji na povpre\u010dnih vrednostih in ne omejuje ali zagotavlja \u010dasa uporabe.<\/p>\n","protected":false},"excerpt":{"rendered":"<ul>\n<li>edini avtosede\u017e od rojstva, ki ga je mogo\u010de med vo\u017enjo v avtomobilu namestiti v varen le\u017ee\u010di polo\u017eaj<\/li>\n<li>le\u017ee\u010de in na invalidskem vozi\u010dku<\/li>\n<li>prakti\u010dno vrtenje za 180\u00b0 \u2013 proti vratom<\/li>\n<li>vi\u0161ina otroka: 41 \u2013 87 cm<\/li>\n<li>namestitev z uporabo <a href=\"https:\/\/najnaj.eu\/izdelek\/besafe-beyond-isofix-baza\/\">ISOfix podstavka<\/a> (obvezno za vrtenje in uporabo le\u017ee\u010dega polo\u017eaja) ali avtomobilskega varnostnega pasu<\/li>\n<\/ul>\n<p>Oglejte si Go Beyond\u00b2 v interaktivnem <a href=\"https:\/\/catalogue.arkid.app\/embed\/1gEAsdTmEfCIHiXBXUO49Q\" target=\"_blank\" rel=\"noopener\"><strong>3D-pogledu<\/strong><\/a> !<\/p>\n","protected":false},"featured_media":286505,"comment_status":"open","ping_status":"closed","template":"","meta":{"_acf_changed":false,"footnotes":""},"product_brand":[],"product_cat":[1204,1205,1180],"product_tag":[],"class_list":{"0":"post-286693","1":"product","2":"type-product","3":"status-publish","4":"has-post-thumbnail","6":"product_cat-avto-sedezi","7":"product_cat-novorodence-sl","8":"product_cat-proizvodi-sl","9":"pa_boja-crna-sl","10":"pa_brand-besafe-sl","11":"pa_nacin-postavljanja-automobilski-pojas-sl","12":"pa_nacin-postavljanja-isofix-sl","13":"pa_postavljanje-na-kolica-da-sl","14":"pa_visina-djeteta-od-40-do-87-cm-sl","16":"first","17":"instock","18":"shipping-taxable","19":"purchasable","20":"product-type-simple"},"bundled_by":[],"bundle_stock_status":"instock","bundle_stock_quantity":15,"bundle_virtual":false,"bundle_layout":"","bundle_add_to_cart_form_location":"","bundle_editable_in_cart":false,"bundle_sold_individually_context":"","bundle_item_grouping":"","bundle_min_size":"","bundle_max_size":"","bundle_price":[],"bundled_items":[],"bundle_sell_ids":[],"acf":[],"yoast_head":"<!-- This site is optimized with the Yoast SEO Premium plugin v21.5 (Yoast SEO v27.4) - https:\/\/yoast.com\/product\/yoast-seo-premium-wordpress\/ -->\n<title>BeSafe Go Beyond\u00b2 - nova generacija nagrajenega avtosede\u017ea<\/title>\n<meta name=\"description\" content=\"Avtosede\u017e BeSafe Go Beyond\u00b2 s tehnologijo Active Lay Flat\u2122 za varno spanje v le\u017ee\u010dem polo\u017eaju. Maksimalna za\u0161\u010dita in udobje do 18 mesecev.\" \/>\n<meta name=\"robots\" content=\"index, follow, max-snippet:-1, max-image-preview:large, max-video-preview:-1\" \/>\n<link rel=\"canonical\" href=\"https:\/\/najnaj.eu\/sl\/izdelek\/besafe-go-beyond%c2%b2-crna-mehka-vetric\/\" \/>\n<meta property=\"og:locale\" content=\"sl_SI\" \/>\n<meta property=\"og:type\" content=\"article\" \/>\n<meta property=\"og:title\" content=\"BeSafe Go Beyond\u00b2 \u010crna mehka vetri\u010d\" \/>\n<meta property=\"og:description\" content=\"Avtosede\u017e BeSafe Go Beyond\u00b2 s tehnologijo Active Lay Flat\u2122 za varno spanje v le\u017ee\u010dem polo\u017eaju. Maksimalna za\u0161\u010dita in udobje do 18 mesecev.\" \/>\n<meta property=\"og:url\" content=\"https:\/\/najnaj.eu\/sl\/izdelek\/besafe-go-beyond%c2%b2-crna-mehka-vetric\/\" \/>\n<meta property=\"og:site_name\" content=\"NajNaj.eu\" \/>\n<meta property=\"article:publisher\" content=\"https:\/\/web.facebook.com\/najnaj.eu\/\" \/>\n<meta property=\"og:image\" content=\"https:\/\/najnaj.eu\/wp-content\/uploads\/2026\/01\/prod-photo.jpg\" \/>\n\t<meta property=\"og:image:width\" content=\"2560\" \/>\n\t<meta property=\"og:image:height\" content=\"2560\" \/>\n\t<meta property=\"og:image:type\" content=\"image\/jpeg\" \/>\n<meta name=\"twitter:card\" content=\"summary_large_image\" \/>\n<meta name=\"twitter:label1\" content=\"Price\" \/>\n\t<meta name=\"twitter:data1\" content=\"449,00&nbsp;&euro;\" \/>\n\t<meta name=\"twitter:label2\" content=\"Availability\" \/>\n\t<meta name=\"twitter:data2\" content=\"In stock\" \/>\n<script type=\"application\/ld+json\" class=\"yoast-schema-graph\">{\"@context\":\"https:\\\/\\\/schema.org\",\"@graph\":[{\"@type\":\"WebPage\",\"@id\":\"https:\\\/\\\/najnaj.eu\\\/sl\\\/izdelek\\\/besafe-go-beyond%c2%b2-crna-mehka-vetric\\\/\",\"url\":\"https:\\\/\\\/najnaj.eu\\\/sl\\\/izdelek\\\/besafe-go-beyond%c2%b2-crna-mehka-vetric\\\/\",\"name\":\"BeSafe Go Beyond\u00b2 - nova generacija nagrajenega avtosede\u017ea\",\"isPartOf\":{\"@id\":\"https:\\\/\\\/najnaj.eu\\\/sl\\\/#website\"},\"primaryImageOfPage\":{\"@id\":\"https:\\\/\\\/najnaj.eu\\\/sl\\\/izdelek\\\/besafe-go-beyond%c2%b2-crna-mehka-vetric\\\/#primaryimage\"},\"image\":{\"@id\":\"https:\\\/\\\/najnaj.eu\\\/sl\\\/izdelek\\\/besafe-go-beyond%c2%b2-crna-mehka-vetric\\\/#primaryimage\"},\"thumbnailUrl\":\"https:\\\/\\\/najnaj.eu\\\/wp-content\\\/uploads\\\/2026\\\/01\\\/prod-photo.jpg\",\"datePublished\":\"2026-01-22T14:29:31+00:00\",\"description\":\"Avtosede\u017e BeSafe Go Beyond\u00b2 s tehnologijo Active Lay Flat\u2122 za varno spanje v le\u017ee\u010dem polo\u017eaju. Maksimalna za\u0161\u010dita in udobje do 18 mesecev.\",\"breadcrumb\":{\"@id\":\"https:\\\/\\\/najnaj.eu\\\/sl\\\/izdelek\\\/besafe-go-beyond%c2%b2-crna-mehka-vetric\\\/#breadcrumb\"},\"inLanguage\":\"sl-SI\",\"potentialAction\":[{\"@type\":\"ReadAction\",\"target\":[\"https:\\\/\\\/najnaj.eu\\\/sl\\\/izdelek\\\/besafe-go-beyond%c2%b2-crna-mehka-vetric\\\/\"]}]},{\"@type\":\"ImageObject\",\"inLanguage\":\"sl-SI\",\"@id\":\"https:\\\/\\\/najnaj.eu\\\/sl\\\/izdelek\\\/besafe-go-beyond%c2%b2-crna-mehka-vetric\\\/#primaryimage\",\"url\":\"https:\\\/\\\/najnaj.eu\\\/wp-content\\\/uploads\\\/2026\\\/01\\\/prod-photo.jpg\",\"contentUrl\":\"https:\\\/\\\/najnaj.eu\\\/wp-content\\\/uploads\\\/2026\\\/01\\\/prod-photo.jpg\",\"width\":2560,\"height\":2560},{\"@type\":\"BreadcrumbList\",\"@id\":\"https:\\\/\\\/najnaj.eu\\\/sl\\\/izdelek\\\/besafe-go-beyond%c2%b2-crna-mehka-vetric\\\/#breadcrumb\",\"itemListElement\":[{\"@type\":\"ListItem\",\"position\":1,\"name\":\"Po\u010detna stranica\",\"item\":\"https:\\\/\\\/najnaj.eu\\\/sl\\\/prednja-stran\\\/\"},{\"@type\":\"ListItem\",\"position\":2,\"name\":\"Shop\",\"item\":\"https:\\\/\\\/najnaj.eu\\\/sl\\\/shop\\\/\"},{\"@type\":\"ListItem\",\"position\":3,\"name\":\"Privatno: BeSafe Go Beyond\u00b2 \u010crna mehka vetri\u010d\"}]},{\"@type\":\"WebSite\",\"@id\":\"https:\\\/\\\/najnaj.eu\\\/sl\\\/#website\",\"url\":\"https:\\\/\\\/najnaj.eu\\\/sl\\\/\",\"name\":\"NajNaj.eu\",\"description\":\"Za najva\u017enije!\",\"publisher\":{\"@id\":\"https:\\\/\\\/najnaj.eu\\\/sl\\\/#organization\"},\"potentialAction\":[{\"@type\":\"SearchAction\",\"target\":{\"@type\":\"EntryPoint\",\"urlTemplate\":\"https:\\\/\\\/najnaj.eu\\\/sl\\\/?s={search_term_string}\"},\"query-input\":{\"@type\":\"PropertyValueSpecification\",\"valueRequired\":true,\"valueName\":\"search_term_string\"}}],\"inLanguage\":\"sl-SI\"},{\"@type\":\"Organization\",\"@id\":\"https:\\\/\\\/najnaj.eu\\\/sl\\\/#organization\",\"name\":\"NajNaj.eu\",\"url\":\"https:\\\/\\\/najnaj.eu\\\/sl\\\/\",\"logo\":{\"@type\":\"ImageObject\",\"inLanguage\":\"sl-SI\",\"@id\":\"https:\\\/\\\/najnaj.eu\\\/sl\\\/#\\\/schema\\\/logo\\\/image\\\/\",\"url\":\"https:\\\/\\\/najnaj.eu\\\/wp-content\\\/uploads\\\/2023\\\/09\\\/logo_Najnaj_2023.svg\",\"contentUrl\":\"https:\\\/\\\/najnaj.eu\\\/wp-content\\\/uploads\\\/2023\\\/09\\\/logo_Najnaj_2023.svg\",\"width\":501,\"height\":278,\"caption\":\"NajNaj.eu\"},\"image\":{\"@id\":\"https:\\\/\\\/najnaj.eu\\\/sl\\\/#\\\/schema\\\/logo\\\/image\\\/\"},\"sameAs\":[\"https:\\\/\\\/web.facebook.com\\\/najnaj.eu\\\/\",\"https:\\\/\\\/www.instagram.com\\\/najnaj.eu\\\/\",\"https:\\\/\\\/www.tiktok.com\\\/@najnaj.eu\"]}]}<\/script>\n<meta property=\"product:brand\" content=\"BeSafe\" \/>\n<meta property=\"product:price:amount\" content=\"449.00\" \/>\n<meta property=\"product:price:currency\" content=\"EUR\" \/>\n<meta property=\"og:availability\" content=\"instock\" \/>\n<meta property=\"product:availability\" content=\"instock\" \/>\n<meta property=\"product:retailer_item_id\" content=\"11043219-BlackSoBr-One Size-Std\" \/>\n<meta property=\"product:condition\" content=\"new\" \/>\n<!-- \/ Yoast SEO Premium plugin. -->","yoast_head_json":{"title":"BeSafe Go Beyond\u00b2 - nova generacija nagrajenega avtosede\u017ea","description":"Avtosede\u017e BeSafe Go Beyond\u00b2 s tehnologijo Active Lay Flat\u2122 za varno spanje v le\u017ee\u010dem polo\u017eaju. Maksimalna za\u0161\u010dita in udobje do 18 mesecev.","robots":{"index":"index","follow":"follow","max-snippet":"max-snippet:-1","max-image-preview":"max-image-preview:large","max-video-preview":"max-video-preview:-1"},"canonical":"https:\/\/najnaj.eu\/sl\/izdelek\/besafe-go-beyond%c2%b2-crna-mehka-vetric\/","og_locale":"sl_SI","og_type":"article","og_title":"BeSafe Go Beyond\u00b2 \u010crna mehka vetri\u010d","og_description":"Avtosede\u017e BeSafe Go Beyond\u00b2 s tehnologijo Active Lay Flat\u2122 za varno spanje v le\u017ee\u010dem polo\u017eaju. Maksimalna za\u0161\u010dita in udobje do 18 mesecev.","og_url":"https:\/\/najnaj.eu\/sl\/izdelek\/besafe-go-beyond%c2%b2-crna-mehka-vetric\/","og_site_name":"NajNaj.eu","article_publisher":"https:\/\/web.facebook.com\/najnaj.eu\/","og_image":[{"width":2560,"height":2560,"url":"https:\/\/najnaj.eu\/wp-content\/uploads\/2026\/01\/prod-photo.jpg","type":"image\/jpeg"}],"twitter_card":"summary_large_image","twitter_misc":{"Price":"449,00&nbsp;&euro;","Availability":"In stock"},"schema":{"@context":"https:\/\/schema.org","@graph":[{"@type":"WebPage","@id":"https:\/\/najnaj.eu\/sl\/izdelek\/besafe-go-beyond%c2%b2-crna-mehka-vetric\/","url":"https:\/\/najnaj.eu\/sl\/izdelek\/besafe-go-beyond%c2%b2-crna-mehka-vetric\/","name":"BeSafe Go Beyond\u00b2 - nova generacija nagrajenega avtosede\u017ea","isPartOf":{"@id":"https:\/\/najnaj.eu\/sl\/#website"},"primaryImageOfPage":{"@id":"https:\/\/najnaj.eu\/sl\/izdelek\/besafe-go-beyond%c2%b2-crna-mehka-vetric\/#primaryimage"},"image":{"@id":"https:\/\/najnaj.eu\/sl\/izdelek\/besafe-go-beyond%c2%b2-crna-mehka-vetric\/#primaryimage"},"thumbnailUrl":"https:\/\/najnaj.eu\/wp-content\/uploads\/2026\/01\/prod-photo.jpg","datePublished":"2026-01-22T14:29:31+00:00","description":"Avtosede\u017e BeSafe Go Beyond\u00b2 s tehnologijo Active Lay Flat\u2122 za varno spanje v le\u017ee\u010dem polo\u017eaju. Maksimalna za\u0161\u010dita in udobje do 18 mesecev.","breadcrumb":{"@id":"https:\/\/najnaj.eu\/sl\/izdelek\/besafe-go-beyond%c2%b2-crna-mehka-vetric\/#breadcrumb"},"inLanguage":"sl-SI","potentialAction":[{"@type":"ReadAction","target":["https:\/\/najnaj.eu\/sl\/izdelek\/besafe-go-beyond%c2%b2-crna-mehka-vetric\/"]}]},{"@type":"ImageObject","inLanguage":"sl-SI","@id":"https:\/\/najnaj.eu\/sl\/izdelek\/besafe-go-beyond%c2%b2-crna-mehka-vetric\/#primaryimage","url":"https:\/\/najnaj.eu\/wp-content\/uploads\/2026\/01\/prod-photo.jpg","contentUrl":"https:\/\/najnaj.eu\/wp-content\/uploads\/2026\/01\/prod-photo.jpg","width":2560,"height":2560},{"@type":"BreadcrumbList","@id":"https:\/\/najnaj.eu\/sl\/izdelek\/besafe-go-beyond%c2%b2-crna-mehka-vetric\/#breadcrumb","itemListElement":[{"@type":"ListItem","position":1,"name":"Po\u010detna stranica","item":"https:\/\/najnaj.eu\/sl\/prednja-stran\/"},{"@type":"ListItem","position":2,"name":"Shop","item":"https:\/\/najnaj.eu\/sl\/shop\/"},{"@type":"ListItem","position":3,"name":"Privatno: BeSafe Go Beyond\u00b2 \u010crna mehka vetri\u010d"}]},{"@type":"WebSite","@id":"https:\/\/najnaj.eu\/sl\/#website","url":"https:\/\/najnaj.eu\/sl\/","name":"NajNaj.eu","description":"Za najva\u017enije!","publisher":{"@id":"https:\/\/najnaj.eu\/sl\/#organization"},"potentialAction":[{"@type":"SearchAction","target":{"@type":"EntryPoint","urlTemplate":"https:\/\/najnaj.eu\/sl\/?s={search_term_string}"},"query-input":{"@type":"PropertyValueSpecification","valueRequired":true,"valueName":"search_term_string"}}],"inLanguage":"sl-SI"},{"@type":"Organization","@id":"https:\/\/najnaj.eu\/sl\/#organization","name":"NajNaj.eu","url":"https:\/\/najnaj.eu\/sl\/","logo":{"@type":"ImageObject","inLanguage":"sl-SI","@id":"https:\/\/najnaj.eu\/sl\/#\/schema\/logo\/image\/","url":"https:\/\/najnaj.eu\/wp-content\/uploads\/2023\/09\/logo_Najnaj_2023.svg","contentUrl":"https:\/\/najnaj.eu\/wp-content\/uploads\/2023\/09\/logo_Najnaj_2023.svg","width":501,"height":278,"caption":"NajNaj.eu"},"image":{"@id":"https:\/\/najnaj.eu\/sl\/#\/schema\/logo\/image\/"},"sameAs":["https:\/\/web.facebook.com\/najnaj.eu\/","https:\/\/www.instagram.com\/najnaj.eu\/","https:\/\/www.tiktok.com\/@najnaj.eu"]}]},"product_brand":"BeSafe","product_price_amount":"449.00","product_price_currency":"EUR","og_availability":"instock","product_availability":"instock","product_retailer_item_id":"11043219-BlackSoBr-One Size-Std","product_condition":"new"},"_links":{"self":[{"href":"https:\/\/najnaj.eu\/sl\/wp-json\/wp\/v2\/product\/286693","targetHints":{"allow":["GET"]}}],"collection":[{"href":"https:\/\/najnaj.eu\/sl\/wp-json\/wp\/v2\/product"}],"about":[{"href":"https:\/\/najnaj.eu\/sl\/wp-json\/wp\/v2\/types\/product"}],"replies":[{"embeddable":true,"href":"https:\/\/najnaj.eu\/sl\/wp-json\/wp\/v2\/comments?post=286693"}],"version-history":[{"count":0,"href":"https:\/\/najnaj.eu\/sl\/wp-json\/wp\/v2\/product\/286693\/revisions"}],"wp:featuredmedia":[{"embeddable":true,"href":"https:\/\/najnaj.eu\/sl\/wp-json\/wp\/v2\/media\/286505"}],"wp:attachment":[{"href":"https:\/\/najnaj.eu\/sl\/wp-json\/wp\/v2\/media?parent=286693"}],"wp:term":[{"taxonomy":"product_brand","embeddable":true,"href":"https:\/\/najnaj.eu\/sl\/wp-json\/wp\/v2\/product_brand?post=286693"},{"taxonomy":"product_cat","embeddable":true,"href":"https:\/\/najnaj.eu\/sl\/wp-json\/wp\/v2\/product_cat?post=286693"},{"taxonomy":"product_tag","embeddable":true,"href":"https:\/\/najnaj.eu\/sl\/wp-json\/wp\/v2\/product_tag?post=286693"}],"curies":[{"name":"wp","href":"https:\/\/api.w.org\/{rel}","templated":true}]}}