{"id":285228,"date":"2026-01-15T15:32:52","date_gmt":"2026-01-15T14:32:52","guid":{"rendered":"https:\/\/najnaj.eu\/?post_type=product&#038;p=285228"},"modified":"2026-01-15T15:48:09","modified_gmt":"2026-01-15T14:48:09","slug":"voksi-carry-me-mehka-kosara-za-prenasanje-zelena-kopiraj","status":"publish","type":"product","link":"https:\/\/najnaj.eu\/sl\/izdelek\/voksi-carry-me-mehka-kosara-za-prenasanje-zelena-kopiraj\/","title":{"rendered":"Voksi Carry Me, mehka nosilka Walnut Leaf"},"content":{"rendered":"<p>Voksi Carry Me bo va\u0161emu otroku slu\u017eil kot znan in udoben prostor \u2013 spanje, po\u010ditek in igranje bo tako veliko la\u017eje. Izdelek se dobro prilega vsem vozi\u010dkom. Voksi Carry Me je prakti\u010den za uporabo v zaprtih prostorih in na prostem ter omogo\u010da nemoten prehod iz dreme\u017ea na prostem v prijetne trenutke v zaprtih prostorih, kar zagotavlja enostavno prenosljivost in maksimalno udobje za va\u0161ega dojen\u010dka. Izdelek je primeren za dojen\u010dke, ki se ne morejo usesti, prevrniti in se sami dvigniti na roke in kolena. Vsi materiali v Voksi Carry Me so certificirani v skladu s standardom OEKO-TEX 100, razred 1, kar je znak kakovosti, ki dokazuje, da noben material v izdelku ne vsebuje \u0161kodljivih kemikalij. Izdelka pred uporabo ni treba prati.     <\/p>\n<p>Voksi Carry Me je na notranji strani v celoti prekrit s 3D mre\u017eico, ki zagotavlja zra\u010den, udoben in varen prostor za va\u0161ega dojen\u010dka. Prilo\u017eena je lahko pralna vzmetnica iz organskega bomba\u017ea in 3D mre\u017eice, zaradi \u010desar je to mehak prostor za le\u017eanje va\u0161ega dojen\u010dka. Notranja plo\u0161\u010da iz poliestrskih vlaken naredi izdelek trpe\u017een. Za razliko od drugih podobnih izdelkov na trgu, ki imajo notranjost, napolnjeno s peno, se Voksi zavestno izogiba uporabi pene, da bi prispeval k okolju prijaznej\u0161im pobudam. Zunanja tkanina je izdelana iz recikliranega poliestra, spodnja stran pa ima povr\u0161ino, ki jo je enostavno obrisati, da ostane \u010dista v vsakdanjem \u017eivljenju. Prevleka ko\u0161are je odporna na veter in vodo, kar zagotavlja dodatno za\u0161\u010dito, in se enostavno zapira.     <\/p>\n<p>Inovativna funkcija Voksi Soft ReleaseTM omogo\u010da dostop do ro\u010dajev le, ko so vogali zaklenjeni in dvignjeni. Ta funkcija omogo\u010da varnej\u0161e no\u0161enje, saj pri uporabi ro\u010dajev vogale povle\u010dete navzgor. Funkcija mehkega spro\u0161\u010danja je tiha, zato ne boste motili dojen\u010dka med spanjem, ko spustite vogale in mu daste ve\u010d prostora. Z Voksi Carry Me je enostavno sprostiti vsak vogal posebej, samo odprite stran ali dno ko\u0161are, da ustvarite udoben prostor za dojen\u010dka. Ko\u0161 vedno postavite na ravno, varno povr\u0161ino, da prepre\u010dite, da bi se dojen\u010dek skotalil.    <\/p>\n<p>Izdelek izpolnjuje posodobljeno razli\u010dico varnostnih zahtev evropskega standarda EN 1466:2023.<br \/>\n Otroka nikoli ne pu\u0161\u010dajte brez nadzora. Ni priporo\u010dljivo uporabljati tega izdelka za spanje z dojen\u010dkom in drugo osebo na isti povr\u0161ini. Za pravilno uporabo vedno preberite in upo\u0161tevajte navodila in opozorila na izdelku.  <\/p>\n","protected":false},"excerpt":{"rendered":"<p>Voksi\u00ae Carry Me je zra\u010dna in mehka prenosna ko\u0161ara, ki zagotavlja udoben prostor za va\u0161ega otroka in vam olaj\u0161a vsakdanje \u017eivljenje.<\/p>\n<p>Voksi Carry Me je primeren za novorojen\u010dke in dojen\u010dke do 6 mesecev starosti (najve\u010d 9 kg) in ga je mogo\u010de razgrniti. Varno nosite svojega dojen\u010dka in mu nudite za\u0161\u010dito, toplino in objem. Popoln doma ali na poti.  <\/p>\n","protected":false},"featured_media":285234,"comment_status":"open","ping_status":"closed","template":"","meta":{"_acf_changed":false,"footnotes":""},"product_brand":[],"product_cat":[1152,2115,1180],"product_tag":[],"class_list":{"0":"post-285228","1":"product","2":"type-product","3":"status-publish","4":"has-post-thumbnail","6":"product_cat-dodaci-za-kolica-sl","7":"product_cat-prenosna-kosara","8":"product_cat-proizvodi-sl","9":"pa_boja-smeda-sl","10":"pa_brand-voksi-sl","12":"first","13":"instock","14":"shipping-taxable","15":"purchasable","16":"product-type-simple"},"bundled_by":[],"bundle_stock_status":"instock","bundle_stock_quantity":6,"bundle_virtual":false,"bundle_layout":"","bundle_add_to_cart_form_location":"","bundle_editable_in_cart":false,"bundle_sold_individually_context":"","bundle_item_grouping":"","bundle_min_size":"","bundle_max_size":"","bundle_price":[],"bundled_items":[],"bundle_sell_ids":[],"acf":[],"yoast_head":"<!-- This site is optimized with the Yoast SEO Premium plugin v21.5 (Yoast SEO v27.3) - https:\/\/yoast.com\/product\/yoast-seo-premium-wordpress\/ -->\n<title>Voksi Carry Me, mehka nosilka Walnut Leaf - NajNaj.eu<\/title>\n<meta name=\"robots\" content=\"index, follow, max-snippet:-1, max-image-preview:large, max-video-preview:-1\" \/>\n<link rel=\"canonical\" href=\"https:\/\/najnaj.eu\/sl\/izdelek\/voksi-carry-me-mehka-kosara-za-prenasanje-zelena-kopiraj\/\" \/>\n<meta property=\"og:locale\" content=\"sl_SI\" \/>\n<meta property=\"og:type\" content=\"article\" \/>\n<meta property=\"og:title\" content=\"Voksi Carry Me, mehka nosilka Walnut Leaf\" \/>\n<meta property=\"og:description\" content=\"Voksi\u00ae Carry Me je zra\u010dna in mehka prenosna ko\u0161ara, ki zagotavlja udoben prostor za va\u0161ega otroka in vam olaj\u0161a vsakdanje \u017eivljenje. Voksi Carry Me je primeren za novorojen\u010dke in dojen\u010dke do 6 mesecev starosti (najve\u010d 9 kg) in ga je mogo\u010de razgrniti. Varno nosite svojega dojen\u010dka in mu nudite za\u0161\u010dito, toplino in objem. Popoln doma ali na poti.\" \/>\n<meta property=\"og:url\" content=\"https:\/\/najnaj.eu\/sl\/izdelek\/voksi-carry-me-mehka-kosara-za-prenasanje-zelena-kopiraj\/\" \/>\n<meta property=\"og:site_name\" content=\"NajNaj.eu\" \/>\n<meta property=\"article:publisher\" content=\"https:\/\/web.facebook.com\/najnaj.eu\/\" \/>\n<meta property=\"article:modified_time\" content=\"2026-01-15T14:48:09+00:00\" \/>\n<meta property=\"og:image\" content=\"https:\/\/najnaj.eu\/wp-content\/uploads\/2026\/01\/11036251_Voksi_CarryMe_Walnut_Top.jpg\" \/>\n\t<meta property=\"og:image:width\" content=\"1000\" \/>\n\t<meta property=\"og:image:height\" content=\"1000\" \/>\n\t<meta property=\"og:image:type\" content=\"image\/jpeg\" \/>\n<meta name=\"twitter:card\" content=\"summary_large_image\" \/>\n<meta name=\"twitter:label1\" content=\"Price\" \/>\n\t<meta name=\"twitter:data1\" content=\"159,90&nbsp;&euro;\" \/>\n\t<meta name=\"twitter:label2\" content=\"Availability\" \/>\n\t<meta name=\"twitter:data2\" content=\"In stock\" \/>\n<script type=\"application\/ld+json\" class=\"yoast-schema-graph\">{\"@context\":\"https:\\\/\\\/schema.org\",\"@graph\":[{\"@type\":\"WebPage\",\"@id\":\"https:\\\/\\\/najnaj.eu\\\/sl\\\/izdelek\\\/voksi-carry-me-mehka-kosara-za-prenasanje-zelena-kopiraj\\\/\",\"url\":\"https:\\\/\\\/najnaj.eu\\\/sl\\\/izdelek\\\/voksi-carry-me-mehka-kosara-za-prenasanje-zelena-kopiraj\\\/\",\"name\":\"Voksi Carry Me, mehka nosilka Walnut Leaf - NajNaj.eu\",\"isPartOf\":{\"@id\":\"https:\\\/\\\/najnaj.eu\\\/sl\\\/#website\"},\"primaryImageOfPage\":{\"@id\":\"https:\\\/\\\/najnaj.eu\\\/sl\\\/izdelek\\\/voksi-carry-me-mehka-kosara-za-prenasanje-zelena-kopiraj\\\/#primaryimage\"},\"image\":{\"@id\":\"https:\\\/\\\/najnaj.eu\\\/sl\\\/izdelek\\\/voksi-carry-me-mehka-kosara-za-prenasanje-zelena-kopiraj\\\/#primaryimage\"},\"thumbnailUrl\":\"https:\\\/\\\/najnaj.eu\\\/wp-content\\\/uploads\\\/2026\\\/01\\\/11036251_Voksi_CarryMe_Walnut_Top.jpg\",\"datePublished\":\"2026-01-15T14:32:52+00:00\",\"dateModified\":\"2026-01-15T14:48:09+00:00\",\"breadcrumb\":{\"@id\":\"https:\\\/\\\/najnaj.eu\\\/sl\\\/izdelek\\\/voksi-carry-me-mehka-kosara-za-prenasanje-zelena-kopiraj\\\/#breadcrumb\"},\"inLanguage\":\"sl-SI\",\"potentialAction\":[{\"@type\":\"ReadAction\",\"target\":[\"https:\\\/\\\/najnaj.eu\\\/sl\\\/izdelek\\\/voksi-carry-me-mehka-kosara-za-prenasanje-zelena-kopiraj\\\/\"]}]},{\"@type\":\"ImageObject\",\"inLanguage\":\"sl-SI\",\"@id\":\"https:\\\/\\\/najnaj.eu\\\/sl\\\/izdelek\\\/voksi-carry-me-mehka-kosara-za-prenasanje-zelena-kopiraj\\\/#primaryimage\",\"url\":\"https:\\\/\\\/najnaj.eu\\\/wp-content\\\/uploads\\\/2026\\\/01\\\/11036251_Voksi_CarryMe_Walnut_Top.jpg\",\"contentUrl\":\"https:\\\/\\\/najnaj.eu\\\/wp-content\\\/uploads\\\/2026\\\/01\\\/11036251_Voksi_CarryMe_Walnut_Top.jpg\",\"width\":1000,\"height\":1000},{\"@type\":\"BreadcrumbList\",\"@id\":\"https:\\\/\\\/najnaj.eu\\\/sl\\\/izdelek\\\/voksi-carry-me-mehka-kosara-za-prenasanje-zelena-kopiraj\\\/#breadcrumb\",\"itemListElement\":[{\"@type\":\"ListItem\",\"position\":1,\"name\":\"Po\u010detna stranica\",\"item\":\"https:\\\/\\\/najnaj.eu\\\/sl\\\/prednja-stran\\\/\"},{\"@type\":\"ListItem\",\"position\":2,\"name\":\"Shop\",\"item\":\"https:\\\/\\\/najnaj.eu\\\/sl\\\/shop\\\/\"},{\"@type\":\"ListItem\",\"position\":3,\"name\":\"Voksi Carry Me, mehka nosilka Walnut Leaf\"}]},{\"@type\":\"WebSite\",\"@id\":\"https:\\\/\\\/najnaj.eu\\\/sl\\\/#website\",\"url\":\"https:\\\/\\\/najnaj.eu\\\/sl\\\/\",\"name\":\"NajNaj.eu\",\"description\":\"Za najva\u017enije!\",\"publisher\":{\"@id\":\"https:\\\/\\\/najnaj.eu\\\/sl\\\/#organization\"},\"potentialAction\":[{\"@type\":\"SearchAction\",\"target\":{\"@type\":\"EntryPoint\",\"urlTemplate\":\"https:\\\/\\\/najnaj.eu\\\/sl\\\/?s={search_term_string}\"},\"query-input\":{\"@type\":\"PropertyValueSpecification\",\"valueRequired\":true,\"valueName\":\"search_term_string\"}}],\"inLanguage\":\"sl-SI\"},{\"@type\":\"Organization\",\"@id\":\"https:\\\/\\\/najnaj.eu\\\/sl\\\/#organization\",\"name\":\"NajNaj.eu\",\"url\":\"https:\\\/\\\/najnaj.eu\\\/sl\\\/\",\"logo\":{\"@type\":\"ImageObject\",\"inLanguage\":\"sl-SI\",\"@id\":\"https:\\\/\\\/najnaj.eu\\\/sl\\\/#\\\/schema\\\/logo\\\/image\\\/\",\"url\":\"https:\\\/\\\/najnaj.eu\\\/wp-content\\\/uploads\\\/2023\\\/09\\\/logo_Najnaj_2023.svg\",\"contentUrl\":\"https:\\\/\\\/najnaj.eu\\\/wp-content\\\/uploads\\\/2023\\\/09\\\/logo_Najnaj_2023.svg\",\"width\":501,\"height\":278,\"caption\":\"NajNaj.eu\"},\"image\":{\"@id\":\"https:\\\/\\\/najnaj.eu\\\/sl\\\/#\\\/schema\\\/logo\\\/image\\\/\"},\"sameAs\":[\"https:\\\/\\\/web.facebook.com\\\/najnaj.eu\\\/\",\"https:\\\/\\\/www.instagram.com\\\/najnaj.eu\\\/\",\"https:\\\/\\\/www.tiktok.com\\\/@najnaj.eu\"]}]}<\/script>\n<meta property=\"product:brand\" content=\"Voksi\" \/>\n<meta property=\"product:price:amount\" content=\"159.90\" \/>\n<meta property=\"product:price:currency\" content=\"EUR\" \/>\n<meta property=\"og:availability\" content=\"instock\" \/>\n<meta property=\"product:availability\" content=\"instock\" \/>\n<meta property=\"product:retailer_item_id\" content=\"11036251-Walnut-Leaf\" \/>\n<meta property=\"product:condition\" content=\"new\" \/>\n<!-- \/ Yoast SEO Premium plugin. -->","yoast_head_json":{"title":"Voksi Carry Me, mehka nosilka Walnut Leaf - NajNaj.eu","robots":{"index":"index","follow":"follow","max-snippet":"max-snippet:-1","max-image-preview":"max-image-preview:large","max-video-preview":"max-video-preview:-1"},"canonical":"https:\/\/najnaj.eu\/sl\/izdelek\/voksi-carry-me-mehka-kosara-za-prenasanje-zelena-kopiraj\/","og_locale":"sl_SI","og_type":"article","og_title":"Voksi Carry Me, mehka nosilka Walnut Leaf","og_description":"Voksi\u00ae Carry Me je zra\u010dna in mehka prenosna ko\u0161ara, ki zagotavlja udoben prostor za va\u0161ega otroka in vam olaj\u0161a vsakdanje \u017eivljenje. Voksi Carry Me je primeren za novorojen\u010dke in dojen\u010dke do 6 mesecev starosti (najve\u010d 9 kg) in ga je mogo\u010de razgrniti. Varno nosite svojega dojen\u010dka in mu nudite za\u0161\u010dito, toplino in objem. Popoln doma ali na poti.","og_url":"https:\/\/najnaj.eu\/sl\/izdelek\/voksi-carry-me-mehka-kosara-za-prenasanje-zelena-kopiraj\/","og_site_name":"NajNaj.eu","article_publisher":"https:\/\/web.facebook.com\/najnaj.eu\/","article_modified_time":"2026-01-15T14:48:09+00:00","og_image":[{"width":1000,"height":1000,"url":"https:\/\/najnaj.eu\/wp-content\/uploads\/2026\/01\/11036251_Voksi_CarryMe_Walnut_Top.jpg","type":"image\/jpeg"}],"twitter_card":"summary_large_image","twitter_misc":{"Price":"159,90&nbsp;&euro;","Availability":"In stock"},"schema":{"@context":"https:\/\/schema.org","@graph":[{"@type":"WebPage","@id":"https:\/\/najnaj.eu\/sl\/izdelek\/voksi-carry-me-mehka-kosara-za-prenasanje-zelena-kopiraj\/","url":"https:\/\/najnaj.eu\/sl\/izdelek\/voksi-carry-me-mehka-kosara-za-prenasanje-zelena-kopiraj\/","name":"Voksi Carry Me, mehka nosilka Walnut Leaf - NajNaj.eu","isPartOf":{"@id":"https:\/\/najnaj.eu\/sl\/#website"},"primaryImageOfPage":{"@id":"https:\/\/najnaj.eu\/sl\/izdelek\/voksi-carry-me-mehka-kosara-za-prenasanje-zelena-kopiraj\/#primaryimage"},"image":{"@id":"https:\/\/najnaj.eu\/sl\/izdelek\/voksi-carry-me-mehka-kosara-za-prenasanje-zelena-kopiraj\/#primaryimage"},"thumbnailUrl":"https:\/\/najnaj.eu\/wp-content\/uploads\/2026\/01\/11036251_Voksi_CarryMe_Walnut_Top.jpg","datePublished":"2026-01-15T14:32:52+00:00","dateModified":"2026-01-15T14:48:09+00:00","breadcrumb":{"@id":"https:\/\/najnaj.eu\/sl\/izdelek\/voksi-carry-me-mehka-kosara-za-prenasanje-zelena-kopiraj\/#breadcrumb"},"inLanguage":"sl-SI","potentialAction":[{"@type":"ReadAction","target":["https:\/\/najnaj.eu\/sl\/izdelek\/voksi-carry-me-mehka-kosara-za-prenasanje-zelena-kopiraj\/"]}]},{"@type":"ImageObject","inLanguage":"sl-SI","@id":"https:\/\/najnaj.eu\/sl\/izdelek\/voksi-carry-me-mehka-kosara-za-prenasanje-zelena-kopiraj\/#primaryimage","url":"https:\/\/najnaj.eu\/wp-content\/uploads\/2026\/01\/11036251_Voksi_CarryMe_Walnut_Top.jpg","contentUrl":"https:\/\/najnaj.eu\/wp-content\/uploads\/2026\/01\/11036251_Voksi_CarryMe_Walnut_Top.jpg","width":1000,"height":1000},{"@type":"BreadcrumbList","@id":"https:\/\/najnaj.eu\/sl\/izdelek\/voksi-carry-me-mehka-kosara-za-prenasanje-zelena-kopiraj\/#breadcrumb","itemListElement":[{"@type":"ListItem","position":1,"name":"Po\u010detna stranica","item":"https:\/\/najnaj.eu\/sl\/prednja-stran\/"},{"@type":"ListItem","position":2,"name":"Shop","item":"https:\/\/najnaj.eu\/sl\/shop\/"},{"@type":"ListItem","position":3,"name":"Voksi Carry Me, mehka nosilka Walnut Leaf"}]},{"@type":"WebSite","@id":"https:\/\/najnaj.eu\/sl\/#website","url":"https:\/\/najnaj.eu\/sl\/","name":"NajNaj.eu","description":"Za najva\u017enije!","publisher":{"@id":"https:\/\/najnaj.eu\/sl\/#organization"},"potentialAction":[{"@type":"SearchAction","target":{"@type":"EntryPoint","urlTemplate":"https:\/\/najnaj.eu\/sl\/?s={search_term_string}"},"query-input":{"@type":"PropertyValueSpecification","valueRequired":true,"valueName":"search_term_string"}}],"inLanguage":"sl-SI"},{"@type":"Organization","@id":"https:\/\/najnaj.eu\/sl\/#organization","name":"NajNaj.eu","url":"https:\/\/najnaj.eu\/sl\/","logo":{"@type":"ImageObject","inLanguage":"sl-SI","@id":"https:\/\/najnaj.eu\/sl\/#\/schema\/logo\/image\/","url":"https:\/\/najnaj.eu\/wp-content\/uploads\/2023\/09\/logo_Najnaj_2023.svg","contentUrl":"https:\/\/najnaj.eu\/wp-content\/uploads\/2023\/09\/logo_Najnaj_2023.svg","width":501,"height":278,"caption":"NajNaj.eu"},"image":{"@id":"https:\/\/najnaj.eu\/sl\/#\/schema\/logo\/image\/"},"sameAs":["https:\/\/web.facebook.com\/najnaj.eu\/","https:\/\/www.instagram.com\/najnaj.eu\/","https:\/\/www.tiktok.com\/@najnaj.eu"]}]},"product_brand":"Voksi","product_price_amount":"159.90","product_price_currency":"EUR","og_availability":"instock","product_availability":"instock","product_retailer_item_id":"11036251-Walnut-Leaf","product_condition":"new"},"_links":{"self":[{"href":"https:\/\/najnaj.eu\/sl\/wp-json\/wp\/v2\/product\/285228","targetHints":{"allow":["GET"]}}],"collection":[{"href":"https:\/\/najnaj.eu\/sl\/wp-json\/wp\/v2\/product"}],"about":[{"href":"https:\/\/najnaj.eu\/sl\/wp-json\/wp\/v2\/types\/product"}],"replies":[{"embeddable":true,"href":"https:\/\/najnaj.eu\/sl\/wp-json\/wp\/v2\/comments?post=285228"}],"version-history":[{"count":0,"href":"https:\/\/najnaj.eu\/sl\/wp-json\/wp\/v2\/product\/285228\/revisions"}],"wp:featuredmedia":[{"embeddable":true,"href":"https:\/\/najnaj.eu\/sl\/wp-json\/wp\/v2\/media\/285234"}],"wp:attachment":[{"href":"https:\/\/najnaj.eu\/sl\/wp-json\/wp\/v2\/media?parent=285228"}],"wp:term":[{"taxonomy":"product_brand","embeddable":true,"href":"https:\/\/najnaj.eu\/sl\/wp-json\/wp\/v2\/product_brand?post=285228"},{"taxonomy":"product_cat","embeddable":true,"href":"https:\/\/najnaj.eu\/sl\/wp-json\/wp\/v2\/product_cat?post=285228"},{"taxonomy":"product_tag","embeddable":true,"href":"https:\/\/najnaj.eu\/sl\/wp-json\/wp\/v2\/product_tag?post=285228"}],"curies":[{"name":"wp","href":"https:\/\/api.w.org\/{rel}","templated":true}]}}