{"id":285078,"date":"2026-01-09T14:49:12","date_gmt":"2026-01-09T13:49:12","guid":{"rendered":"https:\/\/najnaj.eu\/?post_type=product&p=285078"},"modified":"2026-03-24T10:41:29","modified_gmt":"2026-03-24T09:41:29","slug":"ergobaby-spalna-vreca-2-v-1-on-the-move-cozy-tog-1-0-rose-hearts-18-36-l","status":"publish","type":"product","link":"https:\/\/najnaj.eu\/sl\/izdelek\/ergobaby-spalna-vreca-2-v-1-on-the-move-cozy-tog-1-0-rose-hearts-18-36-l\/","title":{"rendered":"Ergobaby spalna vre\u010da 2 v 1 On The Move Cozy (TOG 1.0), Rose Hearts (18-36\/L)"},"content":{"rendered":"<p>Spalna vre\u010da z nogami Ergobaby On The Move je narejena iz ultra mehkega in 100% zra\u010dnega bomba\u017ea, ki bo va\u0161emu otroku nudil udobje in toploto. Spalna vre\u010da ima nastavljive trakove za enostavno obla\u010denje in sla\u010denje, dvosmerna zadrga pa omogo\u010da hitro menjavo plenic.<br \/>\n Ima dve funkciji: z odprtinami za noge, ki jih je mogo\u010de skriti, spalna vre\u010da enostavno postane vre\u010da za hojo \u2013 idealna za mal\u010dke, ki so vedno na poti! <\/p>\n<p><img loading=\"lazy\" decoding=\"async\" class=\"alignnone size-full wp-image-91685\" src=\"https:\/\/najnaj.eu\/wp-content\/uploads\/2023\/08\/Ergibaby-vreca-za-spavanje-infografika.jpeg\" alt=\"\" width=\"1052\" height=\"1053\"><\/p>\n","protected":false},"excerpt":{"rendered":"<ul>\n<li>omogo\u010da hitro menjavo plenic<\/li>\n<li>odprtine za noge, ki jih je mogo\u010de skriti<\/li>\n<li>primeren za potovanja &#8211; re\u017ea za pas v otro\u0161kih vozi\u010dkih in avtosede\u017eih<\/li>\n<li>debelina: TOG 1.0 (prehodni \u010das)<\/li>\n<\/ul>\n","protected":false},"featured_media":285036,"comment_status":"open","ping_status":"closed","template":"","meta":{"_acf_changed":false,"footnotes":""},"product_brand":[],"product_cat":[1272,1306,1302],"product_tag":[],"class_list":{"0":"post-285078","1":"product","2":"type-product","3":"status-publish","4":"has-post-thumbnail","6":"product_cat-2-v-1-spalne-vrece-z-nogami","7":"product_cat-prehodne-spalne-vrece","8":"product_cat-spalne-vrece","9":"pa_brand-ergobaby-sl","11":"first","12":"instock","13":"purchasable","14":"product-type-simple"},"bundled_by":[],"bundle_stock_status":"instock","bundle_stock_quantity":15,"bundle_virtual":false,"bundle_layout":"","bundle_add_to_cart_form_location":"","bundle_editable_in_cart":false,"bundle_sold_individually_context":"","bundle_item_grouping":"","bundle_min_size":"","bundle_max_size":"","bundle_price":[],"bundled_items":[],"bundle_sell_ids":[],"acf":[],"yoast_head":"<!-- This site is optimized with the Yoast SEO Premium plugin v21.5 (Yoast SEO v27.3) - https:\/\/yoast.com\/product\/yoast-seo-premium-wordpress\/ -->\n<title>Ergobaby spalna vre\u010da 2 v 1 On The Move Cozy (TOG 1.0), Rose Hearts (18-36\/L) - NajNaj.eu<\/title>\n<meta name=\"robots\" content=\"index, follow, max-snippet:-1, max-image-preview:large, max-video-preview:-1\" \/>\n<link rel=\"canonical\" href=\"https:\/\/najnaj.eu\/sl\/izdelek\/ergobaby-spalna-vreca-2-v-1-on-the-move-cozy-tog-1-0-rose-hearts-18-36-l\/\" \/>\n<meta property=\"og:locale\" content=\"sl_SI\" \/>\n<meta property=\"og:type\" content=\"article\" \/>\n<meta property=\"og:title\" content=\"Ergobaby spalna vre\u010da 2 v 1 On The Move Cozy (TOG 1.0), Rose Hearts (18-36\/L)\" \/>\n<meta property=\"og:description\" content=\"omogo\u010da hitro menjavo plenic  odprtine za noge, ki jih je mogo\u010de skriti  primeren za potovanja - re\u017ea za pas v otro\u0161kih vozi\u010dkih in avtosede\u017eih  debelina: TOG 1.0 (prehodni \u010das)\" \/>\n<meta property=\"og:url\" content=\"https:\/\/najnaj.eu\/sl\/izdelek\/ergobaby-spalna-vreca-2-v-1-on-the-move-cozy-tog-1-0-rose-hearts-18-36-l\/\" \/>\n<meta property=\"og:site_name\" content=\"NajNaj.eu\" \/>\n<meta property=\"article:publisher\" content=\"https:\/\/web.facebook.com\/najnaj.eu\/\" \/>\n<meta property=\"article:modified_time\" content=\"2026-03-24T09:41:29+00:00\" \/>\n<meta property=\"og:image\" content=\"https:\/\/najnaj.eu\/wp-content\/uploads\/2026\/01\/on-the-move-sleep-bag-rose-hearts-01.jpg\" \/>\n\t<meta property=\"og:image:width\" content=\"1500\" \/>\n\t<meta property=\"og:image:height\" content=\"1500\" \/>\n\t<meta property=\"og:image:type\" content=\"image\/jpeg\" \/>\n<meta name=\"twitter:card\" content=\"summary_large_image\" \/>\n<meta name=\"twitter:label1\" content=\"Price\" \/>\n\t<meta name=\"twitter:data1\" content=\"44,90&nbsp;&euro;\" \/>\n\t<meta name=\"twitter:label2\" content=\"Availability\" \/>\n\t<meta name=\"twitter:data2\" content=\"In stock\" \/>\n<script type=\"application\/ld+json\" class=\"yoast-schema-graph\">{\"@context\":\"https:\\\/\\\/schema.org\",\"@graph\":[{\"@type\":\"WebPage\",\"@id\":\"https:\\\/\\\/najnaj.eu\\\/sl\\\/izdelek\\\/ergobaby-spalna-vreca-2-v-1-on-the-move-cozy-tog-1-0-rose-hearts-18-36-l\\\/\",\"url\":\"https:\\\/\\\/najnaj.eu\\\/sl\\\/izdelek\\\/ergobaby-spalna-vreca-2-v-1-on-the-move-cozy-tog-1-0-rose-hearts-18-36-l\\\/\",\"name\":\"Ergobaby spalna vre\u010da 2 v 1 On The Move Cozy (TOG 1.0), Rose Hearts (18-36\\\/L) - NajNaj.eu\",\"isPartOf\":{\"@id\":\"https:\\\/\\\/najnaj.eu\\\/sl\\\/#website\"},\"primaryImageOfPage\":{\"@id\":\"https:\\\/\\\/najnaj.eu\\\/sl\\\/izdelek\\\/ergobaby-spalna-vreca-2-v-1-on-the-move-cozy-tog-1-0-rose-hearts-18-36-l\\\/#primaryimage\"},\"image\":{\"@id\":\"https:\\\/\\\/najnaj.eu\\\/sl\\\/izdelek\\\/ergobaby-spalna-vreca-2-v-1-on-the-move-cozy-tog-1-0-rose-hearts-18-36-l\\\/#primaryimage\"},\"thumbnailUrl\":\"https:\\\/\\\/najnaj.eu\\\/wp-content\\\/uploads\\\/2026\\\/01\\\/on-the-move-sleep-bag-rose-hearts-01.jpg\",\"datePublished\":\"2026-01-09T13:49:12+00:00\",\"dateModified\":\"2026-03-24T09:41:29+00:00\",\"breadcrumb\":{\"@id\":\"https:\\\/\\\/najnaj.eu\\\/sl\\\/izdelek\\\/ergobaby-spalna-vreca-2-v-1-on-the-move-cozy-tog-1-0-rose-hearts-18-36-l\\\/#breadcrumb\"},\"inLanguage\":\"sl-SI\",\"potentialAction\":[{\"@type\":\"ReadAction\",\"target\":[\"https:\\\/\\\/najnaj.eu\\\/sl\\\/izdelek\\\/ergobaby-spalna-vreca-2-v-1-on-the-move-cozy-tog-1-0-rose-hearts-18-36-l\\\/\"]}]},{\"@type\":\"ImageObject\",\"inLanguage\":\"sl-SI\",\"@id\":\"https:\\\/\\\/najnaj.eu\\\/sl\\\/izdelek\\\/ergobaby-spalna-vreca-2-v-1-on-the-move-cozy-tog-1-0-rose-hearts-18-36-l\\\/#primaryimage\",\"url\":\"https:\\\/\\\/najnaj.eu\\\/wp-content\\\/uploads\\\/2026\\\/01\\\/on-the-move-sleep-bag-rose-hearts-01.jpg\",\"contentUrl\":\"https:\\\/\\\/najnaj.eu\\\/wp-content\\\/uploads\\\/2026\\\/01\\\/on-the-move-sleep-bag-rose-hearts-01.jpg\",\"width\":1500,\"height\":1500},{\"@type\":\"BreadcrumbList\",\"@id\":\"https:\\\/\\\/najnaj.eu\\\/sl\\\/izdelek\\\/ergobaby-spalna-vreca-2-v-1-on-the-move-cozy-tog-1-0-rose-hearts-18-36-l\\\/#breadcrumb\",\"itemListElement\":[{\"@type\":\"ListItem\",\"position\":1,\"name\":\"Po\u010detna stranica\",\"item\":\"https:\\\/\\\/najnaj.eu\\\/sl\\\/prednja-stran\\\/\"},{\"@type\":\"ListItem\",\"position\":2,\"name\":\"Shop\",\"item\":\"https:\\\/\\\/najnaj.eu\\\/sl\\\/shop\\\/\"},{\"@type\":\"ListItem\",\"position\":3,\"name\":\"Privatno: Ergobaby spalna vre\u010da 2 v 1 On The Move Cozy (TOG 1.0), Rose Hearts (18-36\\\/L)\"}]},{\"@type\":\"WebSite\",\"@id\":\"https:\\\/\\\/najnaj.eu\\\/sl\\\/#website\",\"url\":\"https:\\\/\\\/najnaj.eu\\\/sl\\\/\",\"name\":\"NajNaj.eu\",\"description\":\"Za najva\u017enije!\",\"publisher\":{\"@id\":\"https:\\\/\\\/najnaj.eu\\\/sl\\\/#organization\"},\"potentialAction\":[{\"@type\":\"SearchAction\",\"target\":{\"@type\":\"EntryPoint\",\"urlTemplate\":\"https:\\\/\\\/najnaj.eu\\\/sl\\\/?s={search_term_string}\"},\"query-input\":{\"@type\":\"PropertyValueSpecification\",\"valueRequired\":true,\"valueName\":\"search_term_string\"}}],\"inLanguage\":\"sl-SI\"},{\"@type\":\"Organization\",\"@id\":\"https:\\\/\\\/najnaj.eu\\\/sl\\\/#organization\",\"name\":\"NajNaj.eu\",\"url\":\"https:\\\/\\\/najnaj.eu\\\/sl\\\/\",\"logo\":{\"@type\":\"ImageObject\",\"inLanguage\":\"sl-SI\",\"@id\":\"https:\\\/\\\/najnaj.eu\\\/sl\\\/#\\\/schema\\\/logo\\\/image\\\/\",\"url\":\"https:\\\/\\\/najnaj.eu\\\/wp-content\\\/uploads\\\/2023\\\/09\\\/logo_Najnaj_2023.svg\",\"contentUrl\":\"https:\\\/\\\/najnaj.eu\\\/wp-content\\\/uploads\\\/2023\\\/09\\\/logo_Najnaj_2023.svg\",\"width\":501,\"height\":278,\"caption\":\"NajNaj.eu\"},\"image\":{\"@id\":\"https:\\\/\\\/najnaj.eu\\\/sl\\\/#\\\/schema\\\/logo\\\/image\\\/\"},\"sameAs\":[\"https:\\\/\\\/web.facebook.com\\\/najnaj.eu\\\/\",\"https:\\\/\\\/www.instagram.com\\\/najnaj.eu\\\/\",\"https:\\\/\\\/www.tiktok.com\\\/@najnaj.eu\"]}]}<\/script>\n<meta property=\"product:brand\" content=\"Ergobaby\" \/>\n<meta property=\"product:price:amount\" content=\"44.90\" \/>\n<meta property=\"product:price:currency\" content=\"EUR\" \/>\n<meta property=\"og:availability\" content=\"instock\" \/>\n<meta property=\"product:availability\" content=\"instock\" \/>\n<meta property=\"product:retailer_item_id\" content=\"SLBLGRSHRT1\" \/>\n<meta property=\"product:condition\" content=\"new\" \/>\n<!-- \/ Yoast SEO Premium plugin. -->","yoast_head_json":{"title":"Ergobaby spalna vre\u010da 2 v 1 On The Move Cozy (TOG 1.0), Rose Hearts (18-36\/L) - NajNaj.eu","robots":{"index":"index","follow":"follow","max-snippet":"max-snippet:-1","max-image-preview":"max-image-preview:large","max-video-preview":"max-video-preview:-1"},"canonical":"https:\/\/najnaj.eu\/sl\/izdelek\/ergobaby-spalna-vreca-2-v-1-on-the-move-cozy-tog-1-0-rose-hearts-18-36-l\/","og_locale":"sl_SI","og_type":"article","og_title":"Ergobaby spalna vre\u010da 2 v 1 On The Move Cozy (TOG 1.0), Rose Hearts (18-36\/L)","og_description":"omogo\u010da hitro menjavo plenic  odprtine za noge, ki jih je mogo\u010de skriti  primeren za potovanja - re\u017ea za pas v otro\u0161kih vozi\u010dkih in avtosede\u017eih  debelina: TOG 1.0 (prehodni \u010das)","og_url":"https:\/\/najnaj.eu\/sl\/izdelek\/ergobaby-spalna-vreca-2-v-1-on-the-move-cozy-tog-1-0-rose-hearts-18-36-l\/","og_site_name":"NajNaj.eu","article_publisher":"https:\/\/web.facebook.com\/najnaj.eu\/","article_modified_time":"2026-03-24T09:41:29+00:00","og_image":[{"width":1500,"height":1500,"url":"https:\/\/najnaj.eu\/wp-content\/uploads\/2026\/01\/on-the-move-sleep-bag-rose-hearts-01.jpg","type":"image\/jpeg"}],"twitter_card":"summary_large_image","twitter_misc":{"Price":"44,90&nbsp;&euro;","Availability":"In stock"},"schema":{"@context":"https:\/\/schema.org","@graph":[{"@type":"WebPage","@id":"https:\/\/najnaj.eu\/sl\/izdelek\/ergobaby-spalna-vreca-2-v-1-on-the-move-cozy-tog-1-0-rose-hearts-18-36-l\/","url":"https:\/\/najnaj.eu\/sl\/izdelek\/ergobaby-spalna-vreca-2-v-1-on-the-move-cozy-tog-1-0-rose-hearts-18-36-l\/","name":"Ergobaby spalna vre\u010da 2 v 1 On The Move Cozy (TOG 1.0), Rose Hearts (18-36\/L) - NajNaj.eu","isPartOf":{"@id":"https:\/\/najnaj.eu\/sl\/#website"},"primaryImageOfPage":{"@id":"https:\/\/najnaj.eu\/sl\/izdelek\/ergobaby-spalna-vreca-2-v-1-on-the-move-cozy-tog-1-0-rose-hearts-18-36-l\/#primaryimage"},"image":{"@id":"https:\/\/najnaj.eu\/sl\/izdelek\/ergobaby-spalna-vreca-2-v-1-on-the-move-cozy-tog-1-0-rose-hearts-18-36-l\/#primaryimage"},"thumbnailUrl":"https:\/\/najnaj.eu\/wp-content\/uploads\/2026\/01\/on-the-move-sleep-bag-rose-hearts-01.jpg","datePublished":"2026-01-09T13:49:12+00:00","dateModified":"2026-03-24T09:41:29+00:00","breadcrumb":{"@id":"https:\/\/najnaj.eu\/sl\/izdelek\/ergobaby-spalna-vreca-2-v-1-on-the-move-cozy-tog-1-0-rose-hearts-18-36-l\/#breadcrumb"},"inLanguage":"sl-SI","potentialAction":[{"@type":"ReadAction","target":["https:\/\/najnaj.eu\/sl\/izdelek\/ergobaby-spalna-vreca-2-v-1-on-the-move-cozy-tog-1-0-rose-hearts-18-36-l\/"]}]},{"@type":"ImageObject","inLanguage":"sl-SI","@id":"https:\/\/najnaj.eu\/sl\/izdelek\/ergobaby-spalna-vreca-2-v-1-on-the-move-cozy-tog-1-0-rose-hearts-18-36-l\/#primaryimage","url":"https:\/\/najnaj.eu\/wp-content\/uploads\/2026\/01\/on-the-move-sleep-bag-rose-hearts-01.jpg","contentUrl":"https:\/\/najnaj.eu\/wp-content\/uploads\/2026\/01\/on-the-move-sleep-bag-rose-hearts-01.jpg","width":1500,"height":1500},{"@type":"BreadcrumbList","@id":"https:\/\/najnaj.eu\/sl\/izdelek\/ergobaby-spalna-vreca-2-v-1-on-the-move-cozy-tog-1-0-rose-hearts-18-36-l\/#breadcrumb","itemListElement":[{"@type":"ListItem","position":1,"name":"Po\u010detna stranica","item":"https:\/\/najnaj.eu\/sl\/prednja-stran\/"},{"@type":"ListItem","position":2,"name":"Shop","item":"https:\/\/najnaj.eu\/sl\/shop\/"},{"@type":"ListItem","position":3,"name":"Privatno: Ergobaby spalna vre\u010da 2 v 1 On The Move Cozy (TOG 1.0), Rose Hearts (18-36\/L)"}]},{"@type":"WebSite","@id":"https:\/\/najnaj.eu\/sl\/#website","url":"https:\/\/najnaj.eu\/sl\/","name":"NajNaj.eu","description":"Za najva\u017enije!","publisher":{"@id":"https:\/\/najnaj.eu\/sl\/#organization"},"potentialAction":[{"@type":"SearchAction","target":{"@type":"EntryPoint","urlTemplate":"https:\/\/najnaj.eu\/sl\/?s={search_term_string}"},"query-input":{"@type":"PropertyValueSpecification","valueRequired":true,"valueName":"search_term_string"}}],"inLanguage":"sl-SI"},{"@type":"Organization","@id":"https:\/\/najnaj.eu\/sl\/#organization","name":"NajNaj.eu","url":"https:\/\/najnaj.eu\/sl\/","logo":{"@type":"ImageObject","inLanguage":"sl-SI","@id":"https:\/\/najnaj.eu\/sl\/#\/schema\/logo\/image\/","url":"https:\/\/najnaj.eu\/wp-content\/uploads\/2023\/09\/logo_Najnaj_2023.svg","contentUrl":"https:\/\/najnaj.eu\/wp-content\/uploads\/2023\/09\/logo_Najnaj_2023.svg","width":501,"height":278,"caption":"NajNaj.eu"},"image":{"@id":"https:\/\/najnaj.eu\/sl\/#\/schema\/logo\/image\/"},"sameAs":["https:\/\/web.facebook.com\/najnaj.eu\/","https:\/\/www.instagram.com\/najnaj.eu\/","https:\/\/www.tiktok.com\/@najnaj.eu"]}]},"product_brand":"Ergobaby","product_price_amount":"44.90","product_price_currency":"EUR","og_availability":"instock","product_availability":"instock","product_retailer_item_id":"SLBLGRSHRT1","product_condition":"new"},"_links":{"self":[{"href":"https:\/\/najnaj.eu\/sl\/wp-json\/wp\/v2\/product\/285078","targetHints":{"allow":["GET"]}}],"collection":[{"href":"https:\/\/najnaj.eu\/sl\/wp-json\/wp\/v2\/product"}],"about":[{"href":"https:\/\/najnaj.eu\/sl\/wp-json\/wp\/v2\/types\/product"}],"replies":[{"embeddable":true,"href":"https:\/\/najnaj.eu\/sl\/wp-json\/wp\/v2\/comments?post=285078"}],"version-history":[{"count":0,"href":"https:\/\/najnaj.eu\/sl\/wp-json\/wp\/v2\/product\/285078\/revisions"}],"wp:featuredmedia":[{"embeddable":true,"href":"https:\/\/najnaj.eu\/sl\/wp-json\/wp\/v2\/media\/285036"}],"wp:attachment":[{"href":"https:\/\/najnaj.eu\/sl\/wp-json\/wp\/v2\/media?parent=285078"}],"wp:term":[{"taxonomy":"product_brand","embeddable":true,"href":"https:\/\/najnaj.eu\/sl\/wp-json\/wp\/v2\/product_brand?post=285078"},{"taxonomy":"product_cat","embeddable":true,"href":"https:\/\/najnaj.eu\/sl\/wp-json\/wp\/v2\/product_cat?post=285078"},{"taxonomy":"product_tag","embeddable":true,"href":"https:\/\/najnaj.eu\/sl\/wp-json\/wp\/v2\/product_tag?post=285078"}],"curies":[{"name":"wp","href":"https:\/\/api.w.org\/{rel}","templated":true}]}}