{"id":284665,"date":"2026-01-07T12:47:16","date_gmt":"2026-01-07T11:47:16","guid":{"rendered":"https:\/\/najnaj.eu\/?post_type=product&#038;p=284665"},"modified":"2026-01-07T13:06:33","modified_gmt":"2026-01-07T12:06:33","slug":"voxi-zimska-torba-move-walnut-clover-kopiraj","status":"publish","type":"product","link":"https:\/\/najnaj.eu\/sl\/izdelek\/voxi-zimska-torba-move-walnut-clover-kopiraj\/","title":{"rendered":"Voksi zimska vre\u0107a, Move, Black"},"content":{"rendered":"<p>Avtosede\u017ena vre\u010da, ki olaj\u0161a potovanje z dojen\u010dkom in jo lahko uporabljate od rojstva do pribli\u017eno 18 mesecev starosti. Popolna je za kratka in dolga potovanja ter je zasnovana tako, da bo va\u0161 otrok v avtomobilu varen, topel in udoben. Uporablja se lahko tudi kot spalna vre\u010da in ima zadrgo na sprednji strani za la\u017eji dostop do otroka.  <\/p>\n<p>Voksi\u00ae Move je izdelan iz naravnih in visokokakovostnih certificiranih materialov, kot sta volna in puh. Hrbtna stran vre\u010de je prevle\u010dena z volno, ki zagotavlja udobno temperaturo z odvajanjem vlage stran od otrokovega telesa. Vre\u010da je napolnjena z mehkim puhom, ki zagotavlja odli\u010dno izolacijo in ohranja va\u0161ega otroka toplega. Zunanjost vre\u010de je prevle\u010dena s plastjo BIONIC-FINISH\u00aeECO, zaradi \u010desar je naravno vodoodbojna. Vsi materiali v izdelku Voksi Move so certificirani po standardu OEKO-TEX\u00ae 100, razred 1, kar pomeni, da noben od materialov ne vsebuje \u0161kodljivih kemikalij.    <\/p>\n<p>Pri uporabi v avtosede\u017eu sta pravilna namestitev otroka in pravilno zategovanje varnostnega pasu izjemno pomembna. Pri uporabi v avtosede\u017eu Voksi Move nadomesti potrebo po jaknah in drugih toplih obla\u010dilih. Na ta na\u010din je varnostni pas lahko bli\u017eje otrokovemu telesu, brez dodatne plasti obla\u010dil \u010dez ramena in zgornji del telesa. Zadrga na sprednji strani omogo\u010da hiter in enostaven dostop do otroka. Edinstvena zasnova na hrbtni strani z luknjami za pas omogo\u010da enostavno namestitev in dobro prileganje varnostnemu pasu. Gumb na hrbtni strani omogo\u010da enostavno nastavitev dol\u017eine.     <\/p>\n<p>Ko se temperatura v avtomobilu dvigne, lahko vre\u010do popolnoma odprete, da prepre\u010dite pregrevanje otroka in omogo\u010dite bolj\u0161e prezra\u010devanje avtosede\u017ea. Izdelki Voksi, namenjeni uporabi v avtosede\u017eih, so bili testirani v kombinaciji z avtosede\u017ei BeSafe v priporo\u010denem polo\u017eaju, obrnjenem nazaj, v nasprotni smeri vo\u017enje. Pravilna namestitev otroka je bistvenega pomena, \u0161e posebej pomembno pa je pravilno zategniti varnostni pas, kar lahko zahteva nekoliko ve\u010d napora v primerjavi z uporabo brez vre\u010de. V predelu glave je nastavljiv trak, s katerim je mogo\u010de odprtino prilagoditi potrebam in \u017eeljam otroka v razli\u010dnih vremenskih razmerah.   <\/p>\n<p>Voksi Move je po mnenju Babytesterne osvojil nagrado za najbolj\u0161i izdelek v testu vseh torb za avtomobilske sede\u017ee na norve\u0161kem trgu.<\/p>\n","protected":false},"excerpt":{"rendered":"<p>&#8211; Primerno od rojstva do 18 mesecev &#8211; idealno za kratka in dolga potovanja z avtomobilom.<br \/>\n &#8211; Nadome\u0161\u010da zimska obla\u010dila &#8211; omogo\u010da pravilno in varno namestitev avtomobilskega varnostnega pasu<br \/>\n &#8211; Naravni certificirani materiali in vodoodporna zunanjost (OEKO-TEX\u00ae Standard 100, certifikat razreda 1)<br \/>\n &#8211; Enostavna uporaba &#8211; gumb na hrbtni strani za enostavno nastavitev dol\u017eine. Vre\u010dko je mogo\u010de popolnoma odpreti za la\u017eje prezra\u010devanje v avtosede\u017eu.<br \/>\n &#8211; Testirano na tr\u010denju \u2013 v kombinaciji z avtosede\u017ei BeSafe <\/p>\n","protected":false},"featured_media":284689,"comment_status":"closed","ping_status":"closed","template":"","meta":{"_acf_changed":false,"footnotes":""},"product_brand":[],"product_cat":[1341,1294],"product_tag":[2282],"class_list":{"0":"post-284665","1":"product","2":"type-product","3":"status-publish","4":"has-post-thumbnail","6":"product_cat-dodatki-za-avtosedeze","7":"product_cat-zimske-vrece-sl","8":"product_tag-zima-sl","9":"pa_boja-crna-sl","10":"pa_brand-voksi-sl","12":"first","13":"instock","14":"shipping-taxable","15":"purchasable","16":"product-type-simple"},"bundled_by":[],"bundle_stock_status":"instock","bundle_stock_quantity":5,"bundle_virtual":false,"bundle_layout":"","bundle_add_to_cart_form_location":"","bundle_editable_in_cart":false,"bundle_sold_individually_context":"","bundle_item_grouping":"","bundle_min_size":"","bundle_max_size":"","bundle_price":[],"bundled_items":[],"bundle_sell_ids":[],"acf":[],"yoast_head":"<!-- This site is optimized with the Yoast SEO Premium plugin v21.5 (Yoast SEO v27.4) - https:\/\/yoast.com\/product\/yoast-seo-premium-wordpress\/ -->\n<title>Voksi zimska vre\u0107a, Move, Black - NajNaj.eu<\/title>\n<meta name=\"description\" content=\"Nadome\u0161\u010da zimska obla\u010dila, omogo\u010da pravilno in varno namestitev avtomobilskega varnostnega pasu. Izdelano iz naravnih certificiranih materialov in vodoodporne zunanjosti.\" \/>\n<meta name=\"robots\" content=\"index, follow, max-snippet:-1, max-image-preview:large, max-video-preview:-1\" \/>\n<link rel=\"canonical\" href=\"https:\/\/najnaj.eu\/sl\/izdelek\/voxi-zimska-torba-move-walnut-clover-kopiraj\/\" \/>\n<meta property=\"og:locale\" content=\"sl_SI\" \/>\n<meta property=\"og:type\" content=\"article\" \/>\n<meta property=\"og:title\" content=\"Voksi zimska vre\u0107a, Move, Black\" \/>\n<meta property=\"og:description\" content=\"Nadome\u0161\u010da zimska obla\u010dila, omogo\u010da pravilno in varno namestitev avtomobilskega varnostnega pasu. Izdelano iz naravnih certificiranih materialov in vodoodporne zunanjosti.\" \/>\n<meta property=\"og:url\" content=\"https:\/\/najnaj.eu\/sl\/izdelek\/voxi-zimska-torba-move-walnut-clover-kopiraj\/\" \/>\n<meta property=\"og:site_name\" content=\"NajNaj.eu\" \/>\n<meta property=\"article:publisher\" content=\"https:\/\/web.facebook.com\/najnaj.eu\/\" \/>\n<meta property=\"article:modified_time\" content=\"2026-01-07T12:06:33+00:00\" \/>\n<meta property=\"og:image\" content=\"https:\/\/najnaj.eu\/wp-content\/uploads\/2026\/01\/11040955_Voksi_Move_Black_Front.jpg\" \/>\n\t<meta property=\"og:image:width\" content=\"1000\" \/>\n\t<meta property=\"og:image:height\" content=\"1000\" \/>\n\t<meta property=\"og:image:type\" content=\"image\/jpeg\" \/>\n<meta name=\"twitter:card\" content=\"summary_large_image\" \/>\n<meta name=\"twitter:label1\" content=\"Price\" \/>\n\t<meta name=\"twitter:data1\" content=\"119,90&nbsp;&euro;\" \/>\n\t<meta name=\"twitter:label2\" content=\"Availability\" \/>\n\t<meta name=\"twitter:data2\" content=\"In stock\" \/>\n<script type=\"application\/ld+json\" class=\"yoast-schema-graph\">{\"@context\":\"https:\\\/\\\/schema.org\",\"@graph\":[{\"@type\":\"WebPage\",\"@id\":\"https:\\\/\\\/najnaj.eu\\\/sl\\\/izdelek\\\/voxi-zimska-torba-move-walnut-clover-kopiraj\\\/\",\"url\":\"https:\\\/\\\/najnaj.eu\\\/sl\\\/izdelek\\\/voxi-zimska-torba-move-walnut-clover-kopiraj\\\/\",\"name\":\"Voksi zimska vre\u0107a, Move, Black - NajNaj.eu\",\"isPartOf\":{\"@id\":\"https:\\\/\\\/najnaj.eu\\\/sl\\\/#website\"},\"primaryImageOfPage\":{\"@id\":\"https:\\\/\\\/najnaj.eu\\\/sl\\\/izdelek\\\/voxi-zimska-torba-move-walnut-clover-kopiraj\\\/#primaryimage\"},\"image\":{\"@id\":\"https:\\\/\\\/najnaj.eu\\\/sl\\\/izdelek\\\/voxi-zimska-torba-move-walnut-clover-kopiraj\\\/#primaryimage\"},\"thumbnailUrl\":\"https:\\\/\\\/najnaj.eu\\\/wp-content\\\/uploads\\\/2026\\\/01\\\/11040955_Voksi_Move_Black_Front.jpg\",\"datePublished\":\"2026-01-07T11:47:16+00:00\",\"dateModified\":\"2026-01-07T12:06:33+00:00\",\"description\":\"Nadome\u0161\u010da zimska obla\u010dila, omogo\u010da pravilno in varno namestitev avtomobilskega varnostnega pasu. Izdelano iz naravnih certificiranih materialov in vodoodporne zunanjosti.\",\"breadcrumb\":{\"@id\":\"https:\\\/\\\/najnaj.eu\\\/sl\\\/izdelek\\\/voxi-zimska-torba-move-walnut-clover-kopiraj\\\/#breadcrumb\"},\"inLanguage\":\"sl-SI\",\"potentialAction\":[{\"@type\":\"ReadAction\",\"target\":[\"https:\\\/\\\/najnaj.eu\\\/sl\\\/izdelek\\\/voxi-zimska-torba-move-walnut-clover-kopiraj\\\/\"]}]},{\"@type\":\"ImageObject\",\"inLanguage\":\"sl-SI\",\"@id\":\"https:\\\/\\\/najnaj.eu\\\/sl\\\/izdelek\\\/voxi-zimska-torba-move-walnut-clover-kopiraj\\\/#primaryimage\",\"url\":\"https:\\\/\\\/najnaj.eu\\\/wp-content\\\/uploads\\\/2026\\\/01\\\/11040955_Voksi_Move_Black_Front.jpg\",\"contentUrl\":\"https:\\\/\\\/najnaj.eu\\\/wp-content\\\/uploads\\\/2026\\\/01\\\/11040955_Voksi_Move_Black_Front.jpg\",\"width\":1000,\"height\":1000},{\"@type\":\"BreadcrumbList\",\"@id\":\"https:\\\/\\\/najnaj.eu\\\/sl\\\/izdelek\\\/voxi-zimska-torba-move-walnut-clover-kopiraj\\\/#breadcrumb\",\"itemListElement\":[{\"@type\":\"ListItem\",\"position\":1,\"name\":\"Po\u010detna stranica\",\"item\":\"https:\\\/\\\/najnaj.eu\\\/sl\\\/prednja-stran\\\/\"},{\"@type\":\"ListItem\",\"position\":2,\"name\":\"Shop\",\"item\":\"https:\\\/\\\/najnaj.eu\\\/sl\\\/shop\\\/\"},{\"@type\":\"ListItem\",\"position\":3,\"name\":\"Privatno: Voksi zimska vre\u0107a, Move, Black\"}]},{\"@type\":\"WebSite\",\"@id\":\"https:\\\/\\\/najnaj.eu\\\/sl\\\/#website\",\"url\":\"https:\\\/\\\/najnaj.eu\\\/sl\\\/\",\"name\":\"NajNaj.eu\",\"description\":\"Za najva\u017enije!\",\"publisher\":{\"@id\":\"https:\\\/\\\/najnaj.eu\\\/sl\\\/#organization\"},\"potentialAction\":[{\"@type\":\"SearchAction\",\"target\":{\"@type\":\"EntryPoint\",\"urlTemplate\":\"https:\\\/\\\/najnaj.eu\\\/sl\\\/?s={search_term_string}\"},\"query-input\":{\"@type\":\"PropertyValueSpecification\",\"valueRequired\":true,\"valueName\":\"search_term_string\"}}],\"inLanguage\":\"sl-SI\"},{\"@type\":\"Organization\",\"@id\":\"https:\\\/\\\/najnaj.eu\\\/sl\\\/#organization\",\"name\":\"NajNaj.eu\",\"url\":\"https:\\\/\\\/najnaj.eu\\\/sl\\\/\",\"logo\":{\"@type\":\"ImageObject\",\"inLanguage\":\"sl-SI\",\"@id\":\"https:\\\/\\\/najnaj.eu\\\/sl\\\/#\\\/schema\\\/logo\\\/image\\\/\",\"url\":\"https:\\\/\\\/najnaj.eu\\\/wp-content\\\/uploads\\\/2023\\\/09\\\/logo_Najnaj_2023.svg\",\"contentUrl\":\"https:\\\/\\\/najnaj.eu\\\/wp-content\\\/uploads\\\/2023\\\/09\\\/logo_Najnaj_2023.svg\",\"width\":501,\"height\":278,\"caption\":\"NajNaj.eu\"},\"image\":{\"@id\":\"https:\\\/\\\/najnaj.eu\\\/sl\\\/#\\\/schema\\\/logo\\\/image\\\/\"},\"sameAs\":[\"https:\\\/\\\/web.facebook.com\\\/najnaj.eu\\\/\",\"https:\\\/\\\/www.instagram.com\\\/najnaj.eu\\\/\",\"https:\\\/\\\/www.tiktok.com\\\/@najnaj.eu\"]}]}<\/script>\n<meta property=\"product:brand\" content=\"Voksi\" \/>\n<meta property=\"product:price:amount\" content=\"119.90\" \/>\n<meta property=\"product:price:currency\" content=\"EUR\" \/>\n<meta property=\"og:availability\" content=\"instock\" \/>\n<meta property=\"product:availability\" content=\"instock\" \/>\n<meta property=\"product:retailer_item_id\" content=\"11040955-Black-0-1,5Y-solid\" \/>\n<meta property=\"product:condition\" content=\"new\" \/>\n<!-- \/ Yoast SEO Premium plugin. -->","yoast_head_json":{"title":"Voksi zimska vre\u0107a, Move, Black - NajNaj.eu","description":"Nadome\u0161\u010da zimska obla\u010dila, omogo\u010da pravilno in varno namestitev avtomobilskega varnostnega pasu. Izdelano iz naravnih certificiranih materialov in vodoodporne zunanjosti.","robots":{"index":"index","follow":"follow","max-snippet":"max-snippet:-1","max-image-preview":"max-image-preview:large","max-video-preview":"max-video-preview:-1"},"canonical":"https:\/\/najnaj.eu\/sl\/izdelek\/voxi-zimska-torba-move-walnut-clover-kopiraj\/","og_locale":"sl_SI","og_type":"article","og_title":"Voksi zimska vre\u0107a, Move, Black","og_description":"Nadome\u0161\u010da zimska obla\u010dila, omogo\u010da pravilno in varno namestitev avtomobilskega varnostnega pasu. Izdelano iz naravnih certificiranih materialov in vodoodporne zunanjosti.","og_url":"https:\/\/najnaj.eu\/sl\/izdelek\/voxi-zimska-torba-move-walnut-clover-kopiraj\/","og_site_name":"NajNaj.eu","article_publisher":"https:\/\/web.facebook.com\/najnaj.eu\/","article_modified_time":"2026-01-07T12:06:33+00:00","og_image":[{"width":1000,"height":1000,"url":"https:\/\/najnaj.eu\/wp-content\/uploads\/2026\/01\/11040955_Voksi_Move_Black_Front.jpg","type":"image\/jpeg"}],"twitter_card":"summary_large_image","twitter_misc":{"Price":"119,90&nbsp;&euro;","Availability":"In stock"},"schema":{"@context":"https:\/\/schema.org","@graph":[{"@type":"WebPage","@id":"https:\/\/najnaj.eu\/sl\/izdelek\/voxi-zimska-torba-move-walnut-clover-kopiraj\/","url":"https:\/\/najnaj.eu\/sl\/izdelek\/voxi-zimska-torba-move-walnut-clover-kopiraj\/","name":"Voksi zimska vre\u0107a, Move, Black - NajNaj.eu","isPartOf":{"@id":"https:\/\/najnaj.eu\/sl\/#website"},"primaryImageOfPage":{"@id":"https:\/\/najnaj.eu\/sl\/izdelek\/voxi-zimska-torba-move-walnut-clover-kopiraj\/#primaryimage"},"image":{"@id":"https:\/\/najnaj.eu\/sl\/izdelek\/voxi-zimska-torba-move-walnut-clover-kopiraj\/#primaryimage"},"thumbnailUrl":"https:\/\/najnaj.eu\/wp-content\/uploads\/2026\/01\/11040955_Voksi_Move_Black_Front.jpg","datePublished":"2026-01-07T11:47:16+00:00","dateModified":"2026-01-07T12:06:33+00:00","description":"Nadome\u0161\u010da zimska obla\u010dila, omogo\u010da pravilno in varno namestitev avtomobilskega varnostnega pasu. Izdelano iz naravnih certificiranih materialov in vodoodporne zunanjosti.","breadcrumb":{"@id":"https:\/\/najnaj.eu\/sl\/izdelek\/voxi-zimska-torba-move-walnut-clover-kopiraj\/#breadcrumb"},"inLanguage":"sl-SI","potentialAction":[{"@type":"ReadAction","target":["https:\/\/najnaj.eu\/sl\/izdelek\/voxi-zimska-torba-move-walnut-clover-kopiraj\/"]}]},{"@type":"ImageObject","inLanguage":"sl-SI","@id":"https:\/\/najnaj.eu\/sl\/izdelek\/voxi-zimska-torba-move-walnut-clover-kopiraj\/#primaryimage","url":"https:\/\/najnaj.eu\/wp-content\/uploads\/2026\/01\/11040955_Voksi_Move_Black_Front.jpg","contentUrl":"https:\/\/najnaj.eu\/wp-content\/uploads\/2026\/01\/11040955_Voksi_Move_Black_Front.jpg","width":1000,"height":1000},{"@type":"BreadcrumbList","@id":"https:\/\/najnaj.eu\/sl\/izdelek\/voxi-zimska-torba-move-walnut-clover-kopiraj\/#breadcrumb","itemListElement":[{"@type":"ListItem","position":1,"name":"Po\u010detna stranica","item":"https:\/\/najnaj.eu\/sl\/prednja-stran\/"},{"@type":"ListItem","position":2,"name":"Shop","item":"https:\/\/najnaj.eu\/sl\/shop\/"},{"@type":"ListItem","position":3,"name":"Privatno: Voksi zimska vre\u0107a, Move, Black"}]},{"@type":"WebSite","@id":"https:\/\/najnaj.eu\/sl\/#website","url":"https:\/\/najnaj.eu\/sl\/","name":"NajNaj.eu","description":"Za najva\u017enije!","publisher":{"@id":"https:\/\/najnaj.eu\/sl\/#organization"},"potentialAction":[{"@type":"SearchAction","target":{"@type":"EntryPoint","urlTemplate":"https:\/\/najnaj.eu\/sl\/?s={search_term_string}"},"query-input":{"@type":"PropertyValueSpecification","valueRequired":true,"valueName":"search_term_string"}}],"inLanguage":"sl-SI"},{"@type":"Organization","@id":"https:\/\/najnaj.eu\/sl\/#organization","name":"NajNaj.eu","url":"https:\/\/najnaj.eu\/sl\/","logo":{"@type":"ImageObject","inLanguage":"sl-SI","@id":"https:\/\/najnaj.eu\/sl\/#\/schema\/logo\/image\/","url":"https:\/\/najnaj.eu\/wp-content\/uploads\/2023\/09\/logo_Najnaj_2023.svg","contentUrl":"https:\/\/najnaj.eu\/wp-content\/uploads\/2023\/09\/logo_Najnaj_2023.svg","width":501,"height":278,"caption":"NajNaj.eu"},"image":{"@id":"https:\/\/najnaj.eu\/sl\/#\/schema\/logo\/image\/"},"sameAs":["https:\/\/web.facebook.com\/najnaj.eu\/","https:\/\/www.instagram.com\/najnaj.eu\/","https:\/\/www.tiktok.com\/@najnaj.eu"]}]},"product_brand":"Voksi","product_price_amount":"119.90","product_price_currency":"EUR","og_availability":"instock","product_availability":"instock","product_retailer_item_id":"11040955-Black-0-1,5Y-solid","product_condition":"new"},"_links":{"self":[{"href":"https:\/\/najnaj.eu\/sl\/wp-json\/wp\/v2\/product\/284665","targetHints":{"allow":["GET"]}}],"collection":[{"href":"https:\/\/najnaj.eu\/sl\/wp-json\/wp\/v2\/product"}],"about":[{"href":"https:\/\/najnaj.eu\/sl\/wp-json\/wp\/v2\/types\/product"}],"replies":[{"embeddable":true,"href":"https:\/\/najnaj.eu\/sl\/wp-json\/wp\/v2\/comments?post=284665"}],"version-history":[{"count":0,"href":"https:\/\/najnaj.eu\/sl\/wp-json\/wp\/v2\/product\/284665\/revisions"}],"wp:featuredmedia":[{"embeddable":true,"href":"https:\/\/najnaj.eu\/sl\/wp-json\/wp\/v2\/media\/284689"}],"wp:attachment":[{"href":"https:\/\/najnaj.eu\/sl\/wp-json\/wp\/v2\/media?parent=284665"}],"wp:term":[{"taxonomy":"product_brand","embeddable":true,"href":"https:\/\/najnaj.eu\/sl\/wp-json\/wp\/v2\/product_brand?post=284665"},{"taxonomy":"product_cat","embeddable":true,"href":"https:\/\/najnaj.eu\/sl\/wp-json\/wp\/v2\/product_cat?post=284665"},{"taxonomy":"product_tag","embeddable":true,"href":"https:\/\/najnaj.eu\/sl\/wp-json\/wp\/v2\/product_tag?post=284665"}],"curies":[{"name":"wp","href":"https:\/\/api.w.org\/{rel}","templated":true}]}}