{"id":282401,"date":"2025-12-05T12:53:00","date_gmt":"2025-12-05T11:53:00","guid":{"rendered":"https:\/\/najnaj.eu\/?post_type=product&#038;p=282401"},"modified":"2026-03-06T10:26:27","modified_gmt":"2026-03-06T09:26:27","slug":"besafe-beyond%c2%b2-360-b-anthracite-mesh","status":"publish","type":"product","link":"https:\/\/najnaj.eu\/sl\/izdelek\/besafe-beyond%c2%b2-360-b-anthracite-mesh\/","title":{"rendered":"BeSafe Beyond\u00b2 360 B Anthracite Mesh"},"content":{"rendered":"<h2>Glavne zna\u010dajke:<\/h2>\n<p><strong>Sigurnost od prvog dana<\/strong><br \/>\nJedinstveni Baby Shell\u2122 umetak za novoro\u0111en\u010de osigurava prirodan, ergonomski polo\u017eaj i vrhunsku za\u0161titu od ro\u0111enja. Ugra\u0111eni Dynamic Force Absorber\u2122 u naslonu za glavu i bo\u010dnim stranama te dodatna bo\u010dna za\u0161tita SIP+ pru\u017eaju maksimalnu sigurnost i za najmla\u0111e putnike. Klinasti jastu\u010di\u0107 poti\u010de prirodan i<br \/>\notvoren polo\u017eaj di\u0161nih puteva, omogu\u0107uju\u0107i da beba poptuno nasloni glavu unatrag s ravnim polo\u017eajem vrata. Pametan sigurnosni mehanizam automatski sprje\u010dava kori\u0161tenje u smjeru vo\u017enje dok je umetak za novoro\u0111en\u010de u sjedalu.<\/p>\n<p><strong>Prostrana unutra\u0161njost za udobno sjedenje<\/strong><br \/>\nUnutra\u0161njost autosjedalice sada pru\u017ea jo\u0161 vi\u0161e prostora, omogu\u0107uju\u0107i djetetu slobodno kretanje ruku i nogu dok je sigurno vezano. Kako dijete raste, naslon za glavu mo\u017ee se brzo podesiti u jednu od 11 pozicija -sve do visine od 125 cm.<\/p>\n<p><strong>Certificirano kao prikladno za le\u0111a od strane AGR-a<\/strong><br \/>\nErgo Cushion\u2122 pru\u017ea dodatnu udobnost starijoj djeci dodatnim jastu\u010di\u0107ima koji se ume\u0107u na naslon za le\u0111a, te tako podupiru prirodnu krivinu lumbalne kralje\u017enice. Ovo je osobito va\u017eno za djecu otprilike od 3\/4 do oko 7 godina starosti, jer u tom razdoblju razvoja kralje\u017enice dolazi do izra\u017eenije zakrivljenosti u donjem dijelu le\u0111a (lumbalna lordoza).<\/p>\n<p><strong>Vi\u0161e prostora za noge<\/strong><br \/>\nJednostavnim klikom mo\u017eete podesiti prostor za noge do 16 cm. To \u010dinite produljenjem prednjeg oslonca na ISOfix bazi.<\/p>\n<p><strong>Postavljanje na ISOfix bazu<\/strong><br \/>\nBrzo i jednostavno postavljanje s ISOfix priklju\u010dcima. Kliknite u ISOfix sidri\u0161ta u autu, utisnite bazu u sjedalo i prilagodite potpornu nogu.<\/p>\n<p><strong>Upravljanje jednom rukom<\/strong><br \/>\nJednostavna rotacija i mijenjanje nagiba s istom ru\u010dkom. Rotirajte prema vratima za lak\u0161e stavljanje i va\u0111enje djeteta u\/iz autosjedalice te promijenite nagib za ve\u0107u udobnost. Omogu\u0107uje rotaciju od 360\u00b0 jednom kada je dijete dovoljno staro.<\/p>\n<p><strong>Dodatna bo\u010dna za\u0161tita<\/strong><br \/>\nPru\u017ea 20% ve\u0107u dodatnu za\u0161titu u slu\u010daju bo\u010dnog udara. Pri\u010dvrstite na stranu autosjedalice bli\u017eu vratima automobila. Inovativan naslon za glavu napravljen je od posebnih materijala koji optimalno apsorbiraju sile svih udaraca.<\/p>\n<p>Inovativna tehnologija koja omogu\u0107ava idealan nagib u svim automobilima<br \/>\nBeSafe Universal Level Technology\u2122 rje\u0161ava problem autosjedalica koje su previ\u0161e nako\u0161ene. Inovativna konstrukcija ISOfix baze osigurava ispravan i jednak nagib autosjedalice u svakom vozilu, neovisno o modelu automobila. Autosjedalica je pod ispravnim kutom kada je &#8220;libela&#8221; na bazi unutar zelenog podru\u010dja. Intuitivno i jednostavno!<\/p>\n<h2>Vi\u0161e o BeSafe Beyond\u00b2 360 B:<\/h2>\n<p>BeSafe Beyond\u00b2 360 B \u2013 Prva autosjedalica na svijetu s rotacijskom bazom odobrena za kori\u0161tenje od ro\u0111enja do pribli\u017eno 6. godine (125 cm \/ 22 kg).<br \/>\nOmogu\u0107uje potpunu rotaciju od 360 stupnjeva uz iznimno malu te\u017einu za maksimalnu prakti\u010dnost.<br \/>\nPoseban umetak za bebe, pode\u0161avanje prostora za noge i visine naslona omogu\u0107uju djetetu prostor za rast, a razli\u010diti nagibi sjedalice pru\u017eaju dodatnu udobnost. Pametan mehanizam za blokiranje sprje\u010dava upotrebu u smjeru vo\u017enje do je u sjedalici namje\u0161ten Baby shell umetak. Sjedalica omogu\u0107uje produljeno kori\u0161tenje u suprotnom smjeru vo\u017enje, \u0161to je \u010dak 5 puta sigurnije u usporedbi s vo\u017enjom u smjeru kretanja.<\/p>\n<p><strong>Vrhunska sigurnost<\/strong><br \/>\n&#8211; Odobrena za vo\u017enju u smjeru suprotnom od smjera vo\u017enje od 40 cm do 125 cm i 22 kg, te u smjeru vo\u017enje od 88 cm do 125 cm i 22 kg<br \/>\n&#8211; Umetak za bebe i naslon za glavu s Dynamic Force Absorber\u2122 za dodatnu za\u0161titu od bo\u010dnih udara<br \/>\n&#8211; Baby Shell\u2122 za jedinstvenu za\u0161titu od ro\u0111enja<br \/>\n&#8211; SIP+ dodatna bo\u010dna za\u0161tita koja se jednostavno pri\u010dvr\u0161\u0107uje na autosjedalicu<br \/>\n-Pametan sigurnosni mehanizam sprje\u010dava prerano okretanje u smjer vo\u017enje<br \/>\n-Odobrena prema najnovijem sigurnosnom standardu UN R129<br \/>\n-Omogu\u0107uje vo\u017enju u suprotnom smjeru do otprilike 6. godine \u017eivota &#8211; 5 puta sigurnije od smjera vo\u017enje<\/p>\n<p><strong>Jedinstvene zna\u010dajke za svakodnevnu fleksibilnost<\/strong><br \/>\n&#8211; Brza i jednostavna ISOfix instalacija<br \/>\n-Lako premje\u0161tanje izme\u0111u automobila &#8211; autosjedalica je odvojena od baze i izuzetno lagana<br \/>\n&#8211; Bo\u010dna rotacija od samog po\u010detka i puna 360\u00b0 rotacija kada dijete malo poraste<br \/>\n&#8211; Jednoru\u010dno upravljanje za rotaciju i pode\u0161avanje nagiba<br \/>\n&#8211; Magnetic Belt Assistants\u2122 &#8211; magneti na pojasevima olak\u0161avaju smje\u0161tanje i va\u0111enje djeteta iz autosjedalice<br \/>\n&#8211; Jednostavna instalacija Baby Shell\u2122 umetka koji se sigurno pri\u010dvr\u0161\u0107uje pomo\u0107u konektora<br \/>\n&#8211; Universal Level Technology\u2122 &#8211; optimalan kut sjedenja u bilo kojem automobilu<\/p>\n<p><strong>Udobnost<\/strong><br \/>\n&#8211; Baby Shell\u2122 osigurava potporu i stabilnost za najmla\u0111e<br \/>\n&#8211; Ergo Cushion\u2122 za dodatnu udobnost starije djece &#8211; umetanjem dodatnih jastu\u010di\u0107a u naslon sjedalice podupire se prirodna krivina donjeg dijela kralje\u017enice (lumbalna lordoza), posebno va\u017enu kod djece od otprilike 3\/4 do 7 godina<br \/>\n&#8211; Certificirana kao prikladna za le\u0111a od strane AGR-a<br \/>\n-Prostor za noge produljiv do 16 cm u suprotnom smjeru vo\u017enje<br \/>\n&#8211; Podesiv naslon za glavu &#8211; raste s djetetom do 125 cm<br \/>\n&#8211; Podesivi nagib sjedalice za dodatnu udobnost<br \/>\n-Prostrana unutra\u0161njost sjedalice omogu\u0107uje slobodu kretanja dok je dijete sigurno vezano<br \/>\n&#8211; Dobra ventilacija zahvaljuju\u0107i prozra\u010dnoj strukturi ispod tekstilne presvlake<\/p>\n<p>BeSafe Beyond\u00b2 360 B \u2013 unaprije\u0111ena verzija Beyond\u00b2 360 modela. Nudi sve prednosti originalnog Beyond\u00b2 360 modela uz mogu\u0107nost kori\u0161tenja od ro\u0111enja zahvaljuju\u0107i Baby Shell\u2122 umetku.<\/p>\n<p><strong>Uz brigu o okoli\u0161u i novim oblicima mobilnosti<\/strong><br \/>\nBeSafe Beyond koncept osmi\u0161ljen je kako bi trajao dugo. Kori\u0161tenjem izdr\u017eljivih materijala i konstrukcije koja omogu\u0107uje jednostavne popravke, vijek trajanja svih proizvoda iz ove linije produljen je na \u010dak <strong>15 godina.<\/strong><br \/>\nKori\u0161tenjem iste baze za sjedalo za novoro\u0111en\u010de i sjedalo za ve\u0107u djecu (od 0 do 6 godina), znatno se smanjuje koli\u010dina materijala potrebnog za proizvodnju.<\/p>\n<p>Lagani i modularni dizajn \u010dini Beyond koncept savr\u0161enim rje\u0161enjem za obitelji koje koriste vi\u0161e automobila &#8211; bilo da imaju vlastita vozila ili koriste car sharing usluge.<\/p>\n","protected":false},"excerpt":{"rendered":"<ul>\n<li>jedina rotacijska autosjedalica na tr\u017ei\u0161tu odobrena za kori\u0161tenje od ro\u0111enja (40 cm) do 125 cm i 22 kg<\/li>\n<li>kori\u0161tenje od ro\u0111enja do 6 godina<\/li>\n<li>puna rotacija od 360\u00b0<\/li>\n<li>pru\u017ea neusporedivu fleksibilnost i sigurnost s pametnim mehanizmom za blokiranje za sigurnu produ\u017eenu upotrebu u smjeru suprotnom od smjera vo\u017enje<\/li>\n<li>Baby Shell\u2122 umetak za optimalnu za\u0161titu i polo\u017eaj novoro\u0111en\u010deta<\/li>\n<li>vrhunska udobnost s Ergo Cushion jastukom<\/li>\n<li>optimalni polo\u017eaj u svim autima uz obavezno postavljanje na<a href=\"https:\/\/najnaj.eu\/proizvod\/besafe-beyond-isofix-baza\/\" target=\"_blank\" rel=\"noopener\"> Beyond ISOfix bazu<\/a><\/li>\n<\/ul>\n","protected":false},"featured_media":282418,"comment_status":"closed","ping_status":"closed","template":"","meta":{"_acf_changed":false,"footnotes":""},"product_brand":[],"product_cat":[574,2286,830],"product_tag":[],"class_list":{"0":"post-282401","1":"product","2":"type-product","3":"status-publish","4":"has-post-thumbnail","6":"product_cat-autosjedalice","7":"product_cat-mala-djeca-6-mj-6-god","8":"product_cat-novorodence","9":"pa_brand-besafe","10":"pa_nacin-postavljanja-isofix","11":"pa_visina-djeteta-od-40-do-125-cm","13":"first","14":"outofstock","15":"shipping-taxable","16":"purchasable","17":"product-type-simple"},"bundled_by":[],"bundle_stock_status":"outofstock","bundle_stock_quantity":0,"bundle_virtual":false,"bundle_layout":"","bundle_add_to_cart_form_location":"","bundle_editable_in_cart":false,"bundle_sold_individually_context":"","bundle_item_grouping":"","bundle_min_size":"","bundle_max_size":"","bundle_price":[],"bundled_items":[],"bundle_sell_ids":[],"acf":[],"yoast_head":"<!-- This site is optimized with the Yoast SEO Premium plugin v21.5 (Yoast SEO v27.4) - https:\/\/yoast.com\/product\/yoast-seo-premium-wordpress\/ -->\n<title>BeSafe Beyond\u00b2 360 B Anthracite Mesh - NajNaj.eu<\/title>\n<meta name=\"robots\" content=\"index, follow, max-snippet:-1, max-image-preview:large, max-video-preview:-1\" \/>\n<link rel=\"canonical\" href=\"https:\/\/najnaj.eu\/sl\/izdelek\/besafe-beyond%c2%b2-360-b-anthracite-mesh\/\" \/>\n<meta property=\"og:locale\" content=\"sl_SI\" \/>\n<meta property=\"og:type\" content=\"article\" \/>\n<meta property=\"og:title\" content=\"BeSafe Beyond\u00b2 360 B Anthracite Mesh\" \/>\n<meta property=\"og:description\" content=\"jedina rotacijska autosjedalica na tr\u017ei\u0161tu odobrena za kori\u0161tenje od ro\u0111enja (40 cm) do 125 cm i 22 kg  kori\u0161tenje od ro\u0111enja do 6 godina  puna rotacija od 360\u00b0  pru\u017ea neusporedivu fleksibilnost i sigurnost s pametnim mehanizmom za blokiranje za sigurnu produ\u017eenu upotrebu u smjeru suprotnom od smjera vo\u017enje  Baby Shell\u2122 umetak za optimalnu za\u0161titu i polo\u017eaj novoro\u0111en\u010deta  vrhunska udobnost s Ergo Cushion jastukom  optimalni polo\u017eaj u svim autima uz obavezno postavljanje na Beyond ISOfix bazu\" \/>\n<meta property=\"og:url\" content=\"https:\/\/najnaj.eu\/sl\/izdelek\/besafe-beyond%c2%b2-360-b-anthracite-mesh\/\" \/>\n<meta property=\"og:site_name\" content=\"NajNaj.eu\" \/>\n<meta property=\"article:publisher\" content=\"https:\/\/web.facebook.com\/najnaj.eu\/\" \/>\n<meta property=\"article:modified_time\" content=\"2026-03-06T09:26:27+00:00\" \/>\n<meta property=\"og:image\" content=\"https:\/\/najnaj.eu\/wp-content\/uploads\/2025\/12\/11041557_BeSafe_Beyond2-360-B_Anthracite-Mesh_BabyShell_Right.jpg\" \/>\n\t<meta property=\"og:image:width\" content=\"1000\" \/>\n\t<meta property=\"og:image:height\" content=\"1000\" \/>\n\t<meta property=\"og:image:type\" content=\"image\/jpeg\" \/>\n<meta name=\"twitter:card\" content=\"summary_large_image\" \/>\n<meta name=\"twitter:label1\" content=\"Price\" \/>\n\t<meta name=\"twitter:data1\" content=\"609,00&nbsp;&euro;\" \/>\n\t<meta name=\"twitter:label2\" content=\"Availability\" \/>\n\t<meta name=\"twitter:data2\" content=\"Out of stock\" \/>\n<script type=\"application\/ld+json\" class=\"yoast-schema-graph\">{\"@context\":\"https:\\\/\\\/schema.org\",\"@graph\":[{\"@type\":\"WebPage\",\"@id\":\"https:\\\/\\\/najnaj.eu\\\/sl\\\/izdelek\\\/besafe-beyond%c2%b2-360-b-anthracite-mesh\\\/\",\"url\":\"https:\\\/\\\/najnaj.eu\\\/sl\\\/izdelek\\\/besafe-beyond%c2%b2-360-b-anthracite-mesh\\\/\",\"name\":\"BeSafe Beyond\u00b2 360 B Anthracite Mesh - NajNaj.eu\",\"isPartOf\":{\"@id\":\"https:\\\/\\\/najnaj.eu\\\/sl\\\/#website\"},\"primaryImageOfPage\":{\"@id\":\"https:\\\/\\\/najnaj.eu\\\/sl\\\/izdelek\\\/besafe-beyond%c2%b2-360-b-anthracite-mesh\\\/#primaryimage\"},\"image\":{\"@id\":\"https:\\\/\\\/najnaj.eu\\\/sl\\\/izdelek\\\/besafe-beyond%c2%b2-360-b-anthracite-mesh\\\/#primaryimage\"},\"thumbnailUrl\":\"https:\\\/\\\/najnaj.eu\\\/wp-content\\\/uploads\\\/2025\\\/12\\\/11041557_BeSafe_Beyond2-360-B_Anthracite-Mesh_BabyShell_Right.jpg\",\"datePublished\":\"2025-12-05T11:53:00+00:00\",\"dateModified\":\"2026-03-06T09:26:27+00:00\",\"breadcrumb\":{\"@id\":\"https:\\\/\\\/najnaj.eu\\\/sl\\\/izdelek\\\/besafe-beyond%c2%b2-360-b-anthracite-mesh\\\/#breadcrumb\"},\"inLanguage\":\"sl-SI\",\"potentialAction\":[{\"@type\":\"ReadAction\",\"target\":[\"https:\\\/\\\/najnaj.eu\\\/sl\\\/izdelek\\\/besafe-beyond%c2%b2-360-b-anthracite-mesh\\\/\"]}]},{\"@type\":\"ImageObject\",\"inLanguage\":\"sl-SI\",\"@id\":\"https:\\\/\\\/najnaj.eu\\\/sl\\\/izdelek\\\/besafe-beyond%c2%b2-360-b-anthracite-mesh\\\/#primaryimage\",\"url\":\"https:\\\/\\\/najnaj.eu\\\/wp-content\\\/uploads\\\/2025\\\/12\\\/11041557_BeSafe_Beyond2-360-B_Anthracite-Mesh_BabyShell_Right.jpg\",\"contentUrl\":\"https:\\\/\\\/najnaj.eu\\\/wp-content\\\/uploads\\\/2025\\\/12\\\/11041557_BeSafe_Beyond2-360-B_Anthracite-Mesh_BabyShell_Right.jpg\",\"width\":1000,\"height\":1000},{\"@type\":\"BreadcrumbList\",\"@id\":\"https:\\\/\\\/najnaj.eu\\\/sl\\\/izdelek\\\/besafe-beyond%c2%b2-360-b-anthracite-mesh\\\/#breadcrumb\",\"itemListElement\":[{\"@type\":\"ListItem\",\"position\":1,\"name\":\"Po\u010detna stranica\",\"item\":\"https:\\\/\\\/najnaj.eu\\\/sl\\\/prednja-stran\\\/\"},{\"@type\":\"ListItem\",\"position\":2,\"name\":\"Shop\",\"item\":\"https:\\\/\\\/najnaj.eu\\\/sl\\\/shop\\\/\"},{\"@type\":\"ListItem\",\"position\":3,\"name\":\"BeSafe Beyond\u00b2 360 B Anthracite Mesh\"}]},{\"@type\":\"WebSite\",\"@id\":\"https:\\\/\\\/najnaj.eu\\\/sl\\\/#website\",\"url\":\"https:\\\/\\\/najnaj.eu\\\/sl\\\/\",\"name\":\"NajNaj.eu\",\"description\":\"Za najva\u017enije!\",\"publisher\":{\"@id\":\"https:\\\/\\\/najnaj.eu\\\/sl\\\/#organization\"},\"potentialAction\":[{\"@type\":\"SearchAction\",\"target\":{\"@type\":\"EntryPoint\",\"urlTemplate\":\"https:\\\/\\\/najnaj.eu\\\/sl\\\/?s={search_term_string}\"},\"query-input\":{\"@type\":\"PropertyValueSpecification\",\"valueRequired\":true,\"valueName\":\"search_term_string\"}}],\"inLanguage\":\"sl-SI\"},{\"@type\":\"Organization\",\"@id\":\"https:\\\/\\\/najnaj.eu\\\/sl\\\/#organization\",\"name\":\"NajNaj.eu\",\"url\":\"https:\\\/\\\/najnaj.eu\\\/sl\\\/\",\"logo\":{\"@type\":\"ImageObject\",\"inLanguage\":\"sl-SI\",\"@id\":\"https:\\\/\\\/najnaj.eu\\\/sl\\\/#\\\/schema\\\/logo\\\/image\\\/\",\"url\":\"https:\\\/\\\/najnaj.eu\\\/wp-content\\\/uploads\\\/2023\\\/09\\\/logo_Najnaj_2023.svg\",\"contentUrl\":\"https:\\\/\\\/najnaj.eu\\\/wp-content\\\/uploads\\\/2023\\\/09\\\/logo_Najnaj_2023.svg\",\"width\":501,\"height\":278,\"caption\":\"NajNaj.eu\"},\"image\":{\"@id\":\"https:\\\/\\\/najnaj.eu\\\/sl\\\/#\\\/schema\\\/logo\\\/image\\\/\"},\"sameAs\":[\"https:\\\/\\\/web.facebook.com\\\/najnaj.eu\\\/\",\"https:\\\/\\\/www.instagram.com\\\/najnaj.eu\\\/\",\"https:\\\/\\\/www.tiktok.com\\\/@najnaj.eu\"]}]}<\/script>\n<meta property=\"product:brand\" content=\"BeSafe\" \/>\n<meta property=\"product:price:amount\" content=\"609.00\" \/>\n<meta property=\"product:price:currency\" content=\"EUR\" \/>\n<meta property=\"og:availability\" content=\"out of stock\" \/>\n<meta property=\"product:availability\" content=\"out of stock\" \/>\n<meta property=\"product:retailer_item_id\" content=\"11041557-AnthraMesh-One Size-Std\" \/>\n<meta property=\"product:condition\" content=\"new\" \/>\n<!-- \/ Yoast SEO Premium plugin. -->","yoast_head_json":{"title":"BeSafe Beyond\u00b2 360 B Anthracite Mesh - NajNaj.eu","robots":{"index":"index","follow":"follow","max-snippet":"max-snippet:-1","max-image-preview":"max-image-preview:large","max-video-preview":"max-video-preview:-1"},"canonical":"https:\/\/najnaj.eu\/sl\/izdelek\/besafe-beyond%c2%b2-360-b-anthracite-mesh\/","og_locale":"sl_SI","og_type":"article","og_title":"BeSafe Beyond\u00b2 360 B Anthracite Mesh","og_description":"jedina rotacijska autosjedalica na tr\u017ei\u0161tu odobrena za kori\u0161tenje od ro\u0111enja (40 cm) do 125 cm i 22 kg  kori\u0161tenje od ro\u0111enja do 6 godina  puna rotacija od 360\u00b0  pru\u017ea neusporedivu fleksibilnost i sigurnost s pametnim mehanizmom za blokiranje za sigurnu produ\u017eenu upotrebu u smjeru suprotnom od smjera vo\u017enje  Baby Shell\u2122 umetak za optimalnu za\u0161titu i polo\u017eaj novoro\u0111en\u010deta  vrhunska udobnost s Ergo Cushion jastukom  optimalni polo\u017eaj u svim autima uz obavezno postavljanje na Beyond ISOfix bazu","og_url":"https:\/\/najnaj.eu\/sl\/izdelek\/besafe-beyond%c2%b2-360-b-anthracite-mesh\/","og_site_name":"NajNaj.eu","article_publisher":"https:\/\/web.facebook.com\/najnaj.eu\/","article_modified_time":"2026-03-06T09:26:27+00:00","og_image":[{"width":1000,"height":1000,"url":"https:\/\/najnaj.eu\/wp-content\/uploads\/2025\/12\/11041557_BeSafe_Beyond2-360-B_Anthracite-Mesh_BabyShell_Right.jpg","type":"image\/jpeg"}],"twitter_card":"summary_large_image","twitter_misc":{"Price":"609,00&nbsp;&euro;","Availability":"Out of stock"},"schema":{"@context":"https:\/\/schema.org","@graph":[{"@type":"WebPage","@id":"https:\/\/najnaj.eu\/sl\/izdelek\/besafe-beyond%c2%b2-360-b-anthracite-mesh\/","url":"https:\/\/najnaj.eu\/sl\/izdelek\/besafe-beyond%c2%b2-360-b-anthracite-mesh\/","name":"BeSafe Beyond\u00b2 360 B Anthracite Mesh - NajNaj.eu","isPartOf":{"@id":"https:\/\/najnaj.eu\/sl\/#website"},"primaryImageOfPage":{"@id":"https:\/\/najnaj.eu\/sl\/izdelek\/besafe-beyond%c2%b2-360-b-anthracite-mesh\/#primaryimage"},"image":{"@id":"https:\/\/najnaj.eu\/sl\/izdelek\/besafe-beyond%c2%b2-360-b-anthracite-mesh\/#primaryimage"},"thumbnailUrl":"https:\/\/najnaj.eu\/wp-content\/uploads\/2025\/12\/11041557_BeSafe_Beyond2-360-B_Anthracite-Mesh_BabyShell_Right.jpg","datePublished":"2025-12-05T11:53:00+00:00","dateModified":"2026-03-06T09:26:27+00:00","breadcrumb":{"@id":"https:\/\/najnaj.eu\/sl\/izdelek\/besafe-beyond%c2%b2-360-b-anthracite-mesh\/#breadcrumb"},"inLanguage":"sl-SI","potentialAction":[{"@type":"ReadAction","target":["https:\/\/najnaj.eu\/sl\/izdelek\/besafe-beyond%c2%b2-360-b-anthracite-mesh\/"]}]},{"@type":"ImageObject","inLanguage":"sl-SI","@id":"https:\/\/najnaj.eu\/sl\/izdelek\/besafe-beyond%c2%b2-360-b-anthracite-mesh\/#primaryimage","url":"https:\/\/najnaj.eu\/wp-content\/uploads\/2025\/12\/11041557_BeSafe_Beyond2-360-B_Anthracite-Mesh_BabyShell_Right.jpg","contentUrl":"https:\/\/najnaj.eu\/wp-content\/uploads\/2025\/12\/11041557_BeSafe_Beyond2-360-B_Anthracite-Mesh_BabyShell_Right.jpg","width":1000,"height":1000},{"@type":"BreadcrumbList","@id":"https:\/\/najnaj.eu\/sl\/izdelek\/besafe-beyond%c2%b2-360-b-anthracite-mesh\/#breadcrumb","itemListElement":[{"@type":"ListItem","position":1,"name":"Po\u010detna stranica","item":"https:\/\/najnaj.eu\/sl\/prednja-stran\/"},{"@type":"ListItem","position":2,"name":"Shop","item":"https:\/\/najnaj.eu\/sl\/shop\/"},{"@type":"ListItem","position":3,"name":"BeSafe Beyond\u00b2 360 B Anthracite Mesh"}]},{"@type":"WebSite","@id":"https:\/\/najnaj.eu\/sl\/#website","url":"https:\/\/najnaj.eu\/sl\/","name":"NajNaj.eu","description":"Za najva\u017enije!","publisher":{"@id":"https:\/\/najnaj.eu\/sl\/#organization"},"potentialAction":[{"@type":"SearchAction","target":{"@type":"EntryPoint","urlTemplate":"https:\/\/najnaj.eu\/sl\/?s={search_term_string}"},"query-input":{"@type":"PropertyValueSpecification","valueRequired":true,"valueName":"search_term_string"}}],"inLanguage":"sl-SI"},{"@type":"Organization","@id":"https:\/\/najnaj.eu\/sl\/#organization","name":"NajNaj.eu","url":"https:\/\/najnaj.eu\/sl\/","logo":{"@type":"ImageObject","inLanguage":"sl-SI","@id":"https:\/\/najnaj.eu\/sl\/#\/schema\/logo\/image\/","url":"https:\/\/najnaj.eu\/wp-content\/uploads\/2023\/09\/logo_Najnaj_2023.svg","contentUrl":"https:\/\/najnaj.eu\/wp-content\/uploads\/2023\/09\/logo_Najnaj_2023.svg","width":501,"height":278,"caption":"NajNaj.eu"},"image":{"@id":"https:\/\/najnaj.eu\/sl\/#\/schema\/logo\/image\/"},"sameAs":["https:\/\/web.facebook.com\/najnaj.eu\/","https:\/\/www.instagram.com\/najnaj.eu\/","https:\/\/www.tiktok.com\/@najnaj.eu"]}]},"product_brand":"BeSafe","product_price_amount":"609.00","product_price_currency":"EUR","og_availability":"out of stock","product_availability":"out of stock","product_retailer_item_id":"11041557-AnthraMesh-One Size-Std","product_condition":"new"},"_links":{"self":[{"href":"https:\/\/najnaj.eu\/sl\/wp-json\/wp\/v2\/product\/282401","targetHints":{"allow":["GET"]}}],"collection":[{"href":"https:\/\/najnaj.eu\/sl\/wp-json\/wp\/v2\/product"}],"about":[{"href":"https:\/\/najnaj.eu\/sl\/wp-json\/wp\/v2\/types\/product"}],"replies":[{"embeddable":true,"href":"https:\/\/najnaj.eu\/sl\/wp-json\/wp\/v2\/comments?post=282401"}],"version-history":[{"count":0,"href":"https:\/\/najnaj.eu\/sl\/wp-json\/wp\/v2\/product\/282401\/revisions"}],"wp:featuredmedia":[{"embeddable":true,"href":"https:\/\/najnaj.eu\/sl\/wp-json\/wp\/v2\/media\/282418"}],"wp:attachment":[{"href":"https:\/\/najnaj.eu\/sl\/wp-json\/wp\/v2\/media?parent=282401"}],"wp:term":[{"taxonomy":"product_brand","embeddable":true,"href":"https:\/\/najnaj.eu\/sl\/wp-json\/wp\/v2\/product_brand?post=282401"},{"taxonomy":"product_cat","embeddable":true,"href":"https:\/\/najnaj.eu\/sl\/wp-json\/wp\/v2\/product_cat?post=282401"},{"taxonomy":"product_tag","embeddable":true,"href":"https:\/\/najnaj.eu\/sl\/wp-json\/wp\/v2\/product_tag?post=282401"}],"curies":[{"name":"wp","href":"https:\/\/api.w.org\/{rel}","templated":true}]}}