{"id":281154,"date":"2025-11-27T13:55:59","date_gmt":"2025-11-27T12:55:59","guid":{"rendered":"https:\/\/najnaj.eu\/proizvod\/b-box-ultimate-komplet-za-hranjenje-ocean\/"},"modified":"2026-03-25T14:45:27","modified_gmt":"2026-03-25T13:45:27","slug":"b-box-ultimate-komplet-za-hranjenje-ocean","status":"publish","type":"product","link":"https:\/\/najnaj.eu\/sl\/izdelek\/b-box-ultimate-komplet-za-hranjenje-ocean\/","title":{"rendered":"b.box Ultimate komplet za hranjenje &#8211; Ocean"},"content":{"rendered":"<p>Vrhunski komplet za hranjenje je obse\u017een paket za male gurmane \u2013 od prve ka\u0161e do so\u010dnega sadja! Vsebuje vse, kar imajo star\u0161i radi in mal\u010dki radi uporabljajo: kro\u017enik s pokrovom, prakti\u010dno skledo za polnjenje in hranjenje, mehak silikonski slin\u010dek, otro\u0161ki jedilni pribor in podajalnik za sve\u017ee sadje z dodatnimi nastavki. Manj nereda, ve\u010d u\u017eitka in veliko novih okusov \u2013 popoln vse-v-enem za\u010detek vsake male gastronomske pustolov\u0161\u010dine!  <\/p>\n<h4><a href=\"https:\/\/najnaj.eu\/izdelek\/b-box-silikonski-tanjur-poklopac-ocean\/\" target=\"_blank\" rel=\"noopener\"><strong>1. Silikonska plo\u0161\u010da + pokrov<\/strong><\/a><\/h4>\n<ul>\n<li>Iz platinastega silikona &#8211; varno za dojen\u010dke<\/li>\n<li>Trdna nedrse\u010da silikonska lepilna podlaga, ki dr\u017ei<\/li>\n<li>Preprosto povlecite jezi\u010dek, da sprostite plo\u0161\u010do<\/li>\n<li>3 predelki &#8211; idealno za porcijo hrane in izbir\u010dne jedce<\/li>\n<li>Vsestranski neprepustni pokrov slu\u017ei tudi kot podloga za hranjenje<\/li>\n<li>Zaobljene stranice za enostavno prijemanje in samodejno hranjenje<\/li>\n<li>Primerno za toplo in hladno hrano<\/li>\n<\/ul>\n<h4><a href=\"https:\/\/najnaj.eu\/sl\/izdelek\/b-box-fill-feed-bowl-lullaby-blue\/\" target=\"_blank\" rel=\"noopener\"><strong>2. Napolnite in nahranite posodo<\/strong><\/a><\/h4>\n<ul>\n<li>Idealno za dopolnilno hranjenje in hranjenje dojen\u010dkov od 4. meseca starosti<\/li>\n<li>Lahko jo napolnimo in uporabimo za doma\u010de sadne in zelenjavne ka\u0161ice, jogurte in podobno<\/li>\n<li>\u0160iroka odprtina omogo\u010da star\u0161em enostavno polnjenje silikonske vre\u010dke z manj nereda, pokrov se zapre, da ostane hrana v<\/li>\n<li>Ergonomsko oblikovan za majhne roke za dr\u017eanje in stiskanje<\/li>\n<li>Otroci intuitivno srkajo iz nagnjenega dulca, odrasli lahko pomagajo pri stiskanju in serviranju s silikonsko \u017eli\u010dko v prvih dneh hranjenja<\/li>\n<li>Prilo\u017eena tesnila na pokrovu tesnijo pokrov, tako da med premikanjem ne pu\u0161\u010da in ohranja dulec \u010dist in higieni\u010den<\/li>\n<li>Primeren za pomivalni stroj (zgornja polica) in sterilizator za enostavno \u010di\u0161\u010denje, pripravljen za ponovno uporabo<\/li>\n<li>Lahko se uporablja v mikrovalovni pe\u010dici (odprt pokrov) za segrevanje in postre\u017ebo<\/li>\n<li>Prostornina vre\u010dke 110 ml<\/li>\n<li>Brez BPA<\/li>\n<\/ul>\n<h4><a href=\"https:\/\/najnaj.eu\/sl\/izdelek\/b-box-silikonski-scitnik-za-brado-ocean\/\" target=\"_blank\" rel=\"noopener\"><strong>3. Silikonski trak za brado<\/strong><\/a><\/h4>\n<ul>\n<li>4 mesece+<\/li>\n<li>Globok \u017eep, ki ostane odprt, zajame ve\u010d hrane in teko\u010dine<\/li>\n<li>Udobna zo\u017eena oblika ramen<\/li>\n<li>Gladek oblazinjen rob za udobnej\u0161e no\u0161enje<\/li>\n<li>Nastavljivo zapiranje vrat<\/li>\n<li>Nestrupen silikon ohranja gladko, nelepljivo povr\u0161ino, tudi ko je moker<\/li>\n<li>Za ve\u010djo kompaktnost zvijte in pritrdite&gt; mobilno shranjevanje<\/li>\n<li>Enostavno \u010di\u0161\u010denje<\/li>\n<li>Primerno za pomivanje v pomivalnem stroju<\/li>\n<li>Izdelano iz silikona FDA<\/li>\n<li>Dimenzije: 21,8 cm x 29,6 cm<\/li>\n<li>Brez BPA, ftalatov in PVC-ja<\/li>\n<\/ul>\n<h4><a href=\"https:\/\/najnaj.eu\/sl\/izdelek\/b-box-sippy-cup-steklenica-s-slamico-boysenberry-kopiraj-kopiraj-kopiraj\/\" target=\"_blank\" rel=\"noopener\"><strong>4. Jedilni pribor<\/strong><\/a><\/h4>\n<ul>\n<li>Ro\u010daji za enostaven oprijem so nagnjeni za optimalen polo\u017eaj od roke do ust<\/li>\n<li>Edinstven cvetli\u010dni dizajn otrokom omogo\u010da zajemanje hrane in se prilagaja velikosti in obliki majhnih ust.<\/li>\n<li>Zaobljeni zobje so ne\u017enej\u0161i do majhnih dlesni, zato lahko mal\u010dki varno jedo<\/li>\n<li>Prakti\u010dna potovalna torbica ohranja va\u0161e dodatke \u010diste, ko ste na poti<\/li>\n<li>Lahko se pere v pomivalnem stroju<\/li>\n<\/ul>\n<h4><a href=\"https:\/\/najnaj.eu\/sl\/izdelek\/b-box-silikonski-podajalnik-za-sveze-sadje-limonin-serbet \/\" target=\"_blank\" rel=\"noopener\"><strong>5. Silikonski podajalnik za sve\u017ee sadje<\/strong><\/a><\/h4>\n<ul>\n<li>Idealen pripomo\u010dek za higiensko in varno uvajanje novih okusov<\/li>\n<li>Silikonski \u017eve\u010dilni gumi je zelo prijeten za otro\u0161ke dlesni.<\/li>\n<li>Trije ro\u010daji olaj\u0161ajo dojen\u010dkom dr\u017eanje z eno ali dvema rokama in pu\u0161\u010dajo prostor za star\u0161e, da prisko\u010dijo na pomo\u010d.<\/li>\n<li>Odpiranje in zapiranje s klik-zaklepnim obro\u010dem<\/li>\n<li>Pokrov\u010dek za silikonski del pomaga ohranjati \u010disto\u010do in higieno<\/li>\n<li>Vse dele je mogo\u010de razstaviti in oprati<\/li>\n<li>Zgornja polica pomivanja v pomivalnem stroju<\/li>\n<li>Mo\u017ena sterilizacija v parnem sterilizatorju<\/li>\n<\/ul>\n<h4><a href=\"https:\/\/najnaj.eu\/izdelek\/b-box-zamjenski-silikonski-nastavak-za-fill-feed-2-kom\/\" target=\"_blank\" rel=\"noopener\"><strong>6. Nadomestni silikonski nastavek za podajalnik sve\u017eega sadja<\/strong><\/a><\/h4>\n<p>Kako o\u010distiti in zamenjati silikonsko konico:<br \/>\n Dr\u017eite stojalo in obrnite obro\u010d na podajalniku sve\u017ee hrane navzdol v nasprotni smeri urinega kazalca, da odklenete in sprostite silikonsko konico.<br \/>\nTemeljito ga operite v topli milnici ali v pomivalnem stroju (zgornja re\u0161etka). Silikonsko \u0161obo lahko obrnete na glavo, da omogo\u010dite previdno \u010di\u0161\u010denje te\u017eko dostopnih mest.<br \/>\n Lahko se sterilizira tudi s paro. Pred ponovno namestitvijo pustite, da se posu\u0161i.<br \/>\n O\u010di\u0161\u010deno ali nadomestno silikonsko konico namestite na mesto, nato pa obro\u010d zavrtite v smeri urinega kazalca, dokler ne klikne in se silikonska konica ne zasko\u010di.  <\/p>\n","protected":false},"excerpt":{"rendered":"<p>Vsebina kompleta:<\/p>\n<ul>\n<li>b.box Silikonski kro\u017enik + pokrov<\/li>\n<li>b.box Polnilna + hranilna posoda<\/li>\n<li>Silikonski podbradnik b.box<\/li>\n<li>Jedilni pribor b.box<\/li>\n<li>Silikonska podajalnik za sve\u017ee sadje b.box<\/li>\n<li>b.box Nadomestni silikonski cucelj za stekleni\u010dko za hranjenje (2 kosa)<\/li>\n<\/ul>\n<p>&#8211; Popoln komplet, ki pokriva prehod s pirejev na trdno hrano in sadne prigrizke<br \/>\n &#8211; Idealno za zdravo prehranjevanje doma in na poti<br \/>\n &#8211; Podajalnik z rezervnimi nastavki omogo\u010da varno raziskovanje novih okusov<\/p>\n","protected":false},"featured_media":281099,"comment_status":"closed","ping_status":"closed","template":"","meta":{"_acf_changed":false,"footnotes":""},"product_brand":[],"product_cat":[1709,577,2216],"product_tag":[],"class_list":{"0":"post-281154","1":"product","2":"type-product","3":"status-publish","4":"has-post-thumbnail","6":"product_cat-pokloni","7":"product_cat-hranjenje","8":"product_cat-setovi-za-hranjenje","9":"pa_boja-plava","10":"pa_brand-b-box","11":"pa_vrsta-posuda-hranilica-za-voce","12":"pa_vrsta-posuda-pribor-za-jelo","13":"pa_vrsta-posuda-tanjuri","15":"first","16":"instock","17":"sale","18":"virtual","19":"purchasable","20":"product-type-bundle"},"bundled_by":[],"bundle_stock_status":"instock","bundle_stock_quantity":15,"bundle_virtual":false,"bundle_layout":"grid","bundle_add_to_cart_form_location":"default","bundle_editable_in_cart":false,"bundle_sold_individually_context":"product","bundle_item_grouping":"parent","bundle_min_size":"","bundle_max_size":"","bundle_price":{"price":{"min":{"incl_tax":"59.99","excl_tax":"59.99"},"max":{"incl_tax":"59.99","excl_tax":"59.99"}},"regular_price":{"min":{"incl_tax":"78.45","excl_tax":"78.45"},"max":{"incl_tax":"78.45","excl_tax":"78.45"}}},"bundled_items":[{"bundled_item_id":439,"product_id":204083,"menu_order":1,"quantity_min":1,"quantity_max":1,"quantity_default":1,"priced_individually":false,"shipped_individually":false,"override_title":true,"title":"Skleda za polnjenje in hranjenje - uspavankasto modra","override_description":true,"description":"","optional":false,"hide_thumbnail":false,"discount":"","override_variations":false,"allowed_variations":[""],"override_default_variation_attributes":false,"default_variation_attributes":[],"single_product_visibility":"visible","cart_visibility":"visible","order_visibility":"visible","single_product_price_visibility":"visible","cart_price_visibility":"visible","order_price_visibility":"visible","stock_status":"in_stock"},{"bundled_item_id":440,"product_id":204092,"menu_order":2,"quantity_min":1,"quantity_max":1,"quantity_default":1,"priced_individually":false,"shipped_individually":false,"override_title":true,"title":"Silikonski trak za brado - ocean","override_description":true,"description":"","optional":false,"hide_thumbnail":false,"discount":"","override_variations":false,"allowed_variations":[""],"override_default_variation_attributes":false,"default_variation_attributes":[],"single_product_visibility":"visible","cart_visibility":"visible","order_visibility":"visible","single_product_price_visibility":"visible","cart_price_visibility":"visible","order_price_visibility":"visible","stock_status":"in_stock"},{"bundled_item_id":441,"product_id":278892,"menu_order":3,"quantity_min":1,"quantity_max":1,"quantity_default":1,"priced_individually":false,"shipped_individually":false,"override_title":true,"title":"Jedilni pribor - ocean","override_description":true,"description":"","optional":false,"hide_thumbnail":false,"discount":"","override_variations":false,"allowed_variations":[""],"override_default_variation_attributes":false,"default_variation_attributes":[],"single_product_visibility":"visible","cart_visibility":"visible","order_visibility":"visible","single_product_price_visibility":"visible","cart_price_visibility":"visible","order_price_visibility":"visible","stock_status":"in_stock"},{"bundled_item_id":442,"product_id":198980,"menu_order":4,"quantity_min":1,"quantity_max":1,"quantity_default":1,"priced_individually":false,"shipped_individually":false,"override_title":true,"title":"Silikonska podajalnik za sadje - uspavankasto modra","override_description":true,"description":"","optional":false,"hide_thumbnail":false,"discount":"","override_variations":false,"allowed_variations":[""],"override_default_variation_attributes":false,"default_variation_attributes":[],"single_product_visibility":"visible","cart_visibility":"visible","order_visibility":"visible","single_product_price_visibility":"visible","cart_price_visibility":"visible","order_price_visibility":"visible","stock_status":"in_stock"}],"bundle_sell_ids":[],"acf":[],"yoast_head":"<!-- This site is optimized with the Yoast SEO Premium plugin v21.5 (Yoast SEO v27.3) - https:\/\/yoast.com\/product\/yoast-seo-premium-wordpress\/ -->\n<title>b.box Ultimate komplet za hranjenje - Ocean - NajNaj.eu<\/title>\n<meta name=\"description\" content=\"Vrhunski komplet za hranjenje: kro\u017enik s pokrovom, polnjenje + hranjenje, slin\u010dek, pribor in podajalnik sadja za manj nereda in ve\u010d gurmanskih dogodiv\u0161\u010din.\" \/>\n<meta name=\"robots\" content=\"index, follow, max-snippet:-1, max-image-preview:large, max-video-preview:-1\" \/>\n<link rel=\"canonical\" href=\"https:\/\/najnaj.eu\/sl\/izdelek\/b-box-ultimate-komplet-za-hranjenje-ocean\/\" \/>\n<meta property=\"og:locale\" content=\"sl_SI\" \/>\n<meta property=\"og:type\" content=\"article\" \/>\n<meta property=\"og:title\" content=\"b.box Ultimate komplet za hranjenje - Ocean\" \/>\n<meta property=\"og:description\" content=\"Vrhunski komplet za hranjenje: kro\u017enik s pokrovom, polnjenje + hranjenje, slin\u010dek, pribor in podajalnik sadja za manj nereda in ve\u010d gurmanskih dogodiv\u0161\u010din.\" \/>\n<meta property=\"og:url\" content=\"https:\/\/najnaj.eu\/sl\/izdelek\/b-box-ultimate-komplet-za-hranjenje-ocean\/\" \/>\n<meta property=\"og:site_name\" content=\"NajNaj.eu\" \/>\n<meta property=\"article:publisher\" content=\"https:\/\/web.facebook.com\/najnaj.eu\/\" \/>\n<meta property=\"article:modified_time\" content=\"2026-03-25T13:45:27+00:00\" \/>\n<meta property=\"og:image\" content=\"https:\/\/najnaj.eu\/wp-content\/uploads\/2025\/11\/Feeding-starter-set-Maxi-Ocean-2.png\" \/>\n\t<meta property=\"og:image:width\" content=\"1080\" \/>\n\t<meta property=\"og:image:height\" content=\"1080\" \/>\n\t<meta property=\"og:image:type\" content=\"image\/png\" \/>\n<meta name=\"twitter:card\" content=\"summary_large_image\" \/>\n<meta name=\"twitter:label1\" content=\"Price\" \/>\n\t<meta name=\"twitter:data1\" content=\"59,99&nbsp;&euro;\" \/>\n\t<meta name=\"twitter:label2\" content=\"Availability\" \/>\n\t<meta name=\"twitter:data2\" content=\"In stock\" \/>\n<script type=\"application\/ld+json\" class=\"yoast-schema-graph\">{\"@context\":\"https:\\\/\\\/schema.org\",\"@graph\":[{\"@type\":\"WebPage\",\"@id\":\"https:\\\/\\\/najnaj.eu\\\/sl\\\/izdelek\\\/b-box-ultimate-komplet-za-hranjenje-ocean\\\/\",\"url\":\"https:\\\/\\\/najnaj.eu\\\/sl\\\/izdelek\\\/b-box-ultimate-komplet-za-hranjenje-ocean\\\/\",\"name\":\"b.box Ultimate komplet za hranjenje - Ocean - NajNaj.eu\",\"isPartOf\":{\"@id\":\"https:\\\/\\\/najnaj.eu\\\/sl\\\/#website\"},\"primaryImageOfPage\":{\"@id\":\"https:\\\/\\\/najnaj.eu\\\/sl\\\/izdelek\\\/b-box-ultimate-komplet-za-hranjenje-ocean\\\/#primaryimage\"},\"image\":{\"@id\":\"https:\\\/\\\/najnaj.eu\\\/sl\\\/izdelek\\\/b-box-ultimate-komplet-za-hranjenje-ocean\\\/#primaryimage\"},\"thumbnailUrl\":\"https:\\\/\\\/najnaj.eu\\\/wp-content\\\/uploads\\\/2025\\\/11\\\/Feeding-starter-set-Maxi-Ocean-2.png\",\"datePublished\":\"2025-11-27T12:55:59+00:00\",\"dateModified\":\"2026-03-25T13:45:27+00:00\",\"description\":\"Vrhunski komplet za hranjenje: kro\u017enik s pokrovom, polnjenje + hranjenje, slin\u010dek, pribor in podajalnik sadja za manj nereda in ve\u010d gurmanskih dogodiv\u0161\u010din.\",\"breadcrumb\":{\"@id\":\"https:\\\/\\\/najnaj.eu\\\/sl\\\/izdelek\\\/b-box-ultimate-komplet-za-hranjenje-ocean\\\/#breadcrumb\"},\"inLanguage\":\"sl-SI\",\"potentialAction\":[{\"@type\":\"ReadAction\",\"target\":[\"https:\\\/\\\/najnaj.eu\\\/sl\\\/izdelek\\\/b-box-ultimate-komplet-za-hranjenje-ocean\\\/\"]}]},{\"@type\":\"ImageObject\",\"inLanguage\":\"sl-SI\",\"@id\":\"https:\\\/\\\/najnaj.eu\\\/sl\\\/izdelek\\\/b-box-ultimate-komplet-za-hranjenje-ocean\\\/#primaryimage\",\"url\":\"https:\\\/\\\/najnaj.eu\\\/wp-content\\\/uploads\\\/2025\\\/11\\\/Feeding-starter-set-Maxi-Ocean-2.png\",\"contentUrl\":\"https:\\\/\\\/najnaj.eu\\\/wp-content\\\/uploads\\\/2025\\\/11\\\/Feeding-starter-set-Maxi-Ocean-2.png\",\"width\":1080,\"height\":1080},{\"@type\":\"BreadcrumbList\",\"@id\":\"https:\\\/\\\/najnaj.eu\\\/sl\\\/izdelek\\\/b-box-ultimate-komplet-za-hranjenje-ocean\\\/#breadcrumb\",\"itemListElement\":[{\"@type\":\"ListItem\",\"position\":1,\"name\":\"Po\u010detna stranica\",\"item\":\"https:\\\/\\\/najnaj.eu\\\/sl\\\/prednja-stran\\\/\"},{\"@type\":\"ListItem\",\"position\":2,\"name\":\"Shop\",\"item\":\"https:\\\/\\\/najnaj.eu\\\/sl\\\/shop\\\/\"},{\"@type\":\"ListItem\",\"position\":3,\"name\":\"b.box Ultimate komplet za hranjenje &#8211; Ocean\"}]},{\"@type\":\"WebSite\",\"@id\":\"https:\\\/\\\/najnaj.eu\\\/sl\\\/#website\",\"url\":\"https:\\\/\\\/najnaj.eu\\\/sl\\\/\",\"name\":\"NajNaj.eu\",\"description\":\"Za najva\u017enije!\",\"publisher\":{\"@id\":\"https:\\\/\\\/najnaj.eu\\\/sl\\\/#organization\"},\"potentialAction\":[{\"@type\":\"SearchAction\",\"target\":{\"@type\":\"EntryPoint\",\"urlTemplate\":\"https:\\\/\\\/najnaj.eu\\\/sl\\\/?s={search_term_string}\"},\"query-input\":{\"@type\":\"PropertyValueSpecification\",\"valueRequired\":true,\"valueName\":\"search_term_string\"}}],\"inLanguage\":\"sl-SI\"},{\"@type\":\"Organization\",\"@id\":\"https:\\\/\\\/najnaj.eu\\\/sl\\\/#organization\",\"name\":\"NajNaj.eu\",\"url\":\"https:\\\/\\\/najnaj.eu\\\/sl\\\/\",\"logo\":{\"@type\":\"ImageObject\",\"inLanguage\":\"sl-SI\",\"@id\":\"https:\\\/\\\/najnaj.eu\\\/sl\\\/#\\\/schema\\\/logo\\\/image\\\/\",\"url\":\"https:\\\/\\\/najnaj.eu\\\/wp-content\\\/uploads\\\/2023\\\/09\\\/logo_Najnaj_2023.svg\",\"contentUrl\":\"https:\\\/\\\/najnaj.eu\\\/wp-content\\\/uploads\\\/2023\\\/09\\\/logo_Najnaj_2023.svg\",\"width\":501,\"height\":278,\"caption\":\"NajNaj.eu\"},\"image\":{\"@id\":\"https:\\\/\\\/najnaj.eu\\\/sl\\\/#\\\/schema\\\/logo\\\/image\\\/\"},\"sameAs\":[\"https:\\\/\\\/web.facebook.com\\\/najnaj.eu\\\/\",\"https:\\\/\\\/www.instagram.com\\\/najnaj.eu\\\/\",\"https:\\\/\\\/www.tiktok.com\\\/@najnaj.eu\"]}]}<\/script>\n<meta property=\"product:brand\" content=\"b.box\" \/>\n<meta property=\"product:price:amount\" content=\"59.99\" \/>\n<meta property=\"product:price:currency\" content=\"EUR\" \/>\n<meta property=\"og:availability\" content=\"instock\" \/>\n<meta property=\"product:availability\" content=\"instock\" \/>\n<meta property=\"product:retailer_item_id\" content=\"Ultimativni_set_za_hranjenje_ocean\" \/>\n<meta property=\"product:condition\" content=\"new\" \/>\n<!-- \/ Yoast SEO Premium plugin. -->","yoast_head_json":{"title":"b.box Ultimate komplet za hranjenje - Ocean - NajNaj.eu","description":"Vrhunski komplet za hranjenje: kro\u017enik s pokrovom, polnjenje + hranjenje, slin\u010dek, pribor in podajalnik sadja za manj nereda in ve\u010d gurmanskih dogodiv\u0161\u010din.","robots":{"index":"index","follow":"follow","max-snippet":"max-snippet:-1","max-image-preview":"max-image-preview:large","max-video-preview":"max-video-preview:-1"},"canonical":"https:\/\/najnaj.eu\/sl\/izdelek\/b-box-ultimate-komplet-za-hranjenje-ocean\/","og_locale":"sl_SI","og_type":"article","og_title":"b.box Ultimate komplet za hranjenje - Ocean","og_description":"Vrhunski komplet za hranjenje: kro\u017enik s pokrovom, polnjenje + hranjenje, slin\u010dek, pribor in podajalnik sadja za manj nereda in ve\u010d gurmanskih dogodiv\u0161\u010din.","og_url":"https:\/\/najnaj.eu\/sl\/izdelek\/b-box-ultimate-komplet-za-hranjenje-ocean\/","og_site_name":"NajNaj.eu","article_publisher":"https:\/\/web.facebook.com\/najnaj.eu\/","article_modified_time":"2026-03-25T13:45:27+00:00","og_image":[{"width":1080,"height":1080,"url":"https:\/\/najnaj.eu\/wp-content\/uploads\/2025\/11\/Feeding-starter-set-Maxi-Ocean-2.png","type":"image\/png"}],"twitter_card":"summary_large_image","twitter_misc":{"Price":"59,99&nbsp;&euro;","Availability":"In stock"},"schema":{"@context":"https:\/\/schema.org","@graph":[{"@type":"WebPage","@id":"https:\/\/najnaj.eu\/sl\/izdelek\/b-box-ultimate-komplet-za-hranjenje-ocean\/","url":"https:\/\/najnaj.eu\/sl\/izdelek\/b-box-ultimate-komplet-za-hranjenje-ocean\/","name":"b.box Ultimate komplet za hranjenje - Ocean - NajNaj.eu","isPartOf":{"@id":"https:\/\/najnaj.eu\/sl\/#website"},"primaryImageOfPage":{"@id":"https:\/\/najnaj.eu\/sl\/izdelek\/b-box-ultimate-komplet-za-hranjenje-ocean\/#primaryimage"},"image":{"@id":"https:\/\/najnaj.eu\/sl\/izdelek\/b-box-ultimate-komplet-za-hranjenje-ocean\/#primaryimage"},"thumbnailUrl":"https:\/\/najnaj.eu\/wp-content\/uploads\/2025\/11\/Feeding-starter-set-Maxi-Ocean-2.png","datePublished":"2025-11-27T12:55:59+00:00","dateModified":"2026-03-25T13:45:27+00:00","description":"Vrhunski komplet za hranjenje: kro\u017enik s pokrovom, polnjenje + hranjenje, slin\u010dek, pribor in podajalnik sadja za manj nereda in ve\u010d gurmanskih dogodiv\u0161\u010din.","breadcrumb":{"@id":"https:\/\/najnaj.eu\/sl\/izdelek\/b-box-ultimate-komplet-za-hranjenje-ocean\/#breadcrumb"},"inLanguage":"sl-SI","potentialAction":[{"@type":"ReadAction","target":["https:\/\/najnaj.eu\/sl\/izdelek\/b-box-ultimate-komplet-za-hranjenje-ocean\/"]}]},{"@type":"ImageObject","inLanguage":"sl-SI","@id":"https:\/\/najnaj.eu\/sl\/izdelek\/b-box-ultimate-komplet-za-hranjenje-ocean\/#primaryimage","url":"https:\/\/najnaj.eu\/wp-content\/uploads\/2025\/11\/Feeding-starter-set-Maxi-Ocean-2.png","contentUrl":"https:\/\/najnaj.eu\/wp-content\/uploads\/2025\/11\/Feeding-starter-set-Maxi-Ocean-2.png","width":1080,"height":1080},{"@type":"BreadcrumbList","@id":"https:\/\/najnaj.eu\/sl\/izdelek\/b-box-ultimate-komplet-za-hranjenje-ocean\/#breadcrumb","itemListElement":[{"@type":"ListItem","position":1,"name":"Po\u010detna stranica","item":"https:\/\/najnaj.eu\/sl\/prednja-stran\/"},{"@type":"ListItem","position":2,"name":"Shop","item":"https:\/\/najnaj.eu\/sl\/shop\/"},{"@type":"ListItem","position":3,"name":"b.box Ultimate komplet za hranjenje &#8211; Ocean"}]},{"@type":"WebSite","@id":"https:\/\/najnaj.eu\/sl\/#website","url":"https:\/\/najnaj.eu\/sl\/","name":"NajNaj.eu","description":"Za najva\u017enije!","publisher":{"@id":"https:\/\/najnaj.eu\/sl\/#organization"},"potentialAction":[{"@type":"SearchAction","target":{"@type":"EntryPoint","urlTemplate":"https:\/\/najnaj.eu\/sl\/?s={search_term_string}"},"query-input":{"@type":"PropertyValueSpecification","valueRequired":true,"valueName":"search_term_string"}}],"inLanguage":"sl-SI"},{"@type":"Organization","@id":"https:\/\/najnaj.eu\/sl\/#organization","name":"NajNaj.eu","url":"https:\/\/najnaj.eu\/sl\/","logo":{"@type":"ImageObject","inLanguage":"sl-SI","@id":"https:\/\/najnaj.eu\/sl\/#\/schema\/logo\/image\/","url":"https:\/\/najnaj.eu\/wp-content\/uploads\/2023\/09\/logo_Najnaj_2023.svg","contentUrl":"https:\/\/najnaj.eu\/wp-content\/uploads\/2023\/09\/logo_Najnaj_2023.svg","width":501,"height":278,"caption":"NajNaj.eu"},"image":{"@id":"https:\/\/najnaj.eu\/sl\/#\/schema\/logo\/image\/"},"sameAs":["https:\/\/web.facebook.com\/najnaj.eu\/","https:\/\/www.instagram.com\/najnaj.eu\/","https:\/\/www.tiktok.com\/@najnaj.eu"]}]},"product_brand":"b.box","product_price_amount":"59.99","product_price_currency":"EUR","og_availability":"instock","product_availability":"instock","product_retailer_item_id":"Ultimativni_set_za_hranjenje_ocean","product_condition":"new"},"_links":{"self":[{"href":"https:\/\/najnaj.eu\/sl\/wp-json\/wp\/v2\/product\/281154","targetHints":{"allow":["GET"]}}],"collection":[{"href":"https:\/\/najnaj.eu\/sl\/wp-json\/wp\/v2\/product"}],"about":[{"href":"https:\/\/najnaj.eu\/sl\/wp-json\/wp\/v2\/types\/product"}],"replies":[{"embeddable":true,"href":"https:\/\/najnaj.eu\/sl\/wp-json\/wp\/v2\/comments?post=281154"}],"version-history":[{"count":0,"href":"https:\/\/najnaj.eu\/sl\/wp-json\/wp\/v2\/product\/281154\/revisions"}],"wp:featuredmedia":[{"embeddable":true,"href":"https:\/\/najnaj.eu\/sl\/wp-json\/wp\/v2\/media\/281099"}],"wp:attachment":[{"href":"https:\/\/najnaj.eu\/sl\/wp-json\/wp\/v2\/media?parent=281154"}],"wp:term":[{"taxonomy":"product_brand","embeddable":true,"href":"https:\/\/najnaj.eu\/sl\/wp-json\/wp\/v2\/product_brand?post=281154"},{"taxonomy":"product_cat","embeddable":true,"href":"https:\/\/najnaj.eu\/sl\/wp-json\/wp\/v2\/product_cat?post=281154"},{"taxonomy":"product_tag","embeddable":true,"href":"https:\/\/najnaj.eu\/sl\/wp-json\/wp\/v2\/product_tag?post=281154"}],"curies":[{"name":"wp","href":"https:\/\/api.w.org\/{rel}","templated":true}]}}