{"id":281150,"date":"2025-11-27T13:07:32","date_gmt":"2025-11-27T12:07:32","guid":{"rendered":"https:\/\/najnaj.eu\/proizvod\/b-box-komplet-za-hranjenje-na-poti-lila-pop\/"},"modified":"2026-04-02T10:15:09","modified_gmt":"2026-04-02T08:15:09","slug":"b-box-komplet-za-hranjenje-na-poti-lila-pop","status":"publish","type":"product","link":"https:\/\/najnaj.eu\/sl\/izdelek\/b-box-komplet-za-hranjenje-na-poti-lila-pop\/","title":{"rendered":"b.box Komplet za hranjenje na poti &#8211; lila pop"},"content":{"rendered":"<p>Ta komplet za hranjenje na poti spremlja male pustolovce, kamor koli gredo! Vro\u010da juha ali hladno sadje, osve\u017eilne pija\u010de in najljub\u0161i prigrizki \u2013 vse to vzemite s seboj v prakti\u010dni termosici, pametni stekleni\u010dki Tritan\u2122 s slamico in \u0161katlico, ki prepre\u010duje drobtine v vre\u010dki. Kompakten, vzdr\u017eljiv in pripravljen na vse dnevne dogodiv\u0161\u010dine \u2013 komplet, ki olaj\u0161a odhode na prosto in vsak obrok spremeni v majhen u\u017eitek za otroke!  <\/p>\n<h4><a href=\"https:\/\/najnaj.eu\/sl\/izdelek\/b-box-termo-posoda-za-hrano-lilac-pop\/\" target=\"_blank\" rel=\"noopener\"><strong>1. Termo posoda za hrano<\/strong><\/a><\/h4>\n<ul>\n<li>Hrana ostane hladna do 7 ur ali vro\u010da do 5 ur<\/li>\n<li>Nerjave\u010de jeklo z dvojno izolacijsko steno<\/li>\n<li>Ro\u010daji se enostavno odstranijo, tako da se skleda lahko bolje prilagodi otrokovim \u017eeljam in potrebam.<\/li>\n<li>Ro\u010daj na pokrovu otrokom olaj\u0161a samostojno odpiranje posode.<\/li>\n<li>Edinstven zama\u0161ek prepre\u010duje, da bi pokrov preve\u010d zategnili<\/li>\n<li>\u017dlica\/vilice so vklju\u010dene v komplet, vstavljene v posebno re\u017eo<\/li>\n<li>Primerno za pomivanje v pomivalnem stroju<\/li>\n<li>Prostornina: 335 ml<\/li>\n<\/ul>\n<h4><a href=\"https:\/\/najnaj.eu\/sl\/izdelek\/b-box-tritan-plastenka-s-slamico-450-ml-lila-pop\/\" target=\"_blank\" rel=\"noopener\"><strong>2. Stekleni\u010dka Tritan\u2122 s slamico, 450 ml<\/strong><\/a><\/h4>\n<ul>\n<li>od 9+ mesecev<\/li>\n<li>Edinstvena ergonomska trikotna oblika omogo\u010da la\u017eje dr\u017eanje z dvema ro\u010dajema<\/li>\n<li>Pokrov je zasnovan za enostavno odpiranje in zapiranje, odpre se s pritiskom na gumb in ostane zaklenjen, da se otrok ne bi udaril v obraz, ko se nagne.<\/li>\n<li>Slamka z ventilom proti razlitju prepre\u010duje nenamerno razlitje<\/li>\n<li>Velik ro\u010daj za enostavno odstranjevanje iz torbe in prena\u0161anje v roki<\/li>\n<li>Velika odprtina za enostavno polnjenje in dajanje ledenih kock<\/li>\n<li>Malo delov za la\u017eje \u010di\u0161\u010denje in sestavljanje<\/li>\n<li>Prostornina: 450 ml<\/li>\n<li>Dimenzije: 7,7 x 7,5 x 23,2 cm<\/li>\n<\/ul>\n<h4><a href=\"https:\/\/najnaj.eu\/sl\/izdelek\/b-box-snack-box-lilac-pop-2\/\" target=\"_blank\" rel=\"noopener\"><strong>3. \u0160katla za prigrizke<\/strong><\/a><\/h4>\n<ul>\n<li>Dva zaprta, neprepustna predala varno shranita mokro hrano, kot so pireji, jogurt ali omake<\/li>\n<li>Tesnila je mogo\u010de popolnoma odstraniti za la\u017eje \u010di\u0161\u010denje in prepre\u010devanje nabiranja plesni<\/li>\n<li>Z edinstvenim predalom za sadje z raztegljivim tesnilom ni treba rezati sadja na ko\u0161\u010dke.<\/li>\n<li>Primerno za pomivalni stroj, samo zgornja polica<\/li>\n<li>Dimenzije: 11 x 16,5 x 5,7 cm<\/li>\n<li>Prostornina: 350 ml<\/li>\n<\/ul>\n","protected":false},"excerpt":{"rendered":"<p>Vsebina kompleta:<\/p>\n<ul>\n<li>b.box termo posoda za hrano<\/li>\n<li>b.box Tritan\u2122 stekleni\u010dka s slamico, 450 ml<\/li>\n<li>b.box \u0160katla za prigrizke<\/li>\n<\/ul>\n<p>&#8211; Ohranja obroke tople ali hladne in je idealen za obroke zdoma<br \/>\n &#8211; Stekleni\u010dka z vzdr\u017eljivo slamico omogo\u010da enostavno hidracijo na poti<br \/>\n &#8211; Kompaktna \u0161katla ohranja prigrizke sve\u017ee in prepre\u010duje nered v vre\u010dkah<\/p>\n","protected":false},"featured_media":280988,"comment_status":"closed","ping_status":"closed","template":"","meta":{"_acf_changed":false,"footnotes":""},"product_brand":[],"product_cat":[1709,577,2216],"product_tag":[],"class_list":{"0":"post-281150","1":"product","2":"type-product","3":"status-publish","4":"has-post-thumbnail","6":"product_cat-pokloni","7":"product_cat-hranjenje","8":"product_cat-setovi-za-hranjenje","9":"pa_boja-ljubicasta","10":"pa_brand-b-box","11":"pa_vrsta-posuda-posude-za-hranu","12":"pa_vrsta-posuda-kutije-za-grickalice","13":"pa_vrsta-posuda-bocice","15":"first","16":"instock","17":"sale","18":"virtual","19":"purchasable","20":"product-type-bundle"},"bundled_by":[],"bundle_stock_status":"instock","bundle_stock_quantity":15,"bundle_virtual":false,"bundle_layout":"grid","bundle_add_to_cart_form_location":"default","bundle_editable_in_cart":false,"bundle_sold_individually_context":"product","bundle_item_grouping":"parent","bundle_min_size":"","bundle_max_size":"","bundle_price":{"price":{"min":{"incl_tax":"49.99","excl_tax":"49.99"},"max":{"incl_tax":"49.99","excl_tax":"49.99"}},"regular_price":{"min":{"incl_tax":"62.97","excl_tax":"62.97"},"max":{"incl_tax":"62.97","excl_tax":"62.97"}}},"bundled_items":[{"bundled_item_id":417,"product_id":194146,"menu_order":0,"quantity_min":1,"quantity_max":1,"quantity_default":1,"priced_individually":false,"shipped_individually":false,"override_title":true,"title":"Termo posoda za hrano - lila pop","override_description":true,"description":"","optional":false,"hide_thumbnail":false,"discount":"","override_variations":false,"allowed_variations":[""],"override_default_variation_attributes":false,"default_variation_attributes":[],"single_product_visibility":"visible","cart_visibility":"visible","order_visibility":"visible","single_product_price_visibility":"visible","cart_price_visibility":"visible","order_price_visibility":"visible","stock_status":"in_stock"},{"bundled_item_id":418,"product_id":194093,"menu_order":1,"quantity_min":1,"quantity_max":1,"quantity_default":1,"priced_individually":false,"shipped_individually":false,"override_title":true,"title":"Steklenica s slamico 450 ml - lila pop","override_description":true,"description":"","optional":false,"hide_thumbnail":false,"discount":"","override_variations":false,"allowed_variations":[""],"override_default_variation_attributes":false,"default_variation_attributes":[],"single_product_visibility":"visible","cart_visibility":"visible","order_visibility":"visible","single_product_price_visibility":"visible","cart_price_visibility":"visible","order_price_visibility":"visible","stock_status":"in_stock"},{"bundled_item_id":419,"product_id":194069,"menu_order":2,"quantity_min":1,"quantity_max":1,"quantity_default":1,"priced_individually":false,"shipped_individually":false,"override_title":true,"title":"\u0160katla za prigrizke - lila pop","override_description":true,"description":"","optional":false,"hide_thumbnail":false,"discount":"","override_variations":false,"allowed_variations":[""],"override_default_variation_attributes":false,"default_variation_attributes":[],"single_product_visibility":"visible","cart_visibility":"visible","order_visibility":"visible","single_product_price_visibility":"visible","cart_price_visibility":"visible","order_price_visibility":"visible","stock_status":"in_stock"}],"bundle_sell_ids":[],"acf":[],"yoast_head":"<!-- This site is optimized with the Yoast SEO Premium plugin v21.5 (Yoast SEO v27.3) - https:\/\/yoast.com\/product\/yoast-seo-premium-wordpress\/ -->\n<title>b.box Komplet za hranjenje na poti - lila pop - NajNaj.eu<\/title>\n<meta name=\"description\" content=\"Komplet za hranjenje na poti: termo posoda, stekleni\u010dka Tritan\u2122 in \u0161katla za prigrizke. Popolno za male pustolovce in obroke zunaj!\" \/>\n<meta name=\"robots\" content=\"index, follow, max-snippet:-1, max-image-preview:large, max-video-preview:-1\" \/>\n<link rel=\"canonical\" href=\"https:\/\/najnaj.eu\/sl\/izdelek\/b-box-komplet-za-hranjenje-na-poti-lila-pop\/\" \/>\n<meta property=\"og:locale\" content=\"sl_SI\" \/>\n<meta property=\"og:type\" content=\"article\" \/>\n<meta property=\"og:title\" content=\"b.box Komplet za hranjenje na poti - lila pop\" \/>\n<meta property=\"og:description\" content=\"Komplet za hranjenje na poti: termo posoda, stekleni\u010dka Tritan\u2122 in \u0161katla za prigrizke. Popolno za male pustolovce in obroke zunaj!\" \/>\n<meta property=\"og:url\" content=\"https:\/\/najnaj.eu\/sl\/izdelek\/b-box-komplet-za-hranjenje-na-poti-lila-pop\/\" \/>\n<meta property=\"og:site_name\" content=\"NajNaj.eu\" \/>\n<meta property=\"article:publisher\" content=\"https:\/\/web.facebook.com\/najnaj.eu\/\" \/>\n<meta property=\"article:modified_time\" content=\"2026-04-02T08:15:09+00:00\" \/>\n<meta property=\"og:image\" content=\"https:\/\/najnaj.eu\/wp-content\/uploads\/2025\/11\/Toddler-feeding-set-Lilac-Pop-2.png\" \/>\n\t<meta property=\"og:image:width\" content=\"1080\" \/>\n\t<meta property=\"og:image:height\" content=\"1080\" \/>\n\t<meta property=\"og:image:type\" content=\"image\/png\" \/>\n<meta name=\"twitter:card\" content=\"summary_large_image\" \/>\n<meta name=\"twitter:label1\" content=\"Price\" \/>\n\t<meta name=\"twitter:data1\" content=\"49,99&nbsp;&euro;\" \/>\n\t<meta name=\"twitter:label2\" content=\"Availability\" \/>\n\t<meta name=\"twitter:data2\" content=\"In stock\" \/>\n<script type=\"application\/ld+json\" class=\"yoast-schema-graph\">{\"@context\":\"https:\\\/\\\/schema.org\",\"@graph\":[{\"@type\":\"WebPage\",\"@id\":\"https:\\\/\\\/najnaj.eu\\\/sl\\\/izdelek\\\/b-box-komplet-za-hranjenje-na-poti-lila-pop\\\/\",\"url\":\"https:\\\/\\\/najnaj.eu\\\/sl\\\/izdelek\\\/b-box-komplet-za-hranjenje-na-poti-lila-pop\\\/\",\"name\":\"b.box Komplet za hranjenje na poti - lila pop - NajNaj.eu\",\"isPartOf\":{\"@id\":\"https:\\\/\\\/najnaj.eu\\\/sl\\\/#website\"},\"primaryImageOfPage\":{\"@id\":\"https:\\\/\\\/najnaj.eu\\\/sl\\\/izdelek\\\/b-box-komplet-za-hranjenje-na-poti-lila-pop\\\/#primaryimage\"},\"image\":{\"@id\":\"https:\\\/\\\/najnaj.eu\\\/sl\\\/izdelek\\\/b-box-komplet-za-hranjenje-na-poti-lila-pop\\\/#primaryimage\"},\"thumbnailUrl\":\"https:\\\/\\\/najnaj.eu\\\/wp-content\\\/uploads\\\/2025\\\/11\\\/Toddler-feeding-set-Lilac-Pop-2.png\",\"datePublished\":\"2025-11-27T12:07:32+00:00\",\"dateModified\":\"2026-04-02T08:15:09+00:00\",\"description\":\"Komplet za hranjenje na poti: termo posoda, stekleni\u010dka Tritan\u2122 in \u0161katla za prigrizke. Popolno za male pustolovce in obroke zunaj!\",\"breadcrumb\":{\"@id\":\"https:\\\/\\\/najnaj.eu\\\/sl\\\/izdelek\\\/b-box-komplet-za-hranjenje-na-poti-lila-pop\\\/#breadcrumb\"},\"inLanguage\":\"sl-SI\",\"potentialAction\":[{\"@type\":\"ReadAction\",\"target\":[\"https:\\\/\\\/najnaj.eu\\\/sl\\\/izdelek\\\/b-box-komplet-za-hranjenje-na-poti-lila-pop\\\/\"]}]},{\"@type\":\"ImageObject\",\"inLanguage\":\"sl-SI\",\"@id\":\"https:\\\/\\\/najnaj.eu\\\/sl\\\/izdelek\\\/b-box-komplet-za-hranjenje-na-poti-lila-pop\\\/#primaryimage\",\"url\":\"https:\\\/\\\/najnaj.eu\\\/wp-content\\\/uploads\\\/2025\\\/11\\\/Toddler-feeding-set-Lilac-Pop-2.png\",\"contentUrl\":\"https:\\\/\\\/najnaj.eu\\\/wp-content\\\/uploads\\\/2025\\\/11\\\/Toddler-feeding-set-Lilac-Pop-2.png\",\"width\":1080,\"height\":1080},{\"@type\":\"BreadcrumbList\",\"@id\":\"https:\\\/\\\/najnaj.eu\\\/sl\\\/izdelek\\\/b-box-komplet-za-hranjenje-na-poti-lila-pop\\\/#breadcrumb\",\"itemListElement\":[{\"@type\":\"ListItem\",\"position\":1,\"name\":\"Po\u010detna stranica\",\"item\":\"https:\\\/\\\/najnaj.eu\\\/sl\\\/prednja-stran\\\/\"},{\"@type\":\"ListItem\",\"position\":2,\"name\":\"Shop\",\"item\":\"https:\\\/\\\/najnaj.eu\\\/sl\\\/shop\\\/\"},{\"@type\":\"ListItem\",\"position\":3,\"name\":\"b.box Komplet za hranjenje na poti &#8211; lila pop\"}]},{\"@type\":\"WebSite\",\"@id\":\"https:\\\/\\\/najnaj.eu\\\/sl\\\/#website\",\"url\":\"https:\\\/\\\/najnaj.eu\\\/sl\\\/\",\"name\":\"NajNaj.eu\",\"description\":\"Za najva\u017enije!\",\"publisher\":{\"@id\":\"https:\\\/\\\/najnaj.eu\\\/sl\\\/#organization\"},\"potentialAction\":[{\"@type\":\"SearchAction\",\"target\":{\"@type\":\"EntryPoint\",\"urlTemplate\":\"https:\\\/\\\/najnaj.eu\\\/sl\\\/?s={search_term_string}\"},\"query-input\":{\"@type\":\"PropertyValueSpecification\",\"valueRequired\":true,\"valueName\":\"search_term_string\"}}],\"inLanguage\":\"sl-SI\"},{\"@type\":\"Organization\",\"@id\":\"https:\\\/\\\/najnaj.eu\\\/sl\\\/#organization\",\"name\":\"NajNaj.eu\",\"url\":\"https:\\\/\\\/najnaj.eu\\\/sl\\\/\",\"logo\":{\"@type\":\"ImageObject\",\"inLanguage\":\"sl-SI\",\"@id\":\"https:\\\/\\\/najnaj.eu\\\/sl\\\/#\\\/schema\\\/logo\\\/image\\\/\",\"url\":\"https:\\\/\\\/najnaj.eu\\\/wp-content\\\/uploads\\\/2023\\\/09\\\/logo_Najnaj_2023.svg\",\"contentUrl\":\"https:\\\/\\\/najnaj.eu\\\/wp-content\\\/uploads\\\/2023\\\/09\\\/logo_Najnaj_2023.svg\",\"width\":501,\"height\":278,\"caption\":\"NajNaj.eu\"},\"image\":{\"@id\":\"https:\\\/\\\/najnaj.eu\\\/sl\\\/#\\\/schema\\\/logo\\\/image\\\/\"},\"sameAs\":[\"https:\\\/\\\/web.facebook.com\\\/najnaj.eu\\\/\",\"https:\\\/\\\/www.instagram.com\\\/najnaj.eu\\\/\",\"https:\\\/\\\/www.tiktok.com\\\/@najnaj.eu\"]}]}<\/script>\n<meta property=\"product:brand\" content=\"b.box\" \/>\n<meta property=\"product:price:amount\" content=\"49.99\" \/>\n<meta property=\"product:price:currency\" content=\"EUR\" \/>\n<meta property=\"og:availability\" content=\"instock\" \/>\n<meta property=\"product:availability\" content=\"instock\" \/>\n<meta property=\"product:retailer_item_id\" content=\"Set_za_hranjenje_u_pokretu_lilac_pop\" \/>\n<meta property=\"product:condition\" content=\"new\" \/>\n<!-- \/ Yoast SEO Premium plugin. -->","yoast_head_json":{"title":"b.box Komplet za hranjenje na poti - lila pop - NajNaj.eu","description":"Komplet za hranjenje na poti: termo posoda, stekleni\u010dka Tritan\u2122 in \u0161katla za prigrizke. Popolno za male pustolovce in obroke zunaj!","robots":{"index":"index","follow":"follow","max-snippet":"max-snippet:-1","max-image-preview":"max-image-preview:large","max-video-preview":"max-video-preview:-1"},"canonical":"https:\/\/najnaj.eu\/sl\/izdelek\/b-box-komplet-za-hranjenje-na-poti-lila-pop\/","og_locale":"sl_SI","og_type":"article","og_title":"b.box Komplet za hranjenje na poti - lila pop","og_description":"Komplet za hranjenje na poti: termo posoda, stekleni\u010dka Tritan\u2122 in \u0161katla za prigrizke. Popolno za male pustolovce in obroke zunaj!","og_url":"https:\/\/najnaj.eu\/sl\/izdelek\/b-box-komplet-za-hranjenje-na-poti-lila-pop\/","og_site_name":"NajNaj.eu","article_publisher":"https:\/\/web.facebook.com\/najnaj.eu\/","article_modified_time":"2026-04-02T08:15:09+00:00","og_image":[{"width":1080,"height":1080,"url":"https:\/\/najnaj.eu\/wp-content\/uploads\/2025\/11\/Toddler-feeding-set-Lilac-Pop-2.png","type":"image\/png"}],"twitter_card":"summary_large_image","twitter_misc":{"Price":"49,99&nbsp;&euro;","Availability":"In stock"},"schema":{"@context":"https:\/\/schema.org","@graph":[{"@type":"WebPage","@id":"https:\/\/najnaj.eu\/sl\/izdelek\/b-box-komplet-za-hranjenje-na-poti-lila-pop\/","url":"https:\/\/najnaj.eu\/sl\/izdelek\/b-box-komplet-za-hranjenje-na-poti-lila-pop\/","name":"b.box Komplet za hranjenje na poti - lila pop - NajNaj.eu","isPartOf":{"@id":"https:\/\/najnaj.eu\/sl\/#website"},"primaryImageOfPage":{"@id":"https:\/\/najnaj.eu\/sl\/izdelek\/b-box-komplet-za-hranjenje-na-poti-lila-pop\/#primaryimage"},"image":{"@id":"https:\/\/najnaj.eu\/sl\/izdelek\/b-box-komplet-za-hranjenje-na-poti-lila-pop\/#primaryimage"},"thumbnailUrl":"https:\/\/najnaj.eu\/wp-content\/uploads\/2025\/11\/Toddler-feeding-set-Lilac-Pop-2.png","datePublished":"2025-11-27T12:07:32+00:00","dateModified":"2026-04-02T08:15:09+00:00","description":"Komplet za hranjenje na poti: termo posoda, stekleni\u010dka Tritan\u2122 in \u0161katla za prigrizke. Popolno za male pustolovce in obroke zunaj!","breadcrumb":{"@id":"https:\/\/najnaj.eu\/sl\/izdelek\/b-box-komplet-za-hranjenje-na-poti-lila-pop\/#breadcrumb"},"inLanguage":"sl-SI","potentialAction":[{"@type":"ReadAction","target":["https:\/\/najnaj.eu\/sl\/izdelek\/b-box-komplet-za-hranjenje-na-poti-lila-pop\/"]}]},{"@type":"ImageObject","inLanguage":"sl-SI","@id":"https:\/\/najnaj.eu\/sl\/izdelek\/b-box-komplet-za-hranjenje-na-poti-lila-pop\/#primaryimage","url":"https:\/\/najnaj.eu\/wp-content\/uploads\/2025\/11\/Toddler-feeding-set-Lilac-Pop-2.png","contentUrl":"https:\/\/najnaj.eu\/wp-content\/uploads\/2025\/11\/Toddler-feeding-set-Lilac-Pop-2.png","width":1080,"height":1080},{"@type":"BreadcrumbList","@id":"https:\/\/najnaj.eu\/sl\/izdelek\/b-box-komplet-za-hranjenje-na-poti-lila-pop\/#breadcrumb","itemListElement":[{"@type":"ListItem","position":1,"name":"Po\u010detna stranica","item":"https:\/\/najnaj.eu\/sl\/prednja-stran\/"},{"@type":"ListItem","position":2,"name":"Shop","item":"https:\/\/najnaj.eu\/sl\/shop\/"},{"@type":"ListItem","position":3,"name":"b.box Komplet za hranjenje na poti &#8211; lila pop"}]},{"@type":"WebSite","@id":"https:\/\/najnaj.eu\/sl\/#website","url":"https:\/\/najnaj.eu\/sl\/","name":"NajNaj.eu","description":"Za najva\u017enije!","publisher":{"@id":"https:\/\/najnaj.eu\/sl\/#organization"},"potentialAction":[{"@type":"SearchAction","target":{"@type":"EntryPoint","urlTemplate":"https:\/\/najnaj.eu\/sl\/?s={search_term_string}"},"query-input":{"@type":"PropertyValueSpecification","valueRequired":true,"valueName":"search_term_string"}}],"inLanguage":"sl-SI"},{"@type":"Organization","@id":"https:\/\/najnaj.eu\/sl\/#organization","name":"NajNaj.eu","url":"https:\/\/najnaj.eu\/sl\/","logo":{"@type":"ImageObject","inLanguage":"sl-SI","@id":"https:\/\/najnaj.eu\/sl\/#\/schema\/logo\/image\/","url":"https:\/\/najnaj.eu\/wp-content\/uploads\/2023\/09\/logo_Najnaj_2023.svg","contentUrl":"https:\/\/najnaj.eu\/wp-content\/uploads\/2023\/09\/logo_Najnaj_2023.svg","width":501,"height":278,"caption":"NajNaj.eu"},"image":{"@id":"https:\/\/najnaj.eu\/sl\/#\/schema\/logo\/image\/"},"sameAs":["https:\/\/web.facebook.com\/najnaj.eu\/","https:\/\/www.instagram.com\/najnaj.eu\/","https:\/\/www.tiktok.com\/@najnaj.eu"]}]},"product_brand":"b.box","product_price_amount":"49.99","product_price_currency":"EUR","og_availability":"instock","product_availability":"instock","product_retailer_item_id":"Set_za_hranjenje_u_pokretu_lilac_pop","product_condition":"new"},"_links":{"self":[{"href":"https:\/\/najnaj.eu\/sl\/wp-json\/wp\/v2\/product\/281150","targetHints":{"allow":["GET"]}}],"collection":[{"href":"https:\/\/najnaj.eu\/sl\/wp-json\/wp\/v2\/product"}],"about":[{"href":"https:\/\/najnaj.eu\/sl\/wp-json\/wp\/v2\/types\/product"}],"replies":[{"embeddable":true,"href":"https:\/\/najnaj.eu\/sl\/wp-json\/wp\/v2\/comments?post=281150"}],"version-history":[{"count":0,"href":"https:\/\/najnaj.eu\/sl\/wp-json\/wp\/v2\/product\/281150\/revisions"}],"wp:featuredmedia":[{"embeddable":true,"href":"https:\/\/najnaj.eu\/sl\/wp-json\/wp\/v2\/media\/280988"}],"wp:attachment":[{"href":"https:\/\/najnaj.eu\/sl\/wp-json\/wp\/v2\/media?parent=281150"}],"wp:term":[{"taxonomy":"product_brand","embeddable":true,"href":"https:\/\/najnaj.eu\/sl\/wp-json\/wp\/v2\/product_brand?post=281150"},{"taxonomy":"product_cat","embeddable":true,"href":"https:\/\/najnaj.eu\/sl\/wp-json\/wp\/v2\/product_cat?post=281150"},{"taxonomy":"product_tag","embeddable":true,"href":"https:\/\/najnaj.eu\/sl\/wp-json\/wp\/v2\/product_tag?post=281150"}],"curies":[{"name":"wp","href":"https:\/\/api.w.org\/{rel}","templated":true}]}}