{"id":281141,"date":"2025-11-27T12:40:45","date_gmt":"2025-11-27T11:40:45","guid":{"rendered":"https:\/\/najnaj.eu\/proizvod\/b-box-osnovni-komplet-za-hranjenje-zajbelj\/"},"modified":"2026-03-21T22:40:24","modified_gmt":"2026-03-21T21:40:24","slug":"b-box-osnovni-komplet-za-hranjenje-zajbelj","status":"publish","type":"product","link":"https:\/\/najnaj.eu\/sl\/izdelek\/b-box-osnovni-komplet-za-hranjenje-zajbelj\/","title":{"rendered":"b.box Osnovni komplet za hranjenje &#8211; \u017eajbelj"},"content":{"rendered":"<p>Osnovni komplet za hranjenje ima vse, kar va\u0161 mali gurman potrebuje za velike gri\u017eljaje! V enem priro\u010dnem paketu dobite silikonski kro\u017enik s pokrovom za brezskrbno potovanje, izjemno prilagodljiv slin\u010dek, ki ujame vse drobtine, in otro\u0161ki jedilni pribor, ki spodbuja varno in samostojno hranjenje. Manj nereda, ve\u010d u\u017eitka \u2013 popolna kombinacija za okusne za\u010detke pri mizi!  <\/p>\n<h4><a href=\"https:\/\/najnaj.eu\/izdelek\/b-box-2u1-prijanjajuci-tanjur-sage\/\" target=\"_blank\" rel=\"noopener\"><strong>1. Silikonska plo\u0161\u010da + pokrov<\/strong><\/a><\/h4>\n<ul>\n<li>Iz platinastega silikona &#8211; varno za dojen\u010dke<\/li>\n<li>Trdna nedrse\u010da silikonska lepilna podlaga, ki dr\u017ei<\/li>\n<li>Preprosto povlecite jezi\u010dek, da sprostite plo\u0161\u010do<\/li>\n<li>3 predelki &#8211; idealno za porcijo hrane in izbir\u010dne jedce<\/li>\n<li>Vsestranski neprepustni pokrov slu\u017ei tudi kot podloga za hranjenje<\/li>\n<li>Zaobljene stranice za enostavno prijemanje in samodejno hranjenje<\/li>\n<li>Primerno za toplo in hladno hrano<\/li>\n<\/ul>\n<h4><a href=\"https:\/\/najnaj.eu\/sl\/izdelek\/b-box-silikonski-podbradnik-zajbelj\/\" target=\"_blank\" rel=\"noopener\"><strong>2. Silikonski trak za brado<\/strong><\/a><\/h4>\n<ul>\n<li>4 mesece+<\/li>\n<li>Globok \u017eep, ki ostane odprt, zajame ve\u010d hrane in teko\u010dine<\/li>\n<li>Udobna zo\u017eena oblika ramen<\/li>\n<li>Gladek oblazinjen rob za udobnej\u0161e no\u0161enje<\/li>\n<li>Nastavljivo zapiranje vrat<\/li>\n<li>Nestrupen silikon ohranja gladko, nelepljivo povr\u0161ino, tudi ko je moker<\/li>\n<li>Za ve\u010djo kompaktnost zvijte in pritrdite&gt; mobilno shranjevanje<\/li>\n<li>Enostavno \u010di\u0161\u010denje<\/li>\n<li>Primerno za pomivanje v pomivalnem stroju<\/li>\n<li>Izdelano iz silikona FDA<\/li>\n<li>Dimenzije: 21,8 cm x 29,6 cm<\/li>\n<li>Brez BPA, ftalatov in PVC-ja<\/li>\n<\/ul>\n<h4><strong><a href=\"https:\/\/najnaj.eu\/sl\/izdelek\/b-box-sippy-cup-steklenica-s-slamico-boysenberry-kopiraj-kopiraj-kopiraj-kopiraj\/\" target=\"_blank\" rel=\"noopener\">3. Jedilni pribor<\/a><\/strong><\/h4>\n<ul>\n<li>Ro\u010daji za enostaven oprijem so nagnjeni za optimalen polo\u017eaj od roke do ust<\/li>\n<li>Edinstven cvetli\u010dni dizajn otrokom omogo\u010da zajemanje hrane in se prilagaja velikosti in obliki majhnih ust.<\/li>\n<li>Zaobljeni zobje so ne\u017enej\u0161i do majhnih dlesni, zato lahko mal\u010dki varno jedo<\/li>\n<li>Prakti\u010dna potovalna torbica ohranja va\u0161e dodatke \u010diste, ko ste na poti<\/li>\n<li>Lahko se pere v pomivalnem stroju<\/li>\n<li>Dimenzije: cvet: dol\u017eina 11 cm, \u017eli\u010dka: dol\u017eina 13 cm, zaprta \u0161katlica: 14 x 5,5 x 3,5 cm<\/li>\n<\/ul>\n","protected":false},"excerpt":{"rendered":"<p>Vsebina kompleta:<\/p>\n<ul>\n<li>b.box Silikonski kro\u017enik + pokrov<\/li>\n<li>Silikonski podbradnik b.box<\/li>\n<li>Jedilni pribor b.box<\/li>\n<\/ul>\n<p>&#8211; Prakti\u010dni za\u010detni komplet za prve samostojne obroke<br \/>\n &#8211; Zmanj\u0161a nered zaradi za\u0161\u010dite za brado in zapiralne plo\u0161\u010de<br \/>\n &#8211; Ergonomski dodatki spodbujajo razvoj fine motorike in samostojnega hranjenja<\/p>\n","protected":false},"featured_media":280907,"comment_status":"closed","ping_status":"closed","template":"","meta":{"_acf_changed":false,"footnotes":""},"product_brand":[],"product_cat":[1709,577,2216],"product_tag":[],"class_list":{"0":"post-281141","1":"product","2":"type-product","3":"status-publish","4":"has-post-thumbnail","6":"product_cat-pokloni","7":"product_cat-hranjenje","8":"product_cat-setovi-za-hranjenje","9":"pa_boja-zelena","10":"pa_brand-b-box","11":"pa_vrsta-posuda-pribor-za-jelo","12":"pa_vrsta-posuda-tanjuri","14":"first","15":"instock","16":"sale","17":"virtual","18":"purchasable","19":"product-type-bundle"},"bundled_by":[],"bundle_stock_status":"instock","bundle_stock_quantity":15,"bundle_virtual":false,"bundle_layout":"grid","bundle_add_to_cart_form_location":"default","bundle_editable_in_cart":false,"bundle_sold_individually_context":"product","bundle_item_grouping":"parent","bundle_min_size":"","bundle_max_size":"","bundle_price":{"price":{"min":{"incl_tax":"39.99","excl_tax":"39.99"},"max":{"incl_tax":"39.99","excl_tax":"39.99"}},"regular_price":{"min":{"incl_tax":"48.97","excl_tax":"48.97"},"max":{"incl_tax":"48.97","excl_tax":"48.97"}}},"bundled_items":[{"bundled_item_id":397,"product_id":204084,"menu_order":1,"quantity_min":1,"quantity_max":1,"quantity_default":1,"priced_individually":false,"shipped_individually":false,"override_title":true,"title":"Silikonski podbradnik - saga","override_description":true,"description":"","optional":false,"hide_thumbnail":false,"discount":"","override_variations":false,"allowed_variations":[""],"override_default_variation_attributes":false,"default_variation_attributes":[],"single_product_visibility":"visible","cart_visibility":"visible","order_visibility":"visible","single_product_price_visibility":"visible","cart_price_visibility":"visible","order_price_visibility":"visible","stock_status":"in_stock"},{"bundled_item_id":398,"product_id":278946,"menu_order":2,"quantity_min":1,"quantity_max":1,"quantity_default":1,"priced_individually":false,"shipped_individually":false,"override_title":true,"title":"Jedilni pribor - saga","override_description":true,"description":"","optional":false,"hide_thumbnail":false,"discount":"","override_variations":false,"allowed_variations":[""],"override_default_variation_attributes":false,"default_variation_attributes":[],"single_product_visibility":"visible","cart_visibility":"visible","order_visibility":"visible","single_product_price_visibility":"visible","cart_price_visibility":"visible","order_price_visibility":"visible","stock_status":"in_stock"}],"bundle_sell_ids":[],"acf":[],"yoast_head":"<!-- This site is optimized with the Yoast SEO Premium plugin v21.5 (Yoast SEO v27.3) - https:\/\/yoast.com\/product\/yoast-seo-premium-wordpress\/ -->\n<title>b.box Osnovni komplet za hranjenje - \u017eajbelj - NajNaj.eu<\/title>\n<meta name=\"description\" content=\"Osnovni komplet za hranjenje: silikonski kro\u017enik s pokrovom, slin\u010dek in jedilni pribor za manj nereda ter varno in samostojno hranjenje mal\u010dkov.\" \/>\n<meta name=\"robots\" content=\"index, follow, max-snippet:-1, max-image-preview:large, max-video-preview:-1\" \/>\n<link rel=\"canonical\" href=\"https:\/\/najnaj.eu\/sl\/izdelek\/b-box-osnovni-komplet-za-hranjenje-zajbelj\/\" \/>\n<meta property=\"og:locale\" content=\"sl_SI\" \/>\n<meta property=\"og:type\" content=\"article\" \/>\n<meta property=\"og:title\" content=\"b.box Osnovni komplet za hranjenje - \u017eajbelj\" \/>\n<meta property=\"og:description\" content=\"Osnovni komplet za hranjenje: silikonski kro\u017enik s pokrovom, slin\u010dek in jedilni pribor za manj nereda ter varno in samostojno hranjenje mal\u010dkov.\" \/>\n<meta property=\"og:url\" content=\"https:\/\/najnaj.eu\/sl\/izdelek\/b-box-osnovni-komplet-za-hranjenje-zajbelj\/\" \/>\n<meta property=\"og:site_name\" content=\"NajNaj.eu\" \/>\n<meta property=\"article:publisher\" content=\"https:\/\/web.facebook.com\/najnaj.eu\/\" \/>\n<meta property=\"article:modified_time\" content=\"2026-03-21T21:40:24+00:00\" \/>\n<meta property=\"og:image\" content=\"https:\/\/najnaj.eu\/wp-content\/uploads\/2025\/11\/Feeding-starter-set-mini-Sage-2.png\" \/>\n\t<meta property=\"og:image:width\" content=\"1080\" \/>\n\t<meta property=\"og:image:height\" content=\"1080\" \/>\n\t<meta property=\"og:image:type\" content=\"image\/png\" \/>\n<meta name=\"twitter:card\" content=\"summary_large_image\" \/>\n<meta name=\"twitter:label1\" content=\"Price\" \/>\n\t<meta name=\"twitter:data1\" content=\"39,99&nbsp;&euro;\" \/>\n\t<meta name=\"twitter:label2\" content=\"Availability\" \/>\n\t<meta name=\"twitter:data2\" content=\"In stock\" \/>\n<script type=\"application\/ld+json\" class=\"yoast-schema-graph\">{\"@context\":\"https:\\\/\\\/schema.org\",\"@graph\":[{\"@type\":\"WebPage\",\"@id\":\"https:\\\/\\\/najnaj.eu\\\/sl\\\/izdelek\\\/b-box-osnovni-komplet-za-hranjenje-zajbelj\\\/\",\"url\":\"https:\\\/\\\/najnaj.eu\\\/sl\\\/izdelek\\\/b-box-osnovni-komplet-za-hranjenje-zajbelj\\\/\",\"name\":\"b.box Osnovni komplet za hranjenje - \u017eajbelj - NajNaj.eu\",\"isPartOf\":{\"@id\":\"https:\\\/\\\/najnaj.eu\\\/sl\\\/#website\"},\"primaryImageOfPage\":{\"@id\":\"https:\\\/\\\/najnaj.eu\\\/sl\\\/izdelek\\\/b-box-osnovni-komplet-za-hranjenje-zajbelj\\\/#primaryimage\"},\"image\":{\"@id\":\"https:\\\/\\\/najnaj.eu\\\/sl\\\/izdelek\\\/b-box-osnovni-komplet-za-hranjenje-zajbelj\\\/#primaryimage\"},\"thumbnailUrl\":\"https:\\\/\\\/najnaj.eu\\\/wp-content\\\/uploads\\\/2025\\\/11\\\/Feeding-starter-set-mini-Sage-2.png\",\"datePublished\":\"2025-11-27T11:40:45+00:00\",\"dateModified\":\"2026-03-21T21:40:24+00:00\",\"description\":\"Osnovni komplet za hranjenje: silikonski kro\u017enik s pokrovom, slin\u010dek in jedilni pribor za manj nereda ter varno in samostojno hranjenje mal\u010dkov.\",\"breadcrumb\":{\"@id\":\"https:\\\/\\\/najnaj.eu\\\/sl\\\/izdelek\\\/b-box-osnovni-komplet-za-hranjenje-zajbelj\\\/#breadcrumb\"},\"inLanguage\":\"sl-SI\",\"potentialAction\":[{\"@type\":\"ReadAction\",\"target\":[\"https:\\\/\\\/najnaj.eu\\\/sl\\\/izdelek\\\/b-box-osnovni-komplet-za-hranjenje-zajbelj\\\/\"]}]},{\"@type\":\"ImageObject\",\"inLanguage\":\"sl-SI\",\"@id\":\"https:\\\/\\\/najnaj.eu\\\/sl\\\/izdelek\\\/b-box-osnovni-komplet-za-hranjenje-zajbelj\\\/#primaryimage\",\"url\":\"https:\\\/\\\/najnaj.eu\\\/wp-content\\\/uploads\\\/2025\\\/11\\\/Feeding-starter-set-mini-Sage-2.png\",\"contentUrl\":\"https:\\\/\\\/najnaj.eu\\\/wp-content\\\/uploads\\\/2025\\\/11\\\/Feeding-starter-set-mini-Sage-2.png\",\"width\":1080,\"height\":1080},{\"@type\":\"BreadcrumbList\",\"@id\":\"https:\\\/\\\/najnaj.eu\\\/sl\\\/izdelek\\\/b-box-osnovni-komplet-za-hranjenje-zajbelj\\\/#breadcrumb\",\"itemListElement\":[{\"@type\":\"ListItem\",\"position\":1,\"name\":\"Po\u010detna stranica\",\"item\":\"https:\\\/\\\/najnaj.eu\\\/sl\\\/prednja-stran\\\/\"},{\"@type\":\"ListItem\",\"position\":2,\"name\":\"Shop\",\"item\":\"https:\\\/\\\/najnaj.eu\\\/sl\\\/shop\\\/\"},{\"@type\":\"ListItem\",\"position\":3,\"name\":\"b.box Osnovni komplet za hranjenje &#8211; \u017eajbelj\"}]},{\"@type\":\"WebSite\",\"@id\":\"https:\\\/\\\/najnaj.eu\\\/sl\\\/#website\",\"url\":\"https:\\\/\\\/najnaj.eu\\\/sl\\\/\",\"name\":\"NajNaj.eu\",\"description\":\"Za najva\u017enije!\",\"publisher\":{\"@id\":\"https:\\\/\\\/najnaj.eu\\\/sl\\\/#organization\"},\"potentialAction\":[{\"@type\":\"SearchAction\",\"target\":{\"@type\":\"EntryPoint\",\"urlTemplate\":\"https:\\\/\\\/najnaj.eu\\\/sl\\\/?s={search_term_string}\"},\"query-input\":{\"@type\":\"PropertyValueSpecification\",\"valueRequired\":true,\"valueName\":\"search_term_string\"}}],\"inLanguage\":\"sl-SI\"},{\"@type\":\"Organization\",\"@id\":\"https:\\\/\\\/najnaj.eu\\\/sl\\\/#organization\",\"name\":\"NajNaj.eu\",\"url\":\"https:\\\/\\\/najnaj.eu\\\/sl\\\/\",\"logo\":{\"@type\":\"ImageObject\",\"inLanguage\":\"sl-SI\",\"@id\":\"https:\\\/\\\/najnaj.eu\\\/sl\\\/#\\\/schema\\\/logo\\\/image\\\/\",\"url\":\"https:\\\/\\\/najnaj.eu\\\/wp-content\\\/uploads\\\/2023\\\/09\\\/logo_Najnaj_2023.svg\",\"contentUrl\":\"https:\\\/\\\/najnaj.eu\\\/wp-content\\\/uploads\\\/2023\\\/09\\\/logo_Najnaj_2023.svg\",\"width\":501,\"height\":278,\"caption\":\"NajNaj.eu\"},\"image\":{\"@id\":\"https:\\\/\\\/najnaj.eu\\\/sl\\\/#\\\/schema\\\/logo\\\/image\\\/\"},\"sameAs\":[\"https:\\\/\\\/web.facebook.com\\\/najnaj.eu\\\/\",\"https:\\\/\\\/www.instagram.com\\\/najnaj.eu\\\/\",\"https:\\\/\\\/www.tiktok.com\\\/@najnaj.eu\"]}]}<\/script>\n<meta property=\"product:brand\" content=\"b.box\" \/>\n<meta property=\"product:price:amount\" content=\"39.99\" \/>\n<meta property=\"product:price:currency\" content=\"EUR\" \/>\n<meta property=\"og:availability\" content=\"instock\" \/>\n<meta property=\"product:availability\" content=\"instock\" \/>\n<meta property=\"product:retailer_item_id\" content=\"Osnovni_set_za_hranjenje_sage\" \/>\n<meta property=\"product:condition\" content=\"new\" \/>\n<!-- \/ Yoast SEO Premium plugin. -->","yoast_head_json":{"title":"b.box Osnovni komplet za hranjenje - \u017eajbelj - NajNaj.eu","description":"Osnovni komplet za hranjenje: silikonski kro\u017enik s pokrovom, slin\u010dek in jedilni pribor za manj nereda ter varno in samostojno hranjenje mal\u010dkov.","robots":{"index":"index","follow":"follow","max-snippet":"max-snippet:-1","max-image-preview":"max-image-preview:large","max-video-preview":"max-video-preview:-1"},"canonical":"https:\/\/najnaj.eu\/sl\/izdelek\/b-box-osnovni-komplet-za-hranjenje-zajbelj\/","og_locale":"sl_SI","og_type":"article","og_title":"b.box Osnovni komplet za hranjenje - \u017eajbelj","og_description":"Osnovni komplet za hranjenje: silikonski kro\u017enik s pokrovom, slin\u010dek in jedilni pribor za manj nereda ter varno in samostojno hranjenje mal\u010dkov.","og_url":"https:\/\/najnaj.eu\/sl\/izdelek\/b-box-osnovni-komplet-za-hranjenje-zajbelj\/","og_site_name":"NajNaj.eu","article_publisher":"https:\/\/web.facebook.com\/najnaj.eu\/","article_modified_time":"2026-03-21T21:40:24+00:00","og_image":[{"width":1080,"height":1080,"url":"https:\/\/najnaj.eu\/wp-content\/uploads\/2025\/11\/Feeding-starter-set-mini-Sage-2.png","type":"image\/png"}],"twitter_card":"summary_large_image","twitter_misc":{"Price":"39,99&nbsp;&euro;","Availability":"In stock"},"schema":{"@context":"https:\/\/schema.org","@graph":[{"@type":"WebPage","@id":"https:\/\/najnaj.eu\/sl\/izdelek\/b-box-osnovni-komplet-za-hranjenje-zajbelj\/","url":"https:\/\/najnaj.eu\/sl\/izdelek\/b-box-osnovni-komplet-za-hranjenje-zajbelj\/","name":"b.box Osnovni komplet za hranjenje - \u017eajbelj - NajNaj.eu","isPartOf":{"@id":"https:\/\/najnaj.eu\/sl\/#website"},"primaryImageOfPage":{"@id":"https:\/\/najnaj.eu\/sl\/izdelek\/b-box-osnovni-komplet-za-hranjenje-zajbelj\/#primaryimage"},"image":{"@id":"https:\/\/najnaj.eu\/sl\/izdelek\/b-box-osnovni-komplet-za-hranjenje-zajbelj\/#primaryimage"},"thumbnailUrl":"https:\/\/najnaj.eu\/wp-content\/uploads\/2025\/11\/Feeding-starter-set-mini-Sage-2.png","datePublished":"2025-11-27T11:40:45+00:00","dateModified":"2026-03-21T21:40:24+00:00","description":"Osnovni komplet za hranjenje: silikonski kro\u017enik s pokrovom, slin\u010dek in jedilni pribor za manj nereda ter varno in samostojno hranjenje mal\u010dkov.","breadcrumb":{"@id":"https:\/\/najnaj.eu\/sl\/izdelek\/b-box-osnovni-komplet-za-hranjenje-zajbelj\/#breadcrumb"},"inLanguage":"sl-SI","potentialAction":[{"@type":"ReadAction","target":["https:\/\/najnaj.eu\/sl\/izdelek\/b-box-osnovni-komplet-za-hranjenje-zajbelj\/"]}]},{"@type":"ImageObject","inLanguage":"sl-SI","@id":"https:\/\/najnaj.eu\/sl\/izdelek\/b-box-osnovni-komplet-za-hranjenje-zajbelj\/#primaryimage","url":"https:\/\/najnaj.eu\/wp-content\/uploads\/2025\/11\/Feeding-starter-set-mini-Sage-2.png","contentUrl":"https:\/\/najnaj.eu\/wp-content\/uploads\/2025\/11\/Feeding-starter-set-mini-Sage-2.png","width":1080,"height":1080},{"@type":"BreadcrumbList","@id":"https:\/\/najnaj.eu\/sl\/izdelek\/b-box-osnovni-komplet-za-hranjenje-zajbelj\/#breadcrumb","itemListElement":[{"@type":"ListItem","position":1,"name":"Po\u010detna stranica","item":"https:\/\/najnaj.eu\/sl\/prednja-stran\/"},{"@type":"ListItem","position":2,"name":"Shop","item":"https:\/\/najnaj.eu\/sl\/shop\/"},{"@type":"ListItem","position":3,"name":"b.box Osnovni komplet za hranjenje &#8211; \u017eajbelj"}]},{"@type":"WebSite","@id":"https:\/\/najnaj.eu\/sl\/#website","url":"https:\/\/najnaj.eu\/sl\/","name":"NajNaj.eu","description":"Za najva\u017enije!","publisher":{"@id":"https:\/\/najnaj.eu\/sl\/#organization"},"potentialAction":[{"@type":"SearchAction","target":{"@type":"EntryPoint","urlTemplate":"https:\/\/najnaj.eu\/sl\/?s={search_term_string}"},"query-input":{"@type":"PropertyValueSpecification","valueRequired":true,"valueName":"search_term_string"}}],"inLanguage":"sl-SI"},{"@type":"Organization","@id":"https:\/\/najnaj.eu\/sl\/#organization","name":"NajNaj.eu","url":"https:\/\/najnaj.eu\/sl\/","logo":{"@type":"ImageObject","inLanguage":"sl-SI","@id":"https:\/\/najnaj.eu\/sl\/#\/schema\/logo\/image\/","url":"https:\/\/najnaj.eu\/wp-content\/uploads\/2023\/09\/logo_Najnaj_2023.svg","contentUrl":"https:\/\/najnaj.eu\/wp-content\/uploads\/2023\/09\/logo_Najnaj_2023.svg","width":501,"height":278,"caption":"NajNaj.eu"},"image":{"@id":"https:\/\/najnaj.eu\/sl\/#\/schema\/logo\/image\/"},"sameAs":["https:\/\/web.facebook.com\/najnaj.eu\/","https:\/\/www.instagram.com\/najnaj.eu\/","https:\/\/www.tiktok.com\/@najnaj.eu"]}]},"product_brand":"b.box","product_price_amount":"39.99","product_price_currency":"EUR","og_availability":"instock","product_availability":"instock","product_retailer_item_id":"Osnovni_set_za_hranjenje_sage","product_condition":"new"},"_links":{"self":[{"href":"https:\/\/najnaj.eu\/sl\/wp-json\/wp\/v2\/product\/281141","targetHints":{"allow":["GET"]}}],"collection":[{"href":"https:\/\/najnaj.eu\/sl\/wp-json\/wp\/v2\/product"}],"about":[{"href":"https:\/\/najnaj.eu\/sl\/wp-json\/wp\/v2\/types\/product"}],"replies":[{"embeddable":true,"href":"https:\/\/najnaj.eu\/sl\/wp-json\/wp\/v2\/comments?post=281141"}],"version-history":[{"count":0,"href":"https:\/\/najnaj.eu\/sl\/wp-json\/wp\/v2\/product\/281141\/revisions"}],"wp:featuredmedia":[{"embeddable":true,"href":"https:\/\/najnaj.eu\/sl\/wp-json\/wp\/v2\/media\/280907"}],"wp:attachment":[{"href":"https:\/\/najnaj.eu\/sl\/wp-json\/wp\/v2\/media?parent=281141"}],"wp:term":[{"taxonomy":"product_brand","embeddable":true,"href":"https:\/\/najnaj.eu\/sl\/wp-json\/wp\/v2\/product_brand?post=281141"},{"taxonomy":"product_cat","embeddable":true,"href":"https:\/\/najnaj.eu\/sl\/wp-json\/wp\/v2\/product_cat?post=281141"},{"taxonomy":"product_tag","embeddable":true,"href":"https:\/\/najnaj.eu\/sl\/wp-json\/wp\/v2\/product_tag?post=281141"}],"curies":[{"name":"wp","href":"https:\/\/api.w.org\/{rel}","templated":true}]}}