{"id":280369,"date":"2025-11-24T15:50:30","date_gmt":"2025-11-24T14:50:30","guid":{"rendered":"https:\/\/najnaj.eu\/?post_type=product&#038;p=280369"},"modified":"2025-11-24T15:54:40","modified_gmt":"2025-11-24T14:54:40","slug":"nahrbtnik-minimeis-hero-sand-premium","status":"publish","type":"product","link":"https:\/\/najnaj.eu\/sl\/izdelek\/nahrbtnik-minimeis-hero-sand-premium\/","title":{"rendered":"Nahrbtnik MiniMeis Hero &#8211; Sand Premium"},"content":{"rendered":"<p><strong>EDINI NAHRBTNIK, KI GA BOSTE POTREBOVALI<\/strong><br \/>\n Spoznajte nahrbtnik MiniMeis &#8220;HERO&#8221; &#8211; va\u0161ega najbolj\u0161ega star\u0161evskega in vsakodnevnega spremljevalca.<br \/>\n Z elegantno zasnovo in domiselnimi funkcijami &#8220;HERO&#8221; ni le navaden nahrbtnik; je va\u0161 nepogre\u0161ljiv dodatek za vsak trenutek, ki ga delite s svojim mal\u010dkom in ne le.<br \/>\n To je torba za plenice, ki jo o\u010de uporablja v pisarni, in edini nahrbtnik na svetu, ki se med potjo spremeni v otro\u0161ki sede\u017e.<br \/>\n &#8220;JUNAK&#8221; \u2013 nahrbtnik, ki zmore vse in to briljantno.<\/p>\n<p><strong>PRAKTI\u010cEN OTRO\u0160KI STOL<\/strong><br \/>\n Ste \u017ee kdaj potrebovali otro\u0161ki stol\u010dek, pa ga ni bilo na voljo?<br \/>\n Izkusite revolucionarno udobje z na\u0161o revolucionarno funkcijo otro\u0161kega sede\u017ea. V le nekaj preprostih korakih spremenite skoraj vsak stol v varen in udoben prostor za va\u0161ega mal\u010dka.<br \/>\n Naj gre za kosilo, izlete ali potovanje, nahrbtnik &#8220;HERO&#8221; ponuja takoj\u0161njo in varno re\u0161itev za sedenje. <\/p>\n<p><strong>PAKIRAJ ZA ZMAGO<\/strong><br \/>\n Opremite se na \u017eivljenjske dogodiv\u0161\u010dine z ve\u010d \u017eepi nahrbtnika &#8220;HERO&#8221;, v katere lahko organizirate vse svoje potreb\u0161\u010dine.<br \/>\n Ne glede na to, ali gre za otro\u0161ko opremo, prenosnik ali opremo za telovadnico, vam &#8220;HERO&#8221; stoji ob strani.<br \/>\n Navdu\u0161eni boste nad termo \u017eepom za ohlajeno hrano in pija\u010do ter zasnovo, ki se popolnoma odpira, kar omogo\u010da enostaven dostop na poti.<br \/>\n S prostorom za zlo\u017eeno nosilko MiniMeis boste vedno pripravljeni na posebne dru\u017einske trenutke, ki naredijo \u017eivljenje nepozabno.<\/p>\n<p><strong>POVEZAVA Z RAVNIM RAMNIM MINIMEIS<\/strong><br \/>\n Nahrbtnik &#8220;HERO&#8221;, zasnovan tako, da se brezhibno integrira z nosilko za \u010dez ramo Minimeis, vam omogo\u010da, da s seboj vzamete vse potreb\u0161\u010dine za va\u0161ega dojen\u010dka, hkrati pa imate proste roke za dogodiv\u0161\u010dine.<br \/>\n Pritrdite ga na sprednji del MiniMeisa s patentiranimi kavlji. Potrebujete kaj za na pot? Odstranite eno stran, obrnite nahrbtnik in dostopajte do tega, kar potrebujete.<br \/>\n To je idealno okolje za tiste, ki radi raziskujejo brez vozi\u010dka.  <\/p>\n<p><strong>SKRB ZA PLANET<\/strong><br \/>\n Pri MiniMeisu je trajnost v sredi\u0161\u010du vsega, kar po\u010dnemo. Zato \u00bbHERO\u00ab ni le prakti\u010den; je dokaz na\u0161e zavezanosti okolju in dolgo\u017eivosti.<br \/>\n Na\u0161i nahrbtniki so izdelani s tehnologijo \u00bbWaste to Wear\u00ab in uporabljajo reciklirane oceanske plastenke, kar zmanj\u0161uje koli\u010dino odpadkov in na\u0161 oglji\u010dni odtis.<br \/>\n Z izbiro nahrbtnika &#8220;HERO&#8221; naredite pozitivno izbiro za planet in tlakujete pot za bolj zeleno prihodnost za na\u0161e otroke. <\/p>\n<p><strong>VES DAN &#8211; VSAK DAN<\/strong><br \/>\n Nahrbtnik &#8220;HERO&#8221; ni namenjen le takrat, ko je va\u0161 mal\u010dek \u0161e majhen; je spremljevalec za vse \u017eivljenje. Iz torbe za plenice se zlahka spremeni v nahrbtnik za vsakodnevno no\u0161enje, saj ponuja veliko prostora za shranjevanje in elegantno funkcionalnost za delo, vadbo ali vikend oddih.<br \/>\n Z vzdr\u017eljivo konstrukcijo in udobnimi naramnicami se bodo va\u0161i dru\u017einski \u010dlani \u0161e leta borili za pravico do uporabe nahrbtnika &#8220;HERO&#8221;. <\/p>\n","protected":false},"excerpt":{"rendered":"<p>&gt;  Pozabite na dolgo\u010dasne torbe za plenice, nahrbtnik &#8220;HERO&#8221; ima vse pametne re\u0161itve in \u0161e ve\u010d<br \/>\n&gt; Nagrajeno za najbolj inovativen turisti\u010dni produkt za dru\u017eine leta 2023<br \/>\n&gt; Prvi nahrbtnik na svetu, ki se lahko uporablja tudi kot dodatek, ki navaden stol spremeni v otro\u0161ki sede\u017e<br \/>\n&gt; Priro\u010dno se namesti na vozi\u010dek za la\u017eji dostop<br \/>\n&gt; Edini nahrbtnik, ki se na MiniMeis pripne z naramnico<br \/>\n&gt; Elegantno, funkcionalno in okolju prijazno<\/p>\n","protected":false},"featured_media":280347,"comment_status":"open","ping_status":"closed","template":"","meta":{"_acf_changed":false,"footnotes":""},"product_brand":[],"product_cat":[2314],"product_tag":[],"class_list":{"0":"post-280369","1":"product","2":"type-product","3":"status-publish","4":"has-post-thumbnail","6":"product_cat-nahrbtnik-za-nosilko-za-dojencka","7":"pa_boja-zelena-sl","8":"pa_brand-minimeis-sl","10":"first","11":"instock","12":"shipping-taxable","13":"purchasable","14":"product-type-simple"},"bundled_by":[],"bundle_stock_status":"instock","bundle_stock_quantity":4,"bundle_virtual":false,"bundle_layout":"","bundle_add_to_cart_form_location":"","bundle_editable_in_cart":false,"bundle_sold_individually_context":"","bundle_item_grouping":"","bundle_min_size":"","bundle_max_size":"","bundle_price":[],"bundled_items":[],"bundle_sell_ids":[],"acf":[],"yoast_head":"<!-- This site is optimized with the Yoast SEO Premium plugin v21.5 (Yoast SEO v27.4) - https:\/\/yoast.com\/product\/yoast-seo-premium-wordpress\/ -->\n<title>Nahrbtnik MiniMeis Hero - Sand Premium - NajNaj.eu<\/title>\n<meta name=\"robots\" content=\"index, follow, max-snippet:-1, max-image-preview:large, max-video-preview:-1\" \/>\n<link rel=\"canonical\" href=\"https:\/\/najnaj.eu\/sl\/izdelek\/nahrbtnik-minimeis-hero-sand-premium\/\" \/>\n<meta property=\"og:locale\" content=\"sl_SI\" \/>\n<meta property=\"og:type\" content=\"article\" \/>\n<meta property=\"og:title\" content=\"Nahrbtnik MiniMeis Hero - Sand Premium\" \/>\n<meta property=\"og:description\" content=\"&gt; Pozabite na dolgo\u010dasne torbe za plenice, nahrbtnik &quot;HERO&quot; ima vse pametne re\u0161itve in \u0161e ve\u010d &gt; Nagrajeno za najbolj inovativen turisti\u010dni produkt za dru\u017eine leta 2023 &gt; Prvi nahrbtnik na svetu, ki se lahko uporablja tudi kot dodatek, ki navaden stol spremeni v otro\u0161ki sede\u017e &gt; Priro\u010dno se namesti na vozi\u010dek za la\u017eji dostop &gt; Edini nahrbtnik, ki se na MiniMeis pripne z naramnico &gt; Elegantno, funkcionalno in okolju prijazno\" \/>\n<meta property=\"og:url\" content=\"https:\/\/najnaj.eu\/sl\/izdelek\/nahrbtnik-minimeis-hero-sand-premium\/\" \/>\n<meta property=\"og:site_name\" content=\"NajNaj.eu\" \/>\n<meta property=\"article:publisher\" content=\"https:\/\/web.facebook.com\/najnaj.eu\/\" \/>\n<meta property=\"article:modified_time\" content=\"2025-11-24T14:54:40+00:00\" \/>\n<meta property=\"og:image\" content=\"https:\/\/najnaj.eu\/wp-content\/uploads\/2025\/11\/MMBP_sand_no-bg.jpg\" \/>\n\t<meta property=\"og:image:width\" content=\"750\" \/>\n\t<meta property=\"og:image:height\" content=\"1000\" \/>\n\t<meta property=\"og:image:type\" content=\"image\/jpeg\" \/>\n<meta name=\"twitter:card\" content=\"summary_large_image\" \/>\n<meta name=\"twitter:label1\" content=\"Price\" \/>\n\t<meta name=\"twitter:data1\" content=\"169,00&nbsp;&euro;\" \/>\n\t<meta name=\"twitter:label2\" content=\"Availability\" \/>\n\t<meta name=\"twitter:data2\" content=\"In stock\" \/>\n<script type=\"application\/ld+json\" class=\"yoast-schema-graph\">{\"@context\":\"https:\\\/\\\/schema.org\",\"@graph\":[{\"@type\":\"WebPage\",\"@id\":\"https:\\\/\\\/najnaj.eu\\\/sl\\\/izdelek\\\/nahrbtnik-minimeis-hero-sand-premium\\\/\",\"url\":\"https:\\\/\\\/najnaj.eu\\\/sl\\\/izdelek\\\/nahrbtnik-minimeis-hero-sand-premium\\\/\",\"name\":\"Nahrbtnik MiniMeis Hero - Sand Premium - NajNaj.eu\",\"isPartOf\":{\"@id\":\"https:\\\/\\\/najnaj.eu\\\/sl\\\/#website\"},\"primaryImageOfPage\":{\"@id\":\"https:\\\/\\\/najnaj.eu\\\/sl\\\/izdelek\\\/nahrbtnik-minimeis-hero-sand-premium\\\/#primaryimage\"},\"image\":{\"@id\":\"https:\\\/\\\/najnaj.eu\\\/sl\\\/izdelek\\\/nahrbtnik-minimeis-hero-sand-premium\\\/#primaryimage\"},\"thumbnailUrl\":\"https:\\\/\\\/najnaj.eu\\\/wp-content\\\/uploads\\\/2025\\\/11\\\/MMBP_sand_no-bg.jpg\",\"datePublished\":\"2025-11-24T14:50:30+00:00\",\"dateModified\":\"2025-11-24T14:54:40+00:00\",\"breadcrumb\":{\"@id\":\"https:\\\/\\\/najnaj.eu\\\/sl\\\/izdelek\\\/nahrbtnik-minimeis-hero-sand-premium\\\/#breadcrumb\"},\"inLanguage\":\"sl-SI\",\"potentialAction\":[{\"@type\":\"ReadAction\",\"target\":[\"https:\\\/\\\/najnaj.eu\\\/sl\\\/izdelek\\\/nahrbtnik-minimeis-hero-sand-premium\\\/\"]}]},{\"@type\":\"ImageObject\",\"inLanguage\":\"sl-SI\",\"@id\":\"https:\\\/\\\/najnaj.eu\\\/sl\\\/izdelek\\\/nahrbtnik-minimeis-hero-sand-premium\\\/#primaryimage\",\"url\":\"https:\\\/\\\/najnaj.eu\\\/wp-content\\\/uploads\\\/2025\\\/11\\\/MMBP_sand_no-bg.jpg\",\"contentUrl\":\"https:\\\/\\\/najnaj.eu\\\/wp-content\\\/uploads\\\/2025\\\/11\\\/MMBP_sand_no-bg.jpg\",\"width\":750,\"height\":1000},{\"@type\":\"BreadcrumbList\",\"@id\":\"https:\\\/\\\/najnaj.eu\\\/sl\\\/izdelek\\\/nahrbtnik-minimeis-hero-sand-premium\\\/#breadcrumb\",\"itemListElement\":[{\"@type\":\"ListItem\",\"position\":1,\"name\":\"Po\u010detna stranica\",\"item\":\"https:\\\/\\\/najnaj.eu\\\/sl\\\/prednja-stran\\\/\"},{\"@type\":\"ListItem\",\"position\":2,\"name\":\"Shop\",\"item\":\"https:\\\/\\\/najnaj.eu\\\/sl\\\/shop\\\/\"},{\"@type\":\"ListItem\",\"position\":3,\"name\":\"Nahrbtnik MiniMeis Hero &#8211; Sand Premium\"}]},{\"@type\":\"WebSite\",\"@id\":\"https:\\\/\\\/najnaj.eu\\\/sl\\\/#website\",\"url\":\"https:\\\/\\\/najnaj.eu\\\/sl\\\/\",\"name\":\"NajNaj.eu\",\"description\":\"Za najva\u017enije!\",\"publisher\":{\"@id\":\"https:\\\/\\\/najnaj.eu\\\/sl\\\/#organization\"},\"potentialAction\":[{\"@type\":\"SearchAction\",\"target\":{\"@type\":\"EntryPoint\",\"urlTemplate\":\"https:\\\/\\\/najnaj.eu\\\/sl\\\/?s={search_term_string}\"},\"query-input\":{\"@type\":\"PropertyValueSpecification\",\"valueRequired\":true,\"valueName\":\"search_term_string\"}}],\"inLanguage\":\"sl-SI\"},{\"@type\":\"Organization\",\"@id\":\"https:\\\/\\\/najnaj.eu\\\/sl\\\/#organization\",\"name\":\"NajNaj.eu\",\"url\":\"https:\\\/\\\/najnaj.eu\\\/sl\\\/\",\"logo\":{\"@type\":\"ImageObject\",\"inLanguage\":\"sl-SI\",\"@id\":\"https:\\\/\\\/najnaj.eu\\\/sl\\\/#\\\/schema\\\/logo\\\/image\\\/\",\"url\":\"https:\\\/\\\/najnaj.eu\\\/wp-content\\\/uploads\\\/2023\\\/09\\\/logo_Najnaj_2023.svg\",\"contentUrl\":\"https:\\\/\\\/najnaj.eu\\\/wp-content\\\/uploads\\\/2023\\\/09\\\/logo_Najnaj_2023.svg\",\"width\":501,\"height\":278,\"caption\":\"NajNaj.eu\"},\"image\":{\"@id\":\"https:\\\/\\\/najnaj.eu\\\/sl\\\/#\\\/schema\\\/logo\\\/image\\\/\"},\"sameAs\":[\"https:\\\/\\\/web.facebook.com\\\/najnaj.eu\\\/\",\"https:\\\/\\\/www.instagram.com\\\/najnaj.eu\\\/\",\"https:\\\/\\\/www.tiktok.com\\\/@najnaj.eu\"]}]}<\/script>\n<meta property=\"product:brand\" content=\"MiniMeis\" \/>\n<meta property=\"product:price:amount\" content=\"169.00\" \/>\n<meta property=\"product:price:currency\" content=\"EUR\" \/>\n<meta property=\"og:availability\" content=\"instock\" \/>\n<meta property=\"product:availability\" content=\"instock\" \/>\n<meta property=\"product:retailer_item_id\" content=\"11038983-Sand-One Size-premium\" \/>\n<meta property=\"product:condition\" content=\"new\" \/>\n<!-- \/ Yoast SEO Premium plugin. -->","yoast_head_json":{"title":"Nahrbtnik MiniMeis Hero - Sand Premium - NajNaj.eu","robots":{"index":"index","follow":"follow","max-snippet":"max-snippet:-1","max-image-preview":"max-image-preview:large","max-video-preview":"max-video-preview:-1"},"canonical":"https:\/\/najnaj.eu\/sl\/izdelek\/nahrbtnik-minimeis-hero-sand-premium\/","og_locale":"sl_SI","og_type":"article","og_title":"Nahrbtnik MiniMeis Hero - Sand Premium","og_description":"&gt; Pozabite na dolgo\u010dasne torbe za plenice, nahrbtnik \"HERO\" ima vse pametne re\u0161itve in \u0161e ve\u010d &gt; Nagrajeno za najbolj inovativen turisti\u010dni produkt za dru\u017eine leta 2023 &gt; Prvi nahrbtnik na svetu, ki se lahko uporablja tudi kot dodatek, ki navaden stol spremeni v otro\u0161ki sede\u017e &gt; Priro\u010dno se namesti na vozi\u010dek za la\u017eji dostop &gt; Edini nahrbtnik, ki se na MiniMeis pripne z naramnico &gt; Elegantno, funkcionalno in okolju prijazno","og_url":"https:\/\/najnaj.eu\/sl\/izdelek\/nahrbtnik-minimeis-hero-sand-premium\/","og_site_name":"NajNaj.eu","article_publisher":"https:\/\/web.facebook.com\/najnaj.eu\/","article_modified_time":"2025-11-24T14:54:40+00:00","og_image":[{"width":750,"height":1000,"url":"https:\/\/najnaj.eu\/wp-content\/uploads\/2025\/11\/MMBP_sand_no-bg.jpg","type":"image\/jpeg"}],"twitter_card":"summary_large_image","twitter_misc":{"Price":"169,00&nbsp;&euro;","Availability":"In stock"},"schema":{"@context":"https:\/\/schema.org","@graph":[{"@type":"WebPage","@id":"https:\/\/najnaj.eu\/sl\/izdelek\/nahrbtnik-minimeis-hero-sand-premium\/","url":"https:\/\/najnaj.eu\/sl\/izdelek\/nahrbtnik-minimeis-hero-sand-premium\/","name":"Nahrbtnik MiniMeis Hero - Sand Premium - NajNaj.eu","isPartOf":{"@id":"https:\/\/najnaj.eu\/sl\/#website"},"primaryImageOfPage":{"@id":"https:\/\/najnaj.eu\/sl\/izdelek\/nahrbtnik-minimeis-hero-sand-premium\/#primaryimage"},"image":{"@id":"https:\/\/najnaj.eu\/sl\/izdelek\/nahrbtnik-minimeis-hero-sand-premium\/#primaryimage"},"thumbnailUrl":"https:\/\/najnaj.eu\/wp-content\/uploads\/2025\/11\/MMBP_sand_no-bg.jpg","datePublished":"2025-11-24T14:50:30+00:00","dateModified":"2025-11-24T14:54:40+00:00","breadcrumb":{"@id":"https:\/\/najnaj.eu\/sl\/izdelek\/nahrbtnik-minimeis-hero-sand-premium\/#breadcrumb"},"inLanguage":"sl-SI","potentialAction":[{"@type":"ReadAction","target":["https:\/\/najnaj.eu\/sl\/izdelek\/nahrbtnik-minimeis-hero-sand-premium\/"]}]},{"@type":"ImageObject","inLanguage":"sl-SI","@id":"https:\/\/najnaj.eu\/sl\/izdelek\/nahrbtnik-minimeis-hero-sand-premium\/#primaryimage","url":"https:\/\/najnaj.eu\/wp-content\/uploads\/2025\/11\/MMBP_sand_no-bg.jpg","contentUrl":"https:\/\/najnaj.eu\/wp-content\/uploads\/2025\/11\/MMBP_sand_no-bg.jpg","width":750,"height":1000},{"@type":"BreadcrumbList","@id":"https:\/\/najnaj.eu\/sl\/izdelek\/nahrbtnik-minimeis-hero-sand-premium\/#breadcrumb","itemListElement":[{"@type":"ListItem","position":1,"name":"Po\u010detna stranica","item":"https:\/\/najnaj.eu\/sl\/prednja-stran\/"},{"@type":"ListItem","position":2,"name":"Shop","item":"https:\/\/najnaj.eu\/sl\/shop\/"},{"@type":"ListItem","position":3,"name":"Nahrbtnik MiniMeis Hero &#8211; Sand Premium"}]},{"@type":"WebSite","@id":"https:\/\/najnaj.eu\/sl\/#website","url":"https:\/\/najnaj.eu\/sl\/","name":"NajNaj.eu","description":"Za najva\u017enije!","publisher":{"@id":"https:\/\/najnaj.eu\/sl\/#organization"},"potentialAction":[{"@type":"SearchAction","target":{"@type":"EntryPoint","urlTemplate":"https:\/\/najnaj.eu\/sl\/?s={search_term_string}"},"query-input":{"@type":"PropertyValueSpecification","valueRequired":true,"valueName":"search_term_string"}}],"inLanguage":"sl-SI"},{"@type":"Organization","@id":"https:\/\/najnaj.eu\/sl\/#organization","name":"NajNaj.eu","url":"https:\/\/najnaj.eu\/sl\/","logo":{"@type":"ImageObject","inLanguage":"sl-SI","@id":"https:\/\/najnaj.eu\/sl\/#\/schema\/logo\/image\/","url":"https:\/\/najnaj.eu\/wp-content\/uploads\/2023\/09\/logo_Najnaj_2023.svg","contentUrl":"https:\/\/najnaj.eu\/wp-content\/uploads\/2023\/09\/logo_Najnaj_2023.svg","width":501,"height":278,"caption":"NajNaj.eu"},"image":{"@id":"https:\/\/najnaj.eu\/sl\/#\/schema\/logo\/image\/"},"sameAs":["https:\/\/web.facebook.com\/najnaj.eu\/","https:\/\/www.instagram.com\/najnaj.eu\/","https:\/\/www.tiktok.com\/@najnaj.eu"]}]},"product_brand":"MiniMeis","product_price_amount":"169.00","product_price_currency":"EUR","og_availability":"instock","product_availability":"instock","product_retailer_item_id":"11038983-Sand-One Size-premium","product_condition":"new"},"_links":{"self":[{"href":"https:\/\/najnaj.eu\/sl\/wp-json\/wp\/v2\/product\/280369","targetHints":{"allow":["GET"]}}],"collection":[{"href":"https:\/\/najnaj.eu\/sl\/wp-json\/wp\/v2\/product"}],"about":[{"href":"https:\/\/najnaj.eu\/sl\/wp-json\/wp\/v2\/types\/product"}],"replies":[{"embeddable":true,"href":"https:\/\/najnaj.eu\/sl\/wp-json\/wp\/v2\/comments?post=280369"}],"version-history":[{"count":0,"href":"https:\/\/najnaj.eu\/sl\/wp-json\/wp\/v2\/product\/280369\/revisions"}],"wp:featuredmedia":[{"embeddable":true,"href":"https:\/\/najnaj.eu\/sl\/wp-json\/wp\/v2\/media\/280347"}],"wp:attachment":[{"href":"https:\/\/najnaj.eu\/sl\/wp-json\/wp\/v2\/media?parent=280369"}],"wp:term":[{"taxonomy":"product_brand","embeddable":true,"href":"https:\/\/najnaj.eu\/sl\/wp-json\/wp\/v2\/product_brand?post=280369"},{"taxonomy":"product_cat","embeddable":true,"href":"https:\/\/najnaj.eu\/sl\/wp-json\/wp\/v2\/product_cat?post=280369"},{"taxonomy":"product_tag","embeddable":true,"href":"https:\/\/najnaj.eu\/sl\/wp-json\/wp\/v2\/product_tag?post=280369"}],"curies":[{"name":"wp","href":"https:\/\/api.w.org\/{rel}","templated":true}]}}