{"id":280367,"date":"2025-11-24T15:45:26","date_gmt":"2025-11-24T14:45:26","guid":{"rendered":"https:\/\/najnaj.eu\/?post_type=product&#038;p=280367"},"modified":"2025-11-24T15:54:44","modified_gmt":"2025-11-24T14:54:44","slug":"ramenski-nosilec-minimeis-g5-sand-premium","status":"publish","type":"product","link":"https:\/\/najnaj.eu\/sl\/izdelek\/ramenski-nosilec-minimeis-g5-sand-premium\/","title":{"rendered":"Ramenski nosilec MiniMeis G5 &#8211; Sand Premium"},"content":{"rendered":"<p><strong>NO\u0160ENJE NA VI\u0160JI RAVNI<\/strong><br \/>\n Star\u0161i dobro poznajo nasmeh na otrokovem obrazu, ko ga dvignejo na ramena.<br \/>\n Prav zato je bil ustvarjen MiniMeis \u2013 da lahko otroci u\u017eivajo v enakem neverjetnem razgledu in bli\u017eini, vendar z dodatnim udobjem in varnostjo mednarodno nagrajene nosilke.<br \/>\n Zato otroka polo\u017eite na ramena, ga pripnite in skupaj ustvarjajte spomine na vsakem koraku.<\/p>\n<p><strong>ENOSTAVNA NAMESTITEV<\/strong><br \/>\n MiniMeis G5 se nastavi v nekaj sekundah!<br \/>\n Preprosto razgrnite nosilko, jo polo\u017eite na ramena in zapnite zaponke. Dvignite otroka v sede\u017e in ga pritrdite s pasom za pas in pasovi za noge. <\/p>\n<p><strong>MAJHEN, AMPAK MO\u010cAN<\/strong><br \/>\n MiniMeis G5 se zlo\u017ei na kompaktno velikost 30 x 30 cm in je enostavno prenosljiv, zaradi \u010desar je idealen za dru\u017eine na poti.<br \/>\n S te\u017eo le 1,6 kg je tudi najla\u017eja nosilka za dojen\u010dke z ogrodjem na trgu.<br \/>\n Vzemite ga s seboj povsod: shranite ga v ko\u0161ari vozi\u010dka, ga vrzite v nahrbtnik ali ga pospravite v kov\u010dek \u2013 vedno je pripravljen za akcijo.<\/p>\n<p><strong>UDOBNO IN STILSKO<\/strong><br \/>\n Udobje za star\u0161e je zagotovljeno z namestitvijo otroka na posebej zasnovan lok, ki osvobodi vrat in ramena neposrednega pritiska.<br \/>\n Otrokova te\u017ea je enakomerno porazdeljena po celotni konstrukciji nosilke, kar omogo\u010da dalj\u0161e in udobnej\u0161e sprehode tako za star\u0161e kot za otroke!<\/p>\n<p><strong>VARNI IN SRE\u010cNI RAZISKOVALCI<\/strong><br \/>\n Medtem ko va\u0161 otrok raziskuje svet, varno sedi na va\u0161ih ramenih, pritrjen s pasom za pas in trakovi za noge, oboje z elegantnimi detajli iz umetnega usnja.<br \/>\n Prilo\u017eeni so tudi naramni trakovi, ki zagotavljajo dodatno oporo zgornjemu delu telesa za najmanj\u0161e otroke (6\u201310 mesecev).<br \/>\n Oblazinjen sede\u017e in prilagodljivo naslonjalo zagotavljata maksimalno udobje za va\u0161ega otroka, medtem ko u\u017eiva v razgledu od zgoraj! <\/p>\n<p><strong>HLADNO ZA NAJMANJ\u0160E<\/strong><br \/>\n Za senco, kjer koli se boste sprehajali, kombinirajte nosilko MiniMeis s sen\u010dnikom.<br \/>\n Ta enostaven za uporabo, zlo\u017eljiv dodatek zagotavlja, da bo va\u0161 otrok u\u017eival v odli\u010dnem pogledu na MiniMeis, hkrati pa bo za\u0161\u010diten v udobju sence.<br \/>\n Torej, ne glede na to, ali gre za vro\u010de sonce ali nekaj kapljic de\u017eja, bo senca za\u0161\u010ditila va\u0161ega otroka!<\/p>\n<p><strong>VISOKOKAKOVNI TRAJNOSTNI MATERIALI<\/strong><br \/>\n Dvignite star\u0161evstvo na vi\u0161jo raven z Minimeis, ki zdru\u017euje skandinavski dizajn s trajnostjo.<br \/>\n Ta elegantna torba za \u010dez ramo, izdelana iz recikliranih oceanskih steklenic in vrhunskih materialov, je videti dobro in je prijazna do okolja.<br \/>\n G5 MiniMeis, ki gradi na uspehu na\u0161ega predhodnika, ponuja izbolj\u0161ano enostavnost uporabe in udobje, vse v isti nagrajeni strukturi.<\/p>\n<p><strong>DOPOLNITE Z NAHRBTNIKOM &#8220;JUNAK&#8221;<\/strong><br \/>\n Je edini nahrbtnik, ki se pritrdi na MiniMeis, in ko ga ne uporabljate, se MiniMeis lepo pospravi v nahrbtnik, tako da ostane veliko prostega prostora.<br \/>\n To je torba za plenice, ki jo o\u010de \u017eeli uporabljati v pisarni, in edini nahrbtnik na svetu, ki se med potjo spremeni v otro\u0161ki sede\u017e.<br \/>\n Ne bo vam \u017eal, \u010de ste tega <a href=\"https:\/\/najnaj.eu\/izdelek\/minimeis-hero-ruksak-olive-premium\/\">JUNAKA<\/a> dodali v ko\u0161arico.<\/p>\n","protected":false},"excerpt":{"rendered":"<p>&gt;  Nagrajena nosilka za \u010dez ramo<br \/>\n&gt; Otro\u0161ki favorit &#8211; ponuja najbolj\u0161i razgled<br \/>\n&gt; Od 6 mesecev do 4 let (najve\u010d 18 kg)<br \/>\n&gt; Zlo\u017eljiv kot prenosnik<br \/>\n&gt; Skandinavski dizajn in kakovost<br \/>\n&gt; Varnostno preizku\u0161eno &#8211; odobreno v skladu s standardi EU in ZDA<\/p>\n","protected":false},"featured_media":280301,"comment_status":"open","ping_status":"closed","template":"","meta":{"_acf_changed":false,"footnotes":""},"product_brand":[],"product_cat":[1242,2315,2313],"product_tag":[],"class_list":{"0":"post-280367","1":"product","2":"type-product","3":"status-publish","4":"has-post-thumbnail","6":"product_cat-1-polozaj-nosenja-sl","7":"product_cat-od-6-mesecev-do-4-let","8":"product_cat-ramenski-pas","9":"pa_boja-zelena-sl","10":"pa_brand-minimeis-sl","12":"first","13":"instock","14":"shipping-taxable","15":"purchasable","16":"product-type-simple"},"bundled_by":[],"bundle_stock_status":"instock","bundle_stock_quantity":6,"bundle_virtual":false,"bundle_layout":"","bundle_add_to_cart_form_location":"","bundle_editable_in_cart":false,"bundle_sold_individually_context":"","bundle_item_grouping":"","bundle_min_size":"","bundle_max_size":"","bundle_price":[],"bundled_items":[],"bundle_sell_ids":[],"acf":[],"yoast_head":"<!-- This site is optimized with the Yoast SEO Premium plugin v21.5 (Yoast SEO v27.4) - https:\/\/yoast.com\/product\/yoast-seo-premium-wordpress\/ -->\n<title>Ramenski nosilec MiniMeis G5 - Sand Premium - NajNaj.eu<\/title>\n<meta name=\"robots\" content=\"index, follow, max-snippet:-1, max-image-preview:large, max-video-preview:-1\" \/>\n<link rel=\"canonical\" href=\"https:\/\/najnaj.eu\/sl\/izdelek\/ramenski-nosilec-minimeis-g5-sand-premium\/\" \/>\n<meta property=\"og:locale\" content=\"sl_SI\" \/>\n<meta property=\"og:type\" content=\"article\" \/>\n<meta property=\"og:title\" content=\"Ramenski nosilec MiniMeis G5 - Sand Premium\" \/>\n<meta property=\"og:description\" content=\"&gt; Nagrajena nosilka za \u010dez ramo &gt; Otro\u0161ki favorit - ponuja najbolj\u0161i razgled &gt; Od 6 mesecev do 4 let (najve\u010d 18 kg) &gt; Zlo\u017eljiv kot prenosnik &gt; Skandinavski dizajn in kakovost &gt; Varnostno preizku\u0161eno - odobreno v skladu s standardi EU in ZDA\" \/>\n<meta property=\"og:url\" content=\"https:\/\/najnaj.eu\/sl\/izdelek\/ramenski-nosilec-minimeis-g5-sand-premium\/\" \/>\n<meta property=\"og:site_name\" content=\"NajNaj.eu\" \/>\n<meta property=\"article:publisher\" content=\"https:\/\/web.facebook.com\/najnaj.eu\/\" \/>\n<meta property=\"article:modified_time\" content=\"2025-11-24T14:54:44+00:00\" \/>\n<meta property=\"og:image\" content=\"https:\/\/najnaj.eu\/wp-content\/uploads\/2025\/11\/MMG5_sand_no-bg-and-shadow-3.jpg\" \/>\n\t<meta property=\"og:image:width\" content=\"750\" \/>\n\t<meta property=\"og:image:height\" content=\"1000\" \/>\n\t<meta property=\"og:image:type\" content=\"image\/jpeg\" \/>\n<meta name=\"twitter:card\" content=\"summary_large_image\" \/>\n<meta name=\"twitter:label1\" content=\"Price\" \/>\n\t<meta name=\"twitter:data1\" content=\"249,00&nbsp;&euro;\" \/>\n\t<meta name=\"twitter:label2\" content=\"Availability\" \/>\n\t<meta name=\"twitter:data2\" content=\"In stock\" \/>\n<script type=\"application\/ld+json\" class=\"yoast-schema-graph\">{\"@context\":\"https:\\\/\\\/schema.org\",\"@graph\":[{\"@type\":\"WebPage\",\"@id\":\"https:\\\/\\\/najnaj.eu\\\/sl\\\/izdelek\\\/ramenski-nosilec-minimeis-g5-sand-premium\\\/\",\"url\":\"https:\\\/\\\/najnaj.eu\\\/sl\\\/izdelek\\\/ramenski-nosilec-minimeis-g5-sand-premium\\\/\",\"name\":\"Ramenski nosilec MiniMeis G5 - Sand Premium - NajNaj.eu\",\"isPartOf\":{\"@id\":\"https:\\\/\\\/najnaj.eu\\\/sl\\\/#website\"},\"primaryImageOfPage\":{\"@id\":\"https:\\\/\\\/najnaj.eu\\\/sl\\\/izdelek\\\/ramenski-nosilec-minimeis-g5-sand-premium\\\/#primaryimage\"},\"image\":{\"@id\":\"https:\\\/\\\/najnaj.eu\\\/sl\\\/izdelek\\\/ramenski-nosilec-minimeis-g5-sand-premium\\\/#primaryimage\"},\"thumbnailUrl\":\"https:\\\/\\\/najnaj.eu\\\/wp-content\\\/uploads\\\/2025\\\/11\\\/MMG5_sand_no-bg-and-shadow-3.jpg\",\"datePublished\":\"2025-11-24T14:45:26+00:00\",\"dateModified\":\"2025-11-24T14:54:44+00:00\",\"breadcrumb\":{\"@id\":\"https:\\\/\\\/najnaj.eu\\\/sl\\\/izdelek\\\/ramenski-nosilec-minimeis-g5-sand-premium\\\/#breadcrumb\"},\"inLanguage\":\"sl-SI\",\"potentialAction\":[{\"@type\":\"ReadAction\",\"target\":[\"https:\\\/\\\/najnaj.eu\\\/sl\\\/izdelek\\\/ramenski-nosilec-minimeis-g5-sand-premium\\\/\"]}]},{\"@type\":\"ImageObject\",\"inLanguage\":\"sl-SI\",\"@id\":\"https:\\\/\\\/najnaj.eu\\\/sl\\\/izdelek\\\/ramenski-nosilec-minimeis-g5-sand-premium\\\/#primaryimage\",\"url\":\"https:\\\/\\\/najnaj.eu\\\/wp-content\\\/uploads\\\/2025\\\/11\\\/MMG5_sand_no-bg-and-shadow-3.jpg\",\"contentUrl\":\"https:\\\/\\\/najnaj.eu\\\/wp-content\\\/uploads\\\/2025\\\/11\\\/MMG5_sand_no-bg-and-shadow-3.jpg\",\"width\":750,\"height\":1000},{\"@type\":\"BreadcrumbList\",\"@id\":\"https:\\\/\\\/najnaj.eu\\\/sl\\\/izdelek\\\/ramenski-nosilec-minimeis-g5-sand-premium\\\/#breadcrumb\",\"itemListElement\":[{\"@type\":\"ListItem\",\"position\":1,\"name\":\"Po\u010detna stranica\",\"item\":\"https:\\\/\\\/najnaj.eu\\\/sl\\\/prednja-stran\\\/\"},{\"@type\":\"ListItem\",\"position\":2,\"name\":\"Shop\",\"item\":\"https:\\\/\\\/najnaj.eu\\\/sl\\\/shop\\\/\"},{\"@type\":\"ListItem\",\"position\":3,\"name\":\"Ramenski nosilec MiniMeis G5 &#8211; Sand Premium\"}]},{\"@type\":\"WebSite\",\"@id\":\"https:\\\/\\\/najnaj.eu\\\/sl\\\/#website\",\"url\":\"https:\\\/\\\/najnaj.eu\\\/sl\\\/\",\"name\":\"NajNaj.eu\",\"description\":\"Za najva\u017enije!\",\"publisher\":{\"@id\":\"https:\\\/\\\/najnaj.eu\\\/sl\\\/#organization\"},\"potentialAction\":[{\"@type\":\"SearchAction\",\"target\":{\"@type\":\"EntryPoint\",\"urlTemplate\":\"https:\\\/\\\/najnaj.eu\\\/sl\\\/?s={search_term_string}\"},\"query-input\":{\"@type\":\"PropertyValueSpecification\",\"valueRequired\":true,\"valueName\":\"search_term_string\"}}],\"inLanguage\":\"sl-SI\"},{\"@type\":\"Organization\",\"@id\":\"https:\\\/\\\/najnaj.eu\\\/sl\\\/#organization\",\"name\":\"NajNaj.eu\",\"url\":\"https:\\\/\\\/najnaj.eu\\\/sl\\\/\",\"logo\":{\"@type\":\"ImageObject\",\"inLanguage\":\"sl-SI\",\"@id\":\"https:\\\/\\\/najnaj.eu\\\/sl\\\/#\\\/schema\\\/logo\\\/image\\\/\",\"url\":\"https:\\\/\\\/najnaj.eu\\\/wp-content\\\/uploads\\\/2023\\\/09\\\/logo_Najnaj_2023.svg\",\"contentUrl\":\"https:\\\/\\\/najnaj.eu\\\/wp-content\\\/uploads\\\/2023\\\/09\\\/logo_Najnaj_2023.svg\",\"width\":501,\"height\":278,\"caption\":\"NajNaj.eu\"},\"image\":{\"@id\":\"https:\\\/\\\/najnaj.eu\\\/sl\\\/#\\\/schema\\\/logo\\\/image\\\/\"},\"sameAs\":[\"https:\\\/\\\/web.facebook.com\\\/najnaj.eu\\\/\",\"https:\\\/\\\/www.instagram.com\\\/najnaj.eu\\\/\",\"https:\\\/\\\/www.tiktok.com\\\/@najnaj.eu\"]}]}<\/script>\n<meta property=\"product:brand\" content=\"MiniMeis\" \/>\n<meta property=\"product:price:amount\" content=\"249.00\" \/>\n<meta property=\"product:price:currency\" content=\"EUR\" \/>\n<meta property=\"og:availability\" content=\"instock\" \/>\n<meta property=\"product:availability\" content=\"instock\" \/>\n<meta property=\"product:retailer_item_id\" content=\"11038981-Sand-6mth-18kg-premium\" \/>\n<meta property=\"product:condition\" content=\"new\" \/>\n<!-- \/ Yoast SEO Premium plugin. -->","yoast_head_json":{"title":"Ramenski nosilec MiniMeis G5 - Sand Premium - NajNaj.eu","robots":{"index":"index","follow":"follow","max-snippet":"max-snippet:-1","max-image-preview":"max-image-preview:large","max-video-preview":"max-video-preview:-1"},"canonical":"https:\/\/najnaj.eu\/sl\/izdelek\/ramenski-nosilec-minimeis-g5-sand-premium\/","og_locale":"sl_SI","og_type":"article","og_title":"Ramenski nosilec MiniMeis G5 - Sand Premium","og_description":"&gt; Nagrajena nosilka za \u010dez ramo &gt; Otro\u0161ki favorit - ponuja najbolj\u0161i razgled &gt; Od 6 mesecev do 4 let (najve\u010d 18 kg) &gt; Zlo\u017eljiv kot prenosnik &gt; Skandinavski dizajn in kakovost &gt; Varnostno preizku\u0161eno - odobreno v skladu s standardi EU in ZDA","og_url":"https:\/\/najnaj.eu\/sl\/izdelek\/ramenski-nosilec-minimeis-g5-sand-premium\/","og_site_name":"NajNaj.eu","article_publisher":"https:\/\/web.facebook.com\/najnaj.eu\/","article_modified_time":"2025-11-24T14:54:44+00:00","og_image":[{"width":750,"height":1000,"url":"https:\/\/najnaj.eu\/wp-content\/uploads\/2025\/11\/MMG5_sand_no-bg-and-shadow-3.jpg","type":"image\/jpeg"}],"twitter_card":"summary_large_image","twitter_misc":{"Price":"249,00&nbsp;&euro;","Availability":"In stock"},"schema":{"@context":"https:\/\/schema.org","@graph":[{"@type":"WebPage","@id":"https:\/\/najnaj.eu\/sl\/izdelek\/ramenski-nosilec-minimeis-g5-sand-premium\/","url":"https:\/\/najnaj.eu\/sl\/izdelek\/ramenski-nosilec-minimeis-g5-sand-premium\/","name":"Ramenski nosilec MiniMeis G5 - Sand Premium - NajNaj.eu","isPartOf":{"@id":"https:\/\/najnaj.eu\/sl\/#website"},"primaryImageOfPage":{"@id":"https:\/\/najnaj.eu\/sl\/izdelek\/ramenski-nosilec-minimeis-g5-sand-premium\/#primaryimage"},"image":{"@id":"https:\/\/najnaj.eu\/sl\/izdelek\/ramenski-nosilec-minimeis-g5-sand-premium\/#primaryimage"},"thumbnailUrl":"https:\/\/najnaj.eu\/wp-content\/uploads\/2025\/11\/MMG5_sand_no-bg-and-shadow-3.jpg","datePublished":"2025-11-24T14:45:26+00:00","dateModified":"2025-11-24T14:54:44+00:00","breadcrumb":{"@id":"https:\/\/najnaj.eu\/sl\/izdelek\/ramenski-nosilec-minimeis-g5-sand-premium\/#breadcrumb"},"inLanguage":"sl-SI","potentialAction":[{"@type":"ReadAction","target":["https:\/\/najnaj.eu\/sl\/izdelek\/ramenski-nosilec-minimeis-g5-sand-premium\/"]}]},{"@type":"ImageObject","inLanguage":"sl-SI","@id":"https:\/\/najnaj.eu\/sl\/izdelek\/ramenski-nosilec-minimeis-g5-sand-premium\/#primaryimage","url":"https:\/\/najnaj.eu\/wp-content\/uploads\/2025\/11\/MMG5_sand_no-bg-and-shadow-3.jpg","contentUrl":"https:\/\/najnaj.eu\/wp-content\/uploads\/2025\/11\/MMG5_sand_no-bg-and-shadow-3.jpg","width":750,"height":1000},{"@type":"BreadcrumbList","@id":"https:\/\/najnaj.eu\/sl\/izdelek\/ramenski-nosilec-minimeis-g5-sand-premium\/#breadcrumb","itemListElement":[{"@type":"ListItem","position":1,"name":"Po\u010detna stranica","item":"https:\/\/najnaj.eu\/sl\/prednja-stran\/"},{"@type":"ListItem","position":2,"name":"Shop","item":"https:\/\/najnaj.eu\/sl\/shop\/"},{"@type":"ListItem","position":3,"name":"Ramenski nosilec MiniMeis G5 &#8211; Sand Premium"}]},{"@type":"WebSite","@id":"https:\/\/najnaj.eu\/sl\/#website","url":"https:\/\/najnaj.eu\/sl\/","name":"NajNaj.eu","description":"Za najva\u017enije!","publisher":{"@id":"https:\/\/najnaj.eu\/sl\/#organization"},"potentialAction":[{"@type":"SearchAction","target":{"@type":"EntryPoint","urlTemplate":"https:\/\/najnaj.eu\/sl\/?s={search_term_string}"},"query-input":{"@type":"PropertyValueSpecification","valueRequired":true,"valueName":"search_term_string"}}],"inLanguage":"sl-SI"},{"@type":"Organization","@id":"https:\/\/najnaj.eu\/sl\/#organization","name":"NajNaj.eu","url":"https:\/\/najnaj.eu\/sl\/","logo":{"@type":"ImageObject","inLanguage":"sl-SI","@id":"https:\/\/najnaj.eu\/sl\/#\/schema\/logo\/image\/","url":"https:\/\/najnaj.eu\/wp-content\/uploads\/2023\/09\/logo_Najnaj_2023.svg","contentUrl":"https:\/\/najnaj.eu\/wp-content\/uploads\/2023\/09\/logo_Najnaj_2023.svg","width":501,"height":278,"caption":"NajNaj.eu"},"image":{"@id":"https:\/\/najnaj.eu\/sl\/#\/schema\/logo\/image\/"},"sameAs":["https:\/\/web.facebook.com\/najnaj.eu\/","https:\/\/www.instagram.com\/najnaj.eu\/","https:\/\/www.tiktok.com\/@najnaj.eu"]}]},"product_brand":"MiniMeis","product_price_amount":"249.00","product_price_currency":"EUR","og_availability":"instock","product_availability":"instock","product_retailer_item_id":"11038981-Sand-6mth-18kg-premium","product_condition":"new"},"_links":{"self":[{"href":"https:\/\/najnaj.eu\/sl\/wp-json\/wp\/v2\/product\/280367","targetHints":{"allow":["GET"]}}],"collection":[{"href":"https:\/\/najnaj.eu\/sl\/wp-json\/wp\/v2\/product"}],"about":[{"href":"https:\/\/najnaj.eu\/sl\/wp-json\/wp\/v2\/types\/product"}],"replies":[{"embeddable":true,"href":"https:\/\/najnaj.eu\/sl\/wp-json\/wp\/v2\/comments?post=280367"}],"version-history":[{"count":0,"href":"https:\/\/najnaj.eu\/sl\/wp-json\/wp\/v2\/product\/280367\/revisions"}],"wp:featuredmedia":[{"embeddable":true,"href":"https:\/\/najnaj.eu\/sl\/wp-json\/wp\/v2\/media\/280301"}],"wp:attachment":[{"href":"https:\/\/najnaj.eu\/sl\/wp-json\/wp\/v2\/media?parent=280367"}],"wp:term":[{"taxonomy":"product_brand","embeddable":true,"href":"https:\/\/najnaj.eu\/sl\/wp-json\/wp\/v2\/product_brand?post=280367"},{"taxonomy":"product_cat","embeddable":true,"href":"https:\/\/najnaj.eu\/sl\/wp-json\/wp\/v2\/product_cat?post=280367"},{"taxonomy":"product_tag","embeddable":true,"href":"https:\/\/najnaj.eu\/sl\/wp-json\/wp\/v2\/product_tag?post=280367"}],"curies":[{"name":"wp","href":"https:\/\/api.w.org\/{rel}","templated":true}]}}