{"id":279565,"date":"2025-11-19T09:52:32","date_gmt":"2025-11-19T08:52:32","guid":{"rendered":"https:\/\/najnaj.eu\/?post_type=product&p=279565"},"modified":"2025-11-19T09:52:32","modified_gmt":"2025-11-19T08:52:32","slug":"b-box-silikonska-zascita-za-flip-top-690ml-laguna","status":"publish","type":"product","link":"https:\/\/najnaj.eu\/sl\/izdelek\/b-box-silikonska-zascita-za-flip-top-690ml-laguna\/","title":{"rendered":"b.box Silikonska za\u0161\u010dita za Flip Top 690ml &#8211; laguna"},"content":{"rendered":"<p>Za\u0161\u010ditite in prilagodite!<\/p>\n<p>S to odstranljivo silikonsko za\u0161\u010dito bo va\u0161a termovka b.box Thermo Flask Flip Top 690mL videti sve\u017ea. Na\u0161a edinstvena zasnova zra\u010dne blazine, izdelana iz 100 % silikona, zmanj\u0161uje tveganje po\u0161kodb dna in pomaga zmanj\u0161ati hrup ob stiku, kar izbolj\u0161a va\u0161o vsakodnevno hidracijo in podalj\u0161a \u017eivljenjsko dobo va\u0161e termovke. Na voljo v ve\u010d modernih odtenkih!  <\/p>\n","protected":false},"excerpt":{"rendered":"<ul>\n<li>Pomaga za\u0161\u010dititi dno in stranice va\u0161e termovke b.box Flip top 690 ml pred made\u017ei in praskami.<\/li>\n<li>Edinstvena zasnova zra\u010dne blazine pomaga absorbirati udarce na povr\u0161ino in podalj\u0161a \u017eivljenjsko dobo va\u0161e 690 ml steklenice b.box.<\/li>\n<li>Izdelano iz pro\u017enega 100 % silikona z gladko, nelepljivo povr\u0161ino<\/li>\n<li>Prilagodljiv in mo\u010dan, a hkrati udoben v roki<\/li>\n<li>Zo\u017een rob in konturna oblika ponujata eleganten, prilagojen dizajn<\/li>\n<li>Zmanj\u0161uje hrup med steklenico in povr\u0161inami za prijetnej\u0161o uporabo<\/li>\n<\/ul>\n","protected":false},"featured_media":279240,"comment_status":"closed","ping_status":"closed","template":"","meta":{"_acf_changed":false,"footnotes":""},"product_brand":[],"product_cat":[1374],"product_tag":[],"class_list":{"0":"post-279565","1":"product","2":"type-product","3":"status-publish","4":"has-post-thumbnail","6":"product_cat-ostalo-sl-3","7":"pa_boja-modra","8":"pa_brand-b-box-sl","10":"first","11":"instock","12":"shipping-taxable","13":"purchasable","14":"product-type-simple"},"bundled_by":[],"bundle_stock_status":"instock","bundle_stock_quantity":15,"bundle_virtual":false,"bundle_layout":"","bundle_add_to_cart_form_location":"","bundle_editable_in_cart":false,"bundle_sold_individually_context":"","bundle_item_grouping":"","bundle_min_size":"","bundle_max_size":"","bundle_price":[],"bundled_items":[],"bundle_sell_ids":[],"acf":[],"yoast_head":"<!-- This site is optimized with the Yoast SEO Premium plugin v21.5 (Yoast SEO v27.4) - https:\/\/yoast.com\/product\/yoast-seo-premium-wordpress\/ -->\n<title>b.box Silikonska za\u0161\u010dita za Flip Top 690ml - laguna - NajNaj.eu<\/title>\n<meta name=\"robots\" content=\"index, follow, max-snippet:-1, max-image-preview:large, max-video-preview:-1\" \/>\n<link rel=\"canonical\" href=\"https:\/\/najnaj.eu\/sl\/izdelek\/b-box-silikonska-zascita-za-flip-top-690ml-laguna\/\" \/>\n<meta property=\"og:locale\" content=\"sl_SI\" \/>\n<meta property=\"og:type\" content=\"article\" \/>\n<meta property=\"og:title\" content=\"b.box Silikonska za\u0161\u010dita za Flip Top 690ml - laguna\" \/>\n<meta property=\"og:description\" content=\"Pomaga za\u0161\u010dititi dno in stranice va\u0161e termovke b.box Flip top 690 ml pred made\u017ei in praskami.  Edinstvena zasnova zra\u010dne blazine pomaga absorbirati udarce na povr\u0161ino in podalj\u0161a \u017eivljenjsko dobo va\u0161e 690 ml steklenice b.box.  Izdelano iz pro\u017enega 100 % silikona z gladko, nelepljivo povr\u0161ino  Prilagodljiv in mo\u010dan, a hkrati udoben v roki  Zo\u017een rob in konturna oblika ponujata eleganten, prilagojen dizajn  Zmanj\u0161uje hrup med steklenico in povr\u0161inami za prijetnej\u0161o uporabo\" \/>\n<meta property=\"og:url\" content=\"https:\/\/najnaj.eu\/sl\/izdelek\/b-box-silikonska-zascita-za-flip-top-690ml-laguna\/\" \/>\n<meta property=\"og:site_name\" content=\"NajNaj.eu\" \/>\n<meta property=\"article:publisher\" content=\"https:\/\/web.facebook.com\/najnaj.eu\/\" \/>\n<meta property=\"og:image\" content=\"https:\/\/najnaj.eu\/wp-content\/uploads\/2025\/11\/690-Bumper-Lagoon-1.jpg\" \/>\n\t<meta property=\"og:image:width\" content=\"1200\" \/>\n\t<meta property=\"og:image:height\" content=\"1200\" \/>\n\t<meta property=\"og:image:type\" content=\"image\/jpeg\" \/>\n<meta name=\"twitter:card\" content=\"summary_large_image\" \/>\n<meta name=\"twitter:label1\" content=\"Price\" \/>\n\t<meta name=\"twitter:data1\" content=\"7,49&nbsp;&euro;\" \/>\n\t<meta name=\"twitter:label2\" content=\"Availability\" \/>\n\t<meta name=\"twitter:data2\" content=\"In stock\" \/>\n<script type=\"application\/ld+json\" class=\"yoast-schema-graph\">{\"@context\":\"https:\\\/\\\/schema.org\",\"@graph\":[{\"@type\":\"WebPage\",\"@id\":\"https:\\\/\\\/najnaj.eu\\\/sl\\\/izdelek\\\/b-box-silikonska-zascita-za-flip-top-690ml-laguna\\\/\",\"url\":\"https:\\\/\\\/najnaj.eu\\\/sl\\\/izdelek\\\/b-box-silikonska-zascita-za-flip-top-690ml-laguna\\\/\",\"name\":\"b.box Silikonska za\u0161\u010dita za Flip Top 690ml - laguna - NajNaj.eu\",\"isPartOf\":{\"@id\":\"https:\\\/\\\/najnaj.eu\\\/sl\\\/#website\"},\"primaryImageOfPage\":{\"@id\":\"https:\\\/\\\/najnaj.eu\\\/sl\\\/izdelek\\\/b-box-silikonska-zascita-za-flip-top-690ml-laguna\\\/#primaryimage\"},\"image\":{\"@id\":\"https:\\\/\\\/najnaj.eu\\\/sl\\\/izdelek\\\/b-box-silikonska-zascita-za-flip-top-690ml-laguna\\\/#primaryimage\"},\"thumbnailUrl\":\"https:\\\/\\\/najnaj.eu\\\/wp-content\\\/uploads\\\/2025\\\/11\\\/690-Bumper-Lagoon-1.jpg\",\"datePublished\":\"2025-11-19T08:52:32+00:00\",\"breadcrumb\":{\"@id\":\"https:\\\/\\\/najnaj.eu\\\/sl\\\/izdelek\\\/b-box-silikonska-zascita-za-flip-top-690ml-laguna\\\/#breadcrumb\"},\"inLanguage\":\"sl-SI\",\"potentialAction\":[{\"@type\":\"ReadAction\",\"target\":[\"https:\\\/\\\/najnaj.eu\\\/sl\\\/izdelek\\\/b-box-silikonska-zascita-za-flip-top-690ml-laguna\\\/\"]}]},{\"@type\":\"ImageObject\",\"inLanguage\":\"sl-SI\",\"@id\":\"https:\\\/\\\/najnaj.eu\\\/sl\\\/izdelek\\\/b-box-silikonska-zascita-za-flip-top-690ml-laguna\\\/#primaryimage\",\"url\":\"https:\\\/\\\/najnaj.eu\\\/wp-content\\\/uploads\\\/2025\\\/11\\\/690-Bumper-Lagoon-1.jpg\",\"contentUrl\":\"https:\\\/\\\/najnaj.eu\\\/wp-content\\\/uploads\\\/2025\\\/11\\\/690-Bumper-Lagoon-1.jpg\",\"width\":1200,\"height\":1200},{\"@type\":\"BreadcrumbList\",\"@id\":\"https:\\\/\\\/najnaj.eu\\\/sl\\\/izdelek\\\/b-box-silikonska-zascita-za-flip-top-690ml-laguna\\\/#breadcrumb\",\"itemListElement\":[{\"@type\":\"ListItem\",\"position\":1,\"name\":\"Po\u010detna stranica\",\"item\":\"https:\\\/\\\/najnaj.eu\\\/sl\\\/prednja-stran\\\/\"},{\"@type\":\"ListItem\",\"position\":2,\"name\":\"Shop\",\"item\":\"https:\\\/\\\/najnaj.eu\\\/sl\\\/shop\\\/\"},{\"@type\":\"ListItem\",\"position\":3,\"name\":\"Privatno: b.box Silikonska za\u0161\u010dita za Flip Top 690ml &#8211; laguna\"}]},{\"@type\":\"WebSite\",\"@id\":\"https:\\\/\\\/najnaj.eu\\\/sl\\\/#website\",\"url\":\"https:\\\/\\\/najnaj.eu\\\/sl\\\/\",\"name\":\"NajNaj.eu\",\"description\":\"Za najva\u017enije!\",\"publisher\":{\"@id\":\"https:\\\/\\\/najnaj.eu\\\/sl\\\/#organization\"},\"potentialAction\":[{\"@type\":\"SearchAction\",\"target\":{\"@type\":\"EntryPoint\",\"urlTemplate\":\"https:\\\/\\\/najnaj.eu\\\/sl\\\/?s={search_term_string}\"},\"query-input\":{\"@type\":\"PropertyValueSpecification\",\"valueRequired\":true,\"valueName\":\"search_term_string\"}}],\"inLanguage\":\"sl-SI\"},{\"@type\":\"Organization\",\"@id\":\"https:\\\/\\\/najnaj.eu\\\/sl\\\/#organization\",\"name\":\"NajNaj.eu\",\"url\":\"https:\\\/\\\/najnaj.eu\\\/sl\\\/\",\"logo\":{\"@type\":\"ImageObject\",\"inLanguage\":\"sl-SI\",\"@id\":\"https:\\\/\\\/najnaj.eu\\\/sl\\\/#\\\/schema\\\/logo\\\/image\\\/\",\"url\":\"https:\\\/\\\/najnaj.eu\\\/wp-content\\\/uploads\\\/2023\\\/09\\\/logo_Najnaj_2023.svg\",\"contentUrl\":\"https:\\\/\\\/najnaj.eu\\\/wp-content\\\/uploads\\\/2023\\\/09\\\/logo_Najnaj_2023.svg\",\"width\":501,\"height\":278,\"caption\":\"NajNaj.eu\"},\"image\":{\"@id\":\"https:\\\/\\\/najnaj.eu\\\/sl\\\/#\\\/schema\\\/logo\\\/image\\\/\"},\"sameAs\":[\"https:\\\/\\\/web.facebook.com\\\/najnaj.eu\\\/\",\"https:\\\/\\\/www.instagram.com\\\/najnaj.eu\\\/\",\"https:\\\/\\\/www.tiktok.com\\\/@najnaj.eu\"]}]}<\/script>\n<meta property=\"product:brand\" content=\"b.box\" \/>\n<meta property=\"product:price:amount\" content=\"7.49\" \/>\n<meta property=\"product:price:currency\" content=\"EUR\" \/>\n<meta property=\"og:availability\" content=\"instock\" \/>\n<meta property=\"product:availability\" content=\"instock\" \/>\n<meta property=\"product:retailer_item_id\" content=\"BX1342\" \/>\n<meta property=\"product:condition\" content=\"new\" \/>\n<!-- \/ Yoast SEO Premium plugin. -->","yoast_head_json":{"title":"b.box Silikonska za\u0161\u010dita za Flip Top 690ml - laguna - NajNaj.eu","robots":{"index":"index","follow":"follow","max-snippet":"max-snippet:-1","max-image-preview":"max-image-preview:large","max-video-preview":"max-video-preview:-1"},"canonical":"https:\/\/najnaj.eu\/sl\/izdelek\/b-box-silikonska-zascita-za-flip-top-690ml-laguna\/","og_locale":"sl_SI","og_type":"article","og_title":"b.box Silikonska za\u0161\u010dita za Flip Top 690ml - laguna","og_description":"Pomaga za\u0161\u010dititi dno in stranice va\u0161e termovke b.box Flip top 690 ml pred made\u017ei in praskami.  Edinstvena zasnova zra\u010dne blazine pomaga absorbirati udarce na povr\u0161ino in podalj\u0161a \u017eivljenjsko dobo va\u0161e 690 ml steklenice b.box.  Izdelano iz pro\u017enega 100 % silikona z gladko, nelepljivo povr\u0161ino  Prilagodljiv in mo\u010dan, a hkrati udoben v roki  Zo\u017een rob in konturna oblika ponujata eleganten, prilagojen dizajn  Zmanj\u0161uje hrup med steklenico in povr\u0161inami za prijetnej\u0161o uporabo","og_url":"https:\/\/najnaj.eu\/sl\/izdelek\/b-box-silikonska-zascita-za-flip-top-690ml-laguna\/","og_site_name":"NajNaj.eu","article_publisher":"https:\/\/web.facebook.com\/najnaj.eu\/","og_image":[{"width":1200,"height":1200,"url":"https:\/\/najnaj.eu\/wp-content\/uploads\/2025\/11\/690-Bumper-Lagoon-1.jpg","type":"image\/jpeg"}],"twitter_card":"summary_large_image","twitter_misc":{"Price":"7,49&nbsp;&euro;","Availability":"In stock"},"schema":{"@context":"https:\/\/schema.org","@graph":[{"@type":"WebPage","@id":"https:\/\/najnaj.eu\/sl\/izdelek\/b-box-silikonska-zascita-za-flip-top-690ml-laguna\/","url":"https:\/\/najnaj.eu\/sl\/izdelek\/b-box-silikonska-zascita-za-flip-top-690ml-laguna\/","name":"b.box Silikonska za\u0161\u010dita za Flip Top 690ml - laguna - NajNaj.eu","isPartOf":{"@id":"https:\/\/najnaj.eu\/sl\/#website"},"primaryImageOfPage":{"@id":"https:\/\/najnaj.eu\/sl\/izdelek\/b-box-silikonska-zascita-za-flip-top-690ml-laguna\/#primaryimage"},"image":{"@id":"https:\/\/najnaj.eu\/sl\/izdelek\/b-box-silikonska-zascita-za-flip-top-690ml-laguna\/#primaryimage"},"thumbnailUrl":"https:\/\/najnaj.eu\/wp-content\/uploads\/2025\/11\/690-Bumper-Lagoon-1.jpg","datePublished":"2025-11-19T08:52:32+00:00","breadcrumb":{"@id":"https:\/\/najnaj.eu\/sl\/izdelek\/b-box-silikonska-zascita-za-flip-top-690ml-laguna\/#breadcrumb"},"inLanguage":"sl-SI","potentialAction":[{"@type":"ReadAction","target":["https:\/\/najnaj.eu\/sl\/izdelek\/b-box-silikonska-zascita-za-flip-top-690ml-laguna\/"]}]},{"@type":"ImageObject","inLanguage":"sl-SI","@id":"https:\/\/najnaj.eu\/sl\/izdelek\/b-box-silikonska-zascita-za-flip-top-690ml-laguna\/#primaryimage","url":"https:\/\/najnaj.eu\/wp-content\/uploads\/2025\/11\/690-Bumper-Lagoon-1.jpg","contentUrl":"https:\/\/najnaj.eu\/wp-content\/uploads\/2025\/11\/690-Bumper-Lagoon-1.jpg","width":1200,"height":1200},{"@type":"BreadcrumbList","@id":"https:\/\/najnaj.eu\/sl\/izdelek\/b-box-silikonska-zascita-za-flip-top-690ml-laguna\/#breadcrumb","itemListElement":[{"@type":"ListItem","position":1,"name":"Po\u010detna stranica","item":"https:\/\/najnaj.eu\/sl\/prednja-stran\/"},{"@type":"ListItem","position":2,"name":"Shop","item":"https:\/\/najnaj.eu\/sl\/shop\/"},{"@type":"ListItem","position":3,"name":"Privatno: b.box Silikonska za\u0161\u010dita za Flip Top 690ml &#8211; laguna"}]},{"@type":"WebSite","@id":"https:\/\/najnaj.eu\/sl\/#website","url":"https:\/\/najnaj.eu\/sl\/","name":"NajNaj.eu","description":"Za najva\u017enije!","publisher":{"@id":"https:\/\/najnaj.eu\/sl\/#organization"},"potentialAction":[{"@type":"SearchAction","target":{"@type":"EntryPoint","urlTemplate":"https:\/\/najnaj.eu\/sl\/?s={search_term_string}"},"query-input":{"@type":"PropertyValueSpecification","valueRequired":true,"valueName":"search_term_string"}}],"inLanguage":"sl-SI"},{"@type":"Organization","@id":"https:\/\/najnaj.eu\/sl\/#organization","name":"NajNaj.eu","url":"https:\/\/najnaj.eu\/sl\/","logo":{"@type":"ImageObject","inLanguage":"sl-SI","@id":"https:\/\/najnaj.eu\/sl\/#\/schema\/logo\/image\/","url":"https:\/\/najnaj.eu\/wp-content\/uploads\/2023\/09\/logo_Najnaj_2023.svg","contentUrl":"https:\/\/najnaj.eu\/wp-content\/uploads\/2023\/09\/logo_Najnaj_2023.svg","width":501,"height":278,"caption":"NajNaj.eu"},"image":{"@id":"https:\/\/najnaj.eu\/sl\/#\/schema\/logo\/image\/"},"sameAs":["https:\/\/web.facebook.com\/najnaj.eu\/","https:\/\/www.instagram.com\/najnaj.eu\/","https:\/\/www.tiktok.com\/@najnaj.eu"]}]},"product_brand":"b.box","product_price_amount":"7.49","product_price_currency":"EUR","og_availability":"instock","product_availability":"instock","product_retailer_item_id":"BX1342","product_condition":"new"},"_links":{"self":[{"href":"https:\/\/najnaj.eu\/sl\/wp-json\/wp\/v2\/product\/279565","targetHints":{"allow":["GET"]}}],"collection":[{"href":"https:\/\/najnaj.eu\/sl\/wp-json\/wp\/v2\/product"}],"about":[{"href":"https:\/\/najnaj.eu\/sl\/wp-json\/wp\/v2\/types\/product"}],"replies":[{"embeddable":true,"href":"https:\/\/najnaj.eu\/sl\/wp-json\/wp\/v2\/comments?post=279565"}],"version-history":[{"count":0,"href":"https:\/\/najnaj.eu\/sl\/wp-json\/wp\/v2\/product\/279565\/revisions"}],"wp:featuredmedia":[{"embeddable":true,"href":"https:\/\/najnaj.eu\/sl\/wp-json\/wp\/v2\/media\/279240"}],"wp:attachment":[{"href":"https:\/\/najnaj.eu\/sl\/wp-json\/wp\/v2\/media?parent=279565"}],"wp:term":[{"taxonomy":"product_brand","embeddable":true,"href":"https:\/\/najnaj.eu\/sl\/wp-json\/wp\/v2\/product_brand?post=279565"},{"taxonomy":"product_cat","embeddable":true,"href":"https:\/\/najnaj.eu\/sl\/wp-json\/wp\/v2\/product_cat?post=279565"},{"taxonomy":"product_tag","embeddable":true,"href":"https:\/\/najnaj.eu\/sl\/wp-json\/wp\/v2\/product_tag?post=279565"}],"curies":[{"name":"wp","href":"https:\/\/api.w.org\/{rel}","templated":true}]}}