{"id":278946,"date":"2025-11-27T16:02:23","date_gmt":"2025-11-27T15:02:23","guid":{"rendered":"https:\/\/najnaj.eu\/?post_type=product&#038;p=278946"},"modified":"2025-11-19T12:16:00","modified_gmt":"2025-11-19T11:16:00","slug":"b-box-sippy-cup-steklenica-s-slamico-boysenberry-kopiraj-kopiraj-kopiraj-kopiraj","status":"publish","type":"product","link":"https:\/\/najnaj.eu\/sl\/izdelek\/b-box-sippy-cup-steklenica-s-slamico-boysenberry-kopiraj-kopiraj-kopiraj-kopiraj\/","title":{"rendered":"b.box jedilni pribor &#8211; saga"},"content":{"rendered":"<p>Na\u0161 komplet jedilnega pribora je bil zasnovan v sodelovanju z vodilnim pediatri\u010dnim delovnim terapevtom kot idealen pripomo\u010dek za otroke, ki so pripravljeni na hranjenje. Njegovi ro\u010daji za enostaven oprijem so nagnjeni za optimalen polo\u017eaj med dlanjo in usti, kar omogo\u010da la\u017eje hranjenje. Velika glava \u017elice slu\u017ei tudi kot prijemalo, ki omogo\u010da mal\u010dkom prijemanje hrane tudi na plitvem kro\u017eniku. Poleg tega njegova edinstvena globoka oblika zajemalke pomeni, da ve\u010d hrane ostane na \u017elici, ko se premika od kro\u017enika do ust! Na\u0161a edinstvena ro\u017ea otrokom olaj\u0161a polnjenje hrane in je zasnovana tako, da ustreza velikosti in obliki malih ust. Poleg tega so njegovi zaobljeni zobje ne\u017enej\u0161i do malih ust in dlesni, tako da lahko mal\u010dki varno jedo. Kompletu je prilo\u017eena prakti\u010dna potovalna torbica, v kateri bo pribor \u010dist pred obrokom.      <\/p>\n","protected":false},"excerpt":{"rendered":"<ul>\n<li>  Ro\u010daji za enostavno dr\u017eanje pod kotom za optimalen polo\u017eaj roke na ustih<\/li>\n<li>Edinstven cvetli\u010dni dizajn otrokom omogo\u010da zajemanje hrane in se prilagaja velikosti in obliki majhnih ust.<\/li>\n<li>Zaobljeni zobje so ne\u017enej\u0161i do majhnih dlesni, zato lahko mal\u010dki varno jedo<\/li>\n<li>Prakti\u010dna potovalna torbica ohranja va\u0161e dodatke \u010diste, ko ste na poti<\/li>\n<li>Lahko se pere v pomivalnem stroju<\/li>\n<\/ul>\n","protected":false},"featured_media":279115,"comment_status":"open","ping_status":"closed","template":"","meta":{"_acf_changed":false,"footnotes":""},"product_brand":[],"product_cat":[577,658,622],"product_tag":[],"class_list":{"0":"post-278946","1":"product","2":"type-product","3":"status-publish","4":"has-post-thumbnail","6":"product_cat-hranjenje","7":"product_cat-pribor-za-jelo","8":"product_cat-posude","9":"pa_boja-zelena","10":"pa_brand-b-box","11":"pa_vrsta-posuda-bocice","13":"first","14":"instock","15":"purchasable","16":"product-type-simple"},"bundled_by":["281141"],"bundle_stock_status":"instock","bundle_stock_quantity":15,"bundle_virtual":false,"bundle_layout":"","bundle_add_to_cart_form_location":"","bundle_editable_in_cart":false,"bundle_sold_individually_context":"","bundle_item_grouping":"","bundle_min_size":"","bundle_max_size":"","bundle_price":[],"bundled_items":[],"bundle_sell_ids":[],"acf":[],"yoast_head":"<!-- This site is optimized with the Yoast SEO Premium plugin v21.5 (Yoast SEO v27.3) - https:\/\/yoast.com\/product\/yoast-seo-premium-wordpress\/ -->\n<title>b.box jedilni pribor - saga - NajNaj.eu<\/title>\n<meta name=\"robots\" content=\"index, follow, max-snippet:-1, max-image-preview:large, max-video-preview:-1\" \/>\n<link rel=\"canonical\" href=\"https:\/\/najnaj.eu\/sl\/izdelek\/b-box-sippy-cup-steklenica-s-slamico-boysenberry-kopiraj-kopiraj-kopiraj-kopiraj\/\" \/>\n<meta property=\"og:locale\" content=\"sl_SI\" \/>\n<meta property=\"og:type\" content=\"article\" \/>\n<meta property=\"og:title\" content=\"b.box jedilni pribor - saga\" \/>\n<meta property=\"og:description\" content=\"Ro\u010daji za enostavno dr\u017eanje pod kotom za optimalen polo\u017eaj roke na ustih  Edinstven cvetli\u010dni dizajn otrokom omogo\u010da zajemanje hrane in se prilagaja velikosti in obliki majhnih ust.  Zaobljeni zobje so ne\u017enej\u0161i do majhnih dlesni, zato lahko mal\u010dki varno jedo  Prakti\u010dna potovalna torbica ohranja va\u0161e dodatke \u010diste, ko ste na poti  Lahko se pere v pomivalnem stroju\" \/>\n<meta property=\"og:url\" content=\"https:\/\/najnaj.eu\/sl\/izdelek\/b-box-sippy-cup-steklenica-s-slamico-boysenberry-kopiraj-kopiraj-kopiraj-kopiraj\/\" \/>\n<meta property=\"og:site_name\" content=\"NajNaj.eu\" \/>\n<meta property=\"article:publisher\" content=\"https:\/\/web.facebook.com\/najnaj.eu\/\" \/>\n<meta property=\"og:image\" content=\"https:\/\/najnaj.eu\/wp-content\/uploads\/2025\/11\/Cutlery-Set_Sage_1.jpg\" \/>\n\t<meta property=\"og:image:width\" content=\"1200\" \/>\n\t<meta property=\"og:image:height\" content=\"1200\" \/>\n\t<meta property=\"og:image:type\" content=\"image\/jpeg\" \/>\n<meta name=\"twitter:card\" content=\"summary_large_image\" \/>\n<meta name=\"twitter:label1\" content=\"Price\" \/>\n\t<meta name=\"twitter:data1\" content=\"9,99&nbsp;&euro;\" \/>\n\t<meta name=\"twitter:label2\" content=\"Availability\" \/>\n\t<meta name=\"twitter:data2\" content=\"In stock\" \/>\n<script type=\"application\/ld+json\" class=\"yoast-schema-graph\">{\"@context\":\"https:\\\/\\\/schema.org\",\"@graph\":[{\"@type\":\"WebPage\",\"@id\":\"https:\\\/\\\/najnaj.eu\\\/sl\\\/izdelek\\\/b-box-sippy-cup-steklenica-s-slamico-boysenberry-kopiraj-kopiraj-kopiraj-kopiraj\\\/\",\"url\":\"https:\\\/\\\/najnaj.eu\\\/sl\\\/izdelek\\\/b-box-sippy-cup-steklenica-s-slamico-boysenberry-kopiraj-kopiraj-kopiraj-kopiraj\\\/\",\"name\":\"b.box jedilni pribor - saga - NajNaj.eu\",\"isPartOf\":{\"@id\":\"https:\\\/\\\/najnaj.eu\\\/sl\\\/#website\"},\"primaryImageOfPage\":{\"@id\":\"https:\\\/\\\/najnaj.eu\\\/sl\\\/izdelek\\\/b-box-sippy-cup-steklenica-s-slamico-boysenberry-kopiraj-kopiraj-kopiraj-kopiraj\\\/#primaryimage\"},\"image\":{\"@id\":\"https:\\\/\\\/najnaj.eu\\\/sl\\\/izdelek\\\/b-box-sippy-cup-steklenica-s-slamico-boysenberry-kopiraj-kopiraj-kopiraj-kopiraj\\\/#primaryimage\"},\"thumbnailUrl\":\"https:\\\/\\\/najnaj.eu\\\/wp-content\\\/uploads\\\/2025\\\/11\\\/Cutlery-Set_Sage_1.jpg\",\"datePublished\":\"2025-11-27T15:02:23+00:00\",\"breadcrumb\":{\"@id\":\"https:\\\/\\\/najnaj.eu\\\/sl\\\/izdelek\\\/b-box-sippy-cup-steklenica-s-slamico-boysenberry-kopiraj-kopiraj-kopiraj-kopiraj\\\/#breadcrumb\"},\"inLanguage\":\"sl-SI\",\"potentialAction\":[{\"@type\":\"ReadAction\",\"target\":[\"https:\\\/\\\/najnaj.eu\\\/sl\\\/izdelek\\\/b-box-sippy-cup-steklenica-s-slamico-boysenberry-kopiraj-kopiraj-kopiraj-kopiraj\\\/\"]}]},{\"@type\":\"ImageObject\",\"inLanguage\":\"sl-SI\",\"@id\":\"https:\\\/\\\/najnaj.eu\\\/sl\\\/izdelek\\\/b-box-sippy-cup-steklenica-s-slamico-boysenberry-kopiraj-kopiraj-kopiraj-kopiraj\\\/#primaryimage\",\"url\":\"https:\\\/\\\/najnaj.eu\\\/wp-content\\\/uploads\\\/2025\\\/11\\\/Cutlery-Set_Sage_1.jpg\",\"contentUrl\":\"https:\\\/\\\/najnaj.eu\\\/wp-content\\\/uploads\\\/2025\\\/11\\\/Cutlery-Set_Sage_1.jpg\",\"width\":1200,\"height\":1200},{\"@type\":\"BreadcrumbList\",\"@id\":\"https:\\\/\\\/najnaj.eu\\\/sl\\\/izdelek\\\/b-box-sippy-cup-steklenica-s-slamico-boysenberry-kopiraj-kopiraj-kopiraj-kopiraj\\\/#breadcrumb\",\"itemListElement\":[{\"@type\":\"ListItem\",\"position\":1,\"name\":\"Po\u010detna stranica\",\"item\":\"https:\\\/\\\/najnaj.eu\\\/sl\\\/prednja-stran\\\/\"},{\"@type\":\"ListItem\",\"position\":2,\"name\":\"Shop\",\"item\":\"https:\\\/\\\/najnaj.eu\\\/sl\\\/shop\\\/\"},{\"@type\":\"ListItem\",\"position\":3,\"name\":\"Privatno: b.box jedilni pribor &#8211; saga\"}]},{\"@type\":\"WebSite\",\"@id\":\"https:\\\/\\\/najnaj.eu\\\/sl\\\/#website\",\"url\":\"https:\\\/\\\/najnaj.eu\\\/sl\\\/\",\"name\":\"NajNaj.eu\",\"description\":\"Za najva\u017enije!\",\"publisher\":{\"@id\":\"https:\\\/\\\/najnaj.eu\\\/sl\\\/#organization\"},\"potentialAction\":[{\"@type\":\"SearchAction\",\"target\":{\"@type\":\"EntryPoint\",\"urlTemplate\":\"https:\\\/\\\/najnaj.eu\\\/sl\\\/?s={search_term_string}\"},\"query-input\":{\"@type\":\"PropertyValueSpecification\",\"valueRequired\":true,\"valueName\":\"search_term_string\"}}],\"inLanguage\":\"sl-SI\"},{\"@type\":\"Organization\",\"@id\":\"https:\\\/\\\/najnaj.eu\\\/sl\\\/#organization\",\"name\":\"NajNaj.eu\",\"url\":\"https:\\\/\\\/najnaj.eu\\\/sl\\\/\",\"logo\":{\"@type\":\"ImageObject\",\"inLanguage\":\"sl-SI\",\"@id\":\"https:\\\/\\\/najnaj.eu\\\/sl\\\/#\\\/schema\\\/logo\\\/image\\\/\",\"url\":\"https:\\\/\\\/najnaj.eu\\\/wp-content\\\/uploads\\\/2023\\\/09\\\/logo_Najnaj_2023.svg\",\"contentUrl\":\"https:\\\/\\\/najnaj.eu\\\/wp-content\\\/uploads\\\/2023\\\/09\\\/logo_Najnaj_2023.svg\",\"width\":501,\"height\":278,\"caption\":\"NajNaj.eu\"},\"image\":{\"@id\":\"https:\\\/\\\/najnaj.eu\\\/sl\\\/#\\\/schema\\\/logo\\\/image\\\/\"},\"sameAs\":[\"https:\\\/\\\/web.facebook.com\\\/najnaj.eu\\\/\",\"https:\\\/\\\/www.instagram.com\\\/najnaj.eu\\\/\",\"https:\\\/\\\/www.tiktok.com\\\/@najnaj.eu\"]}]}<\/script>\n<meta property=\"product:brand\" content=\"b.box\" \/>\n<meta property=\"product:price:amount\" content=\"9.99\" \/>\n<meta property=\"product:price:currency\" content=\"EUR\" \/>\n<meta property=\"og:availability\" content=\"instock\" \/>\n<meta property=\"product:availability\" content=\"instock\" \/>\n<meta property=\"product:retailer_item_id\" content=\"BX1329\" \/>\n<meta property=\"product:condition\" content=\"new\" \/>\n<!-- \/ Yoast SEO Premium plugin. -->","yoast_head_json":{"title":"b.box jedilni pribor - saga - NajNaj.eu","robots":{"index":"index","follow":"follow","max-snippet":"max-snippet:-1","max-image-preview":"max-image-preview:large","max-video-preview":"max-video-preview:-1"},"canonical":"https:\/\/najnaj.eu\/sl\/izdelek\/b-box-sippy-cup-steklenica-s-slamico-boysenberry-kopiraj-kopiraj-kopiraj-kopiraj\/","og_locale":"sl_SI","og_type":"article","og_title":"b.box jedilni pribor - saga","og_description":"Ro\u010daji za enostavno dr\u017eanje pod kotom za optimalen polo\u017eaj roke na ustih  Edinstven cvetli\u010dni dizajn otrokom omogo\u010da zajemanje hrane in se prilagaja velikosti in obliki majhnih ust.  Zaobljeni zobje so ne\u017enej\u0161i do majhnih dlesni, zato lahko mal\u010dki varno jedo  Prakti\u010dna potovalna torbica ohranja va\u0161e dodatke \u010diste, ko ste na poti  Lahko se pere v pomivalnem stroju","og_url":"https:\/\/najnaj.eu\/sl\/izdelek\/b-box-sippy-cup-steklenica-s-slamico-boysenberry-kopiraj-kopiraj-kopiraj-kopiraj\/","og_site_name":"NajNaj.eu","article_publisher":"https:\/\/web.facebook.com\/najnaj.eu\/","og_image":[{"width":1200,"height":1200,"url":"https:\/\/najnaj.eu\/wp-content\/uploads\/2025\/11\/Cutlery-Set_Sage_1.jpg","type":"image\/jpeg"}],"twitter_card":"summary_large_image","twitter_misc":{"Price":"9,99&nbsp;&euro;","Availability":"In stock"},"schema":{"@context":"https:\/\/schema.org","@graph":[{"@type":"WebPage","@id":"https:\/\/najnaj.eu\/sl\/izdelek\/b-box-sippy-cup-steklenica-s-slamico-boysenberry-kopiraj-kopiraj-kopiraj-kopiraj\/","url":"https:\/\/najnaj.eu\/sl\/izdelek\/b-box-sippy-cup-steklenica-s-slamico-boysenberry-kopiraj-kopiraj-kopiraj-kopiraj\/","name":"b.box jedilni pribor - saga - NajNaj.eu","isPartOf":{"@id":"https:\/\/najnaj.eu\/sl\/#website"},"primaryImageOfPage":{"@id":"https:\/\/najnaj.eu\/sl\/izdelek\/b-box-sippy-cup-steklenica-s-slamico-boysenberry-kopiraj-kopiraj-kopiraj-kopiraj\/#primaryimage"},"image":{"@id":"https:\/\/najnaj.eu\/sl\/izdelek\/b-box-sippy-cup-steklenica-s-slamico-boysenberry-kopiraj-kopiraj-kopiraj-kopiraj\/#primaryimage"},"thumbnailUrl":"https:\/\/najnaj.eu\/wp-content\/uploads\/2025\/11\/Cutlery-Set_Sage_1.jpg","datePublished":"2025-11-27T15:02:23+00:00","breadcrumb":{"@id":"https:\/\/najnaj.eu\/sl\/izdelek\/b-box-sippy-cup-steklenica-s-slamico-boysenberry-kopiraj-kopiraj-kopiraj-kopiraj\/#breadcrumb"},"inLanguage":"sl-SI","potentialAction":[{"@type":"ReadAction","target":["https:\/\/najnaj.eu\/sl\/izdelek\/b-box-sippy-cup-steklenica-s-slamico-boysenberry-kopiraj-kopiraj-kopiraj-kopiraj\/"]}]},{"@type":"ImageObject","inLanguage":"sl-SI","@id":"https:\/\/najnaj.eu\/sl\/izdelek\/b-box-sippy-cup-steklenica-s-slamico-boysenberry-kopiraj-kopiraj-kopiraj-kopiraj\/#primaryimage","url":"https:\/\/najnaj.eu\/wp-content\/uploads\/2025\/11\/Cutlery-Set_Sage_1.jpg","contentUrl":"https:\/\/najnaj.eu\/wp-content\/uploads\/2025\/11\/Cutlery-Set_Sage_1.jpg","width":1200,"height":1200},{"@type":"BreadcrumbList","@id":"https:\/\/najnaj.eu\/sl\/izdelek\/b-box-sippy-cup-steklenica-s-slamico-boysenberry-kopiraj-kopiraj-kopiraj-kopiraj\/#breadcrumb","itemListElement":[{"@type":"ListItem","position":1,"name":"Po\u010detna stranica","item":"https:\/\/najnaj.eu\/sl\/prednja-stran\/"},{"@type":"ListItem","position":2,"name":"Shop","item":"https:\/\/najnaj.eu\/sl\/shop\/"},{"@type":"ListItem","position":3,"name":"Privatno: b.box jedilni pribor &#8211; saga"}]},{"@type":"WebSite","@id":"https:\/\/najnaj.eu\/sl\/#website","url":"https:\/\/najnaj.eu\/sl\/","name":"NajNaj.eu","description":"Za najva\u017enije!","publisher":{"@id":"https:\/\/najnaj.eu\/sl\/#organization"},"potentialAction":[{"@type":"SearchAction","target":{"@type":"EntryPoint","urlTemplate":"https:\/\/najnaj.eu\/sl\/?s={search_term_string}"},"query-input":{"@type":"PropertyValueSpecification","valueRequired":true,"valueName":"search_term_string"}}],"inLanguage":"sl-SI"},{"@type":"Organization","@id":"https:\/\/najnaj.eu\/sl\/#organization","name":"NajNaj.eu","url":"https:\/\/najnaj.eu\/sl\/","logo":{"@type":"ImageObject","inLanguage":"sl-SI","@id":"https:\/\/najnaj.eu\/sl\/#\/schema\/logo\/image\/","url":"https:\/\/najnaj.eu\/wp-content\/uploads\/2023\/09\/logo_Najnaj_2023.svg","contentUrl":"https:\/\/najnaj.eu\/wp-content\/uploads\/2023\/09\/logo_Najnaj_2023.svg","width":501,"height":278,"caption":"NajNaj.eu"},"image":{"@id":"https:\/\/najnaj.eu\/sl\/#\/schema\/logo\/image\/"},"sameAs":["https:\/\/web.facebook.com\/najnaj.eu\/","https:\/\/www.instagram.com\/najnaj.eu\/","https:\/\/www.tiktok.com\/@najnaj.eu"]}]},"product_brand":"b.box","product_price_amount":"9.99","product_price_currency":"EUR","og_availability":"instock","product_availability":"instock","product_retailer_item_id":"BX1329","product_condition":"new"},"_links":{"self":[{"href":"https:\/\/najnaj.eu\/sl\/wp-json\/wp\/v2\/product\/278946","targetHints":{"allow":["GET"]}}],"collection":[{"href":"https:\/\/najnaj.eu\/sl\/wp-json\/wp\/v2\/product"}],"about":[{"href":"https:\/\/najnaj.eu\/sl\/wp-json\/wp\/v2\/types\/product"}],"replies":[{"embeddable":true,"href":"https:\/\/najnaj.eu\/sl\/wp-json\/wp\/v2\/comments?post=278946"}],"version-history":[{"count":0,"href":"https:\/\/najnaj.eu\/sl\/wp-json\/wp\/v2\/product\/278946\/revisions"}],"wp:featuredmedia":[{"embeddable":true,"href":"https:\/\/najnaj.eu\/sl\/wp-json\/wp\/v2\/media\/279115"}],"wp:attachment":[{"href":"https:\/\/najnaj.eu\/sl\/wp-json\/wp\/v2\/media?parent=278946"}],"wp:term":[{"taxonomy":"product_brand","embeddable":true,"href":"https:\/\/najnaj.eu\/sl\/wp-json\/wp\/v2\/product_brand?post=278946"},{"taxonomy":"product_cat","embeddable":true,"href":"https:\/\/najnaj.eu\/sl\/wp-json\/wp\/v2\/product_cat?post=278946"},{"taxonomy":"product_tag","embeddable":true,"href":"https:\/\/najnaj.eu\/sl\/wp-json\/wp\/v2\/product_tag?post=278946"}],"curies":[{"name":"wp","href":"https:\/\/api.w.org\/{rel}","templated":true}]}}