{"id":278615,"date":"2025-11-27T15:15:13","date_gmt":"2025-11-27T14:15:13","guid":{"rendered":"https:\/\/najnaj.eu\/?post_type=product&#038;p=278615"},"modified":"2025-11-19T12:15:49","modified_gmt":"2025-11-19T11:15:49","slug":"b-box-termo-posoda-za-hrano-limonin-serbet-kopiraj-kopiraj","status":"publish","type":"product","link":"https:\/\/najnaj.eu\/sl\/izdelek\/b-box-termo-posoda-za-hrano-limonin-serbet-kopiraj-kopiraj\/","title":{"rendered":"b.box Termo posoda za hrano &#8211; blush crush"},"content":{"rendered":"<p>Posoda ohranja hrano na pravi temperaturi ve\u010d ur, odvisno od tega, ali otroci bolj u\u017eivajo v vro\u010dem ali hladnem obroku.<br \/>\n osve\u017eilno sadje in jogurt. Da bo hrana dlje ostala topla, lahko posodo predhodno segrejete tako, da vanjo za 2 minuti nalivate toplo vodo. Po tem bo hrana v posodi ostala topla in okusna. Prilo\u017eene so vilice\/\u017elica, ki se shranijo v prilagojeno re\u017eo. Enostavni ro\u010daji omogo\u010dajo otrokom, da sami odprejo posodo, kar spodbuja njihovo samostojnost. Snemljivi ro\u010daji omogo\u010dajo uporabo te posode starej\u0161im otrokom. Zaradi edinstvenega na\u010dina zapiranja pokrova ni mogo\u010de pretesno zategniti.<\/p>\n","protected":false},"excerpt":{"rendered":"<p>&gt;  Hrana ostane hladna do 7 ali topla do 5 ur<br \/>\n&gt;  Nerjave\u010de jeklo z dvojno izolacijsko steno<br \/>\n&gt;  Ro\u010daji se enostavno odstranijo, tako da lahko posodico \u010dim bolje prilagodite \u017eeljam in potrebam otroka<br \/>\n&gt;  Ro\u010daj na pokrovu omogo\u010da, da otroci sami odprejo posodo<br \/>\n&gt;  Edinstven zama\u0161ek prepre\u010duje premo\u010dno zategovanje pokrova<br \/>\n&gt;  V kompletu vklju\u010dena \u017elica\/vilica, vstavljena v posebno re\u017eo<br \/>\n&gt;  Primerno za pomivanje v pomivalnem stroju<br \/>\n&gt;  Prostornina: 335 ml<\/p>\n","protected":false},"featured_media":278622,"comment_status":"open","ping_status":"closed","template":"","meta":{"_acf_changed":false,"footnotes":""},"product_brand":[],"product_cat":[657,622,2267],"product_tag":[2271],"class_list":{"0":"post-278615","1":"product","2":"type-product","3":"status-publish","4":"has-post-thumbnail","6":"product_cat-tanjuri","7":"product_cat-posude","8":"product_cat-termo-posude","9":"product_tag-zima","10":"pa_boja-roza","11":"pa_brand-b-box","12":"pa_vrsta-posuda-posude-za-hranu","13":"pa_vrsta-posuda-kutije-za-uzinu","15":"first","16":"instock","17":"purchasable","18":"product-type-simple"},"bundled_by":[],"bundle_stock_status":"instock","bundle_stock_quantity":15,"bundle_virtual":false,"bundle_layout":"","bundle_add_to_cart_form_location":"","bundle_editable_in_cart":false,"bundle_sold_individually_context":"","bundle_item_grouping":"","bundle_min_size":"","bundle_max_size":"","bundle_price":[],"bundled_items":[],"bundle_sell_ids":[],"acf":[],"yoast_head":"<!-- This site is optimized with the Yoast SEO Premium plugin v21.5 (Yoast SEO v27.3) - https:\/\/yoast.com\/product\/yoast-seo-premium-wordpress\/ -->\n<title>b.box Termo posoda za hrano - blush crush - NajNaj.eu<\/title>\n<meta name=\"robots\" content=\"index, follow, max-snippet:-1, max-image-preview:large, max-video-preview:-1\" \/>\n<link rel=\"canonical\" href=\"https:\/\/najnaj.eu\/sl\/izdelek\/b-box-termo-posoda-za-hrano-limonin-serbet-kopiraj-kopiraj\/\" \/>\n<meta property=\"og:locale\" content=\"sl_SI\" \/>\n<meta property=\"og:type\" content=\"article\" \/>\n<meta property=\"og:title\" content=\"b.box Termo posoda za hrano - blush crush\" \/>\n<meta property=\"og:description\" content=\"&gt; Hrana ostane hladna do 7 ali topla do 5 ur &gt; Nerjave\u010de jeklo z dvojno izolacijsko steno &gt; Ro\u010daji se enostavno odstranijo, tako da lahko posodico \u010dim bolje prilagodite \u017eeljam in potrebam otroka &gt; Ro\u010daj na pokrovu omogo\u010da, da otroci sami odprejo posodo &gt; Edinstven zama\u0161ek prepre\u010duje premo\u010dno zategovanje pokrova &gt; V kompletu vklju\u010dena \u017elica\/vilica, vstavljena v posebno re\u017eo &gt; Primerno za pomivanje v pomivalnem stroju &gt; Prostornina: 335 ml\" \/>\n<meta property=\"og:url\" content=\"https:\/\/najnaj.eu\/sl\/izdelek\/b-box-termo-posoda-za-hrano-limonin-serbet-kopiraj-kopiraj\/\" \/>\n<meta property=\"og:site_name\" content=\"NajNaj.eu\" \/>\n<meta property=\"article:publisher\" content=\"https:\/\/web.facebook.com\/najnaj.eu\/\" \/>\n<meta property=\"og:image\" content=\"https:\/\/najnaj.eu\/wp-content\/uploads\/2025\/11\/Insulated-Food-Jar-Blush-Crush-1.jpg\" \/>\n\t<meta property=\"og:image:width\" content=\"1200\" \/>\n\t<meta property=\"og:image:height\" content=\"1200\" \/>\n\t<meta property=\"og:image:type\" content=\"image\/jpeg\" \/>\n<meta name=\"twitter:card\" content=\"summary_large_image\" \/>\n<meta name=\"twitter:label1\" content=\"Price\" \/>\n\t<meta name=\"twitter:data1\" content=\"29,99&nbsp;&euro;\" \/>\n\t<meta name=\"twitter:label2\" content=\"Availability\" \/>\n\t<meta name=\"twitter:data2\" content=\"In stock\" \/>\n<script type=\"application\/ld+json\" class=\"yoast-schema-graph\">{\"@context\":\"https:\\\/\\\/schema.org\",\"@graph\":[{\"@type\":\"WebPage\",\"@id\":\"https:\\\/\\\/najnaj.eu\\\/sl\\\/izdelek\\\/b-box-termo-posoda-za-hrano-limonin-serbet-kopiraj-kopiraj\\\/\",\"url\":\"https:\\\/\\\/najnaj.eu\\\/sl\\\/izdelek\\\/b-box-termo-posoda-za-hrano-limonin-serbet-kopiraj-kopiraj\\\/\",\"name\":\"b.box Termo posoda za hrano - blush crush - NajNaj.eu\",\"isPartOf\":{\"@id\":\"https:\\\/\\\/najnaj.eu\\\/sl\\\/#website\"},\"primaryImageOfPage\":{\"@id\":\"https:\\\/\\\/najnaj.eu\\\/sl\\\/izdelek\\\/b-box-termo-posoda-za-hrano-limonin-serbet-kopiraj-kopiraj\\\/#primaryimage\"},\"image\":{\"@id\":\"https:\\\/\\\/najnaj.eu\\\/sl\\\/izdelek\\\/b-box-termo-posoda-za-hrano-limonin-serbet-kopiraj-kopiraj\\\/#primaryimage\"},\"thumbnailUrl\":\"https:\\\/\\\/najnaj.eu\\\/wp-content\\\/uploads\\\/2025\\\/11\\\/Insulated-Food-Jar-Blush-Crush-1.jpg\",\"datePublished\":\"2025-11-27T14:15:13+00:00\",\"breadcrumb\":{\"@id\":\"https:\\\/\\\/najnaj.eu\\\/sl\\\/izdelek\\\/b-box-termo-posoda-za-hrano-limonin-serbet-kopiraj-kopiraj\\\/#breadcrumb\"},\"inLanguage\":\"sl-SI\",\"potentialAction\":[{\"@type\":\"ReadAction\",\"target\":[\"https:\\\/\\\/najnaj.eu\\\/sl\\\/izdelek\\\/b-box-termo-posoda-za-hrano-limonin-serbet-kopiraj-kopiraj\\\/\"]}]},{\"@type\":\"ImageObject\",\"inLanguage\":\"sl-SI\",\"@id\":\"https:\\\/\\\/najnaj.eu\\\/sl\\\/izdelek\\\/b-box-termo-posoda-za-hrano-limonin-serbet-kopiraj-kopiraj\\\/#primaryimage\",\"url\":\"https:\\\/\\\/najnaj.eu\\\/wp-content\\\/uploads\\\/2025\\\/11\\\/Insulated-Food-Jar-Blush-Crush-1.jpg\",\"contentUrl\":\"https:\\\/\\\/najnaj.eu\\\/wp-content\\\/uploads\\\/2025\\\/11\\\/Insulated-Food-Jar-Blush-Crush-1.jpg\",\"width\":1200,\"height\":1200},{\"@type\":\"BreadcrumbList\",\"@id\":\"https:\\\/\\\/najnaj.eu\\\/sl\\\/izdelek\\\/b-box-termo-posoda-za-hrano-limonin-serbet-kopiraj-kopiraj\\\/#breadcrumb\",\"itemListElement\":[{\"@type\":\"ListItem\",\"position\":1,\"name\":\"Po\u010detna stranica\",\"item\":\"https:\\\/\\\/najnaj.eu\\\/sl\\\/prednja-stran\\\/\"},{\"@type\":\"ListItem\",\"position\":2,\"name\":\"Shop\",\"item\":\"https:\\\/\\\/najnaj.eu\\\/sl\\\/shop\\\/\"},{\"@type\":\"ListItem\",\"position\":3,\"name\":\"b.box Termo posoda za hrano &#8211; blush crush\"}]},{\"@type\":\"WebSite\",\"@id\":\"https:\\\/\\\/najnaj.eu\\\/sl\\\/#website\",\"url\":\"https:\\\/\\\/najnaj.eu\\\/sl\\\/\",\"name\":\"NajNaj.eu\",\"description\":\"Za najva\u017enije!\",\"publisher\":{\"@id\":\"https:\\\/\\\/najnaj.eu\\\/sl\\\/#organization\"},\"potentialAction\":[{\"@type\":\"SearchAction\",\"target\":{\"@type\":\"EntryPoint\",\"urlTemplate\":\"https:\\\/\\\/najnaj.eu\\\/sl\\\/?s={search_term_string}\"},\"query-input\":{\"@type\":\"PropertyValueSpecification\",\"valueRequired\":true,\"valueName\":\"search_term_string\"}}],\"inLanguage\":\"sl-SI\"},{\"@type\":\"Organization\",\"@id\":\"https:\\\/\\\/najnaj.eu\\\/sl\\\/#organization\",\"name\":\"NajNaj.eu\",\"url\":\"https:\\\/\\\/najnaj.eu\\\/sl\\\/\",\"logo\":{\"@type\":\"ImageObject\",\"inLanguage\":\"sl-SI\",\"@id\":\"https:\\\/\\\/najnaj.eu\\\/sl\\\/#\\\/schema\\\/logo\\\/image\\\/\",\"url\":\"https:\\\/\\\/najnaj.eu\\\/wp-content\\\/uploads\\\/2023\\\/09\\\/logo_Najnaj_2023.svg\",\"contentUrl\":\"https:\\\/\\\/najnaj.eu\\\/wp-content\\\/uploads\\\/2023\\\/09\\\/logo_Najnaj_2023.svg\",\"width\":501,\"height\":278,\"caption\":\"NajNaj.eu\"},\"image\":{\"@id\":\"https:\\\/\\\/najnaj.eu\\\/sl\\\/#\\\/schema\\\/logo\\\/image\\\/\"},\"sameAs\":[\"https:\\\/\\\/web.facebook.com\\\/najnaj.eu\\\/\",\"https:\\\/\\\/www.instagram.com\\\/najnaj.eu\\\/\",\"https:\\\/\\\/www.tiktok.com\\\/@najnaj.eu\"]}]}<\/script>\n<meta property=\"product:brand\" content=\"b.box\" \/>\n<meta property=\"product:price:amount\" content=\"29.99\" \/>\n<meta property=\"product:price:currency\" content=\"EUR\" \/>\n<meta property=\"og:availability\" content=\"instock\" \/>\n<meta property=\"product:availability\" content=\"instock\" \/>\n<meta property=\"product:retailer_item_id\" content=\"BX1350\" \/>\n<meta property=\"product:condition\" content=\"new\" \/>\n<!-- \/ Yoast SEO Premium plugin. -->","yoast_head_json":{"title":"b.box Termo posoda za hrano - blush crush - NajNaj.eu","robots":{"index":"index","follow":"follow","max-snippet":"max-snippet:-1","max-image-preview":"max-image-preview:large","max-video-preview":"max-video-preview:-1"},"canonical":"https:\/\/najnaj.eu\/sl\/izdelek\/b-box-termo-posoda-za-hrano-limonin-serbet-kopiraj-kopiraj\/","og_locale":"sl_SI","og_type":"article","og_title":"b.box Termo posoda za hrano - blush crush","og_description":"&gt; Hrana ostane hladna do 7 ali topla do 5 ur &gt; Nerjave\u010de jeklo z dvojno izolacijsko steno &gt; Ro\u010daji se enostavno odstranijo, tako da lahko posodico \u010dim bolje prilagodite \u017eeljam in potrebam otroka &gt; Ro\u010daj na pokrovu omogo\u010da, da otroci sami odprejo posodo &gt; Edinstven zama\u0161ek prepre\u010duje premo\u010dno zategovanje pokrova &gt; V kompletu vklju\u010dena \u017elica\/vilica, vstavljena v posebno re\u017eo &gt; Primerno za pomivanje v pomivalnem stroju &gt; Prostornina: 335 ml","og_url":"https:\/\/najnaj.eu\/sl\/izdelek\/b-box-termo-posoda-za-hrano-limonin-serbet-kopiraj-kopiraj\/","og_site_name":"NajNaj.eu","article_publisher":"https:\/\/web.facebook.com\/najnaj.eu\/","og_image":[{"width":1200,"height":1200,"url":"https:\/\/najnaj.eu\/wp-content\/uploads\/2025\/11\/Insulated-Food-Jar-Blush-Crush-1.jpg","type":"image\/jpeg"}],"twitter_card":"summary_large_image","twitter_misc":{"Price":"29,99&nbsp;&euro;","Availability":"In stock"},"schema":{"@context":"https:\/\/schema.org","@graph":[{"@type":"WebPage","@id":"https:\/\/najnaj.eu\/sl\/izdelek\/b-box-termo-posoda-za-hrano-limonin-serbet-kopiraj-kopiraj\/","url":"https:\/\/najnaj.eu\/sl\/izdelek\/b-box-termo-posoda-za-hrano-limonin-serbet-kopiraj-kopiraj\/","name":"b.box Termo posoda za hrano - blush crush - NajNaj.eu","isPartOf":{"@id":"https:\/\/najnaj.eu\/sl\/#website"},"primaryImageOfPage":{"@id":"https:\/\/najnaj.eu\/sl\/izdelek\/b-box-termo-posoda-za-hrano-limonin-serbet-kopiraj-kopiraj\/#primaryimage"},"image":{"@id":"https:\/\/najnaj.eu\/sl\/izdelek\/b-box-termo-posoda-za-hrano-limonin-serbet-kopiraj-kopiraj\/#primaryimage"},"thumbnailUrl":"https:\/\/najnaj.eu\/wp-content\/uploads\/2025\/11\/Insulated-Food-Jar-Blush-Crush-1.jpg","datePublished":"2025-11-27T14:15:13+00:00","breadcrumb":{"@id":"https:\/\/najnaj.eu\/sl\/izdelek\/b-box-termo-posoda-za-hrano-limonin-serbet-kopiraj-kopiraj\/#breadcrumb"},"inLanguage":"sl-SI","potentialAction":[{"@type":"ReadAction","target":["https:\/\/najnaj.eu\/sl\/izdelek\/b-box-termo-posoda-za-hrano-limonin-serbet-kopiraj-kopiraj\/"]}]},{"@type":"ImageObject","inLanguage":"sl-SI","@id":"https:\/\/najnaj.eu\/sl\/izdelek\/b-box-termo-posoda-za-hrano-limonin-serbet-kopiraj-kopiraj\/#primaryimage","url":"https:\/\/najnaj.eu\/wp-content\/uploads\/2025\/11\/Insulated-Food-Jar-Blush-Crush-1.jpg","contentUrl":"https:\/\/najnaj.eu\/wp-content\/uploads\/2025\/11\/Insulated-Food-Jar-Blush-Crush-1.jpg","width":1200,"height":1200},{"@type":"BreadcrumbList","@id":"https:\/\/najnaj.eu\/sl\/izdelek\/b-box-termo-posoda-za-hrano-limonin-serbet-kopiraj-kopiraj\/#breadcrumb","itemListElement":[{"@type":"ListItem","position":1,"name":"Po\u010detna stranica","item":"https:\/\/najnaj.eu\/sl\/prednja-stran\/"},{"@type":"ListItem","position":2,"name":"Shop","item":"https:\/\/najnaj.eu\/sl\/shop\/"},{"@type":"ListItem","position":3,"name":"b.box Termo posoda za hrano &#8211; blush crush"}]},{"@type":"WebSite","@id":"https:\/\/najnaj.eu\/sl\/#website","url":"https:\/\/najnaj.eu\/sl\/","name":"NajNaj.eu","description":"Za najva\u017enije!","publisher":{"@id":"https:\/\/najnaj.eu\/sl\/#organization"},"potentialAction":[{"@type":"SearchAction","target":{"@type":"EntryPoint","urlTemplate":"https:\/\/najnaj.eu\/sl\/?s={search_term_string}"},"query-input":{"@type":"PropertyValueSpecification","valueRequired":true,"valueName":"search_term_string"}}],"inLanguage":"sl-SI"},{"@type":"Organization","@id":"https:\/\/najnaj.eu\/sl\/#organization","name":"NajNaj.eu","url":"https:\/\/najnaj.eu\/sl\/","logo":{"@type":"ImageObject","inLanguage":"sl-SI","@id":"https:\/\/najnaj.eu\/sl\/#\/schema\/logo\/image\/","url":"https:\/\/najnaj.eu\/wp-content\/uploads\/2023\/09\/logo_Najnaj_2023.svg","contentUrl":"https:\/\/najnaj.eu\/wp-content\/uploads\/2023\/09\/logo_Najnaj_2023.svg","width":501,"height":278,"caption":"NajNaj.eu"},"image":{"@id":"https:\/\/najnaj.eu\/sl\/#\/schema\/logo\/image\/"},"sameAs":["https:\/\/web.facebook.com\/najnaj.eu\/","https:\/\/www.instagram.com\/najnaj.eu\/","https:\/\/www.tiktok.com\/@najnaj.eu"]}]},"product_brand":"b.box","product_price_amount":"29.99","product_price_currency":"EUR","og_availability":"instock","product_availability":"instock","product_retailer_item_id":"BX1350","product_condition":"new"},"_links":{"self":[{"href":"https:\/\/najnaj.eu\/sl\/wp-json\/wp\/v2\/product\/278615","targetHints":{"allow":["GET"]}}],"collection":[{"href":"https:\/\/najnaj.eu\/sl\/wp-json\/wp\/v2\/product"}],"about":[{"href":"https:\/\/najnaj.eu\/sl\/wp-json\/wp\/v2\/types\/product"}],"replies":[{"embeddable":true,"href":"https:\/\/najnaj.eu\/sl\/wp-json\/wp\/v2\/comments?post=278615"}],"version-history":[{"count":0,"href":"https:\/\/najnaj.eu\/sl\/wp-json\/wp\/v2\/product\/278615\/revisions"}],"wp:featuredmedia":[{"embeddable":true,"href":"https:\/\/najnaj.eu\/sl\/wp-json\/wp\/v2\/media\/278622"}],"wp:attachment":[{"href":"https:\/\/najnaj.eu\/sl\/wp-json\/wp\/v2\/media?parent=278615"}],"wp:term":[{"taxonomy":"product_brand","embeddable":true,"href":"https:\/\/najnaj.eu\/sl\/wp-json\/wp\/v2\/product_brand?post=278615"},{"taxonomy":"product_cat","embeddable":true,"href":"https:\/\/najnaj.eu\/sl\/wp-json\/wp\/v2\/product_cat?post=278615"},{"taxonomy":"product_tag","embeddable":true,"href":"https:\/\/najnaj.eu\/sl\/wp-json\/wp\/v2\/product_tag?post=278615"}],"curies":[{"name":"wp","href":"https:\/\/api.w.org\/{rel}","templated":true}]}}