{"id":278586,"date":"2025-11-27T15:12:24","date_gmt":"2025-11-27T14:12:24","guid":{"rendered":"https:\/\/najnaj.eu\/?post_type=product&#038;p=278586"},"modified":"2025-11-19T12:15:44","modified_gmt":"2025-11-19T11:15:44","slug":"b-box-steklenicka-s-slamico-in-sirupom-latte-kopiraj-kopiraj","status":"publish","type":"product","link":"https:\/\/najnaj.eu\/sl\/izdelek\/b-box-steklenicka-s-slamico-in-sirupom-latte-kopiraj-kopiraj\/","title":{"rendered":"b.box 3v1 prehodni set za pitje &#8211; ocean"},"content":{"rendered":"<p>Z osnovnim kompletom 3 v 1 lahko brez te\u017eav preidete od za\u010detnika do samostojnega pitja. Ta komplet vse v enem vklju\u010duje mehak silikonski ustnik, na\u0161 nagrajeni lon\u010dek Sippy Cup s slamico in pokrov\u010dek za vadbo pitja brez razlitja. <\/p>\n<p>1. Stekleni\u010dka z izlivom<br \/>\n Ko je \u010das za hidracijo, je na\u0161a stekleni\u010dka z ustnikom idealna izbira. Ima ne\u017een silikonski ustnik, ro\u010daje, ki jih je enostavno prijeti, in vgrajen pokrov\u010dek ustnika, ki ohranja vse \u010disto.<br \/>\n &#8211; Ergonomsko oblikovan silikonski ustnik za udobno pitje<br \/>\n &#8211; Vgrajen higienski pokrov izliva ohranja izliv \u010dist in za\u0161\u010diten<br \/>\n &#8211; Ro\u010daji, ki jih je enostavno prijeti, spodbujajo neodvisnost<br \/>\n &#8211; Brez pu\u0161\u010danja za nemoteno hidracijo<br \/>\n &#8211; Primerno za dojen\u010dke, starej\u0161e od 4 mesecev. <\/p>\n<p>2. Stekleni\u010dka Sippy Cup s slamico<br \/>\n Na\u0161a nagrajena skodelica za pitje ima inovativno slamico b.box z ute\u017ejo, ki se premika skupaj s teko\u010dino \u2013 ne glede na kot skodelice. Slamica ima edinstven dvosmerni ventil, ki zagotavlja enostavno in neprepustno pitje, tudi z vro\u010do vodo.<br \/>\n &#8211; Ute\u017eena slamica se premika s teko\u010dino za pitje iz katerega koli kota<br \/>\n &#8211; Neprepustna zasnova z edinstvenim dvosmernim ventilom, primerna za vro\u010de ali hladne teko\u010dine<br \/>\n &#8211; Ro\u010daji, ki jih je enostavno prijeti, spodbujajo samostojno pitje<br \/>\n &#8211; Pokrov\u010dek na odpiranje ohranja konico slamice \u010disto in higiensko<br \/>\n &#8211; Primerno za dojen\u010dke, starej\u0161e od 6 mesecev. <\/p>\n<p>3. Skodelica za samostojno pitje<br \/>\n Naj mal\u010dki pijejo kot veliki otroci. U\u010dna skodelica je odli\u010den na\u010din, da se mal\u010dki nau\u010dijo piti iz skodelice samozavestno in nadzorovano.<br \/>\n&#8211; Posnema tok velike otro\u0161ke skodelice tako, da teko\u010dino usmerja proti robu za enostavno in prosto pitje.<br \/>\n&#8211; Edinstveno okence za vodo v pokrovu pomaga otrokom videti gladino vode in se nau\u010diti, koliko nagniti skodelico.<br \/>\n&#8211; Zamenljiva podlaga in pokrov &#8211; preklapljajte med ustnikom, skodelico za srkanje in pokrovi za vadbo, ko va\u0161 dojen\u010dek raste.<br \/>\n&#8211; Primerno za otroke, starej\u0161e od 12 mesecev.<\/p>\n","protected":false},"excerpt":{"rendered":"<p>1 skodelica, 3 pokrov\u010dki &#8211; pokrov\u010dke enostavno menjajte, ko otrok raste, in se prilagodite vsaki starosti in stopnji razvoja<\/p>\n<ul>\n<li>  Podstavek se prilega vsakemu pokrovu<\/li>\n<li>Vklju\u010duje na\u0161 nagrajeni Sippy Cup<\/li>\n<li>Lahko se pere v pomivalnem stroju<\/li>\n<li>Prostornina dna 240 ml\/8 oz<\/li>\n<\/ul>\n","protected":false},"featured_media":278592,"comment_status":"open","ping_status":"closed","template":"","meta":{"_acf_changed":false,"footnotes":""},"product_brand":[],"product_cat":[2228,1167,2231,1275,1312],"product_tag":[],"class_list":{"0":"post-278586","1":"product","2":"type-product","3":"status-publish","4":"has-post-thumbnail","6":"product_cat-darila","7":"product_cat-hranjenje-sl","8":"product_cat-kompleti","9":"product_cat-posoda","10":"product_cat-steklenice-za-vodo","11":"pa_boja-plava-sl","12":"pa_brand-b-box-sl","13":"pa_vrsta-posuda-steklenice-za-vodo","15":"first","16":"instock","17":"purchasable","18":"product-type-simple"},"bundled_by":[],"bundle_stock_status":"instock","bundle_stock_quantity":15,"bundle_virtual":false,"bundle_layout":"","bundle_add_to_cart_form_location":"","bundle_editable_in_cart":false,"bundle_sold_individually_context":"","bundle_item_grouping":"","bundle_min_size":"","bundle_max_size":"","bundle_price":[],"bundled_items":[],"bundle_sell_ids":[],"acf":[],"yoast_head":"<!-- This site is optimized with the Yoast SEO Premium plugin v21.5 (Yoast SEO v27.3) - https:\/\/yoast.com\/product\/yoast-seo-premium-wordpress\/ -->\n<title>b.box 3v1 prehodni set za pitje - ocean - NajNaj.eu<\/title>\n<meta name=\"robots\" content=\"index, follow, max-snippet:-1, max-image-preview:large, max-video-preview:-1\" \/>\n<link rel=\"canonical\" href=\"https:\/\/najnaj.eu\/sl\/izdelek\/b-box-steklenicka-s-slamico-in-sirupom-latte-kopiraj-kopiraj\/\" \/>\n<meta property=\"og:locale\" content=\"sl_SI\" \/>\n<meta property=\"og:type\" content=\"article\" \/>\n<meta property=\"og:title\" content=\"b.box 3v1 prehodni set za pitje - ocean\" \/>\n<meta property=\"og:description\" content=\"1 skodelica, 3 pokrov\u010dki - pokrov\u010dke enostavno menjajte, ko otrok raste, in se prilagodite vsaki starosti in stopnji razvoja   Podstavek se prilega vsakemu pokrovu  Vklju\u010duje na\u0161 nagrajeni Sippy Cup  Lahko se pere v pomivalnem stroju  Prostornina dna 240 ml\/8 oz\" \/>\n<meta property=\"og:url\" content=\"https:\/\/najnaj.eu\/sl\/izdelek\/b-box-steklenicka-s-slamico-in-sirupom-latte-kopiraj-kopiraj\/\" \/>\n<meta property=\"og:site_name\" content=\"NajNaj.eu\" \/>\n<meta property=\"article:publisher\" content=\"https:\/\/web.facebook.com\/najnaj.eu\/\" \/>\n<meta property=\"og:image\" content=\"https:\/\/najnaj.eu\/wp-content\/uploads\/2025\/11\/3-in-1-value-pack_Ocean-1.jpg\" \/>\n\t<meta property=\"og:image:width\" content=\"1200\" \/>\n\t<meta property=\"og:image:height\" content=\"1200\" \/>\n\t<meta property=\"og:image:type\" content=\"image\/jpeg\" \/>\n<meta name=\"twitter:card\" content=\"summary_large_image\" \/>\n<meta name=\"twitter:label1\" content=\"Price\" \/>\n\t<meta name=\"twitter:data1\" content=\"21,99&nbsp;&euro;\" \/>\n\t<meta name=\"twitter:label2\" content=\"Availability\" \/>\n\t<meta name=\"twitter:data2\" content=\"In stock\" \/>\n<script type=\"application\/ld+json\" class=\"yoast-schema-graph\">{\"@context\":\"https:\\\/\\\/schema.org\",\"@graph\":[{\"@type\":\"WebPage\",\"@id\":\"https:\\\/\\\/najnaj.eu\\\/sl\\\/izdelek\\\/b-box-steklenicka-s-slamico-in-sirupom-latte-kopiraj-kopiraj\\\/\",\"url\":\"https:\\\/\\\/najnaj.eu\\\/sl\\\/izdelek\\\/b-box-steklenicka-s-slamico-in-sirupom-latte-kopiraj-kopiraj\\\/\",\"name\":\"b.box 3v1 prehodni set za pitje - ocean - NajNaj.eu\",\"isPartOf\":{\"@id\":\"https:\\\/\\\/najnaj.eu\\\/sl\\\/#website\"},\"primaryImageOfPage\":{\"@id\":\"https:\\\/\\\/najnaj.eu\\\/sl\\\/izdelek\\\/b-box-steklenicka-s-slamico-in-sirupom-latte-kopiraj-kopiraj\\\/#primaryimage\"},\"image\":{\"@id\":\"https:\\\/\\\/najnaj.eu\\\/sl\\\/izdelek\\\/b-box-steklenicka-s-slamico-in-sirupom-latte-kopiraj-kopiraj\\\/#primaryimage\"},\"thumbnailUrl\":\"https:\\\/\\\/najnaj.eu\\\/wp-content\\\/uploads\\\/2025\\\/11\\\/3-in-1-value-pack_Ocean-1.jpg\",\"datePublished\":\"2025-11-27T14:12:24+00:00\",\"breadcrumb\":{\"@id\":\"https:\\\/\\\/najnaj.eu\\\/sl\\\/izdelek\\\/b-box-steklenicka-s-slamico-in-sirupom-latte-kopiraj-kopiraj\\\/#breadcrumb\"},\"inLanguage\":\"sl-SI\",\"potentialAction\":[{\"@type\":\"ReadAction\",\"target\":[\"https:\\\/\\\/najnaj.eu\\\/sl\\\/izdelek\\\/b-box-steklenicka-s-slamico-in-sirupom-latte-kopiraj-kopiraj\\\/\"]}]},{\"@type\":\"ImageObject\",\"inLanguage\":\"sl-SI\",\"@id\":\"https:\\\/\\\/najnaj.eu\\\/sl\\\/izdelek\\\/b-box-steklenicka-s-slamico-in-sirupom-latte-kopiraj-kopiraj\\\/#primaryimage\",\"url\":\"https:\\\/\\\/najnaj.eu\\\/wp-content\\\/uploads\\\/2025\\\/11\\\/3-in-1-value-pack_Ocean-1.jpg\",\"contentUrl\":\"https:\\\/\\\/najnaj.eu\\\/wp-content\\\/uploads\\\/2025\\\/11\\\/3-in-1-value-pack_Ocean-1.jpg\",\"width\":1200,\"height\":1200},{\"@type\":\"BreadcrumbList\",\"@id\":\"https:\\\/\\\/najnaj.eu\\\/sl\\\/izdelek\\\/b-box-steklenicka-s-slamico-in-sirupom-latte-kopiraj-kopiraj\\\/#breadcrumb\",\"itemListElement\":[{\"@type\":\"ListItem\",\"position\":1,\"name\":\"Po\u010detna stranica\",\"item\":\"https:\\\/\\\/najnaj.eu\\\/sl\\\/prednja-stran\\\/\"},{\"@type\":\"ListItem\",\"position\":2,\"name\":\"Shop\",\"item\":\"https:\\\/\\\/najnaj.eu\\\/sl\\\/shop\\\/\"},{\"@type\":\"ListItem\",\"position\":3,\"name\":\"Privatno: b.box 3v1 prehodni set za pitje &#8211; ocean\"}]},{\"@type\":\"WebSite\",\"@id\":\"https:\\\/\\\/najnaj.eu\\\/sl\\\/#website\",\"url\":\"https:\\\/\\\/najnaj.eu\\\/sl\\\/\",\"name\":\"NajNaj.eu\",\"description\":\"Za najva\u017enije!\",\"publisher\":{\"@id\":\"https:\\\/\\\/najnaj.eu\\\/sl\\\/#organization\"},\"potentialAction\":[{\"@type\":\"SearchAction\",\"target\":{\"@type\":\"EntryPoint\",\"urlTemplate\":\"https:\\\/\\\/najnaj.eu\\\/sl\\\/?s={search_term_string}\"},\"query-input\":{\"@type\":\"PropertyValueSpecification\",\"valueRequired\":true,\"valueName\":\"search_term_string\"}}],\"inLanguage\":\"sl-SI\"},{\"@type\":\"Organization\",\"@id\":\"https:\\\/\\\/najnaj.eu\\\/sl\\\/#organization\",\"name\":\"NajNaj.eu\",\"url\":\"https:\\\/\\\/najnaj.eu\\\/sl\\\/\",\"logo\":{\"@type\":\"ImageObject\",\"inLanguage\":\"sl-SI\",\"@id\":\"https:\\\/\\\/najnaj.eu\\\/sl\\\/#\\\/schema\\\/logo\\\/image\\\/\",\"url\":\"https:\\\/\\\/najnaj.eu\\\/wp-content\\\/uploads\\\/2023\\\/09\\\/logo_Najnaj_2023.svg\",\"contentUrl\":\"https:\\\/\\\/najnaj.eu\\\/wp-content\\\/uploads\\\/2023\\\/09\\\/logo_Najnaj_2023.svg\",\"width\":501,\"height\":278,\"caption\":\"NajNaj.eu\"},\"image\":{\"@id\":\"https:\\\/\\\/najnaj.eu\\\/sl\\\/#\\\/schema\\\/logo\\\/image\\\/\"},\"sameAs\":[\"https:\\\/\\\/web.facebook.com\\\/najnaj.eu\\\/\",\"https:\\\/\\\/www.instagram.com\\\/najnaj.eu\\\/\",\"https:\\\/\\\/www.tiktok.com\\\/@najnaj.eu\"]}]}<\/script>\n<meta property=\"product:brand\" content=\"b.box\" \/>\n<meta property=\"product:price:amount\" content=\"21.99\" \/>\n<meta property=\"product:price:currency\" content=\"EUR\" \/>\n<meta property=\"og:availability\" content=\"instock\" \/>\n<meta property=\"product:availability\" content=\"instock\" \/>\n<meta property=\"product:retailer_item_id\" content=\"BX1348\" \/>\n<meta property=\"product:condition\" content=\"new\" \/>\n<!-- \/ Yoast SEO Premium plugin. -->","yoast_head_json":{"title":"b.box 3v1 prehodni set za pitje - ocean - NajNaj.eu","robots":{"index":"index","follow":"follow","max-snippet":"max-snippet:-1","max-image-preview":"max-image-preview:large","max-video-preview":"max-video-preview:-1"},"canonical":"https:\/\/najnaj.eu\/sl\/izdelek\/b-box-steklenicka-s-slamico-in-sirupom-latte-kopiraj-kopiraj\/","og_locale":"sl_SI","og_type":"article","og_title":"b.box 3v1 prehodni set za pitje - ocean","og_description":"1 skodelica, 3 pokrov\u010dki - pokrov\u010dke enostavno menjajte, ko otrok raste, in se prilagodite vsaki starosti in stopnji razvoja   Podstavek se prilega vsakemu pokrovu  Vklju\u010duje na\u0161 nagrajeni Sippy Cup  Lahko se pere v pomivalnem stroju  Prostornina dna 240 ml\/8 oz","og_url":"https:\/\/najnaj.eu\/sl\/izdelek\/b-box-steklenicka-s-slamico-in-sirupom-latte-kopiraj-kopiraj\/","og_site_name":"NajNaj.eu","article_publisher":"https:\/\/web.facebook.com\/najnaj.eu\/","og_image":[{"width":1200,"height":1200,"url":"https:\/\/najnaj.eu\/wp-content\/uploads\/2025\/11\/3-in-1-value-pack_Ocean-1.jpg","type":"image\/jpeg"}],"twitter_card":"summary_large_image","twitter_misc":{"Price":"21,99&nbsp;&euro;","Availability":"In stock"},"schema":{"@context":"https:\/\/schema.org","@graph":[{"@type":"WebPage","@id":"https:\/\/najnaj.eu\/sl\/izdelek\/b-box-steklenicka-s-slamico-in-sirupom-latte-kopiraj-kopiraj\/","url":"https:\/\/najnaj.eu\/sl\/izdelek\/b-box-steklenicka-s-slamico-in-sirupom-latte-kopiraj-kopiraj\/","name":"b.box 3v1 prehodni set za pitje - ocean - NajNaj.eu","isPartOf":{"@id":"https:\/\/najnaj.eu\/sl\/#website"},"primaryImageOfPage":{"@id":"https:\/\/najnaj.eu\/sl\/izdelek\/b-box-steklenicka-s-slamico-in-sirupom-latte-kopiraj-kopiraj\/#primaryimage"},"image":{"@id":"https:\/\/najnaj.eu\/sl\/izdelek\/b-box-steklenicka-s-slamico-in-sirupom-latte-kopiraj-kopiraj\/#primaryimage"},"thumbnailUrl":"https:\/\/najnaj.eu\/wp-content\/uploads\/2025\/11\/3-in-1-value-pack_Ocean-1.jpg","datePublished":"2025-11-27T14:12:24+00:00","breadcrumb":{"@id":"https:\/\/najnaj.eu\/sl\/izdelek\/b-box-steklenicka-s-slamico-in-sirupom-latte-kopiraj-kopiraj\/#breadcrumb"},"inLanguage":"sl-SI","potentialAction":[{"@type":"ReadAction","target":["https:\/\/najnaj.eu\/sl\/izdelek\/b-box-steklenicka-s-slamico-in-sirupom-latte-kopiraj-kopiraj\/"]}]},{"@type":"ImageObject","inLanguage":"sl-SI","@id":"https:\/\/najnaj.eu\/sl\/izdelek\/b-box-steklenicka-s-slamico-in-sirupom-latte-kopiraj-kopiraj\/#primaryimage","url":"https:\/\/najnaj.eu\/wp-content\/uploads\/2025\/11\/3-in-1-value-pack_Ocean-1.jpg","contentUrl":"https:\/\/najnaj.eu\/wp-content\/uploads\/2025\/11\/3-in-1-value-pack_Ocean-1.jpg","width":1200,"height":1200},{"@type":"BreadcrumbList","@id":"https:\/\/najnaj.eu\/sl\/izdelek\/b-box-steklenicka-s-slamico-in-sirupom-latte-kopiraj-kopiraj\/#breadcrumb","itemListElement":[{"@type":"ListItem","position":1,"name":"Po\u010detna stranica","item":"https:\/\/najnaj.eu\/sl\/prednja-stran\/"},{"@type":"ListItem","position":2,"name":"Shop","item":"https:\/\/najnaj.eu\/sl\/shop\/"},{"@type":"ListItem","position":3,"name":"Privatno: b.box 3v1 prehodni set za pitje &#8211; ocean"}]},{"@type":"WebSite","@id":"https:\/\/najnaj.eu\/sl\/#website","url":"https:\/\/najnaj.eu\/sl\/","name":"NajNaj.eu","description":"Za najva\u017enije!","publisher":{"@id":"https:\/\/najnaj.eu\/sl\/#organization"},"potentialAction":[{"@type":"SearchAction","target":{"@type":"EntryPoint","urlTemplate":"https:\/\/najnaj.eu\/sl\/?s={search_term_string}"},"query-input":{"@type":"PropertyValueSpecification","valueRequired":true,"valueName":"search_term_string"}}],"inLanguage":"sl-SI"},{"@type":"Organization","@id":"https:\/\/najnaj.eu\/sl\/#organization","name":"NajNaj.eu","url":"https:\/\/najnaj.eu\/sl\/","logo":{"@type":"ImageObject","inLanguage":"sl-SI","@id":"https:\/\/najnaj.eu\/sl\/#\/schema\/logo\/image\/","url":"https:\/\/najnaj.eu\/wp-content\/uploads\/2023\/09\/logo_Najnaj_2023.svg","contentUrl":"https:\/\/najnaj.eu\/wp-content\/uploads\/2023\/09\/logo_Najnaj_2023.svg","width":501,"height":278,"caption":"NajNaj.eu"},"image":{"@id":"https:\/\/najnaj.eu\/sl\/#\/schema\/logo\/image\/"},"sameAs":["https:\/\/web.facebook.com\/najnaj.eu\/","https:\/\/www.instagram.com\/najnaj.eu\/","https:\/\/www.tiktok.com\/@najnaj.eu"]}]},"product_brand":"b.box","product_price_amount":"21.99","product_price_currency":"EUR","og_availability":"instock","product_availability":"instock","product_retailer_item_id":"BX1348","product_condition":"new"},"_links":{"self":[{"href":"https:\/\/najnaj.eu\/sl\/wp-json\/wp\/v2\/product\/278586","targetHints":{"allow":["GET"]}}],"collection":[{"href":"https:\/\/najnaj.eu\/sl\/wp-json\/wp\/v2\/product"}],"about":[{"href":"https:\/\/najnaj.eu\/sl\/wp-json\/wp\/v2\/types\/product"}],"replies":[{"embeddable":true,"href":"https:\/\/najnaj.eu\/sl\/wp-json\/wp\/v2\/comments?post=278586"}],"version-history":[{"count":0,"href":"https:\/\/najnaj.eu\/sl\/wp-json\/wp\/v2\/product\/278586\/revisions"}],"wp:featuredmedia":[{"embeddable":true,"href":"https:\/\/najnaj.eu\/sl\/wp-json\/wp\/v2\/media\/278592"}],"wp:attachment":[{"href":"https:\/\/najnaj.eu\/sl\/wp-json\/wp\/v2\/media?parent=278586"}],"wp:term":[{"taxonomy":"product_brand","embeddable":true,"href":"https:\/\/najnaj.eu\/sl\/wp-json\/wp\/v2\/product_brand?post=278586"},{"taxonomy":"product_cat","embeddable":true,"href":"https:\/\/najnaj.eu\/sl\/wp-json\/wp\/v2\/product_cat?post=278586"},{"taxonomy":"product_tag","embeddable":true,"href":"https:\/\/najnaj.eu\/sl\/wp-json\/wp\/v2\/product_tag?post=278586"}],"curies":[{"name":"wp","href":"https:\/\/api.w.org\/{rel}","templated":true}]}}