{"id":277419,"date":"2025-11-05T08:59:58","date_gmt":"2025-11-05T07:59:58","guid":{"rendered":"https:\/\/najnaj.eu\/?post_type=product&#038;p=277419"},"modified":"2026-03-24T10:38:55","modified_gmt":"2026-03-24T09:38:55","slug":"kaos-klapp-set-djecja-stolica-zastitna-ogradica-i-pladanj-reciklirana-plastika-swedish-blue","status":"publish","type":"product","link":"https:\/\/najnaj.eu\/sl\/izdelek\/kaos-klapp-set-djecja-stolica-zastitna-ogradica-i-pladanj-reciklirana-plastika-swedish-blue\/","title":{"rendered":"KAOS Klapp Set dje\u010dja stolica + za\u0161titna ogradica i pladanj, reciklirana plastika, Swedish Blue"},"content":{"rendered":"<p class=\"first:mt-1.5!\"><strong>KAOS KLAPP\u00ae je moderna dizajnerska klasika \u2013 visoka stolica koja raste s va\u0161im djetetom od novoro\u0111en\u010deta do odrasle osobe (0\u2013110 kg)<\/strong><strong>. <\/strong><\/p>\n<p class=\"first:mt-1.5!\">Inspirirana stepenicama, KAOS KLAPP\u00ae prirodno pru\u017ea ergonomski i aktivan polo\u017eaj sjedenja bez potrebe za pode\u0161avanjima. Sklopiva je i dolazi potpuno sastavljena, ru\u010dno montirana do savr\u0161enstva, spremna za upotrebu odmah iz kutije. Stolica koja spaja bezvremenski dizajn s pametnom funkcionalno\u0161\u0107u. Izra\u0111ena od 100% reciklirane plastike, pomije\u0161ane s \u010distom drvenom pulpom.<\/p>\n<p class=\"first:mt-1.5!\">Ova stolica izra\u0111ena je od visokokvalitetne reciklirane plastike, \u0161to je \u010dini odr\u017eivim rje\u0161enjem za roditelje koji brinu o okoli\u0161u. Dizajnirana za najmla\u0111e, Kaos hranilica pru\u017ea stabilnost i udobnost tijekom obroka ili igre, te je vrlo jednostavna za odr\u017eavanje.<\/p>\n<p class=\"first:mt-1.5!\">Minimalisti\u010dki i moderan dizajn Kaos dje\u010dje hranilice osigurat \u0107e uklapanje u svaki interijer. Pored toga, hranilica je vrlo lagana, prenosiva i jednostavna za prilagodbu.<\/p>\n<p class=\"first:mt-1.5!\">Kaos dje\u010dja stolica predstavlja savr\u0161en izbor za roditelje koji \u017eele kombinaciju stila, kvalitete i sigurnosti.<\/p>\n<p class=\"first:mt-1.5!\"><strong>Zna\u010dajke:<\/strong><br \/>\n\u2013 Visoka dje\u010dja stolica za cijelo djetinjstvo<br \/>\n\u2013 Uz <a href=\"https:\/\/najnaj.eu\/proizvod\/kaos-klapp-set-za-novorodence-ivory\/\">Set za novoro\u0111en\u010de<\/a> mo\u017ee se koristiti od ro\u0111enja do 6 mjeseci ili maksimalne te\u017eine 9kg<br \/>\n\u2013 Kada se koristi kao visoka stolica u kombinaciji s KAOS KLAPP za\u0161titnom ogradicom, ovaj proizvod je namijenjen djeci koja mogu samostalno sjediti, do 3 godine starosti ili maksimalne te\u017eine od 15 kg<br \/>\n\u2013 Bez dodataka se mo\u017ee nastaviti koristiti kao stolica nosivosti do 110kg<br \/>\n\u2013 Dolazi potpuno sastavljena<br \/>\n\u2013 Izra\u0111ena od reciklirane plastike, ekolo\u0161ki prihvatljiva, dugotrajan proizvod<br \/>\n\u2013 Ergonomi\u010dan dizajn koji pru\u017ea udobnost va\u0161em djetetu tijekom obroka ili igre<br \/>\n\u2013 Lako odr\u017eavanje i \u010di\u0161\u0107enje, idealna za obiteljske prostore<br \/>\n\u2013 Sigurna, stabilna i otporna na udarce, osiguravaju\u0107i dugovje\u010dnost<br \/>\n\u2013 Dostupna u modernim bojama koje se uklapaju u svaki interijer<br \/>\n\u2013 Prilagodljiv dizajn koji raste s va\u0161im djetetom<\/p>\n<p class=\"first:mt-1.5!\">Kaos dje\u010dja stolica od reciklirane plastike \u2013 savr\u0161en je spoj odr\u017eivosti, funkcionalnosti i stila, a istovremeno doprinosi o\u010duvanju okoli\u0161a. Idealna za obitelji koje \u017eele pru\u017eiti najbolje za svoje dijete, bez kompromisa prema prirodi.<\/p>\n<p class=\"first:mt-1.5!\">Sigurna, prakti\u010dna i elegantna, Kaos dje\u010dja stolica bit \u0107e savr\u0161en dodatak za va\u0161 dom.<\/p>\n<p class=\"first:mt-1.5!\">KAOS KLAPP\u00ae je moderna dizajnerska klasika, razvijena da djeci svih uzrasta omogu\u0107i prirodan i aktivan polo\u017eaj sjedenja. Inspirirana stepenicama, KLAPP\u00ae omogu\u0107ava djeci da automatski prona\u0111u ergonomski polo\u017eaj sa stabilnom potporom za stopala \u2013 bez potrebe za pode\u0161avanjima.<br \/>\nOd novoro\u0111en\u010deta uz <a href=\"https:\/\/najnaj.eu\/proizvod\/kaos-klapp-set-za-novorodence-ivory\/\">KLAPP\u00ae Set za novoro\u0111en\u010de<\/a>, do bebe i kroz djetinjstvo sve do 110 kg.<\/p>\n<p class=\"first:mt-1.5!\"><strong>Sklopiva<\/strong><br \/>\nKAOS KLAPP\u00ae hranilica lako se sklapa i mo\u017ee se pohraniti kada se ne koristi \u2013 ili ponijeti sa sobom na putovanja.<\/p>\n<p class=\"first:mt-1.5!\"><strong>Spremna za upotrebu odmah iz kutije<\/strong><br \/>\nKAOS KLAPP\u00ae hranilica dolazi potpuno sastavljena. Jednostavno rasklopite noge, kliknite sjede\u010di dio u zaklju\u010dani polo\u017eaj i stolica je spremna za upotrebu. Nema potrebe za pode\u0161avanjima, a lako je odr\u017eavati \u010disto\u0107u.<\/p>\n<p class=\"first:mt-1.5!\"><strong>Nagra\u0111ivana<\/strong><br \/>\nPrepoznata zbog svog bezvremenskog dizajna i inovativne funkcionalnosti, KAOS KLAPP\u00ae dizajnirao je nagra\u0111ivani norve\u0161ki dizajner proizvoda Ole Petter Wullum. Dje\u010dja stolica koja spaja skandinavsku estetiku, odr\u017eivost i pametni in\u017eenjering \u2013 izgra\u0111ena da traje kroz generacije.<\/p>\n<p class=\"first:mt-1.5!\"><strong>KAOS Klapp za\u0161titna ogradica i pladanj<\/strong> \u2013 Idealna kombinacija za obroke.<br \/>\nNamijenjeno za djecu od 6 do 36 mjeseci. Za\u0161titna ogradica pru\u017ea sigurnost i udobnost, dok pladanj stvara vlastiti mali prostor za hranu, grickalice i igru. Zajedno pretvaraju KAOS Klapp hranilicu u sigurno, prakti\u010dno i djetetu prilago\u0111eno mjesto koje poti\u010de samostalnost i razvoj.<\/p>\n<p class=\"first:mt-1.5!\"><strong>\u0160to je u kutiji?<\/strong><br \/>\n\u2013 KAOS Klapp visoka stolica od reciklirane plastike, Swedish Blue<br \/>\n\u2013 KAOS Klapp set za\u0161titna ogradica i pladanj, Swedish Blue<\/p>\n<p>&nbsp;<\/p>\n<p><img loading=\"lazy\" decoding=\"async\" class=\"aligncenter wp-image-257757 size-large\" src=\"https:\/\/najnaj.eu\/wp-content\/uploads\/2025\/03\/KLA-OAK-BLA-7-1024x1024.jpg\" alt=\"\" width=\"980\" height=\"980\" srcset=\"https:\/\/najnaj.eu\/wp-content\/uploads\/2025\/03\/KLA-OAK-BLA-7-1024x1024.jpg 1024w, https:\/\/najnaj.eu\/wp-content\/uploads\/2025\/03\/KLA-OAK-BLA-7-324x324.jpg 324w, https:\/\/najnaj.eu\/wp-content\/uploads\/2025\/03\/KLA-OAK-BLA-7-100x100.jpg 100w, https:\/\/najnaj.eu\/wp-content\/uploads\/2025\/03\/KLA-OAK-BLA-7-1200x1200.jpg 1200w, https:\/\/najnaj.eu\/wp-content\/uploads\/2025\/03\/KLA-OAK-BLA-7-300x300.jpg 300w, https:\/\/najnaj.eu\/wp-content\/uploads\/2025\/03\/KLA-OAK-BLA-7-150x150.jpg 150w, https:\/\/najnaj.eu\/wp-content\/uploads\/2025\/03\/KLA-OAK-BLA-7-768x768.jpg 768w, https:\/\/najnaj.eu\/wp-content\/uploads\/2025\/03\/KLA-OAK-BLA-7-1536x1536.jpg 1536w, https:\/\/najnaj.eu\/wp-content\/uploads\/2025\/03\/KLA-OAK-BLA-7-1440x1440.jpg 1440w, https:\/\/najnaj.eu\/wp-content\/uploads\/2025\/03\/KLA-OAK-BLA-7-420x420.jpg 420w, https:\/\/najnaj.eu\/wp-content\/uploads\/2025\/03\/KLA-OAK-BLA-7-50x50.jpg 50w, https:\/\/najnaj.eu\/wp-content\/uploads\/2025\/03\/KLA-OAK-BLA-7.jpg 2048w\" sizes=\"auto, (max-width: 980px) 100vw, 980px\" \/><\/p>\n<p>&nbsp;<\/p>\n","protected":false},"excerpt":{"rendered":"<p>Ovaj set sadr\u017ei sve \u0161to trebate za sigurne i prakti\u010dne prve obroke. KAOS KLAPP\u00ae sklopiva visoka stolica od 100% reciklirane plastike (0\u2013110 kg) dolazi potpuno sastavljena i bez potrebe za pode\u0161avanjem, a uz za\u0161titnu ogradicu i pladanj pretvara se u stabilno, djetetu prilago\u0111eno mjesto za hranjenje i igru od 6 do 36 mjeseci. Aktivno sjedenje, skandinavski dizajn, odr\u017eivi materijali i lak\u0161e svakodnevno odr\u017eavanje \u2013 u savr\u0161eno uskla\u0111enoj Swedish Blue varijanti.<\/p>\n<p>Ako \u017eelite bebu uklju\u010diti u zajedni\u010dke trenutke za stolom od prvog dana, dodajte u ko\u0161aricu i set za novoro\u0111en\u010de.<\/p>\n","protected":false},"featured_media":272329,"comment_status":"closed","ping_status":"closed","template":"","meta":{"_acf_changed":false,"footnotes":""},"product_brand":[],"product_cat":[578,577,652],"product_tag":[],"class_list":{"0":"post-277419","1":"product","2":"type-product","3":"status-publish","4":"has-post-thumbnail","6":"product_cat-hranilice","7":"product_cat-hranjenje","8":"product_cat-stolice-za-hranjenje","9":"pa_boja-plava","10":"pa_brand-kaos","11":"pa_hranilica-stolica-za-hranjenje","13":"first","14":"instock","15":"shipping-taxable","16":"purchasable","17":"product-type-bundle"},"bundled_by":[],"bundle_stock_status":"instock","bundle_stock_quantity":9,"bundle_virtual":false,"bundle_layout":"grid","bundle_add_to_cart_form_location":"default","bundle_editable_in_cart":false,"bundle_sold_individually_context":"product","bundle_item_grouping":"parent","bundle_min_size":"","bundle_max_size":"","bundle_price":{"price":{"min":{"incl_tax":"348.00","excl_tax":"348.00"},"max":{"incl_tax":"477","excl_tax":"477"}},"regular_price":{"min":{"incl_tax":"348.00","excl_tax":"348.00"},"max":{"incl_tax":"477","excl_tax":"477"}}},"bundled_items":[{"bundled_item_id":188,"product_id":243167,"menu_order":0,"quantity_min":1,"quantity_max":1,"quantity_default":1,"priced_individually":false,"shipped_individually":false,"override_title":true,"title":"Dje\u010dja stolica","override_description":true,"description":"","optional":false,"hide_thumbnail":false,"discount":"","override_variations":false,"allowed_variations":[],"override_default_variation_attributes":false,"default_variation_attributes":[],"single_product_visibility":"visible","cart_visibility":"visible","order_visibility":"visible","single_product_price_visibility":"visible","cart_price_visibility":"visible","order_price_visibility":"visible","stock_status":"in_stock"},{"bundled_item_id":189,"product_id":272298,"menu_order":1,"quantity_min":1,"quantity_max":1,"quantity_default":1,"priced_individually":false,"shipped_individually":false,"override_title":true,"title":"Za\u0161titna ogradica i pladanj","override_description":true,"description":"","optional":false,"hide_thumbnail":false,"discount":"","override_variations":false,"allowed_variations":[],"override_default_variation_attributes":false,"default_variation_attributes":[],"single_product_visibility":"visible","cart_visibility":"visible","order_visibility":"visible","single_product_price_visibility":"visible","cart_price_visibility":"visible","order_price_visibility":"visible","stock_status":"in_stock"},{"bundled_item_id":567,"product_id":278417,"menu_order":2,"quantity_min":1,"quantity_max":1,"quantity_default":1,"priced_individually":true,"shipped_individually":false,"override_title":true,"title":"Set za novoro\u0111en\u010de","override_description":true,"description":"","optional":true,"hide_thumbnail":false,"discount":"","override_variations":false,"allowed_variations":[],"override_default_variation_attributes":false,"default_variation_attributes":[],"single_product_visibility":"visible","cart_visibility":"visible","order_visibility":"visible","single_product_price_visibility":"visible","cart_price_visibility":"visible","order_price_visibility":"visible","stock_status":"in_stock"}],"bundle_sell_ids":[],"acf":[],"yoast_head":"<!-- This site is optimized with the Yoast SEO Premium plugin v21.5 (Yoast SEO v27.3) - https:\/\/yoast.com\/product\/yoast-seo-premium-wordpress\/ -->\n<title>KAOS Klapp Set dje\u010dja stolica + za\u0161titna ogradica i pladanj, reciklirana plastika, Swedish Blue - NajNaj.eu<\/title>\n<meta name=\"description\" content=\"KAOS Klapp stolica + ogradica i pladanj: sklopivo, sigurno i stilski odmjereno rje\u0161enje. 100% reciklirana plastika, aktivno sjedenje, lako \u010di\u0161\u0107enje.\" \/>\n<meta name=\"robots\" content=\"index, follow, max-snippet:-1, max-image-preview:large, max-video-preview:-1\" \/>\n<link rel=\"canonical\" href=\"https:\/\/najnaj.eu\/sl\/izdelek\/kaos-klapp-set-djecja-stolica-zastitna-ogradica-i-pladanj-reciklirana-plastika-swedish-blue\/\" \/>\n<meta property=\"og:locale\" content=\"sl_SI\" \/>\n<meta property=\"og:type\" content=\"article\" \/>\n<meta property=\"og:title\" content=\"KAOS Klapp Set dje\u010dja stolica + za\u0161titna ogradica i pladanj, reciklirana plastika, Swedish Blue\" \/>\n<meta property=\"og:description\" content=\"KAOS Klapp stolica + ogradica i pladanj: sklopivo, sigurno i stilski odmjereno rje\u0161enje. 100% reciklirana plastika, aktivno sjedenje, lako \u010di\u0161\u0107enje.\" \/>\n<meta property=\"og:url\" content=\"https:\/\/najnaj.eu\/sl\/izdelek\/kaos-klapp-set-djecja-stolica-zastitna-ogradica-i-pladanj-reciklirana-plastika-swedish-blue\/\" \/>\n<meta property=\"og:site_name\" content=\"NajNaj.eu\" \/>\n<meta property=\"article:publisher\" content=\"https:\/\/web.facebook.com\/najnaj.eu\/\" \/>\n<meta property=\"article:modified_time\" content=\"2026-03-24T09:38:55+00:00\" \/>\n<meta property=\"og:image\" content=\"https:\/\/najnaj.eu\/wp-content\/uploads\/2025\/10\/BPP-SAF-TRA-PLA-SWE-BLU-5.jpg\" \/>\n\t<meta property=\"og:image:width\" content=\"2048\" \/>\n\t<meta property=\"og:image:height\" content=\"2048\" \/>\n\t<meta property=\"og:image:type\" content=\"image\/jpeg\" \/>\n<meta name=\"twitter:card\" content=\"summary_large_image\" \/>\n<meta name=\"twitter:label1\" content=\"Price\" \/>\n\t<meta name=\"twitter:data1\" content=\"348,00&nbsp;&euro;\" \/>\n\t<meta name=\"twitter:label2\" content=\"Availability\" \/>\n\t<meta name=\"twitter:data2\" content=\"In stock\" \/>\n<script type=\"application\/ld+json\" class=\"yoast-schema-graph\">{\"@context\":\"https:\\\/\\\/schema.org\",\"@graph\":[{\"@type\":\"WebPage\",\"@id\":\"https:\\\/\\\/najnaj.eu\\\/sl\\\/izdelek\\\/kaos-klapp-set-djecja-stolica-zastitna-ogradica-i-pladanj-reciklirana-plastika-swedish-blue\\\/\",\"url\":\"https:\\\/\\\/najnaj.eu\\\/sl\\\/izdelek\\\/kaos-klapp-set-djecja-stolica-zastitna-ogradica-i-pladanj-reciklirana-plastika-swedish-blue\\\/\",\"name\":\"KAOS Klapp Set dje\u010dja stolica + za\u0161titna ogradica i pladanj, reciklirana plastika, Swedish Blue - NajNaj.eu\",\"isPartOf\":{\"@id\":\"https:\\\/\\\/najnaj.eu\\\/sl\\\/#website\"},\"primaryImageOfPage\":{\"@id\":\"https:\\\/\\\/najnaj.eu\\\/sl\\\/izdelek\\\/kaos-klapp-set-djecja-stolica-zastitna-ogradica-i-pladanj-reciklirana-plastika-swedish-blue\\\/#primaryimage\"},\"image\":{\"@id\":\"https:\\\/\\\/najnaj.eu\\\/sl\\\/izdelek\\\/kaos-klapp-set-djecja-stolica-zastitna-ogradica-i-pladanj-reciklirana-plastika-swedish-blue\\\/#primaryimage\"},\"thumbnailUrl\":\"https:\\\/\\\/najnaj.eu\\\/wp-content\\\/uploads\\\/2025\\\/10\\\/BPP-SAF-TRA-PLA-SWE-BLU-5.jpg\",\"datePublished\":\"2025-11-05T07:59:58+00:00\",\"dateModified\":\"2026-03-24T09:38:55+00:00\",\"description\":\"KAOS Klapp stolica + ogradica i pladanj: sklopivo, sigurno i stilski odmjereno rje\u0161enje. 100% reciklirana plastika, aktivno sjedenje, lako \u010di\u0161\u0107enje.\",\"breadcrumb\":{\"@id\":\"https:\\\/\\\/najnaj.eu\\\/sl\\\/izdelek\\\/kaos-klapp-set-djecja-stolica-zastitna-ogradica-i-pladanj-reciklirana-plastika-swedish-blue\\\/#breadcrumb\"},\"inLanguage\":\"sl-SI\",\"potentialAction\":[{\"@type\":\"ReadAction\",\"target\":[\"https:\\\/\\\/najnaj.eu\\\/sl\\\/izdelek\\\/kaos-klapp-set-djecja-stolica-zastitna-ogradica-i-pladanj-reciklirana-plastika-swedish-blue\\\/\"]}]},{\"@type\":\"ImageObject\",\"inLanguage\":\"sl-SI\",\"@id\":\"https:\\\/\\\/najnaj.eu\\\/sl\\\/izdelek\\\/kaos-klapp-set-djecja-stolica-zastitna-ogradica-i-pladanj-reciklirana-plastika-swedish-blue\\\/#primaryimage\",\"url\":\"https:\\\/\\\/najnaj.eu\\\/wp-content\\\/uploads\\\/2025\\\/10\\\/BPP-SAF-TRA-PLA-SWE-BLU-5.jpg\",\"contentUrl\":\"https:\\\/\\\/najnaj.eu\\\/wp-content\\\/uploads\\\/2025\\\/10\\\/BPP-SAF-TRA-PLA-SWE-BLU-5.jpg\",\"width\":2048,\"height\":2048},{\"@type\":\"BreadcrumbList\",\"@id\":\"https:\\\/\\\/najnaj.eu\\\/sl\\\/izdelek\\\/kaos-klapp-set-djecja-stolica-zastitna-ogradica-i-pladanj-reciklirana-plastika-swedish-blue\\\/#breadcrumb\",\"itemListElement\":[{\"@type\":\"ListItem\",\"position\":1,\"name\":\"Po\u010detna stranica\",\"item\":\"https:\\\/\\\/najnaj.eu\\\/sl\\\/prednja-stran\\\/\"},{\"@type\":\"ListItem\",\"position\":2,\"name\":\"Shop\",\"item\":\"https:\\\/\\\/najnaj.eu\\\/sl\\\/shop\\\/\"},{\"@type\":\"ListItem\",\"position\":3,\"name\":\"KAOS Klapp Set dje\u010dja stolica + za\u0161titna ogradica i pladanj, reciklirana plastika, Swedish Blue\"}]},{\"@type\":\"WebSite\",\"@id\":\"https:\\\/\\\/najnaj.eu\\\/sl\\\/#website\",\"url\":\"https:\\\/\\\/najnaj.eu\\\/sl\\\/\",\"name\":\"NajNaj.eu\",\"description\":\"Za najva\u017enije!\",\"publisher\":{\"@id\":\"https:\\\/\\\/najnaj.eu\\\/sl\\\/#organization\"},\"potentialAction\":[{\"@type\":\"SearchAction\",\"target\":{\"@type\":\"EntryPoint\",\"urlTemplate\":\"https:\\\/\\\/najnaj.eu\\\/sl\\\/?s={search_term_string}\"},\"query-input\":{\"@type\":\"PropertyValueSpecification\",\"valueRequired\":true,\"valueName\":\"search_term_string\"}}],\"inLanguage\":\"sl-SI\"},{\"@type\":\"Organization\",\"@id\":\"https:\\\/\\\/najnaj.eu\\\/sl\\\/#organization\",\"name\":\"NajNaj.eu\",\"url\":\"https:\\\/\\\/najnaj.eu\\\/sl\\\/\",\"logo\":{\"@type\":\"ImageObject\",\"inLanguage\":\"sl-SI\",\"@id\":\"https:\\\/\\\/najnaj.eu\\\/sl\\\/#\\\/schema\\\/logo\\\/image\\\/\",\"url\":\"https:\\\/\\\/najnaj.eu\\\/wp-content\\\/uploads\\\/2023\\\/09\\\/logo_Najnaj_2023.svg\",\"contentUrl\":\"https:\\\/\\\/najnaj.eu\\\/wp-content\\\/uploads\\\/2023\\\/09\\\/logo_Najnaj_2023.svg\",\"width\":501,\"height\":278,\"caption\":\"NajNaj.eu\"},\"image\":{\"@id\":\"https:\\\/\\\/najnaj.eu\\\/sl\\\/#\\\/schema\\\/logo\\\/image\\\/\"},\"sameAs\":[\"https:\\\/\\\/web.facebook.com\\\/najnaj.eu\\\/\",\"https:\\\/\\\/www.instagram.com\\\/najnaj.eu\\\/\",\"https:\\\/\\\/www.tiktok.com\\\/@najnaj.eu\"]}]}<\/script>\n<meta property=\"product:brand\" content=\"KAOS\" \/>\n<meta property=\"product:price:amount\" content=\"348.00\" \/>\n<meta property=\"product:price:currency\" content=\"EUR\" \/>\n<meta property=\"og:availability\" content=\"instock\" \/>\n<meta property=\"product:availability\" content=\"instock\" \/>\n<meta property=\"product:retailer_item_id\" content=\"KAOS_bundle_Sweedish_Blue\" \/>\n<meta property=\"product:condition\" content=\"new\" \/>\n<!-- \/ Yoast SEO Premium plugin. -->","yoast_head_json":{"title":"KAOS Klapp Set dje\u010dja stolica + za\u0161titna ogradica i pladanj, reciklirana plastika, Swedish Blue - NajNaj.eu","description":"KAOS Klapp stolica + ogradica i pladanj: sklopivo, sigurno i stilski odmjereno rje\u0161enje. 100% reciklirana plastika, aktivno sjedenje, lako \u010di\u0161\u0107enje.","robots":{"index":"index","follow":"follow","max-snippet":"max-snippet:-1","max-image-preview":"max-image-preview:large","max-video-preview":"max-video-preview:-1"},"canonical":"https:\/\/najnaj.eu\/sl\/izdelek\/kaos-klapp-set-djecja-stolica-zastitna-ogradica-i-pladanj-reciklirana-plastika-swedish-blue\/","og_locale":"sl_SI","og_type":"article","og_title":"KAOS Klapp Set dje\u010dja stolica + za\u0161titna ogradica i pladanj, reciklirana plastika, Swedish Blue","og_description":"KAOS Klapp stolica + ogradica i pladanj: sklopivo, sigurno i stilski odmjereno rje\u0161enje. 100% reciklirana plastika, aktivno sjedenje, lako \u010di\u0161\u0107enje.","og_url":"https:\/\/najnaj.eu\/sl\/izdelek\/kaos-klapp-set-djecja-stolica-zastitna-ogradica-i-pladanj-reciklirana-plastika-swedish-blue\/","og_site_name":"NajNaj.eu","article_publisher":"https:\/\/web.facebook.com\/najnaj.eu\/","article_modified_time":"2026-03-24T09:38:55+00:00","og_image":[{"width":2048,"height":2048,"url":"https:\/\/najnaj.eu\/wp-content\/uploads\/2025\/10\/BPP-SAF-TRA-PLA-SWE-BLU-5.jpg","type":"image\/jpeg"}],"twitter_card":"summary_large_image","twitter_misc":{"Price":"348,00&nbsp;&euro;","Availability":"In stock"},"schema":{"@context":"https:\/\/schema.org","@graph":[{"@type":"WebPage","@id":"https:\/\/najnaj.eu\/sl\/izdelek\/kaos-klapp-set-djecja-stolica-zastitna-ogradica-i-pladanj-reciklirana-plastika-swedish-blue\/","url":"https:\/\/najnaj.eu\/sl\/izdelek\/kaos-klapp-set-djecja-stolica-zastitna-ogradica-i-pladanj-reciklirana-plastika-swedish-blue\/","name":"KAOS Klapp Set dje\u010dja stolica + za\u0161titna ogradica i pladanj, reciklirana plastika, Swedish Blue - NajNaj.eu","isPartOf":{"@id":"https:\/\/najnaj.eu\/sl\/#website"},"primaryImageOfPage":{"@id":"https:\/\/najnaj.eu\/sl\/izdelek\/kaos-klapp-set-djecja-stolica-zastitna-ogradica-i-pladanj-reciklirana-plastika-swedish-blue\/#primaryimage"},"image":{"@id":"https:\/\/najnaj.eu\/sl\/izdelek\/kaos-klapp-set-djecja-stolica-zastitna-ogradica-i-pladanj-reciklirana-plastika-swedish-blue\/#primaryimage"},"thumbnailUrl":"https:\/\/najnaj.eu\/wp-content\/uploads\/2025\/10\/BPP-SAF-TRA-PLA-SWE-BLU-5.jpg","datePublished":"2025-11-05T07:59:58+00:00","dateModified":"2026-03-24T09:38:55+00:00","description":"KAOS Klapp stolica + ogradica i pladanj: sklopivo, sigurno i stilski odmjereno rje\u0161enje. 100% reciklirana plastika, aktivno sjedenje, lako \u010di\u0161\u0107enje.","breadcrumb":{"@id":"https:\/\/najnaj.eu\/sl\/izdelek\/kaos-klapp-set-djecja-stolica-zastitna-ogradica-i-pladanj-reciklirana-plastika-swedish-blue\/#breadcrumb"},"inLanguage":"sl-SI","potentialAction":[{"@type":"ReadAction","target":["https:\/\/najnaj.eu\/sl\/izdelek\/kaos-klapp-set-djecja-stolica-zastitna-ogradica-i-pladanj-reciklirana-plastika-swedish-blue\/"]}]},{"@type":"ImageObject","inLanguage":"sl-SI","@id":"https:\/\/najnaj.eu\/sl\/izdelek\/kaos-klapp-set-djecja-stolica-zastitna-ogradica-i-pladanj-reciklirana-plastika-swedish-blue\/#primaryimage","url":"https:\/\/najnaj.eu\/wp-content\/uploads\/2025\/10\/BPP-SAF-TRA-PLA-SWE-BLU-5.jpg","contentUrl":"https:\/\/najnaj.eu\/wp-content\/uploads\/2025\/10\/BPP-SAF-TRA-PLA-SWE-BLU-5.jpg","width":2048,"height":2048},{"@type":"BreadcrumbList","@id":"https:\/\/najnaj.eu\/sl\/izdelek\/kaos-klapp-set-djecja-stolica-zastitna-ogradica-i-pladanj-reciklirana-plastika-swedish-blue\/#breadcrumb","itemListElement":[{"@type":"ListItem","position":1,"name":"Po\u010detna stranica","item":"https:\/\/najnaj.eu\/sl\/prednja-stran\/"},{"@type":"ListItem","position":2,"name":"Shop","item":"https:\/\/najnaj.eu\/sl\/shop\/"},{"@type":"ListItem","position":3,"name":"KAOS Klapp Set dje\u010dja stolica + za\u0161titna ogradica i pladanj, reciklirana plastika, Swedish Blue"}]},{"@type":"WebSite","@id":"https:\/\/najnaj.eu\/sl\/#website","url":"https:\/\/najnaj.eu\/sl\/","name":"NajNaj.eu","description":"Za najva\u017enije!","publisher":{"@id":"https:\/\/najnaj.eu\/sl\/#organization"},"potentialAction":[{"@type":"SearchAction","target":{"@type":"EntryPoint","urlTemplate":"https:\/\/najnaj.eu\/sl\/?s={search_term_string}"},"query-input":{"@type":"PropertyValueSpecification","valueRequired":true,"valueName":"search_term_string"}}],"inLanguage":"sl-SI"},{"@type":"Organization","@id":"https:\/\/najnaj.eu\/sl\/#organization","name":"NajNaj.eu","url":"https:\/\/najnaj.eu\/sl\/","logo":{"@type":"ImageObject","inLanguage":"sl-SI","@id":"https:\/\/najnaj.eu\/sl\/#\/schema\/logo\/image\/","url":"https:\/\/najnaj.eu\/wp-content\/uploads\/2023\/09\/logo_Najnaj_2023.svg","contentUrl":"https:\/\/najnaj.eu\/wp-content\/uploads\/2023\/09\/logo_Najnaj_2023.svg","width":501,"height":278,"caption":"NajNaj.eu"},"image":{"@id":"https:\/\/najnaj.eu\/sl\/#\/schema\/logo\/image\/"},"sameAs":["https:\/\/web.facebook.com\/najnaj.eu\/","https:\/\/www.instagram.com\/najnaj.eu\/","https:\/\/www.tiktok.com\/@najnaj.eu"]}]},"product_brand":"KAOS","product_price_amount":"348.00","product_price_currency":"EUR","og_availability":"instock","product_availability":"instock","product_retailer_item_id":"KAOS_bundle_Sweedish_Blue","product_condition":"new"},"_links":{"self":[{"href":"https:\/\/najnaj.eu\/sl\/wp-json\/wp\/v2\/product\/277419","targetHints":{"allow":["GET"]}}],"collection":[{"href":"https:\/\/najnaj.eu\/sl\/wp-json\/wp\/v2\/product"}],"about":[{"href":"https:\/\/najnaj.eu\/sl\/wp-json\/wp\/v2\/types\/product"}],"replies":[{"embeddable":true,"href":"https:\/\/najnaj.eu\/sl\/wp-json\/wp\/v2\/comments?post=277419"}],"version-history":[{"count":0,"href":"https:\/\/najnaj.eu\/sl\/wp-json\/wp\/v2\/product\/277419\/revisions"}],"wp:featuredmedia":[{"embeddable":true,"href":"https:\/\/najnaj.eu\/sl\/wp-json\/wp\/v2\/media\/272329"}],"wp:attachment":[{"href":"https:\/\/najnaj.eu\/sl\/wp-json\/wp\/v2\/media?parent=277419"}],"wp:term":[{"taxonomy":"product_brand","embeddable":true,"href":"https:\/\/najnaj.eu\/sl\/wp-json\/wp\/v2\/product_brand?post=277419"},{"taxonomy":"product_cat","embeddable":true,"href":"https:\/\/najnaj.eu\/sl\/wp-json\/wp\/v2\/product_cat?post=277419"},{"taxonomy":"product_tag","embeddable":true,"href":"https:\/\/najnaj.eu\/sl\/wp-json\/wp\/v2\/product_tag?post=277419"}],"curies":[{"name":"wp","href":"https:\/\/api.w.org\/{rel}","templated":true}]}}