{"id":277297,"date":"2025-11-03T11:38:18","date_gmt":"2025-11-03T10:38:18","guid":{"rendered":"https:\/\/najnaj.eu\/?post_type=product&#038;p=277297"},"modified":"2026-03-24T10:41:52","modified_gmt":"2026-03-24T09:41:52","slug":"zimska-torba-ergobaby-za-kompaktni-mestni-vozicek-metro-metro-deluxe-kopiraj","status":"publish","type":"product","link":"https:\/\/najnaj.eu\/sl\/izdelek\/zimska-torba-ergobaby-za-kompaktni-mestni-vozicek-metro-metro-deluxe-kopiraj\/","title":{"rendered":"Zimska torba Ergobaby za kompaktni mestni vozi\u010dek Metro 3"},"content":{"rendered":"<p>1. ZA\u0160\u010cITA V VSEH VREMENIH VREMENIH<br \/>\n Zunanja plast je vodoodporna in odporna proti vetru, zato so va\u0161i mal\u010dki v vozi\u010dku Metro3 \/ Metro3 Deluxe popolnoma za\u0161\u010diteni pred de\u017ejem, vetrom in snegom.<\/p>\n<p>2. UDOBNA ZIMSKA ZA\u0160\u010cITA<br \/>\n Notranjost je podlo\u017eena z mehkim, vrhunskim flisom, zaradi \u010desar je vo\u017enja z vozi\u010dkom Metro3 \/ Metro3 Deluxe \u0161e udobnej\u0161a.<\/p>\n<p>3. UMAZANI \u010cEVLJI? NI PROBLEMA!<br \/>\nZimska vre\u010da ostane \u010dista tudi pri uporabi, ko je otrok obut, saj lahko dno vre\u010de po uporabi obri\u0161ete.<\/p>\n<p>4. PRILAGODLJIV IN VSESTRANSKI<br \/>\n Zadrgo je mogo\u010de uporabljati v obe smeri, kar olaj\u0161a uporabo kapuce ter obla\u010denje in jemanje otroka iz zimske vre\u010de za maksimalno udobje otroka.<\/p>\n<p>5. ODSTRANLJIV POKROV<br \/>\n Enostavna odstranitev pokrova, tj. zgornji del zimske vre\u010de omogo\u010da najve\u010dji pretok zraka, ko je otrok v zaprtih prostorih. <\/p>\n<p>6. UPORABLJAJO SE ZA OTROKE OD 6 MESECEV DO 4 LET STAROSTI<\/p>\n<p>7. SESTAVLJANJE Z INVALIDSKIM VOZI\u010cKOM<br \/>\n Zimska vre\u010da je posebej zasnovana za kompaktni mestni vozi\u010dek Metro3 \/ Metro3 Deluxe. Zahvaljujo\u010d re\u017ei za ro\u010daj, ki se nahaja na sede\u017eu in se uporablja za zlaganje\/no\u0161enje vozi\u010dka Metro3 \/ Metro3 Deluxe, vre\u010de ni treba odstraniti pred zlaganjem, vendar lahko vozi\u010dek enostavno zlo\u017eite in nosite skupaj z zimsko vre\u010do na sede\u017eu. <\/p>\n<p>8. PRALNO V PRALNEM STROJU<\/p>\n","protected":false},"excerpt":{"rendered":"<p>Udobna in topla re\u0161itev za majhne nogice &#8211; zimska vre\u010da Metro 3 zagotavlja udobje in toploto za najmlaj\u0161e med vo\u017enjo.<\/p>\n<p> \u2022 Zasnovano za kompaktne mestne vozi\u010dke Metro3 in Metro3 Deluxe<br \/>\n \u2022 Vodoodporna zunanja plast in vrhunska flis notranja plast za za\u0161\u010dito pred vremenskimi vplivi<br \/>\n \u2022 Notranja povr\u0161ina zimske vre\u010de je po uporabi enostavna za \u010di\u0161\u010denje<br \/>\n \u2022 Enostavno se pritrdi na vozi\u010dek in se lahko zlo\u017ei skupaj z vozi\u010dkom<br \/>\n \u2022 Primerno za otroke od 6 mesecev do 4 let<br \/>\n \u2022 Pralno v pralnem stroju<\/p>\n","protected":false},"featured_media":277310,"comment_status":"open","ping_status":"closed","template":"","meta":{"_acf_changed":false,"footnotes":""},"product_brand":[],"product_cat":[1152,1293],"product_tag":[2282],"class_list":{"0":"post-277297","1":"product","2":"type-product","3":"status-publish","4":"has-post-thumbnail","6":"product_cat-dodaci-za-kolica-sl","7":"product_cat-zimske-vrece-za-vozicke","8":"product_tag-zima-sl","9":"pa_brand-ergobaby-sl","11":"first","12":"instock","13":"purchasable","14":"product-type-simple"},"bundled_by":[],"bundle_stock_status":"instock","bundle_stock_quantity":15,"bundle_virtual":false,"bundle_layout":"","bundle_add_to_cart_form_location":"","bundle_editable_in_cart":false,"bundle_sold_individually_context":"","bundle_item_grouping":"","bundle_min_size":"","bundle_max_size":"","bundle_price":[],"bundled_items":[],"bundle_sell_ids":[],"acf":[],"yoast_head":"<!-- This site is optimized with the Yoast SEO Premium plugin v21.5 (Yoast SEO v27.4) - https:\/\/yoast.com\/product\/yoast-seo-premium-wordpress\/ -->\n<title>Zimska torba Ergobaby za kompaktni mestni vozi\u010dek Metro 3 - NajNaj.eu<\/title>\n<meta name=\"robots\" content=\"index, follow, max-snippet:-1, max-image-preview:large, max-video-preview:-1\" \/>\n<link rel=\"canonical\" href=\"https:\/\/najnaj.eu\/sl\/izdelek\/zimska-torba-ergobaby-za-kompaktni-mestni-vozicek-metro-metro-deluxe-kopiraj\/\" \/>\n<meta property=\"og:locale\" content=\"sl_SI\" \/>\n<meta property=\"og:type\" content=\"article\" \/>\n<meta property=\"og:title\" content=\"Zimska torba Ergobaby za kompaktni mestni vozi\u010dek Metro 3\" \/>\n<meta property=\"og:description\" content=\"Udobna in topla re\u0161itev za majhne nogice - zimska vre\u010da Metro 3 zagotavlja udobje in toploto za najmlaj\u0161e med vo\u017enjo.  \u2022 Zasnovano za kompaktne mestne vozi\u010dke Metro3 in Metro3 Deluxe \u2022 Vodoodporna zunanja plast in vrhunska flis notranja plast za za\u0161\u010dito pred vremenskimi vplivi \u2022 Notranja povr\u0161ina zimske vre\u010de je po uporabi enostavna za \u010di\u0161\u010denje \u2022 Enostavno se pritrdi na vozi\u010dek in se lahko zlo\u017ei skupaj z vozi\u010dkom \u2022 Primerno za otroke od 6 mesecev do 4 let \u2022 Pralno v pralnem stroju\" \/>\n<meta property=\"og:url\" content=\"https:\/\/najnaj.eu\/sl\/izdelek\/zimska-torba-ergobaby-za-kompaktni-mestni-vozicek-metro-metro-deluxe-kopiraj\/\" \/>\n<meta property=\"og:site_name\" content=\"NajNaj.eu\" \/>\n<meta property=\"article:publisher\" content=\"https:\/\/web.facebook.com\/najnaj.eu\/\" \/>\n<meta property=\"article:modified_time\" content=\"2026-03-24T09:41:52+00:00\" \/>\n<meta property=\"og:image\" content=\"https:\/\/najnaj.eu\/wp-content\/uploads\/2025\/11\/Metro3-footmuff-2-scaled.jpg\" \/>\n\t<meta property=\"og:image:width\" content=\"2560\" \/>\n\t<meta property=\"og:image:height\" content=\"2560\" \/>\n\t<meta property=\"og:image:type\" content=\"image\/jpeg\" \/>\n<meta name=\"twitter:card\" content=\"summary_large_image\" \/>\n<meta name=\"twitter:label1\" content=\"Price\" \/>\n\t<meta name=\"twitter:data1\" content=\"99,90&nbsp;&euro;\" \/>\n\t<meta name=\"twitter:label2\" content=\"Availability\" \/>\n\t<meta name=\"twitter:data2\" content=\"In stock\" \/>\n<script type=\"application\/ld+json\" class=\"yoast-schema-graph\">{\"@context\":\"https:\\\/\\\/schema.org\",\"@graph\":[{\"@type\":\"WebPage\",\"@id\":\"https:\\\/\\\/najnaj.eu\\\/sl\\\/izdelek\\\/zimska-torba-ergobaby-za-kompaktni-mestni-vozicek-metro-metro-deluxe-kopiraj\\\/\",\"url\":\"https:\\\/\\\/najnaj.eu\\\/sl\\\/izdelek\\\/zimska-torba-ergobaby-za-kompaktni-mestni-vozicek-metro-metro-deluxe-kopiraj\\\/\",\"name\":\"Zimska torba Ergobaby za kompaktni mestni vozi\u010dek Metro 3 - NajNaj.eu\",\"isPartOf\":{\"@id\":\"https:\\\/\\\/najnaj.eu\\\/sl\\\/#website\"},\"primaryImageOfPage\":{\"@id\":\"https:\\\/\\\/najnaj.eu\\\/sl\\\/izdelek\\\/zimska-torba-ergobaby-za-kompaktni-mestni-vozicek-metro-metro-deluxe-kopiraj\\\/#primaryimage\"},\"image\":{\"@id\":\"https:\\\/\\\/najnaj.eu\\\/sl\\\/izdelek\\\/zimska-torba-ergobaby-za-kompaktni-mestni-vozicek-metro-metro-deluxe-kopiraj\\\/#primaryimage\"},\"thumbnailUrl\":\"https:\\\/\\\/najnaj.eu\\\/wp-content\\\/uploads\\\/2025\\\/11\\\/Metro3-footmuff-2-scaled.jpg\",\"datePublished\":\"2025-11-03T10:38:18+00:00\",\"dateModified\":\"2026-03-24T09:41:52+00:00\",\"breadcrumb\":{\"@id\":\"https:\\\/\\\/najnaj.eu\\\/sl\\\/izdelek\\\/zimska-torba-ergobaby-za-kompaktni-mestni-vozicek-metro-metro-deluxe-kopiraj\\\/#breadcrumb\"},\"inLanguage\":\"sl-SI\",\"potentialAction\":[{\"@type\":\"ReadAction\",\"target\":[\"https:\\\/\\\/najnaj.eu\\\/sl\\\/izdelek\\\/zimska-torba-ergobaby-za-kompaktni-mestni-vozicek-metro-metro-deluxe-kopiraj\\\/\"]}]},{\"@type\":\"ImageObject\",\"inLanguage\":\"sl-SI\",\"@id\":\"https:\\\/\\\/najnaj.eu\\\/sl\\\/izdelek\\\/zimska-torba-ergobaby-za-kompaktni-mestni-vozicek-metro-metro-deluxe-kopiraj\\\/#primaryimage\",\"url\":\"https:\\\/\\\/najnaj.eu\\\/wp-content\\\/uploads\\\/2025\\\/11\\\/Metro3-footmuff-2-scaled.jpg\",\"contentUrl\":\"https:\\\/\\\/najnaj.eu\\\/wp-content\\\/uploads\\\/2025\\\/11\\\/Metro3-footmuff-2-scaled.jpg\",\"width\":2560,\"height\":2560,\"caption\":\"\u0160ifra artikla: METRO3MUFF\"},{\"@type\":\"BreadcrumbList\",\"@id\":\"https:\\\/\\\/najnaj.eu\\\/sl\\\/izdelek\\\/zimska-torba-ergobaby-za-kompaktni-mestni-vozicek-metro-metro-deluxe-kopiraj\\\/#breadcrumb\",\"itemListElement\":[{\"@type\":\"ListItem\",\"position\":1,\"name\":\"Po\u010detna stranica\",\"item\":\"https:\\\/\\\/najnaj.eu\\\/sl\\\/prednja-stran\\\/\"},{\"@type\":\"ListItem\",\"position\":2,\"name\":\"Shop\",\"item\":\"https:\\\/\\\/najnaj.eu\\\/sl\\\/shop\\\/\"},{\"@type\":\"ListItem\",\"position\":3,\"name\":\"Zimska torba Ergobaby za kompaktni mestni vozi\u010dek Metro 3\"}]},{\"@type\":\"WebSite\",\"@id\":\"https:\\\/\\\/najnaj.eu\\\/sl\\\/#website\",\"url\":\"https:\\\/\\\/najnaj.eu\\\/sl\\\/\",\"name\":\"NajNaj.eu\",\"description\":\"Za najva\u017enije!\",\"publisher\":{\"@id\":\"https:\\\/\\\/najnaj.eu\\\/sl\\\/#organization\"},\"potentialAction\":[{\"@type\":\"SearchAction\",\"target\":{\"@type\":\"EntryPoint\",\"urlTemplate\":\"https:\\\/\\\/najnaj.eu\\\/sl\\\/?s={search_term_string}\"},\"query-input\":{\"@type\":\"PropertyValueSpecification\",\"valueRequired\":true,\"valueName\":\"search_term_string\"}}],\"inLanguage\":\"sl-SI\"},{\"@type\":\"Organization\",\"@id\":\"https:\\\/\\\/najnaj.eu\\\/sl\\\/#organization\",\"name\":\"NajNaj.eu\",\"url\":\"https:\\\/\\\/najnaj.eu\\\/sl\\\/\",\"logo\":{\"@type\":\"ImageObject\",\"inLanguage\":\"sl-SI\",\"@id\":\"https:\\\/\\\/najnaj.eu\\\/sl\\\/#\\\/schema\\\/logo\\\/image\\\/\",\"url\":\"https:\\\/\\\/najnaj.eu\\\/wp-content\\\/uploads\\\/2023\\\/09\\\/logo_Najnaj_2023.svg\",\"contentUrl\":\"https:\\\/\\\/najnaj.eu\\\/wp-content\\\/uploads\\\/2023\\\/09\\\/logo_Najnaj_2023.svg\",\"width\":501,\"height\":278,\"caption\":\"NajNaj.eu\"},\"image\":{\"@id\":\"https:\\\/\\\/najnaj.eu\\\/sl\\\/#\\\/schema\\\/logo\\\/image\\\/\"},\"sameAs\":[\"https:\\\/\\\/web.facebook.com\\\/najnaj.eu\\\/\",\"https:\\\/\\\/www.instagram.com\\\/najnaj.eu\\\/\",\"https:\\\/\\\/www.tiktok.com\\\/@najnaj.eu\"]}]}<\/script>\n<meta property=\"product:brand\" content=\"Ergobaby\" \/>\n<meta property=\"product:price:amount\" content=\"99.90\" \/>\n<meta property=\"product:price:currency\" content=\"EUR\" \/>\n<meta property=\"og:availability\" content=\"instock\" \/>\n<meta property=\"product:availability\" content=\"instock\" \/>\n<meta property=\"product:retailer_item_id\" content=\"METRO3FMUFF\" \/>\n<meta property=\"product:condition\" content=\"new\" \/>\n<!-- \/ Yoast SEO Premium plugin. -->","yoast_head_json":{"title":"Zimska torba Ergobaby za kompaktni mestni vozi\u010dek Metro 3 - NajNaj.eu","robots":{"index":"index","follow":"follow","max-snippet":"max-snippet:-1","max-image-preview":"max-image-preview:large","max-video-preview":"max-video-preview:-1"},"canonical":"https:\/\/najnaj.eu\/sl\/izdelek\/zimska-torba-ergobaby-za-kompaktni-mestni-vozicek-metro-metro-deluxe-kopiraj\/","og_locale":"sl_SI","og_type":"article","og_title":"Zimska torba Ergobaby za kompaktni mestni vozi\u010dek Metro 3","og_description":"Udobna in topla re\u0161itev za majhne nogice - zimska vre\u010da Metro 3 zagotavlja udobje in toploto za najmlaj\u0161e med vo\u017enjo.  \u2022 Zasnovano za kompaktne mestne vozi\u010dke Metro3 in Metro3 Deluxe \u2022 Vodoodporna zunanja plast in vrhunska flis notranja plast za za\u0161\u010dito pred vremenskimi vplivi \u2022 Notranja povr\u0161ina zimske vre\u010de je po uporabi enostavna za \u010di\u0161\u010denje \u2022 Enostavno se pritrdi na vozi\u010dek in se lahko zlo\u017ei skupaj z vozi\u010dkom \u2022 Primerno za otroke od 6 mesecev do 4 let \u2022 Pralno v pralnem stroju","og_url":"https:\/\/najnaj.eu\/sl\/izdelek\/zimska-torba-ergobaby-za-kompaktni-mestni-vozicek-metro-metro-deluxe-kopiraj\/","og_site_name":"NajNaj.eu","article_publisher":"https:\/\/web.facebook.com\/najnaj.eu\/","article_modified_time":"2026-03-24T09:41:52+00:00","og_image":[{"width":2560,"height":2560,"url":"https:\/\/najnaj.eu\/wp-content\/uploads\/2025\/11\/Metro3-footmuff-2-scaled.jpg","type":"image\/jpeg"}],"twitter_card":"summary_large_image","twitter_misc":{"Price":"99,90&nbsp;&euro;","Availability":"In stock"},"schema":{"@context":"https:\/\/schema.org","@graph":[{"@type":"WebPage","@id":"https:\/\/najnaj.eu\/sl\/izdelek\/zimska-torba-ergobaby-za-kompaktni-mestni-vozicek-metro-metro-deluxe-kopiraj\/","url":"https:\/\/najnaj.eu\/sl\/izdelek\/zimska-torba-ergobaby-za-kompaktni-mestni-vozicek-metro-metro-deluxe-kopiraj\/","name":"Zimska torba Ergobaby za kompaktni mestni vozi\u010dek Metro 3 - NajNaj.eu","isPartOf":{"@id":"https:\/\/najnaj.eu\/sl\/#website"},"primaryImageOfPage":{"@id":"https:\/\/najnaj.eu\/sl\/izdelek\/zimska-torba-ergobaby-za-kompaktni-mestni-vozicek-metro-metro-deluxe-kopiraj\/#primaryimage"},"image":{"@id":"https:\/\/najnaj.eu\/sl\/izdelek\/zimska-torba-ergobaby-za-kompaktni-mestni-vozicek-metro-metro-deluxe-kopiraj\/#primaryimage"},"thumbnailUrl":"https:\/\/najnaj.eu\/wp-content\/uploads\/2025\/11\/Metro3-footmuff-2-scaled.jpg","datePublished":"2025-11-03T10:38:18+00:00","dateModified":"2026-03-24T09:41:52+00:00","breadcrumb":{"@id":"https:\/\/najnaj.eu\/sl\/izdelek\/zimska-torba-ergobaby-za-kompaktni-mestni-vozicek-metro-metro-deluxe-kopiraj\/#breadcrumb"},"inLanguage":"sl-SI","potentialAction":[{"@type":"ReadAction","target":["https:\/\/najnaj.eu\/sl\/izdelek\/zimska-torba-ergobaby-za-kompaktni-mestni-vozicek-metro-metro-deluxe-kopiraj\/"]}]},{"@type":"ImageObject","inLanguage":"sl-SI","@id":"https:\/\/najnaj.eu\/sl\/izdelek\/zimska-torba-ergobaby-za-kompaktni-mestni-vozicek-metro-metro-deluxe-kopiraj\/#primaryimage","url":"https:\/\/najnaj.eu\/wp-content\/uploads\/2025\/11\/Metro3-footmuff-2-scaled.jpg","contentUrl":"https:\/\/najnaj.eu\/wp-content\/uploads\/2025\/11\/Metro3-footmuff-2-scaled.jpg","width":2560,"height":2560,"caption":"\u0160ifra artikla: METRO3MUFF"},{"@type":"BreadcrumbList","@id":"https:\/\/najnaj.eu\/sl\/izdelek\/zimska-torba-ergobaby-za-kompaktni-mestni-vozicek-metro-metro-deluxe-kopiraj\/#breadcrumb","itemListElement":[{"@type":"ListItem","position":1,"name":"Po\u010detna stranica","item":"https:\/\/najnaj.eu\/sl\/prednja-stran\/"},{"@type":"ListItem","position":2,"name":"Shop","item":"https:\/\/najnaj.eu\/sl\/shop\/"},{"@type":"ListItem","position":3,"name":"Zimska torba Ergobaby za kompaktni mestni vozi\u010dek Metro 3"}]},{"@type":"WebSite","@id":"https:\/\/najnaj.eu\/sl\/#website","url":"https:\/\/najnaj.eu\/sl\/","name":"NajNaj.eu","description":"Za najva\u017enije!","publisher":{"@id":"https:\/\/najnaj.eu\/sl\/#organization"},"potentialAction":[{"@type":"SearchAction","target":{"@type":"EntryPoint","urlTemplate":"https:\/\/najnaj.eu\/sl\/?s={search_term_string}"},"query-input":{"@type":"PropertyValueSpecification","valueRequired":true,"valueName":"search_term_string"}}],"inLanguage":"sl-SI"},{"@type":"Organization","@id":"https:\/\/najnaj.eu\/sl\/#organization","name":"NajNaj.eu","url":"https:\/\/najnaj.eu\/sl\/","logo":{"@type":"ImageObject","inLanguage":"sl-SI","@id":"https:\/\/najnaj.eu\/sl\/#\/schema\/logo\/image\/","url":"https:\/\/najnaj.eu\/wp-content\/uploads\/2023\/09\/logo_Najnaj_2023.svg","contentUrl":"https:\/\/najnaj.eu\/wp-content\/uploads\/2023\/09\/logo_Najnaj_2023.svg","width":501,"height":278,"caption":"NajNaj.eu"},"image":{"@id":"https:\/\/najnaj.eu\/sl\/#\/schema\/logo\/image\/"},"sameAs":["https:\/\/web.facebook.com\/najnaj.eu\/","https:\/\/www.instagram.com\/najnaj.eu\/","https:\/\/www.tiktok.com\/@najnaj.eu"]}]},"product_brand":"Ergobaby","product_price_amount":"99.90","product_price_currency":"EUR","og_availability":"instock","product_availability":"instock","product_retailer_item_id":"METRO3FMUFF","product_condition":"new"},"_links":{"self":[{"href":"https:\/\/najnaj.eu\/sl\/wp-json\/wp\/v2\/product\/277297","targetHints":{"allow":["GET"]}}],"collection":[{"href":"https:\/\/najnaj.eu\/sl\/wp-json\/wp\/v2\/product"}],"about":[{"href":"https:\/\/najnaj.eu\/sl\/wp-json\/wp\/v2\/types\/product"}],"replies":[{"embeddable":true,"href":"https:\/\/najnaj.eu\/sl\/wp-json\/wp\/v2\/comments?post=277297"}],"version-history":[{"count":0,"href":"https:\/\/najnaj.eu\/sl\/wp-json\/wp\/v2\/product\/277297\/revisions"}],"wp:featuredmedia":[{"embeddable":true,"href":"https:\/\/najnaj.eu\/sl\/wp-json\/wp\/v2\/media\/277310"}],"wp:attachment":[{"href":"https:\/\/najnaj.eu\/sl\/wp-json\/wp\/v2\/media?parent=277297"}],"wp:term":[{"taxonomy":"product_brand","embeddable":true,"href":"https:\/\/najnaj.eu\/sl\/wp-json\/wp\/v2\/product_brand?post=277297"},{"taxonomy":"product_cat","embeddable":true,"href":"https:\/\/najnaj.eu\/sl\/wp-json\/wp\/v2\/product_cat?post=277297"},{"taxonomy":"product_tag","embeddable":true,"href":"https:\/\/najnaj.eu\/sl\/wp-json\/wp\/v2\/product_tag?post=277297"}],"curies":[{"name":"wp","href":"https:\/\/api.w.org\/{rel}","templated":true}]}}