{"id":276209,"date":"2025-10-24T10:25:22","date_gmt":"2025-10-24T08:25:22","guid":{"rendered":"https:\/\/najnaj.eu\/?post_type=product&#038;p=276209"},"modified":"2026-02-03T20:20:24","modified_gmt":"2026-02-03T19:20:24","slug":"membantu-baldahin-za-visecu-kolijevku-natur","status":"publish","type":"product","link":"https:\/\/najnaj.eu\/sl\/izdelek\/membantu-baldahin-za-visecu-kolijevku-natur\/","title":{"rendered":"Membantu baldahin za vise\u0107u kolijevku &#8211; Natur"},"content":{"rendered":"<p>Dodajte kolijevci ili vise\u0107oj ljulja\u010dki mekan, pamu\u010dni baldahin koji poti\u010de mir, intimnost i osje\u0107aj sigurnosti. Baldahin prigu\u0161uje svjetlo i smanjuje koli\u010dinu vizualnih i auditivnih podra\u017eaja koji mogu remetiti san, pa bebi olak\u0161ava opu\u0161tanje i dulje drijemanje. Izra\u0111en od 100% organskog pamuka, osigurava prozra\u010dnost i udobnost, a istovremeno nadopunjuje izgled kolijevke estetskim, prirodnim dodirom. Prakti\u010dan za svakodnevnu uporabu i jednostavan za odr\u017eavanje. Odgovara <a href=\"https:\/\/najnaj.eu\/proizvod\/membantu-djecja-viseca-kolijevka-natur\/\">Membantu dje\u010djoj kolijevci<\/a>, a mo\u017ee se koristiti i s <a href=\"https:\/\/najnaj.eu\/kategorija-proizvoda\/odmor\/uspavljivanje-i-ljuljanje\/visece-ljuljacke\/\">dje\u010djom ljulja\u010dkom. <\/a> Pokriveno <a href=\"https:\/\/najnaj.eu\/membantu-30-dnevno-jamstvo-za-spavanje\/\" target=\"_blank\" rel=\"noopener\">30-dnevnim jamstvom spavanja \ud83d\udec8.<\/a><\/p>\n","protected":false},"excerpt":{"rendered":"<p>Membantu baldahin za dje\u010dju <a href=\"https:\/\/najnaj.eu\/proizvod\/membantu-djecja-viseca-kolijevka-natur\/\">vise\u0107u kolijevku<\/a> stvara ugodan, za\u0161ti\u0107en kutak. Lagano zatamnjuje svjetlo i filtrira podra\u017eaje, poma\u017eu\u0107i mirnijem snu. Izra\u0111en je od mekanog, prozra\u010dnog organskog pamuka, nje\u017enog prema ko\u017ei i pogodnog za zdravo okru\u017eenje za spavanje.<\/p>\n<p>&#8211; Ugo\u0111aj i sigurnost: stvara topao, zaklonjen prostor<br \/>\n&#8211; Manje podra\u017eaja: prigu\u0161uje svjetlo i filtrira vizualne\/auditivne podra\u017eaje<br \/>\n&#8211; Organski pamuk: mekan, prozra\u010dan i nje\u017ean za ko\u017eu<br \/>\n&#8211; Za\u0161tita: poma\u017ee \u0161tititi od komaraca i ne\u017eeljenih uboda<\/p>\n","protected":false},"featured_media":276210,"comment_status":"closed","ping_status":"closed","template":"","meta":{"_acf_changed":false,"footnotes":""},"product_brand":[],"product_cat":[2299,2294],"product_tag":[],"class_list":{"0":"post-276209","1":"product","2":"type-product","3":"status-publish","4":"has-post-thumbnail","6":"product_cat-dodaci-za-ljuljanje","7":"product_cat-uspavljivanje-i-ljuljanje","8":"pa_boja-bez","9":"pa_brand-membantu","11":"first","12":"outofstock","13":"shipping-taxable","14":"purchasable","15":"product-type-simple"},"bundled_by":[],"bundle_stock_status":"outofstock","bundle_stock_quantity":0,"bundle_virtual":false,"bundle_layout":"","bundle_add_to_cart_form_location":"","bundle_editable_in_cart":false,"bundle_sold_individually_context":"","bundle_item_grouping":"","bundle_min_size":"","bundle_max_size":"","bundle_price":[],"bundled_items":[],"bundle_sell_ids":[],"acf":[],"yoast_head":"<!-- This site is optimized with the Yoast SEO Premium plugin v21.5 (Yoast SEO v27.4) - https:\/\/yoast.com\/product\/yoast-seo-premium-wordpress\/ -->\n<title>Membantu baldahin za vise\u0107u kolijevku - Natur - NajNaj.eu<\/title>\n<meta name=\"description\" content=\"Prozra\u010dan baldahin od organskog pamuka. Smanjuje podra\u017eaje, \u0161titi od insekata i stvara ugodan kutak za mirniji bebin san.\" \/>\n<meta name=\"robots\" content=\"index, follow, max-snippet:-1, max-image-preview:large, max-video-preview:-1\" \/>\n<link rel=\"canonical\" href=\"https:\/\/najnaj.eu\/sl\/izdelek\/membantu-baldahin-za-visecu-kolijevku-natur\/\" \/>\n<meta property=\"og:locale\" content=\"sl_SI\" \/>\n<meta property=\"og:type\" content=\"article\" \/>\n<meta property=\"og:title\" content=\"Membantu baldahin za vise\u0107u kolijevku - Natur\" \/>\n<meta property=\"og:description\" content=\"Prozra\u010dan baldahin od organskog pamuka. Smanjuje podra\u017eaje, \u0161titi od insekata i stvara ugodan kutak za mirniji bebin san.\" \/>\n<meta property=\"og:url\" content=\"https:\/\/najnaj.eu\/sl\/izdelek\/membantu-baldahin-za-visecu-kolijevku-natur\/\" \/>\n<meta property=\"og:site_name\" content=\"NajNaj.eu\" \/>\n<meta property=\"article:publisher\" content=\"https:\/\/web.facebook.com\/najnaj.eu\/\" \/>\n<meta property=\"article:modified_time\" content=\"2026-02-03T19:20:24+00:00\" \/>\n<meta property=\"og:image\" content=\"https:\/\/najnaj.eu\/wp-content\/uploads\/2025\/10\/Membantu-25040128_product_main.jpg\" \/>\n\t<meta property=\"og:image:width\" content=\"1600\" \/>\n\t<meta property=\"og:image:height\" content=\"1600\" \/>\n\t<meta property=\"og:image:type\" content=\"image\/jpeg\" \/>\n<meta name=\"twitter:card\" content=\"summary_large_image\" \/>\n<meta name=\"twitter:label1\" content=\"Price\" \/>\n\t<meta name=\"twitter:data1\" content=\"47,00&nbsp;&euro;\" \/>\n\t<meta name=\"twitter:label2\" content=\"Availability\" \/>\n\t<meta name=\"twitter:data2\" content=\"Out of stock\" \/>\n<script type=\"application\/ld+json\" class=\"yoast-schema-graph\">{\"@context\":\"https:\\\/\\\/schema.org\",\"@graph\":[{\"@type\":\"WebPage\",\"@id\":\"https:\\\/\\\/najnaj.eu\\\/sl\\\/izdelek\\\/membantu-baldahin-za-visecu-kolijevku-natur\\\/\",\"url\":\"https:\\\/\\\/najnaj.eu\\\/sl\\\/izdelek\\\/membantu-baldahin-za-visecu-kolijevku-natur\\\/\",\"name\":\"Membantu baldahin za vise\u0107u kolijevku - Natur - NajNaj.eu\",\"isPartOf\":{\"@id\":\"https:\\\/\\\/najnaj.eu\\\/sl\\\/#website\"},\"primaryImageOfPage\":{\"@id\":\"https:\\\/\\\/najnaj.eu\\\/sl\\\/izdelek\\\/membantu-baldahin-za-visecu-kolijevku-natur\\\/#primaryimage\"},\"image\":{\"@id\":\"https:\\\/\\\/najnaj.eu\\\/sl\\\/izdelek\\\/membantu-baldahin-za-visecu-kolijevku-natur\\\/#primaryimage\"},\"thumbnailUrl\":\"https:\\\/\\\/najnaj.eu\\\/wp-content\\\/uploads\\\/2025\\\/10\\\/Membantu-25040128_product_main.jpg\",\"datePublished\":\"2025-10-24T08:25:22+00:00\",\"dateModified\":\"2026-02-03T19:20:24+00:00\",\"description\":\"Prozra\u010dan baldahin od organskog pamuka. Smanjuje podra\u017eaje, \u0161titi od insekata i stvara ugodan kutak za mirniji bebin san.\",\"breadcrumb\":{\"@id\":\"https:\\\/\\\/najnaj.eu\\\/sl\\\/izdelek\\\/membantu-baldahin-za-visecu-kolijevku-natur\\\/#breadcrumb\"},\"inLanguage\":\"sl-SI\",\"potentialAction\":[{\"@type\":\"ReadAction\",\"target\":[\"https:\\\/\\\/najnaj.eu\\\/sl\\\/izdelek\\\/membantu-baldahin-za-visecu-kolijevku-natur\\\/\"]}]},{\"@type\":\"ImageObject\",\"inLanguage\":\"sl-SI\",\"@id\":\"https:\\\/\\\/najnaj.eu\\\/sl\\\/izdelek\\\/membantu-baldahin-za-visecu-kolijevku-natur\\\/#primaryimage\",\"url\":\"https:\\\/\\\/najnaj.eu\\\/wp-content\\\/uploads\\\/2025\\\/10\\\/Membantu-25040128_product_main.jpg\",\"contentUrl\":\"https:\\\/\\\/najnaj.eu\\\/wp-content\\\/uploads\\\/2025\\\/10\\\/Membantu-25040128_product_main.jpg\",\"width\":1600,\"height\":1600},{\"@type\":\"BreadcrumbList\",\"@id\":\"https:\\\/\\\/najnaj.eu\\\/sl\\\/izdelek\\\/membantu-baldahin-za-visecu-kolijevku-natur\\\/#breadcrumb\",\"itemListElement\":[{\"@type\":\"ListItem\",\"position\":1,\"name\":\"Po\u010detna stranica\",\"item\":\"https:\\\/\\\/najnaj.eu\\\/sl\\\/prednja-stran\\\/\"},{\"@type\":\"ListItem\",\"position\":2,\"name\":\"Shop\",\"item\":\"https:\\\/\\\/najnaj.eu\\\/sl\\\/shop\\\/\"},{\"@type\":\"ListItem\",\"position\":3,\"name\":\"Membantu baldahin za vise\u0107u kolijevku &#8211; Natur\"}]},{\"@type\":\"WebSite\",\"@id\":\"https:\\\/\\\/najnaj.eu\\\/sl\\\/#website\",\"url\":\"https:\\\/\\\/najnaj.eu\\\/sl\\\/\",\"name\":\"NajNaj.eu\",\"description\":\"Za najva\u017enije!\",\"publisher\":{\"@id\":\"https:\\\/\\\/najnaj.eu\\\/sl\\\/#organization\"},\"potentialAction\":[{\"@type\":\"SearchAction\",\"target\":{\"@type\":\"EntryPoint\",\"urlTemplate\":\"https:\\\/\\\/najnaj.eu\\\/sl\\\/?s={search_term_string}\"},\"query-input\":{\"@type\":\"PropertyValueSpecification\",\"valueRequired\":true,\"valueName\":\"search_term_string\"}}],\"inLanguage\":\"sl-SI\"},{\"@type\":\"Organization\",\"@id\":\"https:\\\/\\\/najnaj.eu\\\/sl\\\/#organization\",\"name\":\"NajNaj.eu\",\"url\":\"https:\\\/\\\/najnaj.eu\\\/sl\\\/\",\"logo\":{\"@type\":\"ImageObject\",\"inLanguage\":\"sl-SI\",\"@id\":\"https:\\\/\\\/najnaj.eu\\\/sl\\\/#\\\/schema\\\/logo\\\/image\\\/\",\"url\":\"https:\\\/\\\/najnaj.eu\\\/wp-content\\\/uploads\\\/2023\\\/09\\\/logo_Najnaj_2023.svg\",\"contentUrl\":\"https:\\\/\\\/najnaj.eu\\\/wp-content\\\/uploads\\\/2023\\\/09\\\/logo_Najnaj_2023.svg\",\"width\":501,\"height\":278,\"caption\":\"NajNaj.eu\"},\"image\":{\"@id\":\"https:\\\/\\\/najnaj.eu\\\/sl\\\/#\\\/schema\\\/logo\\\/image\\\/\"},\"sameAs\":[\"https:\\\/\\\/web.facebook.com\\\/najnaj.eu\\\/\",\"https:\\\/\\\/www.instagram.com\\\/najnaj.eu\\\/\",\"https:\\\/\\\/www.tiktok.com\\\/@najnaj.eu\"]}]}<\/script>\n<meta property=\"product:brand\" content=\"Membantu\" \/>\n<meta property=\"product:price:amount\" content=\"47.00\" \/>\n<meta property=\"product:price:currency\" content=\"EUR\" \/>\n<meta property=\"og:availability\" content=\"out of stock\" \/>\n<meta property=\"product:availability\" content=\"out of stock\" \/>\n<meta property=\"product:retailer_item_id\" content=\"MB25040128\" \/>\n<meta property=\"product:condition\" content=\"new\" \/>\n<!-- \/ Yoast SEO Premium plugin. -->","yoast_head_json":{"title":"Membantu baldahin za vise\u0107u kolijevku - Natur - NajNaj.eu","description":"Prozra\u010dan baldahin od organskog pamuka. Smanjuje podra\u017eaje, \u0161titi od insekata i stvara ugodan kutak za mirniji bebin san.","robots":{"index":"index","follow":"follow","max-snippet":"max-snippet:-1","max-image-preview":"max-image-preview:large","max-video-preview":"max-video-preview:-1"},"canonical":"https:\/\/najnaj.eu\/sl\/izdelek\/membantu-baldahin-za-visecu-kolijevku-natur\/","og_locale":"sl_SI","og_type":"article","og_title":"Membantu baldahin za vise\u0107u kolijevku - Natur","og_description":"Prozra\u010dan baldahin od organskog pamuka. Smanjuje podra\u017eaje, \u0161titi od insekata i stvara ugodan kutak za mirniji bebin san.","og_url":"https:\/\/najnaj.eu\/sl\/izdelek\/membantu-baldahin-za-visecu-kolijevku-natur\/","og_site_name":"NajNaj.eu","article_publisher":"https:\/\/web.facebook.com\/najnaj.eu\/","article_modified_time":"2026-02-03T19:20:24+00:00","og_image":[{"width":1600,"height":1600,"url":"https:\/\/najnaj.eu\/wp-content\/uploads\/2025\/10\/Membantu-25040128_product_main.jpg","type":"image\/jpeg"}],"twitter_card":"summary_large_image","twitter_misc":{"Price":"47,00&nbsp;&euro;","Availability":"Out of stock"},"schema":{"@context":"https:\/\/schema.org","@graph":[{"@type":"WebPage","@id":"https:\/\/najnaj.eu\/sl\/izdelek\/membantu-baldahin-za-visecu-kolijevku-natur\/","url":"https:\/\/najnaj.eu\/sl\/izdelek\/membantu-baldahin-za-visecu-kolijevku-natur\/","name":"Membantu baldahin za vise\u0107u kolijevku - Natur - NajNaj.eu","isPartOf":{"@id":"https:\/\/najnaj.eu\/sl\/#website"},"primaryImageOfPage":{"@id":"https:\/\/najnaj.eu\/sl\/izdelek\/membantu-baldahin-za-visecu-kolijevku-natur\/#primaryimage"},"image":{"@id":"https:\/\/najnaj.eu\/sl\/izdelek\/membantu-baldahin-za-visecu-kolijevku-natur\/#primaryimage"},"thumbnailUrl":"https:\/\/najnaj.eu\/wp-content\/uploads\/2025\/10\/Membantu-25040128_product_main.jpg","datePublished":"2025-10-24T08:25:22+00:00","dateModified":"2026-02-03T19:20:24+00:00","description":"Prozra\u010dan baldahin od organskog pamuka. Smanjuje podra\u017eaje, \u0161titi od insekata i stvara ugodan kutak za mirniji bebin san.","breadcrumb":{"@id":"https:\/\/najnaj.eu\/sl\/izdelek\/membantu-baldahin-za-visecu-kolijevku-natur\/#breadcrumb"},"inLanguage":"sl-SI","potentialAction":[{"@type":"ReadAction","target":["https:\/\/najnaj.eu\/sl\/izdelek\/membantu-baldahin-za-visecu-kolijevku-natur\/"]}]},{"@type":"ImageObject","inLanguage":"sl-SI","@id":"https:\/\/najnaj.eu\/sl\/izdelek\/membantu-baldahin-za-visecu-kolijevku-natur\/#primaryimage","url":"https:\/\/najnaj.eu\/wp-content\/uploads\/2025\/10\/Membantu-25040128_product_main.jpg","contentUrl":"https:\/\/najnaj.eu\/wp-content\/uploads\/2025\/10\/Membantu-25040128_product_main.jpg","width":1600,"height":1600},{"@type":"BreadcrumbList","@id":"https:\/\/najnaj.eu\/sl\/izdelek\/membantu-baldahin-za-visecu-kolijevku-natur\/#breadcrumb","itemListElement":[{"@type":"ListItem","position":1,"name":"Po\u010detna stranica","item":"https:\/\/najnaj.eu\/sl\/prednja-stran\/"},{"@type":"ListItem","position":2,"name":"Shop","item":"https:\/\/najnaj.eu\/sl\/shop\/"},{"@type":"ListItem","position":3,"name":"Membantu baldahin za vise\u0107u kolijevku &#8211; Natur"}]},{"@type":"WebSite","@id":"https:\/\/najnaj.eu\/sl\/#website","url":"https:\/\/najnaj.eu\/sl\/","name":"NajNaj.eu","description":"Za najva\u017enije!","publisher":{"@id":"https:\/\/najnaj.eu\/sl\/#organization"},"potentialAction":[{"@type":"SearchAction","target":{"@type":"EntryPoint","urlTemplate":"https:\/\/najnaj.eu\/sl\/?s={search_term_string}"},"query-input":{"@type":"PropertyValueSpecification","valueRequired":true,"valueName":"search_term_string"}}],"inLanguage":"sl-SI"},{"@type":"Organization","@id":"https:\/\/najnaj.eu\/sl\/#organization","name":"NajNaj.eu","url":"https:\/\/najnaj.eu\/sl\/","logo":{"@type":"ImageObject","inLanguage":"sl-SI","@id":"https:\/\/najnaj.eu\/sl\/#\/schema\/logo\/image\/","url":"https:\/\/najnaj.eu\/wp-content\/uploads\/2023\/09\/logo_Najnaj_2023.svg","contentUrl":"https:\/\/najnaj.eu\/wp-content\/uploads\/2023\/09\/logo_Najnaj_2023.svg","width":501,"height":278,"caption":"NajNaj.eu"},"image":{"@id":"https:\/\/najnaj.eu\/sl\/#\/schema\/logo\/image\/"},"sameAs":["https:\/\/web.facebook.com\/najnaj.eu\/","https:\/\/www.instagram.com\/najnaj.eu\/","https:\/\/www.tiktok.com\/@najnaj.eu"]}]},"product_brand":"Membantu","product_price_amount":"47.00","product_price_currency":"EUR","og_availability":"out of stock","product_availability":"out of stock","product_retailer_item_id":"MB25040128","product_condition":"new"},"_links":{"self":[{"href":"https:\/\/najnaj.eu\/sl\/wp-json\/wp\/v2\/product\/276209","targetHints":{"allow":["GET"]}}],"collection":[{"href":"https:\/\/najnaj.eu\/sl\/wp-json\/wp\/v2\/product"}],"about":[{"href":"https:\/\/najnaj.eu\/sl\/wp-json\/wp\/v2\/types\/product"}],"replies":[{"embeddable":true,"href":"https:\/\/najnaj.eu\/sl\/wp-json\/wp\/v2\/comments?post=276209"}],"version-history":[{"count":0,"href":"https:\/\/najnaj.eu\/sl\/wp-json\/wp\/v2\/product\/276209\/revisions"}],"wp:featuredmedia":[{"embeddable":true,"href":"https:\/\/najnaj.eu\/sl\/wp-json\/wp\/v2\/media\/276210"}],"wp:attachment":[{"href":"https:\/\/najnaj.eu\/sl\/wp-json\/wp\/v2\/media?parent=276209"}],"wp:term":[{"taxonomy":"product_brand","embeddable":true,"href":"https:\/\/najnaj.eu\/sl\/wp-json\/wp\/v2\/product_brand?post=276209"},{"taxonomy":"product_cat","embeddable":true,"href":"https:\/\/najnaj.eu\/sl\/wp-json\/wp\/v2\/product_cat?post=276209"},{"taxonomy":"product_tag","embeddable":true,"href":"https:\/\/najnaj.eu\/sl\/wp-json\/wp\/v2\/product_tag?post=276209"}],"curies":[{"name":"wp","href":"https:\/\/api.w.org\/{rel}","templated":true}]}}