{"id":276073,"date":"2025-10-24T11:00:57","date_gmt":"2025-10-24T09:00:57","guid":{"rendered":"https:\/\/najnaj.eu\/?post_type=product&#038;p=276073"},"modified":"2026-02-03T20:19:58","modified_gmt":"2026-02-03T19:19:58","slug":"membantu-osnovni-stalak-za-kolijevku-bijeli","status":"publish","type":"product","link":"https:\/\/najnaj.eu\/sl\/izdelek\/membantu-osnovni-stalak-za-kolijevku-bijeli\/","title":{"rendered":"Membantu osnovni stalak za kolijevku \u2013 Bijeli"},"content":{"rendered":"<p>Membantu osnovni stalak za kolijevku dizajniran je i razvijen u Danskoj te posebno prilago\u0111en za dje\u010dju ljulja\u010dku, za kori\u0161tenje s <a href=\"https:\/\/najnaj.eu\/proizvod\/membantu-motor-za-ljuljanje-leelo02-sivi\/\">motorom za ljuljanje<\/a> ili bez njega. Postavite dje\u010dju <a href=\"https:\/\/najnaj.eu\/kategorija-proizvoda\/odmor\/uspavljivanje-i-ljuljanje\/visece-ljuljacke\/\">ljulja\u010dku<\/a> ili <a href=\"https:\/\/najnaj.eu\/proizvod\/membantu-djecja-viseca-kolijevka-natur\/\">kolijevku<\/a> gdje god vam odgovara \u2014 bez bu\u0161enja stropa. Monta\u017ea je potpuno bez alata, pa stalak lako premje\u0161tate izme\u0111u prostorija i prilago\u0111avate ga dnevnoj rutini: dnevni boravak, spava\u0107a soba ili terasa. Minimalisti\u010dki skandinavski dizajn nenametljivo se uklapa u ve\u0107inu interijera, dok bijeli pra\u0161kasto lakirani \u010delik pru\u017ea visoku otpornost, trajnost i elegantan izgled.<br \/>\nU pogledu sigurnosti i kvalitete, stalak je testiran od strane akreditirane institucije kako bi vam pru\u017eio mir, a bebi sigurno i udobno okru\u017eenje za spavanje. Konstrukcija je stabilna i robusna, ali ostaje lagana za rukovanje \u2014 savr\u0161ena kombinacija prakti\u010dnosti i pouzdanosti.<\/p>\n<p>&#8211; Jednostavno sastavljanje: easy-click, bez alata<br \/>\n&#8211; Stabilan i siguran: projektiran za stabilnost i mir roditelja<br \/>\n&#8211; Lagana konstrukcija: lako manevriranje i preno\u0161enje<br \/>\n&#8211; Danski dizajn: \u010diste linije koje se uklapaju u ve\u0107inu interijera<br \/>\n&#8211; <a href=\"https:\/\/najnaj.eu\/membantu-30-dnevno-jamstvo-za-spavanje\/\" target=\"_blank\" rel=\"noopener\">30-dnevno jamstvo spavanja \ud83d\udec8<\/a><\/p>\n<p><strong>Napomena o sigurnosti:<\/strong><br \/>\nProvjerite da ispod kolijevke ima dovoljno razmaka do poda kada je sigurnosna traka opruge potpuno rastegnuta.<\/p>\n","protected":false},"excerpt":{"rendered":"<p>Membantu osnovni stalak za kolijevku nudi prakti\u010dno, sigurno i povoljno rje\u0161enje za postavljanje dje\u010dje <a href=\"https:\/\/najnaj.eu\/proizvod\/membantu-djecja-viseca-kolijevka-natur\/\">koljevke<\/a> ili <a href=\"https:\/\/najnaj.eu\/kategorija-proizvoda\/odmor\/uspavljivanje-i-ljuljanje\/visece-ljuljacke\/\">ljulja\u010dke<\/a> \u2014 s <a href=\"https:\/\/najnaj.eu\/proizvod\/membantu-motor-za-ljuljanje-leelo02-sivi\/\">motorom za ljuljanje<\/a> ili bez njega. Easy-click sustav omogu\u0107uje brzo sastavljanje i rastavljanje bez alata, a lagana konstrukcija olak\u0161ava premje\u0161tanje i no\u0161enje. Dizajniran i razvijen u Danskoj, testiran u akreditiranom laboratoriju radi sigurnosti i kvalitete, s profinjenim izgledom koji se uklapa u ve\u0107inu interijera.<\/p>\n","protected":false},"featured_media":276080,"comment_status":"closed","ping_status":"closed","template":"","meta":{"_acf_changed":false,"footnotes":""},"product_brand":[],"product_cat":[2298,2294],"product_tag":[],"class_list":{"0":"post-276073","1":"product","2":"type-product","3":"status-publish","4":"has-post-thumbnail","6":"product_cat-stalci-i-ovjesi","7":"product_cat-uspavljivanje-i-ljuljanje","8":"pa_boja-bijela","9":"pa_brand-membantu","11":"first","12":"instock","13":"shipping-taxable","14":"purchasable","15":"product-type-simple"},"bundled_by":[],"bundle_stock_status":"instock","bundle_stock_quantity":1,"bundle_virtual":false,"bundle_layout":"","bundle_add_to_cart_form_location":"","bundle_editable_in_cart":false,"bundle_sold_individually_context":"","bundle_item_grouping":"","bundle_min_size":"","bundle_max_size":"","bundle_price":[],"bundled_items":[],"bundle_sell_ids":[],"acf":[],"yoast_head":"<!-- This site is optimized with the Yoast SEO Premium plugin v21.5 (Yoast SEO v27.4) - https:\/\/yoast.com\/product\/yoast-seo-premium-wordpress\/ -->\n<title>Membantu osnovni stalak za kolijevku \u2013 Bijeli - NajNaj.eu<\/title>\n<meta name=\"description\" content=\"Osnovni stalak za kolijevku s easy\u2011click sklapanjem. Lagan, stabilan i prenosiv \u2013 prakti\u010dno rje\u0161enje za dom i putovanja.\" \/>\n<meta name=\"robots\" content=\"index, follow, max-snippet:-1, max-image-preview:large, max-video-preview:-1\" \/>\n<link rel=\"canonical\" href=\"https:\/\/najnaj.eu\/sl\/izdelek\/membantu-osnovni-stalak-za-kolijevku-bijeli\/\" \/>\n<meta property=\"og:locale\" content=\"sl_SI\" \/>\n<meta property=\"og:type\" content=\"article\" \/>\n<meta property=\"og:title\" content=\"Membantu osnovni stalak za kolijevku \u2013 Bijeli\" \/>\n<meta property=\"og:description\" content=\"Osnovni stalak za kolijevku s easy\u2011click sklapanjem. Lagan, stabilan i prenosiv \u2013 prakti\u010dno rje\u0161enje za dom i putovanja.\" \/>\n<meta property=\"og:url\" content=\"https:\/\/najnaj.eu\/sl\/izdelek\/membantu-osnovni-stalak-za-kolijevku-bijeli\/\" \/>\n<meta property=\"og:site_name\" content=\"NajNaj.eu\" \/>\n<meta property=\"article:publisher\" content=\"https:\/\/web.facebook.com\/najnaj.eu\/\" \/>\n<meta property=\"article:modified_time\" content=\"2026-02-03T19:19:58+00:00\" \/>\n<meta property=\"og:image\" content=\"https:\/\/najnaj.eu\/wp-content\/uploads\/2025\/10\/Membantu-25040055-product_main.jpg\" \/>\n\t<meta property=\"og:image:width\" content=\"2300\" \/>\n\t<meta property=\"og:image:height\" content=\"2300\" \/>\n\t<meta property=\"og:image:type\" content=\"image\/jpeg\" \/>\n<meta name=\"twitter:card\" content=\"summary_large_image\" \/>\n<meta name=\"twitter:label1\" content=\"Price\" \/>\n\t<meta name=\"twitter:data1\" content=\"199,00&nbsp;&euro;\" \/>\n\t<meta name=\"twitter:label2\" content=\"Availability\" \/>\n\t<meta name=\"twitter:data2\" content=\"In stock\" \/>\n<script type=\"application\/ld+json\" class=\"yoast-schema-graph\">{\"@context\":\"https:\\\/\\\/schema.org\",\"@graph\":[{\"@type\":\"WebPage\",\"@id\":\"https:\\\/\\\/najnaj.eu\\\/sl\\\/izdelek\\\/membantu-osnovni-stalak-za-kolijevku-bijeli\\\/\",\"url\":\"https:\\\/\\\/najnaj.eu\\\/sl\\\/izdelek\\\/membantu-osnovni-stalak-za-kolijevku-bijeli\\\/\",\"name\":\"Membantu osnovni stalak za kolijevku \u2013 Bijeli - NajNaj.eu\",\"isPartOf\":{\"@id\":\"https:\\\/\\\/najnaj.eu\\\/sl\\\/#website\"},\"primaryImageOfPage\":{\"@id\":\"https:\\\/\\\/najnaj.eu\\\/sl\\\/izdelek\\\/membantu-osnovni-stalak-za-kolijevku-bijeli\\\/#primaryimage\"},\"image\":{\"@id\":\"https:\\\/\\\/najnaj.eu\\\/sl\\\/izdelek\\\/membantu-osnovni-stalak-za-kolijevku-bijeli\\\/#primaryimage\"},\"thumbnailUrl\":\"https:\\\/\\\/najnaj.eu\\\/wp-content\\\/uploads\\\/2025\\\/10\\\/Membantu-25040055-product_main.jpg\",\"datePublished\":\"2025-10-24T09:00:57+00:00\",\"dateModified\":\"2026-02-03T19:19:58+00:00\",\"description\":\"Osnovni stalak za kolijevku s easy\u2011click sklapanjem. Lagan, stabilan i prenosiv \u2013 prakti\u010dno rje\u0161enje za dom i putovanja.\",\"breadcrumb\":{\"@id\":\"https:\\\/\\\/najnaj.eu\\\/sl\\\/izdelek\\\/membantu-osnovni-stalak-za-kolijevku-bijeli\\\/#breadcrumb\"},\"inLanguage\":\"sl-SI\",\"potentialAction\":[{\"@type\":\"ReadAction\",\"target\":[\"https:\\\/\\\/najnaj.eu\\\/sl\\\/izdelek\\\/membantu-osnovni-stalak-za-kolijevku-bijeli\\\/\"]}]},{\"@type\":\"ImageObject\",\"inLanguage\":\"sl-SI\",\"@id\":\"https:\\\/\\\/najnaj.eu\\\/sl\\\/izdelek\\\/membantu-osnovni-stalak-za-kolijevku-bijeli\\\/#primaryimage\",\"url\":\"https:\\\/\\\/najnaj.eu\\\/wp-content\\\/uploads\\\/2025\\\/10\\\/Membantu-25040055-product_main.jpg\",\"contentUrl\":\"https:\\\/\\\/najnaj.eu\\\/wp-content\\\/uploads\\\/2025\\\/10\\\/Membantu-25040055-product_main.jpg\",\"width\":2300,\"height\":2300},{\"@type\":\"BreadcrumbList\",\"@id\":\"https:\\\/\\\/najnaj.eu\\\/sl\\\/izdelek\\\/membantu-osnovni-stalak-za-kolijevku-bijeli\\\/#breadcrumb\",\"itemListElement\":[{\"@type\":\"ListItem\",\"position\":1,\"name\":\"Po\u010detna stranica\",\"item\":\"https:\\\/\\\/najnaj.eu\\\/sl\\\/prednja-stran\\\/\"},{\"@type\":\"ListItem\",\"position\":2,\"name\":\"Shop\",\"item\":\"https:\\\/\\\/najnaj.eu\\\/sl\\\/shop\\\/\"},{\"@type\":\"ListItem\",\"position\":3,\"name\":\"Membantu osnovni stalak za kolijevku \u2013 Bijeli\"}]},{\"@type\":\"WebSite\",\"@id\":\"https:\\\/\\\/najnaj.eu\\\/sl\\\/#website\",\"url\":\"https:\\\/\\\/najnaj.eu\\\/sl\\\/\",\"name\":\"NajNaj.eu\",\"description\":\"Za najva\u017enije!\",\"publisher\":{\"@id\":\"https:\\\/\\\/najnaj.eu\\\/sl\\\/#organization\"},\"potentialAction\":[{\"@type\":\"SearchAction\",\"target\":{\"@type\":\"EntryPoint\",\"urlTemplate\":\"https:\\\/\\\/najnaj.eu\\\/sl\\\/?s={search_term_string}\"},\"query-input\":{\"@type\":\"PropertyValueSpecification\",\"valueRequired\":true,\"valueName\":\"search_term_string\"}}],\"inLanguage\":\"sl-SI\"},{\"@type\":\"Organization\",\"@id\":\"https:\\\/\\\/najnaj.eu\\\/sl\\\/#organization\",\"name\":\"NajNaj.eu\",\"url\":\"https:\\\/\\\/najnaj.eu\\\/sl\\\/\",\"logo\":{\"@type\":\"ImageObject\",\"inLanguage\":\"sl-SI\",\"@id\":\"https:\\\/\\\/najnaj.eu\\\/sl\\\/#\\\/schema\\\/logo\\\/image\\\/\",\"url\":\"https:\\\/\\\/najnaj.eu\\\/wp-content\\\/uploads\\\/2023\\\/09\\\/logo_Najnaj_2023.svg\",\"contentUrl\":\"https:\\\/\\\/najnaj.eu\\\/wp-content\\\/uploads\\\/2023\\\/09\\\/logo_Najnaj_2023.svg\",\"width\":501,\"height\":278,\"caption\":\"NajNaj.eu\"},\"image\":{\"@id\":\"https:\\\/\\\/najnaj.eu\\\/sl\\\/#\\\/schema\\\/logo\\\/image\\\/\"},\"sameAs\":[\"https:\\\/\\\/web.facebook.com\\\/najnaj.eu\\\/\",\"https:\\\/\\\/www.instagram.com\\\/najnaj.eu\\\/\",\"https:\\\/\\\/www.tiktok.com\\\/@najnaj.eu\"]}]}<\/script>\n<meta property=\"product:brand\" content=\"Membantu\" \/>\n<meta property=\"product:price:amount\" content=\"199.00\" \/>\n<meta property=\"product:price:currency\" content=\"EUR\" \/>\n<meta property=\"og:availability\" content=\"instock\" \/>\n<meta property=\"product:availability\" content=\"instock\" \/>\n<meta property=\"product:retailer_item_id\" content=\"MB25040055\" \/>\n<meta property=\"product:condition\" content=\"new\" \/>\n<!-- \/ Yoast SEO Premium plugin. -->","yoast_head_json":{"title":"Membantu osnovni stalak za kolijevku \u2013 Bijeli - NajNaj.eu","description":"Osnovni stalak za kolijevku s easy\u2011click sklapanjem. Lagan, stabilan i prenosiv \u2013 prakti\u010dno rje\u0161enje za dom i putovanja.","robots":{"index":"index","follow":"follow","max-snippet":"max-snippet:-1","max-image-preview":"max-image-preview:large","max-video-preview":"max-video-preview:-1"},"canonical":"https:\/\/najnaj.eu\/sl\/izdelek\/membantu-osnovni-stalak-za-kolijevku-bijeli\/","og_locale":"sl_SI","og_type":"article","og_title":"Membantu osnovni stalak za kolijevku \u2013 Bijeli","og_description":"Osnovni stalak za kolijevku s easy\u2011click sklapanjem. Lagan, stabilan i prenosiv \u2013 prakti\u010dno rje\u0161enje za dom i putovanja.","og_url":"https:\/\/najnaj.eu\/sl\/izdelek\/membantu-osnovni-stalak-za-kolijevku-bijeli\/","og_site_name":"NajNaj.eu","article_publisher":"https:\/\/web.facebook.com\/najnaj.eu\/","article_modified_time":"2026-02-03T19:19:58+00:00","og_image":[{"width":2300,"height":2300,"url":"https:\/\/najnaj.eu\/wp-content\/uploads\/2025\/10\/Membantu-25040055-product_main.jpg","type":"image\/jpeg"}],"twitter_card":"summary_large_image","twitter_misc":{"Price":"199,00&nbsp;&euro;","Availability":"In stock"},"schema":{"@context":"https:\/\/schema.org","@graph":[{"@type":"WebPage","@id":"https:\/\/najnaj.eu\/sl\/izdelek\/membantu-osnovni-stalak-za-kolijevku-bijeli\/","url":"https:\/\/najnaj.eu\/sl\/izdelek\/membantu-osnovni-stalak-za-kolijevku-bijeli\/","name":"Membantu osnovni stalak za kolijevku \u2013 Bijeli - NajNaj.eu","isPartOf":{"@id":"https:\/\/najnaj.eu\/sl\/#website"},"primaryImageOfPage":{"@id":"https:\/\/najnaj.eu\/sl\/izdelek\/membantu-osnovni-stalak-za-kolijevku-bijeli\/#primaryimage"},"image":{"@id":"https:\/\/najnaj.eu\/sl\/izdelek\/membantu-osnovni-stalak-za-kolijevku-bijeli\/#primaryimage"},"thumbnailUrl":"https:\/\/najnaj.eu\/wp-content\/uploads\/2025\/10\/Membantu-25040055-product_main.jpg","datePublished":"2025-10-24T09:00:57+00:00","dateModified":"2026-02-03T19:19:58+00:00","description":"Osnovni stalak za kolijevku s easy\u2011click sklapanjem. Lagan, stabilan i prenosiv \u2013 prakti\u010dno rje\u0161enje za dom i putovanja.","breadcrumb":{"@id":"https:\/\/najnaj.eu\/sl\/izdelek\/membantu-osnovni-stalak-za-kolijevku-bijeli\/#breadcrumb"},"inLanguage":"sl-SI","potentialAction":[{"@type":"ReadAction","target":["https:\/\/najnaj.eu\/sl\/izdelek\/membantu-osnovni-stalak-za-kolijevku-bijeli\/"]}]},{"@type":"ImageObject","inLanguage":"sl-SI","@id":"https:\/\/najnaj.eu\/sl\/izdelek\/membantu-osnovni-stalak-za-kolijevku-bijeli\/#primaryimage","url":"https:\/\/najnaj.eu\/wp-content\/uploads\/2025\/10\/Membantu-25040055-product_main.jpg","contentUrl":"https:\/\/najnaj.eu\/wp-content\/uploads\/2025\/10\/Membantu-25040055-product_main.jpg","width":2300,"height":2300},{"@type":"BreadcrumbList","@id":"https:\/\/najnaj.eu\/sl\/izdelek\/membantu-osnovni-stalak-za-kolijevku-bijeli\/#breadcrumb","itemListElement":[{"@type":"ListItem","position":1,"name":"Po\u010detna stranica","item":"https:\/\/najnaj.eu\/sl\/prednja-stran\/"},{"@type":"ListItem","position":2,"name":"Shop","item":"https:\/\/najnaj.eu\/sl\/shop\/"},{"@type":"ListItem","position":3,"name":"Membantu osnovni stalak za kolijevku \u2013 Bijeli"}]},{"@type":"WebSite","@id":"https:\/\/najnaj.eu\/sl\/#website","url":"https:\/\/najnaj.eu\/sl\/","name":"NajNaj.eu","description":"Za najva\u017enije!","publisher":{"@id":"https:\/\/najnaj.eu\/sl\/#organization"},"potentialAction":[{"@type":"SearchAction","target":{"@type":"EntryPoint","urlTemplate":"https:\/\/najnaj.eu\/sl\/?s={search_term_string}"},"query-input":{"@type":"PropertyValueSpecification","valueRequired":true,"valueName":"search_term_string"}}],"inLanguage":"sl-SI"},{"@type":"Organization","@id":"https:\/\/najnaj.eu\/sl\/#organization","name":"NajNaj.eu","url":"https:\/\/najnaj.eu\/sl\/","logo":{"@type":"ImageObject","inLanguage":"sl-SI","@id":"https:\/\/najnaj.eu\/sl\/#\/schema\/logo\/image\/","url":"https:\/\/najnaj.eu\/wp-content\/uploads\/2023\/09\/logo_Najnaj_2023.svg","contentUrl":"https:\/\/najnaj.eu\/wp-content\/uploads\/2023\/09\/logo_Najnaj_2023.svg","width":501,"height":278,"caption":"NajNaj.eu"},"image":{"@id":"https:\/\/najnaj.eu\/sl\/#\/schema\/logo\/image\/"},"sameAs":["https:\/\/web.facebook.com\/najnaj.eu\/","https:\/\/www.instagram.com\/najnaj.eu\/","https:\/\/www.tiktok.com\/@najnaj.eu"]}]},"product_brand":"Membantu","product_price_amount":"199.00","product_price_currency":"EUR","og_availability":"instock","product_availability":"instock","product_retailer_item_id":"MB25040055","product_condition":"new"},"_links":{"self":[{"href":"https:\/\/najnaj.eu\/sl\/wp-json\/wp\/v2\/product\/276073","targetHints":{"allow":["GET"]}}],"collection":[{"href":"https:\/\/najnaj.eu\/sl\/wp-json\/wp\/v2\/product"}],"about":[{"href":"https:\/\/najnaj.eu\/sl\/wp-json\/wp\/v2\/types\/product"}],"replies":[{"embeddable":true,"href":"https:\/\/najnaj.eu\/sl\/wp-json\/wp\/v2\/comments?post=276073"}],"version-history":[{"count":0,"href":"https:\/\/najnaj.eu\/sl\/wp-json\/wp\/v2\/product\/276073\/revisions"}],"wp:featuredmedia":[{"embeddable":true,"href":"https:\/\/najnaj.eu\/sl\/wp-json\/wp\/v2\/media\/276080"}],"wp:attachment":[{"href":"https:\/\/najnaj.eu\/sl\/wp-json\/wp\/v2\/media?parent=276073"}],"wp:term":[{"taxonomy":"product_brand","embeddable":true,"href":"https:\/\/najnaj.eu\/sl\/wp-json\/wp\/v2\/product_brand?post=276073"},{"taxonomy":"product_cat","embeddable":true,"href":"https:\/\/najnaj.eu\/sl\/wp-json\/wp\/v2\/product_cat?post=276073"},{"taxonomy":"product_tag","embeddable":true,"href":"https:\/\/najnaj.eu\/sl\/wp-json\/wp\/v2\/product_tag?post=276073"}],"curies":[{"name":"wp","href":"https:\/\/api.w.org\/{rel}","templated":true}]}}