{"id":275282,"date":"2025-10-20T10:17:32","date_gmt":"2025-10-20T08:17:32","guid":{"rendered":"https:\/\/najnaj.eu\/?post_type=product&p=275282"},"modified":"2025-12-04T08:36:48","modified_gmt":"2025-12-04T07:36:48","slug":"besafe-beyond%c2%b2-360-mrezasta-antracitna","status":"publish","type":"product","link":"https:\/\/najnaj.eu\/sl\/izdelek\/besafe-beyond%c2%b2-360-mrezasta-antracitna\/","title":{"rendered":"BeSafe Beyond\u00b2 360, mre\u017easta, antracitna"},"content":{"rendered":"<h2>Glavne zna\u010dilnosti:<\/h2>\n<p><strong>Prostorna notranjost za udobno sedenje<\/strong><br \/>\n Notranjost avtosede\u017ea zdaj ponuja \u0161e ve\u010d prostora, kar otroku omogo\u010da prosto gibanje rok in nog, medtem ko je varno pripet. Ko otrok raste, lahko vzglavnik hitro nastavite v enega od 11 polo\u017eajev \u2013 do vi\u0161ine 125 cm. <\/p>\n<p><strong>Ve\u010d prostora za noge<\/strong><br \/>\n Z enim preprostim klikom lahko prilagodite prostor za noge do 16 cm. To storite tako, da podalj\u0161ate sprednjo oporo na podstavku ISOfix. <\/p>\n<p><strong>Certificirano kot prijazno do hrbta s strani AGR<\/strong><br \/>\n Ergo Cushion\u2122 zagotavlja dodatno udobje za starej\u0161e otroke z dodatnimi blazinami, ki so vstavljene v naslonjalo in podpirajo naravno krivuljo ledvene hrbtenice. To je \u0161e posebej pomembno za otroke od pribli\u017eno 3\/4 do pribli\u017eno 7 let starosti, saj je to obdobje razvoja hrbtenice, ko postane ukrivljenost v spodnjem delu hrbta (ledvena lordoza) bolj izrazita. <\/p>\n<p><strong>Namestitev na podstavek ISOfix<\/strong><br \/>\n Hitra in enostavna namestitev z ISOfix priklju\u010dki. Zasko\u010dite v pritrdi\u0161\u010da ISOfix v avtomobilu, pritisnite podstavek v sede\u017e in nastavite podporno nogo. <\/p>\n<p><strong>Upravljanje z eno roko<\/strong><br \/>\n Enostavno vrtenje in nastavitev nagiba z istim ro\u010dajem. Za la\u017eji vstop in izstop otroka zavrtite proti vratom, za ve\u010dje udobje pa spremenite nagib. Omogo\u010da vrtenje za 360\u00b0, ko je va\u0161 otrok dovolj star.  <\/p>\n<p><strong>Dodatna stranska za\u0161\u010dita<\/strong><br \/>\n Zagotavlja 20 % ve\u010djo dodatno za\u0161\u010dito v primeru bo\u010dnega trka. Pritrdite ga na stran avtosede\u017ea bli\u017eje vratom avtomobila. Inovativni vzglavnik je izdelan iz posebnih materialov, ki optimalno absorbirajo sile vseh udarcev.  <\/p>\n<p><strong>Inovativna tehnologija, ki omogo\u010da idealen nagib v vseh avtomobilih<\/strong><br \/>\n BeSafe Universal Level Technology\u2122 re\u0161uje problem preve\u010d nagnjenih avtosede\u017eev. Inovativna zasnova podstavka ISOfix zagotavlja pravilen in enakomeren nagib avtosede\u017ea v vsakem vozilu, ne glede na model avtomobila. Avtosede\u017e je pod pravilnim kotom, ko je &#8220;libela&#8221; na podstavku znotraj zelenega obmo\u010dja. Intuitivno in preprosto!   <\/p>\n<h2>Ve\u010d o avtosede\u017eu BeSafe Beyond\u00b2 360:<\/h2>\n<p>BeSafe Beyond\u00b2 360 \u2013 Prvi avtosede\u017e na svetu z vrtljivim podno\u017ejem, odobren za uporabo do pribli\u017eno 6 let (125 cm \/ 22 kg).<br \/>\n Omogo\u010da popolno 360-stopinjsko vrtenje z izjemno nizko te\u017eo za maksimalno udobje.<br \/>\n Prilagoditev prostora za noge in dol\u017eine naslonjala daje va\u0161emu otroku prostor za rast, razli\u010dni nakloni sede\u017ea pa zagotavljajo dodatno udobje. Pametni mehanizem zaklepanja prepre\u010duje prezgodnjo uporabo v smeri vo\u017enje. Sede\u017e omogo\u010da dalj\u0161o uporabo v nasprotni smeri vo\u017enje, kar je do 5-krat varneje v primerjavi z vo\u017enjo v smeri vo\u017enje.   <\/p>\n<p><strong>Vrhunska varnost<\/strong><br \/>\n &#8211; Odobreno za uporabo v nasprotni smeri vo\u017enje od 61 cm do 125 cm in 22 kg ter za uporabo v nasprotni smeri vo\u017enje od 88 cm do 125 cm in 22 kg<br \/>\n &#8211; Vzglavnik z Dynamic Force Absorber\u2122 za dodatno za\u0161\u010dito pri stranskih trkih<br \/>\n &#8211; SIP+ dodatna stranska za\u0161\u010dita &#8211; enostavna namestitev na sede\u017e<br \/>\n &#8211; Pametni varnostni mehanizem prepre\u010duje prezgodnje obra\u010danje v smeri vo\u017enje<br \/>\n &#8211; Odobreno v skladu z najnovej\u0161im varnostnim standardom UN R129<br \/>\n &#8211; Omogo\u010da vzvratno vo\u017enjo do pribli\u017eno 6. leta starosti &#8211; 5-krat varneje kot vo\u017enja naprej <\/p>\n<p><strong>Edinstvene lastnosti za vsakodnevno prilagodljivost<\/strong><br \/>\n &#8211; Hitra in enostavna namestitev ISOfixa<br \/>\n &#8211; Enostavno premikanje med avtomobili &#8211; avtosede\u017e je lo\u010den od podno\u017eja in izjemno lahek<br \/>\n &#8211; Bo\u010dno vrtenje od za\u010detka in polno vrtenje za 360\u00b0, ko otrok nekoliko odraste<br \/>\n &#8211; Upravljanje z eno roko za vrtenje in nastavitev nagiba<br \/>\n &#8211; Magnetic Belt Assistant\u2122 &#8211; magneti na pasovih olaj\u0161ajo namestitev in odstranitev otroka iz avtosede\u017ea<br \/>\n &#8211; Universal Level Technology\u2122 &#8211; optimalen kot sedenja v vsakem avtomobilu<\/p>\n<p><strong>Udobje<\/strong><br \/>\n &#8211; Ergo Cushion\u2122 za dodatno udobje starej\u0161ih otrok &#8211; z vstavitvijo dodatnih blazin v naslonjalo sede\u017ea se podpira naravna krivulja spodnjega dela hrbtenice (ledvena lordoza), kar je \u0161e posebej pomembno za otroke od pribli\u017eno 3\/4 do 7 let starosti<br \/>\n &#8211; Certificirano kot prijazno do hrbta s strani AGR<br \/>\n &#8211; Prostor za noge se lahko v nasprotni smeri vo\u017enje podalj\u0161a do 16 cm<br \/>\n &#8211; Nastavljiv vzglavnik &#8211; raste z otrokom do 125 cm<br \/>\n &#8211; Nastavljiv nagib sede\u017ea za dodatno udobje<br \/>\n &#8211; Prostorna notranjost sede\u017ea omogo\u010da svobodo gibanja, medtem ko je otrok varno pripet<br \/>\n &#8211; Dobro prezra\u010devanje zaradi zra\u010dne strukture pod prevleko<\/p>\n<p>BeSafe Beyond\u00b2 360 &#8211; izbolj\u0161ana razli\u010dica Beyond 360. Ponuja vse prednosti originalnega modela z dodatnimi nadgradnjami za \u0161e ve\u010djo varnost, udobje in vsakodnevno prakti\u010dnost. <\/p>\n<p><strong>S skrbjo za okolje in novimi oblikami mobilnosti<\/strong><br \/>\n Koncept BeSafe Beyond je zasnovan za dolgo \u017eivljenjsko dobo. Z uporabo trpe\u017enih materialov in konstrukcije, ki omogo\u010da enostavna popravila, je bila \u017eivljenjska doba vseh izdelkov iz te linije podalj\u0161ana na kar <strong>15 let<\/strong> .<br \/>\n Z uporabo istega podno\u017eja za sede\u017e za novorojen\u010dka in sede\u017e za starej\u0161e otroke (od 0 do 6 let) se koli\u010dina materiala, potrebnega za proizvodnjo, znatno zmanj\u0161a. <\/p>\n<p>Zaradi lahke in modularne zasnove je BeSafe Beyond\u00b2 360 popolna re\u0161itev za dru\u017eine, ki uporabljajo ve\u010d avtomobilov \u2013 ne glede na to, ali imajo svoja vozila ali uporabljajo storitve souporabe avtomobilov.<\/p>\n","protected":false},"excerpt":{"rendered":"<ul>\n<li>Edini vrtljivi avtosede\u017e na trgu, odobren za uporabo od 61 cm do 125 cm in 22 kg<\/li>\n<li>pribli\u017eno od 6 mesecev do 6 let<\/li>\n<li>polno 360\u00b0 vrtenje<\/li>\n<li>zagotavlja neprekosljivo fleksibilnost in varnost s pametnim mehanizmom zaklepanja za varno dalj\u0161o uporabo v nasprotni smeri vo\u017enje<\/li>\n<li>vrhunsko udobje z ergonomsko blazino<\/li>\n<li>optimalen polo\u017eaj v vseh avtomobilih z obvezno namestitvijo na <a href=\"https:\/\/najnaj.eu\/izdelek\/besafe-beyond-isofix-baza\/\">podstavek Beyond ISOfix<\/a><\/li>\n<li>Najbolj zra\u010dna tkanina z odprto 3D mre\u017easto strukturo za maksimalen pretok zraka<\/li>\n<li>\n<\/li>\n<\/ul>\n","protected":false},"featured_media":274949,"comment_status":"closed","ping_status":"closed","template":"","meta":{"_acf_changed":false,"footnotes":""},"product_brand":[],"product_cat":[1204,1317,2293,1180],"product_tag":[],"class_list":{"0":"post-275282","1":"product","2":"type-product","3":"status-publish","4":"has-post-thumbnail","6":"product_cat-avto-sedezi","7":"product_cat-majhni-otroci-1-4-let","8":"product_cat-majhni-otroci-6-mesecev-6-let","9":"product_cat-proizvodi-sl","10":"pa_boja-temno-siva","11":"pa_brand-besafe-sl","12":"pa_nacin-postavljanja-isofix-sl","13":"pa_visina-djeteta-od-61-do-125-cm-sl","15":"first","16":"instock","17":"shipping-taxable","18":"purchasable","19":"product-type-simple"},"bundled_by":[],"bundle_stock_status":"instock","bundle_stock_quantity":15,"bundle_virtual":false,"bundle_layout":"","bundle_add_to_cart_form_location":"","bundle_editable_in_cart":false,"bundle_sold_individually_context":"","bundle_item_grouping":"","bundle_min_size":"","bundle_max_size":"","bundle_price":[],"bundled_items":[],"bundle_sell_ids":[274562,274555,194614],"acf":[],"yoast_head":"<!-- This site is optimized with the Yoast SEO Premium plugin v21.5 (Yoast SEO v27.4) - https:\/\/yoast.com\/product\/yoast-seo-premium-wordpress\/ -->\n<title>BeSafe Beyond\u00b2 360, mre\u017easta, antracitna - NajNaj.eu<\/title>\n<meta name=\"description\" content=\"BeSafe Beyond\u00b2 360 \u2013 Prvi avtosede\u017e na svetu z vrtljivim podno\u017ejem, odobren za uporabo do pribli\u017eno 6 let (125 cm \/ 22 kg)!\" \/>\n<meta name=\"robots\" content=\"index, follow, max-snippet:-1, max-image-preview:large, max-video-preview:-1\" \/>\n<link rel=\"canonical\" href=\"https:\/\/najnaj.eu\/sl\/izdelek\/besafe-beyond%c2%b2-360-mrezasta-antracitna\/\" \/>\n<meta property=\"og:locale\" content=\"sl_SI\" \/>\n<meta property=\"og:type\" content=\"article\" \/>\n<meta property=\"og:title\" content=\"BeSafe Beyond\u00b2 360, mre\u017easta, antracitna\" \/>\n<meta property=\"og:description\" content=\"BeSafe Beyond\u00b2 360 \u2013 Prvi avtosede\u017e na svetu z vrtljivim podno\u017ejem, odobren za uporabo do pribli\u017eno 6 let (125 cm \/ 22 kg)!\" \/>\n<meta property=\"og:url\" content=\"https:\/\/najnaj.eu\/sl\/izdelek\/besafe-beyond%c2%b2-360-mrezasta-antracitna\/\" \/>\n<meta property=\"og:site_name\" content=\"NajNaj.eu\" \/>\n<meta property=\"article:publisher\" content=\"https:\/\/web.facebook.com\/najnaj.eu\/\" \/>\n<meta property=\"article:modified_time\" content=\"2025-12-04T07:36:48+00:00\" \/>\n<meta property=\"og:image\" content=\"https:\/\/najnaj.eu\/wp-content\/uploads\/2025\/10\/11045369_BeSafe_Beyond2-360_Peak-Mesh_Right_Shadow_main.jpg\" \/>\n\t<meta property=\"og:image:width\" content=\"1000\" \/>\n\t<meta property=\"og:image:height\" content=\"1000\" \/>\n\t<meta property=\"og:image:type\" content=\"image\/jpeg\" \/>\n<meta name=\"twitter:card\" content=\"summary_large_image\" \/>\n<meta name=\"twitter:label1\" content=\"Price\" \/>\n\t<meta name=\"twitter:data1\" content=\"559,00&nbsp;&euro;\" \/>\n\t<meta name=\"twitter:label2\" content=\"Availability\" \/>\n\t<meta name=\"twitter:data2\" content=\"In stock\" \/>\n<script type=\"application\/ld+json\" class=\"yoast-schema-graph\">{\"@context\":\"https:\\\/\\\/schema.org\",\"@graph\":[{\"@type\":\"WebPage\",\"@id\":\"https:\\\/\\\/najnaj.eu\\\/sl\\\/izdelek\\\/besafe-beyond%c2%b2-360-mrezasta-antracitna\\\/\",\"url\":\"https:\\\/\\\/najnaj.eu\\\/sl\\\/izdelek\\\/besafe-beyond%c2%b2-360-mrezasta-antracitna\\\/\",\"name\":\"BeSafe Beyond\u00b2 360, mre\u017easta, antracitna - NajNaj.eu\",\"isPartOf\":{\"@id\":\"https:\\\/\\\/najnaj.eu\\\/sl\\\/#website\"},\"primaryImageOfPage\":{\"@id\":\"https:\\\/\\\/najnaj.eu\\\/sl\\\/izdelek\\\/besafe-beyond%c2%b2-360-mrezasta-antracitna\\\/#primaryimage\"},\"image\":{\"@id\":\"https:\\\/\\\/najnaj.eu\\\/sl\\\/izdelek\\\/besafe-beyond%c2%b2-360-mrezasta-antracitna\\\/#primaryimage\"},\"thumbnailUrl\":\"https:\\\/\\\/najnaj.eu\\\/wp-content\\\/uploads\\\/2025\\\/10\\\/11045369_BeSafe_Beyond2-360_Peak-Mesh_Right_Shadow_main.jpg\",\"datePublished\":\"2025-10-20T08:17:32+00:00\",\"dateModified\":\"2025-12-04T07:36:48+00:00\",\"description\":\"BeSafe Beyond\u00b2 360 \u2013 Prvi avtosede\u017e na svetu z vrtljivim podno\u017ejem, odobren za uporabo do pribli\u017eno 6 let (125 cm \\\/ 22 kg)!\",\"breadcrumb\":{\"@id\":\"https:\\\/\\\/najnaj.eu\\\/sl\\\/izdelek\\\/besafe-beyond%c2%b2-360-mrezasta-antracitna\\\/#breadcrumb\"},\"inLanguage\":\"sl-SI\",\"potentialAction\":[{\"@type\":\"ReadAction\",\"target\":[\"https:\\\/\\\/najnaj.eu\\\/sl\\\/izdelek\\\/besafe-beyond%c2%b2-360-mrezasta-antracitna\\\/\"]}]},{\"@type\":\"ImageObject\",\"inLanguage\":\"sl-SI\",\"@id\":\"https:\\\/\\\/najnaj.eu\\\/sl\\\/izdelek\\\/besafe-beyond%c2%b2-360-mrezasta-antracitna\\\/#primaryimage\",\"url\":\"https:\\\/\\\/najnaj.eu\\\/wp-content\\\/uploads\\\/2025\\\/10\\\/11045369_BeSafe_Beyond2-360_Peak-Mesh_Right_Shadow_main.jpg\",\"contentUrl\":\"https:\\\/\\\/najnaj.eu\\\/wp-content\\\/uploads\\\/2025\\\/10\\\/11045369_BeSafe_Beyond2-360_Peak-Mesh_Right_Shadow_main.jpg\",\"width\":1000,\"height\":1000},{\"@type\":\"BreadcrumbList\",\"@id\":\"https:\\\/\\\/najnaj.eu\\\/sl\\\/izdelek\\\/besafe-beyond%c2%b2-360-mrezasta-antracitna\\\/#breadcrumb\",\"itemListElement\":[{\"@type\":\"ListItem\",\"position\":1,\"name\":\"Po\u010detna stranica\",\"item\":\"https:\\\/\\\/najnaj.eu\\\/sl\\\/prednja-stran\\\/\"},{\"@type\":\"ListItem\",\"position\":2,\"name\":\"Shop\",\"item\":\"https:\\\/\\\/najnaj.eu\\\/sl\\\/shop\\\/\"},{\"@type\":\"ListItem\",\"position\":3,\"name\":\"Privatno: BeSafe Beyond\u00b2 360, mre\u017easta, antracitna\"}]},{\"@type\":\"WebSite\",\"@id\":\"https:\\\/\\\/najnaj.eu\\\/sl\\\/#website\",\"url\":\"https:\\\/\\\/najnaj.eu\\\/sl\\\/\",\"name\":\"NajNaj.eu\",\"description\":\"Za najva\u017enije!\",\"publisher\":{\"@id\":\"https:\\\/\\\/najnaj.eu\\\/sl\\\/#organization\"},\"potentialAction\":[{\"@type\":\"SearchAction\",\"target\":{\"@type\":\"EntryPoint\",\"urlTemplate\":\"https:\\\/\\\/najnaj.eu\\\/sl\\\/?s={search_term_string}\"},\"query-input\":{\"@type\":\"PropertyValueSpecification\",\"valueRequired\":true,\"valueName\":\"search_term_string\"}}],\"inLanguage\":\"sl-SI\"},{\"@type\":\"Organization\",\"@id\":\"https:\\\/\\\/najnaj.eu\\\/sl\\\/#organization\",\"name\":\"NajNaj.eu\",\"url\":\"https:\\\/\\\/najnaj.eu\\\/sl\\\/\",\"logo\":{\"@type\":\"ImageObject\",\"inLanguage\":\"sl-SI\",\"@id\":\"https:\\\/\\\/najnaj.eu\\\/sl\\\/#\\\/schema\\\/logo\\\/image\\\/\",\"url\":\"https:\\\/\\\/najnaj.eu\\\/wp-content\\\/uploads\\\/2023\\\/09\\\/logo_Najnaj_2023.svg\",\"contentUrl\":\"https:\\\/\\\/najnaj.eu\\\/wp-content\\\/uploads\\\/2023\\\/09\\\/logo_Najnaj_2023.svg\",\"width\":501,\"height\":278,\"caption\":\"NajNaj.eu\"},\"image\":{\"@id\":\"https:\\\/\\\/najnaj.eu\\\/sl\\\/#\\\/schema\\\/logo\\\/image\\\/\"},\"sameAs\":[\"https:\\\/\\\/web.facebook.com\\\/najnaj.eu\\\/\",\"https:\\\/\\\/www.instagram.com\\\/najnaj.eu\\\/\",\"https:\\\/\\\/www.tiktok.com\\\/@najnaj.eu\"]}]}<\/script>\n<meta property=\"product:brand\" content=\"BeSafe\" \/>\n<meta property=\"product:price:amount\" content=\"559.00\" \/>\n<meta property=\"product:price:currency\" content=\"EUR\" \/>\n<meta property=\"og:availability\" content=\"instock\" \/>\n<meta property=\"product:availability\" content=\"instock\" \/>\n<meta property=\"product:retailer_item_id\" content=\"11045369-AnthraMesh\" \/>\n<meta property=\"product:condition\" content=\"new\" \/>\n<!-- \/ Yoast SEO Premium plugin. -->","yoast_head_json":{"title":"BeSafe Beyond\u00b2 360, mre\u017easta, antracitna - NajNaj.eu","description":"BeSafe Beyond\u00b2 360 \u2013 Prvi avtosede\u017e na svetu z vrtljivim podno\u017ejem, odobren za uporabo do pribli\u017eno 6 let (125 cm \/ 22 kg)!","robots":{"index":"index","follow":"follow","max-snippet":"max-snippet:-1","max-image-preview":"max-image-preview:large","max-video-preview":"max-video-preview:-1"},"canonical":"https:\/\/najnaj.eu\/sl\/izdelek\/besafe-beyond%c2%b2-360-mrezasta-antracitna\/","og_locale":"sl_SI","og_type":"article","og_title":"BeSafe Beyond\u00b2 360, mre\u017easta, antracitna","og_description":"BeSafe Beyond\u00b2 360 \u2013 Prvi avtosede\u017e na svetu z vrtljivim podno\u017ejem, odobren za uporabo do pribli\u017eno 6 let (125 cm \/ 22 kg)!","og_url":"https:\/\/najnaj.eu\/sl\/izdelek\/besafe-beyond%c2%b2-360-mrezasta-antracitna\/","og_site_name":"NajNaj.eu","article_publisher":"https:\/\/web.facebook.com\/najnaj.eu\/","article_modified_time":"2025-12-04T07:36:48+00:00","og_image":[{"width":1000,"height":1000,"url":"https:\/\/najnaj.eu\/wp-content\/uploads\/2025\/10\/11045369_BeSafe_Beyond2-360_Peak-Mesh_Right_Shadow_main.jpg","type":"image\/jpeg"}],"twitter_card":"summary_large_image","twitter_misc":{"Price":"559,00&nbsp;&euro;","Availability":"In stock"},"schema":{"@context":"https:\/\/schema.org","@graph":[{"@type":"WebPage","@id":"https:\/\/najnaj.eu\/sl\/izdelek\/besafe-beyond%c2%b2-360-mrezasta-antracitna\/","url":"https:\/\/najnaj.eu\/sl\/izdelek\/besafe-beyond%c2%b2-360-mrezasta-antracitna\/","name":"BeSafe Beyond\u00b2 360, mre\u017easta, antracitna - NajNaj.eu","isPartOf":{"@id":"https:\/\/najnaj.eu\/sl\/#website"},"primaryImageOfPage":{"@id":"https:\/\/najnaj.eu\/sl\/izdelek\/besafe-beyond%c2%b2-360-mrezasta-antracitna\/#primaryimage"},"image":{"@id":"https:\/\/najnaj.eu\/sl\/izdelek\/besafe-beyond%c2%b2-360-mrezasta-antracitna\/#primaryimage"},"thumbnailUrl":"https:\/\/najnaj.eu\/wp-content\/uploads\/2025\/10\/11045369_BeSafe_Beyond2-360_Peak-Mesh_Right_Shadow_main.jpg","datePublished":"2025-10-20T08:17:32+00:00","dateModified":"2025-12-04T07:36:48+00:00","description":"BeSafe Beyond\u00b2 360 \u2013 Prvi avtosede\u017e na svetu z vrtljivim podno\u017ejem, odobren za uporabo do pribli\u017eno 6 let (125 cm \/ 22 kg)!","breadcrumb":{"@id":"https:\/\/najnaj.eu\/sl\/izdelek\/besafe-beyond%c2%b2-360-mrezasta-antracitna\/#breadcrumb"},"inLanguage":"sl-SI","potentialAction":[{"@type":"ReadAction","target":["https:\/\/najnaj.eu\/sl\/izdelek\/besafe-beyond%c2%b2-360-mrezasta-antracitna\/"]}]},{"@type":"ImageObject","inLanguage":"sl-SI","@id":"https:\/\/najnaj.eu\/sl\/izdelek\/besafe-beyond%c2%b2-360-mrezasta-antracitna\/#primaryimage","url":"https:\/\/najnaj.eu\/wp-content\/uploads\/2025\/10\/11045369_BeSafe_Beyond2-360_Peak-Mesh_Right_Shadow_main.jpg","contentUrl":"https:\/\/najnaj.eu\/wp-content\/uploads\/2025\/10\/11045369_BeSafe_Beyond2-360_Peak-Mesh_Right_Shadow_main.jpg","width":1000,"height":1000},{"@type":"BreadcrumbList","@id":"https:\/\/najnaj.eu\/sl\/izdelek\/besafe-beyond%c2%b2-360-mrezasta-antracitna\/#breadcrumb","itemListElement":[{"@type":"ListItem","position":1,"name":"Po\u010detna stranica","item":"https:\/\/najnaj.eu\/sl\/prednja-stran\/"},{"@type":"ListItem","position":2,"name":"Shop","item":"https:\/\/najnaj.eu\/sl\/shop\/"},{"@type":"ListItem","position":3,"name":"Privatno: BeSafe Beyond\u00b2 360, mre\u017easta, antracitna"}]},{"@type":"WebSite","@id":"https:\/\/najnaj.eu\/sl\/#website","url":"https:\/\/najnaj.eu\/sl\/","name":"NajNaj.eu","description":"Za najva\u017enije!","publisher":{"@id":"https:\/\/najnaj.eu\/sl\/#organization"},"potentialAction":[{"@type":"SearchAction","target":{"@type":"EntryPoint","urlTemplate":"https:\/\/najnaj.eu\/sl\/?s={search_term_string}"},"query-input":{"@type":"PropertyValueSpecification","valueRequired":true,"valueName":"search_term_string"}}],"inLanguage":"sl-SI"},{"@type":"Organization","@id":"https:\/\/najnaj.eu\/sl\/#organization","name":"NajNaj.eu","url":"https:\/\/najnaj.eu\/sl\/","logo":{"@type":"ImageObject","inLanguage":"sl-SI","@id":"https:\/\/najnaj.eu\/sl\/#\/schema\/logo\/image\/","url":"https:\/\/najnaj.eu\/wp-content\/uploads\/2023\/09\/logo_Najnaj_2023.svg","contentUrl":"https:\/\/najnaj.eu\/wp-content\/uploads\/2023\/09\/logo_Najnaj_2023.svg","width":501,"height":278,"caption":"NajNaj.eu"},"image":{"@id":"https:\/\/najnaj.eu\/sl\/#\/schema\/logo\/image\/"},"sameAs":["https:\/\/web.facebook.com\/najnaj.eu\/","https:\/\/www.instagram.com\/najnaj.eu\/","https:\/\/www.tiktok.com\/@najnaj.eu"]}]},"product_brand":"BeSafe","product_price_amount":"559.00","product_price_currency":"EUR","og_availability":"instock","product_availability":"instock","product_retailer_item_id":"11045369-AnthraMesh","product_condition":"new"},"_links":{"self":[{"href":"https:\/\/najnaj.eu\/sl\/wp-json\/wp\/v2\/product\/275282","targetHints":{"allow":["GET"]}}],"collection":[{"href":"https:\/\/najnaj.eu\/sl\/wp-json\/wp\/v2\/product"}],"about":[{"href":"https:\/\/najnaj.eu\/sl\/wp-json\/wp\/v2\/types\/product"}],"replies":[{"embeddable":true,"href":"https:\/\/najnaj.eu\/sl\/wp-json\/wp\/v2\/comments?post=275282"}],"version-history":[{"count":0,"href":"https:\/\/najnaj.eu\/sl\/wp-json\/wp\/v2\/product\/275282\/revisions"}],"wp:featuredmedia":[{"embeddable":true,"href":"https:\/\/najnaj.eu\/sl\/wp-json\/wp\/v2\/media\/274949"}],"wp:attachment":[{"href":"https:\/\/najnaj.eu\/sl\/wp-json\/wp\/v2\/media?parent=275282"}],"wp:term":[{"taxonomy":"product_brand","embeddable":true,"href":"https:\/\/najnaj.eu\/sl\/wp-json\/wp\/v2\/product_brand?post=275282"},{"taxonomy":"product_cat","embeddable":true,"href":"https:\/\/najnaj.eu\/sl\/wp-json\/wp\/v2\/product_cat?post=275282"},{"taxonomy":"product_tag","embeddable":true,"href":"https:\/\/najnaj.eu\/sl\/wp-json\/wp\/v2\/product_tag?post=275282"}],"curies":[{"name":"wp","href":"https:\/\/api.w.org\/{rel}","templated":true}]}}