{"id":274619,"date":"2026-01-22T13:44:59","date_gmt":"2026-01-22T12:44:59","guid":{"rendered":"https:\/\/najnaj.eu\/?post_type=product&#038;p=274619"},"modified":"2026-02-03T20:06:25","modified_gmt":"2026-02-03T19:06:25","slug":"besafe-go-beyond-2-dark-grey-melange","status":"publish","type":"product","link":"https:\/\/najnaj.eu\/sl\/izdelek\/besafe-go-beyond-2-dark-grey-melange\/","title":{"rendered":"BeSafe Go Beyond\u00b2 Dark Grey M\u00e9lange"},"content":{"rendered":"<p><span style=\"font-weight: 400;\">Go Beyond\u00b2 je nadogra\u0111ena verzija nagra\u0111ivane BeSafe Go Beyond sjedalice.<\/span><\/p>\n<p><strong>1. Sigurno spavanje u le\u017ee\u0107em polo\u017eaju<\/strong><br \/>\nInovacija, Active Lay Flat TM, osigurava da va\u0161a beba putuje sigurno, \u010dak i u le\u017ee\u0107em polo\u017eaju. Ako se dogodi nesre\u0107a, sjedalica \u0107e se automatski pomaknuti u sjede\u0107i polo\u017eaj, osiguravaju\u0107i pravi kut potreban za bebu.<\/p>\n<p><strong>2. Ru\u010dka za no\u0161enje<\/strong><br \/>\nZa jednostavan prijenos autosjedalice izvan automobila. Ru\u010dkom za no\u0161enje mo\u017eete jednostavno upravljati samo jednom rukom. Osim toga, ima i sigurnosnu funkciju jer tijekom sudara \u0161titi Va\u0161u bebu od udaraca u unutra\u0161njost automobila.<\/p>\n<p><strong>3. Raste s djetetom<\/strong><br \/>\nSjedalica je dizajnirana tako da djetetu omogu\u0107uje dovoljno prostora sve do 87 cm, otprilike do 18 mjeseci. Autosjedalica se jednostavno pode\u0161ava uklanjanjem dodatnih jastu\u010di\u0107a i podizanjem naslona za glavu kako Va\u0161e dijete raste.<\/p>\n<p><strong>4. Rotacija za lak pristup<\/strong><br \/>\nAutosjedalica se mo\u017ee okretati lijevo-desno kada je postavljena na ISOfix bazu. Ova zna\u010dajka omogu\u0107uje jednostavan pristup i okretanje sjedalice prema vratima automobila za lak\u0161e stavljanje djeteta u sjedalicu pritom \u0161tite\u0107i Va\u0161a le\u0111a.<\/p>\n<p><strong>5. \u201cPeekaboo\u201d krovi\u0107<\/strong><br \/>\nVrlo duga\u010dki krovi\u0107 za za\u0161titu od sunca dizajniran je da za\u0161titi Va\u0161u bebu od sunca i vremenskih prilika. Mo\u017eete ga jednostavno namjestiti sa svake strane ovisno o smjeru sun\u010devih zraka. \u201cPeekaboo\u201d funkcija savr\u0161ena je za brzu provjeru Va\u0161e bebe bez ometanja njenog sna.<\/p>\n<p><strong>6. Postavljanje na ISOfix bazu ili sigurnosnim pojasom<\/strong><br \/>\nZa maksimalnu fleksibilnost mo\u017eete postaviti autosjedalicu na ISOfix priklju\u010dke pomo\u0107u baze ili sa sigurnosnim pojasom automobila kroz predvi\u0111ene utore za pojas.<\/p>\n<p><strong>7. Certificirana za kori\u0161tenje u zrakoplovu<br \/>\n<\/strong><span style=\"font-weight: 400;\">Sjedalica je odobrena od T\u00dcV Rheinland za kori\u0161tenje u zrakoplovima. Testirana je prema me\u0111unarodno priznatim protokolima \u2013 s 2-to\u010dkovnim pojasevima pri frontalnom udaru od 50 km\/h \u2013 i ostaje netaknuta kako bi va\u0161e dijete bilo sigurno tijekom putovanja.<\/span><\/p>\n<p><strong>8. Premium dizajn<br \/>\n<\/strong><span style=\"font-weight: 400;\">Elegantni mat zavr\u0161etak i tamni okvir sjedalice savr\u0161eno se uklapaju na tamne okvire kolica, za sofisticiran i uskla\u0111en izgled.<\/span><\/p>\n<p>&nbsp;<\/p>\n<p><strong>Vrhunska sigurnost<\/strong><br \/>\n\u2013 Visina: od 40 do 87 cm<br \/>\n\u2013 Revolucionarna funkcija Active Lay Flat\u2122 omogu\u0107ava automatsko pomicanje u uspravan polo\u017eaj u slu\u010daju sudara<br \/>\n\u2013 Napetost sigurnosnih pojaseva ostaje nepromijenjena bez obzira na promjenu kuta sjedalice<br \/>\n\u2013 Unutarnji pojasevi s upori\u0161tem u pet to\u010daka za ve\u0107u stabilnost u slu\u010daju bo\u010dnog udara<br \/>\n\u2013 Napredna za\u0161tita za podru\u010dje glave (Dynamic Force Absorber\u2122)<br \/>\n\u2013 Jastu\u010di\u0107i za bolju potporu<br \/>\n\u2013 Dodatna za\u0161tita od bo\u010dnog sudara (SIP+) koja se lako pri\u010dvr\u0161\u0107uje na dje\u010dju autosjedalicu<\/p>\n<p><strong>Jedinstvene zna\u010dajke za svakodnevnu fleksibilnost<\/strong><br \/>\n\u2013 Jednostavno postavljanje na Beyond bazu ili pomo\u0107u sigurnosnih pojaseva<br \/>\n\u2013 Rotacija za lak pristup i fleksibilna putovanja<br \/>\n\u2013 Lako upravljanje jednom rukom ru\u010dkom za no\u0161enje i rotaciju<br \/>\n\u2013 \u201cPeekaboo\u201d fleksibilni krovi\u0107 osigurava za\u0161titu od sunca i jednostavno prilago\u0111avanje djetetovim potrebama<br \/>\n\u2013 Magneti na bo\u010dnoj strani sjedalice pridr\u017eavaju pojaseve da ne smetaju prilikom postavljanja i va\u0111enja djeteta (Magnetic Belt Assistants\u2122)<br \/>\n\u2013 Lako se postavlja na okvir<a href=\"https:\/\/najnaj.eu\/wp-content\/uploads\/2025\/05\/besafe_go_beyond-strollerlist.pdf\" target=\"_blank\" rel=\"noopener\"><strong> ve\u0107ine vode\u0107ih modela dje\u010djih kolica<\/strong><\/a> \u010dime se stvara sustav za putovanje<br \/>\n\u2013 Autosjedalica odobrena za kori\u0161tenje u zrakoplovu<\/p>\n<p><strong>Udobnost<\/strong><br \/>\n\u2013 Universal Level Technology\u2122 za optimalan kut sjedenja u svakom automobilu<br \/>\n\u2013 Funkcija le\u017ee\u0107eg polo\u017eaja za udobno spavanje na kolicima i u automobilu (kada se instalira s Beyond bazom)<br \/>\n\u2013 Naslon za glavu podesiv u 10 stupnjeva rast s djetetom sve do 87 cm<br \/>\n\u2013 Dobar protok zraka s otvorenom strukturom ispod tekstilne navlake<br \/>\n\u2013 Certificiran kao posebno pogodan za le\u0111a od strane njema\u010dke organizacije AGR (German organisation AGR)<\/p>\n<p><strong>Priroda i promjenjiva mobilnost na umu<\/strong><br \/>\nKoncept BeSafe Beyond napravljen je da traje. Njegovi izdr\u017eljivi materijali, u kombinaciji s konstrukcijom koja omogu\u0107uje jednostavan popravak, produ\u017euju \u017eivotni vijek svih proizvoda Beyond koncepta na 15 godina. Kori\u0161tenjem iste baze za dje\u010dju autosjedalicu i sjedalicu za malu djecu od 0 do 6 godina, smanjujemo koli\u010dinu materijala kori\u0161tenog tijekom proizvodnje.<br \/>\nPovrh toga, modularni i lagani dizajn koncepta \u010dini ga savr\u0161enim za obitelji koje \u017eele koristiti svoje sjedalo u vi\u0161e automobila \u2013 bilo da posjeduju 2 automobila ili koriste usluge dijeljenja automobila.<\/p>\n<p><strong>Vrijeme kori\u0161tenja<\/strong><br \/>\nOdricanje od odgovornosti za dobni raspon: imajte na umu da je navedeni dobni raspon samo smjernica temeljena na prosje\u010dnim vrijednostima i ne ograni\u010dava niti jam\u010di vrijeme kori\u0161tenja.<\/p>\n","protected":false},"excerpt":{"rendered":"<ul>\n<li>jedina autojedalica od ro\u0111enja koja se mo\u017ee postaviti u siguran le\u017ee\u0107i polo\u017eaj tijekom vo\u017enje u automobilu<\/li>\n<li>le\u017ee\u0107i polo\u017eaj i na kolicima<\/li>\n<li>prakti\u010dna 180\u00b0 rotacija \u2013 prema vratima<\/li>\n<li>visina djeteta: 41 \u2013 87 cm<\/li>\n<li>postavljanje pomo\u0107u<a href=\"https:\/\/najnaj.eu\/proizvod\/besafe-beyond-isofix-baza\/\">\u00a0ISOfix baze<\/a>\u00a0(obavezna za rotaciju i kori\u0161tenje le\u017ee\u0107eg polo\u017eaja) ili automobilskog pojasa<\/li>\n<\/ul>\n<p>Pogledaj Go Beyond\u00b2 u interaktivnom <a href=\"https:\/\/catalogue.arkid.app\/embed\/1gEAsdTmEfCIHiXBXUO49Q\" target=\"_blank\" rel=\"noopener\"><strong>3D prikazu<\/strong><\/a>!<\/p>\n","protected":false},"featured_media":286334,"comment_status":"open","ping_status":"closed","template":"","meta":{"_acf_changed":false,"footnotes":""},"product_brand":[],"product_cat":[574,830,318],"product_tag":[],"class_list":{"0":"post-274619","1":"product","2":"type-product","3":"status-publish","4":"has-post-thumbnail","6":"product_cat-autosjedalice","7":"product_cat-novorodence","8":"product_cat-proizvodi","9":"pa_boja-crna","10":"pa_brand-besafe","11":"pa_nacin-postavljanja-automobilski-pojas","12":"pa_nacin-postavljanja-isofix","13":"pa_postavljanje-na-kolica-da","14":"pa_visina-djeteta-od-40-do-87-cm","16":"first","17":"instock","18":"shipping-taxable","19":"purchasable","20":"product-type-simple"},"bundled_by":[],"bundle_stock_status":"instock","bundle_stock_quantity":15,"bundle_virtual":false,"bundle_layout":"","bundle_add_to_cart_form_location":"","bundle_editable_in_cart":false,"bundle_sold_individually_context":"","bundle_item_grouping":"","bundle_min_size":"","bundle_max_size":"","bundle_price":[],"bundled_items":[],"bundle_sell_ids":[],"acf":[],"yoast_head":"<!-- This site is optimized with the Yoast SEO Premium plugin v21.5 (Yoast SEO v27.4) - https:\/\/yoast.com\/product\/yoast-seo-premium-wordpress\/ -->\n<title>BeSafe Go Beyond\u00b2 - nova generacija nagra\u0111ivane autosjedalice<\/title>\n<meta name=\"description\" content=\"BeSafe Go Beyond\u00b2 autosjedalica s Active Lay Flat\u2122 tehnologijom za sigurno spavanje u le\u017ee\u0107em polo\u017eaju. Maksimalna za\u0161tita i udobnost do 18 mjeseci.\" \/>\n<meta name=\"robots\" content=\"index, follow, max-snippet:-1, max-image-preview:large, max-video-preview:-1\" \/>\n<link rel=\"canonical\" href=\"https:\/\/najnaj.eu\/sl\/izdelek\/besafe-go-beyond-2-dark-grey-melange\/\" \/>\n<meta property=\"og:locale\" content=\"sl_SI\" \/>\n<meta property=\"og:type\" content=\"article\" \/>\n<meta property=\"og:title\" content=\"BeSafe Go Beyond\u00b2 Dark Grey M\u00e9lange\" \/>\n<meta property=\"og:description\" content=\"BeSafe Go Beyond\u00b2 autosjedalica s Active Lay Flat\u2122 tehnologijom za sigurno spavanje u le\u017ee\u0107em polo\u017eaju. Maksimalna za\u0161tita i udobnost do 18 mjeseci.\" \/>\n<meta property=\"og:url\" content=\"https:\/\/najnaj.eu\/sl\/izdelek\/besafe-go-beyond-2-dark-grey-melange\/\" \/>\n<meta property=\"og:site_name\" content=\"NajNaj.eu\" \/>\n<meta property=\"article:publisher\" content=\"https:\/\/web.facebook.com\/najnaj.eu\/\" \/>\n<meta property=\"article:modified_time\" content=\"2026-02-03T19:06:25+00:00\" \/>\n<meta property=\"og:image\" content=\"https:\/\/najnaj.eu\/wp-content\/uploads\/2025\/10\/11043219_BeSafe_Go-Beyond2_Dark-Grey-Melange_Right_Extended-1024x1024.png\" \/>\n\t<meta property=\"og:image:width\" content=\"1024\" \/>\n\t<meta property=\"og:image:height\" content=\"1024\" \/>\n\t<meta property=\"og:image:type\" content=\"image\/png\" \/>\n<meta name=\"twitter:card\" content=\"summary_large_image\" \/>\n<meta name=\"twitter:label1\" content=\"Price\" \/>\n\t<meta name=\"twitter:data1\" content=\"429,00&nbsp;&euro;\" \/>\n\t<meta name=\"twitter:label2\" content=\"Availability\" \/>\n\t<meta name=\"twitter:data2\" content=\"In stock\" \/>\n<script type=\"application\/ld+json\" class=\"yoast-schema-graph\">{\"@context\":\"https:\\\/\\\/schema.org\",\"@graph\":[{\"@type\":\"WebPage\",\"@id\":\"https:\\\/\\\/najnaj.eu\\\/sl\\\/izdelek\\\/besafe-go-beyond-2-dark-grey-melange\\\/\",\"url\":\"https:\\\/\\\/najnaj.eu\\\/sl\\\/izdelek\\\/besafe-go-beyond-2-dark-grey-melange\\\/\",\"name\":\"BeSafe Go Beyond\u00b2 - nova generacija nagra\u0111ivane autosjedalice\",\"isPartOf\":{\"@id\":\"https:\\\/\\\/najnaj.eu\\\/sl\\\/#website\"},\"primaryImageOfPage\":{\"@id\":\"https:\\\/\\\/najnaj.eu\\\/sl\\\/izdelek\\\/besafe-go-beyond-2-dark-grey-melange\\\/#primaryimage\"},\"image\":{\"@id\":\"https:\\\/\\\/najnaj.eu\\\/sl\\\/izdelek\\\/besafe-go-beyond-2-dark-grey-melange\\\/#primaryimage\"},\"thumbnailUrl\":\"https:\\\/\\\/najnaj.eu\\\/wp-content\\\/uploads\\\/2025\\\/10\\\/11043219_BeSafe_Go-Beyond2_Dark-Grey-Melange_Right_Extended-scaled.png\",\"datePublished\":\"2026-01-22T12:44:59+00:00\",\"dateModified\":\"2026-02-03T19:06:25+00:00\",\"description\":\"BeSafe Go Beyond\u00b2 autosjedalica s Active Lay Flat\u2122 tehnologijom za sigurno spavanje u le\u017ee\u0107em polo\u017eaju. Maksimalna za\u0161tita i udobnost do 18 mjeseci.\",\"breadcrumb\":{\"@id\":\"https:\\\/\\\/najnaj.eu\\\/sl\\\/izdelek\\\/besafe-go-beyond-2-dark-grey-melange\\\/#breadcrumb\"},\"inLanguage\":\"sl-SI\",\"potentialAction\":[{\"@type\":\"ReadAction\",\"target\":[\"https:\\\/\\\/najnaj.eu\\\/sl\\\/izdelek\\\/besafe-go-beyond-2-dark-grey-melange\\\/\"]}]},{\"@type\":\"ImageObject\",\"inLanguage\":\"sl-SI\",\"@id\":\"https:\\\/\\\/najnaj.eu\\\/sl\\\/izdelek\\\/besafe-go-beyond-2-dark-grey-melange\\\/#primaryimage\",\"url\":\"https:\\\/\\\/najnaj.eu\\\/wp-content\\\/uploads\\\/2025\\\/10\\\/11043219_BeSafe_Go-Beyond2_Dark-Grey-Melange_Right_Extended-scaled.png\",\"contentUrl\":\"https:\\\/\\\/najnaj.eu\\\/wp-content\\\/uploads\\\/2025\\\/10\\\/11043219_BeSafe_Go-Beyond2_Dark-Grey-Melange_Right_Extended-scaled.png\",\"width\":2560,\"height\":2560},{\"@type\":\"BreadcrumbList\",\"@id\":\"https:\\\/\\\/najnaj.eu\\\/sl\\\/izdelek\\\/besafe-go-beyond-2-dark-grey-melange\\\/#breadcrumb\",\"itemListElement\":[{\"@type\":\"ListItem\",\"position\":1,\"name\":\"Po\u010detna stranica\",\"item\":\"https:\\\/\\\/najnaj.eu\\\/sl\\\/prednja-stran\\\/\"},{\"@type\":\"ListItem\",\"position\":2,\"name\":\"Shop\",\"item\":\"https:\\\/\\\/najnaj.eu\\\/sl\\\/shop\\\/\"},{\"@type\":\"ListItem\",\"position\":3,\"name\":\"BeSafe Go Beyond\u00b2 Dark Grey M\u00e9lange\"}]},{\"@type\":\"WebSite\",\"@id\":\"https:\\\/\\\/najnaj.eu\\\/sl\\\/#website\",\"url\":\"https:\\\/\\\/najnaj.eu\\\/sl\\\/\",\"name\":\"NajNaj.eu\",\"description\":\"Za najva\u017enije!\",\"publisher\":{\"@id\":\"https:\\\/\\\/najnaj.eu\\\/sl\\\/#organization\"},\"potentialAction\":[{\"@type\":\"SearchAction\",\"target\":{\"@type\":\"EntryPoint\",\"urlTemplate\":\"https:\\\/\\\/najnaj.eu\\\/sl\\\/?s={search_term_string}\"},\"query-input\":{\"@type\":\"PropertyValueSpecification\",\"valueRequired\":true,\"valueName\":\"search_term_string\"}}],\"inLanguage\":\"sl-SI\"},{\"@type\":\"Organization\",\"@id\":\"https:\\\/\\\/najnaj.eu\\\/sl\\\/#organization\",\"name\":\"NajNaj.eu\",\"url\":\"https:\\\/\\\/najnaj.eu\\\/sl\\\/\",\"logo\":{\"@type\":\"ImageObject\",\"inLanguage\":\"sl-SI\",\"@id\":\"https:\\\/\\\/najnaj.eu\\\/sl\\\/#\\\/schema\\\/logo\\\/image\\\/\",\"url\":\"https:\\\/\\\/najnaj.eu\\\/wp-content\\\/uploads\\\/2023\\\/09\\\/logo_Najnaj_2023.svg\",\"contentUrl\":\"https:\\\/\\\/najnaj.eu\\\/wp-content\\\/uploads\\\/2023\\\/09\\\/logo_Najnaj_2023.svg\",\"width\":501,\"height\":278,\"caption\":\"NajNaj.eu\"},\"image\":{\"@id\":\"https:\\\/\\\/najnaj.eu\\\/sl\\\/#\\\/schema\\\/logo\\\/image\\\/\"},\"sameAs\":[\"https:\\\/\\\/web.facebook.com\\\/najnaj.eu\\\/\",\"https:\\\/\\\/www.instagram.com\\\/najnaj.eu\\\/\",\"https:\\\/\\\/www.tiktok.com\\\/@najnaj.eu\"]}]}<\/script>\n<meta property=\"product:brand\" content=\"BeSafe\" \/>\n<meta property=\"product:price:amount\" content=\"429.00\" \/>\n<meta property=\"product:price:currency\" content=\"EUR\" \/>\n<meta property=\"og:availability\" content=\"instock\" \/>\n<meta property=\"product:availability\" content=\"instock\" \/>\n<meta property=\"product:retailer_item_id\" content=\"11043219-DarkGreyM-One Size-Std\" \/>\n<meta property=\"product:condition\" content=\"new\" \/>\n<!-- \/ Yoast SEO Premium plugin. -->","yoast_head_json":{"title":"BeSafe Go Beyond\u00b2 - nova generacija nagra\u0111ivane autosjedalice","description":"BeSafe Go Beyond\u00b2 autosjedalica s Active Lay Flat\u2122 tehnologijom za sigurno spavanje u le\u017ee\u0107em polo\u017eaju. Maksimalna za\u0161tita i udobnost do 18 mjeseci.","robots":{"index":"index","follow":"follow","max-snippet":"max-snippet:-1","max-image-preview":"max-image-preview:large","max-video-preview":"max-video-preview:-1"},"canonical":"https:\/\/najnaj.eu\/sl\/izdelek\/besafe-go-beyond-2-dark-grey-melange\/","og_locale":"sl_SI","og_type":"article","og_title":"BeSafe Go Beyond\u00b2 Dark Grey M\u00e9lange","og_description":"BeSafe Go Beyond\u00b2 autosjedalica s Active Lay Flat\u2122 tehnologijom za sigurno spavanje u le\u017ee\u0107em polo\u017eaju. Maksimalna za\u0161tita i udobnost do 18 mjeseci.","og_url":"https:\/\/najnaj.eu\/sl\/izdelek\/besafe-go-beyond-2-dark-grey-melange\/","og_site_name":"NajNaj.eu","article_publisher":"https:\/\/web.facebook.com\/najnaj.eu\/","article_modified_time":"2026-02-03T19:06:25+00:00","og_image":[{"width":1024,"height":1024,"url":"https:\/\/najnaj.eu\/wp-content\/uploads\/2025\/10\/11043219_BeSafe_Go-Beyond2_Dark-Grey-Melange_Right_Extended-1024x1024.png","type":"image\/png"}],"twitter_card":"summary_large_image","twitter_misc":{"Price":"429,00&nbsp;&euro;","Availability":"In stock"},"schema":{"@context":"https:\/\/schema.org","@graph":[{"@type":"WebPage","@id":"https:\/\/najnaj.eu\/sl\/izdelek\/besafe-go-beyond-2-dark-grey-melange\/","url":"https:\/\/najnaj.eu\/sl\/izdelek\/besafe-go-beyond-2-dark-grey-melange\/","name":"BeSafe Go Beyond\u00b2 - nova generacija nagra\u0111ivane autosjedalice","isPartOf":{"@id":"https:\/\/najnaj.eu\/sl\/#website"},"primaryImageOfPage":{"@id":"https:\/\/najnaj.eu\/sl\/izdelek\/besafe-go-beyond-2-dark-grey-melange\/#primaryimage"},"image":{"@id":"https:\/\/najnaj.eu\/sl\/izdelek\/besafe-go-beyond-2-dark-grey-melange\/#primaryimage"},"thumbnailUrl":"https:\/\/najnaj.eu\/wp-content\/uploads\/2025\/10\/11043219_BeSafe_Go-Beyond2_Dark-Grey-Melange_Right_Extended-scaled.png","datePublished":"2026-01-22T12:44:59+00:00","dateModified":"2026-02-03T19:06:25+00:00","description":"BeSafe Go Beyond\u00b2 autosjedalica s Active Lay Flat\u2122 tehnologijom za sigurno spavanje u le\u017ee\u0107em polo\u017eaju. Maksimalna za\u0161tita i udobnost do 18 mjeseci.","breadcrumb":{"@id":"https:\/\/najnaj.eu\/sl\/izdelek\/besafe-go-beyond-2-dark-grey-melange\/#breadcrumb"},"inLanguage":"sl-SI","potentialAction":[{"@type":"ReadAction","target":["https:\/\/najnaj.eu\/sl\/izdelek\/besafe-go-beyond-2-dark-grey-melange\/"]}]},{"@type":"ImageObject","inLanguage":"sl-SI","@id":"https:\/\/najnaj.eu\/sl\/izdelek\/besafe-go-beyond-2-dark-grey-melange\/#primaryimage","url":"https:\/\/najnaj.eu\/wp-content\/uploads\/2025\/10\/11043219_BeSafe_Go-Beyond2_Dark-Grey-Melange_Right_Extended-scaled.png","contentUrl":"https:\/\/najnaj.eu\/wp-content\/uploads\/2025\/10\/11043219_BeSafe_Go-Beyond2_Dark-Grey-Melange_Right_Extended-scaled.png","width":2560,"height":2560},{"@type":"BreadcrumbList","@id":"https:\/\/najnaj.eu\/sl\/izdelek\/besafe-go-beyond-2-dark-grey-melange\/#breadcrumb","itemListElement":[{"@type":"ListItem","position":1,"name":"Po\u010detna stranica","item":"https:\/\/najnaj.eu\/sl\/prednja-stran\/"},{"@type":"ListItem","position":2,"name":"Shop","item":"https:\/\/najnaj.eu\/sl\/shop\/"},{"@type":"ListItem","position":3,"name":"BeSafe Go Beyond\u00b2 Dark Grey M\u00e9lange"}]},{"@type":"WebSite","@id":"https:\/\/najnaj.eu\/sl\/#website","url":"https:\/\/najnaj.eu\/sl\/","name":"NajNaj.eu","description":"Za najva\u017enije!","publisher":{"@id":"https:\/\/najnaj.eu\/sl\/#organization"},"potentialAction":[{"@type":"SearchAction","target":{"@type":"EntryPoint","urlTemplate":"https:\/\/najnaj.eu\/sl\/?s={search_term_string}"},"query-input":{"@type":"PropertyValueSpecification","valueRequired":true,"valueName":"search_term_string"}}],"inLanguage":"sl-SI"},{"@type":"Organization","@id":"https:\/\/najnaj.eu\/sl\/#organization","name":"NajNaj.eu","url":"https:\/\/najnaj.eu\/sl\/","logo":{"@type":"ImageObject","inLanguage":"sl-SI","@id":"https:\/\/najnaj.eu\/sl\/#\/schema\/logo\/image\/","url":"https:\/\/najnaj.eu\/wp-content\/uploads\/2023\/09\/logo_Najnaj_2023.svg","contentUrl":"https:\/\/najnaj.eu\/wp-content\/uploads\/2023\/09\/logo_Najnaj_2023.svg","width":501,"height":278,"caption":"NajNaj.eu"},"image":{"@id":"https:\/\/najnaj.eu\/sl\/#\/schema\/logo\/image\/"},"sameAs":["https:\/\/web.facebook.com\/najnaj.eu\/","https:\/\/www.instagram.com\/najnaj.eu\/","https:\/\/www.tiktok.com\/@najnaj.eu"]}]},"product_brand":"BeSafe","product_price_amount":"429.00","product_price_currency":"EUR","og_availability":"instock","product_availability":"instock","product_retailer_item_id":"11043219-DarkGreyM-One Size-Std","product_condition":"new"},"_links":{"self":[{"href":"https:\/\/najnaj.eu\/sl\/wp-json\/wp\/v2\/product\/274619","targetHints":{"allow":["GET"]}}],"collection":[{"href":"https:\/\/najnaj.eu\/sl\/wp-json\/wp\/v2\/product"}],"about":[{"href":"https:\/\/najnaj.eu\/sl\/wp-json\/wp\/v2\/types\/product"}],"replies":[{"embeddable":true,"href":"https:\/\/najnaj.eu\/sl\/wp-json\/wp\/v2\/comments?post=274619"}],"version-history":[{"count":0,"href":"https:\/\/najnaj.eu\/sl\/wp-json\/wp\/v2\/product\/274619\/revisions"}],"wp:featuredmedia":[{"embeddable":true,"href":"https:\/\/najnaj.eu\/sl\/wp-json\/wp\/v2\/media\/286334"}],"wp:attachment":[{"href":"https:\/\/najnaj.eu\/sl\/wp-json\/wp\/v2\/media?parent=274619"}],"wp:term":[{"taxonomy":"product_brand","embeddable":true,"href":"https:\/\/najnaj.eu\/sl\/wp-json\/wp\/v2\/product_brand?post=274619"},{"taxonomy":"product_cat","embeddable":true,"href":"https:\/\/najnaj.eu\/sl\/wp-json\/wp\/v2\/product_cat?post=274619"},{"taxonomy":"product_tag","embeddable":true,"href":"https:\/\/najnaj.eu\/sl\/wp-json\/wp\/v2\/product_tag?post=274619"}],"curies":[{"name":"wp","href":"https:\/\/api.w.org\/{rel}","templated":true}]}}